{"id":3171,"date":"2020-07-16T17:43:58","date_gmt":"2020-07-16T14:43:58","guid":{"rendered":"https:\/\/xstyle.md\/product\/nabor-mebeli-pinguin-table-set"},"modified":"2026-03-19T16:32:45","modified_gmt":"2026-03-19T13:32:45","slug":"nabor-mebeli-pinguin-table-set","status":"publish","type":"product","link":"https:\/\/xstyle.md\/ro\/produs\/nabor-mebeli-pinguin-table-set\/","title":{"rendered":"Set mobil\u0103 Pinguin Table Set"},"content":{"rendered":"<\/p>\n<p><strong>Pinguin Table Set &#8212;<\/strong> acest set de mobilier confortabil \u0219i practic va asigura mese confortabile \u00een aer liber. Acesta include o mas\u0103 de picnic pliabil\u0103 \u0219i 4 scaune pliabile. Set de mobilier de picnic pliabil Mas\u0103 XL 120 + 4 scaune se pliaz\u0103 compact \u00eentr-o valiz\u0103 \u0219i nu ocup\u0103 mult spa\u021biu \u00een timpul transportului. Convenabil pentru picnicuri, pescuit, recreere, perfect pentru ambele \u00een mediul rural \u0219i \u00een aer liber. Masa compact\u0103 cu picioare pliabile poate rezista la o sarcin\u0103 de p\u00e2n\u0103 la 30 kg.<\/p>\n<h3>Particularit\u0103\u021bi<\/h3>\n<ul>\n<li>Confortabil \u0219i compact<\/li>\n<li>Se pliaz\u0103 \u00eentr-o valiz\u0103 de mas\u0103<\/li>\n<li>Robust \u0219i durabil<\/li>\n<li>Picioare pliabile<\/li>\n<li>Col\u021buri rotunjite<\/li>\n<\/ul>\n<h3>Caracteristici<\/h3>\n<ul>\n<li>Material textil &#8212; poliester cu laminare din polietilen\u0103;<\/li>\n<li>Material cadru &#8212; tuburi de aluminiu de 25 mm \u0219i 22 mm, finisaj mat;<\/li>\n<li>Dimensiunea mesei &#8212; 120 x 60 x 70 cm<\/li>\n<li>Dimensiuni scaun &#8212; 29 x 30 x 34 cm<\/li>\n<li>Sarcina maxim\u0103 a mesei &#8212; 30 kg<\/li>\n<li>Sarcina maxim\u0103 a scaunului &#8212; 100kg<\/li>\n<li>Greutate &#8212; 7.1kg<\/li>\n<\/ul>\n<h3>Marca<\/h3>\n<p>Pinguin este cea mai experimentat\u0103 companie ceh\u0103 produc\u0103toare de echipamente outdoor, primele produse fiind lansate pe pia\u021b\u0103 \u00een 1989. Echipamentul Pinguin a fost folosit de multe ori de alpini\u0219ti \u0219i c\u0103l\u0103tori celebri \u00een cucerirea celor mai \u00eenalte v\u00e2rfuri montane din lume.<\/p>\n<p>Compania a fost numit\u0103 dup\u0103 o pas\u0103re care tr\u0103ie\u0219te \u00een gerurile aspre din Antarctica, fiind specializat\u0103 \u00een echipamente de c\u0103l\u0103torie care vor oferi tuturor iubitorilor de activit\u0103\u021bi \u00een aer liber confort \u0219i c\u0103ldur\u0103 \u00een frigul iernii sau pe calota glaciar\u0103 a v\u00e2rfurilor montane.<\/p>\n<p><\/p>","protected":false},"excerpt":{"rendered":"<p>Set mobil\u0103 Pinguin Table Set<\/p>","protected":false},"featured_media":3167,"comment_status":"open","ping_status":"closed","template":"","meta":{"_acf_changed":false,"inline_featured_image":false},"product_brand":[1263],"product_cat":[119],"product_tag":[],"class_list":{"0":"post-3171","1":"product","2":"type-product","3":"status-publish","4":"has-post-thumbnail","6":"product_brand-pinguin","7":"product_cat-folding-tables","9":"first","10":"instock","11":"shipping-taxable","12":"purchasable","13":"product-type-simple"},"acf":[],"yoast_head":"<!-- This site is optimized with the Yoast SEO plugin v27.4 - https:\/\/yoast.com\/product\/yoast-seo-wordpress\/ -->\n<title>\u041d\u0430\u0431\u043e\u0440 \u043c\u0435\u0431\u0435\u043b\u0438 Pinguin Table Set - \u041c\u0430\u0433\u0430\u0437\u0438\u043d Xstyle<\/title>\n<meta name=\"description\" content=\"\u041d\u0430\u0431\u043e\u0440 \u043c\u0435\u0431\u0435\u043b\u0438 Pinguin Table Set: \u0441\u0442\u0438\u043b\u044c\u043d\u044b\u0439 \u0438 \u0443\u0434\u043e\u0431\u043d\u044b\u0439 \u043a\u043e\u043c\u043f\u043b\u0435\u043a\u0442 \u0434\u043b\u044f \u043f\u0438\u043a\u043d\u0438\u043a\u0430 \u0441 \u0440\u0430\u0441\u043a\u043b\u0430\u0434\u043d\u043e\u0439 \u0441\u0442\u043e\u043b\u043e\u043c \u0438 4 \u0441\u0442\u0443\u043b\u044c\u044f\u043c\u0438, \u043a\u043e\u043c\u043f\u0430\u043a\u0442\u043d\u043e \u0441\u043a\u043b\u0430\u0434\u044b\u0432\u0430\u044e\u0449\u0438\u0439\u0441\u044f \u0434\u043b\u044f \u043b\u0435\u0433\u043a\u043e\u0439 \u0442\u0440\u0430\u043d\u0441\u043f\u043e\u0440\u0442\u0438\u0440\u043e\u0432\u043a\u0438.\" \/>\n<meta name=\"robots\" content=\"index, follow, max-snippet:-1, max-image-preview:large, max-video-preview:-1\" \/>\n<link rel=\"canonical\" href=\"https:\/\/xstyle.md\/ro\/produs\/nabor-mebeli-pinguin-table-set\/\" \/>\n<meta property=\"og:locale\" content=\"ro_RO\" \/>\n<meta property=\"og:type\" content=\"article\" \/>\n<meta property=\"og:title\" content=\"\u041d\u0430\u0431\u043e\u0440 \u043c\u0435\u0431\u0435\u043b\u0438 Pinguin Table Set - \u041c\u0430\u0433\u0430\u0437\u0438\u043d Xstyle\" \/>\n<meta property=\"og:description\" content=\"\u041d\u0430\u0431\u043e\u0440 \u043c\u0435\u0431\u0435\u043b\u0438 Pinguin Table Set: \u0441\u0442\u0438\u043b\u044c\u043d\u044b\u0439 \u0438 \u0443\u0434\u043e\u0431\u043d\u044b\u0439 \u043a\u043e\u043c\u043f\u043b\u0435\u043a\u0442 \u0434\u043b\u044f \u043f\u0438\u043a\u043d\u0438\u043a\u0430 \u0441 \u0440\u0430\u0441\u043a\u043b\u0430\u0434\u043d\u043e\u0439 \u0441\u0442\u043e\u043b\u043e\u043c \u0438 4 \u0441\u0442\u0443\u043b\u044c\u044f\u043c\u0438, \u043a\u043e\u043c\u043f\u0430\u043a\u0442\u043d\u043e \u0441\u043a\u043b\u0430\u0434\u044b\u0432\u0430\u044e\u0449\u0438\u0439\u0441\u044f \u0434\u043b\u044f \u043b\u0435\u0433\u043a\u043e\u0439 \u0442\u0440\u0430\u043d\u0441\u043f\u043e\u0440\u0442\u0438\u0440\u043e\u0432\u043a\u0438.\" \/>\n<meta property=\"og:url\" content=\"https:\/\/xstyle.md\/ro\/produs\/nabor-mebeli-pinguin-table-set\/\" \/>\n<meta property=\"og:site_name\" content=\"\u041c\u0430\u0433\u0430\u0437\u0438\u043d Xstyle\" \/>\n<meta property=\"article:publisher\" content=\"https:\/\/www.facebook.com\/xstylemd\" \/>\n<meta property=\"article:modified_time\" content=\"2026-03-19T13:32:45+00:00\" \/>\n<meta property=\"og:image\" content=\"https:\/\/xstyle.md\/wp-content\/uploads\/2020\/07\/filename_940_l.jpg\" \/>\n\t<meta property=\"og:image:width\" content=\"1000\" \/>\n\t<meta property=\"og:image:height\" content=\"664\" \/>\n\t<meta property=\"og:image:type\" content=\"image\/jpeg\" \/>\n<meta name=\"twitter:card\" content=\"summary_large_image\" \/>\n<meta name=\"twitter:label1\" content=\"Pre\u021b\" \/>\n\t<meta name=\"twitter:data1\" content=\"2.590&nbsp;MDL\" \/>\n\t<meta name=\"twitter:label2\" content=\"Disponibilitate\" \/>\n\t<meta name=\"twitter:data2\" content=\"\u00cen stoc\" \/>\n<script type=\"application\/ld+json\" class=\"yoast-schema-graph\">{\"@context\":\"https:\\\/\\\/schema.org\",\"@graph\":[{\"@type\":\"WebPage\",\"@id\":\"https:\\\/\\\/xstyle.md\\\/product\\\/nabor-mebeli-pinguin-table-set\\\/\",\"url\":\"https:\\\/\\\/xstyle.md\\\/product\\\/nabor-mebeli-pinguin-table-set\\\/\",\"name\":\"\u041d\u0430\u0431\u043e\u0440 \u043c\u0435\u0431\u0435\u043b\u0438 Pinguin Table Set - \u041c\u0430\u0433\u0430\u0437\u0438\u043d Xstyle\",\"isPartOf\":{\"@id\":\"https:\\\/\\\/xstyle.md\\\/#website\"},\"primaryImageOfPage\":{\"@id\":\"https:\\\/\\\/xstyle.md\\\/product\\\/nabor-mebeli-pinguin-table-set\\\/#primaryimage\"},\"image\":{\"@id\":\"https:\\\/\\\/xstyle.md\\\/product\\\/nabor-mebeli-pinguin-table-set\\\/#primaryimage\"},\"thumbnailUrl\":\"https:\\\/\\\/xstyle.md\\\/wp-content\\\/uploads\\\/2020\\\/07\\\/filename_940_l.jpg\",\"datePublished\":\"2020-07-16T14:43:58+00:00\",\"dateModified\":\"2026-03-19T13:32:45+00:00\",\"description\":\"\u041d\u0430\u0431\u043e\u0440 \u043c\u0435\u0431\u0435\u043b\u0438 Pinguin Table Set: \u0441\u0442\u0438\u043b\u044c\u043d\u044b\u0439 \u0438 \u0443\u0434\u043e\u0431\u043d\u044b\u0439 \u043a\u043e\u043c\u043f\u043b\u0435\u043a\u0442 \u0434\u043b\u044f \u043f\u0438\u043a\u043d\u0438\u043a\u0430 \u0441 \u0440\u0430\u0441\u043a\u043b\u0430\u0434\u043d\u043e\u0439 \u0441\u0442\u043e\u043b\u043e\u043c \u0438 4 \u0441\u0442\u0443\u043b\u044c\u044f\u043c\u0438, \u043a\u043e\u043c\u043f\u0430\u043a\u0442\u043d\u043e \u0441\u043a\u043b\u0430\u0434\u044b\u0432\u0430\u044e\u0449\u0438\u0439\u0441\u044f \u0434\u043b\u044f \u043b\u0435\u0433\u043a\u043e\u0439 \u0442\u0440\u0430\u043d\u0441\u043f\u043e\u0440\u0442\u0438\u0440\u043e\u0432\u043a\u0438.\",\"breadcrumb\":{\"@id\":\"https:\\\/\\\/xstyle.md\\\/product\\\/nabor-mebeli-pinguin-table-set\\\/#breadcrumb\"},\"inLanguage\":\"ro-RO\",\"potentialAction\":[{\"@type\":\"ReadAction\",\"target\":[\"https:\\\/\\\/xstyle.md\\\/product\\\/nabor-mebeli-pinguin-table-set\\\/\"]}]},{\"@type\":\"ImageObject\",\"inLanguage\":\"ro-RO\",\"@id\":\"https:\\\/\\\/xstyle.md\\\/product\\\/nabor-mebeli-pinguin-table-set\\\/#primaryimage\",\"url\":\"https:\\\/\\\/xstyle.md\\\/wp-content\\\/uploads\\\/2020\\\/07\\\/filename_940_l.jpg\",\"contentUrl\":\"https:\\\/\\\/xstyle.md\\\/wp-content\\\/uploads\\\/2020\\\/07\\\/filename_940_l.jpg\",\"width\":1000,\"height\":664},{\"@type\":\"BreadcrumbList\",\"@id\":\"https:\\\/\\\/xstyle.md\\\/product\\\/nabor-mebeli-pinguin-table-set\\\/#breadcrumb\",\"itemListElement\":[{\"@type\":\"ListItem\",\"position\":1,\"name\":\"\u0413\u043b\u0430\u0432\u043d\u0430\u044f \u0441\u0442\u0440\u0430\u043d\u0438\u0446\u0430\",\"item\":\"https:\\\/\\\/xstyle.md\\\/\"},{\"@type\":\"ListItem\",\"position\":2,\"name\":\"\u041c\u0430\u0433\u0430\u0437\u0438\u043d\",\"item\":\"https:\\\/\\\/xstyle.md\\\/shop\\\/\"},{\"@type\":\"ListItem\",\"position\":3,\"name\":\"\u041d\u0430\u0431\u043e\u0440 \u043c\u0435\u0431\u0435\u043b\u0438 Pinguin Table Set\"}]},{\"@type\":\"WebSite\",\"@id\":\"https:\\\/\\\/xstyle.md\\\/#website\",\"url\":\"https:\\\/\\\/xstyle.md\\\/\",\"name\":\"\u041c\u0430\u0433\u0430\u0437\u0438\u043d Xstyle\",\"description\":\"C\u043d\u0430\u0440\u044f\u0436\u0435\u043d\u0438\u0435 \u0434\u043b\u044f \u0442\u0443\u0440\u0438\u0437\u043c\u0430 \u0438 \u044d\u043a\u0441\u0442\u0440\u0435\u043c\u0430\u043b\u044c\u043d\u044b\u0445 \u0432\u0438\u0434\u043e\u0432 \u0441\u043f\u043e\u0440\u0442\u0430 \u0432 \u041c\u043e\u043b\u0434\u043e\u0432\u0435.. \u0426\u0435\u043d\u044b, \u0444\u043e\u0442\u043e, \u0445\u0430\u0440\u0430\u043a\u0442\u0435\u0440\u0438\u0441\u0442\u0438\u043a\u0438 \u0432 \u041c\u043e\u043b\u0434\u043e\u0432\u0435.\",\"publisher\":{\"@id\":\"https:\\\/\\\/xstyle.md\\\/#organization\"},\"alternateName\":\"X-Style\",\"potentialAction\":[{\"@type\":\"SearchAction\",\"target\":{\"@type\":\"EntryPoint\",\"urlTemplate\":\"https:\\\/\\\/xstyle.md\\\/?s={search_term_string}\"},\"query-input\":{\"@type\":\"PropertyValueSpecification\",\"valueRequired\":true,\"valueName\":\"search_term_string\"}}],\"inLanguage\":\"ro-RO\"},{\"@type\":\"Organization\",\"@id\":\"https:\\\/\\\/xstyle.md\\\/#organization\",\"name\":\"\u041c\u0430\u0433\u0430\u0437\u0438\u043d Xstyle\",\"alternateName\":\"x-style\",\"url\":\"https:\\\/\\\/xstyle.md\\\/\",\"logo\":{\"@type\":\"ImageObject\",\"inLanguage\":\"ro-RO\",\"@id\":\"https:\\\/\\\/xstyle.md\\\/#\\\/schema\\\/logo\\\/image\\\/\",\"url\":\"https:\\\/\\\/xstyle.md\\\/wp-content\\\/uploads\\\/2020\\\/06\\\/logoicon.svg\",\"contentUrl\":\"https:\\\/\\\/xstyle.md\\\/wp-content\\\/uploads\\\/2020\\\/06\\\/logoicon.svg\",\"caption\":\"\u041c\u0430\u0433\u0430\u0437\u0438\u043d Xstyle\"},\"image\":{\"@id\":\"https:\\\/\\\/xstyle.md\\\/#\\\/schema\\\/logo\\\/image\\\/\"},\"sameAs\":[\"https:\\\/\\\/www.facebook.com\\\/xstylemd\",\"https:\\\/\\\/www.instagram.com\\\/xstyle_md\\\/\",\"https:\\\/\\\/t.me\\\/xstyle_outdoor\"],\"hasMerchantReturnPolicy\":{\"@type\":\"MerchantReturnPolicy\",\"merchantReturnLink\":\"https:\\\/\\\/xstyle.md\\\/ro\\\/conditions\\\/\"}}]}<\/script>\n<meta property=\"product:price:amount\" content=\"2590.00\" \/>\n<meta property=\"product:price:currency\" content=\"MDL\" \/>\n<meta property=\"og:availability\" content=\"instock\" \/>\n<meta property=\"product:availability\" content=\"instock\" \/>\n<meta property=\"product:retailer_item_id\" content=\"8592638621006\" \/>\n<meta property=\"product:condition\" content=\"new\" \/>\n<!-- \/ Yoast SEO plugin. -->","yoast_head_json":{"title":"Set mobil\u0103 Pinguin Table Set - Magazin Xstyle","description":"Set de mobilier Pinguin Table Set: un set stilat \u0219i confortabil pentru picnic, cu o mas\u0103 pliant\u0103 \u0219i 4 scaune, care se pliaz\u0103 compact pentru o transportare u\u0219oar\u0103.","robots":{"index":"index","follow":"follow","max-snippet":"max-snippet:-1","max-image-preview":"max-image-preview:large","max-video-preview":"max-video-preview:-1"},"canonical":"https:\/\/xstyle.md\/ro\/produs\/nabor-mebeli-pinguin-table-set\/","og_locale":"ro_RO","og_type":"article","og_title":"\u041d\u0430\u0431\u043e\u0440 \u043c\u0435\u0431\u0435\u043b\u0438 Pinguin Table Set - \u041c\u0430\u0433\u0430\u0437\u0438\u043d Xstyle","og_description":"\u041d\u0430\u0431\u043e\u0440 \u043c\u0435\u0431\u0435\u043b\u0438 Pinguin Table Set: \u0441\u0442\u0438\u043b\u044c\u043d\u044b\u0439 \u0438 \u0443\u0434\u043e\u0431\u043d\u044b\u0439 \u043a\u043e\u043c\u043f\u043b\u0435\u043a\u0442 \u0434\u043b\u044f \u043f\u0438\u043a\u043d\u0438\u043a\u0430 \u0441 \u0440\u0430\u0441\u043a\u043b\u0430\u0434\u043d\u043e\u0439 \u0441\u0442\u043e\u043b\u043e\u043c \u0438 4 \u0441\u0442\u0443\u043b\u044c\u044f\u043c\u0438, \u043a\u043e\u043c\u043f\u0430\u043a\u0442\u043d\u043e \u0441\u043a\u043b\u0430\u0434\u044b\u0432\u0430\u044e\u0449\u0438\u0439\u0441\u044f \u0434\u043b\u044f \u043b\u0435\u0433\u043a\u043e\u0439 \u0442\u0440\u0430\u043d\u0441\u043f\u043e\u0440\u0442\u0438\u0440\u043e\u0432\u043a\u0438.","og_url":"https:\/\/xstyle.md\/ro\/produs\/nabor-mebeli-pinguin-table-set\/","og_site_name":"\u041c\u0430\u0433\u0430\u0437\u0438\u043d Xstyle","article_publisher":"https:\/\/www.facebook.com\/xstylemd","article_modified_time":"2026-03-19T13:32:45+00:00","og_image":[{"width":1000,"height":664,"url":"https:\/\/xstyle.md\/wp-content\/uploads\/2020\/07\/filename_940_l.jpg","type":"image\/jpeg"}],"twitter_card":"summary_large_image","twitter_misc":{"Pre\u021b":"2.590&nbsp;MDL","Disponibilitate":"\u00cen stoc"},"schema":{"@context":"https:\/\/schema.org","@graph":[{"@type":"WebPage","@id":"https:\/\/xstyle.md\/product\/nabor-mebeli-pinguin-table-set\/","url":"https:\/\/xstyle.md\/product\/nabor-mebeli-pinguin-table-set\/","name":"Set mobil\u0103 Pinguin Table Set - Magazin Xstyle","isPartOf":{"@id":"https:\/\/xstyle.md\/#website"},"primaryImageOfPage":{"@id":"https:\/\/xstyle.md\/product\/nabor-mebeli-pinguin-table-set\/#primaryimage"},"image":{"@id":"https:\/\/xstyle.md\/product\/nabor-mebeli-pinguin-table-set\/#primaryimage"},"thumbnailUrl":"https:\/\/xstyle.md\/wp-content\/uploads\/2020\/07\/filename_940_l.jpg","datePublished":"2020-07-16T14:43:58+00:00","dateModified":"2026-03-19T13:32:45+00:00","description":"Set de mobilier Pinguin Table Set: un set stilat \u0219i confortabil pentru picnic, cu o mas\u0103 pliant\u0103 \u0219i 4 scaune, care se pliaz\u0103 compact pentru o transportare u\u0219oar\u0103.","breadcrumb":{"@id":"https:\/\/xstyle.md\/product\/nabor-mebeli-pinguin-table-set\/#breadcrumb"},"inLanguage":"ro-RO","potentialAction":[{"@type":"ReadAction","target":["https:\/\/xstyle.md\/product\/nabor-mebeli-pinguin-table-set\/"]}]},{"@type":"ImageObject","inLanguage":"ro-RO","@id":"https:\/\/xstyle.md\/product\/nabor-mebeli-pinguin-table-set\/#primaryimage","url":"https:\/\/xstyle.md\/wp-content\/uploads\/2020\/07\/filename_940_l.jpg","contentUrl":"https:\/\/xstyle.md\/wp-content\/uploads\/2020\/07\/filename_940_l.jpg","width":1000,"height":664},{"@type":"BreadcrumbList","@id":"https:\/\/xstyle.md\/product\/nabor-mebeli-pinguin-table-set\/#breadcrumb","itemListElement":[{"@type":"ListItem","position":1,"name":"\u0413\u043b\u0430\u0432\u043d\u0430\u044f \u0441\u0442\u0440\u0430\u043d\u0438\u0446\u0430","item":"https:\/\/xstyle.md\/"},{"@type":"ListItem","position":2,"name":"\u041c\u0430\u0433\u0430\u0437\u0438\u043d","item":"https:\/\/xstyle.md\/shop\/"},{"@type":"ListItem","position":3,"name":"\u041d\u0430\u0431\u043e\u0440 \u043c\u0435\u0431\u0435\u043b\u0438 Pinguin Table Set"}]},{"@type":"WebSite","@id":"https:\/\/xstyle.md\/#website","url":"https:\/\/xstyle.md\/","name":"Magazinul X-Style","description":"Echipamente pentru turism \u0219i sporturi extreme \u00een Moldova. Pre\u021buri, fotografii, caracteristici \u00een Moldova.","publisher":{"@id":"https:\/\/xstyle.md\/#organization"},"alternateName":"X-Style","potentialAction":[{"@type":"SearchAction","target":{"@type":"EntryPoint","urlTemplate":"https:\/\/xstyle.md\/?s={search_term_string}"},"query-input":{"@type":"PropertyValueSpecification","valueRequired":true,"valueName":"search_term_string"}}],"inLanguage":"ro-RO"},{"@type":"Organization","@id":"https:\/\/xstyle.md\/#organization","name":"Magazinul X-Style","alternateName":"x-style","url":"https:\/\/xstyle.md\/","logo":{"@type":"ImageObject","inLanguage":"ro-RO","@id":"https:\/\/xstyle.md\/#\/schema\/logo\/image\/","url":"https:\/\/xstyle.md\/wp-content\/uploads\/2020\/06\/logoicon.svg","contentUrl":"https:\/\/xstyle.md\/wp-content\/uploads\/2020\/06\/logoicon.svg","caption":"\u041c\u0430\u0433\u0430\u0437\u0438\u043d Xstyle"},"image":{"@id":"https:\/\/xstyle.md\/#\/schema\/logo\/image\/"},"sameAs":["https:\/\/www.facebook.com\/xstylemd","https:\/\/www.instagram.com\/xstyle_md\/","https:\/\/t.me\/xstyle_outdoor"],"hasMerchantReturnPolicy":{"@type":"MerchantReturnPolicy","merchantReturnLink":"https:\/\/xstyle.md\/ro\/conditions\/"}}]},"product_price_amount":"2590.00","product_price_currency":"MDL","og_availability":"instock","product_availability":"instock","product_retailer_item_id":"8592638621006","product_condition":"new"},"post_mailing_queue_ids":[],"_links":{"self":[{"href":"https:\/\/xstyle.md\/ro\/wp-json\/wp\/v2\/product\/3171","targetHints":{"allow":["GET"]}}],"collection":[{"href":"https:\/\/xstyle.md\/ro\/wp-json\/wp\/v2\/product"}],"about":[{"href":"https:\/\/xstyle.md\/ro\/wp-json\/wp\/v2\/types\/product"}],"replies":[{"embeddable":true,"href":"https:\/\/xstyle.md\/ro\/wp-json\/wp\/v2\/comments?post=3171"}],"wp:featuredmedia":[{"embeddable":true,"href":"https:\/\/xstyle.md\/ro\/wp-json\/wp\/v2\/media\/3167"}],"wp:attachment":[{"href":"https:\/\/xstyle.md\/ro\/wp-json\/wp\/v2\/media?parent=3171"}],"wp:term":[{"taxonomy":"product_brand","embeddable":true,"href":"https:\/\/xstyle.md\/ro\/wp-json\/wp\/v2\/product_brand?post=3171"},{"taxonomy":"product_cat","embeddable":true,"href":"https:\/\/xstyle.md\/ro\/wp-json\/wp\/v2\/product_cat?post=3171"},{"taxonomy":"product_tag","embeddable":true,"href":"https:\/\/xstyle.md\/ro\/wp-json\/wp\/v2\/product_tag?post=3171"}],"curies":[{"name":"wp","href":"https:\/\/api.w.org\/{rel}","templated":true}]}}