{"id":31567,"date":"2021-04-28T17:01:53","date_gmt":"2021-04-28T14:01:53","guid":{"rendered":"https:\/\/xstyle.md\/product\/shapka-viking-primaloft-viggo-205-19-1542-72\/"},"modified":"2026-03-19T16:42:51","modified_gmt":"2026-03-19T13:42:51","slug":"shapka-viking-primaloft-viggo-205-19-1542-72","status":"publish","type":"product","link":"https:\/\/dev.xstyle.md\/ro\/produs\/shapka-viking-primaloft-viggo-205-19-1542-72\/","title":{"rendered":"C\u0103ciul\u0103 Viking Primaloft Viggo 205\/19\/1542\/72"},"content":{"rendered":"<\/p>\n<p><strong>Viking Primaloft Viggo<\/strong> &#8212; c\u0103ciula cald\u0103 de iarn\u0103 din acrilic \u0219i l\u00e2n\u0103 v\u0103 va oferi cu siguran\u021b\u0103 c\u0103ldur\u0103 \u0219i confort \u00een timpul unei plimb\u0103ri lungi \u00een ora\u0219ul de iarn\u0103. Designul necomplicat, textura interesant\u0103, pomponul \u0219i monocromia sunt avantaje incontestabile ale acestei c\u0103ciuli. Croiala clasic\u0103 \u0219i culorile populare garanteaz\u0103 o asortare u\u0219oar\u0103 cu orice jachet\u0103. P\u0103l\u0103ria este neted\u0103, iar firul Primaloft este cald \u0219i pl\u0103cut la contactul cu scalpul.<\/p>\n<h3>Particularit\u0103\u021bi<\/h3>\n<ul>\n<li>Produsul are un design original<\/li>\n<li>T\u0103ietur\u0103 ergonomic\u0103<\/li>\n<li>Sunt folosite doar materiale de cea mai bun\u0103 calitate<\/li>\n<li>Asigur\u0103 un confort maxim<\/li>\n<li>Pompon care se asorteaz\u0103 cu culoarea p\u0103l\u0103riei.<\/li>\n<\/ul>\n<h3>Caracteristici<\/h3>\n<ul>\n<li>Material &#8212; acrilic, l\u00e2n\u0103<\/li>\n<li>Scop &#8212; urban, sporturi de iarn\u0103<\/li>\n<li>Model &#8212; unisex.<\/li>\n<\/ul>\n<h3>Marca<\/h3>\n<p>VIKING este o marc\u0103 polonez\u0103 de \u00eembr\u0103c\u0103minte sportiv\u0103 care opereaz\u0103 cu succes pe pia\u021ba polonez\u0103 de mul\u021bi ani \u0219i este distribuitor al m\u0103rcilor sportive globale. A fost \u00eenfiin\u021bat\u0103 \u00een 1996, la acea vreme fiind produse doar dou\u0103 categorii de produse: m\u0103nu\u0219i de schi \u0219i m\u0103nu\u0219i de snowboard. \u00cenc\u0103 de la \u00eenceput, au fost definite principiile care ghideaz\u0103 compania p\u00e2n\u0103 \u00een prezent: selectarea materialelor moderne, performan\u021b\u0103 de \u00eenalt\u0103 calitate, func\u021bionalitate, precum \u0219i conformitatea designului cu cele mai recente tendin\u021be ale modei sportive.<\/p>\n<p>Prestigiul m\u0103rcii a crescut propor\u021bional cu participarea sa pe pia\u021ba polonez\u0103 de accesorii sportive, r\u0103m\u00e2n\u00e2nd lider pentru o perioad\u0103 foarte lung\u0103 de timp. \u00cen plus, produsele Viking sunt disponibile \u00een Ucraina, Slovacia \u0219i Moldova, precum \u0219i \u00een Rusia, Spania, Fran\u021ba, Republica Ceh\u0103, Serbia \u0219i Germania. Viking \u00eembin\u0103 pasiunea, solu\u021biile tehnologice moderne \u0219i cele mai relevante, f\u0103r\u0103 nicio limit\u0103.<\/p>\n<p><\/p>","protected":false},"excerpt":{"rendered":"<p>C\u0103ciul\u0103 Viking Primaloft Viggo 205\/19\/1542\/72<\/p>","protected":false},"featured_media":31566,"comment_status":"open","ping_status":"closed","template":"","meta":{"_acf_changed":false,"inline_featured_image":false},"product_brand":[1314],"product_cat":[369],"product_tag":[],"class_list":{"0":"post-31567","1":"product","2":"type-product","3":"status-publish","4":"has-post-thumbnail","6":"product_brand-viking","7":"product_cat-shapki-viking","9":"first","10":"instock","11":"shipping-taxable","12":"purchasable","13":"product-type-simple"},"acf":[],"yoast_head":"<!-- This site is optimized with the Yoast SEO plugin v27.5 - https:\/\/yoast.com\/product\/yoast-seo-wordpress\/ -->\n<title>\u0428\u0430\u043f\u043a\u0430 Viking Primaloft Viggo 205\/19\/1542\/72 - \u041c\u0430\u0433\u0430\u0437\u0438\u043d Xstyle<\/title>\n<meta name=\"description\" content=\"\u0428\u0430\u043f\u043a\u0430 Viking Primaloft Viggo 205\/19\/1542\/72 - \u0441\u0442\u0438\u043b\u044c\u043d\u0430\u044f \u0438 \u0442\u0435\u043f\u043b\u0430\u044f \u0437\u0438\u043c\u043d\u044f\u044f \u0433\u043e\u043b\u043e\u0432\u043d\u0430\u044f \u0443\u0431\u043e\u0440\u043a\u0430 \u0438\u0437 \u0430\u043a\u0440\u0438\u043b\u0430 \u0438 \u0448\u0435\u0440\u0441\u0442\u0438. \u0418\u0434\u0435\u0430\u043b\u044c\u043d\u043e \u0441\u043e\u0447\u0435\u0442\u0430\u0435\u0442\u0441\u044f \u0441 \u043b\u044e\u0431\u043e\u0439 \u0437\u0438\u043c\u043d\u0435\u0439 \u043e\u0434\u0435\u0436\u0434\u043e\u0439!\" \/>\n<meta name=\"robots\" content=\"noindex, follow, max-snippet:-1, max-image-preview:large, max-video-preview:-1\" \/>\n<meta property=\"og:locale\" content=\"ro_RO\" \/>\n<meta property=\"og:type\" content=\"article\" \/>\n<meta property=\"og:title\" content=\"\u0428\u0430\u043f\u043a\u0430 Viking Primaloft Viggo 205\/19\/1542\/72 - \u041c\u0430\u0433\u0430\u0437\u0438\u043d Xstyle\" \/>\n<meta property=\"og:description\" content=\"\u0428\u0430\u043f\u043a\u0430 Viking Primaloft Viggo 205\/19\/1542\/72 - \u0441\u0442\u0438\u043b\u044c\u043d\u0430\u044f \u0438 \u0442\u0435\u043f\u043b\u0430\u044f \u0437\u0438\u043c\u043d\u044f\u044f \u0433\u043e\u043b\u043e\u0432\u043d\u0430\u044f \u0443\u0431\u043e\u0440\u043a\u0430 \u0438\u0437 \u0430\u043a\u0440\u0438\u043b\u0430 \u0438 \u0448\u0435\u0440\u0441\u0442\u0438. \u0418\u0434\u0435\u0430\u043b\u044c\u043d\u043e \u0441\u043e\u0447\u0435\u0442\u0430\u0435\u0442\u0441\u044f \u0441 \u043b\u044e\u0431\u043e\u0439 \u0437\u0438\u043c\u043d\u0435\u0439 \u043e\u0434\u0435\u0436\u0434\u043e\u0439!\" \/>\n<meta property=\"og:url\" content=\"https:\/\/dev.xstyle.md\/ro\/produs\/shapka-viking-primaloft-viggo-205-19-1542-72\/\" \/>\n<meta property=\"og:site_name\" content=\"\u041c\u0430\u0433\u0430\u0437\u0438\u043d Xstyle\" \/>\n<meta property=\"article:publisher\" content=\"https:\/\/www.facebook.com\/xstylemd\" \/>\n<meta property=\"article:modified_time\" content=\"2026-03-19T13:42:51+00:00\" \/>\n<meta property=\"og:image\" content=\"https:\/\/dev.xstyle.md\/wp-content\/uploads\/2021\/04\/viking_primaloft_viggo_1542-72.jpg\" \/>\n\t<meta property=\"og:image:width\" content=\"473\" \/>\n\t<meta property=\"og:image:height\" content=\"597\" \/>\n\t<meta property=\"og:image:type\" content=\"image\/jpeg\" \/>\n<meta name=\"twitter:card\" content=\"summary_large_image\" \/>\n<meta name=\"twitter:label1\" content=\"Pre\u021b\" \/>\n\t<meta name=\"twitter:data1\" content=\"695,00&nbsp;MDL\" \/>\n\t<meta name=\"twitter:label2\" content=\"Disponibilitate\" \/>\n\t<meta name=\"twitter:data2\" content=\"\u00cen stoc\" \/>\n<script type=\"application\/ld+json\" class=\"yoast-schema-graph\">{\"@context\":\"https:\\\/\\\/schema.org\",\"@graph\":[{\"@type\":\"WebPage\",\"@id\":\"https:\\\/\\\/dev.xstyle.md\\\/product\\\/shapka-viking-primaloft-viggo-205-19-1542-72\\\/\",\"url\":\"https:\\\/\\\/dev.xstyle.md\\\/product\\\/shapka-viking-primaloft-viggo-205-19-1542-72\\\/\",\"name\":\"\u0428\u0430\u043f\u043a\u0430 Viking Primaloft Viggo 205\\\/19\\\/1542\\\/72 - \u041c\u0430\u0433\u0430\u0437\u0438\u043d Xstyle\",\"isPartOf\":{\"@id\":\"https:\\\/\\\/dev.xstyle.md\\\/#website\"},\"primaryImageOfPage\":{\"@id\":\"https:\\\/\\\/dev.xstyle.md\\\/product\\\/shapka-viking-primaloft-viggo-205-19-1542-72\\\/#primaryimage\"},\"image\":{\"@id\":\"https:\\\/\\\/dev.xstyle.md\\\/product\\\/shapka-viking-primaloft-viggo-205-19-1542-72\\\/#primaryimage\"},\"thumbnailUrl\":\"https:\\\/\\\/dev.xstyle.md\\\/wp-content\\\/uploads\\\/2021\\\/04\\\/viking_primaloft_viggo_1542-72.jpg\",\"datePublished\":\"2021-04-28T14:01:53+00:00\",\"dateModified\":\"2026-03-19T13:42:51+00:00\",\"description\":\"\u0428\u0430\u043f\u043a\u0430 Viking Primaloft Viggo 205\\\/19\\\/1542\\\/72 - \u0441\u0442\u0438\u043b\u044c\u043d\u0430\u044f \u0438 \u0442\u0435\u043f\u043b\u0430\u044f \u0437\u0438\u043c\u043d\u044f\u044f \u0433\u043e\u043b\u043e\u0432\u043d\u0430\u044f \u0443\u0431\u043e\u0440\u043a\u0430 \u0438\u0437 \u0430\u043a\u0440\u0438\u043b\u0430 \u0438 \u0448\u0435\u0440\u0441\u0442\u0438. \u0418\u0434\u0435\u0430\u043b\u044c\u043d\u043e \u0441\u043e\u0447\u0435\u0442\u0430\u0435\u0442\u0441\u044f \u0441 \u043b\u044e\u0431\u043e\u0439 \u0437\u0438\u043c\u043d\u0435\u0439 \u043e\u0434\u0435\u0436\u0434\u043e\u0439!\",\"breadcrumb\":{\"@id\":\"https:\\\/\\\/dev.xstyle.md\\\/product\\\/shapka-viking-primaloft-viggo-205-19-1542-72\\\/#breadcrumb\"},\"inLanguage\":\"ro-RO\",\"potentialAction\":[{\"@type\":\"ReadAction\",\"target\":[\"https:\\\/\\\/dev.xstyle.md\\\/product\\\/shapka-viking-primaloft-viggo-205-19-1542-72\\\/\"]}]},{\"@type\":\"ImageObject\",\"inLanguage\":\"ro-RO\",\"@id\":\"https:\\\/\\\/dev.xstyle.md\\\/product\\\/shapka-viking-primaloft-viggo-205-19-1542-72\\\/#primaryimage\",\"url\":\"https:\\\/\\\/dev.xstyle.md\\\/wp-content\\\/uploads\\\/2021\\\/04\\\/viking_primaloft_viggo_1542-72.jpg\",\"contentUrl\":\"https:\\\/\\\/dev.xstyle.md\\\/wp-content\\\/uploads\\\/2021\\\/04\\\/viking_primaloft_viggo_1542-72.jpg\",\"width\":473,\"height\":597},{\"@type\":\"BreadcrumbList\",\"@id\":\"https:\\\/\\\/dev.xstyle.md\\\/product\\\/shapka-viking-primaloft-viggo-205-19-1542-72\\\/#breadcrumb\",\"itemListElement\":[{\"@type\":\"ListItem\",\"position\":1,\"name\":\"\u0413\u043b\u0430\u0432\u043d\u0430\u044f \u0441\u0442\u0440\u0430\u043d\u0438\u0446\u0430\",\"item\":\"https:\\\/\\\/dev.xstyle.md\\\/\"},{\"@type\":\"ListItem\",\"position\":2,\"name\":\"Shop\",\"item\":\"https:\\\/\\\/dev.xstyle.md\\\/shop\\\/\"},{\"@type\":\"ListItem\",\"position\":3,\"name\":\"\u0428\u0430\u043f\u043a\u0430 Viking Primaloft Viggo 205\\\/19\\\/1542\\\/72\"}]},{\"@type\":\"WebSite\",\"@id\":\"https:\\\/\\\/dev.xstyle.md\\\/#website\",\"url\":\"https:\\\/\\\/dev.xstyle.md\\\/\",\"name\":\"\u041c\u0430\u0433\u0430\u0437\u0438\u043d Xstyle\",\"description\":\"C\u043d\u0430\u0440\u044f\u0436\u0435\u043d\u0438\u0435 \u0434\u043b\u044f \u0442\u0443\u0440\u0438\u0437\u043c\u0430 \u0438 \u044d\u043a\u0441\u0442\u0440\u0435\u043c\u0430\u043b\u044c\u043d\u044b\u0445 \u0432\u0438\u0434\u043e\u0432 \u0441\u043f\u043e\u0440\u0442\u0430 \u0432 \u041c\u043e\u043b\u0434\u043e\u0432\u0435.. \u0426\u0435\u043d\u044b, \u0444\u043e\u0442\u043e, \u0445\u0430\u0440\u0430\u043a\u0442\u0435\u0440\u0438\u0441\u0442\u0438\u043a\u0438 \u0432 \u041c\u043e\u043b\u0434\u043e\u0432\u0435.\",\"publisher\":{\"@id\":\"https:\\\/\\\/dev.xstyle.md\\\/#organization\"},\"alternateName\":\"X-Style\",\"potentialAction\":[{\"@type\":\"SearchAction\",\"target\":{\"@type\":\"EntryPoint\",\"urlTemplate\":\"https:\\\/\\\/dev.xstyle.md\\\/?s={search_term_string}\"},\"query-input\":{\"@type\":\"PropertyValueSpecification\",\"valueRequired\":true,\"valueName\":\"search_term_string\"}}],\"inLanguage\":\"ro-RO\"},{\"@type\":\"Organization\",\"@id\":\"https:\\\/\\\/dev.xstyle.md\\\/#organization\",\"name\":\"\u041c\u0430\u0433\u0430\u0437\u0438\u043d Xstyle\",\"alternateName\":\"x-style\",\"url\":\"https:\\\/\\\/dev.xstyle.md\\\/\",\"logo\":{\"@type\":\"ImageObject\",\"inLanguage\":\"ro-RO\",\"@id\":\"https:\\\/\\\/dev.xstyle.md\\\/#\\\/schema\\\/logo\\\/image\\\/\",\"url\":\"https:\\\/\\\/dev.xstyle.md\\\/wp-content\\\/uploads\\\/2020\\\/06\\\/logoicon.svg\",\"contentUrl\":\"https:\\\/\\\/dev.xstyle.md\\\/wp-content\\\/uploads\\\/2020\\\/06\\\/logoicon.svg\",\"caption\":\"\u041c\u0430\u0433\u0430\u0437\u0438\u043d Xstyle\"},\"image\":{\"@id\":\"https:\\\/\\\/dev.xstyle.md\\\/#\\\/schema\\\/logo\\\/image\\\/\"},\"sameAs\":[\"https:\\\/\\\/www.facebook.com\\\/xstylemd\",\"https:\\\/\\\/www.instagram.com\\\/xstyle_md\\\/\",\"https:\\\/\\\/t.me\\\/xstyle_outdoor\"],\"hasMerchantReturnPolicy\":{\"@type\":\"MerchantReturnPolicy\",\"merchantReturnLink\":\"https:\\\/\\\/dev.xstyle.md\\\/ro\\\/conditions\\\/\"}}]}<\/script>\n<meta property=\"product:price:amount\" content=\"695.00\" \/>\n<meta property=\"product:price:currency\" content=\"MDL\" \/>\n<meta property=\"og:availability\" content=\"instock\" \/>\n<meta property=\"product:availability\" content=\"instock\" \/>\n<meta property=\"product:retailer_item_id\" content=\"5901115753797\" \/>\n<meta property=\"product:condition\" content=\"new\" \/>\n<!-- \/ Yoast SEO plugin. -->","yoast_head_json":{"title":"C\u0103ciul\u0103 Viking Primaloft Viggo 205\/19\/1542\/72 - Magazin Xstyle","description":"Caciula Viking Primaloft Viggo 205\/19\/1542\/72 - un accesoriu de iarn\u0103 stilat \u0219i c\u0103lduros, confec\u021bionat din acril \u0219i l\u00e2n\u0103. Se potrive\u0219te perfect cu orice \u00eembr\u0103c\u0103minte de iarn\u0103!","robots":{"index":"noindex","follow":"follow","max-snippet":"max-snippet:-1","max-image-preview":"max-image-preview:large","max-video-preview":"max-video-preview:-1"},"og_locale":"ro_RO","og_type":"article","og_title":"\u0428\u0430\u043f\u043a\u0430 Viking Primaloft Viggo 205\/19\/1542\/72 - \u041c\u0430\u0433\u0430\u0437\u0438\u043d Xstyle","og_description":"\u0428\u0430\u043f\u043a\u0430 Viking Primaloft Viggo 205\/19\/1542\/72 - \u0441\u0442\u0438\u043b\u044c\u043d\u0430\u044f \u0438 \u0442\u0435\u043f\u043b\u0430\u044f \u0437\u0438\u043c\u043d\u044f\u044f \u0433\u043e\u043b\u043e\u0432\u043d\u0430\u044f \u0443\u0431\u043e\u0440\u043a\u0430 \u0438\u0437 \u0430\u043a\u0440\u0438\u043b\u0430 \u0438 \u0448\u0435\u0440\u0441\u0442\u0438. \u0418\u0434\u0435\u0430\u043b\u044c\u043d\u043e \u0441\u043e\u0447\u0435\u0442\u0430\u0435\u0442\u0441\u044f \u0441 \u043b\u044e\u0431\u043e\u0439 \u0437\u0438\u043c\u043d\u0435\u0439 \u043e\u0434\u0435\u0436\u0434\u043e\u0439!","og_url":"https:\/\/dev.xstyle.md\/ro\/produs\/shapka-viking-primaloft-viggo-205-19-1542-72\/","og_site_name":"\u041c\u0430\u0433\u0430\u0437\u0438\u043d Xstyle","article_publisher":"https:\/\/www.facebook.com\/xstylemd","article_modified_time":"2026-03-19T13:42:51+00:00","og_image":[{"width":473,"height":597,"url":"https:\/\/dev.xstyle.md\/wp-content\/uploads\/2021\/04\/viking_primaloft_viggo_1542-72.jpg","type":"image\/jpeg"}],"twitter_card":"summary_large_image","twitter_misc":{"Pre\u021b":"695,00&nbsp;MDL","Disponibilitate":"\u00cen stoc"},"schema":{"@context":"https:\/\/schema.org","@graph":[{"@type":"WebPage","@id":"https:\/\/dev.xstyle.md\/product\/shapka-viking-primaloft-viggo-205-19-1542-72\/","url":"https:\/\/dev.xstyle.md\/product\/shapka-viking-primaloft-viggo-205-19-1542-72\/","name":"C\u0103ciul\u0103 Viking Primaloft Viggo 205\/19\/1542\/72 - Magazin Xstyle","isPartOf":{"@id":"https:\/\/dev.xstyle.md\/#website"},"primaryImageOfPage":{"@id":"https:\/\/dev.xstyle.md\/product\/shapka-viking-primaloft-viggo-205-19-1542-72\/#primaryimage"},"image":{"@id":"https:\/\/dev.xstyle.md\/product\/shapka-viking-primaloft-viggo-205-19-1542-72\/#primaryimage"},"thumbnailUrl":"https:\/\/dev.xstyle.md\/wp-content\/uploads\/2021\/04\/viking_primaloft_viggo_1542-72.jpg","datePublished":"2021-04-28T14:01:53+00:00","dateModified":"2026-03-19T13:42:51+00:00","description":"Caciula Viking Primaloft Viggo 205\/19\/1542\/72 - un accesoriu de iarn\u0103 stilat \u0219i c\u0103lduros, confec\u021bionat din acril \u0219i l\u00e2n\u0103. Se potrive\u0219te perfect cu orice \u00eembr\u0103c\u0103minte de iarn\u0103!","breadcrumb":{"@id":"https:\/\/dev.xstyle.md\/product\/shapka-viking-primaloft-viggo-205-19-1542-72\/#breadcrumb"},"inLanguage":"ro-RO","potentialAction":[{"@type":"ReadAction","target":["https:\/\/dev.xstyle.md\/product\/shapka-viking-primaloft-viggo-205-19-1542-72\/"]}]},{"@type":"ImageObject","inLanguage":"ro-RO","@id":"https:\/\/dev.xstyle.md\/product\/shapka-viking-primaloft-viggo-205-19-1542-72\/#primaryimage","url":"https:\/\/dev.xstyle.md\/wp-content\/uploads\/2021\/04\/viking_primaloft_viggo_1542-72.jpg","contentUrl":"https:\/\/dev.xstyle.md\/wp-content\/uploads\/2021\/04\/viking_primaloft_viggo_1542-72.jpg","width":473,"height":597},{"@type":"BreadcrumbList","@id":"https:\/\/dev.xstyle.md\/product\/shapka-viking-primaloft-viggo-205-19-1542-72\/#breadcrumb","itemListElement":[{"@type":"ListItem","position":1,"name":"\u0413\u043b\u0430\u0432\u043d\u0430\u044f \u0441\u0442\u0440\u0430\u043d\u0438\u0446\u0430","item":"https:\/\/dev.xstyle.md\/"},{"@type":"ListItem","position":2,"name":"Shop","item":"https:\/\/dev.xstyle.md\/shop\/"},{"@type":"ListItem","position":3,"name":"\u0428\u0430\u043f\u043a\u0430 Viking Primaloft Viggo 205\/19\/1542\/72"}]},{"@type":"WebSite","@id":"https:\/\/dev.xstyle.md\/#website","url":"https:\/\/dev.xstyle.md\/","name":"Magazinul X-Style","description":"Echipamente pentru turism \u0219i sporturi extreme \u00een Moldova. Pre\u021buri, fotografii, caracteristici \u00een Moldova.","publisher":{"@id":"https:\/\/dev.xstyle.md\/#organization"},"alternateName":"X-Style","potentialAction":[{"@type":"SearchAction","target":{"@type":"EntryPoint","urlTemplate":"https:\/\/dev.xstyle.md\/?s={search_term_string}"},"query-input":{"@type":"PropertyValueSpecification","valueRequired":true,"valueName":"search_term_string"}}],"inLanguage":"ro-RO"},{"@type":"Organization","@id":"https:\/\/dev.xstyle.md\/#organization","name":"Magazinul X-Style","alternateName":"x-style","url":"https:\/\/dev.xstyle.md\/","logo":{"@type":"ImageObject","inLanguage":"ro-RO","@id":"https:\/\/dev.xstyle.md\/#\/schema\/logo\/image\/","url":"https:\/\/dev.xstyle.md\/wp-content\/uploads\/2020\/06\/logoicon.svg","contentUrl":"https:\/\/dev.xstyle.md\/wp-content\/uploads\/2020\/06\/logoicon.svg","caption":"\u041c\u0430\u0433\u0430\u0437\u0438\u043d Xstyle"},"image":{"@id":"https:\/\/dev.xstyle.md\/#\/schema\/logo\/image\/"},"sameAs":["https:\/\/www.facebook.com\/xstylemd","https:\/\/www.instagram.com\/xstyle_md\/","https:\/\/t.me\/xstyle_outdoor"],"hasMerchantReturnPolicy":{"@type":"MerchantReturnPolicy","merchantReturnLink":"https:\/\/dev.xstyle.md\/ro\/conditions\/"}}]},"product_price_amount":"695.00","product_price_currency":"MDL","og_availability":"instock","product_availability":"instock","product_retailer_item_id":"5901115753797","product_condition":"new"},"post_mailing_queue_ids":[],"_links":{"self":[{"href":"https:\/\/dev.xstyle.md\/ro\/wp-json\/wp\/v2\/product\/31567","targetHints":{"allow":["GET"]}}],"collection":[{"href":"https:\/\/dev.xstyle.md\/ro\/wp-json\/wp\/v2\/product"}],"about":[{"href":"https:\/\/dev.xstyle.md\/ro\/wp-json\/wp\/v2\/types\/product"}],"replies":[{"embeddable":true,"href":"https:\/\/dev.xstyle.md\/ro\/wp-json\/wp\/v2\/comments?post=31567"}],"version-history":[{"count":0,"href":"https:\/\/dev.xstyle.md\/ro\/wp-json\/wp\/v2\/product\/31567\/revisions"}],"wp:featuredmedia":[{"embeddable":true,"href":"https:\/\/dev.xstyle.md\/ro\/wp-json\/wp\/v2\/media\/31566"}],"wp:attachment":[{"href":"https:\/\/dev.xstyle.md\/ro\/wp-json\/wp\/v2\/media?parent=31567"}],"wp:term":[{"taxonomy":"product_brand","embeddable":true,"href":"https:\/\/dev.xstyle.md\/ro\/wp-json\/wp\/v2\/product_brand?post=31567"},{"taxonomy":"product_cat","embeddable":true,"href":"https:\/\/dev.xstyle.md\/ro\/wp-json\/wp\/v2\/product_cat?post=31567"},{"taxonomy":"product_tag","embeddable":true,"href":"https:\/\/dev.xstyle.md\/ro\/wp-json\/wp\/v2\/product_tag?post=31567"}],"curies":[{"name":"wp","href":"https:\/\/api.w.org\/{rel}","templated":true}]}}