{"id":31460,"date":"2021-04-28T16:59:13","date_gmt":"2021-04-28T13:59:13","guid":{"rendered":"https:\/\/xstyle.md\/product\/fonar-varta-day-light-key-chain-1aaa\/"},"modified":"2026-02-18T17:19:36","modified_gmt":"2026-02-18T14:19:36","slug":"fonar-varta-day-light-key-chain-1aaa","status":"publish","type":"product","link":"https:\/\/xstyle.md\/ro\/produs\/fonar-varta-day-light-key-chain-1aaa\/","title":{"rendered":"Lantern\u0103 Varta Day Light Key Chain 1AAA"},"content":{"rendered":"<p><\/p>\n<p><strong>Varta Day Light Key Chain 1AAA<\/strong> &#8212; este o lantern\u0103-breloc compact\u0103 \u0219i de \u00eenalt\u0103 calitate. Dispune de o suprafa\u021b\u0103 texturat\u0103 pentru o prindere sigur\u0103 \u0219i confortabil\u0103. Carcasa robust\u0103 este fabricat\u0103 din trei componente (plastic ABS, aluminiu \u0219i cauciuc), ceea ce permite utilizarea acesteia nu doar \u00een interior, ci \u0219i \u00een exterior. Datorit\u0103 tehnologiei LED, lanterna are un consum redus de energie, oferind o autonomie de p\u00e2n\u0103 la 6,5 ore. Alimentarea se face cu o singur\u0103 baterie tip AAA, care este foarte u\u0219or de \u00eenlocuit.<\/p>\n<h3>Particularit\u0103\u021bi<\/h3>\n<ul>\n<li>Carcas\u0103 rezistent\u0103 la \u0219ocuri &#8212; construit\u0103 din 3 componente (aluminiu, cauciuc \u0219i plastic ABS)<\/li>\n<li>Poate fi ata\u0219at\u0103 cu u\u0219urin\u021b\u0103 la leg\u0103tura de chei<\/li>\n<li>Accesorii incluse &#8212; inel pentru chei inclus \u00een pachet<\/li>\n<\/ul>\n<h3>Caracteristici<\/h3>\n<ul>\n<li>Tip baterie \u2013 1 \u0445 AAA (Longlife Power)<\/li>\n<li>Flux luminos \u2013 12 lumeni<\/li>\n<li>Distan\u021ba de iluminare \u2013 22 m<\/li>\n<li>Durat\u0103 de func\u021bionare \u2013 6,5 ore<\/li>\n<li>Dimensiuni \u2013 94 \u0445 26,5 mm<\/li>\n<li>Greutate \u2013 37,2 g<\/li>\n<\/ul>\n<p><\/p>\n<h3>Marca<\/h3>\n<p>VARTA &#8212; \u043d\u0435\u043c\u0435\u0446\u043a\u0438\u0439 \u0431\u0440\u0435\u043d\u0434, \u043a\u043e\u0442\u043e\u0440\u044b\u0439 \u044f\u0432\u043b\u044f\u0435\u0442\u0441\u044f \u043e\u0434\u043d\u0438\u043c \u0438\u0437 \u0441\u0430\u043c\u044b\u0445 \u043a\u0440\u0443\u043f\u043d\u044b\u0445 \u043f\u0440\u043e\u0438\u0437\u0432\u043e\u0434\u0438\u0442\u0435\u043b\u0435\u0439 \u043f\u0435\u0440\u0432\u0438\u0447\u043d\u044b\u0445 \u044d\u043b\u0435\u043c\u0435\u043d\u0442\u043e\u0432 \u043f\u0438\u0442\u0430\u043d\u0438\u044f, \u0430\u043a\u043a\u0443\u043c\u0443\u043b\u044f\u0442\u043e\u0440\u043d\u044b\u0445 \u0431\u0430\u0442\u0430\u0440\u0435\u0435\u043a \u0438 \u0437\u0430\u0440\u044f\u0434\u043d\u044b\u0445 \u0443\u0441\u0442\u0440\u043e\u0439\u0441\u0442\u0432, \u043f\u043e\u0440\u0442\u0430\u0442\u0438\u0432\u043d\u044b\u0445 \u0438\u0441\u0442\u043e\u0447\u043d\u0438\u043a\u043e\u0432 \u043f\u0438\u0442\u0430\u043d\u0438\u044f, \u0434\u0438\u0441\u043a\u043e\u0432\u044b\u0445 \u0431\u0430\u0442\u0430\u0440\u0435\u0435\u043a, \u0444\u043e\u043d\u0430\u0440\u0435\u0439 \u0438 \u043b\u0430\u043c\u043f. \u041e\u0441\u043d\u043e\u0432\u0430\u043b \u043a\u043e\u043c\u043f\u0430\u043d\u0438\u044e \u0410\u0434\u043e\u043b\u044c\u0444 \u041c\u044e\u043b\u043b\u0435\u0440 \u0432 1887 \u0433., \u043a\u043e\u0433\u0434\u0430 \u0434\u0443\u0445 \u0438\u0437\u043e\u0431\u0440\u0435\u0442\u0430\u0442\u0435\u043b\u044c\u0441\u0442\u0432\u0430 \u0432\u0438\u0442\u0430\u043b \u0430\u0431\u0441\u043e\u043b\u044e\u0442\u043d\u043e \u0432\u0435\u0437\u0434\u0435. \u0421\u0430\u043c\u044b\u043c\u0438 \u0432\u0430\u0436\u043d\u044b\u043c\u0438 \u0438\u0437\u043e\u0431\u0440\u0435\u0442\u0435\u043d\u0438\u044f\u043c\u0438 \u043a\u043e\u043c\u043f\u0430\u043d\u0438\u0438 \u0441\u0447\u0438\u0442\u0430\u044e\u0442\u0441\u044f \u0441\u0432\u0438\u043d\u0446\u043e\u0432\u043e-\u043a\u0438\u0441\u043b\u043e\u0442\u043d\u044b\u0435 \u0430\u043a\u043a\u0443\u043c\u0443\u043b\u044f\u0442\u043e\u0440\u044b \u0434\u043b\u044f \u0430\u0432\u0442\u043e\u043c\u043e\u0431\u0438\u043b\u0435\u0439, \u043f\u0435\u0440\u0432\u0430\u044f \u0441\u0443\u0445\u0430\u044f \u0431\u0430\u0442\u0430\u0440\u0435\u0439\u043a\u0430 \u0432 \u043c\u0438\u0440\u0435, \u0430 \u0442\u0430\u043a \u0436\u0435 &#171;\u0442\u0430\u0431\u043b\u0435\u0442\u043a\u0438&#187; \u0438\u043b\u0438 \u043a\u0430\u043a \u0438\u0445 \u0435\u0449\u0435 \u043d\u0430\u0437\u044b\u0432\u0430\u044e\u0442 &#171;\u0447\u0430\u0441\u043e\u0432\u044b\u0435 \u0431\u0430\u0442\u0430\u0440\u0435\u0439\u043a\u0438&#187;.<\/p>\n<p>\u0417\u0430 \u0432\u0441\u044e \u0441\u0432\u043e\u044e \u0434\u043e\u043b\u0433\u0443\u044e \u0438\u0441\u0442\u043e\u0440\u0438\u044e VARTA \u0443\u0441\u043f\u0435\u0448\u043d\u043e \u0438 \u0431\u0435\u0437 \u0437\u0430\u043c\u0435\u0434\u043b\u0435\u043d\u0438\u0439 \u0440\u0435\u0430\u0433\u0438\u0440\u043e\u0432\u0430\u043b\u0430 \u043d\u0430 \u0440\u0430\u0441\u0442\u0443\u0449\u0438\u0435 \u043f\u043e\u0442\u0440\u0435\u0431\u043d\u043e\u0441\u0442\u0438 \u0432 \u0430\u0432\u0442\u043e\u043c\u043e\u0431\u0438\u043b\u0435\u0441\u0442\u0440\u043e\u0435\u043d\u0438\u0438, \u0441\u043e\u0437\u0434\u0430\u0432\u0430\u044f \u0432\u0441\u0435 \u043d\u043e\u0432\u044b\u0435 \u043c\u043e\u0449\u043d\u044b\u0435 \u0431\u0430\u0442\u0430\u0440\u0435\u0438, \u043a\u043e\u0442\u043e\u0440\u044b\u0435 \u043f\u043e\u0440\u0430\u0436\u0430\u043b\u0438 \u0441\u0432\u043e\u0435\u0439 \u0442\u0435\u0445\u043d\u043e\u043b\u043e\u0433\u0438\u0447\u043d\u043e\u0441\u0442\u044c\u044e, \u044d\u0444\u0444\u0435\u043a\u0442\u0438\u0432\u043d\u043e\u0441\u0442\u044c\u044e \u0438, \u0432 \u0442\u043e \u0436\u0435 \u0432\u0440\u0435\u043c\u044f, \u043f\u0440\u043e\u0441\u0442\u043e\u0442\u043e\u0439. \u0418\u0441\u0442\u043e\u0440\u0438\u0447\u0435\u0441\u043a\u0438 \u0437\u043d\u0430\u0447\u0438\u043c\u044b\u043c \u0441\u043e\u0431\u044b\u0442\u0438\u0435\u043c \u0434\u043b\u044f \u043a\u043e\u043c\u043f\u0430\u043d\u0438\u0438 \u043c\u043e\u0436\u043d\u043e \u0441\u0447\u0438\u0442\u0430\u0442\u044c \u0438\u0441\u043f\u043e\u043b\u044c\u0437\u043e\u0432\u0430\u043d\u0438\u0435 \u0438\u0445 \u0431\u0430\u0442\u0430\u0440\u0435\u0438 \u0441\u043f\u0435\u0446\u0438\u0430\u043b\u0438\u0441\u0442\u0430\u043c\u0438 \u041d\u0410\u0421\u0410, \u043a\u043e\u0442\u043e\u0440\u043e\u0439 \u043e\u043d\u0438 \u043e\u0431\u043e\u0440\u0443\u0434\u043e\u0432\u0430\u043b\u0438 \u043a\u0430\u043c\u0435\u0440\u0443 \u041d\u0438\u043b\u0430 \u0410\u0440\u043c\u0441\u0442\u0440\u043e\u043d\u0433\u0430 \u0434\u043b\u044f \u043e\u0431\u0435\u0441\u043f\u0435\u0447\u0435\u043d\u0438\u044f \u0432\u044b\u0441\u043e\u043a\u043e\u0439 \u043d\u0430\u0434\u0435\u0436\u043d\u043e\u0441\u0442\u0438. \u0410\u043a\u043a\u0443\u043c\u0443\u043b\u044f\u0442\u043e\u0440\u044b VARTA \u043f\u0440\u0435\u0434\u043b\u0430\u0433\u0430\u044e\u0442 \u0443\u0441\u043e\u0432\u0435\u0440\u0448\u0435\u043d\u0441\u0442\u0432\u043e\u0432\u0430\u043d\u043d\u044b\u0435 \u0442\u0435\u0445\u043d\u043e\u043b\u043e\u0433\u0438\u0438, \u043c\u043e\u0449\u043d\u043e\u0435 \u043f\u0438\u0442\u0430\u043d\u0438\u0435 \u0438 \u0438\u0441\u043a\u043b\u044e\u0447\u0438\u0442\u0435\u043b\u044c\u043d\u043e\u0435 \u043e\u0431\u0441\u043b\u0443\u0436\u0438\u0432\u0430\u043d\u0438\u0435 \u0432\u043e \u0432\u0441\u0435\u043c \u043c\u0438\u0440\u0435 \u0443\u0436\u0435 \u0431\u043e\u043b\u0435\u0435 130 \u043b\u0435\u0442.<\/p>","protected":false},"excerpt":{"rendered":"<p>Lantern\u0103 Varta Day Light Key Chain 1AAA<\/p>","protected":false},"featured_media":31458,"comment_status":"open","ping_status":"closed","template":"","meta":{"_acf_changed":false,"inline_featured_image":false},"product_brand":[1337],"product_cat":[462,218],"product_tag":[],"class_list":{"0":"post-31460","1":"product","2":"type-product","3":"status-publish","4":"has-post-thumbnail","6":"product_brand-varta","7":"product_cat-lumini-de-mana","8":"product_cat-whistles-flashlights","10":"first","11":"instock","12":"shipping-taxable","13":"purchasable","14":"product-type-simple"},"acf":[],"yoast_head":"<!-- This site is optimized with the Yoast SEO plugin v27.4 - https:\/\/yoast.com\/product\/yoast-seo-wordpress\/ -->\n<title>\u0424\u043e\u043d\u0430\u0440\u044c Varta Day Light Key Chain 1AAA - \u041c\u0430\u0433\u0430\u0437\u0438\u043d Xstyle<\/title>\n<meta name=\"description\" content=\"\u041a\u0443\u043f\u0438\u0442\u044c \u043a\u043e\u043c\u043f\u0430\u043a\u0442\u043d\u044b\u0439 \u0444\u043e\u043d\u0430\u0440\u044c Varta Day Light Key Chain 1AAA - \u043d\u0430\u0434\u0435\u0436\u043d\u044b\u0439 \u0438 \u044f\u0440\u043a\u0438\u0439 \u0430\u043a\u0441\u0435\u0441\u0441\u0443\u0430\u0440 \u0441 \u043a\u0430\u0447\u0435\u0441\u0442\u0432\u043e\u043c \u043e\u0442 VARTA. \u0418\u0434\u0435\u0430\u043b\u0435\u043d \u0434\u043b\u044f \u0438\u0441\u043f\u043e\u043b\u044c\u0437\u043e\u0432\u0430\u043d\u0438\u044f \u0432 \u043b\u044e\u0431\u044b\u0445 \u0441\u0438\u0442\u0443\u0430\u0446\u0438\u044f\u0445!\" \/>\n<meta name=\"robots\" content=\"index, follow, max-snippet:-1, max-image-preview:large, max-video-preview:-1\" \/>\n<link rel=\"canonical\" href=\"https:\/\/xstyle.md\/ro\/produs\/fonar-varta-day-light-key-chain-1aaa\/\" \/>\n<meta property=\"og:locale\" content=\"ro_RO\" \/>\n<meta property=\"og:type\" content=\"article\" \/>\n<meta property=\"og:title\" content=\"\u0424\u043e\u043d\u0430\u0440\u044c Varta Day Light Key Chain 1AAA - \u041c\u0430\u0433\u0430\u0437\u0438\u043d Xstyle\" \/>\n<meta property=\"og:description\" content=\"\u041a\u0443\u043f\u0438\u0442\u044c \u043a\u043e\u043c\u043f\u0430\u043a\u0442\u043d\u044b\u0439 \u0444\u043e\u043d\u0430\u0440\u044c Varta Day Light Key Chain 1AAA - \u043d\u0430\u0434\u0435\u0436\u043d\u044b\u0439 \u0438 \u044f\u0440\u043a\u0438\u0439 \u0430\u043a\u0441\u0435\u0441\u0441\u0443\u0430\u0440 \u0441 \u043a\u0430\u0447\u0435\u0441\u0442\u0432\u043e\u043c \u043e\u0442 VARTA. \u0418\u0434\u0435\u0430\u043b\u0435\u043d \u0434\u043b\u044f \u0438\u0441\u043f\u043e\u043b\u044c\u0437\u043e\u0432\u0430\u043d\u0438\u044f \u0432 \u043b\u044e\u0431\u044b\u0445 \u0441\u0438\u0442\u0443\u0430\u0446\u0438\u044f\u0445!\" \/>\n<meta property=\"og:url\" content=\"https:\/\/xstyle.md\/ro\/produs\/fonar-varta-day-light-key-chain-1aaa\/\" \/>\n<meta property=\"og:site_name\" content=\"\u041c\u0430\u0433\u0430\u0437\u0438\u043d Xstyle\" \/>\n<meta property=\"article:publisher\" content=\"https:\/\/www.facebook.com\/xstylemd\" \/>\n<meta property=\"article:modified_time\" content=\"2026-02-18T14:19:36+00:00\" \/>\n<meta property=\"og:image\" content=\"https:\/\/xstyle.md\/wp-content\/uploads\/2021\/04\/varta_day_light_key_chain_1aaa.jpg\" \/>\n\t<meta property=\"og:image:width\" content=\"1000\" \/>\n\t<meta property=\"og:image:height\" content=\"1000\" \/>\n\t<meta property=\"og:image:type\" content=\"image\/jpeg\" \/>\n<meta name=\"twitter:card\" content=\"summary_large_image\" \/>\n<meta name=\"twitter:label1\" content=\"Pre\u021b\" \/>\n\t<meta name=\"twitter:data1\" content=\"99&nbsp;MDL\" \/>\n\t<meta name=\"twitter:label2\" content=\"Disponibilitate\" \/>\n\t<meta name=\"twitter:data2\" content=\"\u00cen stoc\" \/>\n<script type=\"application\/ld+json\" class=\"yoast-schema-graph\">{\"@context\":\"https:\\\/\\\/schema.org\",\"@graph\":[{\"@type\":\"WebPage\",\"@id\":\"https:\\\/\\\/xstyle.md\\\/product\\\/fonar-varta-day-light-key-chain-1aaa\\\/\",\"url\":\"https:\\\/\\\/xstyle.md\\\/product\\\/fonar-varta-day-light-key-chain-1aaa\\\/\",\"name\":\"\u0424\u043e\u043d\u0430\u0440\u044c Varta Day Light Key Chain 1AAA - \u041c\u0430\u0433\u0430\u0437\u0438\u043d Xstyle\",\"isPartOf\":{\"@id\":\"https:\\\/\\\/xstyle.md\\\/#website\"},\"primaryImageOfPage\":{\"@id\":\"https:\\\/\\\/xstyle.md\\\/product\\\/fonar-varta-day-light-key-chain-1aaa\\\/#primaryimage\"},\"image\":{\"@id\":\"https:\\\/\\\/xstyle.md\\\/product\\\/fonar-varta-day-light-key-chain-1aaa\\\/#primaryimage\"},\"thumbnailUrl\":\"https:\\\/\\\/xstyle.md\\\/wp-content\\\/uploads\\\/2021\\\/04\\\/varta_day_light_key_chain_1aaa.jpg\",\"datePublished\":\"2021-04-28T13:59:13+00:00\",\"dateModified\":\"2026-02-18T14:19:36+00:00\",\"description\":\"\u041a\u0443\u043f\u0438\u0442\u044c \u043a\u043e\u043c\u043f\u0430\u043a\u0442\u043d\u044b\u0439 \u0444\u043e\u043d\u0430\u0440\u044c Varta Day Light Key Chain 1AAA - \u043d\u0430\u0434\u0435\u0436\u043d\u044b\u0439 \u0438 \u044f\u0440\u043a\u0438\u0439 \u0430\u043a\u0441\u0435\u0441\u0441\u0443\u0430\u0440 \u0441 \u043a\u0430\u0447\u0435\u0441\u0442\u0432\u043e\u043c \u043e\u0442 VARTA. \u0418\u0434\u0435\u0430\u043b\u0435\u043d \u0434\u043b\u044f \u0438\u0441\u043f\u043e\u043b\u044c\u0437\u043e\u0432\u0430\u043d\u0438\u044f \u0432 \u043b\u044e\u0431\u044b\u0445 \u0441\u0438\u0442\u0443\u0430\u0446\u0438\u044f\u0445!\",\"breadcrumb\":{\"@id\":\"https:\\\/\\\/xstyle.md\\\/product\\\/fonar-varta-day-light-key-chain-1aaa\\\/#breadcrumb\"},\"inLanguage\":\"ro-RO\",\"potentialAction\":[{\"@type\":\"ReadAction\",\"target\":[\"https:\\\/\\\/xstyle.md\\\/product\\\/fonar-varta-day-light-key-chain-1aaa\\\/\"]}]},{\"@type\":\"ImageObject\",\"inLanguage\":\"ro-RO\",\"@id\":\"https:\\\/\\\/xstyle.md\\\/product\\\/fonar-varta-day-light-key-chain-1aaa\\\/#primaryimage\",\"url\":\"https:\\\/\\\/xstyle.md\\\/wp-content\\\/uploads\\\/2021\\\/04\\\/varta_day_light_key_chain_1aaa.jpg\",\"contentUrl\":\"https:\\\/\\\/xstyle.md\\\/wp-content\\\/uploads\\\/2021\\\/04\\\/varta_day_light_key_chain_1aaa.jpg\",\"width\":1000,\"height\":1000},{\"@type\":\"BreadcrumbList\",\"@id\":\"https:\\\/\\\/xstyle.md\\\/product\\\/fonar-varta-day-light-key-chain-1aaa\\\/#breadcrumb\",\"itemListElement\":[{\"@type\":\"ListItem\",\"position\":1,\"name\":\"\u0413\u043b\u0430\u0432\u043d\u0430\u044f \u0441\u0442\u0440\u0430\u043d\u0438\u0446\u0430\",\"item\":\"https:\\\/\\\/xstyle.md\\\/\"},{\"@type\":\"ListItem\",\"position\":2,\"name\":\"\u041c\u0430\u0433\u0430\u0437\u0438\u043d\",\"item\":\"https:\\\/\\\/xstyle.md\\\/shop\\\/\"},{\"@type\":\"ListItem\",\"position\":3,\"name\":\"\u0424\u043e\u043d\u0430\u0440\u044c Varta Day Light Key Chain 1AAA\"}]},{\"@type\":\"WebSite\",\"@id\":\"https:\\\/\\\/xstyle.md\\\/#website\",\"url\":\"https:\\\/\\\/xstyle.md\\\/\",\"name\":\"\u041c\u0430\u0433\u0430\u0437\u0438\u043d Xstyle\",\"description\":\"C\u043d\u0430\u0440\u044f\u0436\u0435\u043d\u0438\u0435 \u0434\u043b\u044f \u0442\u0443\u0440\u0438\u0437\u043c\u0430 \u0438 \u044d\u043a\u0441\u0442\u0440\u0435\u043c\u0430\u043b\u044c\u043d\u044b\u0445 \u0432\u0438\u0434\u043e\u0432 \u0441\u043f\u043e\u0440\u0442\u0430 \u0432 \u041c\u043e\u043b\u0434\u043e\u0432\u0435.. \u0426\u0435\u043d\u044b, \u0444\u043e\u0442\u043e, \u0445\u0430\u0440\u0430\u043a\u0442\u0435\u0440\u0438\u0441\u0442\u0438\u043a\u0438 \u0432 \u041c\u043e\u043b\u0434\u043e\u0432\u0435.\",\"publisher\":{\"@id\":\"https:\\\/\\\/xstyle.md\\\/#organization\"},\"alternateName\":\"X-Style\",\"potentialAction\":[{\"@type\":\"SearchAction\",\"target\":{\"@type\":\"EntryPoint\",\"urlTemplate\":\"https:\\\/\\\/xstyle.md\\\/?s={search_term_string}\"},\"query-input\":{\"@type\":\"PropertyValueSpecification\",\"valueRequired\":true,\"valueName\":\"search_term_string\"}}],\"inLanguage\":\"ro-RO\"},{\"@type\":\"Organization\",\"@id\":\"https:\\\/\\\/xstyle.md\\\/#organization\",\"name\":\"\u041c\u0430\u0433\u0430\u0437\u0438\u043d Xstyle\",\"alternateName\":\"x-style\",\"url\":\"https:\\\/\\\/xstyle.md\\\/\",\"logo\":{\"@type\":\"ImageObject\",\"inLanguage\":\"ro-RO\",\"@id\":\"https:\\\/\\\/xstyle.md\\\/#\\\/schema\\\/logo\\\/image\\\/\",\"url\":\"https:\\\/\\\/xstyle.md\\\/wp-content\\\/uploads\\\/2020\\\/06\\\/logoicon.svg\",\"contentUrl\":\"https:\\\/\\\/xstyle.md\\\/wp-content\\\/uploads\\\/2020\\\/06\\\/logoicon.svg\",\"caption\":\"\u041c\u0430\u0433\u0430\u0437\u0438\u043d Xstyle\"},\"image\":{\"@id\":\"https:\\\/\\\/xstyle.md\\\/#\\\/schema\\\/logo\\\/image\\\/\"},\"sameAs\":[\"https:\\\/\\\/www.facebook.com\\\/xstylemd\",\"https:\\\/\\\/www.instagram.com\\\/xstyle_md\\\/\",\"https:\\\/\\\/t.me\\\/xstyle_outdoor\"],\"hasMerchantReturnPolicy\":{\"@type\":\"MerchantReturnPolicy\",\"merchantReturnLink\":\"https:\\\/\\\/xstyle.md\\\/ro\\\/conditions\\\/\"}}]}<\/script>\n<meta property=\"product:price:amount\" content=\"99.00\" \/>\n<meta property=\"product:price:currency\" content=\"MDL\" \/>\n<meta property=\"og:availability\" content=\"instock\" \/>\n<meta property=\"product:availability\" content=\"instock\" \/>\n<meta property=\"product:retailer_item_id\" content=\"4008496987467\" \/>\n<meta property=\"product:condition\" content=\"new\" \/>\n<!-- \/ Yoast SEO plugin. -->","yoast_head_json":{"title":"\u0424\u043e\u043d\u0430\u0440\u044c Varta Day Light Key Chain 1AAA - \u041c\u0430\u0433\u0430\u0437\u0438\u043d Xstyle","description":"Cump\u0103r\u0103 lanterna compact\u0103 Varta Day Light Key Chain 1AAA - un accesoriu fiabil \u0219i luminos cu calitate de la VARTA. Ideal pentru utilizare \u00een orice situa\u021bie!","robots":{"index":"index","follow":"follow","max-snippet":"max-snippet:-1","max-image-preview":"max-image-preview:large","max-video-preview":"max-video-preview:-1"},"canonical":"https:\/\/xstyle.md\/ro\/produs\/fonar-varta-day-light-key-chain-1aaa\/","og_locale":"ro_RO","og_type":"article","og_title":"\u0424\u043e\u043d\u0430\u0440\u044c Varta Day Light Key Chain 1AAA - \u041c\u0430\u0433\u0430\u0437\u0438\u043d Xstyle","og_description":"\u041a\u0443\u043f\u0438\u0442\u044c \u043a\u043e\u043c\u043f\u0430\u043a\u0442\u043d\u044b\u0439 \u0444\u043e\u043d\u0430\u0440\u044c Varta Day Light Key Chain 1AAA - \u043d\u0430\u0434\u0435\u0436\u043d\u044b\u0439 \u0438 \u044f\u0440\u043a\u0438\u0439 \u0430\u043a\u0441\u0435\u0441\u0441\u0443\u0430\u0440 \u0441 \u043a\u0430\u0447\u0435\u0441\u0442\u0432\u043e\u043c \u043e\u0442 VARTA. \u0418\u0434\u0435\u0430\u043b\u0435\u043d \u0434\u043b\u044f \u0438\u0441\u043f\u043e\u043b\u044c\u0437\u043e\u0432\u0430\u043d\u0438\u044f \u0432 \u043b\u044e\u0431\u044b\u0445 \u0441\u0438\u0442\u0443\u0430\u0446\u0438\u044f\u0445!","og_url":"https:\/\/xstyle.md\/ro\/produs\/fonar-varta-day-light-key-chain-1aaa\/","og_site_name":"\u041c\u0430\u0433\u0430\u0437\u0438\u043d Xstyle","article_publisher":"https:\/\/www.facebook.com\/xstylemd","article_modified_time":"2026-02-18T14:19:36+00:00","og_image":[{"width":1000,"height":1000,"url":"https:\/\/xstyle.md\/wp-content\/uploads\/2021\/04\/varta_day_light_key_chain_1aaa.jpg","type":"image\/jpeg"}],"twitter_card":"summary_large_image","twitter_misc":{"Pre\u021b":"99&nbsp;MDL","Disponibilitate":"\u00cen stoc"},"schema":{"@context":"https:\/\/schema.org","@graph":[{"@type":"WebPage","@id":"https:\/\/xstyle.md\/product\/fonar-varta-day-light-key-chain-1aaa\/","url":"https:\/\/xstyle.md\/product\/fonar-varta-day-light-key-chain-1aaa\/","name":"\u0424\u043e\u043d\u0430\u0440\u044c Varta Day Light Key Chain 1AAA - \u041c\u0430\u0433\u0430\u0437\u0438\u043d Xstyle","isPartOf":{"@id":"https:\/\/xstyle.md\/#website"},"primaryImageOfPage":{"@id":"https:\/\/xstyle.md\/product\/fonar-varta-day-light-key-chain-1aaa\/#primaryimage"},"image":{"@id":"https:\/\/xstyle.md\/product\/fonar-varta-day-light-key-chain-1aaa\/#primaryimage"},"thumbnailUrl":"https:\/\/xstyle.md\/wp-content\/uploads\/2021\/04\/varta_day_light_key_chain_1aaa.jpg","datePublished":"2021-04-28T13:59:13+00:00","dateModified":"2026-02-18T14:19:36+00:00","description":"Cump\u0103r\u0103 lanterna compact\u0103 Varta Day Light Key Chain 1AAA - un accesoriu fiabil \u0219i luminos cu calitate de la VARTA. Ideal pentru utilizare \u00een orice situa\u021bie!","breadcrumb":{"@id":"https:\/\/xstyle.md\/product\/fonar-varta-day-light-key-chain-1aaa\/#breadcrumb"},"inLanguage":"ro-RO","potentialAction":[{"@type":"ReadAction","target":["https:\/\/xstyle.md\/product\/fonar-varta-day-light-key-chain-1aaa\/"]}]},{"@type":"ImageObject","inLanguage":"ro-RO","@id":"https:\/\/xstyle.md\/product\/fonar-varta-day-light-key-chain-1aaa\/#primaryimage","url":"https:\/\/xstyle.md\/wp-content\/uploads\/2021\/04\/varta_day_light_key_chain_1aaa.jpg","contentUrl":"https:\/\/xstyle.md\/wp-content\/uploads\/2021\/04\/varta_day_light_key_chain_1aaa.jpg","width":1000,"height":1000},{"@type":"BreadcrumbList","@id":"https:\/\/xstyle.md\/product\/fonar-varta-day-light-key-chain-1aaa\/#breadcrumb","itemListElement":[{"@type":"ListItem","position":1,"name":"\u0413\u043b\u0430\u0432\u043d\u0430\u044f \u0441\u0442\u0440\u0430\u043d\u0438\u0446\u0430","item":"https:\/\/xstyle.md\/"},{"@type":"ListItem","position":2,"name":"\u041c\u0430\u0433\u0430\u0437\u0438\u043d","item":"https:\/\/xstyle.md\/shop\/"},{"@type":"ListItem","position":3,"name":"\u0424\u043e\u043d\u0430\u0440\u044c Varta Day Light Key Chain 1AAA"}]},{"@type":"WebSite","@id":"https:\/\/xstyle.md\/#website","url":"https:\/\/xstyle.md\/","name":"Magazinul X-Style","description":"Echipamente pentru turism \u0219i sporturi extreme \u00een Moldova. Pre\u021buri, fotografii, caracteristici \u00een Moldova.","publisher":{"@id":"https:\/\/xstyle.md\/#organization"},"alternateName":"X-Style","potentialAction":[{"@type":"SearchAction","target":{"@type":"EntryPoint","urlTemplate":"https:\/\/xstyle.md\/?s={search_term_string}"},"query-input":{"@type":"PropertyValueSpecification","valueRequired":true,"valueName":"search_term_string"}}],"inLanguage":"ro-RO"},{"@type":"Organization","@id":"https:\/\/xstyle.md\/#organization","name":"Magazinul X-Style","alternateName":"x-style","url":"https:\/\/xstyle.md\/","logo":{"@type":"ImageObject","inLanguage":"ro-RO","@id":"https:\/\/xstyle.md\/#\/schema\/logo\/image\/","url":"https:\/\/xstyle.md\/wp-content\/uploads\/2020\/06\/logoicon.svg","contentUrl":"https:\/\/xstyle.md\/wp-content\/uploads\/2020\/06\/logoicon.svg","caption":"\u041c\u0430\u0433\u0430\u0437\u0438\u043d Xstyle"},"image":{"@id":"https:\/\/xstyle.md\/#\/schema\/logo\/image\/"},"sameAs":["https:\/\/www.facebook.com\/xstylemd","https:\/\/www.instagram.com\/xstyle_md\/","https:\/\/t.me\/xstyle_outdoor"],"hasMerchantReturnPolicy":{"@type":"MerchantReturnPolicy","merchantReturnLink":"https:\/\/xstyle.md\/ro\/conditions\/"}}]},"product_price_amount":"99.00","product_price_currency":"MDL","og_availability":"instock","product_availability":"instock","product_retailer_item_id":"4008496987467","product_condition":"new"},"post_mailing_queue_ids":[],"_links":{"self":[{"href":"https:\/\/xstyle.md\/ro\/wp-json\/wp\/v2\/product\/31460","targetHints":{"allow":["GET"]}}],"collection":[{"href":"https:\/\/xstyle.md\/ro\/wp-json\/wp\/v2\/product"}],"about":[{"href":"https:\/\/xstyle.md\/ro\/wp-json\/wp\/v2\/types\/product"}],"replies":[{"embeddable":true,"href":"https:\/\/xstyle.md\/ro\/wp-json\/wp\/v2\/comments?post=31460"}],"wp:featuredmedia":[{"embeddable":true,"href":"https:\/\/xstyle.md\/ro\/wp-json\/wp\/v2\/media\/31458"}],"wp:attachment":[{"href":"https:\/\/xstyle.md\/ro\/wp-json\/wp\/v2\/media?parent=31460"}],"wp:term":[{"taxonomy":"product_brand","embeddable":true,"href":"https:\/\/xstyle.md\/ro\/wp-json\/wp\/v2\/product_brand?post=31460"},{"taxonomy":"product_cat","embeddable":true,"href":"https:\/\/xstyle.md\/ro\/wp-json\/wp\/v2\/product_cat?post=31460"},{"taxonomy":"product_tag","embeddable":true,"href":"https:\/\/xstyle.md\/ro\/wp-json\/wp\/v2\/product_tag?post=31460"}],"curies":[{"name":"wp","href":"https:\/\/api.w.org\/{rel}","templated":true}]}}