{"id":3140,"date":"2020-07-16T17:42:03","date_gmt":"2020-07-16T14:42:03","guid":{"rendered":"https:\/\/xstyle.md\/product\/naduvnoj-matras-outwell-flock-classic-double-with-pillow-pump"},"modified":"2025-04-23T16:25:18","modified_gmt":"2025-04-23T13:25:18","slug":"naduvnoj-matras-outwell-flock-classic-double-with-pillow-pump","status":"publish","type":"product","link":"https:\/\/xstyle.md\/ro\/produs\/naduvnoj-matras-outwell-flock-classic-double-with-pillow-pump\/","title":{"rendered":"\u041d\u0430\u0434\u0443\u0432\u043d\u043e\u0439 \u043c\u0430\u0442\u0440\u0430\u0441 Outwell Flock Classic Double with Pillow &#038; Pump"},"content":{"rendered":"<\/p>\n<p>Saltea gonflabil\u0103<strong> Outwell Flock Classic with Pillow &amp; Pump Double <\/strong>este un accesoriu necesar \u00een tab\u0103ra de camping. Este u\u0219or de gonflat cu pompa inclus\u0103, se deflateaz\u0103 u\u0219or \u0219i nu ocup\u0103 mult spa\u021biu \u00een timpul transportarii.<\/p>\n<h3>Particularit\u0103\u021bi<\/h3>\n<ul>\n<li>Supap\u0103 cu etan\u0219are dubl\u0103<\/li>\n<li>Supap\u0103 u\u0219or de manevrat<\/li>\n<li>Pomp\u0103 de picior integrat\u0103<\/li>\n<li>Pern\u0103 ridicat\u0103 pe toat\u0103 l\u0103\u021bimea.<\/li>\n<\/ul>\n<h3>Caracteristici<\/h3>\n<ul>\n<li>Material &#8212; PVC<\/li>\n<li>Scaune &#8212; 2<\/li>\n<li>Dimensiuni la desf\u0103\u0219urare &#8212; 185 x 135 cm<\/li>\n<li>Dimensiuni c\u00e2nd este pliat &#8212; 30 x 30 x 10 cm<\/li>\n<li>Grosime &#8212; 18\/28 cm<\/li>\n<li>Greutate &#8212; 2,9 kg.<\/li>\n<\/ul>\n<h3>Marca<\/h3>\n<p>Compania danez\u0103 Outwell a fost \u00eenfiin\u021bat\u0103 \u00een 1984 cu scopul de a crea echipamente pentru activit\u0103\u021bi \u00een aer liber \u0219i turism. \u00cenc\u0103 de la \u00eenfiin\u021bare, compania \u0219i-a dezvoltat produsele pentru a r\u0103spunde nevoilor tot mai mari ale clien\u021bilor s\u0103i, concentr\u00e2ndu-se pe cele mai noi tehnologii outdoor. Toate produsele brandului au c\u00e2\u0219tigat \u00eencrederea la nivel mondial.<\/p>\n<p>Produsele Outwell pot fi caracterizate prin func\u021bionalitate, ergonomie, durabilitate, accesibilitate \u0219i calitate ridicat\u0103. Iar materiile prime ecologice utilizate \u00een produc\u021bie sunt sigure pentru s\u0103n\u0103tatea uman\u0103 \u0219i pentru mediu. Una dintre principalele zone de interes ale m\u0103rcii este campingul de familie. Speciali\u0219tii \u0219i designerii companiei sunt convin\u0219i c\u0103 nu exist\u0103 nimic mai pl\u0103cut dec\u00e2t odihna \u00een aer liber. Picnicurile \u0219i campingul sunt deosebit de pl\u0103cute pentru copii, dornici s\u0103 exploreze lumea, s\u0103 \u00eenve\u021be lucruri noi \u0219i s\u0103 \u00ee\u0219i extind\u0103 orizonturile.<\/p>\n<p><\/p>","protected":false},"excerpt":{"rendered":"<p>\u041d\u0430\u0434\u0443\u0432\u043d\u043e\u0439 \u043c\u0430\u0442\u0440\u0430\u0441 Outwell Flock Classic Double with Pillow &amp; Pump<\/p>","protected":false},"featured_media":3139,"comment_status":"open","ping_status":"closed","template":"","meta":{"_acf_changed":false,"inline_featured_image":false},"product_brand":[1275],"product_cat":[424],"product_tag":[],"class_list":{"0":"post-3140","1":"product","2":"type-product","3":"status-publish","4":"has-post-thumbnail","6":"product_brand-outwell","7":"product_cat-airbeds","9":"first","10":"instock","11":"shipping-taxable","12":"purchasable","13":"product-type-simple"},"acf":[],"yoast_head":"<!-- This site is optimized with the Yoast SEO plugin v27.4 - https:\/\/yoast.com\/product\/yoast-seo-wordpress\/ -->\n<title>\u041d\u0430\u0434\u0443\u0432\u043d\u043e\u0439 \u043c\u0430\u0442\u0440\u0430\u0441 Outwell Flock Classic Double with Pillow &amp; Pump - \u041c\u0430\u0433\u0430\u0437\u0438\u043d Xstyle<\/title>\n<meta name=\"description\" content=\"\u041d\u0430\u0434\u0443\u0432\u043d\u043e\u0439 \u043c\u0430\u0442\u0440\u0430\u0441 Outwell Flock Classic Double \u0441 \u043f\u043e\u0434\u0443\u0448\u043a\u043e\u0439 \u0438 \u043d\u0430\u0441\u043e\u0441\u043e\u043c \u0438\u0434\u0435\u0430\u043b\u044c\u043d\u043e \u043f\u043e\u0434\u0445\u043e\u0434\u0438\u0442 \u0434\u043b\u044f \u043a\u0435\u043c\u043f\u0438\u043d\u0433\u0430. \u041f\u0440\u043e\u0441\u0442\u043e\u0439 \u0432 \u0438\u0441\u043f\u043e\u043b\u044c\u0437\u043e\u0432\u0430\u043d\u0438\u0438, \u0431\u044b\u0441\u0442\u0440\u043e \u043d\u0430\u0434\u0443\u0432\u0430\u0435\u0442\u0441\u044f \u0438 \u043a\u043e\u043c\u043f\u0430\u043a\u0442\u043d\u043e \u0445\u0440\u0430\u043d\u0438\u0442\u0441\u044f.\" \/>\n<meta name=\"robots\" content=\"index, follow, max-snippet:-1, max-image-preview:large, max-video-preview:-1\" \/>\n<link rel=\"canonical\" href=\"https:\/\/xstyle.md\/ro\/produs\/naduvnoj-matras-outwell-flock-classic-double-with-pillow-pump\/\" \/>\n<meta property=\"og:locale\" content=\"ro_RO\" \/>\n<meta property=\"og:type\" content=\"article\" \/>\n<meta property=\"og:title\" content=\"\u041d\u0430\u0434\u0443\u0432\u043d\u043e\u0439 \u043c\u0430\u0442\u0440\u0430\u0441 Outwell Flock Classic Double with Pillow &amp; Pump - \u041c\u0430\u0433\u0430\u0437\u0438\u043d Xstyle\" \/>\n<meta property=\"og:description\" content=\"\u041d\u0430\u0434\u0443\u0432\u043d\u043e\u0439 \u043c\u0430\u0442\u0440\u0430\u0441 Outwell Flock Classic Double \u0441 \u043f\u043e\u0434\u0443\u0448\u043a\u043e\u0439 \u0438 \u043d\u0430\u0441\u043e\u0441\u043e\u043c \u0438\u0434\u0435\u0430\u043b\u044c\u043d\u043e \u043f\u043e\u0434\u0445\u043e\u0434\u0438\u0442 \u0434\u043b\u044f \u043a\u0435\u043c\u043f\u0438\u043d\u0433\u0430. \u041f\u0440\u043e\u0441\u0442\u043e\u0439 \u0432 \u0438\u0441\u043f\u043e\u043b\u044c\u0437\u043e\u0432\u0430\u043d\u0438\u0438, \u0431\u044b\u0441\u0442\u0440\u043e \u043d\u0430\u0434\u0443\u0432\u0430\u0435\u0442\u0441\u044f \u0438 \u043a\u043e\u043c\u043f\u0430\u043a\u0442\u043d\u043e \u0445\u0440\u0430\u043d\u0438\u0442\u0441\u044f.\" \/>\n<meta property=\"og:url\" content=\"https:\/\/xstyle.md\/ro\/produs\/naduvnoj-matras-outwell-flock-classic-double-with-pillow-pump\/\" \/>\n<meta property=\"og:site_name\" content=\"\u041c\u0430\u0433\u0430\u0437\u0438\u043d Xstyle\" \/>\n<meta property=\"article:publisher\" content=\"https:\/\/www.facebook.com\/xstylemd\" \/>\n<meta property=\"article:modified_time\" content=\"2025-04-23T13:25:18+00:00\" \/>\n<meta property=\"og:image\" content=\"https:\/\/xstyle.md\/wp-content\/uploads\/2020\/07\/inflatabed-double-cw-pump.jpg\" \/>\n\t<meta property=\"og:image:width\" content=\"500\" \/>\n\t<meta property=\"og:image:height\" content=\"500\" \/>\n\t<meta property=\"og:image:type\" content=\"image\/jpeg\" \/>\n<meta name=\"twitter:card\" content=\"summary_large_image\" \/>\n<meta name=\"twitter:label1\" content=\"Pre\u021b\" \/>\n\t<meta name=\"twitter:data1\" content=\"1.190&nbsp;MDL\" \/>\n\t<meta name=\"twitter:label2\" content=\"Disponibilitate\" \/>\n\t<meta name=\"twitter:data2\" content=\"\u00cen stoc\" \/>\n<script type=\"application\/ld+json\" class=\"yoast-schema-graph\">{\"@context\":\"https:\\\/\\\/schema.org\",\"@graph\":[{\"@type\":\"WebPage\",\"@id\":\"https:\\\/\\\/xstyle.md\\\/product\\\/naduvnoj-matras-outwell-flock-classic-double-with-pillow-pump\\\/\",\"url\":\"https:\\\/\\\/xstyle.md\\\/product\\\/naduvnoj-matras-outwell-flock-classic-double-with-pillow-pump\\\/\",\"name\":\"\u041d\u0430\u0434\u0443\u0432\u043d\u043e\u0439 \u043c\u0430\u0442\u0440\u0430\u0441 Outwell Flock Classic Double with Pillow & Pump - \u041c\u0430\u0433\u0430\u0437\u0438\u043d Xstyle\",\"isPartOf\":{\"@id\":\"https:\\\/\\\/xstyle.md\\\/#website\"},\"primaryImageOfPage\":{\"@id\":\"https:\\\/\\\/xstyle.md\\\/product\\\/naduvnoj-matras-outwell-flock-classic-double-with-pillow-pump\\\/#primaryimage\"},\"image\":{\"@id\":\"https:\\\/\\\/xstyle.md\\\/product\\\/naduvnoj-matras-outwell-flock-classic-double-with-pillow-pump\\\/#primaryimage\"},\"thumbnailUrl\":\"https:\\\/\\\/xstyle.md\\\/wp-content\\\/uploads\\\/2020\\\/07\\\/inflatabed-double-cw-pump.jpg\",\"datePublished\":\"2020-07-16T14:42:03+00:00\",\"dateModified\":\"2025-04-23T13:25:18+00:00\",\"description\":\"\u041d\u0430\u0434\u0443\u0432\u043d\u043e\u0439 \u043c\u0430\u0442\u0440\u0430\u0441 Outwell Flock Classic Double \u0441 \u043f\u043e\u0434\u0443\u0448\u043a\u043e\u0439 \u0438 \u043d\u0430\u0441\u043e\u0441\u043e\u043c \u0438\u0434\u0435\u0430\u043b\u044c\u043d\u043e \u043f\u043e\u0434\u0445\u043e\u0434\u0438\u0442 \u0434\u043b\u044f \u043a\u0435\u043c\u043f\u0438\u043d\u0433\u0430. \u041f\u0440\u043e\u0441\u0442\u043e\u0439 \u0432 \u0438\u0441\u043f\u043e\u043b\u044c\u0437\u043e\u0432\u0430\u043d\u0438\u0438, \u0431\u044b\u0441\u0442\u0440\u043e \u043d\u0430\u0434\u0443\u0432\u0430\u0435\u0442\u0441\u044f \u0438 \u043a\u043e\u043c\u043f\u0430\u043a\u0442\u043d\u043e \u0445\u0440\u0430\u043d\u0438\u0442\u0441\u044f.\",\"breadcrumb\":{\"@id\":\"https:\\\/\\\/xstyle.md\\\/product\\\/naduvnoj-matras-outwell-flock-classic-double-with-pillow-pump\\\/#breadcrumb\"},\"inLanguage\":\"ro-RO\",\"potentialAction\":[{\"@type\":\"ReadAction\",\"target\":[\"https:\\\/\\\/xstyle.md\\\/product\\\/naduvnoj-matras-outwell-flock-classic-double-with-pillow-pump\\\/\"]}]},{\"@type\":\"ImageObject\",\"inLanguage\":\"ro-RO\",\"@id\":\"https:\\\/\\\/xstyle.md\\\/product\\\/naduvnoj-matras-outwell-flock-classic-double-with-pillow-pump\\\/#primaryimage\",\"url\":\"https:\\\/\\\/xstyle.md\\\/wp-content\\\/uploads\\\/2020\\\/07\\\/inflatabed-double-cw-pump.jpg\",\"contentUrl\":\"https:\\\/\\\/xstyle.md\\\/wp-content\\\/uploads\\\/2020\\\/07\\\/inflatabed-double-cw-pump.jpg\",\"width\":500,\"height\":500},{\"@type\":\"BreadcrumbList\",\"@id\":\"https:\\\/\\\/xstyle.md\\\/product\\\/naduvnoj-matras-outwell-flock-classic-double-with-pillow-pump\\\/#breadcrumb\",\"itemListElement\":[{\"@type\":\"ListItem\",\"position\":1,\"name\":\"\u0413\u043b\u0430\u0432\u043d\u0430\u044f \u0441\u0442\u0440\u0430\u043d\u0438\u0446\u0430\",\"item\":\"https:\\\/\\\/xstyle.md\\\/\"},{\"@type\":\"ListItem\",\"position\":2,\"name\":\"\u041c\u0430\u0433\u0430\u0437\u0438\u043d\",\"item\":\"https:\\\/\\\/xstyle.md\\\/shop\\\/\"},{\"@type\":\"ListItem\",\"position\":3,\"name\":\"\u041d\u0430\u0434\u0443\u0432\u043d\u043e\u0439 \u043c\u0430\u0442\u0440\u0430\u0441 Outwell Flock Classic Double with Pillow &#038; Pump\"}]},{\"@type\":\"WebSite\",\"@id\":\"https:\\\/\\\/xstyle.md\\\/#website\",\"url\":\"https:\\\/\\\/xstyle.md\\\/\",\"name\":\"\u041c\u0430\u0433\u0430\u0437\u0438\u043d Xstyle\",\"description\":\"C\u043d\u0430\u0440\u044f\u0436\u0435\u043d\u0438\u0435 \u0434\u043b\u044f \u0442\u0443\u0440\u0438\u0437\u043c\u0430 \u0438 \u044d\u043a\u0441\u0442\u0440\u0435\u043c\u0430\u043b\u044c\u043d\u044b\u0445 \u0432\u0438\u0434\u043e\u0432 \u0441\u043f\u043e\u0440\u0442\u0430 \u0432 \u041c\u043e\u043b\u0434\u043e\u0432\u0435.. \u0426\u0435\u043d\u044b, \u0444\u043e\u0442\u043e, \u0445\u0430\u0440\u0430\u043a\u0442\u0435\u0440\u0438\u0441\u0442\u0438\u043a\u0438 \u0432 \u041c\u043e\u043b\u0434\u043e\u0432\u0435.\",\"publisher\":{\"@id\":\"https:\\\/\\\/xstyle.md\\\/#organization\"},\"alternateName\":\"X-Style\",\"potentialAction\":[{\"@type\":\"SearchAction\",\"target\":{\"@type\":\"EntryPoint\",\"urlTemplate\":\"https:\\\/\\\/xstyle.md\\\/?s={search_term_string}\"},\"query-input\":{\"@type\":\"PropertyValueSpecification\",\"valueRequired\":true,\"valueName\":\"search_term_string\"}}],\"inLanguage\":\"ro-RO\"},{\"@type\":\"Organization\",\"@id\":\"https:\\\/\\\/xstyle.md\\\/#organization\",\"name\":\"\u041c\u0430\u0433\u0430\u0437\u0438\u043d Xstyle\",\"alternateName\":\"x-style\",\"url\":\"https:\\\/\\\/xstyle.md\\\/\",\"logo\":{\"@type\":\"ImageObject\",\"inLanguage\":\"ro-RO\",\"@id\":\"https:\\\/\\\/xstyle.md\\\/#\\\/schema\\\/logo\\\/image\\\/\",\"url\":\"https:\\\/\\\/xstyle.md\\\/wp-content\\\/uploads\\\/2020\\\/06\\\/logoicon.svg\",\"contentUrl\":\"https:\\\/\\\/xstyle.md\\\/wp-content\\\/uploads\\\/2020\\\/06\\\/logoicon.svg\",\"caption\":\"\u041c\u0430\u0433\u0430\u0437\u0438\u043d Xstyle\"},\"image\":{\"@id\":\"https:\\\/\\\/xstyle.md\\\/#\\\/schema\\\/logo\\\/image\\\/\"},\"sameAs\":[\"https:\\\/\\\/www.facebook.com\\\/xstylemd\",\"https:\\\/\\\/www.instagram.com\\\/xstyle_md\\\/\",\"https:\\\/\\\/t.me\\\/xstyle_outdoor\"],\"hasMerchantReturnPolicy\":{\"@type\":\"MerchantReturnPolicy\",\"merchantReturnLink\":\"https:\\\/\\\/xstyle.md\\\/ro\\\/conditions\\\/\"}}]}<\/script>\n<meta property=\"product:price:amount\" content=\"1190.00\" \/>\n<meta property=\"product:price:currency\" content=\"MDL\" \/>\n<meta property=\"og:availability\" content=\"instock\" \/>\n<meta property=\"product:availability\" content=\"instock\" \/>\n<meta property=\"product:retailer_item_id\" content=\"5709388014245\" \/>\n<meta property=\"product:condition\" content=\"new\" \/>\n<!-- \/ Yoast SEO plugin. -->","yoast_head_json":{"title":"Saltea gonflabil\u0103 Outwell Flock Classic Double with Pillow &amp; Pump - Magazin Xstyle","description":"Salteaua gonflabil\u0103 Outwell Flock Classic Double cu pern\u0103 \u0219i pomp\u0103 este perfect\u0103 pentru camping. U\u0219or de utilizat, se umfl\u0103 rapid \u0219i se p\u0103streaz\u0103 compact.","robots":{"index":"index","follow":"follow","max-snippet":"max-snippet:-1","max-image-preview":"max-image-preview:large","max-video-preview":"max-video-preview:-1"},"canonical":"https:\/\/xstyle.md\/ro\/produs\/naduvnoj-matras-outwell-flock-classic-double-with-pillow-pump\/","og_locale":"ro_RO","og_type":"article","og_title":"\u041d\u0430\u0434\u0443\u0432\u043d\u043e\u0439 \u043c\u0430\u0442\u0440\u0430\u0441 Outwell Flock Classic Double with Pillow & Pump - \u041c\u0430\u0433\u0430\u0437\u0438\u043d Xstyle","og_description":"\u041d\u0430\u0434\u0443\u0432\u043d\u043e\u0439 \u043c\u0430\u0442\u0440\u0430\u0441 Outwell Flock Classic Double \u0441 \u043f\u043e\u0434\u0443\u0448\u043a\u043e\u0439 \u0438 \u043d\u0430\u0441\u043e\u0441\u043e\u043c \u0438\u0434\u0435\u0430\u043b\u044c\u043d\u043e \u043f\u043e\u0434\u0445\u043e\u0434\u0438\u0442 \u0434\u043b\u044f \u043a\u0435\u043c\u043f\u0438\u043d\u0433\u0430. \u041f\u0440\u043e\u0441\u0442\u043e\u0439 \u0432 \u0438\u0441\u043f\u043e\u043b\u044c\u0437\u043e\u0432\u0430\u043d\u0438\u0438, \u0431\u044b\u0441\u0442\u0440\u043e \u043d\u0430\u0434\u0443\u0432\u0430\u0435\u0442\u0441\u044f \u0438 \u043a\u043e\u043c\u043f\u0430\u043a\u0442\u043d\u043e \u0445\u0440\u0430\u043d\u0438\u0442\u0441\u044f.","og_url":"https:\/\/xstyle.md\/ro\/produs\/naduvnoj-matras-outwell-flock-classic-double-with-pillow-pump\/","og_site_name":"\u041c\u0430\u0433\u0430\u0437\u0438\u043d Xstyle","article_publisher":"https:\/\/www.facebook.com\/xstylemd","article_modified_time":"2025-04-23T13:25:18+00:00","og_image":[{"width":500,"height":500,"url":"https:\/\/xstyle.md\/wp-content\/uploads\/2020\/07\/inflatabed-double-cw-pump.jpg","type":"image\/jpeg"}],"twitter_card":"summary_large_image","twitter_misc":{"Pre\u021b":"1.190&nbsp;MDL","Disponibilitate":"\u00cen stoc"},"schema":{"@context":"https:\/\/schema.org","@graph":[{"@type":"WebPage","@id":"https:\/\/xstyle.md\/product\/naduvnoj-matras-outwell-flock-classic-double-with-pillow-pump\/","url":"https:\/\/xstyle.md\/product\/naduvnoj-matras-outwell-flock-classic-double-with-pillow-pump\/","name":"Saltea gonflabil\u0103 Outwell Flock Classic Double with Pillow &amp; Pump - Magazin Xstyle","isPartOf":{"@id":"https:\/\/xstyle.md\/#website"},"primaryImageOfPage":{"@id":"https:\/\/xstyle.md\/product\/naduvnoj-matras-outwell-flock-classic-double-with-pillow-pump\/#primaryimage"},"image":{"@id":"https:\/\/xstyle.md\/product\/naduvnoj-matras-outwell-flock-classic-double-with-pillow-pump\/#primaryimage"},"thumbnailUrl":"https:\/\/xstyle.md\/wp-content\/uploads\/2020\/07\/inflatabed-double-cw-pump.jpg","datePublished":"2020-07-16T14:42:03+00:00","dateModified":"2025-04-23T13:25:18+00:00","description":"Salteaua gonflabil\u0103 Outwell Flock Classic Double cu pern\u0103 \u0219i pomp\u0103 este perfect\u0103 pentru camping. U\u0219or de utilizat, se umfl\u0103 rapid \u0219i se p\u0103streaz\u0103 compact.","breadcrumb":{"@id":"https:\/\/xstyle.md\/product\/naduvnoj-matras-outwell-flock-classic-double-with-pillow-pump\/#breadcrumb"},"inLanguage":"ro-RO","potentialAction":[{"@type":"ReadAction","target":["https:\/\/xstyle.md\/product\/naduvnoj-matras-outwell-flock-classic-double-with-pillow-pump\/"]}]},{"@type":"ImageObject","inLanguage":"ro-RO","@id":"https:\/\/xstyle.md\/product\/naduvnoj-matras-outwell-flock-classic-double-with-pillow-pump\/#primaryimage","url":"https:\/\/xstyle.md\/wp-content\/uploads\/2020\/07\/inflatabed-double-cw-pump.jpg","contentUrl":"https:\/\/xstyle.md\/wp-content\/uploads\/2020\/07\/inflatabed-double-cw-pump.jpg","width":500,"height":500},{"@type":"BreadcrumbList","@id":"https:\/\/xstyle.md\/product\/naduvnoj-matras-outwell-flock-classic-double-with-pillow-pump\/#breadcrumb","itemListElement":[{"@type":"ListItem","position":1,"name":"\u0413\u043b\u0430\u0432\u043d\u0430\u044f \u0441\u0442\u0440\u0430\u043d\u0438\u0446\u0430","item":"https:\/\/xstyle.md\/"},{"@type":"ListItem","position":2,"name":"\u041c\u0430\u0433\u0430\u0437\u0438\u043d","item":"https:\/\/xstyle.md\/shop\/"},{"@type":"ListItem","position":3,"name":"\u041d\u0430\u0434\u0443\u0432\u043d\u043e\u0439 \u043c\u0430\u0442\u0440\u0430\u0441 Outwell Flock Classic Double with Pillow &#038; Pump"}]},{"@type":"WebSite","@id":"https:\/\/xstyle.md\/#website","url":"https:\/\/xstyle.md\/","name":"Magazinul X-Style","description":"Echipamente pentru turism \u0219i sporturi extreme \u00een Moldova. Pre\u021buri, fotografii, caracteristici \u00een Moldova.","publisher":{"@id":"https:\/\/xstyle.md\/#organization"},"alternateName":"X-Style","potentialAction":[{"@type":"SearchAction","target":{"@type":"EntryPoint","urlTemplate":"https:\/\/xstyle.md\/?s={search_term_string}"},"query-input":{"@type":"PropertyValueSpecification","valueRequired":true,"valueName":"search_term_string"}}],"inLanguage":"ro-RO"},{"@type":"Organization","@id":"https:\/\/xstyle.md\/#organization","name":"Magazinul X-Style","alternateName":"x-style","url":"https:\/\/xstyle.md\/","logo":{"@type":"ImageObject","inLanguage":"ro-RO","@id":"https:\/\/xstyle.md\/#\/schema\/logo\/image\/","url":"https:\/\/xstyle.md\/wp-content\/uploads\/2020\/06\/logoicon.svg","contentUrl":"https:\/\/xstyle.md\/wp-content\/uploads\/2020\/06\/logoicon.svg","caption":"\u041c\u0430\u0433\u0430\u0437\u0438\u043d Xstyle"},"image":{"@id":"https:\/\/xstyle.md\/#\/schema\/logo\/image\/"},"sameAs":["https:\/\/www.facebook.com\/xstylemd","https:\/\/www.instagram.com\/xstyle_md\/","https:\/\/t.me\/xstyle_outdoor"],"hasMerchantReturnPolicy":{"@type":"MerchantReturnPolicy","merchantReturnLink":"https:\/\/xstyle.md\/ro\/conditions\/"}}]},"product_price_amount":"1190.00","product_price_currency":"MDL","og_availability":"instock","product_availability":"instock","product_retailer_item_id":"5709388014245","product_condition":"new"},"post_mailing_queue_ids":[],"_links":{"self":[{"href":"https:\/\/xstyle.md\/ro\/wp-json\/wp\/v2\/product\/3140","targetHints":{"allow":["GET"]}}],"collection":[{"href":"https:\/\/xstyle.md\/ro\/wp-json\/wp\/v2\/product"}],"about":[{"href":"https:\/\/xstyle.md\/ro\/wp-json\/wp\/v2\/types\/product"}],"replies":[{"embeddable":true,"href":"https:\/\/xstyle.md\/ro\/wp-json\/wp\/v2\/comments?post=3140"}],"wp:featuredmedia":[{"embeddable":true,"href":"https:\/\/xstyle.md\/ro\/wp-json\/wp\/v2\/media\/3139"}],"wp:attachment":[{"href":"https:\/\/xstyle.md\/ro\/wp-json\/wp\/v2\/media?parent=3140"}],"wp:term":[{"taxonomy":"product_brand","embeddable":true,"href":"https:\/\/xstyle.md\/ro\/wp-json\/wp\/v2\/product_brand?post=3140"},{"taxonomy":"product_cat","embeddable":true,"href":"https:\/\/xstyle.md\/ro\/wp-json\/wp\/v2\/product_cat?post=3140"},{"taxonomy":"product_tag","embeddable":true,"href":"https:\/\/xstyle.md\/ro\/wp-json\/wp\/v2\/product_tag?post=3140"}],"curies":[{"name":"wp","href":"https:\/\/api.w.org\/{rel}","templated":true}]}}