{"id":31186,"date":"2021-04-28T16:51:26","date_gmt":"2021-04-28T13:51:26","guid":{"rendered":"https:\/\/xstyle.md\/product\/germosumka-neris-60l\/"},"modified":"2024-10-21T09:35:43","modified_gmt":"2024-10-21T06:35:43","slug":"germosumka-neris-60l","status":"publish","type":"product","link":"https:\/\/dev.xstyle.md\/ro\/produs\/germosumka-neris-60l\/","title":{"rendered":"Geanta ermetica Neris 60L"},"content":{"rendered":"<\/p>\n<p>Geanta ermetica <strong>Neris 60L<\/strong> &#8212; v\u0103 protejeaz\u0103 bunurile personale, echipamentul, documentele, banii, o varietate de echipamente \u0219i dispozitive electronice de ap\u0103, nisip \u0219i praf \u00een toate mediile. Este confec\u021bionat\u0103 din cinci straturi de PVC impregnat cu termo poliuretan. Acest lucru \u00eenseamn\u0103 c\u0103 materialul nu este doar impermeabil, ci \u0219i rezistent la \u00eenghe\u021b. Nu se crap\u0103 la temperaturi sc\u0103zute, a\u0219a c\u0103 este perfect pentru a fi folosit la pescuitul de iarn\u0103, atunci c\u00e2nd exist\u0103 ap\u0103 deasupra ghe\u021bii \u0219i trebuie s\u0103 v\u0103 \u00eempiedica\u021bi cumva hainele \u0219i echipamentul s\u0103 se ude.<\/p>\n<h3>Particularit\u0103\u021bi<\/h3>\n<ul>\n<li>NERIS utilizeaz\u0103 tehnologii avansate de sigilare a cus\u0103turilor &#8212; sudare de \u00eenalt\u0103 frecven\u021b\u0103 \u0219i sudare cu aer cald &#8212; \u00een produc\u021bia de pungi sigilate. Ambele tehnologii garanteaz\u0103 cus\u0103turi fiabile pentru \u00eentreaga durat\u0103 de via\u021b\u0103 a produsului.<\/li>\n<li>Fitinguri YKK de \u00eenalt\u0103 calitate din Japonia \u0219i \u021bes\u0103turi din PVC german de \u00eenalt\u0103 rezisten\u021b\u0103 de la Mehler.<\/li>\n<li>NERIS ofer\u0103 o garan\u021bie de 3 ani pentru sacii s\u0103i ermetici \u0219i servicii pe durata utiliz\u0103rii acestora.<\/li>\n<\/ul>\n<h3>Caracteristici<\/h3>\n<ul>\n<li>Material &#8212; PVC<\/li>\n<li>Volum &#8212; 60 l.<\/li>\n<\/ul>\n<h3>Marca<\/h3>\n<p>Neris &#8212; este un produc\u0103tor ucrainean de echipamente pentru turismul acvatic. Istoria companiei dateaz\u0103 din 1999, c\u00e2nd trei turi\u0219ti acvatici au deschis, \u00eentr-un mic subsol din Kiev, un atelier pentru repararea \u0219i service-ul echipamentelor acvatice, precum \u0219i pentru produc\u021bia mai multor modele de cochilii pentru caiace cu cadru. Treptat, produc\u021bia la bucat\u0103 s-a transformat \u00eentr-o produc\u021bie \u00een serie, iar subsol mic a fost transformat \u00eentr-un atelier modern, dotat cu cele mai moderne echipamente de produc\u021bie.<\/p>\n<p>Ast\u0103zi, produsele marca Neris sunt bine cunoscute nu numai \u00een Ucraina, ci \u0219i \u00een Europa \u0219i America. Caiacele Neris au parcurs mii de kilometri de rute de ap\u0103 \u00een diferite p\u0103r\u021bi ale lumii &#8212; de la tropicele africane p\u00e2n\u0103 la apele aspre ale Arcticii.<\/p>\n<p><\/p>","protected":false},"excerpt":{"rendered":"<p>Geanta ermetica Neris 60L<\/p>","protected":false},"featured_media":31185,"comment_status":"open","ping_status":"closed","template":"","meta":{"_acf_changed":false,"inline_featured_image":false},"product_brand":[1288],"product_cat":[863],"product_tag":[],"class_list":{"0":"post-31186","1":"product","2":"type-product","3":"status-publish","4":"has-post-thumbnail","6":"product_brand-neris","7":"product_cat-hermetic-bags","9":"first","10":"instock","11":"shipping-taxable","12":"purchasable","13":"product-type-simple"},"acf":[],"yoast_head":"<!-- This site is optimized with the Yoast SEO plugin v27.4 - https:\/\/yoast.com\/product\/yoast-seo-wordpress\/ -->\n<title>\u0413\u0435\u0440\u043c\u043e\u0441\u0443\u043c\u043a\u0430 Neris 60L - \u041c\u0430\u0433\u0430\u0437\u0438\u043d Xstyle<\/title>\n<meta name=\"description\" content=\"\u0413\u0435\u0440\u043c\u043e\u0441\u0443\u043c\u043a\u0430 Neris 60L: \u0438\u0434\u0435\u0430\u043b\u044c\u043d\u0430\u044f \u0437\u0430\u0449\u0438\u0442\u0430 \u0434\u043b\u044f \u0432\u0430\u0448\u0435\u0433\u043e \u043e\u0431\u043e\u0440\u0443\u0434\u043e\u0432\u0430\u043d\u0438\u044f \u0438 \u0434\u043e\u043a\u0443\u043c\u0435\u043d\u0442\u043e\u0432. \u0412\u043e\u0434\u043e\u043d\u0435\u043f\u0440\u043e\u043d\u0438\u0446\u0430\u0435\u043c\u044b\u0439 \u0438 \u043c\u043e\u0440\u043e\u0437\u043e\u0441\u0442\u043e\u0439\u043a\u0438\u0439 \u043c\u0430\u0442\u0435\u0440\u0438\u0430\u043b. \u041d\u0430\u0434\u0435\u0436\u043d\u043e\u0441\u0442\u044c \u0441 1999 \u0433\u043e\u0434\u0430.\" \/>\n<meta name=\"robots\" content=\"noindex, follow, max-snippet:-1, max-image-preview:large, max-video-preview:-1\" \/>\n<meta property=\"og:locale\" content=\"ro_RO\" \/>\n<meta property=\"og:type\" content=\"article\" \/>\n<meta property=\"og:title\" content=\"\u0413\u0435\u0440\u043c\u043e\u0441\u0443\u043c\u043a\u0430 Neris 60L - \u041c\u0430\u0433\u0430\u0437\u0438\u043d Xstyle\" \/>\n<meta property=\"og:description\" content=\"\u0413\u0435\u0440\u043c\u043e\u0441\u0443\u043c\u043a\u0430 Neris 60L: \u0438\u0434\u0435\u0430\u043b\u044c\u043d\u0430\u044f \u0437\u0430\u0449\u0438\u0442\u0430 \u0434\u043b\u044f \u0432\u0430\u0448\u0435\u0433\u043e \u043e\u0431\u043e\u0440\u0443\u0434\u043e\u0432\u0430\u043d\u0438\u044f \u0438 \u0434\u043e\u043a\u0443\u043c\u0435\u043d\u0442\u043e\u0432. \u0412\u043e\u0434\u043e\u043d\u0435\u043f\u0440\u043e\u043d\u0438\u0446\u0430\u0435\u043c\u044b\u0439 \u0438 \u043c\u043e\u0440\u043e\u0437\u043e\u0441\u0442\u043e\u0439\u043a\u0438\u0439 \u043c\u0430\u0442\u0435\u0440\u0438\u0430\u043b. \u041d\u0430\u0434\u0435\u0436\u043d\u043e\u0441\u0442\u044c \u0441 1999 \u0433\u043e\u0434\u0430.\" \/>\n<meta property=\"og:url\" content=\"https:\/\/dev.xstyle.md\/ro\/produs\/germosumka-neris-60l\/\" \/>\n<meta property=\"og:site_name\" content=\"\u041c\u0430\u0433\u0430\u0437\u0438\u043d Xstyle\" \/>\n<meta property=\"article:publisher\" content=\"https:\/\/www.facebook.com\/xstylemd\" \/>\n<meta property=\"article:modified_time\" content=\"2024-10-21T06:35:43+00:00\" \/>\n<meta property=\"og:image\" content=\"https:\/\/dev.xstyle.md\/wp-content\/uploads\/2021\/04\/neris_60l.jpg\" \/>\n\t<meta property=\"og:image:width\" content=\"1600\" \/>\n\t<meta property=\"og:image:height\" content=\"1296\" \/>\n\t<meta property=\"og:image:type\" content=\"image\/jpeg\" \/>\n<meta name=\"twitter:card\" content=\"summary_large_image\" \/>\n<meta name=\"twitter:label1\" content=\"Pre\u021b\" \/>\n\t<meta name=\"twitter:data1\" content=\"1.190,00&nbsp;MDL\" \/>\n\t<meta name=\"twitter:label2\" content=\"Disponibilitate\" \/>\n\t<meta name=\"twitter:data2\" content=\"\u00cen stoc\" \/>\n<script type=\"application\/ld+json\" class=\"yoast-schema-graph\">{\"@context\":\"https:\\\/\\\/schema.org\",\"@graph\":[{\"@type\":\"WebPage\",\"@id\":\"https:\\\/\\\/dev.xstyle.md\\\/product\\\/germosumka-neris-60l\\\/\",\"url\":\"https:\\\/\\\/dev.xstyle.md\\\/product\\\/germosumka-neris-60l\\\/\",\"name\":\"\u0413\u0435\u0440\u043c\u043e\u0441\u0443\u043c\u043a\u0430 Neris 60L - \u041c\u0430\u0433\u0430\u0437\u0438\u043d Xstyle\",\"isPartOf\":{\"@id\":\"https:\\\/\\\/dev.xstyle.md\\\/#website\"},\"primaryImageOfPage\":{\"@id\":\"https:\\\/\\\/dev.xstyle.md\\\/product\\\/germosumka-neris-60l\\\/#primaryimage\"},\"image\":{\"@id\":\"https:\\\/\\\/dev.xstyle.md\\\/product\\\/germosumka-neris-60l\\\/#primaryimage\"},\"thumbnailUrl\":\"https:\\\/\\\/dev.xstyle.md\\\/wp-content\\\/uploads\\\/2021\\\/04\\\/neris_60l.jpg\",\"datePublished\":\"2021-04-28T13:51:26+00:00\",\"dateModified\":\"2024-10-21T06:35:43+00:00\",\"description\":\"\u0413\u0435\u0440\u043c\u043e\u0441\u0443\u043c\u043a\u0430 Neris 60L: \u0438\u0434\u0435\u0430\u043b\u044c\u043d\u0430\u044f \u0437\u0430\u0449\u0438\u0442\u0430 \u0434\u043b\u044f \u0432\u0430\u0448\u0435\u0433\u043e \u043e\u0431\u043e\u0440\u0443\u0434\u043e\u0432\u0430\u043d\u0438\u044f \u0438 \u0434\u043e\u043a\u0443\u043c\u0435\u043d\u0442\u043e\u0432. \u0412\u043e\u0434\u043e\u043d\u0435\u043f\u0440\u043e\u043d\u0438\u0446\u0430\u0435\u043c\u044b\u0439 \u0438 \u043c\u043e\u0440\u043e\u0437\u043e\u0441\u0442\u043e\u0439\u043a\u0438\u0439 \u043c\u0430\u0442\u0435\u0440\u0438\u0430\u043b. \u041d\u0430\u0434\u0435\u0436\u043d\u043e\u0441\u0442\u044c \u0441 1999 \u0433\u043e\u0434\u0430.\",\"breadcrumb\":{\"@id\":\"https:\\\/\\\/dev.xstyle.md\\\/product\\\/germosumka-neris-60l\\\/#breadcrumb\"},\"inLanguage\":\"ro-RO\",\"potentialAction\":[{\"@type\":\"ReadAction\",\"target\":[\"https:\\\/\\\/dev.xstyle.md\\\/product\\\/germosumka-neris-60l\\\/\"]}]},{\"@type\":\"ImageObject\",\"inLanguage\":\"ro-RO\",\"@id\":\"https:\\\/\\\/dev.xstyle.md\\\/product\\\/germosumka-neris-60l\\\/#primaryimage\",\"url\":\"https:\\\/\\\/dev.xstyle.md\\\/wp-content\\\/uploads\\\/2021\\\/04\\\/neris_60l.jpg\",\"contentUrl\":\"https:\\\/\\\/dev.xstyle.md\\\/wp-content\\\/uploads\\\/2021\\\/04\\\/neris_60l.jpg\",\"width\":1600,\"height\":1296},{\"@type\":\"BreadcrumbList\",\"@id\":\"https:\\\/\\\/dev.xstyle.md\\\/product\\\/germosumka-neris-60l\\\/#breadcrumb\",\"itemListElement\":[{\"@type\":\"ListItem\",\"position\":1,\"name\":\"\u0413\u043b\u0430\u0432\u043d\u0430\u044f \u0441\u0442\u0440\u0430\u043d\u0438\u0446\u0430\",\"item\":\"https:\\\/\\\/dev.xstyle.md\\\/\"},{\"@type\":\"ListItem\",\"position\":2,\"name\":\"Shop\",\"item\":\"https:\\\/\\\/dev.xstyle.md\\\/shop\\\/\"},{\"@type\":\"ListItem\",\"position\":3,\"name\":\"\u0413\u0435\u0440\u043c\u043e\u0441\u0443\u043c\u043a\u0430 Neris 60L\"}]},{\"@type\":\"WebSite\",\"@id\":\"https:\\\/\\\/dev.xstyle.md\\\/#website\",\"url\":\"https:\\\/\\\/dev.xstyle.md\\\/\",\"name\":\"\u041c\u0430\u0433\u0430\u0437\u0438\u043d Xstyle\",\"description\":\"C\u043d\u0430\u0440\u044f\u0436\u0435\u043d\u0438\u0435 \u0434\u043b\u044f \u0442\u0443\u0440\u0438\u0437\u043c\u0430 \u0438 \u044d\u043a\u0441\u0442\u0440\u0435\u043c\u0430\u043b\u044c\u043d\u044b\u0445 \u0432\u0438\u0434\u043e\u0432 \u0441\u043f\u043e\u0440\u0442\u0430 \u0432 \u041c\u043e\u043b\u0434\u043e\u0432\u0435.. \u0426\u0435\u043d\u044b, \u0444\u043e\u0442\u043e, \u0445\u0430\u0440\u0430\u043a\u0442\u0435\u0440\u0438\u0441\u0442\u0438\u043a\u0438 \u0432 \u041c\u043e\u043b\u0434\u043e\u0432\u0435.\",\"publisher\":{\"@id\":\"https:\\\/\\\/dev.xstyle.md\\\/#organization\"},\"alternateName\":\"X-Style\",\"potentialAction\":[{\"@type\":\"SearchAction\",\"target\":{\"@type\":\"EntryPoint\",\"urlTemplate\":\"https:\\\/\\\/dev.xstyle.md\\\/?s={search_term_string}\"},\"query-input\":{\"@type\":\"PropertyValueSpecification\",\"valueRequired\":true,\"valueName\":\"search_term_string\"}}],\"inLanguage\":\"ro-RO\"},{\"@type\":\"Organization\",\"@id\":\"https:\\\/\\\/dev.xstyle.md\\\/#organization\",\"name\":\"\u041c\u0430\u0433\u0430\u0437\u0438\u043d Xstyle\",\"alternateName\":\"x-style\",\"url\":\"https:\\\/\\\/dev.xstyle.md\\\/\",\"logo\":{\"@type\":\"ImageObject\",\"inLanguage\":\"ro-RO\",\"@id\":\"https:\\\/\\\/dev.xstyle.md\\\/#\\\/schema\\\/logo\\\/image\\\/\",\"url\":\"https:\\\/\\\/dev.xstyle.md\\\/wp-content\\\/uploads\\\/2020\\\/06\\\/logoicon.svg\",\"contentUrl\":\"https:\\\/\\\/dev.xstyle.md\\\/wp-content\\\/uploads\\\/2020\\\/06\\\/logoicon.svg\",\"caption\":\"\u041c\u0430\u0433\u0430\u0437\u0438\u043d Xstyle\"},\"image\":{\"@id\":\"https:\\\/\\\/dev.xstyle.md\\\/#\\\/schema\\\/logo\\\/image\\\/\"},\"sameAs\":[\"https:\\\/\\\/www.facebook.com\\\/xstylemd\",\"https:\\\/\\\/www.instagram.com\\\/xstyle_md\\\/\",\"https:\\\/\\\/t.me\\\/xstyle_outdoor\"],\"hasMerchantReturnPolicy\":{\"@type\":\"MerchantReturnPolicy\",\"merchantReturnLink\":\"https:\\\/\\\/dev.xstyle.md\\\/ro\\\/conditions\\\/\"}}]}<\/script>\n<meta property=\"product:price:amount\" content=\"1190.00\" \/>\n<meta property=\"product:price:currency\" content=\"MDL\" \/>\n<meta property=\"og:availability\" content=\"instock\" \/>\n<meta property=\"product:availability\" content=\"instock\" \/>\n<meta property=\"product:retailer_item_id\" content=\"2050000001130\" \/>\n<meta property=\"product:condition\" content=\"new\" \/>\n<!-- \/ Yoast SEO plugin. -->","yoast_head_json":{"title":"Geanta ermetica Neris 60L - Magazin Xstyle","description":"Geanta hermetic\u0103 Neris 60L: protec\u021bie ideal\u0103 pentru echipamentul \u0219i documentele dumneavoastr\u0103. Material impermeabil \u0219i rezistent la \u00eenghe\u021b. Fiabilitate din 1999.","robots":{"index":"noindex","follow":"follow","max-snippet":"max-snippet:-1","max-image-preview":"max-image-preview:large","max-video-preview":"max-video-preview:-1"},"og_locale":"ro_RO","og_type":"article","og_title":"\u0413\u0435\u0440\u043c\u043e\u0441\u0443\u043c\u043a\u0430 Neris 60L - \u041c\u0430\u0433\u0430\u0437\u0438\u043d Xstyle","og_description":"\u0413\u0435\u0440\u043c\u043e\u0441\u0443\u043c\u043a\u0430 Neris 60L: \u0438\u0434\u0435\u0430\u043b\u044c\u043d\u0430\u044f \u0437\u0430\u0449\u0438\u0442\u0430 \u0434\u043b\u044f \u0432\u0430\u0448\u0435\u0433\u043e \u043e\u0431\u043e\u0440\u0443\u0434\u043e\u0432\u0430\u043d\u0438\u044f \u0438 \u0434\u043e\u043a\u0443\u043c\u0435\u043d\u0442\u043e\u0432. \u0412\u043e\u0434\u043e\u043d\u0435\u043f\u0440\u043e\u043d\u0438\u0446\u0430\u0435\u043c\u044b\u0439 \u0438 \u043c\u043e\u0440\u043e\u0437\u043e\u0441\u0442\u043e\u0439\u043a\u0438\u0439 \u043c\u0430\u0442\u0435\u0440\u0438\u0430\u043b. \u041d\u0430\u0434\u0435\u0436\u043d\u043e\u0441\u0442\u044c \u0441 1999 \u0433\u043e\u0434\u0430.","og_url":"https:\/\/dev.xstyle.md\/ro\/produs\/germosumka-neris-60l\/","og_site_name":"\u041c\u0430\u0433\u0430\u0437\u0438\u043d Xstyle","article_publisher":"https:\/\/www.facebook.com\/xstylemd","article_modified_time":"2024-10-21T06:35:43+00:00","og_image":[{"width":1600,"height":1296,"url":"https:\/\/dev.xstyle.md\/wp-content\/uploads\/2021\/04\/neris_60l.jpg","type":"image\/jpeg"}],"twitter_card":"summary_large_image","twitter_misc":{"Pre\u021b":"1.190,00&nbsp;MDL","Disponibilitate":"\u00cen stoc"},"schema":{"@context":"https:\/\/schema.org","@graph":[{"@type":"WebPage","@id":"https:\/\/dev.xstyle.md\/product\/germosumka-neris-60l\/","url":"https:\/\/dev.xstyle.md\/product\/germosumka-neris-60l\/","name":"Geanta ermetica Neris 60L - Magazin Xstyle","isPartOf":{"@id":"https:\/\/dev.xstyle.md\/#website"},"primaryImageOfPage":{"@id":"https:\/\/dev.xstyle.md\/product\/germosumka-neris-60l\/#primaryimage"},"image":{"@id":"https:\/\/dev.xstyle.md\/product\/germosumka-neris-60l\/#primaryimage"},"thumbnailUrl":"https:\/\/dev.xstyle.md\/wp-content\/uploads\/2021\/04\/neris_60l.jpg","datePublished":"2021-04-28T13:51:26+00:00","dateModified":"2024-10-21T06:35:43+00:00","description":"Geanta hermetic\u0103 Neris 60L: protec\u021bie ideal\u0103 pentru echipamentul \u0219i documentele dumneavoastr\u0103. Material impermeabil \u0219i rezistent la \u00eenghe\u021b. Fiabilitate din 1999.","breadcrumb":{"@id":"https:\/\/dev.xstyle.md\/product\/germosumka-neris-60l\/#breadcrumb"},"inLanguage":"ro-RO","potentialAction":[{"@type":"ReadAction","target":["https:\/\/dev.xstyle.md\/product\/germosumka-neris-60l\/"]}]},{"@type":"ImageObject","inLanguage":"ro-RO","@id":"https:\/\/dev.xstyle.md\/product\/germosumka-neris-60l\/#primaryimage","url":"https:\/\/dev.xstyle.md\/wp-content\/uploads\/2021\/04\/neris_60l.jpg","contentUrl":"https:\/\/dev.xstyle.md\/wp-content\/uploads\/2021\/04\/neris_60l.jpg","width":1600,"height":1296},{"@type":"BreadcrumbList","@id":"https:\/\/dev.xstyle.md\/product\/germosumka-neris-60l\/#breadcrumb","itemListElement":[{"@type":"ListItem","position":1,"name":"\u0413\u043b\u0430\u0432\u043d\u0430\u044f \u0441\u0442\u0440\u0430\u043d\u0438\u0446\u0430","item":"https:\/\/dev.xstyle.md\/"},{"@type":"ListItem","position":2,"name":"Shop","item":"https:\/\/dev.xstyle.md\/shop\/"},{"@type":"ListItem","position":3,"name":"\u0413\u0435\u0440\u043c\u043e\u0441\u0443\u043c\u043a\u0430 Neris 60L"}]},{"@type":"WebSite","@id":"https:\/\/dev.xstyle.md\/#website","url":"https:\/\/dev.xstyle.md\/","name":"Magazinul X-Style","description":"Echipamente pentru turism \u0219i sporturi extreme \u00een Moldova. Pre\u021buri, fotografii, caracteristici \u00een Moldova.","publisher":{"@id":"https:\/\/dev.xstyle.md\/#organization"},"alternateName":"X-Style","potentialAction":[{"@type":"SearchAction","target":{"@type":"EntryPoint","urlTemplate":"https:\/\/dev.xstyle.md\/?s={search_term_string}"},"query-input":{"@type":"PropertyValueSpecification","valueRequired":true,"valueName":"search_term_string"}}],"inLanguage":"ro-RO"},{"@type":"Organization","@id":"https:\/\/dev.xstyle.md\/#organization","name":"Magazinul X-Style","alternateName":"x-style","url":"https:\/\/dev.xstyle.md\/","logo":{"@type":"ImageObject","inLanguage":"ro-RO","@id":"https:\/\/dev.xstyle.md\/#\/schema\/logo\/image\/","url":"https:\/\/dev.xstyle.md\/wp-content\/uploads\/2020\/06\/logoicon.svg","contentUrl":"https:\/\/dev.xstyle.md\/wp-content\/uploads\/2020\/06\/logoicon.svg","caption":"\u041c\u0430\u0433\u0430\u0437\u0438\u043d Xstyle"},"image":{"@id":"https:\/\/dev.xstyle.md\/#\/schema\/logo\/image\/"},"sameAs":["https:\/\/www.facebook.com\/xstylemd","https:\/\/www.instagram.com\/xstyle_md\/","https:\/\/t.me\/xstyle_outdoor"],"hasMerchantReturnPolicy":{"@type":"MerchantReturnPolicy","merchantReturnLink":"https:\/\/dev.xstyle.md\/ro\/conditions\/"}}]},"product_price_amount":"1190.00","product_price_currency":"MDL","og_availability":"instock","product_availability":"instock","product_retailer_item_id":"2050000001130","product_condition":"new"},"post_mailing_queue_ids":[],"_links":{"self":[{"href":"https:\/\/dev.xstyle.md\/ro\/wp-json\/wp\/v2\/product\/31186","targetHints":{"allow":["GET"]}}],"collection":[{"href":"https:\/\/dev.xstyle.md\/ro\/wp-json\/wp\/v2\/product"}],"about":[{"href":"https:\/\/dev.xstyle.md\/ro\/wp-json\/wp\/v2\/types\/product"}],"replies":[{"embeddable":true,"href":"https:\/\/dev.xstyle.md\/ro\/wp-json\/wp\/v2\/comments?post=31186"}],"version-history":[{"count":0,"href":"https:\/\/dev.xstyle.md\/ro\/wp-json\/wp\/v2\/product\/31186\/revisions"}],"wp:featuredmedia":[{"embeddable":true,"href":"https:\/\/dev.xstyle.md\/ro\/wp-json\/wp\/v2\/media\/31185"}],"wp:attachment":[{"href":"https:\/\/dev.xstyle.md\/ro\/wp-json\/wp\/v2\/media?parent=31186"}],"wp:term":[{"taxonomy":"product_brand","embeddable":true,"href":"https:\/\/dev.xstyle.md\/ro\/wp-json\/wp\/v2\/product_brand?post=31186"},{"taxonomy":"product_cat","embeddable":true,"href":"https:\/\/dev.xstyle.md\/ro\/wp-json\/wp\/v2\/product_cat?post=31186"},{"taxonomy":"product_tag","embeddable":true,"href":"https:\/\/dev.xstyle.md\/ro\/wp-json\/wp\/v2\/product_tag?post=31186"}],"curies":[{"name":"wp","href":"https:\/\/api.w.org\/{rel}","templated":true}]}}