{"id":31016,"date":"2021-04-28T16:45:44","date_gmt":"2021-04-28T13:45:44","guid":{"rendered":"https:\/\/xstyle.md\/product\/dush-camp4-60122-smart-shower\/"},"modified":"2025-04-04T21:52:55","modified_gmt":"2025-04-04T18:52:55","slug":"dush-camp4-60122-smart-shower","status":"publish","type":"product","link":"https:\/\/xstyle.md\/ro\/produs\/dush-camp4-60122-smart-shower\/","title":{"rendered":"Du\u0219 Camp4 60122 Smart Shower"},"content":{"rendered":"<\/p>\n<p><strong>Du\u0219 Camp4 60122 Smart Shower<\/strong> poate fi luat cu dvs. \u00eentr-o excursie de var\u0103 de mai multe zile cu cortul, atunci c\u00e2nd dori\u021bi s\u0103 v\u0103 bucura\u021bi de baie chiar mai mult dec\u00e2t de obicei. Du\u0219ul este alimentat de o pomp\u0103 f\u0103r\u0103 fir care pompeaz\u0103 ap\u0103 din orice rezervor de ap\u0103. Cu acest dispozitiv compact v\u0103 ve\u021bi sim\u021bi confortabil chiar \u0219i departe de civiliza\u021bie, unde nu exist\u0103 nici ap\u0103 curent\u0103 \u0219i nici o surs\u0103 de electricitate. Pur \u0219i simplu \u00eenc\u0103rca\u021bi bateria \u00eencorporat\u0103 \u00een prealabil acas\u0103 sau \u00een ma\u0219in\u0103. Furtunul de du\u0219 lung de 180 cm este potrivit \u0219i pentru persoanele \u00eenalte.<\/p>\n<h3>Particularit\u0103\u021bi<\/h3>\n<ul>\n<li>Dispozitiv compact pentru sc\u0103ldat pe teren<\/li>\n<li>Construc\u021bie robust\u0103, etan\u0219\u0103 \u0219i sigilat\u0103<\/li>\n<li>Durat\u0103 de via\u021b\u0103 a bateriei de 55-60 min cu acumulator \u00eencorporat<\/li>\n<li>Baterie re\u00eenc\u0103rcabil\u0103 Li-On \u00eencorporat\u0103, cu economie de energie<\/li>\n<li>Poate fi \u00eenc\u0103rcat de la orice surs\u0103 USB sau de la bricheta ma\u0219inii<\/li>\n<li>Autonom, portabil, sigur, cu o durat\u0103 de via\u021b\u0103 lung\u0103<\/li>\n<\/ul>\n<h3>Caracteristici<\/h3>\n<ul>\n<li>Timp de func\u021bionare &#8212; 55-60 min.<\/li>\n<li>Timp de \u00eenc\u0103rcare &#8212; 2-3 ore<\/li>\n<li>Debit de ap\u0103 &#8212; 2 litri\/minut<\/li>\n<li>Lungimea furtunului &#8212; 180 cm<\/li>\n<li>Baterie &#8212; 2200 mA<\/li>\n<\/ul>\n<p><\/p>","protected":false},"excerpt":{"rendered":"<p>Du\u0219 Camp4 60122 Smart Shower<\/p>","protected":false},"featured_media":31015,"comment_status":"open","ping_status":"closed","template":"","meta":{"_acf_changed":false,"inline_featured_image":false},"product_brand":[1414],"product_cat":[877],"product_tag":[],"class_list":{"0":"post-31016","1":"product","2":"type-product","3":"status-publish","4":"has-post-thumbnail","6":"product_brand-reimo","7":"product_cat-shower","9":"first","10":"instock","11":"shipping-taxable","12":"purchasable","13":"product-type-simple"},"acf":[],"yoast_head":"<!-- This site is optimized with the Yoast SEO plugin v27.4 - https:\/\/yoast.com\/product\/yoast-seo-wordpress\/ -->\n<title>\u0414\u0443\u0448 Camp4 60122 Smart Shower - \u041c\u0430\u0433\u0430\u0437\u0438\u043d Xstyle<\/title>\n<meta name=\"description\" content=\"\u0414\u0443\u0448 Camp4 60122 Smart Shower - \u0443\u0434\u043e\u0431\u043d\u043e\u0435 \u0440\u0435\u0448\u0435\u043d\u0438\u0435 \u0434\u043b\u044f \u043a\u0435\u043c\u043f\u0438\u043d\u0433\u0430. \u041a\u043e\u043c\u043f\u0430\u043a\u0442\u043d\u044b\u0439, \u0440\u0430\u0431\u043e\u0442\u0430\u0435\u0442 \u043e\u0442 USB, \u043e\u0431\u0435\u0441\u043f\u0435\u0447\u0438\u0432\u0430\u0435\u0442 \u043a\u043e\u043c\u0444\u043e\u0440\u0442 \u0434\u0430\u0436\u0435 \u0432\u0434\u0430\u043b\u0438 \u043e\u0442 \u0446\u0438\u0432\u0438\u043b\u0438\u0437\u0430\u0446\u0438\u0438.\" \/>\n<meta name=\"robots\" content=\"index, follow, max-snippet:-1, max-image-preview:large, max-video-preview:-1\" \/>\n<link rel=\"canonical\" href=\"https:\/\/xstyle.md\/ro\/produs\/dush-camp4-60122-smart-shower\/\" \/>\n<meta property=\"og:locale\" content=\"ro_RO\" \/>\n<meta property=\"og:type\" content=\"article\" \/>\n<meta property=\"og:title\" content=\"\u0414\u0443\u0448 Camp4 60122 Smart Shower - \u041c\u0430\u0433\u0430\u0437\u0438\u043d Xstyle\" \/>\n<meta property=\"og:description\" content=\"\u0414\u0443\u0448 Camp4 60122 Smart Shower - \u0443\u0434\u043e\u0431\u043d\u043e\u0435 \u0440\u0435\u0448\u0435\u043d\u0438\u0435 \u0434\u043b\u044f \u043a\u0435\u043c\u043f\u0438\u043d\u0433\u0430. \u041a\u043e\u043c\u043f\u0430\u043a\u0442\u043d\u044b\u0439, \u0440\u0430\u0431\u043e\u0442\u0430\u0435\u0442 \u043e\u0442 USB, \u043e\u0431\u0435\u0441\u043f\u0435\u0447\u0438\u0432\u0430\u0435\u0442 \u043a\u043e\u043c\u0444\u043e\u0440\u0442 \u0434\u0430\u0436\u0435 \u0432\u0434\u0430\u043b\u0438 \u043e\u0442 \u0446\u0438\u0432\u0438\u043b\u0438\u0437\u0430\u0446\u0438\u0438.\" \/>\n<meta property=\"og:url\" content=\"https:\/\/xstyle.md\/ro\/produs\/dush-camp4-60122-smart-shower\/\" \/>\n<meta property=\"og:site_name\" content=\"\u041c\u0430\u0433\u0430\u0437\u0438\u043d Xstyle\" \/>\n<meta property=\"article:publisher\" content=\"https:\/\/www.facebook.com\/xstylemd\" \/>\n<meta property=\"article:modified_time\" content=\"2025-04-04T18:52:55+00:00\" \/>\n<meta property=\"og:image\" content=\"https:\/\/xstyle.md\/wp-content\/uploads\/2021\/04\/camp4_60122_smart_shower.jpg\" \/>\n\t<meta property=\"og:image:width\" content=\"500\" \/>\n\t<meta property=\"og:image:height\" content=\"410\" \/>\n\t<meta property=\"og:image:type\" content=\"image\/jpeg\" \/>\n<meta name=\"twitter:card\" content=\"summary_large_image\" \/>\n<meta name=\"twitter:label1\" content=\"Pre\u021b\" \/>\n\t<meta name=\"twitter:data1\" content=\"890&nbsp;MDL\" \/>\n\t<meta name=\"twitter:label2\" content=\"Disponibilitate\" \/>\n\t<meta name=\"twitter:data2\" content=\"\u00cen stoc\" \/>\n<script type=\"application\/ld+json\" class=\"yoast-schema-graph\">{\"@context\":\"https:\\\/\\\/schema.org\",\"@graph\":[{\"@type\":\"WebPage\",\"@id\":\"https:\\\/\\\/xstyle.md\\\/product\\\/dush-camp4-60122-smart-shower\\\/\",\"url\":\"https:\\\/\\\/xstyle.md\\\/product\\\/dush-camp4-60122-smart-shower\\\/\",\"name\":\"\u0414\u0443\u0448 Camp4 60122 Smart Shower - \u041c\u0430\u0433\u0430\u0437\u0438\u043d Xstyle\",\"isPartOf\":{\"@id\":\"https:\\\/\\\/xstyle.md\\\/#website\"},\"primaryImageOfPage\":{\"@id\":\"https:\\\/\\\/xstyle.md\\\/product\\\/dush-camp4-60122-smart-shower\\\/#primaryimage\"},\"image\":{\"@id\":\"https:\\\/\\\/xstyle.md\\\/product\\\/dush-camp4-60122-smart-shower\\\/#primaryimage\"},\"thumbnailUrl\":\"https:\\\/\\\/xstyle.md\\\/wp-content\\\/uploads\\\/2021\\\/04\\\/camp4_60122_smart_shower.jpg\",\"datePublished\":\"2021-04-28T13:45:44+00:00\",\"dateModified\":\"2025-04-04T18:52:55+00:00\",\"description\":\"\u0414\u0443\u0448 Camp4 60122 Smart Shower - \u0443\u0434\u043e\u0431\u043d\u043e\u0435 \u0440\u0435\u0448\u0435\u043d\u0438\u0435 \u0434\u043b\u044f \u043a\u0435\u043c\u043f\u0438\u043d\u0433\u0430. \u041a\u043e\u043c\u043f\u0430\u043a\u0442\u043d\u044b\u0439, \u0440\u0430\u0431\u043e\u0442\u0430\u0435\u0442 \u043e\u0442 USB, \u043e\u0431\u0435\u0441\u043f\u0435\u0447\u0438\u0432\u0430\u0435\u0442 \u043a\u043e\u043c\u0444\u043e\u0440\u0442 \u0434\u0430\u0436\u0435 \u0432\u0434\u0430\u043b\u0438 \u043e\u0442 \u0446\u0438\u0432\u0438\u043b\u0438\u0437\u0430\u0446\u0438\u0438.\",\"breadcrumb\":{\"@id\":\"https:\\\/\\\/xstyle.md\\\/product\\\/dush-camp4-60122-smart-shower\\\/#breadcrumb\"},\"inLanguage\":\"ro-RO\",\"potentialAction\":[{\"@type\":\"ReadAction\",\"target\":[\"https:\\\/\\\/xstyle.md\\\/product\\\/dush-camp4-60122-smart-shower\\\/\"]}]},{\"@type\":\"ImageObject\",\"inLanguage\":\"ro-RO\",\"@id\":\"https:\\\/\\\/xstyle.md\\\/product\\\/dush-camp4-60122-smart-shower\\\/#primaryimage\",\"url\":\"https:\\\/\\\/xstyle.md\\\/wp-content\\\/uploads\\\/2021\\\/04\\\/camp4_60122_smart_shower.jpg\",\"contentUrl\":\"https:\\\/\\\/xstyle.md\\\/wp-content\\\/uploads\\\/2021\\\/04\\\/camp4_60122_smart_shower.jpg\",\"width\":500,\"height\":410},{\"@type\":\"BreadcrumbList\",\"@id\":\"https:\\\/\\\/xstyle.md\\\/product\\\/dush-camp4-60122-smart-shower\\\/#breadcrumb\",\"itemListElement\":[{\"@type\":\"ListItem\",\"position\":1,\"name\":\"\u0413\u043b\u0430\u0432\u043d\u0430\u044f \u0441\u0442\u0440\u0430\u043d\u0438\u0446\u0430\",\"item\":\"https:\\\/\\\/xstyle.md\\\/\"},{\"@type\":\"ListItem\",\"position\":2,\"name\":\"\u041c\u0430\u0433\u0430\u0437\u0438\u043d\",\"item\":\"https:\\\/\\\/xstyle.md\\\/shop\\\/\"},{\"@type\":\"ListItem\",\"position\":3,\"name\":\"\u0414\u0443\u0448 Camp4 60122 Smart Shower\"}]},{\"@type\":\"WebSite\",\"@id\":\"https:\\\/\\\/xstyle.md\\\/#website\",\"url\":\"https:\\\/\\\/xstyle.md\\\/\",\"name\":\"\u041c\u0430\u0433\u0430\u0437\u0438\u043d Xstyle\",\"description\":\"C\u043d\u0430\u0440\u044f\u0436\u0435\u043d\u0438\u0435 \u0434\u043b\u044f \u0442\u0443\u0440\u0438\u0437\u043c\u0430 \u0438 \u044d\u043a\u0441\u0442\u0440\u0435\u043c\u0430\u043b\u044c\u043d\u044b\u0445 \u0432\u0438\u0434\u043e\u0432 \u0441\u043f\u043e\u0440\u0442\u0430 \u0432 \u041c\u043e\u043b\u0434\u043e\u0432\u0435.. \u0426\u0435\u043d\u044b, \u0444\u043e\u0442\u043e, \u0445\u0430\u0440\u0430\u043a\u0442\u0435\u0440\u0438\u0441\u0442\u0438\u043a\u0438 \u0432 \u041c\u043e\u043b\u0434\u043e\u0432\u0435.\",\"publisher\":{\"@id\":\"https:\\\/\\\/xstyle.md\\\/#organization\"},\"alternateName\":\"X-Style\",\"potentialAction\":[{\"@type\":\"SearchAction\",\"target\":{\"@type\":\"EntryPoint\",\"urlTemplate\":\"https:\\\/\\\/xstyle.md\\\/?s={search_term_string}\"},\"query-input\":{\"@type\":\"PropertyValueSpecification\",\"valueRequired\":true,\"valueName\":\"search_term_string\"}}],\"inLanguage\":\"ro-RO\"},{\"@type\":\"Organization\",\"@id\":\"https:\\\/\\\/xstyle.md\\\/#organization\",\"name\":\"\u041c\u0430\u0433\u0430\u0437\u0438\u043d Xstyle\",\"alternateName\":\"x-style\",\"url\":\"https:\\\/\\\/xstyle.md\\\/\",\"logo\":{\"@type\":\"ImageObject\",\"inLanguage\":\"ro-RO\",\"@id\":\"https:\\\/\\\/xstyle.md\\\/#\\\/schema\\\/logo\\\/image\\\/\",\"url\":\"https:\\\/\\\/xstyle.md\\\/wp-content\\\/uploads\\\/2020\\\/06\\\/logoicon.svg\",\"contentUrl\":\"https:\\\/\\\/xstyle.md\\\/wp-content\\\/uploads\\\/2020\\\/06\\\/logoicon.svg\",\"caption\":\"\u041c\u0430\u0433\u0430\u0437\u0438\u043d Xstyle\"},\"image\":{\"@id\":\"https:\\\/\\\/xstyle.md\\\/#\\\/schema\\\/logo\\\/image\\\/\"},\"sameAs\":[\"https:\\\/\\\/www.facebook.com\\\/xstylemd\",\"https:\\\/\\\/www.instagram.com\\\/xstyle_md\\\/\",\"https:\\\/\\\/t.me\\\/xstyle_outdoor\"],\"hasMerchantReturnPolicy\":{\"@type\":\"MerchantReturnPolicy\",\"merchantReturnLink\":\"https:\\\/\\\/xstyle.md\\\/ro\\\/conditions\\\/\"}}]}<\/script>\n<meta property=\"product:price:amount\" content=\"890.00\" \/>\n<meta property=\"product:price:currency\" content=\"MDL\" \/>\n<meta property=\"og:availability\" content=\"instock\" \/>\n<meta property=\"product:availability\" content=\"instock\" \/>\n<meta property=\"product:retailer_item_id\" content=\"4043729142640\" \/>\n<meta property=\"product:condition\" content=\"new\" \/>\n<!-- \/ Yoast SEO plugin. -->","yoast_head_json":{"title":"Du\u0219 Camp4 60122 Smart Shower - Magazin Xstyle","description":"Dus Camp4 60122 Smart Shower - o solu\u021bie convenabil\u0103 pentru camping. Compact, func\u021bioneaz\u0103 pe baz\u0103 de USB, ofer\u0103 confort chiar \u0219i departe de civiliza\u021bie.","robots":{"index":"index","follow":"follow","max-snippet":"max-snippet:-1","max-image-preview":"max-image-preview:large","max-video-preview":"max-video-preview:-1"},"canonical":"https:\/\/xstyle.md\/ro\/produs\/dush-camp4-60122-smart-shower\/","og_locale":"ro_RO","og_type":"article","og_title":"\u0414\u0443\u0448 Camp4 60122 Smart Shower - \u041c\u0430\u0433\u0430\u0437\u0438\u043d Xstyle","og_description":"\u0414\u0443\u0448 Camp4 60122 Smart Shower - \u0443\u0434\u043e\u0431\u043d\u043e\u0435 \u0440\u0435\u0448\u0435\u043d\u0438\u0435 \u0434\u043b\u044f \u043a\u0435\u043c\u043f\u0438\u043d\u0433\u0430. \u041a\u043e\u043c\u043f\u0430\u043a\u0442\u043d\u044b\u0439, \u0440\u0430\u0431\u043e\u0442\u0430\u0435\u0442 \u043e\u0442 USB, \u043e\u0431\u0435\u0441\u043f\u0435\u0447\u0438\u0432\u0430\u0435\u0442 \u043a\u043e\u043c\u0444\u043e\u0440\u0442 \u0434\u0430\u0436\u0435 \u0432\u0434\u0430\u043b\u0438 \u043e\u0442 \u0446\u0438\u0432\u0438\u043b\u0438\u0437\u0430\u0446\u0438\u0438.","og_url":"https:\/\/xstyle.md\/ro\/produs\/dush-camp4-60122-smart-shower\/","og_site_name":"\u041c\u0430\u0433\u0430\u0437\u0438\u043d Xstyle","article_publisher":"https:\/\/www.facebook.com\/xstylemd","article_modified_time":"2025-04-04T18:52:55+00:00","og_image":[{"width":500,"height":410,"url":"https:\/\/xstyle.md\/wp-content\/uploads\/2021\/04\/camp4_60122_smart_shower.jpg","type":"image\/jpeg"}],"twitter_card":"summary_large_image","twitter_misc":{"Pre\u021b":"890&nbsp;MDL","Disponibilitate":"\u00cen stoc"},"schema":{"@context":"https:\/\/schema.org","@graph":[{"@type":"WebPage","@id":"https:\/\/xstyle.md\/product\/dush-camp4-60122-smart-shower\/","url":"https:\/\/xstyle.md\/product\/dush-camp4-60122-smart-shower\/","name":"Du\u0219 Camp4 60122 Smart Shower - Magazin Xstyle","isPartOf":{"@id":"https:\/\/xstyle.md\/#website"},"primaryImageOfPage":{"@id":"https:\/\/xstyle.md\/product\/dush-camp4-60122-smart-shower\/#primaryimage"},"image":{"@id":"https:\/\/xstyle.md\/product\/dush-camp4-60122-smart-shower\/#primaryimage"},"thumbnailUrl":"https:\/\/xstyle.md\/wp-content\/uploads\/2021\/04\/camp4_60122_smart_shower.jpg","datePublished":"2021-04-28T13:45:44+00:00","dateModified":"2025-04-04T18:52:55+00:00","description":"Dus Camp4 60122 Smart Shower - o solu\u021bie convenabil\u0103 pentru camping. Compact, func\u021bioneaz\u0103 pe baz\u0103 de USB, ofer\u0103 confort chiar \u0219i departe de civiliza\u021bie.","breadcrumb":{"@id":"https:\/\/xstyle.md\/product\/dush-camp4-60122-smart-shower\/#breadcrumb"},"inLanguage":"ro-RO","potentialAction":[{"@type":"ReadAction","target":["https:\/\/xstyle.md\/product\/dush-camp4-60122-smart-shower\/"]}]},{"@type":"ImageObject","inLanguage":"ro-RO","@id":"https:\/\/xstyle.md\/product\/dush-camp4-60122-smart-shower\/#primaryimage","url":"https:\/\/xstyle.md\/wp-content\/uploads\/2021\/04\/camp4_60122_smart_shower.jpg","contentUrl":"https:\/\/xstyle.md\/wp-content\/uploads\/2021\/04\/camp4_60122_smart_shower.jpg","width":500,"height":410},{"@type":"BreadcrumbList","@id":"https:\/\/xstyle.md\/product\/dush-camp4-60122-smart-shower\/#breadcrumb","itemListElement":[{"@type":"ListItem","position":1,"name":"\u0413\u043b\u0430\u0432\u043d\u0430\u044f \u0441\u0442\u0440\u0430\u043d\u0438\u0446\u0430","item":"https:\/\/xstyle.md\/"},{"@type":"ListItem","position":2,"name":"\u041c\u0430\u0433\u0430\u0437\u0438\u043d","item":"https:\/\/xstyle.md\/shop\/"},{"@type":"ListItem","position":3,"name":"\u0414\u0443\u0448 Camp4 60122 Smart Shower"}]},{"@type":"WebSite","@id":"https:\/\/xstyle.md\/#website","url":"https:\/\/xstyle.md\/","name":"Magazinul X-Style","description":"Echipamente pentru turism \u0219i sporturi extreme \u00een Moldova. Pre\u021buri, fotografii, caracteristici \u00een Moldova.","publisher":{"@id":"https:\/\/xstyle.md\/#organization"},"alternateName":"X-Style","potentialAction":[{"@type":"SearchAction","target":{"@type":"EntryPoint","urlTemplate":"https:\/\/xstyle.md\/?s={search_term_string}"},"query-input":{"@type":"PropertyValueSpecification","valueRequired":true,"valueName":"search_term_string"}}],"inLanguage":"ro-RO"},{"@type":"Organization","@id":"https:\/\/xstyle.md\/#organization","name":"Magazinul X-Style","alternateName":"x-style","url":"https:\/\/xstyle.md\/","logo":{"@type":"ImageObject","inLanguage":"ro-RO","@id":"https:\/\/xstyle.md\/#\/schema\/logo\/image\/","url":"https:\/\/xstyle.md\/wp-content\/uploads\/2020\/06\/logoicon.svg","contentUrl":"https:\/\/xstyle.md\/wp-content\/uploads\/2020\/06\/logoicon.svg","caption":"\u041c\u0430\u0433\u0430\u0437\u0438\u043d Xstyle"},"image":{"@id":"https:\/\/xstyle.md\/#\/schema\/logo\/image\/"},"sameAs":["https:\/\/www.facebook.com\/xstylemd","https:\/\/www.instagram.com\/xstyle_md\/","https:\/\/t.me\/xstyle_outdoor"],"hasMerchantReturnPolicy":{"@type":"MerchantReturnPolicy","merchantReturnLink":"https:\/\/xstyle.md\/ro\/conditions\/"}}]},"product_price_amount":"890.00","product_price_currency":"MDL","og_availability":"instock","product_availability":"instock","product_retailer_item_id":"4043729142640","product_condition":"new"},"post_mailing_queue_ids":[],"_links":{"self":[{"href":"https:\/\/xstyle.md\/ro\/wp-json\/wp\/v2\/product\/31016","targetHints":{"allow":["GET"]}}],"collection":[{"href":"https:\/\/xstyle.md\/ro\/wp-json\/wp\/v2\/product"}],"about":[{"href":"https:\/\/xstyle.md\/ro\/wp-json\/wp\/v2\/types\/product"}],"replies":[{"embeddable":true,"href":"https:\/\/xstyle.md\/ro\/wp-json\/wp\/v2\/comments?post=31016"}],"wp:featuredmedia":[{"embeddable":true,"href":"https:\/\/xstyle.md\/ro\/wp-json\/wp\/v2\/media\/31015"}],"wp:attachment":[{"href":"https:\/\/xstyle.md\/ro\/wp-json\/wp\/v2\/media?parent=31016"}],"wp:term":[{"taxonomy":"product_brand","embeddable":true,"href":"https:\/\/xstyle.md\/ro\/wp-json\/wp\/v2\/product_brand?post=31016"},{"taxonomy":"product_cat","embeddable":true,"href":"https:\/\/xstyle.md\/ro\/wp-json\/wp\/v2\/product_cat?post=31016"},{"taxonomy":"product_tag","embeddable":true,"href":"https:\/\/xstyle.md\/ro\/wp-json\/wp\/v2\/product_tag?post=31016"}],"curies":[{"name":"wp","href":"https:\/\/api.w.org\/{rel}","templated":true}]}}