{"id":30873,"date":"2021-04-28T14:47:39","date_gmt":"2021-04-28T11:47:39","guid":{"rendered":"https:\/\/xstyle.md\/product\/nozh-firebird-fb727s-gy\/"},"modified":"2025-10-24T12:34:10","modified_gmt":"2025-10-24T09:34:10","slug":"nozh-firebird-fb727s-gy","status":"publish","type":"product","link":"https:\/\/xstyle.md\/ro\/produs\/nozh-firebird-fb727s-gy\/","title":{"rendered":"Cu\u021bit Firebird FB727S-GY"},"content":{"rendered":"<\/p>\n<p><strong>Firebird FB727S-GY<\/strong> &#8212; cu\u021bit pliabil pentru nevoile persoanelor active. Forma lamei produsului este cea familiar\u0103 \u0219i binecunoscut\u0103 drop-point. Cu\u021bitele cu acest tip de lam\u0103 sunt caracterizate ca fiind universale. Ele sunt u\u0219or de \u00eenjunghiat \u0219i de t\u0103iat, datorit\u0103 c\u0103rora sunt folosite \u00eentr-o varietate de situa\u021bii de via\u021b\u0103. Lama Drop-point este deosebit de eficient\u0103 pentru activit\u0103\u021bile de v\u00e2n\u0103toare. De aici \u0219i scopul vizat al modelului. Este potrivit pentru toate cazurile de via\u021b\u0103 &#8212; poate fi util acas\u0103 \u00een via\u021ba de zi cu zi, \u00een mediul rural, \u00eentr-o excursie cu cortul, \u00eentr-o excursie \u0219i la pescuit. M\u00e2nerul este ergonomic, cu contururi netede, asem\u0103n\u0103toare unor valuri.<\/p>\n<p>Culorile modelului sunt negru, camuflaj \u0219i gri. Creatorii au avut grij\u0103 de gustul cunosc\u0103torilor gamei \u00eentunecate, dilu\u00e2nd-o u\u0219or cu coloritul original de camuflaj. M\u00e2nerul este realizat cu G10 practic. Sticl\u0103-textolit cu calit\u0103\u021bi excelente de utilizare: puternic, rezistent la uzur\u0103, rezistent la c\u0103ldur\u0103, bun pentru colorare. Cu acest material \u00een compozi\u021bie, cu\u021bitul este protejat de influen\u021bele mediului \u00eenconjur\u0103tor, devenind cu adev\u0103rat f\u0103r\u0103 probleme \u00een orice situa\u021bie \u0219i condi\u021bii. Cu\u021bitele cu component\u0103 G10 sunt durabile \u0219i u\u0219or de utilizat. Suprafa\u021ba u\u0219or aspr\u0103 a m\u00e2nerului asigur\u0103 o prindere mai confortabil\u0103 &#8212; cu\u021bitul se potrive\u0219te bine \u00een palma m\u00e2inii, f\u0103r\u0103 a aluneca sau a se deplasa.<\/p>\n<p>Lama modelului este realizat\u0103 cu o\u021bel 440C. Aceast\u0103 marc\u0103 este utilizat\u0103 pe scar\u0103 larg\u0103 \u00een cu\u021bitele m\u0103rcii. Particularitatea sa este rezisten\u021ba la coroziune \u0219i durabilitatea excelent\u0103. Duritatea lamei atinge aproximativ 58 de unit\u0103\u021bi pe scara Rockwell. Acesta este un indicator excelent pentru produsele de acest tip, \u00een plus, cu\u021bitele fabricate din o\u021bel 440C pot fi bine ascu\u021bite. Chiar \u0219i la domiciliu vor fi u\u0219or de prelucrat.<\/p>\n<p>Greutatea nout\u0103\u021bii este de 81 de grame, iar lungimea total\u0103 este de 18,4 centimetri. Lungimea lamei este de 7,8 centimetri, iar grosimea lamei este de 2,2 milimetri. Ca mecanism de securitate se folose\u0219te \u00eencuietoarea Axis. Acesta ajut\u0103 la men\u021binerea lamei at\u00e2t \u00een stare deschis\u0103, c\u00e2t \u0219i \u00een stare \u00eenchis\u0103. Cu\u021bitul este completat de o clem\u0103 metalic\u0103, puternic\u0103 \u0219i rigid\u0103, realizat\u0103 din o\u021bel inoxidabil c\u0103lit. Acesta v\u0103 permite s\u0103 fixa\u021bi cu\u021bitul pe haine sau pe echipament. Lama are o suprafa\u021b\u0103 neted\u0103 mat\u0103, rezistent\u0103 la zg\u00e2rieturi \u0219i zg\u00e2rieturi.<\/p>\n<h3>Caracteristici<\/h3>\n<ul>\n<li>Tip cu\u021bit: pliabil<\/li>\n<li>Tip de t\u0103i\u0219: regulat<\/li>\n<li>Tip de blocare: Axis Lock<\/li>\n<li>Lungime total\u0103: 18,4 cm<\/li>\n<li>Lungimea lamei: 7,8 cm<\/li>\n<li>Material m\u00e2ner: G10<\/li>\n<li>Duritatea o\u021belului: 58 HRC<\/li>\n<li>Grad de o\u021bel: 440C<\/li>\n<li>Greutate: 81 g.<\/li>\n<\/ul>\n<p><\/p>","protected":false},"excerpt":{"rendered":"<p>Cu\u021bit Firebird FB727S-GY<\/p>","protected":false},"featured_media":46275,"comment_status":"open","ping_status":"closed","template":"","meta":{"_acf_changed":false,"inline_featured_image":false},"product_brand":[1415],"product_cat":[169],"product_tag":[],"class_list":{"0":"post-30873","1":"product","2":"type-product","3":"status-publish","4":"has-post-thumbnail","6":"product_brand-firebird","7":"product_cat-knives","9":"first","10":"instock","11":"shipping-taxable","12":"purchasable","13":"product-type-simple"},"acf":[],"yoast_head":"<!-- This site is optimized with the Yoast SEO plugin v27.4 - https:\/\/yoast.com\/product\/yoast-seo-wordpress\/ -->\n<title>\u041d\u043e\u0436 Firebird FB727S-GY - \u041c\u0430\u0433\u0430\u0437\u0438\u043d Xstyle<\/title>\n<meta name=\"description\" content=\"\u041d\u043e\u0436 Firebird FB727S-GY \u2014 \u0443\u043d\u0438\u0432\u0435\u0440\u0441\u0430\u043b\u044c\u043d\u044b\u0439 \u0441\u043a\u043b\u0430\u0434\u043d\u043e\u0439 \u043d\u043e\u0436 \u0441 \u043b\u0435\u0437\u0432\u0438\u0435\u043c droppoint, \u043c\u0430\u0442\u0435\u0440\u0438\u0430\u043b G10, \u0442\u0432\u0435\u0440\u0434\u043e\u0441\u0442\u044c 58 HRC \u0438 \u043d\u0430\u0434\u0435\u0436\u043d\u0430\u044f \u0437\u0430\u0449\u0438\u0442\u0430 Axis Lock.\" \/>\n<meta name=\"robots\" content=\"index, follow, max-snippet:-1, max-image-preview:large, max-video-preview:-1\" \/>\n<link rel=\"canonical\" href=\"https:\/\/xstyle.md\/ro\/produs\/nozh-firebird-fb727s-gy\/\" \/>\n<meta property=\"og:locale\" content=\"ro_RO\" \/>\n<meta property=\"og:type\" content=\"article\" \/>\n<meta property=\"og:title\" content=\"\u041d\u043e\u0436 Firebird FB727S-GY - \u041c\u0430\u0433\u0430\u0437\u0438\u043d Xstyle\" \/>\n<meta property=\"og:description\" content=\"\u041d\u043e\u0436 Firebird FB727S-GY \u2014 \u0443\u043d\u0438\u0432\u0435\u0440\u0441\u0430\u043b\u044c\u043d\u044b\u0439 \u0441\u043a\u043b\u0430\u0434\u043d\u043e\u0439 \u043d\u043e\u0436 \u0441 \u043b\u0435\u0437\u0432\u0438\u0435\u043c droppoint, \u043c\u0430\u0442\u0435\u0440\u0438\u0430\u043b G10, \u0442\u0432\u0435\u0440\u0434\u043e\u0441\u0442\u044c 58 HRC \u0438 \u043d\u0430\u0434\u0435\u0436\u043d\u0430\u044f \u0437\u0430\u0449\u0438\u0442\u0430 Axis Lock.\" \/>\n<meta property=\"og:url\" content=\"https:\/\/xstyle.md\/ro\/produs\/nozh-firebird-fb727s-gy\/\" \/>\n<meta property=\"og:site_name\" content=\"\u041c\u0430\u0433\u0430\u0437\u0438\u043d Xstyle\" \/>\n<meta property=\"article:publisher\" content=\"https:\/\/www.facebook.com\/xstylemd\" \/>\n<meta property=\"article:modified_time\" content=\"2025-10-24T09:34:10+00:00\" \/>\n<meta property=\"og:image\" content=\"https:\/\/xstyle.md\/wp-content\/uploads\/2021\/04\/firebird-fb727s-1-rotated.jpg\" \/>\n\t<meta property=\"og:image:width\" content=\"1500\" \/>\n\t<meta property=\"og:image:height\" content=\"1500\" \/>\n\t<meta property=\"og:image:type\" content=\"image\/jpeg\" \/>\n<meta name=\"twitter:card\" content=\"summary_large_image\" \/>\n<meta name=\"twitter:label1\" content=\"Pre\u021b\" \/>\n\t<meta name=\"twitter:data1\" content=\"530&nbsp;MDL\" \/>\n\t<meta name=\"twitter:label2\" content=\"Disponibilitate\" \/>\n\t<meta name=\"twitter:data2\" content=\"\u00cen stoc\" \/>\n<script type=\"application\/ld+json\" class=\"yoast-schema-graph\">{\"@context\":\"https:\\\/\\\/schema.org\",\"@graph\":[{\"@type\":\"WebPage\",\"@id\":\"https:\\\/\\\/xstyle.md\\\/product\\\/nozh-firebird-fb727s-gy\\\/\",\"url\":\"https:\\\/\\\/xstyle.md\\\/product\\\/nozh-firebird-fb727s-gy\\\/\",\"name\":\"\u041d\u043e\u0436 Firebird FB727S-GY - \u041c\u0430\u0433\u0430\u0437\u0438\u043d Xstyle\",\"isPartOf\":{\"@id\":\"https:\\\/\\\/xstyle.md\\\/#website\"},\"primaryImageOfPage\":{\"@id\":\"https:\\\/\\\/xstyle.md\\\/product\\\/nozh-firebird-fb727s-gy\\\/#primaryimage\"},\"image\":{\"@id\":\"https:\\\/\\\/xstyle.md\\\/product\\\/nozh-firebird-fb727s-gy\\\/#primaryimage\"},\"thumbnailUrl\":\"https:\\\/\\\/xstyle.md\\\/wp-content\\\/uploads\\\/2021\\\/04\\\/firebird-fb727s-1-rotated.jpg\",\"datePublished\":\"2021-04-28T11:47:39+00:00\",\"dateModified\":\"2025-10-24T09:34:10+00:00\",\"description\":\"\u041d\u043e\u0436 Firebird FB727S-GY \u2014 \u0443\u043d\u0438\u0432\u0435\u0440\u0441\u0430\u043b\u044c\u043d\u044b\u0439 \u0441\u043a\u043b\u0430\u0434\u043d\u043e\u0439 \u043d\u043e\u0436 \u0441 \u043b\u0435\u0437\u0432\u0438\u0435\u043c droppoint, \u043c\u0430\u0442\u0435\u0440\u0438\u0430\u043b G10, \u0442\u0432\u0435\u0440\u0434\u043e\u0441\u0442\u044c 58 HRC \u0438 \u043d\u0430\u0434\u0435\u0436\u043d\u0430\u044f \u0437\u0430\u0449\u0438\u0442\u0430 Axis Lock.\",\"breadcrumb\":{\"@id\":\"https:\\\/\\\/xstyle.md\\\/product\\\/nozh-firebird-fb727s-gy\\\/#breadcrumb\"},\"inLanguage\":\"ro-RO\",\"potentialAction\":[{\"@type\":\"ReadAction\",\"target\":[\"https:\\\/\\\/xstyle.md\\\/product\\\/nozh-firebird-fb727s-gy\\\/\"]}]},{\"@type\":\"ImageObject\",\"inLanguage\":\"ro-RO\",\"@id\":\"https:\\\/\\\/xstyle.md\\\/product\\\/nozh-firebird-fb727s-gy\\\/#primaryimage\",\"url\":\"https:\\\/\\\/xstyle.md\\\/wp-content\\\/uploads\\\/2021\\\/04\\\/firebird-fb727s-1-rotated.jpg\",\"contentUrl\":\"https:\\\/\\\/xstyle.md\\\/wp-content\\\/uploads\\\/2021\\\/04\\\/firebird-fb727s-1-rotated.jpg\",\"width\":1500,\"height\":1500,\"caption\":\"\u041c\u0438\u043d\u0438\u0430\u0442\u044e\u0440\u0430 \u043d\u043e\u0436\u0430 Firebird FB727S-GY \u0434\u043b\u044f \u0430\u043a\u0442\u0438\u0432\u043d\u043e\u0433\u043e \u043e\u0442\u0434\u044b\u0445\u0430, \u0442\u0443\u0440\u0438\u0441\u0442\u0438\u0447\u0435\u0441\u043a\u043e\u0439 \u044d\u043a\u0438\u043f\u0438\u0440\u043e\u0432\u043a\u0438, \u043f\u043e\u0445\u043e\u0434\u043d\u043e\u0439 \u043e\u0431\u0443\u0432\u0438 \u0438 \u043e\u0434\u0435\u0436\u0434\u044b \u0434\u043b\u044f \u043f\u0443\u0442\u0435\u0448\u0435\u0441\u0442\u0432\u0438\u0439, \u0430\u043b\u044c\u043f\u0438\u043d\u0438\u0437\u043c\u0430 \u0438 \u0445\u0430\u0439\u043a\u0438\u043d\u0433\u0430\"},{\"@type\":\"BreadcrumbList\",\"@id\":\"https:\\\/\\\/xstyle.md\\\/product\\\/nozh-firebird-fb727s-gy\\\/#breadcrumb\",\"itemListElement\":[{\"@type\":\"ListItem\",\"position\":1,\"name\":\"\u0413\u043b\u0430\u0432\u043d\u0430\u044f \u0441\u0442\u0440\u0430\u043d\u0438\u0446\u0430\",\"item\":\"https:\\\/\\\/xstyle.md\\\/\"},{\"@type\":\"ListItem\",\"position\":2,\"name\":\"\u041c\u0430\u0433\u0430\u0437\u0438\u043d\",\"item\":\"https:\\\/\\\/xstyle.md\\\/shop\\\/\"},{\"@type\":\"ListItem\",\"position\":3,\"name\":\"\u041d\u043e\u0436 Firebird FB727S-GY\"}]},{\"@type\":\"WebSite\",\"@id\":\"https:\\\/\\\/xstyle.md\\\/#website\",\"url\":\"https:\\\/\\\/xstyle.md\\\/\",\"name\":\"\u041c\u0430\u0433\u0430\u0437\u0438\u043d Xstyle\",\"description\":\"C\u043d\u0430\u0440\u044f\u0436\u0435\u043d\u0438\u0435 \u0434\u043b\u044f \u0442\u0443\u0440\u0438\u0437\u043c\u0430 \u0438 \u044d\u043a\u0441\u0442\u0440\u0435\u043c\u0430\u043b\u044c\u043d\u044b\u0445 \u0432\u0438\u0434\u043e\u0432 \u0441\u043f\u043e\u0440\u0442\u0430 \u0432 \u041c\u043e\u043b\u0434\u043e\u0432\u0435.. \u0426\u0435\u043d\u044b, \u0444\u043e\u0442\u043e, \u0445\u0430\u0440\u0430\u043a\u0442\u0435\u0440\u0438\u0441\u0442\u0438\u043a\u0438 \u0432 \u041c\u043e\u043b\u0434\u043e\u0432\u0435.\",\"publisher\":{\"@id\":\"https:\\\/\\\/xstyle.md\\\/#organization\"},\"alternateName\":\"X-Style\",\"potentialAction\":[{\"@type\":\"SearchAction\",\"target\":{\"@type\":\"EntryPoint\",\"urlTemplate\":\"https:\\\/\\\/xstyle.md\\\/?s={search_term_string}\"},\"query-input\":{\"@type\":\"PropertyValueSpecification\",\"valueRequired\":true,\"valueName\":\"search_term_string\"}}],\"inLanguage\":\"ro-RO\"},{\"@type\":\"Organization\",\"@id\":\"https:\\\/\\\/xstyle.md\\\/#organization\",\"name\":\"\u041c\u0430\u0433\u0430\u0437\u0438\u043d Xstyle\",\"alternateName\":\"x-style\",\"url\":\"https:\\\/\\\/xstyle.md\\\/\",\"logo\":{\"@type\":\"ImageObject\",\"inLanguage\":\"ro-RO\",\"@id\":\"https:\\\/\\\/xstyle.md\\\/#\\\/schema\\\/logo\\\/image\\\/\",\"url\":\"https:\\\/\\\/xstyle.md\\\/wp-content\\\/uploads\\\/2020\\\/06\\\/logoicon.svg\",\"contentUrl\":\"https:\\\/\\\/xstyle.md\\\/wp-content\\\/uploads\\\/2020\\\/06\\\/logoicon.svg\",\"caption\":\"\u041c\u0430\u0433\u0430\u0437\u0438\u043d Xstyle\"},\"image\":{\"@id\":\"https:\\\/\\\/xstyle.md\\\/#\\\/schema\\\/logo\\\/image\\\/\"},\"sameAs\":[\"https:\\\/\\\/www.facebook.com\\\/xstylemd\",\"https:\\\/\\\/www.instagram.com\\\/xstyle_md\\\/\",\"https:\\\/\\\/t.me\\\/xstyle_outdoor\"],\"hasMerchantReturnPolicy\":{\"@type\":\"MerchantReturnPolicy\",\"merchantReturnLink\":\"https:\\\/\\\/xstyle.md\\\/ro\\\/conditions\\\/\"}}]}<\/script>\n<meta property=\"product:price:amount\" content=\"530.00\" \/>\n<meta property=\"product:price:currency\" content=\"MDL\" \/>\n<meta property=\"og:availability\" content=\"instock\" \/>\n<meta property=\"product:availability\" content=\"instock\" \/>\n<meta property=\"product:retailer_item_id\" content=\"6972591190092\" \/>\n<meta property=\"product:condition\" content=\"new\" \/>\n<!-- \/ Yoast SEO plugin. -->","yoast_head_json":{"title":"Cu\u021bit Firebird FB727S-GY - Magazin Xstyle","description":"Cu\u021bitul Firebird FB727S-GY este un cu\u021bit pliabil universal cu lam\u0103 droppoint, fabricat din material G10, av\u00e2nd o duritate de 58 HRC \u0219i o protec\u021bie fiabil\u0103 Axis Lock.","robots":{"index":"index","follow":"follow","max-snippet":"max-snippet:-1","max-image-preview":"max-image-preview:large","max-video-preview":"max-video-preview:-1"},"canonical":"https:\/\/xstyle.md\/ro\/produs\/nozh-firebird-fb727s-gy\/","og_locale":"ro_RO","og_type":"article","og_title":"\u041d\u043e\u0436 Firebird FB727S-GY - \u041c\u0430\u0433\u0430\u0437\u0438\u043d Xstyle","og_description":"\u041d\u043e\u0436 Firebird FB727S-GY \u2014 \u0443\u043d\u0438\u0432\u0435\u0440\u0441\u0430\u043b\u044c\u043d\u044b\u0439 \u0441\u043a\u043b\u0430\u0434\u043d\u043e\u0439 \u043d\u043e\u0436 \u0441 \u043b\u0435\u0437\u0432\u0438\u0435\u043c droppoint, \u043c\u0430\u0442\u0435\u0440\u0438\u0430\u043b G10, \u0442\u0432\u0435\u0440\u0434\u043e\u0441\u0442\u044c 58 HRC \u0438 \u043d\u0430\u0434\u0435\u0436\u043d\u0430\u044f \u0437\u0430\u0449\u0438\u0442\u0430 Axis Lock.","og_url":"https:\/\/xstyle.md\/ro\/produs\/nozh-firebird-fb727s-gy\/","og_site_name":"\u041c\u0430\u0433\u0430\u0437\u0438\u043d Xstyle","article_publisher":"https:\/\/www.facebook.com\/xstylemd","article_modified_time":"2025-10-24T09:34:10+00:00","og_image":[{"width":1500,"height":1500,"url":"https:\/\/xstyle.md\/wp-content\/uploads\/2021\/04\/firebird-fb727s-1-rotated.jpg","type":"image\/jpeg"}],"twitter_card":"summary_large_image","twitter_misc":{"Pre\u021b":"530&nbsp;MDL","Disponibilitate":"\u00cen stoc"},"schema":{"@context":"https:\/\/schema.org","@graph":[{"@type":"WebPage","@id":"https:\/\/xstyle.md\/product\/nozh-firebird-fb727s-gy\/","url":"https:\/\/xstyle.md\/product\/nozh-firebird-fb727s-gy\/","name":"Cu\u021bit Firebird FB727S-GY - Magazin Xstyle","isPartOf":{"@id":"https:\/\/xstyle.md\/#website"},"primaryImageOfPage":{"@id":"https:\/\/xstyle.md\/product\/nozh-firebird-fb727s-gy\/#primaryimage"},"image":{"@id":"https:\/\/xstyle.md\/product\/nozh-firebird-fb727s-gy\/#primaryimage"},"thumbnailUrl":"https:\/\/xstyle.md\/wp-content\/uploads\/2021\/04\/firebird-fb727s-1-rotated.jpg","datePublished":"2021-04-28T11:47:39+00:00","dateModified":"2025-10-24T09:34:10+00:00","description":"Cu\u021bitul Firebird FB727S-GY este un cu\u021bit pliabil universal cu lam\u0103 droppoint, fabricat din material G10, av\u00e2nd o duritate de 58 HRC \u0219i o protec\u021bie fiabil\u0103 Axis Lock.","breadcrumb":{"@id":"https:\/\/xstyle.md\/product\/nozh-firebird-fb727s-gy\/#breadcrumb"},"inLanguage":"ro-RO","potentialAction":[{"@type":"ReadAction","target":["https:\/\/xstyle.md\/product\/nozh-firebird-fb727s-gy\/"]}]},{"@type":"ImageObject","inLanguage":"ro-RO","@id":"https:\/\/xstyle.md\/product\/nozh-firebird-fb727s-gy\/#primaryimage","url":"https:\/\/xstyle.md\/wp-content\/uploads\/2021\/04\/firebird-fb727s-1-rotated.jpg","contentUrl":"https:\/\/xstyle.md\/wp-content\/uploads\/2021\/04\/firebird-fb727s-1-rotated.jpg","width":1500,"height":1500,"caption":"\u041c\u0438\u043d\u0438\u0430\u0442\u044e\u0440\u0430 \u043d\u043e\u0436\u0430 Firebird FB727S-GY \u0434\u043b\u044f \u0430\u043a\u0442\u0438\u0432\u043d\u043e\u0433\u043e \u043e\u0442\u0434\u044b\u0445\u0430, \u0442\u0443\u0440\u0438\u0441\u0442\u0438\u0447\u0435\u0441\u043a\u043e\u0439 \u044d\u043a\u0438\u043f\u0438\u0440\u043e\u0432\u043a\u0438, \u043f\u043e\u0445\u043e\u0434\u043d\u043e\u0439 \u043e\u0431\u0443\u0432\u0438 \u0438 \u043e\u0434\u0435\u0436\u0434\u044b \u0434\u043b\u044f \u043f\u0443\u0442\u0435\u0448\u0435\u0441\u0442\u0432\u0438\u0439, \u0430\u043b\u044c\u043f\u0438\u043d\u0438\u0437\u043c\u0430 \u0438 \u0445\u0430\u0439\u043a\u0438\u043d\u0433\u0430"},{"@type":"BreadcrumbList","@id":"https:\/\/xstyle.md\/product\/nozh-firebird-fb727s-gy\/#breadcrumb","itemListElement":[{"@type":"ListItem","position":1,"name":"\u0413\u043b\u0430\u0432\u043d\u0430\u044f \u0441\u0442\u0440\u0430\u043d\u0438\u0446\u0430","item":"https:\/\/xstyle.md\/"},{"@type":"ListItem","position":2,"name":"\u041c\u0430\u0433\u0430\u0437\u0438\u043d","item":"https:\/\/xstyle.md\/shop\/"},{"@type":"ListItem","position":3,"name":"\u041d\u043e\u0436 Firebird FB727S-GY"}]},{"@type":"WebSite","@id":"https:\/\/xstyle.md\/#website","url":"https:\/\/xstyle.md\/","name":"Magazinul X-Style","description":"Echipamente pentru turism \u0219i sporturi extreme \u00een Moldova. Pre\u021buri, fotografii, caracteristici \u00een Moldova.","publisher":{"@id":"https:\/\/xstyle.md\/#organization"},"alternateName":"X-Style","potentialAction":[{"@type":"SearchAction","target":{"@type":"EntryPoint","urlTemplate":"https:\/\/xstyle.md\/?s={search_term_string}"},"query-input":{"@type":"PropertyValueSpecification","valueRequired":true,"valueName":"search_term_string"}}],"inLanguage":"ro-RO"},{"@type":"Organization","@id":"https:\/\/xstyle.md\/#organization","name":"Magazinul X-Style","alternateName":"x-style","url":"https:\/\/xstyle.md\/","logo":{"@type":"ImageObject","inLanguage":"ro-RO","@id":"https:\/\/xstyle.md\/#\/schema\/logo\/image\/","url":"https:\/\/xstyle.md\/wp-content\/uploads\/2020\/06\/logoicon.svg","contentUrl":"https:\/\/xstyle.md\/wp-content\/uploads\/2020\/06\/logoicon.svg","caption":"\u041c\u0430\u0433\u0430\u0437\u0438\u043d Xstyle"},"image":{"@id":"https:\/\/xstyle.md\/#\/schema\/logo\/image\/"},"sameAs":["https:\/\/www.facebook.com\/xstylemd","https:\/\/www.instagram.com\/xstyle_md\/","https:\/\/t.me\/xstyle_outdoor"],"hasMerchantReturnPolicy":{"@type":"MerchantReturnPolicy","merchantReturnLink":"https:\/\/xstyle.md\/ro\/conditions\/"}}]},"product_price_amount":"530.00","product_price_currency":"MDL","og_availability":"instock","product_availability":"instock","product_retailer_item_id":"6972591190092","product_condition":"new"},"_links":{"self":[{"href":"https:\/\/xstyle.md\/ro\/wp-json\/wp\/v2\/product\/30873","targetHints":{"allow":["GET"]}}],"collection":[{"href":"https:\/\/xstyle.md\/ro\/wp-json\/wp\/v2\/product"}],"about":[{"href":"https:\/\/xstyle.md\/ro\/wp-json\/wp\/v2\/types\/product"}],"replies":[{"embeddable":true,"href":"https:\/\/xstyle.md\/ro\/wp-json\/wp\/v2\/comments?post=30873"}],"wp:featuredmedia":[{"embeddable":true,"href":"https:\/\/xstyle.md\/ro\/wp-json\/wp\/v2\/media\/46275"}],"wp:attachment":[{"href":"https:\/\/xstyle.md\/ro\/wp-json\/wp\/v2\/media?parent=30873"}],"wp:term":[{"taxonomy":"product_brand","embeddable":true,"href":"https:\/\/xstyle.md\/ro\/wp-json\/wp\/v2\/product_brand?post=30873"},{"taxonomy":"product_cat","embeddable":true,"href":"https:\/\/xstyle.md\/ro\/wp-json\/wp\/v2\/product_cat?post=30873"},{"taxonomy":"product_tag","embeddable":true,"href":"https:\/\/xstyle.md\/ro\/wp-json\/wp\/v2\/product_tag?post=30873"}],"curies":[{"name":"wp","href":"https:\/\/api.w.org\/{rel}","templated":true}]}}