{"id":30694,"date":"2021-04-28T14:42:04","date_gmt":"2021-04-28T11:42:04","guid":{"rendered":"https:\/\/xstyle.md\/product\/kolyshki-msr-blizzard-stake-kit\/"},"modified":"2024-10-21T09:00:32","modified_gmt":"2024-10-21T06:00:32","slug":"kolyshki-msr-blizzard-stake-kit","status":"publish","type":"product","link":"https:\/\/xstyle.md\/ro\/produs\/kolyshki-msr-blizzard-stake-kit\/","title":{"rendered":"T\u0103ru\u0219i MSR Blizzard Stake Kit"},"content":{"rendered":"<\/p>\n<p>T\u0103ru\u0219i <strong>MSR Blizzard Stake Kit<\/strong> din aluminiu. Conceput pentru nisip sau z\u0103pad\u0103. Form\u0103 perforat\u0103 confortabil\u0103 \u0219i bucla pentru scoaterea din p\u0103m\u00e2nt. Culoarea contrastant\u0103 asigur\u0103 o bun\u0103 vizibilitate chiar \u0219i la l\u0103sarea \u00eentunericului.<\/p>\n<h3>Particularit\u0103\u021bi<\/h3>\n<ul>\n<li>Robust \u0219i durabil<\/li>\n<li>Necoroziv<\/li>\n<li>Forma de C previne deformarea, cuiul nu se va \u00eendoi<\/li>\n<li>Perfora\u021bia face mai u\u0219oar\u0103 \u0219i mai sigur\u0103 men\u021binerea \u00een z\u0103pad\u0103 sau nisip.<\/li>\n<\/ul>\n<h3>Caracteristici<\/h3>\n<ul>\n<li>Greutate &#8212; 25 g<\/li>\n<li>Lungime &#8212; 24,13 cm<\/li>\n<li>L\u0103\u021bime &#8212; 2,54 cm<\/li>\n<li>Material &#8212; Aluminum 7000 series<\/li>\n<li>Set de 4.<\/li>\n<\/ul>\n<h3>Marca<\/h3>\n<p>MSR este un renumit produc\u0103tor de articole sportive care produce echipamente pentru alpini\u0219tii profesioni\u0219ti \u0219i pentru cei care acord\u0103 prioritate activit\u0103\u021bilor \u00een aer liber. Produsele sunt concepute pentru a face c\u00e2t mai u\u0219or posibil ca o persoan\u0103 s\u0103 r\u0103m\u00e2n\u0103 \u00een aer liber pentru perioade lungi de timp. Sunt echipamente versatile, care pot fi folosite at\u00e2t \u00eentr-o excursie obi\u0219nuit\u0103 de camping, c\u00e2t \u0219i \u00eentr-o expedi\u021bie solicitant\u0103.<\/p>\n<p><\/p>","protected":false},"excerpt":{"rendered":"<p>T\u0103ru\u0219i MSR Blizzard Stake Kit<\/p>","protected":false},"featured_media":30690,"comment_status":"open","ping_status":"closed","template":"","meta":{"_acf_changed":false,"inline_featured_image":false},"product_brand":[1279],"product_cat":[312],"product_tag":[],"class_list":{"0":"post-30694","1":"product","2":"type-product","3":"status-publish","4":"has-post-thumbnail","6":"product_brand-msr","7":"product_cat-accessories-for-tents","9":"first","10":"instock","11":"shipping-taxable","12":"purchasable","13":"product-type-simple"},"acf":[],"yoast_head":"<!-- This site is optimized with the Yoast SEO plugin v27.4 - https:\/\/yoast.com\/product\/yoast-seo-wordpress\/ -->\n<title>\u041a\u043e\u043b\u044b\u0448\u043a\u0438 MSR Blizzard Stake Kit - \u041c\u0430\u0433\u0430\u0437\u0438\u043d Xstyle<\/title>\n<meta name=\"description\" content=\"\u041e\u0442\u043a\u0440\u043e\u0439\u0442\u0435 \u0434\u043b\u044f \u0441\u0435\u0431\u044f \u043a\u043e\u043b\u044b\u0448\u043a\u0438 MSR Blizzard Stake Kit \u2014 \u043f\u0440\u043e\u0447\u043d\u044b\u0435, \u043b\u0435\u0433\u043a\u0438\u0435, \u0438\u0434\u0435\u0430\u043b\u044c\u043d\u044b\u0435 \u0434\u043b\u044f \u043f\u0435\u0441\u043a\u0430 \u0438 \u0441\u043d\u0435\u0433\u0430. \u041e\u0442\u043b\u0438\u0447\u043d\u0430\u044f \u0432\u0438\u0434\u0438\u043c\u043e\u0441\u0442\u044c \u0438 \u0444\u043e\u0440\u043c\u0430 C \u0434\u043b\u044f \u043b\u0435\u0433\u043a\u043e\u0433\u043e \u0438\u0437\u0432\u043b\u0435\u0447\u0435\u043d\u0438\u044f.\" \/>\n<meta name=\"robots\" content=\"index, follow, max-snippet:-1, max-image-preview:large, max-video-preview:-1\" \/>\n<link rel=\"canonical\" href=\"https:\/\/xstyle.md\/ro\/produs\/kolyshki-msr-blizzard-stake-kit\/\" \/>\n<meta property=\"og:locale\" content=\"ro_RO\" \/>\n<meta property=\"og:type\" content=\"article\" \/>\n<meta property=\"og:title\" content=\"\u041a\u043e\u043b\u044b\u0448\u043a\u0438 MSR Blizzard Stake Kit - \u041c\u0430\u0433\u0430\u0437\u0438\u043d Xstyle\" \/>\n<meta property=\"og:description\" content=\"\u041e\u0442\u043a\u0440\u043e\u0439\u0442\u0435 \u0434\u043b\u044f \u0441\u0435\u0431\u044f \u043a\u043e\u043b\u044b\u0448\u043a\u0438 MSR Blizzard Stake Kit \u2014 \u043f\u0440\u043e\u0447\u043d\u044b\u0435, \u043b\u0435\u0433\u043a\u0438\u0435, \u0438\u0434\u0435\u0430\u043b\u044c\u043d\u044b\u0435 \u0434\u043b\u044f \u043f\u0435\u0441\u043a\u0430 \u0438 \u0441\u043d\u0435\u0433\u0430. \u041e\u0442\u043b\u0438\u0447\u043d\u0430\u044f \u0432\u0438\u0434\u0438\u043c\u043e\u0441\u0442\u044c \u0438 \u0444\u043e\u0440\u043c\u0430 C \u0434\u043b\u044f \u043b\u0435\u0433\u043a\u043e\u0433\u043e \u0438\u0437\u0432\u043b\u0435\u0447\u0435\u043d\u0438\u044f.\" \/>\n<meta property=\"og:url\" content=\"https:\/\/xstyle.md\/ro\/produs\/kolyshki-msr-blizzard-stake-kit\/\" \/>\n<meta property=\"og:site_name\" content=\"\u041c\u0430\u0433\u0430\u0437\u0438\u043d Xstyle\" \/>\n<meta property=\"article:publisher\" content=\"https:\/\/www.facebook.com\/xstylemd\" \/>\n<meta property=\"article:modified_time\" content=\"2024-10-21T06:00:32+00:00\" \/>\n<meta property=\"og:image\" content=\"https:\/\/xstyle.md\/wp-content\/uploads\/2021\/04\/msr_blizzard_stake_kit-2.jpg\" \/>\n\t<meta property=\"og:image:width\" content=\"700\" \/>\n\t<meta property=\"og:image:height\" content=\"480\" \/>\n\t<meta property=\"og:image:type\" content=\"image\/jpeg\" \/>\n<meta name=\"twitter:card\" content=\"summary_large_image\" \/>\n<meta name=\"twitter:label1\" content=\"Pre\u021b\" \/>\n\t<meta name=\"twitter:data1\" content=\"595&nbsp;MDL\" \/>\n\t<meta name=\"twitter:label2\" content=\"Disponibilitate\" \/>\n\t<meta name=\"twitter:data2\" content=\"\u00cen stoc\" \/>\n<script type=\"application\/ld+json\" class=\"yoast-schema-graph\">{\"@context\":\"https:\\\/\\\/schema.org\",\"@graph\":[{\"@type\":\"WebPage\",\"@id\":\"https:\\\/\\\/xstyle.md\\\/product\\\/kolyshki-msr-blizzard-stake-kit\\\/\",\"url\":\"https:\\\/\\\/xstyle.md\\\/product\\\/kolyshki-msr-blizzard-stake-kit\\\/\",\"name\":\"\u041a\u043e\u043b\u044b\u0448\u043a\u0438 MSR Blizzard Stake Kit - \u041c\u0430\u0433\u0430\u0437\u0438\u043d Xstyle\",\"isPartOf\":{\"@id\":\"https:\\\/\\\/xstyle.md\\\/#website\"},\"primaryImageOfPage\":{\"@id\":\"https:\\\/\\\/xstyle.md\\\/product\\\/kolyshki-msr-blizzard-stake-kit\\\/#primaryimage\"},\"image\":{\"@id\":\"https:\\\/\\\/xstyle.md\\\/product\\\/kolyshki-msr-blizzard-stake-kit\\\/#primaryimage\"},\"thumbnailUrl\":\"https:\\\/\\\/xstyle.md\\\/wp-content\\\/uploads\\\/2021\\\/04\\\/msr_blizzard_stake_kit-2.jpg\",\"datePublished\":\"2021-04-28T11:42:04+00:00\",\"dateModified\":\"2024-10-21T06:00:32+00:00\",\"description\":\"\u041e\u0442\u043a\u0440\u043e\u0439\u0442\u0435 \u0434\u043b\u044f \u0441\u0435\u0431\u044f \u043a\u043e\u043b\u044b\u0448\u043a\u0438 MSR Blizzard Stake Kit \u2014 \u043f\u0440\u043e\u0447\u043d\u044b\u0435, \u043b\u0435\u0433\u043a\u0438\u0435, \u0438\u0434\u0435\u0430\u043b\u044c\u043d\u044b\u0435 \u0434\u043b\u044f \u043f\u0435\u0441\u043a\u0430 \u0438 \u0441\u043d\u0435\u0433\u0430. \u041e\u0442\u043b\u0438\u0447\u043d\u0430\u044f \u0432\u0438\u0434\u0438\u043c\u043e\u0441\u0442\u044c \u0438 \u0444\u043e\u0440\u043c\u0430 C \u0434\u043b\u044f \u043b\u0435\u0433\u043a\u043e\u0433\u043e \u0438\u0437\u0432\u043b\u0435\u0447\u0435\u043d\u0438\u044f.\",\"breadcrumb\":{\"@id\":\"https:\\\/\\\/xstyle.md\\\/product\\\/kolyshki-msr-blizzard-stake-kit\\\/#breadcrumb\"},\"inLanguage\":\"ro-RO\",\"potentialAction\":[{\"@type\":\"ReadAction\",\"target\":[\"https:\\\/\\\/xstyle.md\\\/product\\\/kolyshki-msr-blizzard-stake-kit\\\/\"]}]},{\"@type\":\"ImageObject\",\"inLanguage\":\"ro-RO\",\"@id\":\"https:\\\/\\\/xstyle.md\\\/product\\\/kolyshki-msr-blizzard-stake-kit\\\/#primaryimage\",\"url\":\"https:\\\/\\\/xstyle.md\\\/wp-content\\\/uploads\\\/2021\\\/04\\\/msr_blizzard_stake_kit-2.jpg\",\"contentUrl\":\"https:\\\/\\\/xstyle.md\\\/wp-content\\\/uploads\\\/2021\\\/04\\\/msr_blizzard_stake_kit-2.jpg\",\"width\":700,\"height\":480},{\"@type\":\"BreadcrumbList\",\"@id\":\"https:\\\/\\\/xstyle.md\\\/product\\\/kolyshki-msr-blizzard-stake-kit\\\/#breadcrumb\",\"itemListElement\":[{\"@type\":\"ListItem\",\"position\":1,\"name\":\"\u0413\u043b\u0430\u0432\u043d\u0430\u044f \u0441\u0442\u0440\u0430\u043d\u0438\u0446\u0430\",\"item\":\"https:\\\/\\\/xstyle.md\\\/\"},{\"@type\":\"ListItem\",\"position\":2,\"name\":\"\u041c\u0430\u0433\u0430\u0437\u0438\u043d\",\"item\":\"https:\\\/\\\/xstyle.md\\\/shop\\\/\"},{\"@type\":\"ListItem\",\"position\":3,\"name\":\"\u041a\u043e\u043b\u044b\u0448\u043a\u0438 MSR Blizzard Stake Kit\"}]},{\"@type\":\"WebSite\",\"@id\":\"https:\\\/\\\/xstyle.md\\\/#website\",\"url\":\"https:\\\/\\\/xstyle.md\\\/\",\"name\":\"\u041c\u0430\u0433\u0430\u0437\u0438\u043d Xstyle\",\"description\":\"C\u043d\u0430\u0440\u044f\u0436\u0435\u043d\u0438\u0435 \u0434\u043b\u044f \u0442\u0443\u0440\u0438\u0437\u043c\u0430 \u0438 \u044d\u043a\u0441\u0442\u0440\u0435\u043c\u0430\u043b\u044c\u043d\u044b\u0445 \u0432\u0438\u0434\u043e\u0432 \u0441\u043f\u043e\u0440\u0442\u0430 \u0432 \u041c\u043e\u043b\u0434\u043e\u0432\u0435.. \u0426\u0435\u043d\u044b, \u0444\u043e\u0442\u043e, \u0445\u0430\u0440\u0430\u043a\u0442\u0435\u0440\u0438\u0441\u0442\u0438\u043a\u0438 \u0432 \u041c\u043e\u043b\u0434\u043e\u0432\u0435.\",\"publisher\":{\"@id\":\"https:\\\/\\\/xstyle.md\\\/#organization\"},\"alternateName\":\"X-Style\",\"potentialAction\":[{\"@type\":\"SearchAction\",\"target\":{\"@type\":\"EntryPoint\",\"urlTemplate\":\"https:\\\/\\\/xstyle.md\\\/?s={search_term_string}\"},\"query-input\":{\"@type\":\"PropertyValueSpecification\",\"valueRequired\":true,\"valueName\":\"search_term_string\"}}],\"inLanguage\":\"ro-RO\"},{\"@type\":\"Organization\",\"@id\":\"https:\\\/\\\/xstyle.md\\\/#organization\",\"name\":\"\u041c\u0430\u0433\u0430\u0437\u0438\u043d Xstyle\",\"alternateName\":\"x-style\",\"url\":\"https:\\\/\\\/xstyle.md\\\/\",\"logo\":{\"@type\":\"ImageObject\",\"inLanguage\":\"ro-RO\",\"@id\":\"https:\\\/\\\/xstyle.md\\\/#\\\/schema\\\/logo\\\/image\\\/\",\"url\":\"https:\\\/\\\/xstyle.md\\\/wp-content\\\/uploads\\\/2020\\\/06\\\/logoicon.svg\",\"contentUrl\":\"https:\\\/\\\/xstyle.md\\\/wp-content\\\/uploads\\\/2020\\\/06\\\/logoicon.svg\",\"caption\":\"\u041c\u0430\u0433\u0430\u0437\u0438\u043d Xstyle\"},\"image\":{\"@id\":\"https:\\\/\\\/xstyle.md\\\/#\\\/schema\\\/logo\\\/image\\\/\"},\"sameAs\":[\"https:\\\/\\\/www.facebook.com\\\/xstylemd\",\"https:\\\/\\\/www.instagram.com\\\/xstyle_md\\\/\",\"https:\\\/\\\/t.me\\\/xstyle_outdoor\"],\"hasMerchantReturnPolicy\":{\"@type\":\"MerchantReturnPolicy\",\"merchantReturnLink\":\"https:\\\/\\\/xstyle.md\\\/ro\\\/conditions\\\/\"}}]}<\/script>\n<meta property=\"product:price:amount\" content=\"595.00\" \/>\n<meta property=\"product:price:currency\" content=\"MDL\" \/>\n<meta property=\"og:availability\" content=\"instock\" \/>\n<meta property=\"product:availability\" content=\"instock\" \/>\n<meta property=\"product:retailer_item_id\" content=\"40818058091\" \/>\n<meta property=\"product:condition\" content=\"new\" \/>\n<!-- \/ Yoast SEO plugin. -->","yoast_head_json":{"title":"T\u0103ru\u0219i MSR Blizzard Stake Kit - Magazin Xstyle","description":"Descoperi\u021bi peg-urile MSR Blizzard Stake Kit - durabile, u\u0219oare, ideale pentru nisip \u0219i z\u0103pad\u0103. Vizibilitate excelent\u0103 \u0219i form\u0103 \u00een C pentru o extragere u\u0219oar\u0103.","robots":{"index":"index","follow":"follow","max-snippet":"max-snippet:-1","max-image-preview":"max-image-preview:large","max-video-preview":"max-video-preview:-1"},"canonical":"https:\/\/xstyle.md\/ro\/produs\/kolyshki-msr-blizzard-stake-kit\/","og_locale":"ro_RO","og_type":"article","og_title":"\u041a\u043e\u043b\u044b\u0448\u043a\u0438 MSR Blizzard Stake Kit - \u041c\u0430\u0433\u0430\u0437\u0438\u043d Xstyle","og_description":"\u041e\u0442\u043a\u0440\u043e\u0439\u0442\u0435 \u0434\u043b\u044f \u0441\u0435\u0431\u044f \u043a\u043e\u043b\u044b\u0448\u043a\u0438 MSR Blizzard Stake Kit \u2014 \u043f\u0440\u043e\u0447\u043d\u044b\u0435, \u043b\u0435\u0433\u043a\u0438\u0435, \u0438\u0434\u0435\u0430\u043b\u044c\u043d\u044b\u0435 \u0434\u043b\u044f \u043f\u0435\u0441\u043a\u0430 \u0438 \u0441\u043d\u0435\u0433\u0430. \u041e\u0442\u043b\u0438\u0447\u043d\u0430\u044f \u0432\u0438\u0434\u0438\u043c\u043e\u0441\u0442\u044c \u0438 \u0444\u043e\u0440\u043c\u0430 C \u0434\u043b\u044f \u043b\u0435\u0433\u043a\u043e\u0433\u043e \u0438\u0437\u0432\u043b\u0435\u0447\u0435\u043d\u0438\u044f.","og_url":"https:\/\/xstyle.md\/ro\/produs\/kolyshki-msr-blizzard-stake-kit\/","og_site_name":"\u041c\u0430\u0433\u0430\u0437\u0438\u043d Xstyle","article_publisher":"https:\/\/www.facebook.com\/xstylemd","article_modified_time":"2024-10-21T06:00:32+00:00","og_image":[{"width":700,"height":480,"url":"https:\/\/xstyle.md\/wp-content\/uploads\/2021\/04\/msr_blizzard_stake_kit-2.jpg","type":"image\/jpeg"}],"twitter_card":"summary_large_image","twitter_misc":{"Pre\u021b":"595&nbsp;MDL","Disponibilitate":"\u00cen stoc"},"schema":{"@context":"https:\/\/schema.org","@graph":[{"@type":"WebPage","@id":"https:\/\/xstyle.md\/product\/kolyshki-msr-blizzard-stake-kit\/","url":"https:\/\/xstyle.md\/product\/kolyshki-msr-blizzard-stake-kit\/","name":"T\u0103ru\u0219i MSR Blizzard Stake Kit - Magazin Xstyle","isPartOf":{"@id":"https:\/\/xstyle.md\/#website"},"primaryImageOfPage":{"@id":"https:\/\/xstyle.md\/product\/kolyshki-msr-blizzard-stake-kit\/#primaryimage"},"image":{"@id":"https:\/\/xstyle.md\/product\/kolyshki-msr-blizzard-stake-kit\/#primaryimage"},"thumbnailUrl":"https:\/\/xstyle.md\/wp-content\/uploads\/2021\/04\/msr_blizzard_stake_kit-2.jpg","datePublished":"2021-04-28T11:42:04+00:00","dateModified":"2024-10-21T06:00:32+00:00","description":"Descoperi\u021bi peg-urile MSR Blizzard Stake Kit - durabile, u\u0219oare, ideale pentru nisip \u0219i z\u0103pad\u0103. Vizibilitate excelent\u0103 \u0219i form\u0103 \u00een C pentru o extragere u\u0219oar\u0103.","breadcrumb":{"@id":"https:\/\/xstyle.md\/product\/kolyshki-msr-blizzard-stake-kit\/#breadcrumb"},"inLanguage":"ro-RO","potentialAction":[{"@type":"ReadAction","target":["https:\/\/xstyle.md\/product\/kolyshki-msr-blizzard-stake-kit\/"]}]},{"@type":"ImageObject","inLanguage":"ro-RO","@id":"https:\/\/xstyle.md\/product\/kolyshki-msr-blizzard-stake-kit\/#primaryimage","url":"https:\/\/xstyle.md\/wp-content\/uploads\/2021\/04\/msr_blizzard_stake_kit-2.jpg","contentUrl":"https:\/\/xstyle.md\/wp-content\/uploads\/2021\/04\/msr_blizzard_stake_kit-2.jpg","width":700,"height":480},{"@type":"BreadcrumbList","@id":"https:\/\/xstyle.md\/product\/kolyshki-msr-blizzard-stake-kit\/#breadcrumb","itemListElement":[{"@type":"ListItem","position":1,"name":"\u0413\u043b\u0430\u0432\u043d\u0430\u044f \u0441\u0442\u0440\u0430\u043d\u0438\u0446\u0430","item":"https:\/\/xstyle.md\/"},{"@type":"ListItem","position":2,"name":"\u041c\u0430\u0433\u0430\u0437\u0438\u043d","item":"https:\/\/xstyle.md\/shop\/"},{"@type":"ListItem","position":3,"name":"\u041a\u043e\u043b\u044b\u0448\u043a\u0438 MSR Blizzard Stake Kit"}]},{"@type":"WebSite","@id":"https:\/\/xstyle.md\/#website","url":"https:\/\/xstyle.md\/","name":"Magazinul X-Style","description":"Echipamente pentru turism \u0219i sporturi extreme \u00een Moldova. Pre\u021buri, fotografii, caracteristici \u00een Moldova.","publisher":{"@id":"https:\/\/xstyle.md\/#organization"},"alternateName":"X-Style","potentialAction":[{"@type":"SearchAction","target":{"@type":"EntryPoint","urlTemplate":"https:\/\/xstyle.md\/?s={search_term_string}"},"query-input":{"@type":"PropertyValueSpecification","valueRequired":true,"valueName":"search_term_string"}}],"inLanguage":"ro-RO"},{"@type":"Organization","@id":"https:\/\/xstyle.md\/#organization","name":"Magazinul X-Style","alternateName":"x-style","url":"https:\/\/xstyle.md\/","logo":{"@type":"ImageObject","inLanguage":"ro-RO","@id":"https:\/\/xstyle.md\/#\/schema\/logo\/image\/","url":"https:\/\/xstyle.md\/wp-content\/uploads\/2020\/06\/logoicon.svg","contentUrl":"https:\/\/xstyle.md\/wp-content\/uploads\/2020\/06\/logoicon.svg","caption":"\u041c\u0430\u0433\u0430\u0437\u0438\u043d Xstyle"},"image":{"@id":"https:\/\/xstyle.md\/#\/schema\/logo\/image\/"},"sameAs":["https:\/\/www.facebook.com\/xstylemd","https:\/\/www.instagram.com\/xstyle_md\/","https:\/\/t.me\/xstyle_outdoor"],"hasMerchantReturnPolicy":{"@type":"MerchantReturnPolicy","merchantReturnLink":"https:\/\/xstyle.md\/ro\/conditions\/"}}]},"product_price_amount":"595.00","product_price_currency":"MDL","og_availability":"instock","product_availability":"instock","product_retailer_item_id":"40818058091","product_condition":"new"},"post_mailing_queue_ids":[],"_links":{"self":[{"href":"https:\/\/xstyle.md\/ro\/wp-json\/wp\/v2\/product\/30694","targetHints":{"allow":["GET"]}}],"collection":[{"href":"https:\/\/xstyle.md\/ro\/wp-json\/wp\/v2\/product"}],"about":[{"href":"https:\/\/xstyle.md\/ro\/wp-json\/wp\/v2\/types\/product"}],"replies":[{"embeddable":true,"href":"https:\/\/xstyle.md\/ro\/wp-json\/wp\/v2\/comments?post=30694"}],"wp:featuredmedia":[{"embeddable":true,"href":"https:\/\/xstyle.md\/ro\/wp-json\/wp\/v2\/media\/30690"}],"wp:attachment":[{"href":"https:\/\/xstyle.md\/ro\/wp-json\/wp\/v2\/media?parent=30694"}],"wp:term":[{"taxonomy":"product_brand","embeddable":true,"href":"https:\/\/xstyle.md\/ro\/wp-json\/wp\/v2\/product_brand?post=30694"},{"taxonomy":"product_cat","embeddable":true,"href":"https:\/\/xstyle.md\/ro\/wp-json\/wp\/v2\/product_cat?post=30694"},{"taxonomy":"product_tag","embeddable":true,"href":"https:\/\/xstyle.md\/ro\/wp-json\/wp\/v2\/product_tag?post=30694"}],"curies":[{"name":"wp","href":"https:\/\/api.w.org\/{rel}","templated":true}]}}