{"id":30630,"date":"2021-04-28T14:40:41","date_gmt":"2021-04-28T11:40:41","guid":{"rendered":"https:\/\/xstyle.md\/product\/perchatki-black-diamond-crag-half-finger-astral-blue\/"},"modified":"2025-11-05T18:19:30","modified_gmt":"2025-11-05T15:19:30","slug":"perchatki-black-diamond-crag-half-finger-astral-blue","status":"publish","type":"product","link":"https:\/\/xstyle.md\/ro\/produs\/perchatki-black-diamond-crag-half-finger-astral-blue\/","title":{"rendered":"M\u0103nu\u0219i Black Diamond Crag Half-Finger astral blue"},"content":{"rendered":"<\/p>\n<p><strong>Black Diamond Crag Half-Finger astral blue<\/strong> &#8212; m\u0103nu\u0219i u\u0219oare, respirabile, rezistente la abraziune, potrivite pentru asigurare, via ferrata \u0219i c\u0103\u021b\u0103rare folosind puncte de sprijin artificiale. Acestea v\u0103 vor proteja degetele f\u0103r\u0103 a compromite abilit\u0103\u021bile motorii fine. Indiferent dac\u0103 fixa\u021bi micro-stopuri sau v\u0103 c\u0103\u021b\u0103ra\u021bi pe o coard\u0103, combina\u021bia de \u021bes\u0103tur\u0103 din plas\u0103 elastic\u0103 respirabil\u0103 \u0219i piele sintetic\u0103 moale va asigura o potrivire confortabil\u0103 \u0219i o prindere sigur\u0103.<\/p>\n<h3>Particularit\u0103\u021bi<\/h3>\n<ul>\n<li>\u021aes\u0103tur\u0103 din plas\u0103 elastic\u0103 respirabil\u0103 \u0219i ranforsare \u00een zona articula\u021biilor<\/li>\n<li>Palma \u0219i degetele din piele artificial\u0103 cu index \u0219i degetul mare ranforsate pentru durabilitate<\/li>\n<li>Man\u0219et\u0103 Velcro Hook-and-loop cu o bucl\u0103 special\u0103<\/li>\n<\/ul>\n<h3>Caracteristici<\/h3>\n<ul>\n<li>Material &#8212; \u021bes\u0103tur\u0103 din plas\u0103 elastic\u0103, piele artificial\u0103<\/li>\n<li>Sarcina de rupere &#8212; 1,0 kg<\/li>\n<li>Scop &#8212; alpinism, via ferrata, escalad\u0103<\/li>\n<li>Model &#8212; unisex<\/li>\n<\/ul>\n<h3>Marca<\/h3>\n<p>Black Diamond este un produc\u0103tor american de echipamente sportive \u0219i turistice de \u00eenalt\u0103 tehnologie, un dezvoltator legendar \u0219i &#171;revolu\u021bionar&#187;, una dintre cele mai faimoase \u0219i reputate m\u0103rci existente ast\u0103zi pe pia\u021ba global\u0103 de activit\u0103\u021bi \u00een aer liber. Produsele companiei sunt reprezentate pe scar\u0103 larg\u0103 \u00een domenii precum alpinismul, alpinismul \u0219i schiatul: &#171;fier&#187; \u0219i carabiniere, echipamente pentru ghea\u021b\u0103, sisteme de siguran\u021b\u0103, c\u0103\u0219ti, rucsacuri, corturi, lanterne, be\u021be telescopice, schiuri, bocanci, \u00eembr\u0103c\u0103minte &#8212; toate acestea, timp de mai multe decenii, au fost produse sub logo-ul Black Diamond, care reprezint\u0103 tehnologia avansat\u0103 \u0219i este o garan\u021bie a celei mai \u00eenalte calit\u0103\u021bi, a fiabilit\u0103\u021bii maxime \u0219i a confortului \u00een utilizare.<\/p>\n<p>[\/trp_language<\/p>","protected":false},"excerpt":{"rendered":"<p>M\u0103nu\u0219i Black Diamond Crag Half-Finger astral blue<\/p>","protected":false},"featured_media":30629,"comment_status":"open","ping_status":"closed","template":"","meta":{"_acf_changed":false,"inline_featured_image":false},"product_brand":[1306],"product_cat":[305],"product_tag":[],"class_list":{"0":"post-30630","1":"product","2":"type-product","3":"status-publish","4":"has-post-thumbnail","6":"product_brand-black-diamond","7":"product_cat-climbing-accessories","9":"first","10":"instock","11":"shipping-taxable","12":"purchasable","13":"product-type-simple"},"acf":[],"yoast_head":"<!-- This site is optimized with the Yoast SEO plugin v27.4 - https:\/\/yoast.com\/product\/yoast-seo-wordpress\/ -->\n<title>\u041f\u0435\u0440\u0447\u0430\u0442\u043a\u0438 Black Diamond Crag Half-Finger astral blue - \u041c\u0430\u0433\u0430\u0437\u0438\u043d Xstyle<\/title>\n<meta name=\"description\" content=\"\u041f\u0435\u0440\u0447\u0430\u0442\u043a\u0438 Black Diamond Crag Half-Finger astral blue: \u043b\u0435\u0433\u043a\u0438\u0435, \u0434\u044b\u0448\u0430\u0449\u0438\u0435, \u0443\u0441\u0442\u043e\u0439\u0447\u0438\u0432\u044b\u0435 \u043a \u0438\u0437\u043d\u043e\u0441\u0443. \u0418\u0434\u0435\u0430\u043b\u044c\u043d\u044b \u0434\u043b\u044f \u0430\u043b\u044c\u043f\u0438\u043d\u0438\u0437\u043c\u0430 \u0438 \u0441\u043a\u0430\u043b\u043e\u043b\u0430\u0437\u0430\u043d\u0438\u044f. \u041c\u0430\u043a\u0441\u0438\u043c\u0430\u043b\u044c\u043d\u0430\u044f \u0437\u0430\u0449\u0438\u0442\u0430!\" \/>\n<meta name=\"robots\" content=\"index, follow, max-snippet:-1, max-image-preview:large, max-video-preview:-1\" \/>\n<link rel=\"canonical\" href=\"https:\/\/xstyle.md\/ro\/produs\/perchatki-black-diamond-crag-half-finger-astral-blue\/\" \/>\n<meta property=\"og:locale\" content=\"ro_RO\" \/>\n<meta property=\"og:type\" content=\"article\" \/>\n<meta property=\"og:title\" content=\"\u041f\u0435\u0440\u0447\u0430\u0442\u043a\u0438 Black Diamond Crag Half-Finger astral blue - \u041c\u0430\u0433\u0430\u0437\u0438\u043d Xstyle\" \/>\n<meta property=\"og:description\" content=\"\u041f\u0435\u0440\u0447\u0430\u0442\u043a\u0438 Black Diamond Crag Half-Finger astral blue: \u043b\u0435\u0433\u043a\u0438\u0435, \u0434\u044b\u0448\u0430\u0449\u0438\u0435, \u0443\u0441\u0442\u043e\u0439\u0447\u0438\u0432\u044b\u0435 \u043a \u0438\u0437\u043d\u043e\u0441\u0443. \u0418\u0434\u0435\u0430\u043b\u044c\u043d\u044b \u0434\u043b\u044f \u0430\u043b\u044c\u043f\u0438\u043d\u0438\u0437\u043c\u0430 \u0438 \u0441\u043a\u0430\u043b\u043e\u043b\u0430\u0437\u0430\u043d\u0438\u044f. \u041c\u0430\u043a\u0441\u0438\u043c\u0430\u043b\u044c\u043d\u0430\u044f \u0437\u0430\u0449\u0438\u0442\u0430!\" \/>\n<meta property=\"og:url\" content=\"https:\/\/xstyle.md\/ro\/produs\/perchatki-black-diamond-crag-half-finger-astral-blue\/\" \/>\n<meta property=\"og:site_name\" content=\"\u041c\u0430\u0433\u0430\u0437\u0438\u043d Xstyle\" \/>\n<meta property=\"article:publisher\" content=\"https:\/\/www.facebook.com\/xstylemd\" \/>\n<meta property=\"article:modified_time\" content=\"2025-11-05T15:19:30+00:00\" \/>\n<meta property=\"og:image\" content=\"https:\/\/xstyle.md\/wp-content\/uploads\/2021\/04\/black_diamond_crag_half-finger_astral_blue.jpg\" \/>\n\t<meta property=\"og:image:width\" content=\"1392\" \/>\n\t<meta property=\"og:image:height\" content=\"1440\" \/>\n\t<meta property=\"og:image:type\" content=\"image\/jpeg\" \/>\n<meta name=\"twitter:card\" content=\"summary_large_image\" \/>\n<meta name=\"twitter:label1\" content=\"Pre\u021b\" \/>\n\t<meta name=\"twitter:data1\" content=\"450&nbsp;MDL\" \/>\n\t<meta name=\"twitter:label2\" content=\"Disponibilitate\" \/>\n\t<meta name=\"twitter:data2\" content=\"\u00cen stoc\" \/>\n<script type=\"application\/ld+json\" class=\"yoast-schema-graph\">{\"@context\":\"https:\\\/\\\/schema.org\",\"@graph\":[{\"@type\":\"WebPage\",\"@id\":\"https:\\\/\\\/xstyle.md\\\/product\\\/perchatki-black-diamond-crag-half-finger-astral-blue\\\/\",\"url\":\"https:\\\/\\\/xstyle.md\\\/product\\\/perchatki-black-diamond-crag-half-finger-astral-blue\\\/\",\"name\":\"\u041f\u0435\u0440\u0447\u0430\u0442\u043a\u0438 Black Diamond Crag Half-Finger astral blue - \u041c\u0430\u0433\u0430\u0437\u0438\u043d Xstyle\",\"isPartOf\":{\"@id\":\"https:\\\/\\\/xstyle.md\\\/#website\"},\"primaryImageOfPage\":{\"@id\":\"https:\\\/\\\/xstyle.md\\\/product\\\/perchatki-black-diamond-crag-half-finger-astral-blue\\\/#primaryimage\"},\"image\":{\"@id\":\"https:\\\/\\\/xstyle.md\\\/product\\\/perchatki-black-diamond-crag-half-finger-astral-blue\\\/#primaryimage\"},\"thumbnailUrl\":\"https:\\\/\\\/xstyle.md\\\/wp-content\\\/uploads\\\/2021\\\/04\\\/black_diamond_crag_half-finger_astral_blue.jpg\",\"datePublished\":\"2021-04-28T11:40:41+00:00\",\"dateModified\":\"2025-11-05T15:19:30+00:00\",\"description\":\"\u041f\u0435\u0440\u0447\u0430\u0442\u043a\u0438 Black Diamond Crag Half-Finger astral blue: \u043b\u0435\u0433\u043a\u0438\u0435, \u0434\u044b\u0448\u0430\u0449\u0438\u0435, \u0443\u0441\u0442\u043e\u0439\u0447\u0438\u0432\u044b\u0435 \u043a \u0438\u0437\u043d\u043e\u0441\u0443. \u0418\u0434\u0435\u0430\u043b\u044c\u043d\u044b \u0434\u043b\u044f \u0430\u043b\u044c\u043f\u0438\u043d\u0438\u0437\u043c\u0430 \u0438 \u0441\u043a\u0430\u043b\u043e\u043b\u0430\u0437\u0430\u043d\u0438\u044f. \u041c\u0430\u043a\u0441\u0438\u043c\u0430\u043b\u044c\u043d\u0430\u044f \u0437\u0430\u0449\u0438\u0442\u0430!\",\"breadcrumb\":{\"@id\":\"https:\\\/\\\/xstyle.md\\\/product\\\/perchatki-black-diamond-crag-half-finger-astral-blue\\\/#breadcrumb\"},\"inLanguage\":\"ro-RO\",\"potentialAction\":[{\"@type\":\"ReadAction\",\"target\":[\"https:\\\/\\\/xstyle.md\\\/product\\\/perchatki-black-diamond-crag-half-finger-astral-blue\\\/\"]}]},{\"@type\":\"ImageObject\",\"inLanguage\":\"ro-RO\",\"@id\":\"https:\\\/\\\/xstyle.md\\\/product\\\/perchatki-black-diamond-crag-half-finger-astral-blue\\\/#primaryimage\",\"url\":\"https:\\\/\\\/xstyle.md\\\/wp-content\\\/uploads\\\/2021\\\/04\\\/black_diamond_crag_half-finger_astral_blue.jpg\",\"contentUrl\":\"https:\\\/\\\/xstyle.md\\\/wp-content\\\/uploads\\\/2021\\\/04\\\/black_diamond_crag_half-finger_astral_blue.jpg\",\"width\":1392,\"height\":1440},{\"@type\":\"BreadcrumbList\",\"@id\":\"https:\\\/\\\/xstyle.md\\\/product\\\/perchatki-black-diamond-crag-half-finger-astral-blue\\\/#breadcrumb\",\"itemListElement\":[{\"@type\":\"ListItem\",\"position\":1,\"name\":\"\u0413\u043b\u0430\u0432\u043d\u0430\u044f \u0441\u0442\u0440\u0430\u043d\u0438\u0446\u0430\",\"item\":\"https:\\\/\\\/xstyle.md\\\/\"},{\"@type\":\"ListItem\",\"position\":2,\"name\":\"\u041c\u0430\u0433\u0430\u0437\u0438\u043d\",\"item\":\"https:\\\/\\\/xstyle.md\\\/shop\\\/\"},{\"@type\":\"ListItem\",\"position\":3,\"name\":\"\u041f\u0435\u0440\u0447\u0430\u0442\u043a\u0438 Black Diamond Crag Half-Finger astral blue\"}]},{\"@type\":\"WebSite\",\"@id\":\"https:\\\/\\\/xstyle.md\\\/#website\",\"url\":\"https:\\\/\\\/xstyle.md\\\/\",\"name\":\"\u041c\u0430\u0433\u0430\u0437\u0438\u043d Xstyle\",\"description\":\"C\u043d\u0430\u0440\u044f\u0436\u0435\u043d\u0438\u0435 \u0434\u043b\u044f \u0442\u0443\u0440\u0438\u0437\u043c\u0430 \u0438 \u044d\u043a\u0441\u0442\u0440\u0435\u043c\u0430\u043b\u044c\u043d\u044b\u0445 \u0432\u0438\u0434\u043e\u0432 \u0441\u043f\u043e\u0440\u0442\u0430 \u0432 \u041c\u043e\u043b\u0434\u043e\u0432\u0435.. \u0426\u0435\u043d\u044b, \u0444\u043e\u0442\u043e, \u0445\u0430\u0440\u0430\u043a\u0442\u0435\u0440\u0438\u0441\u0442\u0438\u043a\u0438 \u0432 \u041c\u043e\u043b\u0434\u043e\u0432\u0435.\",\"publisher\":{\"@id\":\"https:\\\/\\\/xstyle.md\\\/#organization\"},\"alternateName\":\"X-Style\",\"potentialAction\":[{\"@type\":\"SearchAction\",\"target\":{\"@type\":\"EntryPoint\",\"urlTemplate\":\"https:\\\/\\\/xstyle.md\\\/?s={search_term_string}\"},\"query-input\":{\"@type\":\"PropertyValueSpecification\",\"valueRequired\":true,\"valueName\":\"search_term_string\"}}],\"inLanguage\":\"ro-RO\"},{\"@type\":\"Organization\",\"@id\":\"https:\\\/\\\/xstyle.md\\\/#organization\",\"name\":\"\u041c\u0430\u0433\u0430\u0437\u0438\u043d Xstyle\",\"alternateName\":\"x-style\",\"url\":\"https:\\\/\\\/xstyle.md\\\/\",\"logo\":{\"@type\":\"ImageObject\",\"inLanguage\":\"ro-RO\",\"@id\":\"https:\\\/\\\/xstyle.md\\\/#\\\/schema\\\/logo\\\/image\\\/\",\"url\":\"https:\\\/\\\/xstyle.md\\\/wp-content\\\/uploads\\\/2020\\\/06\\\/logoicon.svg\",\"contentUrl\":\"https:\\\/\\\/xstyle.md\\\/wp-content\\\/uploads\\\/2020\\\/06\\\/logoicon.svg\",\"caption\":\"\u041c\u0430\u0433\u0430\u0437\u0438\u043d Xstyle\"},\"image\":{\"@id\":\"https:\\\/\\\/xstyle.md\\\/#\\\/schema\\\/logo\\\/image\\\/\"},\"sameAs\":[\"https:\\\/\\\/www.facebook.com\\\/xstylemd\",\"https:\\\/\\\/www.instagram.com\\\/xstyle_md\\\/\",\"https:\\\/\\\/t.me\\\/xstyle_outdoor\"],\"hasMerchantReturnPolicy\":{\"@type\":\"MerchantReturnPolicy\",\"merchantReturnLink\":\"https:\\\/\\\/xstyle.md\\\/ro\\\/conditions\\\/\"}}]}<\/script>\n<meta property=\"product:price:amount\" content=\"450.00\" \/>\n<meta property=\"product:price:currency\" content=\"MDL\" \/>\n<meta property=\"og:availability\" content=\"instock\" \/>\n<meta property=\"product:availability\" content=\"instock\" \/>\n<meta property=\"product:retailer_item_id\" content=\"793661449911\" \/>\n<meta property=\"product:condition\" content=\"new\" \/>\n<!-- \/ Yoast SEO plugin. -->","yoast_head_json":{"title":"M\u0103nu\u0219i Black Diamond Crag Half-Finger astral blue - Magazin Xstyle","description":"M\u0103nu\u0219i Black Diamond Crag Half-Finger astral blue: u\u0219oare, respirabile, rezistente la uzur\u0103. Ideale pentru alpinism \u0219i escalad\u0103. Protec\u021bie maxim\u0103!","robots":{"index":"index","follow":"follow","max-snippet":"max-snippet:-1","max-image-preview":"max-image-preview:large","max-video-preview":"max-video-preview:-1"},"canonical":"https:\/\/xstyle.md\/ro\/produs\/perchatki-black-diamond-crag-half-finger-astral-blue\/","og_locale":"ro_RO","og_type":"article","og_title":"\u041f\u0435\u0440\u0447\u0430\u0442\u043a\u0438 Black Diamond Crag Half-Finger astral blue - \u041c\u0430\u0433\u0430\u0437\u0438\u043d Xstyle","og_description":"\u041f\u0435\u0440\u0447\u0430\u0442\u043a\u0438 Black Diamond Crag Half-Finger astral blue: \u043b\u0435\u0433\u043a\u0438\u0435, \u0434\u044b\u0448\u0430\u0449\u0438\u0435, \u0443\u0441\u0442\u043e\u0439\u0447\u0438\u0432\u044b\u0435 \u043a \u0438\u0437\u043d\u043e\u0441\u0443. \u0418\u0434\u0435\u0430\u043b\u044c\u043d\u044b \u0434\u043b\u044f \u0430\u043b\u044c\u043f\u0438\u043d\u0438\u0437\u043c\u0430 \u0438 \u0441\u043a\u0430\u043b\u043e\u043b\u0430\u0437\u0430\u043d\u0438\u044f. \u041c\u0430\u043a\u0441\u0438\u043c\u0430\u043b\u044c\u043d\u0430\u044f \u0437\u0430\u0449\u0438\u0442\u0430!","og_url":"https:\/\/xstyle.md\/ro\/produs\/perchatki-black-diamond-crag-half-finger-astral-blue\/","og_site_name":"\u041c\u0430\u0433\u0430\u0437\u0438\u043d Xstyle","article_publisher":"https:\/\/www.facebook.com\/xstylemd","article_modified_time":"2025-11-05T15:19:30+00:00","og_image":[{"width":1392,"height":1440,"url":"https:\/\/xstyle.md\/wp-content\/uploads\/2021\/04\/black_diamond_crag_half-finger_astral_blue.jpg","type":"image\/jpeg"}],"twitter_card":"summary_large_image","twitter_misc":{"Pre\u021b":"450&nbsp;MDL","Disponibilitate":"\u00cen stoc"},"schema":{"@context":"https:\/\/schema.org","@graph":[{"@type":"WebPage","@id":"https:\/\/xstyle.md\/product\/perchatki-black-diamond-crag-half-finger-astral-blue\/","url":"https:\/\/xstyle.md\/product\/perchatki-black-diamond-crag-half-finger-astral-blue\/","name":"M\u0103nu\u0219i Black Diamond Crag Half-Finger astral blue - Magazin Xstyle","isPartOf":{"@id":"https:\/\/xstyle.md\/#website"},"primaryImageOfPage":{"@id":"https:\/\/xstyle.md\/product\/perchatki-black-diamond-crag-half-finger-astral-blue\/#primaryimage"},"image":{"@id":"https:\/\/xstyle.md\/product\/perchatki-black-diamond-crag-half-finger-astral-blue\/#primaryimage"},"thumbnailUrl":"https:\/\/xstyle.md\/wp-content\/uploads\/2021\/04\/black_diamond_crag_half-finger_astral_blue.jpg","datePublished":"2021-04-28T11:40:41+00:00","dateModified":"2025-11-05T15:19:30+00:00","description":"M\u0103nu\u0219i Black Diamond Crag Half-Finger astral blue: u\u0219oare, respirabile, rezistente la uzur\u0103. Ideale pentru alpinism \u0219i escalad\u0103. Protec\u021bie maxim\u0103!","breadcrumb":{"@id":"https:\/\/xstyle.md\/product\/perchatki-black-diamond-crag-half-finger-astral-blue\/#breadcrumb"},"inLanguage":"ro-RO","potentialAction":[{"@type":"ReadAction","target":["https:\/\/xstyle.md\/product\/perchatki-black-diamond-crag-half-finger-astral-blue\/"]}]},{"@type":"ImageObject","inLanguage":"ro-RO","@id":"https:\/\/xstyle.md\/product\/perchatki-black-diamond-crag-half-finger-astral-blue\/#primaryimage","url":"https:\/\/xstyle.md\/wp-content\/uploads\/2021\/04\/black_diamond_crag_half-finger_astral_blue.jpg","contentUrl":"https:\/\/xstyle.md\/wp-content\/uploads\/2021\/04\/black_diamond_crag_half-finger_astral_blue.jpg","width":1392,"height":1440},{"@type":"BreadcrumbList","@id":"https:\/\/xstyle.md\/product\/perchatki-black-diamond-crag-half-finger-astral-blue\/#breadcrumb","itemListElement":[{"@type":"ListItem","position":1,"name":"\u0413\u043b\u0430\u0432\u043d\u0430\u044f \u0441\u0442\u0440\u0430\u043d\u0438\u0446\u0430","item":"https:\/\/xstyle.md\/"},{"@type":"ListItem","position":2,"name":"\u041c\u0430\u0433\u0430\u0437\u0438\u043d","item":"https:\/\/xstyle.md\/shop\/"},{"@type":"ListItem","position":3,"name":"\u041f\u0435\u0440\u0447\u0430\u0442\u043a\u0438 Black Diamond Crag Half-Finger astral blue"}]},{"@type":"WebSite","@id":"https:\/\/xstyle.md\/#website","url":"https:\/\/xstyle.md\/","name":"Magazinul X-Style","description":"Echipamente pentru turism \u0219i sporturi extreme \u00een Moldova. Pre\u021buri, fotografii, caracteristici \u00een Moldova.","publisher":{"@id":"https:\/\/xstyle.md\/#organization"},"alternateName":"X-Style","potentialAction":[{"@type":"SearchAction","target":{"@type":"EntryPoint","urlTemplate":"https:\/\/xstyle.md\/?s={search_term_string}"},"query-input":{"@type":"PropertyValueSpecification","valueRequired":true,"valueName":"search_term_string"}}],"inLanguage":"ro-RO"},{"@type":"Organization","@id":"https:\/\/xstyle.md\/#organization","name":"Magazinul X-Style","alternateName":"x-style","url":"https:\/\/xstyle.md\/","logo":{"@type":"ImageObject","inLanguage":"ro-RO","@id":"https:\/\/xstyle.md\/#\/schema\/logo\/image\/","url":"https:\/\/xstyle.md\/wp-content\/uploads\/2020\/06\/logoicon.svg","contentUrl":"https:\/\/xstyle.md\/wp-content\/uploads\/2020\/06\/logoicon.svg","caption":"\u041c\u0430\u0433\u0430\u0437\u0438\u043d Xstyle"},"image":{"@id":"https:\/\/xstyle.md\/#\/schema\/logo\/image\/"},"sameAs":["https:\/\/www.facebook.com\/xstylemd","https:\/\/www.instagram.com\/xstyle_md\/","https:\/\/t.me\/xstyle_outdoor"],"hasMerchantReturnPolicy":{"@type":"MerchantReturnPolicy","merchantReturnLink":"https:\/\/xstyle.md\/ro\/conditions\/"}}]},"product_price_amount":"450.00","product_price_currency":"MDL","og_availability":"instock","product_availability":"instock","product_retailer_item_id":"793661449911","product_condition":"new"},"post_mailing_queue_ids":[],"_links":{"self":[{"href":"https:\/\/xstyle.md\/ro\/wp-json\/wp\/v2\/product\/30630","targetHints":{"allow":["GET"]}}],"collection":[{"href":"https:\/\/xstyle.md\/ro\/wp-json\/wp\/v2\/product"}],"about":[{"href":"https:\/\/xstyle.md\/ro\/wp-json\/wp\/v2\/types\/product"}],"replies":[{"embeddable":true,"href":"https:\/\/xstyle.md\/ro\/wp-json\/wp\/v2\/comments?post=30630"}],"wp:featuredmedia":[{"embeddable":true,"href":"https:\/\/xstyle.md\/ro\/wp-json\/wp\/v2\/media\/30629"}],"wp:attachment":[{"href":"https:\/\/xstyle.md\/ro\/wp-json\/wp\/v2\/media?parent=30630"}],"wp:term":[{"taxonomy":"product_brand","embeddable":true,"href":"https:\/\/xstyle.md\/ro\/wp-json\/wp\/v2\/product_brand?post=30630"},{"taxonomy":"product_cat","embeddable":true,"href":"https:\/\/xstyle.md\/ro\/wp-json\/wp\/v2\/product_cat?post=30630"},{"taxonomy":"product_tag","embeddable":true,"href":"https:\/\/xstyle.md\/ro\/wp-json\/wp\/v2\/product_tag?post=30630"}],"curies":[{"name":"wp","href":"https:\/\/api.w.org\/{rel}","templated":true}]}}