{"id":30578,"date":"2021-04-28T14:39:20","date_gmt":"2021-04-28T11:39:20","guid":{"rendered":"https:\/\/xstyle.md\/product\/gamak-amazonas-aruba-vanilla-yellow\/"},"modified":"2026-04-15T12:34:12","modified_gmt":"2026-04-15T09:34:12","slug":"gamak-amazonas-aruba-vanilla-yellow","status":"publish","type":"product","link":"https:\/\/dev.xstyle.md\/ro\/produs\/gamak-amazonas-aruba-vanilla-yellow\/","title":{"rendered":"Hamac Amazonas Aruba Vanilla Yellow"},"content":{"rendered":"<\/p>\n<p>Hamac <strong>Amazonas Aruba Vanilla Yellow<\/strong> cu trepte de lemn. Fabricat din \u021bes\u0103tur\u0103 EllTex\u00ae, care este un amestec special de poliester \u0219i bumbac care ofer\u0103 o rezisten\u021b\u0103 suplimentar\u0103 la diferite condi\u021bii meteorologice. Hamacul poate fi l\u0103sat \u00een siguran\u021b\u0103 afar\u0103, \u00een ploaie sau la soare. \u00cen plus, acest model este rezistent la decolorare \u0219i r\u0103m\u00e2ne rezistent la uzur\u0103 chiar \u0219i atunci c\u00e2nd este udat \u00een mod repetat. Suprafa\u021ba \u021bes\u0103turii este pl\u0103cut\u0103 la atingere &#8212; este la fel de moale ca bumbacul pur.<\/p>\n<h3>Particularit\u0103\u021bi<\/h3>\n<ul>\n<li>Traverse din lemn<\/li>\n<li>\u021aes\u0103tur\u0103 rezistent\u0103 la intemperii<\/li>\n<li>Suprafa\u021ba pl\u0103cut\u0103 la atingere a \u021bes\u0103turii<\/li>\n<li>Sarcin\u0103 maxim\u0103 180 kg.<\/li>\n<\/ul>\n<h3>Caracteristici<\/h3>\n<ul>\n<li>Dimensiuni: 210 x 120 cm<\/li>\n<li>Sarcina maxim\u0103: 180 kg<\/li>\n<li>Material: bumbac, poliester<\/li>\n<li>Greutate: 1,6 kg.<\/li>\n<\/ul>\n<h3>Marca<\/h3>\n<p>Amazonas sunt unii dintre cei mai importan\u021bi produc\u0103tori de hamace. Ace\u0219tia sunt cunoscu\u021bi \u00een principal pentru hamacele lor originale din bumbac brazilian. De asemenea, ace\u0219tia produc o gam\u0103 de hamace ultrau\u0219oare \u0219i accesorii pentru c\u0103l\u0103tori, cum ar fi scaune agatate, corturi \u0219i p\u0103turi pentru relaxare, precum \u0219i o gam\u0103 de produse pentru copii (c\u0103rucioare, hamace, scaune etc.).<\/p>\n<p><\/p>","protected":false},"excerpt":{"rendered":"<p>Hamac Amazonas Aruba Vanilla Yellow<\/p>","protected":false},"featured_media":35838,"comment_status":"open","ping_status":"closed","template":"","meta":{"_acf_changed":false,"inline_featured_image":false},"product_brand":[1285],"product_cat":[197],"product_tag":[],"class_list":{"0":"post-30578","1":"product","2":"type-product","3":"status-publish","4":"has-post-thumbnail","6":"product_brand-amazonas","7":"product_cat-camping-hammocks","9":"first","10":"instock","11":"shipping-taxable","12":"purchasable","13":"product-type-simple"},"acf":[],"yoast_head":"<!-- This site is optimized with the Yoast SEO plugin v27.4 - https:\/\/yoast.com\/product\/yoast-seo-wordpress\/ -->\n<title>\u0413\u0430\u043c\u0430\u043a Amazonas Aruba Vanilla Yellow - \u041c\u0430\u0433\u0430\u0437\u0438\u043d Xstyle<\/title>\n<meta name=\"description\" content=\"\u0413\u0430\u043c\u0430\u043a Amazonas Aruba Vanilla Yellow \u0438\u0437 \u0442\u043a\u0430\u043d\u0438 EllTex - \u043f\u0440\u043e\u0447\u043d\u044b\u0439, \u0443\u0441\u0442\u043e\u0439\u0447\u0438\u0432\u044b\u0439 \u043a \u043f\u043e\u0433\u043e\u0434\u043d\u044b\u043c \u0443\u0441\u043b\u043e\u0432\u0438\u044f\u043c \u0438 \u0432\u044b\u0433\u043e\u0440\u0430\u043d\u0438\u044e. \u0418\u0434\u0435\u0430\u043b\u0435\u043d \u0434\u043b\u044f \u043e\u0442\u0434\u044b\u0445\u0430 \u043d\u0430 \u0441\u0432\u0435\u0436\u0435\u043c \u0432\u043e\u0437\u0434\u0443\u0445\u0435!\" \/>\n<meta name=\"robots\" content=\"noindex, follow, max-snippet:-1, max-image-preview:large, max-video-preview:-1\" \/>\n<meta property=\"og:locale\" content=\"ro_RO\" \/>\n<meta property=\"og:type\" content=\"article\" \/>\n<meta property=\"og:title\" content=\"\u0413\u0430\u043c\u0430\u043a Amazonas Aruba Vanilla Yellow - \u041c\u0430\u0433\u0430\u0437\u0438\u043d Xstyle\" \/>\n<meta property=\"og:description\" content=\"\u0413\u0430\u043c\u0430\u043a Amazonas Aruba Vanilla Yellow \u0438\u0437 \u0442\u043a\u0430\u043d\u0438 EllTex - \u043f\u0440\u043e\u0447\u043d\u044b\u0439, \u0443\u0441\u0442\u043e\u0439\u0447\u0438\u0432\u044b\u0439 \u043a \u043f\u043e\u0433\u043e\u0434\u043d\u044b\u043c \u0443\u0441\u043b\u043e\u0432\u0438\u044f\u043c \u0438 \u0432\u044b\u0433\u043e\u0440\u0430\u043d\u0438\u044e. \u0418\u0434\u0435\u0430\u043b\u0435\u043d \u0434\u043b\u044f \u043e\u0442\u0434\u044b\u0445\u0430 \u043d\u0430 \u0441\u0432\u0435\u0436\u0435\u043c \u0432\u043e\u0437\u0434\u0443\u0445\u0435!\" \/>\n<meta property=\"og:url\" content=\"https:\/\/dev.xstyle.md\/ro\/produs\/gamak-amazonas-aruba-vanilla-yellow\/\" \/>\n<meta property=\"og:site_name\" content=\"\u041c\u0430\u0433\u0430\u0437\u0438\u043d Xstyle\" \/>\n<meta property=\"article:publisher\" content=\"https:\/\/www.facebook.com\/xstylemd\" \/>\n<meta property=\"article:modified_time\" content=\"2026-04-15T09:34:12+00:00\" \/>\n<meta property=\"og:image\" content=\"https:\/\/dev.xstyle.md\/wp-content\/uploads\/2021\/04\/amazonas-aruba-vanilla-yellow.jpg\" \/>\n\t<meta property=\"og:image:width\" content=\"717\" \/>\n\t<meta property=\"og:image:height\" content=\"594\" \/>\n\t<meta property=\"og:image:type\" content=\"image\/jpeg\" \/>\n<meta name=\"twitter:card\" content=\"summary_large_image\" \/>\n<meta name=\"twitter:label1\" content=\"Pre\u021b\" \/>\n\t<meta name=\"twitter:data1\" content=\"890,00&nbsp;MDL\" \/>\n\t<meta name=\"twitter:label2\" content=\"Disponibilitate\" \/>\n\t<meta name=\"twitter:data2\" content=\"\u00cen stoc\" \/>\n<script type=\"application\/ld+json\" class=\"yoast-schema-graph\">{\"@context\":\"https:\\\/\\\/schema.org\",\"@graph\":[{\"@type\":\"WebPage\",\"@id\":\"https:\\\/\\\/dev.xstyle.md\\\/product\\\/gamak-amazonas-aruba-vanilla-yellow\\\/\",\"url\":\"https:\\\/\\\/dev.xstyle.md\\\/product\\\/gamak-amazonas-aruba-vanilla-yellow\\\/\",\"name\":\"\u0413\u0430\u043c\u0430\u043a Amazonas Aruba Vanilla Yellow - \u041c\u0430\u0433\u0430\u0437\u0438\u043d Xstyle\",\"isPartOf\":{\"@id\":\"https:\\\/\\\/dev.xstyle.md\\\/#website\"},\"primaryImageOfPage\":{\"@id\":\"https:\\\/\\\/dev.xstyle.md\\\/product\\\/gamak-amazonas-aruba-vanilla-yellow\\\/#primaryimage\"},\"image\":{\"@id\":\"https:\\\/\\\/dev.xstyle.md\\\/product\\\/gamak-amazonas-aruba-vanilla-yellow\\\/#primaryimage\"},\"thumbnailUrl\":\"https:\\\/\\\/dev.xstyle.md\\\/wp-content\\\/uploads\\\/2021\\\/04\\\/amazonas-aruba-vanilla-yellow.jpg\",\"datePublished\":\"2021-04-28T11:39:20+00:00\",\"dateModified\":\"2026-04-15T09:34:12+00:00\",\"description\":\"\u0413\u0430\u043c\u0430\u043a Amazonas Aruba Vanilla Yellow \u0438\u0437 \u0442\u043a\u0430\u043d\u0438 EllTex - \u043f\u0440\u043e\u0447\u043d\u044b\u0439, \u0443\u0441\u0442\u043e\u0439\u0447\u0438\u0432\u044b\u0439 \u043a \u043f\u043e\u0433\u043e\u0434\u043d\u044b\u043c \u0443\u0441\u043b\u043e\u0432\u0438\u044f\u043c \u0438 \u0432\u044b\u0433\u043e\u0440\u0430\u043d\u0438\u044e. \u0418\u0434\u0435\u0430\u043b\u0435\u043d \u0434\u043b\u044f \u043e\u0442\u0434\u044b\u0445\u0430 \u043d\u0430 \u0441\u0432\u0435\u0436\u0435\u043c \u0432\u043e\u0437\u0434\u0443\u0445\u0435!\",\"breadcrumb\":{\"@id\":\"https:\\\/\\\/dev.xstyle.md\\\/product\\\/gamak-amazonas-aruba-vanilla-yellow\\\/#breadcrumb\"},\"inLanguage\":\"ro-RO\",\"potentialAction\":[{\"@type\":\"ReadAction\",\"target\":[\"https:\\\/\\\/dev.xstyle.md\\\/product\\\/gamak-amazonas-aruba-vanilla-yellow\\\/\"]}]},{\"@type\":\"ImageObject\",\"inLanguage\":\"ro-RO\",\"@id\":\"https:\\\/\\\/dev.xstyle.md\\\/product\\\/gamak-amazonas-aruba-vanilla-yellow\\\/#primaryimage\",\"url\":\"https:\\\/\\\/dev.xstyle.md\\\/wp-content\\\/uploads\\\/2021\\\/04\\\/amazonas-aruba-vanilla-yellow.jpg\",\"contentUrl\":\"https:\\\/\\\/dev.xstyle.md\\\/wp-content\\\/uploads\\\/2021\\\/04\\\/amazonas-aruba-vanilla-yellow.jpg\",\"width\":717,\"height\":594,\"caption\":\"\u041b\u0435\u0433\u043a\u0438\u0439 \u043f\u043e\u0445\u043e\u0434\u043d\u044b\u0439 \u0433\u0430\u043c\u0430\u043a Amazonas Aruba Vanilla Yellow \u0434\u043b\u044f \u0430\u043a\u0442\u0438\u0432\u043d\u043e\u0433\u043e \u043e\u0442\u0434\u044b\u0445\u0430 \u0438 \u043f\u0443\u0442\u0435\u0448\u0435\u0441\u0442\u0432\u0438\u0439 \u043e\u0431\u043e\u0440\u0443\u0434\u043e\u0432\u0430\u043d\u0438\u0435 \u0434\u043b\u044f \u0430\u043b\u044c\u043f\u0438\u043d\u0438\u0437\u043c\u0430 \u0438 \u0442\u0443\u0440\u0438\u0437\u043c\u0430 \u043e\u0431\u0443\u0432\u044c \u0438 \u043e\u0434\u0435\u0436\u0434\u0430 \u0434\u043b\u044f \u0430\u043a\u0442\u0438\u0432\u043d\u043e\u0439 \u0436\u0438\u0437\u043d\u0438 \u0432 \u043c\u0430\u0433\u0430\u0437\u0438\u043d\u0435 \u0441\u043f\u043e\u0440\u0442\u0438\u0432\u043d\u044b\u0445 \u0442\u043e\u0432\u0430\u0440\u043e\u0432\"},{\"@type\":\"BreadcrumbList\",\"@id\":\"https:\\\/\\\/dev.xstyle.md\\\/product\\\/gamak-amazonas-aruba-vanilla-yellow\\\/#breadcrumb\",\"itemListElement\":[{\"@type\":\"ListItem\",\"position\":1,\"name\":\"\u0413\u043b\u0430\u0432\u043d\u0430\u044f \u0441\u0442\u0440\u0430\u043d\u0438\u0446\u0430\",\"item\":\"https:\\\/\\\/dev.xstyle.md\\\/\"},{\"@type\":\"ListItem\",\"position\":2,\"name\":\"Shop\",\"item\":\"https:\\\/\\\/dev.xstyle.md\\\/shop\\\/\"},{\"@type\":\"ListItem\",\"position\":3,\"name\":\"\u0413\u0430\u043c\u0430\u043a Amazonas Aruba Vanilla Yellow\"}]},{\"@type\":\"WebSite\",\"@id\":\"https:\\\/\\\/dev.xstyle.md\\\/#website\",\"url\":\"https:\\\/\\\/dev.xstyle.md\\\/\",\"name\":\"\u041c\u0430\u0433\u0430\u0437\u0438\u043d Xstyle\",\"description\":\"C\u043d\u0430\u0440\u044f\u0436\u0435\u043d\u0438\u0435 \u0434\u043b\u044f \u0442\u0443\u0440\u0438\u0437\u043c\u0430 \u0438 \u044d\u043a\u0441\u0442\u0440\u0435\u043c\u0430\u043b\u044c\u043d\u044b\u0445 \u0432\u0438\u0434\u043e\u0432 \u0441\u043f\u043e\u0440\u0442\u0430 \u0432 \u041c\u043e\u043b\u0434\u043e\u0432\u0435.. \u0426\u0435\u043d\u044b, \u0444\u043e\u0442\u043e, \u0445\u0430\u0440\u0430\u043a\u0442\u0435\u0440\u0438\u0441\u0442\u0438\u043a\u0438 \u0432 \u041c\u043e\u043b\u0434\u043e\u0432\u0435.\",\"publisher\":{\"@id\":\"https:\\\/\\\/dev.xstyle.md\\\/#organization\"},\"alternateName\":\"X-Style\",\"potentialAction\":[{\"@type\":\"SearchAction\",\"target\":{\"@type\":\"EntryPoint\",\"urlTemplate\":\"https:\\\/\\\/dev.xstyle.md\\\/?s={search_term_string}\"},\"query-input\":{\"@type\":\"PropertyValueSpecification\",\"valueRequired\":true,\"valueName\":\"search_term_string\"}}],\"inLanguage\":\"ro-RO\"},{\"@type\":\"Organization\",\"@id\":\"https:\\\/\\\/dev.xstyle.md\\\/#organization\",\"name\":\"\u041c\u0430\u0433\u0430\u0437\u0438\u043d Xstyle\",\"alternateName\":\"x-style\",\"url\":\"https:\\\/\\\/dev.xstyle.md\\\/\",\"logo\":{\"@type\":\"ImageObject\",\"inLanguage\":\"ro-RO\",\"@id\":\"https:\\\/\\\/dev.xstyle.md\\\/#\\\/schema\\\/logo\\\/image\\\/\",\"url\":\"https:\\\/\\\/dev.xstyle.md\\\/wp-content\\\/uploads\\\/2020\\\/06\\\/logoicon.svg\",\"contentUrl\":\"https:\\\/\\\/dev.xstyle.md\\\/wp-content\\\/uploads\\\/2020\\\/06\\\/logoicon.svg\",\"caption\":\"\u041c\u0430\u0433\u0430\u0437\u0438\u043d Xstyle\"},\"image\":{\"@id\":\"https:\\\/\\\/dev.xstyle.md\\\/#\\\/schema\\\/logo\\\/image\\\/\"},\"sameAs\":[\"https:\\\/\\\/www.facebook.com\\\/xstylemd\",\"https:\\\/\\\/www.instagram.com\\\/xstyle_md\\\/\",\"https:\\\/\\\/t.me\\\/xstyle_outdoor\"],\"hasMerchantReturnPolicy\":{\"@type\":\"MerchantReturnPolicy\",\"merchantReturnLink\":\"https:\\\/\\\/dev.xstyle.md\\\/ro\\\/conditions\\\/\"}}]}<\/script>\n<meta property=\"product:price:amount\" content=\"890.00\" \/>\n<meta property=\"product:price:currency\" content=\"MDL\" \/>\n<meta property=\"og:availability\" content=\"instock\" \/>\n<meta property=\"product:availability\" content=\"instock\" \/>\n<meta property=\"product:retailer_item_id\" content=\"4030454001038\" \/>\n<meta property=\"product:condition\" content=\"new\" \/>\n<!-- \/ Yoast SEO plugin. -->","yoast_head_json":{"title":"Hamac Amazonas Aruba Vanilla Yellow - Magazin Xstyle","description":"Hamac Amazonas Aruba Vanilla Yellow din \u021bes\u0103tur\u0103 EllTex - durabil, rezistent la intemperii \u0219i decolorare. Ideal pentru relaxare \u00een aer liber!","robots":{"index":"noindex","follow":"follow","max-snippet":"max-snippet:-1","max-image-preview":"max-image-preview:large","max-video-preview":"max-video-preview:-1"},"og_locale":"ro_RO","og_type":"article","og_title":"\u0413\u0430\u043c\u0430\u043a Amazonas Aruba Vanilla Yellow - \u041c\u0430\u0433\u0430\u0437\u0438\u043d Xstyle","og_description":"\u0413\u0430\u043c\u0430\u043a Amazonas Aruba Vanilla Yellow \u0438\u0437 \u0442\u043a\u0430\u043d\u0438 EllTex - \u043f\u0440\u043e\u0447\u043d\u044b\u0439, \u0443\u0441\u0442\u043e\u0439\u0447\u0438\u0432\u044b\u0439 \u043a \u043f\u043e\u0433\u043e\u0434\u043d\u044b\u043c \u0443\u0441\u043b\u043e\u0432\u0438\u044f\u043c \u0438 \u0432\u044b\u0433\u043e\u0440\u0430\u043d\u0438\u044e. \u0418\u0434\u0435\u0430\u043b\u0435\u043d \u0434\u043b\u044f \u043e\u0442\u0434\u044b\u0445\u0430 \u043d\u0430 \u0441\u0432\u0435\u0436\u0435\u043c \u0432\u043e\u0437\u0434\u0443\u0445\u0435!","og_url":"https:\/\/dev.xstyle.md\/ro\/produs\/gamak-amazonas-aruba-vanilla-yellow\/","og_site_name":"\u041c\u0430\u0433\u0430\u0437\u0438\u043d Xstyle","article_publisher":"https:\/\/www.facebook.com\/xstylemd","article_modified_time":"2026-04-15T09:34:12+00:00","og_image":[{"width":717,"height":594,"url":"https:\/\/dev.xstyle.md\/wp-content\/uploads\/2021\/04\/amazonas-aruba-vanilla-yellow.jpg","type":"image\/jpeg"}],"twitter_card":"summary_large_image","twitter_misc":{"Pre\u021b":"890,00&nbsp;MDL","Disponibilitate":"\u00cen stoc"},"schema":{"@context":"https:\/\/schema.org","@graph":[{"@type":"WebPage","@id":"https:\/\/dev.xstyle.md\/product\/gamak-amazonas-aruba-vanilla-yellow\/","url":"https:\/\/dev.xstyle.md\/product\/gamak-amazonas-aruba-vanilla-yellow\/","name":"Hamac Amazonas Aruba Vanilla Yellow - Magazin Xstyle","isPartOf":{"@id":"https:\/\/dev.xstyle.md\/#website"},"primaryImageOfPage":{"@id":"https:\/\/dev.xstyle.md\/product\/gamak-amazonas-aruba-vanilla-yellow\/#primaryimage"},"image":{"@id":"https:\/\/dev.xstyle.md\/product\/gamak-amazonas-aruba-vanilla-yellow\/#primaryimage"},"thumbnailUrl":"https:\/\/dev.xstyle.md\/wp-content\/uploads\/2021\/04\/amazonas-aruba-vanilla-yellow.jpg","datePublished":"2021-04-28T11:39:20+00:00","dateModified":"2026-04-15T09:34:12+00:00","description":"Hamac Amazonas Aruba Vanilla Yellow din \u021bes\u0103tur\u0103 EllTex - durabil, rezistent la intemperii \u0219i decolorare. Ideal pentru relaxare \u00een aer liber!","breadcrumb":{"@id":"https:\/\/dev.xstyle.md\/product\/gamak-amazonas-aruba-vanilla-yellow\/#breadcrumb"},"inLanguage":"ro-RO","potentialAction":[{"@type":"ReadAction","target":["https:\/\/dev.xstyle.md\/product\/gamak-amazonas-aruba-vanilla-yellow\/"]}]},{"@type":"ImageObject","inLanguage":"ro-RO","@id":"https:\/\/dev.xstyle.md\/product\/gamak-amazonas-aruba-vanilla-yellow\/#primaryimage","url":"https:\/\/dev.xstyle.md\/wp-content\/uploads\/2021\/04\/amazonas-aruba-vanilla-yellow.jpg","contentUrl":"https:\/\/dev.xstyle.md\/wp-content\/uploads\/2021\/04\/amazonas-aruba-vanilla-yellow.jpg","width":717,"height":594,"caption":"\u041b\u0435\u0433\u043a\u0438\u0439 \u043f\u043e\u0445\u043e\u0434\u043d\u044b\u0439 \u0433\u0430\u043c\u0430\u043a Amazonas Aruba Vanilla Yellow \u0434\u043b\u044f \u0430\u043a\u0442\u0438\u0432\u043d\u043e\u0433\u043e \u043e\u0442\u0434\u044b\u0445\u0430 \u0438 \u043f\u0443\u0442\u0435\u0448\u0435\u0441\u0442\u0432\u0438\u0439 \u043e\u0431\u043e\u0440\u0443\u0434\u043e\u0432\u0430\u043d\u0438\u0435 \u0434\u043b\u044f \u0430\u043b\u044c\u043f\u0438\u043d\u0438\u0437\u043c\u0430 \u0438 \u0442\u0443\u0440\u0438\u0437\u043c\u0430 \u043e\u0431\u0443\u0432\u044c \u0438 \u043e\u0434\u0435\u0436\u0434\u0430 \u0434\u043b\u044f \u0430\u043a\u0442\u0438\u0432\u043d\u043e\u0439 \u0436\u0438\u0437\u043d\u0438 \u0432 \u043c\u0430\u0433\u0430\u0437\u0438\u043d\u0435 \u0441\u043f\u043e\u0440\u0442\u0438\u0432\u043d\u044b\u0445 \u0442\u043e\u0432\u0430\u0440\u043e\u0432"},{"@type":"BreadcrumbList","@id":"https:\/\/dev.xstyle.md\/product\/gamak-amazonas-aruba-vanilla-yellow\/#breadcrumb","itemListElement":[{"@type":"ListItem","position":1,"name":"\u0413\u043b\u0430\u0432\u043d\u0430\u044f \u0441\u0442\u0440\u0430\u043d\u0438\u0446\u0430","item":"https:\/\/dev.xstyle.md\/"},{"@type":"ListItem","position":2,"name":"Shop","item":"https:\/\/dev.xstyle.md\/shop\/"},{"@type":"ListItem","position":3,"name":"\u0413\u0430\u043c\u0430\u043a Amazonas Aruba Vanilla Yellow"}]},{"@type":"WebSite","@id":"https:\/\/dev.xstyle.md\/#website","url":"https:\/\/dev.xstyle.md\/","name":"Magazinul X-Style","description":"Echipamente pentru turism \u0219i sporturi extreme \u00een Moldova. Pre\u021buri, fotografii, caracteristici \u00een Moldova.","publisher":{"@id":"https:\/\/dev.xstyle.md\/#organization"},"alternateName":"X-Style","potentialAction":[{"@type":"SearchAction","target":{"@type":"EntryPoint","urlTemplate":"https:\/\/dev.xstyle.md\/?s={search_term_string}"},"query-input":{"@type":"PropertyValueSpecification","valueRequired":true,"valueName":"search_term_string"}}],"inLanguage":"ro-RO"},{"@type":"Organization","@id":"https:\/\/dev.xstyle.md\/#organization","name":"Magazinul X-Style","alternateName":"x-style","url":"https:\/\/dev.xstyle.md\/","logo":{"@type":"ImageObject","inLanguage":"ro-RO","@id":"https:\/\/dev.xstyle.md\/#\/schema\/logo\/image\/","url":"https:\/\/dev.xstyle.md\/wp-content\/uploads\/2020\/06\/logoicon.svg","contentUrl":"https:\/\/dev.xstyle.md\/wp-content\/uploads\/2020\/06\/logoicon.svg","caption":"\u041c\u0430\u0433\u0430\u0437\u0438\u043d Xstyle"},"image":{"@id":"https:\/\/dev.xstyle.md\/#\/schema\/logo\/image\/"},"sameAs":["https:\/\/www.facebook.com\/xstylemd","https:\/\/www.instagram.com\/xstyle_md\/","https:\/\/t.me\/xstyle_outdoor"],"hasMerchantReturnPolicy":{"@type":"MerchantReturnPolicy","merchantReturnLink":"https:\/\/dev.xstyle.md\/ro\/conditions\/"}}]},"product_price_amount":"890.00","product_price_currency":"MDL","og_availability":"instock","product_availability":"instock","product_retailer_item_id":"4030454001038","product_condition":"new"},"post_mailing_queue_ids":[],"_links":{"self":[{"href":"https:\/\/dev.xstyle.md\/ro\/wp-json\/wp\/v2\/product\/30578","targetHints":{"allow":["GET"]}}],"collection":[{"href":"https:\/\/dev.xstyle.md\/ro\/wp-json\/wp\/v2\/product"}],"about":[{"href":"https:\/\/dev.xstyle.md\/ro\/wp-json\/wp\/v2\/types\/product"}],"replies":[{"embeddable":true,"href":"https:\/\/dev.xstyle.md\/ro\/wp-json\/wp\/v2\/comments?post=30578"}],"version-history":[{"count":0,"href":"https:\/\/dev.xstyle.md\/ro\/wp-json\/wp\/v2\/product\/30578\/revisions"}],"wp:featuredmedia":[{"embeddable":true,"href":"https:\/\/dev.xstyle.md\/ro\/wp-json\/wp\/v2\/media\/35838"}],"wp:attachment":[{"href":"https:\/\/dev.xstyle.md\/ro\/wp-json\/wp\/v2\/media?parent=30578"}],"wp:term":[{"taxonomy":"product_brand","embeddable":true,"href":"https:\/\/dev.xstyle.md\/ro\/wp-json\/wp\/v2\/product_brand?post=30578"},{"taxonomy":"product_cat","embeddable":true,"href":"https:\/\/dev.xstyle.md\/ro\/wp-json\/wp\/v2\/product_cat?post=30578"},{"taxonomy":"product_tag","embeddable":true,"href":"https:\/\/dev.xstyle.md\/ro\/wp-json\/wp\/v2\/product_tag?post=30578"}],"curies":[{"name":"wp","href":"https:\/\/api.w.org\/{rel}","templated":true}]}}