{"id":29797,"date":"2021-04-28T11:31:30","date_gmt":"2021-04-28T08:31:30","guid":{"rendered":"https:\/\/xstyle.md\/product\/brelok-munkees-multi-function-carabiner-with-paracord-keychain\/"},"modified":"2025-06-18T17:08:26","modified_gmt":"2025-06-18T14:08:26","slug":"brelok-munkees-multi-function-carabiner-with-paracord-keychain","status":"publish","type":"product","link":"https:\/\/xstyle.md\/ro\/produs\/brelok-munkees-multi-function-carabiner-with-paracord-keychain\/","title":{"rendered":"Breloc Munkees Multi-function Carabiner with Paracord keychain"},"content":{"rendered":"<p><strong>Munkees Multi-function Carabiner with Paracord keychain<\/strong> &#8212; \u0431\u0440\u0435\u043b\u043e\u043a-\u043a\u0430\u0440\u0430\u0431\u0438\u043d \u0441 \u043a\u043e\u043b\u044c\u0446\u043e\u043c, \u0441 \u043f\u043e\u043c\u043e\u0449\u044c\u044e \u043a\u043e\u0442\u043e\u0440\u043e\u0433\u043e \u0431\u0440\u0435\u043b\u043e\u043a \u043c\u043e\u0436\u043d\u043e \u043f\u0440\u0438\u0446\u0435\u043f\u0438\u0442\u044c \u043a \u043a\u043b\u044e\u0447\u0430\u043c \u2013 \u0442\u0430\u043a \u0432\u0430\u0448\u0438 \u043a\u043b\u044e\u0447\u0438 \u0432\u0441\u0435\u0433\u0434\u0430 \u043c\u043e\u0436\u043d\u043e \u0431\u0443\u0434\u0435\u0442 \u0437\u0430\u043a\u0440\u0435\u043f\u0438\u0442\u044c \u0432 \u0440\u044e\u043a\u0437\u0430\u043a\u0435 \u0438\u043b\u0438 \u0441\u0443\u043c\u043a\u0435, \u0432\u043e\u0441\u043f\u043e\u043b\u044c\u0437\u043e\u0432\u0430\u0432\u0448\u0438\u0441\u044c \u043a\u0430\u0440\u0430\u0431\u0438\u043d\u043e\u043c.<\/p>\n<h3>Particularit\u0103\u021bi<\/h3>\n<ul>\n<li>U\u0219oare \u0219i compacte<\/li>\n<li>\u041a\u043e\u043b\u044c\u0446\u043e \u0434\u043b\u044f \u043a\u0440\u0435\u043f\u043b\u0435\u043d\u0438\u044f \u043a\u043b\u044e\u0447\u0435\u0439<\/li>\n<\/ul>\n<h3>Marca<\/h3>\n<p>Produse\u00a0<strong>Munkees<\/strong>\u00a0- Acestea sunt mici lucruri utile care sunt \u00eentotdeauna acolo c\u00e2nd ave\u021bi nevoie de ele. Este talismanul t\u0103u \u0219i \u00eel po\u021bi purta mereu cu tine pe breloc. Alegerea unui cadou \u00eempreun\u0103 cu Munkees este o pl\u0103cere. Cunosc\u00e2nd hobby-urile prietenului t\u0103u (fie fotbal, animale, etc.), vei putea g\u0103si \u00eentotdeauna brelocul potrivit pentru el! Nu \u0219tii ce s\u0103 \u00eei oferi copilului prietenului t\u0103u? Niciun copil nu va r\u0103m\u00e2ne indiferent la aceste lucruri viu colorate! Aproape fiecare model este disponibil \u00een mai multe culori. Distreaz\u0103-te aleg\u00e2nd un breloc Munkees pentru tine sau pentru un prieten, fie c\u0103 este vorba despre un deschiz\u0103tor de sticle amuzant, carabiniere decorative de diferite forme, fluiere, mini tor\u021be \u0219i multe altele.<\/p>","protected":false},"excerpt":{"rendered":"<p>Breloc Munkees Multi-function Carabiner with Paracord keychain<\/p>","protected":false},"featured_media":29796,"comment_status":"open","ping_status":"closed","template":"","meta":{"_acf_changed":false,"inline_featured_image":false},"product_brand":[1287],"product_cat":[214],"product_tag":[],"class_list":{"0":"post-29797","1":"product","2":"type-product","3":"status-publish","4":"has-post-thumbnail","6":"product_brand-munkees","7":"product_cat-carbines","9":"first","10":"instock","11":"shipping-taxable","12":"purchasable","13":"product-type-simple"},"acf":[],"yoast_head":"<!-- This site is optimized with the Yoast SEO plugin v27.4 - https:\/\/yoast.com\/product\/yoast-seo-wordpress\/ -->\n<title>\u0411\u0440\u0435\u043b\u043e\u043a Munkees Multi-function Carabiner with Paracord keychain - \u041c\u0430\u0433\u0430\u0437\u0438\u043d Xstyle<\/title>\n<meta name=\"description\" content=\"\u0411\u0440\u0435\u043b\u043e\u043a Munkees \u2014 \u043c\u043d\u043e\u0433\u043e\u0444\u0443\u043d\u043a\u0446\u0438\u043e\u043d\u0430\u043b\u044c\u043d\u044b\u0439 \u043a\u0430\u0440\u0430\u0431\u0438\u043d \u0441 \u043f\u0430\u0440\u0430\u043a\u043e\u0440\u0434\u043e\u043c. \u0418\u0434\u0435\u0430\u043b\u0435\u043d \u0434\u043b\u044f \u043f\u0443\u0442\u0435\u0448\u0435\u0441\u0442\u0432\u0438\u0439 \u0438 \u0430\u043a\u0442\u0438\u0432\u043d\u043e\u0433\u043e \u043e\u0442\u0434\u044b\u0445\u0430. \u0423\u0434\u043e\u0431\u0441\u0442\u0432\u043e \u0438 \u0441\u0442\u0438\u043b\u044c \u0432 \u043e\u0434\u043d\u043e\u043c \u0430\u043a\u0441\u0435\u0441\u0441\u0443\u0430\u0440\u0430!\" \/>\n<meta name=\"robots\" content=\"index, follow, max-snippet:-1, max-image-preview:large, max-video-preview:-1\" \/>\n<link rel=\"canonical\" href=\"https:\/\/xstyle.md\/ro\/produs\/brelok-munkees-multi-function-carabiner-with-paracord-keychain\/\" \/>\n<meta property=\"og:locale\" content=\"ro_RO\" \/>\n<meta property=\"og:type\" content=\"article\" \/>\n<meta property=\"og:title\" content=\"\u0411\u0440\u0435\u043b\u043e\u043a Munkees Multi-function Carabiner with Paracord keychain - \u041c\u0430\u0433\u0430\u0437\u0438\u043d Xstyle\" \/>\n<meta property=\"og:description\" content=\"\u0411\u0440\u0435\u043b\u043e\u043a Munkees \u2014 \u043c\u043d\u043e\u0433\u043e\u0444\u0443\u043d\u043a\u0446\u0438\u043e\u043d\u0430\u043b\u044c\u043d\u044b\u0439 \u043a\u0430\u0440\u0430\u0431\u0438\u043d \u0441 \u043f\u0430\u0440\u0430\u043a\u043e\u0440\u0434\u043e\u043c. \u0418\u0434\u0435\u0430\u043b\u0435\u043d \u0434\u043b\u044f \u043f\u0443\u0442\u0435\u0448\u0435\u0441\u0442\u0432\u0438\u0439 \u0438 \u0430\u043a\u0442\u0438\u0432\u043d\u043e\u0433\u043e \u043e\u0442\u0434\u044b\u0445\u0430. \u0423\u0434\u043e\u0431\u0441\u0442\u0432\u043e \u0438 \u0441\u0442\u0438\u043b\u044c \u0432 \u043e\u0434\u043d\u043e\u043c \u0430\u043a\u0441\u0435\u0441\u0441\u0443\u0430\u0440\u0430!\" \/>\n<meta property=\"og:url\" content=\"https:\/\/xstyle.md\/ro\/produs\/brelok-munkees-multi-function-carabiner-with-paracord-keychain\/\" \/>\n<meta property=\"og:site_name\" content=\"\u041c\u0430\u0433\u0430\u0437\u0438\u043d Xstyle\" \/>\n<meta property=\"article:publisher\" content=\"https:\/\/www.facebook.com\/xstylemd\" \/>\n<meta property=\"article:modified_time\" content=\"2025-06-18T14:08:26+00:00\" \/>\n<meta property=\"og:image\" content=\"https:\/\/xstyle.md\/wp-content\/uploads\/2021\/04\/munkees_multi_function_paracord_key_fob_6462.jpg\" \/>\n\t<meta property=\"og:image:width\" content=\"600\" \/>\n\t<meta property=\"og:image:height\" content=\"600\" \/>\n\t<meta property=\"og:image:type\" content=\"image\/jpeg\" \/>\n<meta name=\"twitter:card\" content=\"summary_large_image\" \/>\n<meta name=\"twitter:label1\" content=\"Pre\u021b\" \/>\n\t<meta name=\"twitter:data1\" content=\"135&nbsp;MDL\" \/>\n\t<meta name=\"twitter:label2\" content=\"Disponibilitate\" \/>\n\t<meta name=\"twitter:data2\" content=\"\u00cen stoc\" \/>\n<script type=\"application\/ld+json\" class=\"yoast-schema-graph\">{\"@context\":\"https:\\\/\\\/schema.org\",\"@graph\":[{\"@type\":\"WebPage\",\"@id\":\"https:\\\/\\\/xstyle.md\\\/product\\\/brelok-munkees-multi-function-carabiner-with-paracord-keychain\\\/\",\"url\":\"https:\\\/\\\/xstyle.md\\\/product\\\/brelok-munkees-multi-function-carabiner-with-paracord-keychain\\\/\",\"name\":\"\u0411\u0440\u0435\u043b\u043e\u043a Munkees Multi-function Carabiner with Paracord keychain - \u041c\u0430\u0433\u0430\u0437\u0438\u043d Xstyle\",\"isPartOf\":{\"@id\":\"https:\\\/\\\/xstyle.md\\\/#website\"},\"primaryImageOfPage\":{\"@id\":\"https:\\\/\\\/xstyle.md\\\/product\\\/brelok-munkees-multi-function-carabiner-with-paracord-keychain\\\/#primaryimage\"},\"image\":{\"@id\":\"https:\\\/\\\/xstyle.md\\\/product\\\/brelok-munkees-multi-function-carabiner-with-paracord-keychain\\\/#primaryimage\"},\"thumbnailUrl\":\"https:\\\/\\\/xstyle.md\\\/wp-content\\\/uploads\\\/2021\\\/04\\\/munkees_multi_function_paracord_key_fob_6462.jpg\",\"datePublished\":\"2021-04-28T08:31:30+00:00\",\"dateModified\":\"2025-06-18T14:08:26+00:00\",\"description\":\"\u0411\u0440\u0435\u043b\u043e\u043a Munkees \u2014 \u043c\u043d\u043e\u0433\u043e\u0444\u0443\u043d\u043a\u0446\u0438\u043e\u043d\u0430\u043b\u044c\u043d\u044b\u0439 \u043a\u0430\u0440\u0430\u0431\u0438\u043d \u0441 \u043f\u0430\u0440\u0430\u043a\u043e\u0440\u0434\u043e\u043c. \u0418\u0434\u0435\u0430\u043b\u0435\u043d \u0434\u043b\u044f \u043f\u0443\u0442\u0435\u0448\u0435\u0441\u0442\u0432\u0438\u0439 \u0438 \u0430\u043a\u0442\u0438\u0432\u043d\u043e\u0433\u043e \u043e\u0442\u0434\u044b\u0445\u0430. \u0423\u0434\u043e\u0431\u0441\u0442\u0432\u043e \u0438 \u0441\u0442\u0438\u043b\u044c \u0432 \u043e\u0434\u043d\u043e\u043c \u0430\u043a\u0441\u0435\u0441\u0441\u0443\u0430\u0440\u0430!\",\"breadcrumb\":{\"@id\":\"https:\\\/\\\/xstyle.md\\\/product\\\/brelok-munkees-multi-function-carabiner-with-paracord-keychain\\\/#breadcrumb\"},\"inLanguage\":\"ro-RO\",\"potentialAction\":[{\"@type\":\"ReadAction\",\"target\":[\"https:\\\/\\\/xstyle.md\\\/product\\\/brelok-munkees-multi-function-carabiner-with-paracord-keychain\\\/\"]}]},{\"@type\":\"ImageObject\",\"inLanguage\":\"ro-RO\",\"@id\":\"https:\\\/\\\/xstyle.md\\\/product\\\/brelok-munkees-multi-function-carabiner-with-paracord-keychain\\\/#primaryimage\",\"url\":\"https:\\\/\\\/xstyle.md\\\/wp-content\\\/uploads\\\/2021\\\/04\\\/munkees_multi_function_paracord_key_fob_6462.jpg\",\"contentUrl\":\"https:\\\/\\\/xstyle.md\\\/wp-content\\\/uploads\\\/2021\\\/04\\\/munkees_multi_function_paracord_key_fob_6462.jpg\",\"width\":600,\"height\":600},{\"@type\":\"BreadcrumbList\",\"@id\":\"https:\\\/\\\/xstyle.md\\\/product\\\/brelok-munkees-multi-function-carabiner-with-paracord-keychain\\\/#breadcrumb\",\"itemListElement\":[{\"@type\":\"ListItem\",\"position\":1,\"name\":\"\u0413\u043b\u0430\u0432\u043d\u0430\u044f \u0441\u0442\u0440\u0430\u043d\u0438\u0446\u0430\",\"item\":\"https:\\\/\\\/xstyle.md\\\/\"},{\"@type\":\"ListItem\",\"position\":2,\"name\":\"\u041c\u0430\u0433\u0430\u0437\u0438\u043d\",\"item\":\"https:\\\/\\\/xstyle.md\\\/shop\\\/\"},{\"@type\":\"ListItem\",\"position\":3,\"name\":\"\u0411\u0440\u0435\u043b\u043e\u043a Munkees Multi-function Carabiner with Paracord keychain\"}]},{\"@type\":\"WebSite\",\"@id\":\"https:\\\/\\\/xstyle.md\\\/#website\",\"url\":\"https:\\\/\\\/xstyle.md\\\/\",\"name\":\"\u041c\u0430\u0433\u0430\u0437\u0438\u043d Xstyle\",\"description\":\"C\u043d\u0430\u0440\u044f\u0436\u0435\u043d\u0438\u0435 \u0434\u043b\u044f \u0442\u0443\u0440\u0438\u0437\u043c\u0430 \u0438 \u044d\u043a\u0441\u0442\u0440\u0435\u043c\u0430\u043b\u044c\u043d\u044b\u0445 \u0432\u0438\u0434\u043e\u0432 \u0441\u043f\u043e\u0440\u0442\u0430 \u0432 \u041c\u043e\u043b\u0434\u043e\u0432\u0435.. \u0426\u0435\u043d\u044b, \u0444\u043e\u0442\u043e, \u0445\u0430\u0440\u0430\u043a\u0442\u0435\u0440\u0438\u0441\u0442\u0438\u043a\u0438 \u0432 \u041c\u043e\u043b\u0434\u043e\u0432\u0435.\",\"publisher\":{\"@id\":\"https:\\\/\\\/xstyle.md\\\/#organization\"},\"alternateName\":\"X-Style\",\"potentialAction\":[{\"@type\":\"SearchAction\",\"target\":{\"@type\":\"EntryPoint\",\"urlTemplate\":\"https:\\\/\\\/xstyle.md\\\/?s={search_term_string}\"},\"query-input\":{\"@type\":\"PropertyValueSpecification\",\"valueRequired\":true,\"valueName\":\"search_term_string\"}}],\"inLanguage\":\"ro-RO\"},{\"@type\":\"Organization\",\"@id\":\"https:\\\/\\\/xstyle.md\\\/#organization\",\"name\":\"\u041c\u0430\u0433\u0430\u0437\u0438\u043d Xstyle\",\"alternateName\":\"x-style\",\"url\":\"https:\\\/\\\/xstyle.md\\\/\",\"logo\":{\"@type\":\"ImageObject\",\"inLanguage\":\"ro-RO\",\"@id\":\"https:\\\/\\\/xstyle.md\\\/#\\\/schema\\\/logo\\\/image\\\/\",\"url\":\"https:\\\/\\\/xstyle.md\\\/wp-content\\\/uploads\\\/2020\\\/06\\\/logoicon.svg\",\"contentUrl\":\"https:\\\/\\\/xstyle.md\\\/wp-content\\\/uploads\\\/2020\\\/06\\\/logoicon.svg\",\"caption\":\"\u041c\u0430\u0433\u0430\u0437\u0438\u043d Xstyle\"},\"image\":{\"@id\":\"https:\\\/\\\/xstyle.md\\\/#\\\/schema\\\/logo\\\/image\\\/\"},\"sameAs\":[\"https:\\\/\\\/www.facebook.com\\\/xstylemd\",\"https:\\\/\\\/www.instagram.com\\\/xstyle_md\\\/\",\"https:\\\/\\\/t.me\\\/xstyle_outdoor\"],\"hasMerchantReturnPolicy\":{\"@type\":\"MerchantReturnPolicy\",\"merchantReturnLink\":\"https:\\\/\\\/xstyle.md\\\/ro\\\/conditions\\\/\"}}]}<\/script>\n<meta property=\"product:price:amount\" content=\"135.00\" \/>\n<meta property=\"product:price:currency\" content=\"MDL\" \/>\n<meta property=\"og:availability\" content=\"instock\" \/>\n<meta property=\"product:availability\" content=\"instock\" \/>\n<meta property=\"product:retailer_item_id\" content=\"6932057864622\" \/>\n<meta property=\"product:condition\" content=\"new\" \/>\n<!-- \/ Yoast SEO plugin. -->","yoast_head_json":{"title":"\u0411\u0440\u0435\u043b\u043e\u043a Munkees Multi-function Carabiner with Paracord keychain - \u041c\u0430\u0433\u0430\u0437\u0438\u043d Xstyle","description":"Breloc Munkees \u2014 carabin\u0103 multifunc\u021bional\u0103 cu paracord. Ideal pentru c\u0103l\u0103torii \u0219i activit\u0103\u021bi \u00een aer liber. Confort \u0219i stil \u00eentr-un singur accesoriu!","robots":{"index":"index","follow":"follow","max-snippet":"max-snippet:-1","max-image-preview":"max-image-preview:large","max-video-preview":"max-video-preview:-1"},"canonical":"https:\/\/xstyle.md\/ro\/produs\/brelok-munkees-multi-function-carabiner-with-paracord-keychain\/","og_locale":"ro_RO","og_type":"article","og_title":"\u0411\u0440\u0435\u043b\u043e\u043a Munkees Multi-function Carabiner with Paracord keychain - \u041c\u0430\u0433\u0430\u0437\u0438\u043d Xstyle","og_description":"\u0411\u0440\u0435\u043b\u043e\u043a Munkees \u2014 \u043c\u043d\u043e\u0433\u043e\u0444\u0443\u043d\u043a\u0446\u0438\u043e\u043d\u0430\u043b\u044c\u043d\u044b\u0439 \u043a\u0430\u0440\u0430\u0431\u0438\u043d \u0441 \u043f\u0430\u0440\u0430\u043a\u043e\u0440\u0434\u043e\u043c. \u0418\u0434\u0435\u0430\u043b\u0435\u043d \u0434\u043b\u044f \u043f\u0443\u0442\u0435\u0448\u0435\u0441\u0442\u0432\u0438\u0439 \u0438 \u0430\u043a\u0442\u0438\u0432\u043d\u043e\u0433\u043e \u043e\u0442\u0434\u044b\u0445\u0430. \u0423\u0434\u043e\u0431\u0441\u0442\u0432\u043e \u0438 \u0441\u0442\u0438\u043b\u044c \u0432 \u043e\u0434\u043d\u043e\u043c \u0430\u043a\u0441\u0435\u0441\u0441\u0443\u0430\u0440\u0430!","og_url":"https:\/\/xstyle.md\/ro\/produs\/brelok-munkees-multi-function-carabiner-with-paracord-keychain\/","og_site_name":"\u041c\u0430\u0433\u0430\u0437\u0438\u043d Xstyle","article_publisher":"https:\/\/www.facebook.com\/xstylemd","article_modified_time":"2025-06-18T14:08:26+00:00","og_image":[{"width":600,"height":600,"url":"https:\/\/xstyle.md\/wp-content\/uploads\/2021\/04\/munkees_multi_function_paracord_key_fob_6462.jpg","type":"image\/jpeg"}],"twitter_card":"summary_large_image","twitter_misc":{"Pre\u021b":"135&nbsp;MDL","Disponibilitate":"\u00cen stoc"},"schema":{"@context":"https:\/\/schema.org","@graph":[{"@type":"WebPage","@id":"https:\/\/xstyle.md\/product\/brelok-munkees-multi-function-carabiner-with-paracord-keychain\/","url":"https:\/\/xstyle.md\/product\/brelok-munkees-multi-function-carabiner-with-paracord-keychain\/","name":"\u0411\u0440\u0435\u043b\u043e\u043a Munkees Multi-function Carabiner with Paracord keychain - \u041c\u0430\u0433\u0430\u0437\u0438\u043d Xstyle","isPartOf":{"@id":"https:\/\/xstyle.md\/#website"},"primaryImageOfPage":{"@id":"https:\/\/xstyle.md\/product\/brelok-munkees-multi-function-carabiner-with-paracord-keychain\/#primaryimage"},"image":{"@id":"https:\/\/xstyle.md\/product\/brelok-munkees-multi-function-carabiner-with-paracord-keychain\/#primaryimage"},"thumbnailUrl":"https:\/\/xstyle.md\/wp-content\/uploads\/2021\/04\/munkees_multi_function_paracord_key_fob_6462.jpg","datePublished":"2021-04-28T08:31:30+00:00","dateModified":"2025-06-18T14:08:26+00:00","description":"Breloc Munkees \u2014 carabin\u0103 multifunc\u021bional\u0103 cu paracord. Ideal pentru c\u0103l\u0103torii \u0219i activit\u0103\u021bi \u00een aer liber. Confort \u0219i stil \u00eentr-un singur accesoriu!","breadcrumb":{"@id":"https:\/\/xstyle.md\/product\/brelok-munkees-multi-function-carabiner-with-paracord-keychain\/#breadcrumb"},"inLanguage":"ro-RO","potentialAction":[{"@type":"ReadAction","target":["https:\/\/xstyle.md\/product\/brelok-munkees-multi-function-carabiner-with-paracord-keychain\/"]}]},{"@type":"ImageObject","inLanguage":"ro-RO","@id":"https:\/\/xstyle.md\/product\/brelok-munkees-multi-function-carabiner-with-paracord-keychain\/#primaryimage","url":"https:\/\/xstyle.md\/wp-content\/uploads\/2021\/04\/munkees_multi_function_paracord_key_fob_6462.jpg","contentUrl":"https:\/\/xstyle.md\/wp-content\/uploads\/2021\/04\/munkees_multi_function_paracord_key_fob_6462.jpg","width":600,"height":600},{"@type":"BreadcrumbList","@id":"https:\/\/xstyle.md\/product\/brelok-munkees-multi-function-carabiner-with-paracord-keychain\/#breadcrumb","itemListElement":[{"@type":"ListItem","position":1,"name":"\u0413\u043b\u0430\u0432\u043d\u0430\u044f \u0441\u0442\u0440\u0430\u043d\u0438\u0446\u0430","item":"https:\/\/xstyle.md\/"},{"@type":"ListItem","position":2,"name":"\u041c\u0430\u0433\u0430\u0437\u0438\u043d","item":"https:\/\/xstyle.md\/shop\/"},{"@type":"ListItem","position":3,"name":"\u0411\u0440\u0435\u043b\u043e\u043a Munkees Multi-function Carabiner with Paracord keychain"}]},{"@type":"WebSite","@id":"https:\/\/xstyle.md\/#website","url":"https:\/\/xstyle.md\/","name":"Magazinul X-Style","description":"Echipamente pentru turism \u0219i sporturi extreme \u00een Moldova. Pre\u021buri, fotografii, caracteristici \u00een Moldova.","publisher":{"@id":"https:\/\/xstyle.md\/#organization"},"alternateName":"X-Style","potentialAction":[{"@type":"SearchAction","target":{"@type":"EntryPoint","urlTemplate":"https:\/\/xstyle.md\/?s={search_term_string}"},"query-input":{"@type":"PropertyValueSpecification","valueRequired":true,"valueName":"search_term_string"}}],"inLanguage":"ro-RO"},{"@type":"Organization","@id":"https:\/\/xstyle.md\/#organization","name":"Magazinul X-Style","alternateName":"x-style","url":"https:\/\/xstyle.md\/","logo":{"@type":"ImageObject","inLanguage":"ro-RO","@id":"https:\/\/xstyle.md\/#\/schema\/logo\/image\/","url":"https:\/\/xstyle.md\/wp-content\/uploads\/2020\/06\/logoicon.svg","contentUrl":"https:\/\/xstyle.md\/wp-content\/uploads\/2020\/06\/logoicon.svg","caption":"\u041c\u0430\u0433\u0430\u0437\u0438\u043d Xstyle"},"image":{"@id":"https:\/\/xstyle.md\/#\/schema\/logo\/image\/"},"sameAs":["https:\/\/www.facebook.com\/xstylemd","https:\/\/www.instagram.com\/xstyle_md\/","https:\/\/t.me\/xstyle_outdoor"],"hasMerchantReturnPolicy":{"@type":"MerchantReturnPolicy","merchantReturnLink":"https:\/\/xstyle.md\/ro\/conditions\/"}}]},"product_price_amount":"135.00","product_price_currency":"MDL","og_availability":"instock","product_availability":"instock","product_retailer_item_id":"6932057864622","product_condition":"new"},"_links":{"self":[{"href":"https:\/\/xstyle.md\/ro\/wp-json\/wp\/v2\/product\/29797","targetHints":{"allow":["GET"]}}],"collection":[{"href":"https:\/\/xstyle.md\/ro\/wp-json\/wp\/v2\/product"}],"about":[{"href":"https:\/\/xstyle.md\/ro\/wp-json\/wp\/v2\/types\/product"}],"replies":[{"embeddable":true,"href":"https:\/\/xstyle.md\/ro\/wp-json\/wp\/v2\/comments?post=29797"}],"wp:featuredmedia":[{"embeddable":true,"href":"https:\/\/xstyle.md\/ro\/wp-json\/wp\/v2\/media\/29796"}],"wp:attachment":[{"href":"https:\/\/xstyle.md\/ro\/wp-json\/wp\/v2\/media?parent=29797"}],"wp:term":[{"taxonomy":"product_brand","embeddable":true,"href":"https:\/\/xstyle.md\/ro\/wp-json\/wp\/v2\/product_brand?post=29797"},{"taxonomy":"product_cat","embeddable":true,"href":"https:\/\/xstyle.md\/ro\/wp-json\/wp\/v2\/product_cat?post=29797"},{"taxonomy":"product_tag","embeddable":true,"href":"https:\/\/xstyle.md\/ro\/wp-json\/wp\/v2\/product_tag?post=29797"}],"curies":[{"name":"wp","href":"https:\/\/api.w.org\/{rel}","templated":true}]}}