{"id":2976,"date":"2020-07-16T17:33:38","date_gmt":"2020-07-16T14:33:38","guid":{"rendered":"https:\/\/xstyle.md\/product\/ulavlivajuschee-ustrojstvo-petzl-asap-new"},"modified":"2025-05-29T11:57:02","modified_gmt":"2025-05-29T08:57:02","slug":"ulavlivajuschee-ustrojstvo-petzl-asap-new","status":"publish","type":"product","link":"https:\/\/dev.xstyle.md\/ro\/produs\/ulavlivajuschee-ustrojstvo-petzl-asap-new\/","title":{"rendered":"Dispozitiv antic\u0103dere Petzl Asap New"},"content":{"rendered":"<\/p>\n<p><strong>Dispozitiv antic\u0103dere Petzl Asap<\/strong> &#8212; dispozitiv de siguran\u021b\u0103 mobil conceput pentru a simplifica siguran\u021ba \u00een activitatea de acces pe fr\u00e2nghie. Datorit\u0103 sistemului s\u0103u unic de blocare, ASAP este o alegere bun\u0103 pentru protejarea lucr\u0103torilor \u00eempotriva c\u0103derilor de la \u00een\u0103l\u021bime. Dispozitivul alunec\u0103 liber \u00een sus \u0219i \u00een jos pe fr\u00e2nghie, replic\u00e2nd toate mi\u0219c\u0103rile lucr\u0103torului. \u00cen cazul unei c\u0103deri, al unei alunec\u0103ri sau al unei cobor\u00e2ri necontrolate, ASAP se va bloca imediat pe fr\u00e2nghie pentru a opri c\u0103derea. Se utilizeaz\u0103 \u00eempreun\u0103 cu amortizorul de \u0219ocuri de smucituri ASAP&#8217;SORBER. Amortizorul de \u0219oc reduce for\u021ba de smucitur\u0103 \u0219i mut\u0103 fr\u00e2nghia de siguran\u021b\u0103 \u00een afara zonei de lucru.<\/p>\n<p>Dispozitivul trebuie utilizat cu unul dintre amortizoarele de smucituri compatibile. Pe l\u00e2ng\u0103 utilizarea sa ca dispozitiv de siguran\u021b\u0103 \u00een sistemele de acces pe fr\u00e2nghie, dispozitivul poate fi utilizat ca dispozitiv de protec\u021bie personal\u0103 pe liniile de ancorare flexibile.<\/p>\n<h3>Particularit\u0103\u021bi<\/h3>\n<p><strong>Protec\u021bie permanent\u0103 \u00eempotriva c\u0103derilor:\u00a0<\/strong><\/p>\n<ul>\n<li>opre\u0219te c\u0103derea, alunecarea, cobor\u00e2rea necontrolat\u0103;<\/li>\n<li>func\u021bioneaz\u0103 pe fr\u00e2nghii verticale sau \u00eenclinate;<\/li>\n<li>protejat \u00eempotriva &#171;reflexului de panic\u0103&#187;. Dispozitivul va func\u021biona chiar dac\u0103 utilizatorul \u00eel str\u00e2nge \u00een m\u00e2n\u0103 \u00een timpul unei c\u0103deri.<\/li>\n<\/ul>\n<p><strong>Simplu \u0219i eficient:\u00a0<\/strong><\/p>\n<ul>\n<li>se mi\u0219c\u0103 liber \u00een sus \u0219i \u00een jos \u00een spatele utilizatorului;<\/li>\n<li>u\u0219or de instalat \u0219i de \u00eendep\u0103rtat oriunde pe fr\u00e2nghie.<\/li>\n<\/ul>\n<p>Func\u021bia de blocare v\u0103 permite s\u0103 bloca\u021bi dispozitivul \u00een pozi\u021bie, reduc\u00e2nd ad\u00e2ncimea poten\u021bial\u0103 de c\u0103dere \u00een caz de c\u0103dere. \u00cen caz de v\u00e2nt puternic, aceast\u0103 func\u021bie \u00eempiedic\u0103, de asemenea, ca fr\u00e2nghia s\u0103 fie scoas\u0103 din dispozitiv.<\/p>\n<h3>Caracteristici<\/h3>\n<ul>\n<li>Greutate &#8212; 425<\/li>\n<li>Materiale &#8212; aluminiu, o\u021bel inoxidabil<\/li>\n<li>Certificare:<br \/>\n&#8212; CE EN 12841 tip A (utilizat cu ASAP&#8217;SORBER sau ASAP&#8217;SORBER AXESS \u0219i cu fr\u00e2nghia EN 1891 tip A cu diametrul de 10-13 mm).<br \/>\n&#8212; CE EN 353-2 (utilizat cu coarda ASAP&#8217;SORBER \u0219i AXIS de 11 mm sau PARALLEL de 10,5 mm).<br \/>\n&#8212; EAC (utilizat cu ASAP&#8217;SORBER sau ASAP&#8217;SORBER AXESS \u0219i fr\u00e2nghia EN 1891 tip A cu diametrul de 10-13 mm).<\/li>\n<\/ul>\n<h3>Marca<\/h3>\n<p>PETZL este un brand de renume mondial care produce echipamente specializate pentru alpinism, speologie, escalad\u0103 \u0219i alpinism industrial. Compania a fost fondat\u0103 de Fernand Petzel, un om pasionat de speologie de o via\u021b\u0103 \u00eentreag\u0103. La mijlocul anilor 1970, pasiunea sa \u0219i afacerea de familie au crescut \u00een ceva mai mult. Fernand a \u00eenceput s\u0103 modifice dispozitivele existente folosite \u00een speologie \u0219i apoi s\u0103 inventeze unele complet noi.<\/p>\n<p>Gama de produse a companiei s-a extins pentru a include iluminatul, deoarece \u00een \u00eentunericul pe\u0219terilor acesta este unul dintre cele mai importante echipamente necesare. Dup\u0103 speologie, PETZL a creat echipamente pentru alpini\u0219ti \u0219i alpini\u0219ti, iar mai t\u00e2rziu pentru lucrul la \u00een\u0103l\u021bime.<\/p>\n<p>Misiunea PETZL este de a crea instrumente inovatoare care s\u0103 le permit\u0103 b\u0103rba\u021bilor \u0219i femeilor s\u0103 ating\u0103 noi \u00een\u0103l\u021bimi pe vertical\u0103 \u0219i s\u0103 lumineze drumul \u00een \u00eentuneric. Compania se afl\u0103 \u00eentr-o c\u0103utare continu\u0103 a celei mai bune solu\u021bii \u00een toate domeniile de activitate. Performan\u021ba, ergonomia, confortul \u0219i, cel mai important, siguran\u021ba sunt cele mai importante criterii \u00een aceast\u0103 c\u0103utare. Accesul la ceea ce este inaccesibil sau &#171;atingerea a ceea ce este de neatins&#187; este motto-ul s\u0103u de lung\u0103 durat\u0103.<\/p>\n<p><\/p>","protected":false},"excerpt":{"rendered":"<p>Dispozitiv antic\u0103dere Petzl Asap New<\/p>","protected":false},"featured_media":2975,"comment_status":"open","ping_status":"closed","template":"","meta":{"_acf_changed":false,"inline_featured_image":false},"product_brand":[1270],"product_cat":[104],"product_tag":[],"class_list":{"0":"post-2976","1":"product","2":"type-product","3":"status-publish","4":"has-post-thumbnail","6":"product_brand-petzl","7":"product_cat-backup","9":"first","10":"instock","11":"shipping-taxable","12":"purchasable","13":"product-type-simple"},"acf":[],"yoast_head":"<!-- This site is optimized with the Yoast SEO plugin v27.5 - https:\/\/yoast.com\/product\/yoast-seo-wordpress\/ -->\n<title>\u0423\u043b\u0430\u0432\u043b\u0438\u0432\u0430\u044e\u0449\u0435\u0435 \u0443\u0441\u0442\u0440\u043e\u0439\u0441\u0442\u0432\u043e Petzl Asap - \u041c\u0430\u0433\u0430\u0437\u0438\u043d Xstyle<\/title>\n<meta name=\"description\" content=\"\u0423\u043b\u0430\u0432\u043b\u0438\u0432\u0430\u044e\u0449\u0435\u0435 \u0443\u0441\u0442\u0440\u043e\u0439\u0441\u0442\u0432\u043e Petzl Asap \u043e\u0431\u0435\u0441\u043f\u0435\u0447\u0438\u0432\u0430\u0435\u0442 \u0431\u0435\u0437\u043e\u043f\u0430\u0441\u043d\u043e\u0441\u0442\u044c \u043f\u0440\u0438 \u0434\u043e\u0441\u0442\u0443\u043f\u0435 \u043a \u0442\u0440\u0443\u0434\u043d\u043e\u0434\u043e\u0441\u0442\u0443\u043f\u043d\u044b\u043c \u043c\u0435\u0441\u0442\u0430\u043c \u0441 \u0443\u043d\u0438\u043a\u0430\u043b\u044c\u043d\u043e\u0439 \u0441\u0438\u0441\u0442\u0435\u043c\u043e\u0439 \u0431\u043b\u043e\u043a\u0438\u0440\u043e\u0432\u043a\u0438. \u0418\u0434\u0435\u0430\u043b\u044c\u043d\u043e \u0434\u043b\u044f \u0440\u0430\u0431\u043e\u0442\u044b \u043d\u0430 \u0432\u044b\u0441\u043e\u0442\u0435.\" \/>\n<meta name=\"robots\" content=\"noindex, follow, max-snippet:-1, max-image-preview:large, max-video-preview:-1\" \/>\n<meta property=\"og:locale\" content=\"ro_RO\" \/>\n<meta property=\"og:type\" content=\"article\" \/>\n<meta property=\"og:title\" content=\"\u0423\u043b\u0430\u0432\u043b\u0438\u0432\u0430\u044e\u0449\u0435\u0435 \u0443\u0441\u0442\u0440\u043e\u0439\u0441\u0442\u0432\u043e Petzl Asap - \u041c\u0430\u0433\u0430\u0437\u0438\u043d Xstyle\" \/>\n<meta property=\"og:description\" content=\"\u0423\u043b\u0430\u0432\u043b\u0438\u0432\u0430\u044e\u0449\u0435\u0435 \u0443\u0441\u0442\u0440\u043e\u0439\u0441\u0442\u0432\u043e Petzl Asap \u043e\u0431\u0435\u0441\u043f\u0435\u0447\u0438\u0432\u0430\u0435\u0442 \u0431\u0435\u0437\u043e\u043f\u0430\u0441\u043d\u043e\u0441\u0442\u044c \u043f\u0440\u0438 \u0434\u043e\u0441\u0442\u0443\u043f\u0435 \u043a \u0442\u0440\u0443\u0434\u043d\u043e\u0434\u043e\u0441\u0442\u0443\u043f\u043d\u044b\u043c \u043c\u0435\u0441\u0442\u0430\u043c \u0441 \u0443\u043d\u0438\u043a\u0430\u043b\u044c\u043d\u043e\u0439 \u0441\u0438\u0441\u0442\u0435\u043c\u043e\u0439 \u0431\u043b\u043e\u043a\u0438\u0440\u043e\u0432\u043a\u0438. \u0418\u0434\u0435\u0430\u043b\u044c\u043d\u043e \u0434\u043b\u044f \u0440\u0430\u0431\u043e\u0442\u044b \u043d\u0430 \u0432\u044b\u0441\u043e\u0442\u0435.\" \/>\n<meta property=\"og:url\" content=\"https:\/\/dev.xstyle.md\/ro\/produs\/ulavlivajuschee-ustrojstvo-petzl-asap-new\/\" \/>\n<meta property=\"og:site_name\" content=\"\u041c\u0430\u0433\u0430\u0437\u0438\u043d Xstyle\" \/>\n<meta property=\"article:publisher\" content=\"https:\/\/www.facebook.com\/xstylemd\" \/>\n<meta property=\"article:modified_time\" content=\"2025-05-29T08:57:02+00:00\" \/>\n<meta property=\"og:image\" content=\"https:\/\/dev.xstyle.md\/wp-content\/uploads\/2020\/07\/file_1_1.jpg\" \/>\n\t<meta property=\"og:image:width\" content=\"500\" \/>\n\t<meta property=\"og:image:height\" content=\"500\" \/>\n\t<meta property=\"og:image:type\" content=\"image\/jpeg\" \/>\n<meta name=\"twitter:card\" content=\"summary_large_image\" \/>\n<meta name=\"twitter:label1\" content=\"Pre\u021b\" \/>\n\t<meta name=\"twitter:data1\" content=\"3.790,00&nbsp;MDL\" \/>\n\t<meta name=\"twitter:label2\" content=\"Disponibilitate\" \/>\n\t<meta name=\"twitter:data2\" content=\"\u00cen stoc\" \/>\n<script type=\"application\/ld+json\" class=\"yoast-schema-graph\">{\"@context\":\"https:\\\/\\\/schema.org\",\"@graph\":[{\"@type\":\"WebPage\",\"@id\":\"https:\\\/\\\/dev.xstyle.md\\\/product\\\/ulavlivajuschee-ustrojstvo-petzl-asap-new\\\/\",\"url\":\"https:\\\/\\\/dev.xstyle.md\\\/product\\\/ulavlivajuschee-ustrojstvo-petzl-asap-new\\\/\",\"name\":\"\u0423\u043b\u0430\u0432\u043b\u0438\u0432\u0430\u044e\u0449\u0435\u0435 \u0443\u0441\u0442\u0440\u043e\u0439\u0441\u0442\u0432\u043e Petzl Asap - \u041c\u0430\u0433\u0430\u0437\u0438\u043d Xstyle\",\"isPartOf\":{\"@id\":\"https:\\\/\\\/dev.xstyle.md\\\/#website\"},\"primaryImageOfPage\":{\"@id\":\"https:\\\/\\\/dev.xstyle.md\\\/product\\\/ulavlivajuschee-ustrojstvo-petzl-asap-new\\\/#primaryimage\"},\"image\":{\"@id\":\"https:\\\/\\\/dev.xstyle.md\\\/product\\\/ulavlivajuschee-ustrojstvo-petzl-asap-new\\\/#primaryimage\"},\"thumbnailUrl\":\"https:\\\/\\\/dev.xstyle.md\\\/wp-content\\\/uploads\\\/2020\\\/07\\\/file_1_1.jpg\",\"datePublished\":\"2020-07-16T14:33:38+00:00\",\"dateModified\":\"2025-05-29T08:57:02+00:00\",\"description\":\"\u0423\u043b\u0430\u0432\u043b\u0438\u0432\u0430\u044e\u0449\u0435\u0435 \u0443\u0441\u0442\u0440\u043e\u0439\u0441\u0442\u0432\u043e Petzl Asap \u043e\u0431\u0435\u0441\u043f\u0435\u0447\u0438\u0432\u0430\u0435\u0442 \u0431\u0435\u0437\u043e\u043f\u0430\u0441\u043d\u043e\u0441\u0442\u044c \u043f\u0440\u0438 \u0434\u043e\u0441\u0442\u0443\u043f\u0435 \u043a \u0442\u0440\u0443\u0434\u043d\u043e\u0434\u043e\u0441\u0442\u0443\u043f\u043d\u044b\u043c \u043c\u0435\u0441\u0442\u0430\u043c \u0441 \u0443\u043d\u0438\u043a\u0430\u043b\u044c\u043d\u043e\u0439 \u0441\u0438\u0441\u0442\u0435\u043c\u043e\u0439 \u0431\u043b\u043e\u043a\u0438\u0440\u043e\u0432\u043a\u0438. \u0418\u0434\u0435\u0430\u043b\u044c\u043d\u043e \u0434\u043b\u044f \u0440\u0430\u0431\u043e\u0442\u044b \u043d\u0430 \u0432\u044b\u0441\u043e\u0442\u0435.\",\"breadcrumb\":{\"@id\":\"https:\\\/\\\/dev.xstyle.md\\\/product\\\/ulavlivajuschee-ustrojstvo-petzl-asap-new\\\/#breadcrumb\"},\"inLanguage\":\"ro-RO\",\"potentialAction\":[{\"@type\":\"ReadAction\",\"target\":[\"https:\\\/\\\/dev.xstyle.md\\\/product\\\/ulavlivajuschee-ustrojstvo-petzl-asap-new\\\/\"]}]},{\"@type\":\"ImageObject\",\"inLanguage\":\"ro-RO\",\"@id\":\"https:\\\/\\\/dev.xstyle.md\\\/product\\\/ulavlivajuschee-ustrojstvo-petzl-asap-new\\\/#primaryimage\",\"url\":\"https:\\\/\\\/dev.xstyle.md\\\/wp-content\\\/uploads\\\/2020\\\/07\\\/file_1_1.jpg\",\"contentUrl\":\"https:\\\/\\\/dev.xstyle.md\\\/wp-content\\\/uploads\\\/2020\\\/07\\\/file_1_1.jpg\",\"width\":500,\"height\":500},{\"@type\":\"BreadcrumbList\",\"@id\":\"https:\\\/\\\/dev.xstyle.md\\\/product\\\/ulavlivajuschee-ustrojstvo-petzl-asap-new\\\/#breadcrumb\",\"itemListElement\":[{\"@type\":\"ListItem\",\"position\":1,\"name\":\"\u0413\u043b\u0430\u0432\u043d\u0430\u044f \u0441\u0442\u0440\u0430\u043d\u0438\u0446\u0430\",\"item\":\"https:\\\/\\\/dev.xstyle.md\\\/\"},{\"@type\":\"ListItem\",\"position\":2,\"name\":\"Shop\",\"item\":\"https:\\\/\\\/dev.xstyle.md\\\/shop\\\/\"},{\"@type\":\"ListItem\",\"position\":3,\"name\":\"\u0423\u043b\u0430\u0432\u043b\u0438\u0432\u0430\u044e\u0449\u0435\u0435 \u0443\u0441\u0442\u0440\u043e\u0439\u0441\u0442\u0432\u043e Petzl Asap\"}]},{\"@type\":\"WebSite\",\"@id\":\"https:\\\/\\\/dev.xstyle.md\\\/#website\",\"url\":\"https:\\\/\\\/dev.xstyle.md\\\/\",\"name\":\"\u041c\u0430\u0433\u0430\u0437\u0438\u043d Xstyle\",\"description\":\"C\u043d\u0430\u0440\u044f\u0436\u0435\u043d\u0438\u0435 \u0434\u043b\u044f \u0442\u0443\u0440\u0438\u0437\u043c\u0430 \u0438 \u044d\u043a\u0441\u0442\u0440\u0435\u043c\u0430\u043b\u044c\u043d\u044b\u0445 \u0432\u0438\u0434\u043e\u0432 \u0441\u043f\u043e\u0440\u0442\u0430 \u0432 \u041c\u043e\u043b\u0434\u043e\u0432\u0435.. \u0426\u0435\u043d\u044b, \u0444\u043e\u0442\u043e, \u0445\u0430\u0440\u0430\u043a\u0442\u0435\u0440\u0438\u0441\u0442\u0438\u043a\u0438 \u0432 \u041c\u043e\u043b\u0434\u043e\u0432\u0435.\",\"publisher\":{\"@id\":\"https:\\\/\\\/dev.xstyle.md\\\/#organization\"},\"alternateName\":\"X-Style\",\"potentialAction\":[{\"@type\":\"SearchAction\",\"target\":{\"@type\":\"EntryPoint\",\"urlTemplate\":\"https:\\\/\\\/dev.xstyle.md\\\/?s={search_term_string}\"},\"query-input\":{\"@type\":\"PropertyValueSpecification\",\"valueRequired\":true,\"valueName\":\"search_term_string\"}}],\"inLanguage\":\"ro-RO\"},{\"@type\":\"Organization\",\"@id\":\"https:\\\/\\\/dev.xstyle.md\\\/#organization\",\"name\":\"\u041c\u0430\u0433\u0430\u0437\u0438\u043d Xstyle\",\"alternateName\":\"x-style\",\"url\":\"https:\\\/\\\/dev.xstyle.md\\\/\",\"logo\":{\"@type\":\"ImageObject\",\"inLanguage\":\"ro-RO\",\"@id\":\"https:\\\/\\\/dev.xstyle.md\\\/#\\\/schema\\\/logo\\\/image\\\/\",\"url\":\"https:\\\/\\\/dev.xstyle.md\\\/wp-content\\\/uploads\\\/2020\\\/06\\\/logoicon.svg\",\"contentUrl\":\"https:\\\/\\\/dev.xstyle.md\\\/wp-content\\\/uploads\\\/2020\\\/06\\\/logoicon.svg\",\"caption\":\"\u041c\u0430\u0433\u0430\u0437\u0438\u043d Xstyle\"},\"image\":{\"@id\":\"https:\\\/\\\/dev.xstyle.md\\\/#\\\/schema\\\/logo\\\/image\\\/\"},\"sameAs\":[\"https:\\\/\\\/www.facebook.com\\\/xstylemd\",\"https:\\\/\\\/www.instagram.com\\\/xstyle_md\\\/\",\"https:\\\/\\\/t.me\\\/xstyle_outdoor\"],\"hasMerchantReturnPolicy\":{\"@type\":\"MerchantReturnPolicy\",\"merchantReturnLink\":\"https:\\\/\\\/dev.xstyle.md\\\/ro\\\/conditions\\\/\"}}]}<\/script>\n<meta property=\"product:price:amount\" content=\"3790.00\" \/>\n<meta property=\"product:price:currency\" content=\"MDL\" \/>\n<meta property=\"og:availability\" content=\"instock\" \/>\n<meta property=\"product:availability\" content=\"instock\" \/>\n<meta property=\"product:retailer_item_id\" content=\"3342540097605\" \/>\n<meta property=\"product:condition\" content=\"new\" \/>\n<!-- \/ Yoast SEO plugin. -->","yoast_head_json":{"title":"Dispozitiv antic\u0103dere Petzl Asap New - Magazin Xstyle","description":"Dispozitivul de prindere Petzl Asap asigur\u0103 siguran\u021ba \u00een accesul la locuri greu accesibile, av\u00e2nd un sistem unic de blocare. Ideal pentru munc\u0103 la \u00een\u0103l\u021bime.","robots":{"index":"noindex","follow":"follow","max-snippet":"max-snippet:-1","max-image-preview":"max-image-preview:large","max-video-preview":"max-video-preview:-1"},"og_locale":"ro_RO","og_type":"article","og_title":"\u0423\u043b\u0430\u0432\u043b\u0438\u0432\u0430\u044e\u0449\u0435\u0435 \u0443\u0441\u0442\u0440\u043e\u0439\u0441\u0442\u0432\u043e Petzl Asap - \u041c\u0430\u0433\u0430\u0437\u0438\u043d Xstyle","og_description":"\u0423\u043b\u0430\u0432\u043b\u0438\u0432\u0430\u044e\u0449\u0435\u0435 \u0443\u0441\u0442\u0440\u043e\u0439\u0441\u0442\u0432\u043e Petzl Asap \u043e\u0431\u0435\u0441\u043f\u0435\u0447\u0438\u0432\u0430\u0435\u0442 \u0431\u0435\u0437\u043e\u043f\u0430\u0441\u043d\u043e\u0441\u0442\u044c \u043f\u0440\u0438 \u0434\u043e\u0441\u0442\u0443\u043f\u0435 \u043a \u0442\u0440\u0443\u0434\u043d\u043e\u0434\u043e\u0441\u0442\u0443\u043f\u043d\u044b\u043c \u043c\u0435\u0441\u0442\u0430\u043c \u0441 \u0443\u043d\u0438\u043a\u0430\u043b\u044c\u043d\u043e\u0439 \u0441\u0438\u0441\u0442\u0435\u043c\u043e\u0439 \u0431\u043b\u043e\u043a\u0438\u0440\u043e\u0432\u043a\u0438. \u0418\u0434\u0435\u0430\u043b\u044c\u043d\u043e \u0434\u043b\u044f \u0440\u0430\u0431\u043e\u0442\u044b \u043d\u0430 \u0432\u044b\u0441\u043e\u0442\u0435.","og_url":"https:\/\/dev.xstyle.md\/ro\/produs\/ulavlivajuschee-ustrojstvo-petzl-asap-new\/","og_site_name":"\u041c\u0430\u0433\u0430\u0437\u0438\u043d Xstyle","article_publisher":"https:\/\/www.facebook.com\/xstylemd","article_modified_time":"2025-05-29T08:57:02+00:00","og_image":[{"width":500,"height":500,"url":"https:\/\/dev.xstyle.md\/wp-content\/uploads\/2020\/07\/file_1_1.jpg","type":"image\/jpeg"}],"twitter_card":"summary_large_image","twitter_misc":{"Pre\u021b":"3.790,00&nbsp;MDL","Disponibilitate":"\u00cen stoc"},"schema":{"@context":"https:\/\/schema.org","@graph":[{"@type":"WebPage","@id":"https:\/\/dev.xstyle.md\/product\/ulavlivajuschee-ustrojstvo-petzl-asap-new\/","url":"https:\/\/dev.xstyle.md\/product\/ulavlivajuschee-ustrojstvo-petzl-asap-new\/","name":"Dispozitiv antic\u0103dere Petzl Asap New - Magazin Xstyle","isPartOf":{"@id":"https:\/\/dev.xstyle.md\/#website"},"primaryImageOfPage":{"@id":"https:\/\/dev.xstyle.md\/product\/ulavlivajuschee-ustrojstvo-petzl-asap-new\/#primaryimage"},"image":{"@id":"https:\/\/dev.xstyle.md\/product\/ulavlivajuschee-ustrojstvo-petzl-asap-new\/#primaryimage"},"thumbnailUrl":"https:\/\/dev.xstyle.md\/wp-content\/uploads\/2020\/07\/file_1_1.jpg","datePublished":"2020-07-16T14:33:38+00:00","dateModified":"2025-05-29T08:57:02+00:00","description":"Dispozitivul de prindere Petzl Asap asigur\u0103 siguran\u021ba \u00een accesul la locuri greu accesibile, av\u00e2nd un sistem unic de blocare. Ideal pentru munc\u0103 la \u00een\u0103l\u021bime.","breadcrumb":{"@id":"https:\/\/dev.xstyle.md\/product\/ulavlivajuschee-ustrojstvo-petzl-asap-new\/#breadcrumb"},"inLanguage":"ro-RO","potentialAction":[{"@type":"ReadAction","target":["https:\/\/dev.xstyle.md\/product\/ulavlivajuschee-ustrojstvo-petzl-asap-new\/"]}]},{"@type":"ImageObject","inLanguage":"ro-RO","@id":"https:\/\/dev.xstyle.md\/product\/ulavlivajuschee-ustrojstvo-petzl-asap-new\/#primaryimage","url":"https:\/\/dev.xstyle.md\/wp-content\/uploads\/2020\/07\/file_1_1.jpg","contentUrl":"https:\/\/dev.xstyle.md\/wp-content\/uploads\/2020\/07\/file_1_1.jpg","width":500,"height":500},{"@type":"BreadcrumbList","@id":"https:\/\/dev.xstyle.md\/product\/ulavlivajuschee-ustrojstvo-petzl-asap-new\/#breadcrumb","itemListElement":[{"@type":"ListItem","position":1,"name":"\u0413\u043b\u0430\u0432\u043d\u0430\u044f \u0441\u0442\u0440\u0430\u043d\u0438\u0446\u0430","item":"https:\/\/dev.xstyle.md\/"},{"@type":"ListItem","position":2,"name":"Shop","item":"https:\/\/dev.xstyle.md\/shop\/"},{"@type":"ListItem","position":3,"name":"\u0423\u043b\u0430\u0432\u043b\u0438\u0432\u0430\u044e\u0449\u0435\u0435 \u0443\u0441\u0442\u0440\u043e\u0439\u0441\u0442\u0432\u043e Petzl Asap"}]},{"@type":"WebSite","@id":"https:\/\/dev.xstyle.md\/#website","url":"https:\/\/dev.xstyle.md\/","name":"Magazinul X-Style","description":"Echipamente pentru turism \u0219i sporturi extreme \u00een Moldova. Pre\u021buri, fotografii, caracteristici \u00een Moldova.","publisher":{"@id":"https:\/\/dev.xstyle.md\/#organization"},"alternateName":"X-Style","potentialAction":[{"@type":"SearchAction","target":{"@type":"EntryPoint","urlTemplate":"https:\/\/dev.xstyle.md\/?s={search_term_string}"},"query-input":{"@type":"PropertyValueSpecification","valueRequired":true,"valueName":"search_term_string"}}],"inLanguage":"ro-RO"},{"@type":"Organization","@id":"https:\/\/dev.xstyle.md\/#organization","name":"Magazinul X-Style","alternateName":"x-style","url":"https:\/\/dev.xstyle.md\/","logo":{"@type":"ImageObject","inLanguage":"ro-RO","@id":"https:\/\/dev.xstyle.md\/#\/schema\/logo\/image\/","url":"https:\/\/dev.xstyle.md\/wp-content\/uploads\/2020\/06\/logoicon.svg","contentUrl":"https:\/\/dev.xstyle.md\/wp-content\/uploads\/2020\/06\/logoicon.svg","caption":"\u041c\u0430\u0433\u0430\u0437\u0438\u043d Xstyle"},"image":{"@id":"https:\/\/dev.xstyle.md\/#\/schema\/logo\/image\/"},"sameAs":["https:\/\/www.facebook.com\/xstylemd","https:\/\/www.instagram.com\/xstyle_md\/","https:\/\/t.me\/xstyle_outdoor"],"hasMerchantReturnPolicy":{"@type":"MerchantReturnPolicy","merchantReturnLink":"https:\/\/dev.xstyle.md\/ro\/conditions\/"}}]},"product_price_amount":"3790.00","product_price_currency":"MDL","og_availability":"instock","product_availability":"instock","product_retailer_item_id":"3342540097605","product_condition":"new"},"post_mailing_queue_ids":[],"_links":{"self":[{"href":"https:\/\/dev.xstyle.md\/ro\/wp-json\/wp\/v2\/product\/2976","targetHints":{"allow":["GET"]}}],"collection":[{"href":"https:\/\/dev.xstyle.md\/ro\/wp-json\/wp\/v2\/product"}],"about":[{"href":"https:\/\/dev.xstyle.md\/ro\/wp-json\/wp\/v2\/types\/product"}],"replies":[{"embeddable":true,"href":"https:\/\/dev.xstyle.md\/ro\/wp-json\/wp\/v2\/comments?post=2976"}],"version-history":[{"count":0,"href":"https:\/\/dev.xstyle.md\/ro\/wp-json\/wp\/v2\/product\/2976\/revisions"}],"wp:featuredmedia":[{"embeddable":true,"href":"https:\/\/dev.xstyle.md\/ro\/wp-json\/wp\/v2\/media\/2975"}],"wp:attachment":[{"href":"https:\/\/dev.xstyle.md\/ro\/wp-json\/wp\/v2\/media?parent=2976"}],"wp:term":[{"taxonomy":"product_brand","embeddable":true,"href":"https:\/\/dev.xstyle.md\/ro\/wp-json\/wp\/v2\/product_brand?post=2976"},{"taxonomy":"product_cat","embeddable":true,"href":"https:\/\/dev.xstyle.md\/ro\/wp-json\/wp\/v2\/product_cat?post=2976"},{"taxonomy":"product_tag","embeddable":true,"href":"https:\/\/dev.xstyle.md\/ro\/wp-json\/wp\/v2\/product_tag?post=2976"}],"curies":[{"name":"wp","href":"https:\/\/api.w.org\/{rel}","templated":true}]}}