{"id":27404,"date":"2021-01-11T16:24:16","date_gmt":"2021-01-11T13:24:16","guid":{"rendered":"https:\/\/xstyle.md\/product\/nabor-termobelja-viking-arcto\/"},"modified":"2026-03-19T16:41:09","modified_gmt":"2026-03-19T13:41:09","slug":"nabor-termobelja-viking-arcto","status":"publish","type":"product","link":"https:\/\/xstyle.md\/ro\/produs\/nabor-termobelja-viking-arcto\/","title":{"rendered":"Set de lenjerie termic\u0103 Viking Arcto"},"content":{"rendered":"<\/p>\n<p>Set de lenjerie termic\u0103 <strong>Viking Arcto<\/strong> &#8212; este o lenjerie de corp termic\u0103 unic\u0103, fabricat\u0103 dintr-un tip special de fleece Polartec\u00ae. Datorit\u0103 acestei \u021bes\u0103turi, p\u0103streaz\u0103 o izolare termic\u0103 excelent\u0103, respirabilitate \u0219i evacuare a umidit\u0103\u021bii sub form\u0103 de vapori de ap\u0103. Poate fi folosit\u0103 ca strat de baz\u0103 pentru sporturile de iarn\u0103 \u0219i activit\u0103\u021bile \u00een aer liber.<\/p>\n<h3>Particularit\u0103\u021bi<\/h3>\n<ul>\n<li>Se usuc\u0103 rapid, minimiz\u00e2nd pierderea de c\u0103ldur\u0103 \u00een timpul exerci\u021biilor fizice<\/li>\n<li>\u021aes\u0103tura nu se electrizeaz\u0103<\/li>\n<li>Aspectul \u0219i propriet\u0103\u021bile se p\u0103streaz\u0103 chiar \u0219i dup\u0103 numeroase sp\u0103l\u0103ri<\/li>\n<li>Croiala asigur\u0103 o potrivire adecvat\u0103, iar jacheta lung\u0103 \u0219i gulerul \u00eenalt asigur\u0103 confortul la temperaturi sc\u0103zute.<\/li>\n<\/ul>\n<h3>Caracteristici<\/h3>\n<ul>\n<li>Sezonul - iarn\u0103<\/li>\n<li>Compozi\u021bie &#8212; 100% poliester<\/li>\n<li>Aplicare &#8212; activit\u0103\u021bi sportive active.<\/li>\n<\/ul>\n<h3>Tehnologie<\/h3>\n<ul>\n<li><strong>Polartec\u00ae<\/strong> &#8212; cel mai renumit produc\u0103tor de \u021bes\u0103turi din fleece. Fleece repet\u0103 \u00een mare parte structura l\u00e2nii, \u00een stare uscat\u0103 \u0219i umed\u0103, produsele fabricate din aceste materiale au aceea\u0219i conductivitate termic\u0103, dar fleece se usuc\u0103 de c\u00e2teva ori mai repede, iar fibrele de poliester nu absorb mai mult de 1% din umiditate din greutatea lor. \u00cen acela\u0219i timp, articolele din fleece sunt u\u0219or de \u00eentre\u021binut, durabile \u0219i nu risc\u0103 s\u0103 fie m\u00e2ncate de molii.<\/li>\n<\/ul>\n<h3>Marca<\/h3>\n<p>VIKING este o marc\u0103 polonez\u0103 de \u00eembr\u0103c\u0103minte sportiv\u0103 care opereaz\u0103 cu succes pe pia\u021ba polonez\u0103 de mul\u021bi ani \u0219i este distribuitor al m\u0103rcilor sportive globale. A fost \u00eenfiin\u021bat\u0103 \u00een 1996, la acea vreme fiind produse doar dou\u0103 categorii de produse: m\u0103nu\u0219i de schi \u0219i m\u0103nu\u0219i de snowboard. \u00cenc\u0103 de la \u00eenceput, au fost definite principiile care ghideaz\u0103 compania p\u00e2n\u0103 \u00een prezent: selectarea materialelor moderne, performan\u021b\u0103 de \u00eenalt\u0103 calitate, func\u021bionalitate, precum \u0219i conformitatea designului cu cele mai recente tendin\u021be ale modei sportive.<\/p>\n<p>Prestigiul m\u0103rcii a crescut propor\u021bional cu participarea sa pe pia\u021ba polonez\u0103 de accesorii sportive, r\u0103m\u00e2n\u00e2nd lider pentru o perioad\u0103 foarte lung\u0103 de timp. \u00cen plus, produsele Viking sunt disponibile \u00een Ucraina, Slovacia \u0219i Moldova, precum \u0219i \u00een Rusia, Spania, Fran\u021ba, Republica Ceh\u0103, Serbia \u0219i Germania. Viking \u00eembin\u0103 pasiunea, solu\u021biile tehnologice moderne \u0219i cele mai relevante, f\u0103r\u0103 nicio limit\u0103.<\/p>\n<p><\/p>","protected":false},"excerpt":{"rendered":"<p>Set de lenjerie termic\u0103 Viking Arcto<\/p>","protected":false},"featured_media":29460,"comment_status":"open","ping_status":"closed","template":"","meta":{"_acf_changed":false,"inline_featured_image":false},"product_brand":[1314],"product_cat":[288],"product_tag":[],"class_list":{"0":"post-27404","1":"product","2":"type-product","3":"status-publish","4":"has-post-thumbnail","6":"product_brand-viking","7":"product_cat-thermals-barbati","9":"first","10":"instock","11":"shipping-taxable","12":"purchasable","13":"product-type-simple"},"acf":[],"yoast_head":"<!-- This site is optimized with the Yoast SEO plugin v27.4 - https:\/\/yoast.com\/product\/yoast-seo-wordpress\/ -->\n<title>\u041d\u0430\u0431\u043e\u0440 \u0442\u0435\u0440\u043c\u043e\u0431\u0435\u043b\u044c\u044f Viking Arcto - \u041c\u0430\u0433\u0430\u0437\u0438\u043d Xstyle<\/title>\n<meta name=\"description\" content=\"\u041a\u0443\u043f\u0438\u0442\u0435 \u043a\u043e\u043c\u043f\u043b\u0435\u043a\u0442 \u0442\u0435\u0440\u043c\u043e\u0431\u0435\u043b\u044c\u044f Viking Arcto \u0438\u0437 \u0443\u043d\u0438\u043a\u0430\u043b\u044c\u043d\u043e\u0433\u043e \u0444\u043b\u0438\u0441\u0430 Polartec. \u041e\u0442\u043b\u0438\u0447\u043d\u0430\u044f \u0442\u0435\u043f\u043b\u043e\u0438\u0437\u043e\u043b\u044f\u0446\u0438\u044f, \u0434\u044b\u0445\u0430\u0442\u0435\u043b\u044c\u043d\u043e\u0441\u0442\u044c \u0438 \u043e\u0442\u0432\u043e\u0434 \u0432\u043b\u0430\u0433\u0438 \u0434\u043b\u044f \u0437\u0438\u043c\u043d\u0438\u0445 \u0430\u043a\u0442\u0438\u0432\u043d\u043e\u0441\u0442\u0435\u0439!\" \/>\n<meta name=\"robots\" content=\"index, follow, max-snippet:-1, max-image-preview:large, max-video-preview:-1\" \/>\n<link rel=\"canonical\" href=\"https:\/\/xstyle.md\/ro\/produs\/nabor-termobelja-viking-arcto\/\" \/>\n<meta property=\"og:locale\" content=\"ro_RO\" \/>\n<meta property=\"og:type\" content=\"article\" \/>\n<meta property=\"og:title\" content=\"\u041d\u0430\u0431\u043e\u0440 \u0442\u0435\u0440\u043c\u043e\u0431\u0435\u043b\u044c\u044f Viking Arcto - \u041c\u0430\u0433\u0430\u0437\u0438\u043d Xstyle\" \/>\n<meta property=\"og:description\" content=\"\u041a\u0443\u043f\u0438\u0442\u0435 \u043a\u043e\u043c\u043f\u043b\u0435\u043a\u0442 \u0442\u0435\u0440\u043c\u043e\u0431\u0435\u043b\u044c\u044f Viking Arcto \u0438\u0437 \u0443\u043d\u0438\u043a\u0430\u043b\u044c\u043d\u043e\u0433\u043e \u0444\u043b\u0438\u0441\u0430 Polartec. \u041e\u0442\u043b\u0438\u0447\u043d\u0430\u044f \u0442\u0435\u043f\u043b\u043e\u0438\u0437\u043e\u043b\u044f\u0446\u0438\u044f, \u0434\u044b\u0445\u0430\u0442\u0435\u043b\u044c\u043d\u043e\u0441\u0442\u044c \u0438 \u043e\u0442\u0432\u043e\u0434 \u0432\u043b\u0430\u0433\u0438 \u0434\u043b\u044f \u0437\u0438\u043c\u043d\u0438\u0445 \u0430\u043a\u0442\u0438\u0432\u043d\u043e\u0441\u0442\u0435\u0439!\" \/>\n<meta property=\"og:url\" content=\"https:\/\/xstyle.md\/ro\/produs\/nabor-termobelja-viking-arcto\/\" \/>\n<meta property=\"og:site_name\" content=\"\u041c\u0430\u0433\u0430\u0437\u0438\u043d Xstyle\" \/>\n<meta property=\"article:publisher\" content=\"https:\/\/www.facebook.com\/xstylemd\" \/>\n<meta property=\"article:modified_time\" content=\"2026-03-19T13:41:09+00:00\" \/>\n<meta property=\"og:image\" content=\"https:\/\/xstyle.md\/wp-content\/uploads\/2021\/04\/f97cd2cf296ff25a934a78fe6ce8b4a6_1.jpg\" \/>\n\t<meta property=\"og:image:width\" content=\"275\" \/>\n\t<meta property=\"og:image:height\" content=\"507\" \/>\n\t<meta property=\"og:image:type\" content=\"image\/jpeg\" \/>\n<meta name=\"twitter:card\" content=\"summary_large_image\" \/>\n<meta name=\"twitter:label1\" content=\"Pre\u021b\" \/>\n\t<meta name=\"twitter:data1\" content=\"1.190&nbsp;MDL\" \/>\n\t<meta name=\"twitter:label2\" content=\"Disponibilitate\" \/>\n\t<meta name=\"twitter:data2\" content=\"\u00cen stoc\" \/>\n<script type=\"application\/ld+json\" class=\"yoast-schema-graph\">{\"@context\":\"https:\\\/\\\/schema.org\",\"@graph\":[{\"@type\":\"WebPage\",\"@id\":\"https:\\\/\\\/xstyle.md\\\/product\\\/nabor-termobelja-viking-arcto\\\/\",\"url\":\"https:\\\/\\\/xstyle.md\\\/product\\\/nabor-termobelja-viking-arcto\\\/\",\"name\":\"\u041d\u0430\u0431\u043e\u0440 \u0442\u0435\u0440\u043c\u043e\u0431\u0435\u043b\u044c\u044f Viking Arcto - \u041c\u0430\u0433\u0430\u0437\u0438\u043d Xstyle\",\"isPartOf\":{\"@id\":\"https:\\\/\\\/xstyle.md\\\/#website\"},\"primaryImageOfPage\":{\"@id\":\"https:\\\/\\\/xstyle.md\\\/product\\\/nabor-termobelja-viking-arcto\\\/#primaryimage\"},\"image\":{\"@id\":\"https:\\\/\\\/xstyle.md\\\/product\\\/nabor-termobelja-viking-arcto\\\/#primaryimage\"},\"thumbnailUrl\":\"https:\\\/\\\/xstyle.md\\\/wp-content\\\/uploads\\\/2021\\\/04\\\/f97cd2cf296ff25a934a78fe6ce8b4a6_1.jpg\",\"datePublished\":\"2021-01-11T13:24:16+00:00\",\"dateModified\":\"2026-03-19T13:41:09+00:00\",\"description\":\"\u041a\u0443\u043f\u0438\u0442\u0435 \u043a\u043e\u043c\u043f\u043b\u0435\u043a\u0442 \u0442\u0435\u0440\u043c\u043e\u0431\u0435\u043b\u044c\u044f Viking Arcto \u0438\u0437 \u0443\u043d\u0438\u043a\u0430\u043b\u044c\u043d\u043e\u0433\u043e \u0444\u043b\u0438\u0441\u0430 Polartec. \u041e\u0442\u043b\u0438\u0447\u043d\u0430\u044f \u0442\u0435\u043f\u043b\u043e\u0438\u0437\u043e\u043b\u044f\u0446\u0438\u044f, \u0434\u044b\u0445\u0430\u0442\u0435\u043b\u044c\u043d\u043e\u0441\u0442\u044c \u0438 \u043e\u0442\u0432\u043e\u0434 \u0432\u043b\u0430\u0433\u0438 \u0434\u043b\u044f \u0437\u0438\u043c\u043d\u0438\u0445 \u0430\u043a\u0442\u0438\u0432\u043d\u043e\u0441\u0442\u0435\u0439!\",\"breadcrumb\":{\"@id\":\"https:\\\/\\\/xstyle.md\\\/product\\\/nabor-termobelja-viking-arcto\\\/#breadcrumb\"},\"inLanguage\":\"ro-RO\",\"potentialAction\":[{\"@type\":\"ReadAction\",\"target\":[\"https:\\\/\\\/xstyle.md\\\/product\\\/nabor-termobelja-viking-arcto\\\/\"]}]},{\"@type\":\"ImageObject\",\"inLanguage\":\"ro-RO\",\"@id\":\"https:\\\/\\\/xstyle.md\\\/product\\\/nabor-termobelja-viking-arcto\\\/#primaryimage\",\"url\":\"https:\\\/\\\/xstyle.md\\\/wp-content\\\/uploads\\\/2021\\\/04\\\/f97cd2cf296ff25a934a78fe6ce8b4a6_1.jpg\",\"contentUrl\":\"https:\\\/\\\/xstyle.md\\\/wp-content\\\/uploads\\\/2021\\\/04\\\/f97cd2cf296ff25a934a78fe6ce8b4a6_1.jpg\",\"width\":275,\"height\":507},{\"@type\":\"BreadcrumbList\",\"@id\":\"https:\\\/\\\/xstyle.md\\\/product\\\/nabor-termobelja-viking-arcto\\\/#breadcrumb\",\"itemListElement\":[{\"@type\":\"ListItem\",\"position\":1,\"name\":\"\u0413\u043b\u0430\u0432\u043d\u0430\u044f \u0441\u0442\u0440\u0430\u043d\u0438\u0446\u0430\",\"item\":\"https:\\\/\\\/xstyle.md\\\/\"},{\"@type\":\"ListItem\",\"position\":2,\"name\":\"\u041c\u0430\u0433\u0430\u0437\u0438\u043d\",\"item\":\"https:\\\/\\\/xstyle.md\\\/shop\\\/\"},{\"@type\":\"ListItem\",\"position\":3,\"name\":\"\u041d\u0430\u0431\u043e\u0440 \u0442\u0435\u0440\u043c\u043e\u0431\u0435\u043b\u044c\u044f Viking Arcto\"}]},{\"@type\":\"WebSite\",\"@id\":\"https:\\\/\\\/xstyle.md\\\/#website\",\"url\":\"https:\\\/\\\/xstyle.md\\\/\",\"name\":\"\u041c\u0430\u0433\u0430\u0437\u0438\u043d Xstyle\",\"description\":\"C\u043d\u0430\u0440\u044f\u0436\u0435\u043d\u0438\u0435 \u0434\u043b\u044f \u0442\u0443\u0440\u0438\u0437\u043c\u0430 \u0438 \u044d\u043a\u0441\u0442\u0440\u0435\u043c\u0430\u043b\u044c\u043d\u044b\u0445 \u0432\u0438\u0434\u043e\u0432 \u0441\u043f\u043e\u0440\u0442\u0430 \u0432 \u041c\u043e\u043b\u0434\u043e\u0432\u0435.. \u0426\u0435\u043d\u044b, \u0444\u043e\u0442\u043e, \u0445\u0430\u0440\u0430\u043a\u0442\u0435\u0440\u0438\u0441\u0442\u0438\u043a\u0438 \u0432 \u041c\u043e\u043b\u0434\u043e\u0432\u0435.\",\"publisher\":{\"@id\":\"https:\\\/\\\/xstyle.md\\\/#organization\"},\"alternateName\":\"X-Style\",\"potentialAction\":[{\"@type\":\"SearchAction\",\"target\":{\"@type\":\"EntryPoint\",\"urlTemplate\":\"https:\\\/\\\/xstyle.md\\\/?s={search_term_string}\"},\"query-input\":{\"@type\":\"PropertyValueSpecification\",\"valueRequired\":true,\"valueName\":\"search_term_string\"}}],\"inLanguage\":\"ro-RO\"},{\"@type\":\"Organization\",\"@id\":\"https:\\\/\\\/xstyle.md\\\/#organization\",\"name\":\"\u041c\u0430\u0433\u0430\u0437\u0438\u043d Xstyle\",\"alternateName\":\"x-style\",\"url\":\"https:\\\/\\\/xstyle.md\\\/\",\"logo\":{\"@type\":\"ImageObject\",\"inLanguage\":\"ro-RO\",\"@id\":\"https:\\\/\\\/xstyle.md\\\/#\\\/schema\\\/logo\\\/image\\\/\",\"url\":\"https:\\\/\\\/xstyle.md\\\/wp-content\\\/uploads\\\/2020\\\/06\\\/logoicon.svg\",\"contentUrl\":\"https:\\\/\\\/xstyle.md\\\/wp-content\\\/uploads\\\/2020\\\/06\\\/logoicon.svg\",\"caption\":\"\u041c\u0430\u0433\u0430\u0437\u0438\u043d Xstyle\"},\"image\":{\"@id\":\"https:\\\/\\\/xstyle.md\\\/#\\\/schema\\\/logo\\\/image\\\/\"},\"sameAs\":[\"https:\\\/\\\/www.facebook.com\\\/xstylemd\",\"https:\\\/\\\/www.instagram.com\\\/xstyle_md\\\/\",\"https:\\\/\\\/t.me\\\/xstyle_outdoor\"],\"hasMerchantReturnPolicy\":{\"@type\":\"MerchantReturnPolicy\",\"merchantReturnLink\":\"https:\\\/\\\/xstyle.md\\\/ro\\\/conditions\\\/\"}}]}<\/script>\n<meta property=\"product:price:amount\" content=\"1190.00\" \/>\n<meta property=\"product:price:currency\" content=\"MDL\" \/>\n<meta property=\"og:availability\" content=\"instock\" \/>\n<meta property=\"product:availability\" content=\"instock\" \/>\n<meta property=\"product:retailer_item_id\" content=\"5901115784517\" \/>\n<meta property=\"product:condition\" content=\"new\" \/>\n<!-- \/ Yoast SEO plugin. -->","yoast_head_json":{"title":"Set de lenjerie termic\u0103 Viking Arcto - Magazin Xstyle","description":"Cump\u0103ra\u021bi un set de lenjerie termic\u0103 Viking Arcto dintr-un fleece unic Polartec. O izola\u021bie excelent\u0103 la c\u0103ldur\u0103, respirabilitate \u0219i evacuare a umidit\u0103\u021bii pentru activit\u0103\u021bi de iarn\u0103!","robots":{"index":"index","follow":"follow","max-snippet":"max-snippet:-1","max-image-preview":"max-image-preview:large","max-video-preview":"max-video-preview:-1"},"canonical":"https:\/\/xstyle.md\/ro\/produs\/nabor-termobelja-viking-arcto\/","og_locale":"ro_RO","og_type":"article","og_title":"\u041d\u0430\u0431\u043e\u0440 \u0442\u0435\u0440\u043c\u043e\u0431\u0435\u043b\u044c\u044f Viking Arcto - \u041c\u0430\u0433\u0430\u0437\u0438\u043d Xstyle","og_description":"\u041a\u0443\u043f\u0438\u0442\u0435 \u043a\u043e\u043c\u043f\u043b\u0435\u043a\u0442 \u0442\u0435\u0440\u043c\u043e\u0431\u0435\u043b\u044c\u044f Viking Arcto \u0438\u0437 \u0443\u043d\u0438\u043a\u0430\u043b\u044c\u043d\u043e\u0433\u043e \u0444\u043b\u0438\u0441\u0430 Polartec. \u041e\u0442\u043b\u0438\u0447\u043d\u0430\u044f \u0442\u0435\u043f\u043b\u043e\u0438\u0437\u043e\u043b\u044f\u0446\u0438\u044f, \u0434\u044b\u0445\u0430\u0442\u0435\u043b\u044c\u043d\u043e\u0441\u0442\u044c \u0438 \u043e\u0442\u0432\u043e\u0434 \u0432\u043b\u0430\u0433\u0438 \u0434\u043b\u044f \u0437\u0438\u043c\u043d\u0438\u0445 \u0430\u043a\u0442\u0438\u0432\u043d\u043e\u0441\u0442\u0435\u0439!","og_url":"https:\/\/xstyle.md\/ro\/produs\/nabor-termobelja-viking-arcto\/","og_site_name":"\u041c\u0430\u0433\u0430\u0437\u0438\u043d Xstyle","article_publisher":"https:\/\/www.facebook.com\/xstylemd","article_modified_time":"2026-03-19T13:41:09+00:00","og_image":[{"width":275,"height":507,"url":"https:\/\/xstyle.md\/wp-content\/uploads\/2021\/04\/f97cd2cf296ff25a934a78fe6ce8b4a6_1.jpg","type":"image\/jpeg"}],"twitter_card":"summary_large_image","twitter_misc":{"Pre\u021b":"1.190&nbsp;MDL","Disponibilitate":"\u00cen stoc"},"schema":{"@context":"https:\/\/schema.org","@graph":[{"@type":"WebPage","@id":"https:\/\/xstyle.md\/product\/nabor-termobelja-viking-arcto\/","url":"https:\/\/xstyle.md\/product\/nabor-termobelja-viking-arcto\/","name":"Set de lenjerie termic\u0103 Viking Arcto - Magazin Xstyle","isPartOf":{"@id":"https:\/\/xstyle.md\/#website"},"primaryImageOfPage":{"@id":"https:\/\/xstyle.md\/product\/nabor-termobelja-viking-arcto\/#primaryimage"},"image":{"@id":"https:\/\/xstyle.md\/product\/nabor-termobelja-viking-arcto\/#primaryimage"},"thumbnailUrl":"https:\/\/xstyle.md\/wp-content\/uploads\/2021\/04\/f97cd2cf296ff25a934a78fe6ce8b4a6_1.jpg","datePublished":"2021-01-11T13:24:16+00:00","dateModified":"2026-03-19T13:41:09+00:00","description":"Cump\u0103ra\u021bi un set de lenjerie termic\u0103 Viking Arcto dintr-un fleece unic Polartec. O izola\u021bie excelent\u0103 la c\u0103ldur\u0103, respirabilitate \u0219i evacuare a umidit\u0103\u021bii pentru activit\u0103\u021bi de iarn\u0103!","breadcrumb":{"@id":"https:\/\/xstyle.md\/product\/nabor-termobelja-viking-arcto\/#breadcrumb"},"inLanguage":"ro-RO","potentialAction":[{"@type":"ReadAction","target":["https:\/\/xstyle.md\/product\/nabor-termobelja-viking-arcto\/"]}]},{"@type":"ImageObject","inLanguage":"ro-RO","@id":"https:\/\/xstyle.md\/product\/nabor-termobelja-viking-arcto\/#primaryimage","url":"https:\/\/xstyle.md\/wp-content\/uploads\/2021\/04\/f97cd2cf296ff25a934a78fe6ce8b4a6_1.jpg","contentUrl":"https:\/\/xstyle.md\/wp-content\/uploads\/2021\/04\/f97cd2cf296ff25a934a78fe6ce8b4a6_1.jpg","width":275,"height":507},{"@type":"BreadcrumbList","@id":"https:\/\/xstyle.md\/product\/nabor-termobelja-viking-arcto\/#breadcrumb","itemListElement":[{"@type":"ListItem","position":1,"name":"\u0413\u043b\u0430\u0432\u043d\u0430\u044f \u0441\u0442\u0440\u0430\u043d\u0438\u0446\u0430","item":"https:\/\/xstyle.md\/"},{"@type":"ListItem","position":2,"name":"\u041c\u0430\u0433\u0430\u0437\u0438\u043d","item":"https:\/\/xstyle.md\/shop\/"},{"@type":"ListItem","position":3,"name":"\u041d\u0430\u0431\u043e\u0440 \u0442\u0435\u0440\u043c\u043e\u0431\u0435\u043b\u044c\u044f Viking Arcto"}]},{"@type":"WebSite","@id":"https:\/\/xstyle.md\/#website","url":"https:\/\/xstyle.md\/","name":"Magazinul X-Style","description":"Echipamente pentru turism \u0219i sporturi extreme \u00een Moldova. Pre\u021buri, fotografii, caracteristici \u00een Moldova.","publisher":{"@id":"https:\/\/xstyle.md\/#organization"},"alternateName":"X-Style","potentialAction":[{"@type":"SearchAction","target":{"@type":"EntryPoint","urlTemplate":"https:\/\/xstyle.md\/?s={search_term_string}"},"query-input":{"@type":"PropertyValueSpecification","valueRequired":true,"valueName":"search_term_string"}}],"inLanguage":"ro-RO"},{"@type":"Organization","@id":"https:\/\/xstyle.md\/#organization","name":"Magazinul X-Style","alternateName":"x-style","url":"https:\/\/xstyle.md\/","logo":{"@type":"ImageObject","inLanguage":"ro-RO","@id":"https:\/\/xstyle.md\/#\/schema\/logo\/image\/","url":"https:\/\/xstyle.md\/wp-content\/uploads\/2020\/06\/logoicon.svg","contentUrl":"https:\/\/xstyle.md\/wp-content\/uploads\/2020\/06\/logoicon.svg","caption":"\u041c\u0430\u0433\u0430\u0437\u0438\u043d Xstyle"},"image":{"@id":"https:\/\/xstyle.md\/#\/schema\/logo\/image\/"},"sameAs":["https:\/\/www.facebook.com\/xstylemd","https:\/\/www.instagram.com\/xstyle_md\/","https:\/\/t.me\/xstyle_outdoor"],"hasMerchantReturnPolicy":{"@type":"MerchantReturnPolicy","merchantReturnLink":"https:\/\/xstyle.md\/ro\/conditions\/"}}]},"product_price_amount":"1190.00","product_price_currency":"MDL","og_availability":"instock","product_availability":"instock","product_retailer_item_id":"5901115784517","product_condition":"new"},"post_mailing_queue_ids":[],"_links":{"self":[{"href":"https:\/\/xstyle.md\/ro\/wp-json\/wp\/v2\/product\/27404","targetHints":{"allow":["GET"]}}],"collection":[{"href":"https:\/\/xstyle.md\/ro\/wp-json\/wp\/v2\/product"}],"about":[{"href":"https:\/\/xstyle.md\/ro\/wp-json\/wp\/v2\/types\/product"}],"replies":[{"embeddable":true,"href":"https:\/\/xstyle.md\/ro\/wp-json\/wp\/v2\/comments?post=27404"}],"wp:featuredmedia":[{"embeddable":true,"href":"https:\/\/xstyle.md\/ro\/wp-json\/wp\/v2\/media\/29460"}],"wp:attachment":[{"href":"https:\/\/xstyle.md\/ro\/wp-json\/wp\/v2\/media?parent=27404"}],"wp:term":[{"taxonomy":"product_brand","embeddable":true,"href":"https:\/\/xstyle.md\/ro\/wp-json\/wp\/v2\/product_brand?post=27404"},{"taxonomy":"product_cat","embeddable":true,"href":"https:\/\/xstyle.md\/ro\/wp-json\/wp\/v2\/product_cat?post=27404"},{"taxonomy":"product_tag","embeddable":true,"href":"https:\/\/xstyle.md\/ro\/wp-json\/wp\/v2\/product_tag?post=27404"}],"curies":[{"name":"wp","href":"https:\/\/api.w.org\/{rel}","templated":true}]}}