{"id":27310,"date":"2021-01-11T16:23:33","date_gmt":"2021-01-11T13:23:33","guid":{"rendered":"https:\/\/xstyle.md\/product\/futbolka-zhenskaja-singing-rock-backbone\/"},"modified":"2026-04-07T15:05:42","modified_gmt":"2026-04-07T12:05:42","slug":"singing-rock-backbone-wmn-arrow","status":"publish","type":"product","link":"https:\/\/dev.xstyle.md\/ro\/produs\/singing-rock-backbone-wmn-arrow\/","title":{"rendered":"Tricou Singing Rock Backbone Wmn arrow"},"content":{"rendered":"<\/p>\n<p>Tricou <strong>Singing Rock Backbone<\/strong> este confec\u021bionata din bumbac 100%. Modelul cu m\u00e2neci scurte \u0219i guler rotund clasic.<\/p>\n<p>Tricoul pentru femei SINGING ROCK este foarte confortabil de purtat. Croiala m\u00e2necilor nu limiteaz\u0103 mi\u0219carea.<\/p>\n<p>Va plac sporturile \u00een aer liber? Cu Singing rock Backbone bucura\u021bi-v\u0103 de calitatea pe care v-o ofer\u0103 Singing rock. Tricoul a fost conceput \u00een colaborare cu profesioni\u0219ti!<\/p>\n<h3>Particularit\u0103\u021bi<\/h3>\n<ul>\n<li>T\u0103ietur\u0103 clasic\u0103<\/li>\n<li>Material natural<\/li>\n<li>Nu se abure\u0219te \u00een sezoanele calde<\/li>\n<li>Logo luminos pe piept \u0219i pe spate.<\/li>\n<\/ul>\n<h3>Caracteristici<\/h3>\n<ul>\n<li>Compozi\u021bie &#8212; 100% bumbac<\/li>\n<li>Sezonul &#8212; prim\u0103var\u0103\/var\u0103<\/li>\n<li>Utilizare &#8212; sport activ \/ uzur\u0103 zilnic\u0103<\/li>\n<li>Model - pentru femei.<\/li>\n<\/ul>\n<h3>Marca<\/h3>\n<p>SINGING ROCK &#8212; este o companie ceh\u0103 angajat\u0103 \u00een produc\u021bia de echipamente de alpinism \u0219i escalad\u0103. A fost fondat\u0103 \u00een 1992 de doi alpini\u0219ti cehi \u0219i de un om de afaceri belgian. De la \u00eenfiin\u021bare \u0219i p\u00e2n\u0103 \u00een prezent, compania s-a concentrat pe utilizarea celor mai moderne progrese \u0219i evolu\u021bii \u00een produc\u021bie. SingingRock lucreaz\u0103 \u00een str\u00e2ns\u0103 leg\u0103tur\u0103 cu mul\u021bi alpini\u0219ti renumi\u021bi care testeaz\u0103 noile produse \u0219i ale c\u0103ror opinii sunt \u00eentotdeauna luate \u00een considerare \u00een timpul dezvolt\u0103rii.<\/p>\n<p>SINGING ROCK este una dintre cele mai importante companii din lume \u00een domeniul echipamentelor profesionale, \u00een scopul instruirii \u00een domeniul criminalit\u0103\u021bii, pentru militari \u0219 i pentru serviciile de urgen\u021b\u0103. Societatea furnizeaz\u0103 hamuri, fr\u00e2nghii, scripe\u021bi \u0219i carabiniere, dispozitive de cobor\u00e2re \u00een rapel, dispozitive de siguran\u021b\u0103 pentru lucrul \u00een\u0103l\u021bime, dispozitive de prindere ancorelor, fr\u00e2nghii de siguran\u021b\u0103 \u0219i alte echipamente necesare pentru acest tip de munc\u0103. Toate aceste produse sunt dezvoltate \u0219i fabricate \u00een Republica Ceh\u0103, \u00een Europa. Acestea sunt certificate \u0219i respect\u0103 standardele interna\u021bionale de securitate a muncii.<\/p>\n<p><\/p>","protected":false},"excerpt":{"rendered":"<p>Tricou Singing Rock Backbone Wmn arrow<\/p>","protected":false},"featured_media":29232,"comment_status":"open","ping_status":"closed","template":"","meta":{"_acf_changed":false,"inline_featured_image":false},"product_brand":[1276],"product_cat":[880],"product_tag":[],"class_list":{"0":"post-27310","1":"product","2":"type-product","3":"status-publish","4":"has-post-thumbnail","6":"product_brand-singing-rock","7":"product_cat-short-sleeve-women","9":"first","10":"instock","11":"shipping-taxable","12":"purchasable","13":"product-type-simple"},"acf":[],"yoast_head":"<!-- This site is optimized with the Yoast SEO plugin v27.5 - https:\/\/yoast.com\/product\/yoast-seo-wordpress\/ -->\n<title>\u0424\u0443\u0442\u0431\u043e\u043b\u043a\u0430 Singing Rock Backbone Wmn arrow - \u041c\u0430\u0433\u0430\u0437\u0438\u043d Xstyle<\/title>\n<meta name=\"description\" content=\"\u0424\u0443\u0442\u0431\u043e\u043b\u043a\u0430 Singing Rock Backbone Wmn \u2014 \u0441\u0442\u0438\u043b\u044c\u043d\u0430\u044f \u0438 \u0443\u0434\u043e\u0431\u043d\u0430\u044f, 100% \u0445\u043b\u043e\u043f\u043e\u043a, \u0438\u0434\u0435\u0430\u043b\u044c\u043d\u0430 \u0434\u043b\u044f \u0430\u043a\u0442\u0438\u0432\u043d\u043e\u0433\u043e \u043e\u0442\u0434\u044b\u0445\u0430. \u041f\u043e\u0434\u0434\u0435\u0440\u0436\u0438\u0442\u0435 \u043a\u043e\u043c\u0444\u043e\u0440\u0442 \u0438 \u0441\u0432\u043e\u0431\u043e\u0434\u0443 \u0434\u0432\u0438\u0436\u0435\u043d\u0438\u044f \u0441 Singing Rock!\" \/>\n<meta name=\"robots\" content=\"noindex, follow, max-snippet:-1, max-image-preview:large, max-video-preview:-1\" \/>\n<meta property=\"og:locale\" content=\"ro_RO\" \/>\n<meta property=\"og:type\" content=\"article\" \/>\n<meta property=\"og:title\" content=\"\u0424\u0443\u0442\u0431\u043e\u043b\u043a\u0430 Singing Rock Backbone Wmn arrow - \u041c\u0430\u0433\u0430\u0437\u0438\u043d Xstyle\" \/>\n<meta property=\"og:description\" content=\"\u0424\u0443\u0442\u0431\u043e\u043b\u043a\u0430 Singing Rock Backbone Wmn \u2014 \u0441\u0442\u0438\u043b\u044c\u043d\u0430\u044f \u0438 \u0443\u0434\u043e\u0431\u043d\u0430\u044f, 100% \u0445\u043b\u043e\u043f\u043e\u043a, \u0438\u0434\u0435\u0430\u043b\u044c\u043d\u0430 \u0434\u043b\u044f \u0430\u043a\u0442\u0438\u0432\u043d\u043e\u0433\u043e \u043e\u0442\u0434\u044b\u0445\u0430. \u041f\u043e\u0434\u0434\u0435\u0440\u0436\u0438\u0442\u0435 \u043a\u043e\u043c\u0444\u043e\u0440\u0442 \u0438 \u0441\u0432\u043e\u0431\u043e\u0434\u0443 \u0434\u0432\u0438\u0436\u0435\u043d\u0438\u044f \u0441 Singing Rock!\" \/>\n<meta property=\"og:url\" content=\"https:\/\/dev.xstyle.md\/ro\/produs\/singing-rock-backbone-wmn-arrow\/\" \/>\n<meta property=\"og:site_name\" content=\"\u041c\u0430\u0433\u0430\u0437\u0438\u043d Xstyle\" \/>\n<meta property=\"article:publisher\" content=\"https:\/\/www.facebook.com\/xstylemd\" \/>\n<meta property=\"article:modified_time\" content=\"2026-04-07T12:05:42+00:00\" \/>\n<meta property=\"og:image\" content=\"https:\/\/dev.xstyle.md\/wp-content\/uploads\/2021\/04\/singin_rok.jpg1_.jpg\" \/>\n\t<meta property=\"og:image:width\" content=\"800\" \/>\n\t<meta property=\"og:image:height\" content=\"800\" \/>\n\t<meta property=\"og:image:type\" content=\"image\/jpeg\" \/>\n<meta name=\"twitter:card\" content=\"summary_large_image\" \/>\n<meta name=\"twitter:label1\" content=\"Pre\u021b\" \/>\n\t<meta name=\"twitter:data1\" content=\"630,00&nbsp;MDL\" \/>\n\t<meta name=\"twitter:label2\" content=\"Disponibilitate\" \/>\n\t<meta name=\"twitter:data2\" content=\"\u00cen stoc\" \/>\n<script type=\"application\/ld+json\" class=\"yoast-schema-graph\">{\"@context\":\"https:\\\/\\\/schema.org\",\"@graph\":[{\"@type\":\"WebPage\",\"@id\":\"https:\\\/\\\/dev.xstyle.md\\\/product\\\/singing-rock-backbone-wmn-arrow\\\/\",\"url\":\"https:\\\/\\\/dev.xstyle.md\\\/product\\\/singing-rock-backbone-wmn-arrow\\\/\",\"name\":\"\u0424\u0443\u0442\u0431\u043e\u043b\u043a\u0430 Singing Rock Backbone Wmn arrow - \u041c\u0430\u0433\u0430\u0437\u0438\u043d Xstyle\",\"isPartOf\":{\"@id\":\"https:\\\/\\\/dev.xstyle.md\\\/#website\"},\"primaryImageOfPage\":{\"@id\":\"https:\\\/\\\/dev.xstyle.md\\\/product\\\/singing-rock-backbone-wmn-arrow\\\/#primaryimage\"},\"image\":{\"@id\":\"https:\\\/\\\/dev.xstyle.md\\\/product\\\/singing-rock-backbone-wmn-arrow\\\/#primaryimage\"},\"thumbnailUrl\":\"https:\\\/\\\/dev.xstyle.md\\\/wp-content\\\/uploads\\\/2021\\\/04\\\/singin_rok.jpg1_.jpg\",\"datePublished\":\"2021-01-11T13:23:33+00:00\",\"dateModified\":\"2026-04-07T12:05:42+00:00\",\"description\":\"\u0424\u0443\u0442\u0431\u043e\u043b\u043a\u0430 Singing Rock Backbone Wmn \u2014 \u0441\u0442\u0438\u043b\u044c\u043d\u0430\u044f \u0438 \u0443\u0434\u043e\u0431\u043d\u0430\u044f, 100% \u0445\u043b\u043e\u043f\u043e\u043a, \u0438\u0434\u0435\u0430\u043b\u044c\u043d\u0430 \u0434\u043b\u044f \u0430\u043a\u0442\u0438\u0432\u043d\u043e\u0433\u043e \u043e\u0442\u0434\u044b\u0445\u0430. \u041f\u043e\u0434\u0434\u0435\u0440\u0436\u0438\u0442\u0435 \u043a\u043e\u043c\u0444\u043e\u0440\u0442 \u0438 \u0441\u0432\u043e\u0431\u043e\u0434\u0443 \u0434\u0432\u0438\u0436\u0435\u043d\u0438\u044f \u0441 Singing Rock!\",\"breadcrumb\":{\"@id\":\"https:\\\/\\\/dev.xstyle.md\\\/product\\\/singing-rock-backbone-wmn-arrow\\\/#breadcrumb\"},\"inLanguage\":\"ro-RO\",\"potentialAction\":[{\"@type\":\"ReadAction\",\"target\":[\"https:\\\/\\\/dev.xstyle.md\\\/product\\\/singing-rock-backbone-wmn-arrow\\\/\"]}]},{\"@type\":\"ImageObject\",\"inLanguage\":\"ro-RO\",\"@id\":\"https:\\\/\\\/dev.xstyle.md\\\/product\\\/singing-rock-backbone-wmn-arrow\\\/#primaryimage\",\"url\":\"https:\\\/\\\/dev.xstyle.md\\\/wp-content\\\/uploads\\\/2021\\\/04\\\/singin_rok.jpg1_.jpg\",\"contentUrl\":\"https:\\\/\\\/dev.xstyle.md\\\/wp-content\\\/uploads\\\/2021\\\/04\\\/singin_rok.jpg1_.jpg\",\"width\":800,\"height\":800},{\"@type\":\"BreadcrumbList\",\"@id\":\"https:\\\/\\\/dev.xstyle.md\\\/product\\\/singing-rock-backbone-wmn-arrow\\\/#breadcrumb\",\"itemListElement\":[{\"@type\":\"ListItem\",\"position\":1,\"name\":\"\u0413\u043b\u0430\u0432\u043d\u0430\u044f \u0441\u0442\u0440\u0430\u043d\u0438\u0446\u0430\",\"item\":\"https:\\\/\\\/dev.xstyle.md\\\/\"},{\"@type\":\"ListItem\",\"position\":2,\"name\":\"Shop\",\"item\":\"https:\\\/\\\/dev.xstyle.md\\\/shop\\\/\"},{\"@type\":\"ListItem\",\"position\":3,\"name\":\"\u0424\u0443\u0442\u0431\u043e\u043b\u043a\u0430 Singing Rock Backbone Wmn arrow\"}]},{\"@type\":\"WebSite\",\"@id\":\"https:\\\/\\\/dev.xstyle.md\\\/#website\",\"url\":\"https:\\\/\\\/dev.xstyle.md\\\/\",\"name\":\"\u041c\u0430\u0433\u0430\u0437\u0438\u043d Xstyle\",\"description\":\"C\u043d\u0430\u0440\u044f\u0436\u0435\u043d\u0438\u0435 \u0434\u043b\u044f \u0442\u0443\u0440\u0438\u0437\u043c\u0430 \u0438 \u044d\u043a\u0441\u0442\u0440\u0435\u043c\u0430\u043b\u044c\u043d\u044b\u0445 \u0432\u0438\u0434\u043e\u0432 \u0441\u043f\u043e\u0440\u0442\u0430 \u0432 \u041c\u043e\u043b\u0434\u043e\u0432\u0435.. \u0426\u0435\u043d\u044b, \u0444\u043e\u0442\u043e, \u0445\u0430\u0440\u0430\u043a\u0442\u0435\u0440\u0438\u0441\u0442\u0438\u043a\u0438 \u0432 \u041c\u043e\u043b\u0434\u043e\u0432\u0435.\",\"publisher\":{\"@id\":\"https:\\\/\\\/dev.xstyle.md\\\/#organization\"},\"alternateName\":\"X-Style\",\"potentialAction\":[{\"@type\":\"SearchAction\",\"target\":{\"@type\":\"EntryPoint\",\"urlTemplate\":\"https:\\\/\\\/dev.xstyle.md\\\/?s={search_term_string}\"},\"query-input\":{\"@type\":\"PropertyValueSpecification\",\"valueRequired\":true,\"valueName\":\"search_term_string\"}}],\"inLanguage\":\"ro-RO\"},{\"@type\":\"Organization\",\"@id\":\"https:\\\/\\\/dev.xstyle.md\\\/#organization\",\"name\":\"\u041c\u0430\u0433\u0430\u0437\u0438\u043d Xstyle\",\"alternateName\":\"x-style\",\"url\":\"https:\\\/\\\/dev.xstyle.md\\\/\",\"logo\":{\"@type\":\"ImageObject\",\"inLanguage\":\"ro-RO\",\"@id\":\"https:\\\/\\\/dev.xstyle.md\\\/#\\\/schema\\\/logo\\\/image\\\/\",\"url\":\"https:\\\/\\\/dev.xstyle.md\\\/wp-content\\\/uploads\\\/2020\\\/06\\\/logoicon.svg\",\"contentUrl\":\"https:\\\/\\\/dev.xstyle.md\\\/wp-content\\\/uploads\\\/2020\\\/06\\\/logoicon.svg\",\"caption\":\"\u041c\u0430\u0433\u0430\u0437\u0438\u043d Xstyle\"},\"image\":{\"@id\":\"https:\\\/\\\/dev.xstyle.md\\\/#\\\/schema\\\/logo\\\/image\\\/\"},\"sameAs\":[\"https:\\\/\\\/www.facebook.com\\\/xstylemd\",\"https:\\\/\\\/www.instagram.com\\\/xstyle_md\\\/\",\"https:\\\/\\\/t.me\\\/xstyle_outdoor\"],\"hasMerchantReturnPolicy\":{\"@type\":\"MerchantReturnPolicy\",\"merchantReturnLink\":\"https:\\\/\\\/dev.xstyle.md\\\/ro\\\/conditions\\\/\"}}]}<\/script>\n<meta property=\"product:price:amount\" content=\"630.00\" \/>\n<meta property=\"product:price:currency\" content=\"MDL\" \/>\n<meta property=\"og:availability\" content=\"instock\" \/>\n<meta property=\"product:availability\" content=\"instock\" \/>\n<meta property=\"product:retailer_item_id\" content=\"8595033337534\" \/>\n<meta property=\"product:condition\" content=\"new\" \/>\n<!-- \/ Yoast SEO plugin. -->","yoast_head_json":{"title":"Tricou Singing Rock Backbone Wmn arrow - Magazin Xstyle","description":"Tricou Singing Rock Backbone Wmn \u2014 stilat \u0219i confortabil, 100% bumbac, ideal pentru activit\u0103\u021bi \u00een aer liber. Sus\u021bine\u021bi confortul \u0219i libertatea de mi\u0219care cu Singing Rock!","robots":{"index":"noindex","follow":"follow","max-snippet":"max-snippet:-1","max-image-preview":"max-image-preview:large","max-video-preview":"max-video-preview:-1"},"og_locale":"ro_RO","og_type":"article","og_title":"\u0424\u0443\u0442\u0431\u043e\u043b\u043a\u0430 Singing Rock Backbone Wmn arrow - \u041c\u0430\u0433\u0430\u0437\u0438\u043d Xstyle","og_description":"\u0424\u0443\u0442\u0431\u043e\u043b\u043a\u0430 Singing Rock Backbone Wmn \u2014 \u0441\u0442\u0438\u043b\u044c\u043d\u0430\u044f \u0438 \u0443\u0434\u043e\u0431\u043d\u0430\u044f, 100% \u0445\u043b\u043e\u043f\u043e\u043a, \u0438\u0434\u0435\u0430\u043b\u044c\u043d\u0430 \u0434\u043b\u044f \u0430\u043a\u0442\u0438\u0432\u043d\u043e\u0433\u043e \u043e\u0442\u0434\u044b\u0445\u0430. \u041f\u043e\u0434\u0434\u0435\u0440\u0436\u0438\u0442\u0435 \u043a\u043e\u043c\u0444\u043e\u0440\u0442 \u0438 \u0441\u0432\u043e\u0431\u043e\u0434\u0443 \u0434\u0432\u0438\u0436\u0435\u043d\u0438\u044f \u0441 Singing Rock!","og_url":"https:\/\/dev.xstyle.md\/ro\/produs\/singing-rock-backbone-wmn-arrow\/","og_site_name":"\u041c\u0430\u0433\u0430\u0437\u0438\u043d Xstyle","article_publisher":"https:\/\/www.facebook.com\/xstylemd","article_modified_time":"2026-04-07T12:05:42+00:00","og_image":[{"width":800,"height":800,"url":"https:\/\/dev.xstyle.md\/wp-content\/uploads\/2021\/04\/singin_rok.jpg1_.jpg","type":"image\/jpeg"}],"twitter_card":"summary_large_image","twitter_misc":{"Pre\u021b":"630,00&nbsp;MDL","Disponibilitate":"\u00cen stoc"},"schema":{"@context":"https:\/\/schema.org","@graph":[{"@type":"WebPage","@id":"https:\/\/dev.xstyle.md\/product\/singing-rock-backbone-wmn-arrow\/","url":"https:\/\/dev.xstyle.md\/product\/singing-rock-backbone-wmn-arrow\/","name":"Tricou Singing Rock Backbone Wmn arrow - Magazin Xstyle","isPartOf":{"@id":"https:\/\/dev.xstyle.md\/#website"},"primaryImageOfPage":{"@id":"https:\/\/dev.xstyle.md\/product\/singing-rock-backbone-wmn-arrow\/#primaryimage"},"image":{"@id":"https:\/\/dev.xstyle.md\/product\/singing-rock-backbone-wmn-arrow\/#primaryimage"},"thumbnailUrl":"https:\/\/dev.xstyle.md\/wp-content\/uploads\/2021\/04\/singin_rok.jpg1_.jpg","datePublished":"2021-01-11T13:23:33+00:00","dateModified":"2026-04-07T12:05:42+00:00","description":"Tricou Singing Rock Backbone Wmn \u2014 stilat \u0219i confortabil, 100% bumbac, ideal pentru activit\u0103\u021bi \u00een aer liber. Sus\u021bine\u021bi confortul \u0219i libertatea de mi\u0219care cu Singing Rock!","breadcrumb":{"@id":"https:\/\/dev.xstyle.md\/product\/singing-rock-backbone-wmn-arrow\/#breadcrumb"},"inLanguage":"ro-RO","potentialAction":[{"@type":"ReadAction","target":["https:\/\/dev.xstyle.md\/product\/singing-rock-backbone-wmn-arrow\/"]}]},{"@type":"ImageObject","inLanguage":"ro-RO","@id":"https:\/\/dev.xstyle.md\/product\/singing-rock-backbone-wmn-arrow\/#primaryimage","url":"https:\/\/dev.xstyle.md\/wp-content\/uploads\/2021\/04\/singin_rok.jpg1_.jpg","contentUrl":"https:\/\/dev.xstyle.md\/wp-content\/uploads\/2021\/04\/singin_rok.jpg1_.jpg","width":800,"height":800},{"@type":"BreadcrumbList","@id":"https:\/\/dev.xstyle.md\/product\/singing-rock-backbone-wmn-arrow\/#breadcrumb","itemListElement":[{"@type":"ListItem","position":1,"name":"\u0413\u043b\u0430\u0432\u043d\u0430\u044f \u0441\u0442\u0440\u0430\u043d\u0438\u0446\u0430","item":"https:\/\/dev.xstyle.md\/"},{"@type":"ListItem","position":2,"name":"Shop","item":"https:\/\/dev.xstyle.md\/shop\/"},{"@type":"ListItem","position":3,"name":"\u0424\u0443\u0442\u0431\u043e\u043b\u043a\u0430 Singing Rock Backbone Wmn arrow"}]},{"@type":"WebSite","@id":"https:\/\/dev.xstyle.md\/#website","url":"https:\/\/dev.xstyle.md\/","name":"Magazinul X-Style","description":"Echipamente pentru turism \u0219i sporturi extreme \u00een Moldova. Pre\u021buri, fotografii, caracteristici \u00een Moldova.","publisher":{"@id":"https:\/\/dev.xstyle.md\/#organization"},"alternateName":"X-Style","potentialAction":[{"@type":"SearchAction","target":{"@type":"EntryPoint","urlTemplate":"https:\/\/dev.xstyle.md\/?s={search_term_string}"},"query-input":{"@type":"PropertyValueSpecification","valueRequired":true,"valueName":"search_term_string"}}],"inLanguage":"ro-RO"},{"@type":"Organization","@id":"https:\/\/dev.xstyle.md\/#organization","name":"Magazinul X-Style","alternateName":"x-style","url":"https:\/\/dev.xstyle.md\/","logo":{"@type":"ImageObject","inLanguage":"ro-RO","@id":"https:\/\/dev.xstyle.md\/#\/schema\/logo\/image\/","url":"https:\/\/dev.xstyle.md\/wp-content\/uploads\/2020\/06\/logoicon.svg","contentUrl":"https:\/\/dev.xstyle.md\/wp-content\/uploads\/2020\/06\/logoicon.svg","caption":"\u041c\u0430\u0433\u0430\u0437\u0438\u043d Xstyle"},"image":{"@id":"https:\/\/dev.xstyle.md\/#\/schema\/logo\/image\/"},"sameAs":["https:\/\/www.facebook.com\/xstylemd","https:\/\/www.instagram.com\/xstyle_md\/","https:\/\/t.me\/xstyle_outdoor"],"hasMerchantReturnPolicy":{"@type":"MerchantReturnPolicy","merchantReturnLink":"https:\/\/dev.xstyle.md\/ro\/conditions\/"}}]},"product_price_amount":"630.00","product_price_currency":"MDL","og_availability":"instock","product_availability":"instock","product_retailer_item_id":"8595033337534","product_condition":"new"},"post_mailing_queue_ids":[],"_links":{"self":[{"href":"https:\/\/dev.xstyle.md\/ro\/wp-json\/wp\/v2\/product\/27310","targetHints":{"allow":["GET"]}}],"collection":[{"href":"https:\/\/dev.xstyle.md\/ro\/wp-json\/wp\/v2\/product"}],"about":[{"href":"https:\/\/dev.xstyle.md\/ro\/wp-json\/wp\/v2\/types\/product"}],"replies":[{"embeddable":true,"href":"https:\/\/dev.xstyle.md\/ro\/wp-json\/wp\/v2\/comments?post=27310"}],"version-history":[{"count":0,"href":"https:\/\/dev.xstyle.md\/ro\/wp-json\/wp\/v2\/product\/27310\/revisions"}],"wp:featuredmedia":[{"embeddable":true,"href":"https:\/\/dev.xstyle.md\/ro\/wp-json\/wp\/v2\/media\/29232"}],"wp:attachment":[{"href":"https:\/\/dev.xstyle.md\/ro\/wp-json\/wp\/v2\/media?parent=27310"}],"wp:term":[{"taxonomy":"product_brand","embeddable":true,"href":"https:\/\/dev.xstyle.md\/ro\/wp-json\/wp\/v2\/product_brand?post=27310"},{"taxonomy":"product_cat","embeddable":true,"href":"https:\/\/dev.xstyle.md\/ro\/wp-json\/wp\/v2\/product_cat?post=27310"},{"taxonomy":"product_tag","embeddable":true,"href":"https:\/\/dev.xstyle.md\/ro\/wp-json\/wp\/v2\/product_tag?post=27310"}],"curies":[{"name":"wp","href":"https:\/\/api.w.org\/{rel}","templated":true}]}}