{"id":27233,"date":"2021-01-11T16:22:54","date_gmt":"2021-01-11T13:22:54","guid":{"rendered":"https:\/\/xstyle.md\/product\/rjukzak-pinguin-explorer-100-nylon\/"},"modified":"2026-03-19T16:40:54","modified_gmt":"2026-03-19T13:40:54","slug":"rjukzak-pinguin-explorer-100-nylon","status":"publish","type":"product","link":"https:\/\/dev.xstyle.md\/ro\/produs\/rjukzak-pinguin-explorer-100-nylon\/","title":{"rendered":"Rucsac Pinguin Explorer 100 Nylon"},"content":{"rendered":"<p><\/p>\n<p><strong>Pinguin Explorer 100 Nylon\u00a0<\/strong>cu dou\u0103 compartimente, conceput pentru drume\u021bii lungi \u0219i solicitante. Bine ventilat, cu posibilitatea de a ajusta sistemul de spate \u0219i curelele de um\u0103r la forma corpului dumneavoastr\u0103.<\/p>\n<p>Gama actualizat\u0103 de rucsacuri Pinguin Explorer de la renumitul produc\u0103tor ceh \u00eencorporeaz\u0103 toate solu\u021biile cele mai progresiste acumulate de-a lungul multor ani de experien\u021b\u0103 a companiei. Aceste produse sunt caracterizate de un design ergonomic scrupulos g\u00e2ndit, \u021bin\u00e2nd cont de anatomia uman\u0103, distribuind uniform \u00eenc\u0103rc\u0103tura, permi\u021b\u00e2nd transportul c\u00e2t mai confortabil al muni\u021biei \u0219i al altor lucruri de drume\u021bie \u00een condi\u021biile extreme ale traseelor de drume\u021bie.<\/p>\n<p>La rucsacurile din seria veche \u00een produc\u021bie s-a folosit o \u021bes\u0103tur\u0103 rezistent\u0103 la ap\u0103 &#8212; Hicor, care asigur\u0103 impecabilitate, fiabilitate \u0219i durabilitate. Versiunea actualizat\u0103 utilizeaz\u0103 o \u021bes\u0103tur\u0103 inovatoare &#8212; nailon 6.6, care s-a dovedit a fi foarte puternic\u0103 \u0219i rezistent\u0103 la uzur\u0103. Spatele rucsacului are un profil anatomic realizat din \u021bes\u0103tur\u0103 3D cu sistem ABS, care favorizeaz\u0103 o potrivire moale, previne irita\u021biile \u0219i elimin\u0103 excesul de umiditate, asigur\u00e2nd un confort de lung\u0103 durat\u0103 \u00een orice vreme. Este inclus\u0103 o hus\u0103 de ploaie pentru o protec\u021bie suplimentar\u0103 \u00eempotriva precipita\u021biilor.<\/p>\n<p>Modelul are dou\u0103 compartimente principale, dou\u0103 buzunare interne \u0219i mai multe buzunare externe. Pentru u\u0219urin\u021ba utiliz\u0103rii, rucsacul are patru intr\u0103ri, astfel \u00eenc\u00e2t s\u0103 pute\u021bi ajunge la ceea ce ave\u021bi nevoie f\u0103r\u0103 a fi nevoit s\u0103 \u00eel reambala\u021bi. \u00cen plus, rucsacurile vin cu o geant\u0103 de centur\u0103 modular\u0103 cu curea deta\u0219abil\u0103, care poate fi folosit\u0103 separat. Transportul se realizeaz\u0103 pe 2 curele de um\u0103r reglabile, cu o cravat\u0103 pentru piept, care fixeaz\u0103 \u00een siguran\u021b\u0103 povara \u00een timpul mersului intensiv pe jos sau cu bicicleta. Este posibil s\u0103 se completeze modelele cu un sistem de b\u0103utur\u0103. Sunt prev\u0103zute leg\u0103turi Duraflex pentru a sigila con\u021binutul.<\/p>\n<p>Transportul echipamentului de camping \u00een rucsacul Pinguin Explorer v\u0103 va economisi energia \u0219i v\u0103 va aduce pl\u0103cere maxim\u0103 \u0219i beneficii practice \u00een c\u0103l\u0103toriile de orice complexitate.<\/p>\n<h3>Caracteristici<\/h3>\n<ul>\n<li>Greutate &#8212; 2600 g<\/li>\n<li>Volum &#8212; 100 litri<\/li>\n<li>Dimensiuni &#8212; 93 x 38 x 33 (H x L x P) cm<\/li>\n<li>Material &#8212; nailon 6.6, Duraflex<\/li>\n<li>Nu este potrivit pentru bagajele de m\u00e2n\u0103<\/li>\n<li>Hus\u0103 de ploaie &#8212; da<\/li>\n<li>Ventila\u021bie &#8212; da<\/li>\n<li>Destina\u021bie &#8212; trekking, drume\u021bii<\/li>\n<li>Model &#8212; unisex<\/li>\n<\/ul>\n<h3>Tehnologie<\/h3>\n<ul>\n<li><strong>ABS<\/strong> este un sistem de suspensie care v\u0103 permite s\u0103 regla\u021bi \u00een\u0103l\u021bimea suspensiei \u0219i distan\u021ba dintre curelele de um\u0103r, ceea ce poate modifica unghiul de \u00eenclinare \u00een raport cu punctul de fixare. Toate acestea reduc semnificativ tensiunea asupra coloanei vertebrale \u0219i distribuie greutatea \u00een mod egal. De asemenea, v\u0103 permite s\u0103 ajusta\u021bi mai precis rucsacul la tr\u0103s\u0103turile oric\u0103rei siluete. Baza este o plac\u0103 metalic\u0103 vertical\u0103 rigid\u0103 fixat\u0103 \u00een sp\u0103tar.<\/li>\n<li><strong>Duraflex\u00ae<\/strong> este o marc\u0103 de renume mondial de fitinguri din plastic. Produsele DURAFLEX \u00eentr-o gam\u0103 larg\u0103 de temperaturi \u00ee\u0219i p\u0103streaz\u0103 rezisten\u021ba ridicat\u0103 \u0219i elasticitatea necesar\u0103. Se utilizeaz\u0103 la rucsaci, corturi \u0219i saci de dormit.<\/li>\n<li><strong>YKK\u00ae<\/strong> &#8212; fermoare de \u00eenalt\u0103 calitate fabricate de compania japonez\u0103 YKK Group, certificate pentru conformitatea cu standardele interna\u021bionale. Acestea sunt rezistente la sarcini de for\u021b\u0103 mare \u0219i la coroziune. Sunt utilizate \u00een produse cu cel mai \u00eenalt grad de fiabilitate.<\/li>\n<li><strong>Materialele cu \u021bes\u0103tur\u0103 3D<\/strong> contribuie la o bun\u0103 ventila\u021bie pe suprafa\u021ba de contact dintre spate \u0219i rucsac.<\/li>\n<\/ul>\n<h3>Marca<\/h3>\n<p>Pinguin este cea mai experimentat\u0103 companie ceh\u0103 produc\u0103toare de echipamente pentru activit\u0103\u021bi \u00een aer liber, deoarece primele produse au fost lansate pe pia\u021b\u0103 \u00een 1989. Echipamentul Pinguin a fost folosit de multe ori de alpini\u0219ti \u0219i c\u0103l\u0103tori celebri \u00een cucerirea celor mai \u00eenalte v\u00e2rfuri muntoase din lume.<\/p>\n<p>Compania a fost denumit\u0103 dup\u0103 o pas\u0103re care tr\u0103ie\u0219te \u00een gerul aspru din Antarctica, fiind specializat\u0103 \u00een echipamente de c\u0103l\u0103torie care vor oferi tuturor iubitorilor de activit\u0103\u021bi \u00een aer liber confort \u0219i c\u0103ldur\u0103 \u00een frigul iernii sau pe calotele de ghea\u021b\u0103 ale v\u00e2rfurilor muntoase.<\/p>\n<p><\/p>\n<p>&nbsp;<\/p>\n<\/div>","protected":false},"excerpt":{"rendered":"<p>Rucsac Pinguin Explorer 100 Nylon<\/p>","protected":false},"featured_media":77002,"comment_status":"open","ping_status":"closed","template":"","meta":{"_acf_changed":false,"inline_featured_image":false},"product_brand":[1263],"product_cat":[42],"product_tag":[],"class_list":{"0":"post-27233","1":"product","2":"type-product","3":"status-publish","4":"has-post-thumbnail","6":"product_brand-pinguin","7":"product_cat-travel-up-to-100-bag","9":"first","10":"instock","11":"shipping-taxable","12":"purchasable","13":"product-type-simple"},"acf":[],"yoast_head":"<!-- This site is optimized with the Yoast SEO plugin v27.5 - https:\/\/yoast.com\/product\/yoast-seo-wordpress\/ -->\n<title>\u0420\u044e\u043a\u0437\u0430\u043a Pinguin Explorer 100 Nylon - \u041c\u0430\u0433\u0430\u0437\u0438\u043d Xstyle<\/title>\n<meta name=\"description\" content=\"\u0420\u044e\u043a\u0437\u0430\u043a Pinguin Explorer 100 Nylon - \u0438\u0434\u0435\u0430\u043b\u044c\u043d\u044b\u0439 \u0441\u043f\u0443\u0442\u043d\u0438\u043a \u0434\u043b\u044f \u0434\u043e\u043b\u0433\u0438\u0445 \u043f\u043e\u0445\u043e\u0434\u043e\u0432. \u0423\u0434\u043e\u0431\u0441\u0442\u0432\u043e, \u0445\u043e\u0440\u043e\u0448\u0438\u0439 \u0432\u0435\u043d\u0442\u0438\u043b\u044f\u0446\u0438\u044f \u0438 \u0432\u043e\u0437\u043c\u043e\u0436\u043d\u043e\u0441\u0442\u044c \u043d\u0430\u0441\u0442\u0440\u043e\u0439\u043a\u0438 \u043f\u043e\u0434 \u0432\u0430\u0448\u0435 \u0442\u0435\u043b\u043e.\" \/>\n<meta name=\"robots\" content=\"noindex, follow, max-snippet:-1, max-image-preview:large, max-video-preview:-1\" \/>\n<meta property=\"og:locale\" content=\"ro_RO\" \/>\n<meta property=\"og:type\" content=\"article\" \/>\n<meta property=\"og:title\" content=\"\u0420\u044e\u043a\u0437\u0430\u043a Pinguin Explorer 100 Nylon - \u041c\u0430\u0433\u0430\u0437\u0438\u043d Xstyle\" \/>\n<meta property=\"og:description\" content=\"\u0420\u044e\u043a\u0437\u0430\u043a Pinguin Explorer 100 Nylon - \u0438\u0434\u0435\u0430\u043b\u044c\u043d\u044b\u0439 \u0441\u043f\u0443\u0442\u043d\u0438\u043a \u0434\u043b\u044f \u0434\u043e\u043b\u0433\u0438\u0445 \u043f\u043e\u0445\u043e\u0434\u043e\u0432. \u0423\u0434\u043e\u0431\u0441\u0442\u0432\u043e, \u0445\u043e\u0440\u043e\u0448\u0438\u0439 \u0432\u0435\u043d\u0442\u0438\u043b\u044f\u0446\u0438\u044f \u0438 \u0432\u043e\u0437\u043c\u043e\u0436\u043d\u043e\u0441\u0442\u044c \u043d\u0430\u0441\u0442\u0440\u043e\u0439\u043a\u0438 \u043f\u043e\u0434 \u0432\u0430\u0448\u0435 \u0442\u0435\u043b\u043e.\" \/>\n<meta property=\"og:url\" content=\"https:\/\/dev.xstyle.md\/ro\/produs\/rjukzak-pinguin-explorer-100-nylon\/\" \/>\n<meta property=\"og:site_name\" content=\"\u041c\u0430\u0433\u0430\u0437\u0438\u043d Xstyle\" \/>\n<meta property=\"article:publisher\" content=\"https:\/\/www.facebook.com\/xstylemd\" \/>\n<meta property=\"article:modified_time\" content=\"2026-03-19T13:40:54+00:00\" \/>\n<meta property=\"og:image\" content=\"https:\/\/dev.xstyle.md\/wp-content\/uploads\/2021\/01\/pinguin-explorer-100-nylon-navy.jpg\" \/>\n\t<meta property=\"og:image:width\" content=\"797\" \/>\n\t<meta property=\"og:image:height\" content=\"772\" \/>\n\t<meta property=\"og:image:type\" content=\"image\/jpeg\" \/>\n<meta name=\"twitter:card\" content=\"summary_large_image\" \/>\n<meta name=\"twitter:label1\" content=\"Pre\u021b\" \/>\n\t<meta name=\"twitter:data1\" content=\"3.790,00&nbsp;MDL\" \/>\n\t<meta name=\"twitter:label2\" content=\"Disponibilitate\" \/>\n\t<meta name=\"twitter:data2\" content=\"\u00cen stoc\" \/>\n<script type=\"application\/ld+json\" class=\"yoast-schema-graph\">{\"@context\":\"https:\\\/\\\/schema.org\",\"@graph\":[{\"@type\":\"WebPage\",\"@id\":\"https:\\\/\\\/dev.xstyle.md\\\/product\\\/rjukzak-pinguin-explorer-100-nylon\\\/\",\"url\":\"https:\\\/\\\/dev.xstyle.md\\\/product\\\/rjukzak-pinguin-explorer-100-nylon\\\/\",\"name\":\"\u0420\u044e\u043a\u0437\u0430\u043a Pinguin Explorer 100 Nylon - \u041c\u0430\u0433\u0430\u0437\u0438\u043d Xstyle\",\"isPartOf\":{\"@id\":\"https:\\\/\\\/dev.xstyle.md\\\/#website\"},\"primaryImageOfPage\":{\"@id\":\"https:\\\/\\\/dev.xstyle.md\\\/product\\\/rjukzak-pinguin-explorer-100-nylon\\\/#primaryimage\"},\"image\":{\"@id\":\"https:\\\/\\\/dev.xstyle.md\\\/product\\\/rjukzak-pinguin-explorer-100-nylon\\\/#primaryimage\"},\"thumbnailUrl\":\"https:\\\/\\\/dev.xstyle.md\\\/wp-content\\\/uploads\\\/2021\\\/01\\\/pinguin-explorer-100-nylon-navy.jpg\",\"datePublished\":\"2021-01-11T13:22:54+00:00\",\"dateModified\":\"2026-03-19T13:40:54+00:00\",\"description\":\"\u0420\u044e\u043a\u0437\u0430\u043a Pinguin Explorer 100 Nylon - \u0438\u0434\u0435\u0430\u043b\u044c\u043d\u044b\u0439 \u0441\u043f\u0443\u0442\u043d\u0438\u043a \u0434\u043b\u044f \u0434\u043e\u043b\u0433\u0438\u0445 \u043f\u043e\u0445\u043e\u0434\u043e\u0432. \u0423\u0434\u043e\u0431\u0441\u0442\u0432\u043e, \u0445\u043e\u0440\u043e\u0448\u0438\u0439 \u0432\u0435\u043d\u0442\u0438\u043b\u044f\u0446\u0438\u044f \u0438 \u0432\u043e\u0437\u043c\u043e\u0436\u043d\u043e\u0441\u0442\u044c \u043d\u0430\u0441\u0442\u0440\u043e\u0439\u043a\u0438 \u043f\u043e\u0434 \u0432\u0430\u0448\u0435 \u0442\u0435\u043b\u043e.\",\"breadcrumb\":{\"@id\":\"https:\\\/\\\/dev.xstyle.md\\\/product\\\/rjukzak-pinguin-explorer-100-nylon\\\/#breadcrumb\"},\"inLanguage\":\"ro-RO\",\"potentialAction\":[{\"@type\":\"ReadAction\",\"target\":[\"https:\\\/\\\/dev.xstyle.md\\\/product\\\/rjukzak-pinguin-explorer-100-nylon\\\/\"]}]},{\"@type\":\"ImageObject\",\"inLanguage\":\"ro-RO\",\"@id\":\"https:\\\/\\\/dev.xstyle.md\\\/product\\\/rjukzak-pinguin-explorer-100-nylon\\\/#primaryimage\",\"url\":\"https:\\\/\\\/dev.xstyle.md\\\/wp-content\\\/uploads\\\/2021\\\/01\\\/pinguin-explorer-100-nylon-navy.jpg\",\"contentUrl\":\"https:\\\/\\\/dev.xstyle.md\\\/wp-content\\\/uploads\\\/2021\\\/01\\\/pinguin-explorer-100-nylon-navy.jpg\",\"width\":797,\"height\":772,\"caption\":\"\u0420\u044e\u043a\u0437\u0430\u043a Pinguin Explorer 100 Nylon \u0434\u043b\u044f \u0430\u043a\u0442\u0438\u0432\u043d\u043e\u0433\u043e \u043e\u0442\u0434\u044b\u0445\u0430 \u043f\u043e\u0445\u043e\u0434\u043e\u0432 \u0433\u043e\u0440\u043d\u044b\u0445 \u0432\u043e\u0441\u0445\u043e\u0436\u0434\u0435\u043d\u0438\u0439 \u0438 \u043f\u0443\u0442\u0435\u0448\u0435\u0441\u0442\u0432\u0438\u0439 \u0441 \u0443\u0434\u043e\u0431\u043d\u043e\u0439 \u043e\u0431\u0443\u0432\u044c\u044e \u0438 \u043e\u0434\u0435\u0436\u0434\u043e\u0439 \u0434\u043b\u044f \u0441\u043f\u043e\u0440\u0442\u043e\u0432\u044b\u0445 \u043c\u0438\u0440\u043e\u0432.\"},{\"@type\":\"BreadcrumbList\",\"@id\":\"https:\\\/\\\/dev.xstyle.md\\\/product\\\/rjukzak-pinguin-explorer-100-nylon\\\/#breadcrumb\",\"itemListElement\":[{\"@type\":\"ListItem\",\"position\":1,\"name\":\"\u0413\u043b\u0430\u0432\u043d\u0430\u044f \u0441\u0442\u0440\u0430\u043d\u0438\u0446\u0430\",\"item\":\"https:\\\/\\\/dev.xstyle.md\\\/\"},{\"@type\":\"ListItem\",\"position\":2,\"name\":\"Shop\",\"item\":\"https:\\\/\\\/dev.xstyle.md\\\/shop\\\/\"},{\"@type\":\"ListItem\",\"position\":3,\"name\":\"\u0420\u044e\u043a\u0437\u0430\u043a Pinguin Explorer 100 Nylon\"}]},{\"@type\":\"WebSite\",\"@id\":\"https:\\\/\\\/dev.xstyle.md\\\/#website\",\"url\":\"https:\\\/\\\/dev.xstyle.md\\\/\",\"name\":\"\u041c\u0430\u0433\u0430\u0437\u0438\u043d Xstyle\",\"description\":\"C\u043d\u0430\u0440\u044f\u0436\u0435\u043d\u0438\u0435 \u0434\u043b\u044f \u0442\u0443\u0440\u0438\u0437\u043c\u0430 \u0438 \u044d\u043a\u0441\u0442\u0440\u0435\u043c\u0430\u043b\u044c\u043d\u044b\u0445 \u0432\u0438\u0434\u043e\u0432 \u0441\u043f\u043e\u0440\u0442\u0430 \u0432 \u041c\u043e\u043b\u0434\u043e\u0432\u0435.. \u0426\u0435\u043d\u044b, \u0444\u043e\u0442\u043e, \u0445\u0430\u0440\u0430\u043a\u0442\u0435\u0440\u0438\u0441\u0442\u0438\u043a\u0438 \u0432 \u041c\u043e\u043b\u0434\u043e\u0432\u0435.\",\"publisher\":{\"@id\":\"https:\\\/\\\/dev.xstyle.md\\\/#organization\"},\"alternateName\":\"X-Style\",\"potentialAction\":[{\"@type\":\"SearchAction\",\"target\":{\"@type\":\"EntryPoint\",\"urlTemplate\":\"https:\\\/\\\/dev.xstyle.md\\\/?s={search_term_string}\"},\"query-input\":{\"@type\":\"PropertyValueSpecification\",\"valueRequired\":true,\"valueName\":\"search_term_string\"}}],\"inLanguage\":\"ro-RO\"},{\"@type\":\"Organization\",\"@id\":\"https:\\\/\\\/dev.xstyle.md\\\/#organization\",\"name\":\"\u041c\u0430\u0433\u0430\u0437\u0438\u043d Xstyle\",\"alternateName\":\"x-style\",\"url\":\"https:\\\/\\\/dev.xstyle.md\\\/\",\"logo\":{\"@type\":\"ImageObject\",\"inLanguage\":\"ro-RO\",\"@id\":\"https:\\\/\\\/dev.xstyle.md\\\/#\\\/schema\\\/logo\\\/image\\\/\",\"url\":\"https:\\\/\\\/dev.xstyle.md\\\/wp-content\\\/uploads\\\/2020\\\/06\\\/logoicon.svg\",\"contentUrl\":\"https:\\\/\\\/dev.xstyle.md\\\/wp-content\\\/uploads\\\/2020\\\/06\\\/logoicon.svg\",\"caption\":\"\u041c\u0430\u0433\u0430\u0437\u0438\u043d Xstyle\"},\"image\":{\"@id\":\"https:\\\/\\\/dev.xstyle.md\\\/#\\\/schema\\\/logo\\\/image\\\/\"},\"sameAs\":[\"https:\\\/\\\/www.facebook.com\\\/xstylemd\",\"https:\\\/\\\/www.instagram.com\\\/xstyle_md\\\/\",\"https:\\\/\\\/t.me\\\/xstyle_outdoor\"],\"hasMerchantReturnPolicy\":{\"@type\":\"MerchantReturnPolicy\",\"merchantReturnLink\":\"https:\\\/\\\/dev.xstyle.md\\\/ro\\\/conditions\\\/\"}}]}<\/script>\n<meta property=\"product:price:amount\" content=\"3790.00\" \/>\n<meta property=\"product:price:currency\" content=\"MDL\" \/>\n<meta property=\"og:availability\" content=\"instock\" \/>\n<meta property=\"product:availability\" content=\"instock\" \/>\n<meta property=\"product:retailer_item_id\" content=\"8592638320145\" \/>\n<meta property=\"product:condition\" content=\"new\" \/>\n<!-- \/ Yoast SEO plugin. -->","yoast_head_json":{"title":"Rucsac Pinguin Explorer 100 Nylon - Magazin Xstyle","description":"Rucsacul Pinguin Explorer 100 Nylon - companionul ideal pentru drume\u021bii \u00eendelungate. Confort, ventila\u021bie bun\u0103 \u0219i posibilitatea de ajustare pe m\u0103sura corpului dumneavoastr\u0103.","robots":{"index":"noindex","follow":"follow","max-snippet":"max-snippet:-1","max-image-preview":"max-image-preview:large","max-video-preview":"max-video-preview:-1"},"og_locale":"ro_RO","og_type":"article","og_title":"\u0420\u044e\u043a\u0437\u0430\u043a Pinguin Explorer 100 Nylon - \u041c\u0430\u0433\u0430\u0437\u0438\u043d Xstyle","og_description":"\u0420\u044e\u043a\u0437\u0430\u043a Pinguin Explorer 100 Nylon - \u0438\u0434\u0435\u0430\u043b\u044c\u043d\u044b\u0439 \u0441\u043f\u0443\u0442\u043d\u0438\u043a \u0434\u043b\u044f \u0434\u043e\u043b\u0433\u0438\u0445 \u043f\u043e\u0445\u043e\u0434\u043e\u0432. \u0423\u0434\u043e\u0431\u0441\u0442\u0432\u043e, \u0445\u043e\u0440\u043e\u0448\u0438\u0439 \u0432\u0435\u043d\u0442\u0438\u043b\u044f\u0446\u0438\u044f \u0438 \u0432\u043e\u0437\u043c\u043e\u0436\u043d\u043e\u0441\u0442\u044c \u043d\u0430\u0441\u0442\u0440\u043e\u0439\u043a\u0438 \u043f\u043e\u0434 \u0432\u0430\u0448\u0435 \u0442\u0435\u043b\u043e.","og_url":"https:\/\/dev.xstyle.md\/ro\/produs\/rjukzak-pinguin-explorer-100-nylon\/","og_site_name":"\u041c\u0430\u0433\u0430\u0437\u0438\u043d Xstyle","article_publisher":"https:\/\/www.facebook.com\/xstylemd","article_modified_time":"2026-03-19T13:40:54+00:00","og_image":[{"width":797,"height":772,"url":"https:\/\/dev.xstyle.md\/wp-content\/uploads\/2021\/01\/pinguin-explorer-100-nylon-navy.jpg","type":"image\/jpeg"}],"twitter_card":"summary_large_image","twitter_misc":{"Pre\u021b":"3.790,00&nbsp;MDL","Disponibilitate":"\u00cen stoc"},"schema":{"@context":"https:\/\/schema.org","@graph":[{"@type":"WebPage","@id":"https:\/\/dev.xstyle.md\/product\/rjukzak-pinguin-explorer-100-nylon\/","url":"https:\/\/dev.xstyle.md\/product\/rjukzak-pinguin-explorer-100-nylon\/","name":"Rucsac Pinguin Explorer 100 Nylon - Magazin Xstyle","isPartOf":{"@id":"https:\/\/dev.xstyle.md\/#website"},"primaryImageOfPage":{"@id":"https:\/\/dev.xstyle.md\/product\/rjukzak-pinguin-explorer-100-nylon\/#primaryimage"},"image":{"@id":"https:\/\/dev.xstyle.md\/product\/rjukzak-pinguin-explorer-100-nylon\/#primaryimage"},"thumbnailUrl":"https:\/\/dev.xstyle.md\/wp-content\/uploads\/2021\/01\/pinguin-explorer-100-nylon-navy.jpg","datePublished":"2021-01-11T13:22:54+00:00","dateModified":"2026-03-19T13:40:54+00:00","description":"Rucsacul Pinguin Explorer 100 Nylon - companionul ideal pentru drume\u021bii \u00eendelungate. Confort, ventila\u021bie bun\u0103 \u0219i posibilitatea de ajustare pe m\u0103sura corpului dumneavoastr\u0103.","breadcrumb":{"@id":"https:\/\/dev.xstyle.md\/product\/rjukzak-pinguin-explorer-100-nylon\/#breadcrumb"},"inLanguage":"ro-RO","potentialAction":[{"@type":"ReadAction","target":["https:\/\/dev.xstyle.md\/product\/rjukzak-pinguin-explorer-100-nylon\/"]}]},{"@type":"ImageObject","inLanguage":"ro-RO","@id":"https:\/\/dev.xstyle.md\/product\/rjukzak-pinguin-explorer-100-nylon\/#primaryimage","url":"https:\/\/dev.xstyle.md\/wp-content\/uploads\/2021\/01\/pinguin-explorer-100-nylon-navy.jpg","contentUrl":"https:\/\/dev.xstyle.md\/wp-content\/uploads\/2021\/01\/pinguin-explorer-100-nylon-navy.jpg","width":797,"height":772,"caption":"\u0420\u044e\u043a\u0437\u0430\u043a Pinguin Explorer 100 Nylon \u0434\u043b\u044f \u0430\u043a\u0442\u0438\u0432\u043d\u043e\u0433\u043e \u043e\u0442\u0434\u044b\u0445\u0430 \u043f\u043e\u0445\u043e\u0434\u043e\u0432 \u0433\u043e\u0440\u043d\u044b\u0445 \u0432\u043e\u0441\u0445\u043e\u0436\u0434\u0435\u043d\u0438\u0439 \u0438 \u043f\u0443\u0442\u0435\u0448\u0435\u0441\u0442\u0432\u0438\u0439 \u0441 \u0443\u0434\u043e\u0431\u043d\u043e\u0439 \u043e\u0431\u0443\u0432\u044c\u044e \u0438 \u043e\u0434\u0435\u0436\u0434\u043e\u0439 \u0434\u043b\u044f \u0441\u043f\u043e\u0440\u0442\u043e\u0432\u044b\u0445 \u043c\u0438\u0440\u043e\u0432."},{"@type":"BreadcrumbList","@id":"https:\/\/dev.xstyle.md\/product\/rjukzak-pinguin-explorer-100-nylon\/#breadcrumb","itemListElement":[{"@type":"ListItem","position":1,"name":"\u0413\u043b\u0430\u0432\u043d\u0430\u044f \u0441\u0442\u0440\u0430\u043d\u0438\u0446\u0430","item":"https:\/\/dev.xstyle.md\/"},{"@type":"ListItem","position":2,"name":"Shop","item":"https:\/\/dev.xstyle.md\/shop\/"},{"@type":"ListItem","position":3,"name":"\u0420\u044e\u043a\u0437\u0430\u043a Pinguin Explorer 100 Nylon"}]},{"@type":"WebSite","@id":"https:\/\/dev.xstyle.md\/#website","url":"https:\/\/dev.xstyle.md\/","name":"Magazinul X-Style","description":"Echipamente pentru turism \u0219i sporturi extreme \u00een Moldova. Pre\u021buri, fotografii, caracteristici \u00een Moldova.","publisher":{"@id":"https:\/\/dev.xstyle.md\/#organization"},"alternateName":"X-Style","potentialAction":[{"@type":"SearchAction","target":{"@type":"EntryPoint","urlTemplate":"https:\/\/dev.xstyle.md\/?s={search_term_string}"},"query-input":{"@type":"PropertyValueSpecification","valueRequired":true,"valueName":"search_term_string"}}],"inLanguage":"ro-RO"},{"@type":"Organization","@id":"https:\/\/dev.xstyle.md\/#organization","name":"Magazinul X-Style","alternateName":"x-style","url":"https:\/\/dev.xstyle.md\/","logo":{"@type":"ImageObject","inLanguage":"ro-RO","@id":"https:\/\/dev.xstyle.md\/#\/schema\/logo\/image\/","url":"https:\/\/dev.xstyle.md\/wp-content\/uploads\/2020\/06\/logoicon.svg","contentUrl":"https:\/\/dev.xstyle.md\/wp-content\/uploads\/2020\/06\/logoicon.svg","caption":"\u041c\u0430\u0433\u0430\u0437\u0438\u043d Xstyle"},"image":{"@id":"https:\/\/dev.xstyle.md\/#\/schema\/logo\/image\/"},"sameAs":["https:\/\/www.facebook.com\/xstylemd","https:\/\/www.instagram.com\/xstyle_md\/","https:\/\/t.me\/xstyle_outdoor"],"hasMerchantReturnPolicy":{"@type":"MerchantReturnPolicy","merchantReturnLink":"https:\/\/dev.xstyle.md\/ro\/conditions\/"}}]},"product_price_amount":"3790.00","product_price_currency":"MDL","og_availability":"instock","product_availability":"instock","product_retailer_item_id":"8592638320145","product_condition":"new"},"post_mailing_queue_ids":[],"_links":{"self":[{"href":"https:\/\/dev.xstyle.md\/ro\/wp-json\/wp\/v2\/product\/27233","targetHints":{"allow":["GET"]}}],"collection":[{"href":"https:\/\/dev.xstyle.md\/ro\/wp-json\/wp\/v2\/product"}],"about":[{"href":"https:\/\/dev.xstyle.md\/ro\/wp-json\/wp\/v2\/types\/product"}],"replies":[{"embeddable":true,"href":"https:\/\/dev.xstyle.md\/ro\/wp-json\/wp\/v2\/comments?post=27233"}],"version-history":[{"count":0,"href":"https:\/\/dev.xstyle.md\/ro\/wp-json\/wp\/v2\/product\/27233\/revisions"}],"wp:featuredmedia":[{"embeddable":true,"href":"https:\/\/dev.xstyle.md\/ro\/wp-json\/wp\/v2\/media\/77002"}],"wp:attachment":[{"href":"https:\/\/dev.xstyle.md\/ro\/wp-json\/wp\/v2\/media?parent=27233"}],"wp:term":[{"taxonomy":"product_brand","embeddable":true,"href":"https:\/\/dev.xstyle.md\/ro\/wp-json\/wp\/v2\/product_brand?post=27233"},{"taxonomy":"product_cat","embeddable":true,"href":"https:\/\/dev.xstyle.md\/ro\/wp-json\/wp\/v2\/product_cat?post=27233"},{"taxonomy":"product_tag","embeddable":true,"href":"https:\/\/dev.xstyle.md\/ro\/wp-json\/wp\/v2\/product_tag?post=27233"}],"curies":[{"name":"wp","href":"https:\/\/api.w.org\/{rel}","templated":true}]}}