{"id":27156,"date":"2021-01-11T16:22:20","date_gmt":"2021-01-11T13:22:20","guid":{"rendered":"https:\/\/xstyle.md\/product\/germochehol-lifeventure-dristore-waterproof-valuables-case\/"},"modified":"2025-10-02T19:01:57","modified_gmt":"2025-10-02T16:01:57","slug":"germochehol-lifeventure-dristore-waterproof-valuables-case","status":"publish","type":"product","link":"https:\/\/dev.xstyle.md\/ro\/produs\/germochehol-lifeventure-dristore-waterproof-valuables-case\/","title":{"rendered":"Husa ermetica Lifeventure DriStore Waterproof Valuables Case"},"content":{"rendered":"<\/p>\n<p>Husa ermetica <strong>Lifeventure DriStore Waterproof Valuables Case<\/strong> &#8212; aceast\u0103 hus\u0103 impermeabil\u0103 pentru carduri este rezistent\u0103 la ap\u0103 p\u00e2n\u0103 la 10 metri \u0219i este fabricat\u0103 dintr-o pelicul\u0103 polimeric\u0103 tripl\u0103 flexibil\u0103 care se \u00eenchide pur \u0219i simplu cu un sigiliu etan\u0219 care se blocheaz\u0103 \u00een pozi\u021bie atunci c\u00e2nd este ap\u0103sat. Excelent pentru utilizarea \u00eentr-o barc\u0103 sau canoe, unde probabilitatea de a uda cardul este destul de mare.<\/p>\n<h3>Particularit\u0103\u021bi<\/h3>\n<ul>\n<li>Fabricat din folie polimeric\u0103 durabil\u0103 \u00een trei straturi, cu un sistem de \u00eenchidere etan\u0219\u0103 cu cliche\u021bi<\/li>\n<li>Clasificare IPX8 rezistent\u0103 la ap\u0103, rezist\u0103 la scufund\u0103ri de p\u00e2n\u0103 la zece metri<\/li>\n<li>100% rezistent la ap\u0103<\/li>\n<li>Set de trei huse.<\/li>\n<\/ul>\n<h3>Caracteristici<\/h3>\n<ul>\n<li>Dimensiuni &#8212; 10,2 x 17,8 cm; 17,8 x 11,4 cm; 15,2 x 27,9 cm.<\/li>\n<\/ul>\n<h3>Tehnologie<\/h3>\n<p><strong>Ce este IPXY?\u00a0<\/strong><\/p>\n<p>Oficial, &#171;IP&#187; \u00eenseamn\u0103 &#171;protec\u021bie interna\u021bional\u0103&#187;, deoarece standardul a fost inventat de Comisia Electrotehnic\u0103 Interna\u021bional\u0103 (IEC). Dar, acronimul &#171;IP&#187; este mai frecvent descifrat ca &#171;Ingress Protection&#187; (trad. &#171;Protec\u021bie \u00eempotriva influen\u021belor externe&#187;). Numerele care urmeaz\u0103 dup\u0103 litere indic\u0103 gradul \u0219i tipul de protec\u021bie.<\/p>\n<p>&#171;X&#187; este responsabil pentru protec\u021bia \u00eempotriva prafului: un num\u0103r de la 0 la 6 indic\u0103 gradul de protec\u021bie. Gradul zero nu ofer\u0103 niciun fel de protec\u021bie, \u00een timp ce gradul \u0219ase este cel mai \u00eenalt (praful nu va p\u0103trunde chiar \u0219i \u00een cazul unei expuneri prelungite).<\/p>\n<p>Litera &#171;Y&#187; indic\u0103 nivelul de protec\u021bie (de la 0 la 8) \u00eempotriva lichidelor. Zero, desigur, \u00eenseamn\u0103 c\u0103 nu exist\u0103 protec\u021bie, \u00een timp ce opt permite ca dispozitivul s\u0103 fie scufundat \u00een ap\u0103 la o ad\u00e2ncime de 3 metri timp de 30 de minute.<\/p>\n<p>Clasificarea IPX8 garanteaz\u0103 c\u0103 dispozitivele dvs. electronice sunt complet impermeabile \u0219i func\u021bioneaz\u0103 atunci c\u00e2nd sunt scufundate la o ad\u00e2ncime de zece metri. Pentru o protec\u021bie maxim\u0103, pune\u021bi smartphone-ul \u00een hus\u0103, ap\u0103sa\u021bi ferm cu degetele pe \u00eenchiz\u0103torul LocTop cu dou\u0103 zone \u0219i \u00eenchide\u021bi clapeta de securitate.<\/p>\n<p><\/p>","protected":false},"excerpt":{"rendered":"<p>Husa ermetica Lifeventure DriStore Waterproof Valuables Case<\/p>","protected":false},"featured_media":28882,"comment_status":"open","ping_status":"closed","template":"","meta":{"_acf_changed":false,"inline_featured_image":false},"product_brand":[1421],"product_cat":[878],"product_tag":[],"class_list":{"0":"post-27156","1":"product","2":"type-product","3":"status-publish","4":"has-post-thumbnail","6":"product_brand-lifeventure","7":"product_cat-shelves-for-documents-and-phones","9":"first","10":"instock","11":"shipping-taxable","12":"purchasable","13":"product-type-simple"},"acf":[],"yoast_head":"<!-- This site is optimized with the Yoast SEO plugin v27.6 - https:\/\/yoast.com\/product\/yoast-seo-wordpress\/ -->\n<title>\u0413\u0435\u0440\u043c\u043e\u0447\u0435\u0445\u043e\u043b Lifeventure DriStore Waterproof Valuables Case - \u041c\u0430\u0433\u0430\u0437\u0438\u043d Xstyle<\/title>\n<meta name=\"description\" content=\"\u0413\u0435\u0440\u043c\u043e\u0447\u0435\u0445\u043e\u043b Lifeventure DriStore \u0437\u0430\u0449\u0438\u0449\u0430\u0435\u0442 \u0432\u0430\u0448\u0438 \u0446\u0435\u043d\u043d\u044b\u0435 \u0432\u0435\u0449\u0438 \u043e\u0442 \u0432\u043e\u0434\u044b \u043d\u0430 \u0433\u043b\u0443\u0431\u0438\u043d\u0435 \u0434\u043e 10 \u043c\u0435\u0442\u0440\u043e\u0432. \u041d\u0430\u0434\u0435\u0436\u043d\u044b\u0439 \u0438 \u0443\u0434\u043e\u0431\u043d\u044b\u0439, \u0438\u0434\u0435\u0430\u043b\u0435\u043d \u0434\u043b\u044f \u0430\u043a\u0442\u0438\u0432\u043d\u043e\u0433\u043e \u043e\u0442\u0434\u044b\u0445\u0430!\" \/>\n<meta name=\"robots\" content=\"noindex, follow, max-snippet:-1, max-image-preview:large, max-video-preview:-1\" \/>\n<meta property=\"og:locale\" content=\"ro_RO\" \/>\n<meta property=\"og:type\" content=\"article\" \/>\n<meta property=\"og:title\" content=\"\u0413\u0435\u0440\u043c\u043e\u0447\u0435\u0445\u043e\u043b Lifeventure DriStore Waterproof Valuables Case - \u041c\u0430\u0433\u0430\u0437\u0438\u043d Xstyle\" \/>\n<meta property=\"og:description\" content=\"\u0413\u0435\u0440\u043c\u043e\u0447\u0435\u0445\u043e\u043b Lifeventure DriStore \u0437\u0430\u0449\u0438\u0449\u0430\u0435\u0442 \u0432\u0430\u0448\u0438 \u0446\u0435\u043d\u043d\u044b\u0435 \u0432\u0435\u0449\u0438 \u043e\u0442 \u0432\u043e\u0434\u044b \u043d\u0430 \u0433\u043b\u0443\u0431\u0438\u043d\u0435 \u0434\u043e 10 \u043c\u0435\u0442\u0440\u043e\u0432. \u041d\u0430\u0434\u0435\u0436\u043d\u044b\u0439 \u0438 \u0443\u0434\u043e\u0431\u043d\u044b\u0439, \u0438\u0434\u0435\u0430\u043b\u0435\u043d \u0434\u043b\u044f \u0430\u043a\u0442\u0438\u0432\u043d\u043e\u0433\u043e \u043e\u0442\u0434\u044b\u0445\u0430!\" \/>\n<meta property=\"og:url\" content=\"https:\/\/dev.xstyle.md\/ro\/produs\/germochehol-lifeventure-dristore-waterproof-valuables-case\/\" \/>\n<meta property=\"og:site_name\" content=\"\u041c\u0430\u0433\u0430\u0437\u0438\u043d Xstyle\" \/>\n<meta property=\"article:publisher\" content=\"https:\/\/www.facebook.com\/xstylemd\" \/>\n<meta property=\"article:modified_time\" content=\"2025-10-02T16:01:57+00:00\" \/>\n<meta property=\"og:image\" content=\"https:\/\/dev.xstyle.md\/wp-content\/uploads\/2021\/04\/p_59230_lifeventure_lock_top_pouch.jpg\" \/>\n\t<meta property=\"og:image:width\" content=\"800\" \/>\n\t<meta property=\"og:image:height\" content=\"800\" \/>\n\t<meta property=\"og:image:type\" content=\"image\/jpeg\" \/>\n<meta name=\"twitter:card\" content=\"summary_large_image\" \/>\n<meta name=\"twitter:label1\" content=\"Pre\u021b\" \/>\n\t<meta name=\"twitter:data1\" content=\"165,00&nbsp;MDL\" \/>\n\t<meta name=\"twitter:label2\" content=\"Disponibilitate\" \/>\n\t<meta name=\"twitter:data2\" content=\"\u00cen stoc\" \/>\n<script type=\"application\/ld+json\" class=\"yoast-schema-graph\">{\"@context\":\"https:\\\/\\\/schema.org\",\"@graph\":[{\"@type\":\"WebPage\",\"@id\":\"https:\\\/\\\/dev.xstyle.md\\\/product\\\/germochehol-lifeventure-dristore-waterproof-valuables-case\\\/\",\"url\":\"https:\\\/\\\/dev.xstyle.md\\\/product\\\/germochehol-lifeventure-dristore-waterproof-valuables-case\\\/\",\"name\":\"\u0413\u0435\u0440\u043c\u043e\u0447\u0435\u0445\u043e\u043b Lifeventure DriStore Waterproof Valuables Case - \u041c\u0430\u0433\u0430\u0437\u0438\u043d Xstyle\",\"isPartOf\":{\"@id\":\"https:\\\/\\\/dev.xstyle.md\\\/#website\"},\"primaryImageOfPage\":{\"@id\":\"https:\\\/\\\/dev.xstyle.md\\\/product\\\/germochehol-lifeventure-dristore-waterproof-valuables-case\\\/#primaryimage\"},\"image\":{\"@id\":\"https:\\\/\\\/dev.xstyle.md\\\/product\\\/germochehol-lifeventure-dristore-waterproof-valuables-case\\\/#primaryimage\"},\"thumbnailUrl\":\"https:\\\/\\\/dev.xstyle.md\\\/wp-content\\\/uploads\\\/2021\\\/04\\\/p_59230_lifeventure_lock_top_pouch.jpg\",\"datePublished\":\"2021-01-11T13:22:20+00:00\",\"dateModified\":\"2025-10-02T16:01:57+00:00\",\"description\":\"\u0413\u0435\u0440\u043c\u043e\u0447\u0435\u0445\u043e\u043b Lifeventure DriStore \u0437\u0430\u0449\u0438\u0449\u0430\u0435\u0442 \u0432\u0430\u0448\u0438 \u0446\u0435\u043d\u043d\u044b\u0435 \u0432\u0435\u0449\u0438 \u043e\u0442 \u0432\u043e\u0434\u044b \u043d\u0430 \u0433\u043b\u0443\u0431\u0438\u043d\u0435 \u0434\u043e 10 \u043c\u0435\u0442\u0440\u043e\u0432. \u041d\u0430\u0434\u0435\u0436\u043d\u044b\u0439 \u0438 \u0443\u0434\u043e\u0431\u043d\u044b\u0439, \u0438\u0434\u0435\u0430\u043b\u0435\u043d \u0434\u043b\u044f \u0430\u043a\u0442\u0438\u0432\u043d\u043e\u0433\u043e \u043e\u0442\u0434\u044b\u0445\u0430!\",\"breadcrumb\":{\"@id\":\"https:\\\/\\\/dev.xstyle.md\\\/product\\\/germochehol-lifeventure-dristore-waterproof-valuables-case\\\/#breadcrumb\"},\"inLanguage\":\"ro-RO\",\"potentialAction\":[{\"@type\":\"ReadAction\",\"target\":[\"https:\\\/\\\/dev.xstyle.md\\\/product\\\/germochehol-lifeventure-dristore-waterproof-valuables-case\\\/\"]}]},{\"@type\":\"ImageObject\",\"inLanguage\":\"ro-RO\",\"@id\":\"https:\\\/\\\/dev.xstyle.md\\\/product\\\/germochehol-lifeventure-dristore-waterproof-valuables-case\\\/#primaryimage\",\"url\":\"https:\\\/\\\/dev.xstyle.md\\\/wp-content\\\/uploads\\\/2021\\\/04\\\/p_59230_lifeventure_lock_top_pouch.jpg\",\"contentUrl\":\"https:\\\/\\\/dev.xstyle.md\\\/wp-content\\\/uploads\\\/2021\\\/04\\\/p_59230_lifeventure_lock_top_pouch.jpg\",\"width\":800,\"height\":800},{\"@type\":\"BreadcrumbList\",\"@id\":\"https:\\\/\\\/dev.xstyle.md\\\/product\\\/germochehol-lifeventure-dristore-waterproof-valuables-case\\\/#breadcrumb\",\"itemListElement\":[{\"@type\":\"ListItem\",\"position\":1,\"name\":\"\u0413\u043b\u0430\u0432\u043d\u0430\u044f \u0441\u0442\u0440\u0430\u043d\u0438\u0446\u0430\",\"item\":\"https:\\\/\\\/dev.xstyle.md\\\/\"},{\"@type\":\"ListItem\",\"position\":2,\"name\":\"Shop\",\"item\":\"https:\\\/\\\/dev.xstyle.md\\\/shop\\\/\"},{\"@type\":\"ListItem\",\"position\":3,\"name\":\"\u0413\u0435\u0440\u043c\u043e\u0447\u0435\u0445\u043e\u043b Lifeventure DriStore Waterproof Valuables Case\"}]},{\"@type\":\"WebSite\",\"@id\":\"https:\\\/\\\/dev.xstyle.md\\\/#website\",\"url\":\"https:\\\/\\\/dev.xstyle.md\\\/\",\"name\":\"\u041c\u0430\u0433\u0430\u0437\u0438\u043d Xstyle\",\"description\":\"C\u043d\u0430\u0440\u044f\u0436\u0435\u043d\u0438\u0435 \u0434\u043b\u044f \u0442\u0443\u0440\u0438\u0437\u043c\u0430 \u0438 \u044d\u043a\u0441\u0442\u0440\u0435\u043c\u0430\u043b\u044c\u043d\u044b\u0445 \u0432\u0438\u0434\u043e\u0432 \u0441\u043f\u043e\u0440\u0442\u0430 \u0432 \u041c\u043e\u043b\u0434\u043e\u0432\u0435.. \u0426\u0435\u043d\u044b, \u0444\u043e\u0442\u043e, \u0445\u0430\u0440\u0430\u043a\u0442\u0435\u0440\u0438\u0441\u0442\u0438\u043a\u0438 \u0432 \u041c\u043e\u043b\u0434\u043e\u0432\u0435.\",\"publisher\":{\"@id\":\"https:\\\/\\\/dev.xstyle.md\\\/#organization\"},\"alternateName\":\"X-Style\",\"potentialAction\":[{\"@type\":\"SearchAction\",\"target\":{\"@type\":\"EntryPoint\",\"urlTemplate\":\"https:\\\/\\\/dev.xstyle.md\\\/?s={search_term_string}\"},\"query-input\":{\"@type\":\"PropertyValueSpecification\",\"valueRequired\":true,\"valueName\":\"search_term_string\"}}],\"inLanguage\":\"ro-RO\"},{\"@type\":\"Organization\",\"@id\":\"https:\\\/\\\/dev.xstyle.md\\\/#organization\",\"name\":\"\u041c\u0430\u0433\u0430\u0437\u0438\u043d Xstyle\",\"alternateName\":\"x-style\",\"url\":\"https:\\\/\\\/dev.xstyle.md\\\/\",\"logo\":{\"@type\":\"ImageObject\",\"inLanguage\":\"ro-RO\",\"@id\":\"https:\\\/\\\/dev.xstyle.md\\\/#\\\/schema\\\/logo\\\/image\\\/\",\"url\":\"https:\\\/\\\/dev.xstyle.md\\\/wp-content\\\/uploads\\\/2020\\\/06\\\/logoicon.svg\",\"contentUrl\":\"https:\\\/\\\/dev.xstyle.md\\\/wp-content\\\/uploads\\\/2020\\\/06\\\/logoicon.svg\",\"caption\":\"\u041c\u0430\u0433\u0430\u0437\u0438\u043d Xstyle\"},\"image\":{\"@id\":\"https:\\\/\\\/dev.xstyle.md\\\/#\\\/schema\\\/logo\\\/image\\\/\"},\"sameAs\":[\"https:\\\/\\\/www.facebook.com\\\/xstylemd\",\"https:\\\/\\\/www.instagram.com\\\/xstyle_md\\\/\",\"https:\\\/\\\/t.me\\\/xstyle_outdoor\"],\"hasMerchantReturnPolicy\":{\"@type\":\"MerchantReturnPolicy\",\"merchantReturnLink\":\"https:\\\/\\\/dev.xstyle.md\\\/ro\\\/conditions\\\/\"}}]}<\/script>\n<meta property=\"product:price:amount\" content=\"165.00\" \/>\n<meta property=\"product:price:currency\" content=\"MDL\" \/>\n<meta property=\"og:availability\" content=\"instock\" \/>\n<meta property=\"product:availability\" content=\"instock\" \/>\n<meta property=\"product:retailer_item_id\" content=\"5031863592307\" \/>\n<meta property=\"product:condition\" content=\"new\" \/>\n<!-- \/ Yoast SEO plugin. -->","yoast_head_json":{"title":"Husa ermetica Lifeventure DriStore Waterproof Valuables Case - Magazin Xstyle","description":"Geanta impermeabil\u0103 Lifeventure DriStore protejeaz\u0103 bunurile dumneavoastr\u0103 de ap\u0103 la ad\u00e2ncimi de p\u00e2n\u0103 la 10 metri. Fiabil\u0103 \u0219i comod\u0103, ideal\u0103 pentru activit\u0103\u021bi \u00een aer liber!","robots":{"index":"noindex","follow":"follow","max-snippet":"max-snippet:-1","max-image-preview":"max-image-preview:large","max-video-preview":"max-video-preview:-1"},"og_locale":"ro_RO","og_type":"article","og_title":"\u0413\u0435\u0440\u043c\u043e\u0447\u0435\u0445\u043e\u043b Lifeventure DriStore Waterproof Valuables Case - \u041c\u0430\u0433\u0430\u0437\u0438\u043d Xstyle","og_description":"\u0413\u0435\u0440\u043c\u043e\u0447\u0435\u0445\u043e\u043b Lifeventure DriStore \u0437\u0430\u0449\u0438\u0449\u0430\u0435\u0442 \u0432\u0430\u0448\u0438 \u0446\u0435\u043d\u043d\u044b\u0435 \u0432\u0435\u0449\u0438 \u043e\u0442 \u0432\u043e\u0434\u044b \u043d\u0430 \u0433\u043b\u0443\u0431\u0438\u043d\u0435 \u0434\u043e 10 \u043c\u0435\u0442\u0440\u043e\u0432. \u041d\u0430\u0434\u0435\u0436\u043d\u044b\u0439 \u0438 \u0443\u0434\u043e\u0431\u043d\u044b\u0439, \u0438\u0434\u0435\u0430\u043b\u0435\u043d \u0434\u043b\u044f \u0430\u043a\u0442\u0438\u0432\u043d\u043e\u0433\u043e \u043e\u0442\u0434\u044b\u0445\u0430!","og_url":"https:\/\/dev.xstyle.md\/ro\/produs\/germochehol-lifeventure-dristore-waterproof-valuables-case\/","og_site_name":"\u041c\u0430\u0433\u0430\u0437\u0438\u043d Xstyle","article_publisher":"https:\/\/www.facebook.com\/xstylemd","article_modified_time":"2025-10-02T16:01:57+00:00","og_image":[{"width":800,"height":800,"url":"https:\/\/dev.xstyle.md\/wp-content\/uploads\/2021\/04\/p_59230_lifeventure_lock_top_pouch.jpg","type":"image\/jpeg"}],"twitter_card":"summary_large_image","twitter_misc":{"Pre\u021b":"165,00&nbsp;MDL","Disponibilitate":"\u00cen stoc"},"schema":{"@context":"https:\/\/schema.org","@graph":[{"@type":"WebPage","@id":"https:\/\/dev.xstyle.md\/product\/germochehol-lifeventure-dristore-waterproof-valuables-case\/","url":"https:\/\/dev.xstyle.md\/product\/germochehol-lifeventure-dristore-waterproof-valuables-case\/","name":"Husa ermetica Lifeventure DriStore Waterproof Valuables Case - Magazin Xstyle","isPartOf":{"@id":"https:\/\/dev.xstyle.md\/#website"},"primaryImageOfPage":{"@id":"https:\/\/dev.xstyle.md\/product\/germochehol-lifeventure-dristore-waterproof-valuables-case\/#primaryimage"},"image":{"@id":"https:\/\/dev.xstyle.md\/product\/germochehol-lifeventure-dristore-waterproof-valuables-case\/#primaryimage"},"thumbnailUrl":"https:\/\/dev.xstyle.md\/wp-content\/uploads\/2021\/04\/p_59230_lifeventure_lock_top_pouch.jpg","datePublished":"2021-01-11T13:22:20+00:00","dateModified":"2025-10-02T16:01:57+00:00","description":"Geanta impermeabil\u0103 Lifeventure DriStore protejeaz\u0103 bunurile dumneavoastr\u0103 de ap\u0103 la ad\u00e2ncimi de p\u00e2n\u0103 la 10 metri. Fiabil\u0103 \u0219i comod\u0103, ideal\u0103 pentru activit\u0103\u021bi \u00een aer liber!","breadcrumb":{"@id":"https:\/\/dev.xstyle.md\/product\/germochehol-lifeventure-dristore-waterproof-valuables-case\/#breadcrumb"},"inLanguage":"ro-RO","potentialAction":[{"@type":"ReadAction","target":["https:\/\/dev.xstyle.md\/product\/germochehol-lifeventure-dristore-waterproof-valuables-case\/"]}]},{"@type":"ImageObject","inLanguage":"ro-RO","@id":"https:\/\/dev.xstyle.md\/product\/germochehol-lifeventure-dristore-waterproof-valuables-case\/#primaryimage","url":"https:\/\/dev.xstyle.md\/wp-content\/uploads\/2021\/04\/p_59230_lifeventure_lock_top_pouch.jpg","contentUrl":"https:\/\/dev.xstyle.md\/wp-content\/uploads\/2021\/04\/p_59230_lifeventure_lock_top_pouch.jpg","width":800,"height":800},{"@type":"BreadcrumbList","@id":"https:\/\/dev.xstyle.md\/product\/germochehol-lifeventure-dristore-waterproof-valuables-case\/#breadcrumb","itemListElement":[{"@type":"ListItem","position":1,"name":"\u0413\u043b\u0430\u0432\u043d\u0430\u044f \u0441\u0442\u0440\u0430\u043d\u0438\u0446\u0430","item":"https:\/\/dev.xstyle.md\/"},{"@type":"ListItem","position":2,"name":"Shop","item":"https:\/\/dev.xstyle.md\/shop\/"},{"@type":"ListItem","position":3,"name":"\u0413\u0435\u0440\u043c\u043e\u0447\u0435\u0445\u043e\u043b Lifeventure DriStore Waterproof Valuables Case"}]},{"@type":"WebSite","@id":"https:\/\/dev.xstyle.md\/#website","url":"https:\/\/dev.xstyle.md\/","name":"Magazinul X-Style","description":"Echipamente pentru turism \u0219i sporturi extreme \u00een Moldova. Pre\u021buri, fotografii, caracteristici \u00een Moldova.","publisher":{"@id":"https:\/\/dev.xstyle.md\/#organization"},"alternateName":"X-Style","potentialAction":[{"@type":"SearchAction","target":{"@type":"EntryPoint","urlTemplate":"https:\/\/dev.xstyle.md\/?s={search_term_string}"},"query-input":{"@type":"PropertyValueSpecification","valueRequired":true,"valueName":"search_term_string"}}],"inLanguage":"ro-RO"},{"@type":"Organization","@id":"https:\/\/dev.xstyle.md\/#organization","name":"Magazinul X-Style","alternateName":"x-style","url":"https:\/\/dev.xstyle.md\/","logo":{"@type":"ImageObject","inLanguage":"ro-RO","@id":"https:\/\/dev.xstyle.md\/#\/schema\/logo\/image\/","url":"https:\/\/dev.xstyle.md\/wp-content\/uploads\/2020\/06\/logoicon.svg","contentUrl":"https:\/\/dev.xstyle.md\/wp-content\/uploads\/2020\/06\/logoicon.svg","caption":"\u041c\u0430\u0433\u0430\u0437\u0438\u043d Xstyle"},"image":{"@id":"https:\/\/dev.xstyle.md\/#\/schema\/logo\/image\/"},"sameAs":["https:\/\/www.facebook.com\/xstylemd","https:\/\/www.instagram.com\/xstyle_md\/","https:\/\/t.me\/xstyle_outdoor"],"hasMerchantReturnPolicy":{"@type":"MerchantReturnPolicy","merchantReturnLink":"https:\/\/dev.xstyle.md\/ro\/conditions\/"}}]},"product_price_amount":"165.00","product_price_currency":"MDL","og_availability":"instock","product_availability":"instock","product_retailer_item_id":"5031863592307","product_condition":"new"},"post_mailing_queue_ids":[],"_links":{"self":[{"href":"https:\/\/dev.xstyle.md\/ro\/wp-json\/wp\/v2\/product\/27156","targetHints":{"allow":["GET"]}}],"collection":[{"href":"https:\/\/dev.xstyle.md\/ro\/wp-json\/wp\/v2\/product"}],"about":[{"href":"https:\/\/dev.xstyle.md\/ro\/wp-json\/wp\/v2\/types\/product"}],"replies":[{"embeddable":true,"href":"https:\/\/dev.xstyle.md\/ro\/wp-json\/wp\/v2\/comments?post=27156"}],"version-history":[{"count":0,"href":"https:\/\/dev.xstyle.md\/ro\/wp-json\/wp\/v2\/product\/27156\/revisions"}],"wp:featuredmedia":[{"embeddable":true,"href":"https:\/\/dev.xstyle.md\/ro\/wp-json\/wp\/v2\/media\/28882"}],"wp:attachment":[{"href":"https:\/\/dev.xstyle.md\/ro\/wp-json\/wp\/v2\/media?parent=27156"}],"wp:term":[{"taxonomy":"product_brand","embeddable":true,"href":"https:\/\/dev.xstyle.md\/ro\/wp-json\/wp\/v2\/product_brand?post=27156"},{"taxonomy":"product_cat","embeddable":true,"href":"https:\/\/dev.xstyle.md\/ro\/wp-json\/wp\/v2\/product_cat?post=27156"},{"taxonomy":"product_tag","embeddable":true,"href":"https:\/\/dev.xstyle.md\/ro\/wp-json\/wp\/v2\/product_tag?post=27156"}],"curies":[{"name":"wp","href":"https:\/\/api.w.org\/{rel}","templated":true}]}}