{"id":26953,"date":"2021-01-11T16:20:45","date_gmt":"2021-01-11T13:20:45","guid":{"rendered":"https:\/\/xstyle.md\/product\/holodilnik-mobicool-mcf40\/"},"modified":"2026-03-20T19:36:36","modified_gmt":"2026-03-20T16:36:36","slug":"holodilnik-mobicool-mcf40","status":"publish","type":"product","link":"https:\/\/dev.xstyle.md\/ro\/produs\/holodilnik-mobicool-mcf40\/","title":{"rendered":"Frigider Mobicool MCF40"},"content":{"rendered":"<\/p>\n<p><strong>Frigider Mobicool MCF40<\/strong> \u2013 frigider cu compresor fabricat din plastic rezistent ce are dimensiuni compacte. Capacitatea total\u0103 a frigiderului este de 38 de litri. Compresorul sigilat complet asigur\u0103 o r\u0103cire extrem de eficient\u0103. Temperatura de operare este cuprins\u0103 \u00eentre -10 \u0219i +10 grade Celsius.<\/p>\n<p>Acest frigider auto este conceput pentru a r\u0103ci produsele \u0219i a le p\u0103stra la frigider, precum \u0219i pentru \u00eenghe\u021barea profund\u0103. R\u0103cirea este asigurat\u0103 de un compresor f\u0103r\u0103 \u00eentre\u021binere.<\/p>\n<p>C\u00e2nd este folosit pe b\u0103rc\u0103 sau luntre , frigiderul auto poate fi \u00eenclinat sub unghiul de 30 \u00b0.<\/p>\n<p>Frigiderul MobiCool MCF60 are un mod turbo pentru r\u0103cirea rapid\u0103.<\/p>\n<p>Are un afi\u0219aj digital cu indica\u021bie de temperatur\u0103, putere 12\/24\/220 V, m\u00e2nere pentru transportare \u0219i o siguran\u021b\u0103 a bateriei (se stinge automat c\u00e2nd tensiunea bateriei este sc\u0103zut\u0103).<\/p>\n<p>Linia inovatoare MCF de Mobicool pentru frigidere auto este o solu\u021bie practic\u0103, elegant\u0103 \u0219i eficient\u0103 la problemele asociate cu transportul \u0219i depozitarea diverselor produse, medicamente \u0219i produse cosmetice, atunci c\u00e2nd c\u0103l\u0103tore\u0219ti cu ma\u0219ina sau \u00een excursii. Frigiderele din aceast\u0103 serie au o carcas\u0103 puternic\u0103; designul ergonomic asigur\u0103 confort ridicat \u00een timpul utiliz\u0103rii.<\/p>\n<h3>\u00a0Specifica\u021bii<\/h3>\n<ul>\n<li>Spa\u021biu de depozitare pentru sticle de 1 litru \u00een pozi\u021bie vertical\u0103.<\/li>\n<li>Compresor puternic, complet sigilat \u0219i compact cu electronic\u0103 de control integrat\u0103.<\/li>\n<li>Design compact.<\/li>\n<li>Iluminare interioar\u0103 cu LED pentru utilizare \u00een \u00eentuneric.<\/li>\n<li>Interval de temperatur\u0103 reglabil: de la +10 la \u201310 \u00b0 C, valoarea este indicat\u0103 pe afi\u0219ajul digital.<\/li>\n<li>Acces u\u0219or datorit\u0103 capacului deta\u0219abil.<\/li>\n<\/ul>\n<h3>\u00a0Caracteristici<\/h3>\n<ul>\n<li>Mod de operare: r\u0103cire, \u00eenghe\u021b.<\/li>\n<li>Interval de temperatur\u0103: +10 p\u00e2n\u0103 la -10 \u00b0 C.<\/li>\n<li>Dimensiuni: 446 x 584 x 365 mm.<\/li>\n<li>Alimentare: 24\/12\/220 V.<\/li>\n<li>Volumul: 38 L<\/li>\n<li>Greutate: 12kg.<\/li>\n<li>Culoare albastr\u0103.<\/li>\n<\/ul>\n<p><\/p>","protected":false},"excerpt":{"rendered":"<p>Frigider Mobicool MCF40<\/p>","protected":false},"featured_media":28321,"comment_status":"open","ping_status":"closed","template":"","meta":{"_acf_changed":false,"inline_featured_image":false},"product_brand":[1478],"product_cat":[551],"product_tag":[],"class_list":{"0":"post-26953","1":"product","2":"type-product","3":"status-publish","4":"has-post-thumbnail","6":"product_brand-mobicool","7":"product_cat-compressor-refrigerators","9":"first","10":"instock","11":"shipping-taxable","12":"purchasable","13":"product-type-simple"},"acf":[],"yoast_head":"<!-- This site is optimized with the Yoast SEO plugin v27.4 - https:\/\/yoast.com\/product\/yoast-seo-wordpress\/ -->\n<title>\u0425\u043e\u043b\u043e\u0434\u0438\u043b\u044c\u043d\u0438\u043a Mobicool MCF40 - \u041c\u0430\u0433\u0430\u0437\u0438\u043d Xstyle<\/title>\n<meta name=\"description\" content=\"\u041a\u0443\u043f\u0438\u0442\u0435 \u0445\u043e\u043b\u043e\u0434\u0438\u043b\u044c\u043d\u0438\u043a Mobicool MCF40 \u043e\u0431\u044a\u0435\u043c\u043e\u043c 38 \u043b\u0438\u0442\u0440\u043e\u0432 \u0441 \u043c\u043e\u0449\u043d\u044b\u043c \u043a\u043e\u043c\u043f\u0440\u0435\u0441\u0441\u043e\u0440\u043e\u043c. \u041a\u043e\u043c\u043f\u0430\u043a\u0442\u043d\u044b\u0439 \u0438 \u044d\u0444\u0444\u0435\u043a\u0442\u0438\u0432\u043d\u044b\u0439, \u0438\u0434\u0435\u0430\u043b\u044c\u043d\u043e \u043f\u043e\u0434\u0445\u043e\u0434\u0438\u0442 \u0434\u043b\u044f \u043f\u043e\u0435\u0437\u0434\u043e\u043a \u0438 \u0430\u043a\u0442\u0438\u0432\u043d\u043e\u0433\u043e \u043e\u0442\u0434\u044b\u0445\u0430.\" \/>\n<meta name=\"robots\" content=\"noindex, follow, max-snippet:-1, max-image-preview:large, max-video-preview:-1\" \/>\n<meta property=\"og:locale\" content=\"ro_RO\" \/>\n<meta property=\"og:type\" content=\"article\" \/>\n<meta property=\"og:title\" content=\"\u0425\u043e\u043b\u043e\u0434\u0438\u043b\u044c\u043d\u0438\u043a Mobicool MCF40 - \u041c\u0430\u0433\u0430\u0437\u0438\u043d Xstyle\" \/>\n<meta property=\"og:description\" content=\"\u041a\u0443\u043f\u0438\u0442\u0435 \u0445\u043e\u043b\u043e\u0434\u0438\u043b\u044c\u043d\u0438\u043a Mobicool MCF40 \u043e\u0431\u044a\u0435\u043c\u043e\u043c 38 \u043b\u0438\u0442\u0440\u043e\u0432 \u0441 \u043c\u043e\u0449\u043d\u044b\u043c \u043a\u043e\u043c\u043f\u0440\u0435\u0441\u0441\u043e\u0440\u043e\u043c. \u041a\u043e\u043c\u043f\u0430\u043a\u0442\u043d\u044b\u0439 \u0438 \u044d\u0444\u0444\u0435\u043a\u0442\u0438\u0432\u043d\u044b\u0439, \u0438\u0434\u0435\u0430\u043b\u044c\u043d\u043e \u043f\u043e\u0434\u0445\u043e\u0434\u0438\u0442 \u0434\u043b\u044f \u043f\u043e\u0435\u0437\u0434\u043e\u043a \u0438 \u0430\u043a\u0442\u0438\u0432\u043d\u043e\u0433\u043e \u043e\u0442\u0434\u044b\u0445\u0430.\" \/>\n<meta property=\"og:url\" content=\"https:\/\/dev.xstyle.md\/ro\/produs\/holodilnik-mobicool-mcf40\/\" \/>\n<meta property=\"og:site_name\" content=\"\u041c\u0430\u0433\u0430\u0437\u0438\u043d Xstyle\" \/>\n<meta property=\"article:publisher\" content=\"https:\/\/www.facebook.com\/xstylemd\" \/>\n<meta property=\"article:modified_time\" content=\"2026-03-20T16:36:36+00:00\" \/>\n<meta property=\"og:image\" content=\"https:\/\/dev.xstyle.md\/wp-content\/uploads\/2021\/04\/40.png\" \/>\n\t<meta property=\"og:image:width\" content=\"580\" \/>\n\t<meta property=\"og:image:height\" content=\"580\" \/>\n\t<meta property=\"og:image:type\" content=\"image\/png\" \/>\n<meta name=\"twitter:card\" content=\"summary_large_image\" \/>\n<meta name=\"twitter:label1\" content=\"Pre\u021b\" \/>\n\t<meta name=\"twitter:data1\" content=\"10.900,00&nbsp;MDL\" \/>\n\t<meta name=\"twitter:label2\" content=\"Disponibilitate\" \/>\n\t<meta name=\"twitter:data2\" content=\"\u00cen stoc\" \/>\n<script type=\"application\/ld+json\" class=\"yoast-schema-graph\">{\"@context\":\"https:\\\/\\\/schema.org\",\"@graph\":[{\"@type\":\"WebPage\",\"@id\":\"https:\\\/\\\/dev.xstyle.md\\\/product\\\/holodilnik-mobicool-mcf40\\\/\",\"url\":\"https:\\\/\\\/dev.xstyle.md\\\/product\\\/holodilnik-mobicool-mcf40\\\/\",\"name\":\"\u0425\u043e\u043b\u043e\u0434\u0438\u043b\u044c\u043d\u0438\u043a Mobicool MCF40 - \u041c\u0430\u0433\u0430\u0437\u0438\u043d Xstyle\",\"isPartOf\":{\"@id\":\"https:\\\/\\\/dev.xstyle.md\\\/#website\"},\"primaryImageOfPage\":{\"@id\":\"https:\\\/\\\/dev.xstyle.md\\\/product\\\/holodilnik-mobicool-mcf40\\\/#primaryimage\"},\"image\":{\"@id\":\"https:\\\/\\\/dev.xstyle.md\\\/product\\\/holodilnik-mobicool-mcf40\\\/#primaryimage\"},\"thumbnailUrl\":\"https:\\\/\\\/dev.xstyle.md\\\/wp-content\\\/uploads\\\/2021\\\/04\\\/40.png\",\"datePublished\":\"2021-01-11T13:20:45+00:00\",\"dateModified\":\"2026-03-20T16:36:36+00:00\",\"description\":\"\u041a\u0443\u043f\u0438\u0442\u0435 \u0445\u043e\u043b\u043e\u0434\u0438\u043b\u044c\u043d\u0438\u043a Mobicool MCF40 \u043e\u0431\u044a\u0435\u043c\u043e\u043c 38 \u043b\u0438\u0442\u0440\u043e\u0432 \u0441 \u043c\u043e\u0449\u043d\u044b\u043c \u043a\u043e\u043c\u043f\u0440\u0435\u0441\u0441\u043e\u0440\u043e\u043c. \u041a\u043e\u043c\u043f\u0430\u043a\u0442\u043d\u044b\u0439 \u0438 \u044d\u0444\u0444\u0435\u043a\u0442\u0438\u0432\u043d\u044b\u0439, \u0438\u0434\u0435\u0430\u043b\u044c\u043d\u043e \u043f\u043e\u0434\u0445\u043e\u0434\u0438\u0442 \u0434\u043b\u044f \u043f\u043e\u0435\u0437\u0434\u043e\u043a \u0438 \u0430\u043a\u0442\u0438\u0432\u043d\u043e\u0433\u043e \u043e\u0442\u0434\u044b\u0445\u0430.\",\"breadcrumb\":{\"@id\":\"https:\\\/\\\/dev.xstyle.md\\\/product\\\/holodilnik-mobicool-mcf40\\\/#breadcrumb\"},\"inLanguage\":\"ro-RO\",\"potentialAction\":[{\"@type\":\"ReadAction\",\"target\":[\"https:\\\/\\\/dev.xstyle.md\\\/product\\\/holodilnik-mobicool-mcf40\\\/\"]}]},{\"@type\":\"ImageObject\",\"inLanguage\":\"ro-RO\",\"@id\":\"https:\\\/\\\/dev.xstyle.md\\\/product\\\/holodilnik-mobicool-mcf40\\\/#primaryimage\",\"url\":\"https:\\\/\\\/dev.xstyle.md\\\/wp-content\\\/uploads\\\/2021\\\/04\\\/40.png\",\"contentUrl\":\"https:\\\/\\\/dev.xstyle.md\\\/wp-content\\\/uploads\\\/2021\\\/04\\\/40.png\",\"width\":580,\"height\":580},{\"@type\":\"BreadcrumbList\",\"@id\":\"https:\\\/\\\/dev.xstyle.md\\\/product\\\/holodilnik-mobicool-mcf40\\\/#breadcrumb\",\"itemListElement\":[{\"@type\":\"ListItem\",\"position\":1,\"name\":\"\u0413\u043b\u0430\u0432\u043d\u0430\u044f \u0441\u0442\u0440\u0430\u043d\u0438\u0446\u0430\",\"item\":\"https:\\\/\\\/dev.xstyle.md\\\/\"},{\"@type\":\"ListItem\",\"position\":2,\"name\":\"Shop\",\"item\":\"https:\\\/\\\/dev.xstyle.md\\\/shop\\\/\"},{\"@type\":\"ListItem\",\"position\":3,\"name\":\"\u0425\u043e\u043b\u043e\u0434\u0438\u043b\u044c\u043d\u0438\u043a Mobicool MCF40\"}]},{\"@type\":\"WebSite\",\"@id\":\"https:\\\/\\\/dev.xstyle.md\\\/#website\",\"url\":\"https:\\\/\\\/dev.xstyle.md\\\/\",\"name\":\"\u041c\u0430\u0433\u0430\u0437\u0438\u043d Xstyle\",\"description\":\"C\u043d\u0430\u0440\u044f\u0436\u0435\u043d\u0438\u0435 \u0434\u043b\u044f \u0442\u0443\u0440\u0438\u0437\u043c\u0430 \u0438 \u044d\u043a\u0441\u0442\u0440\u0435\u043c\u0430\u043b\u044c\u043d\u044b\u0445 \u0432\u0438\u0434\u043e\u0432 \u0441\u043f\u043e\u0440\u0442\u0430 \u0432 \u041c\u043e\u043b\u0434\u043e\u0432\u0435.. \u0426\u0435\u043d\u044b, \u0444\u043e\u0442\u043e, \u0445\u0430\u0440\u0430\u043a\u0442\u0435\u0440\u0438\u0441\u0442\u0438\u043a\u0438 \u0432 \u041c\u043e\u043b\u0434\u043e\u0432\u0435.\",\"publisher\":{\"@id\":\"https:\\\/\\\/dev.xstyle.md\\\/#organization\"},\"alternateName\":\"X-Style\",\"potentialAction\":[{\"@type\":\"SearchAction\",\"target\":{\"@type\":\"EntryPoint\",\"urlTemplate\":\"https:\\\/\\\/dev.xstyle.md\\\/?s={search_term_string}\"},\"query-input\":{\"@type\":\"PropertyValueSpecification\",\"valueRequired\":true,\"valueName\":\"search_term_string\"}}],\"inLanguage\":\"ro-RO\"},{\"@type\":\"Organization\",\"@id\":\"https:\\\/\\\/dev.xstyle.md\\\/#organization\",\"name\":\"\u041c\u0430\u0433\u0430\u0437\u0438\u043d Xstyle\",\"alternateName\":\"x-style\",\"url\":\"https:\\\/\\\/dev.xstyle.md\\\/\",\"logo\":{\"@type\":\"ImageObject\",\"inLanguage\":\"ro-RO\",\"@id\":\"https:\\\/\\\/dev.xstyle.md\\\/#\\\/schema\\\/logo\\\/image\\\/\",\"url\":\"https:\\\/\\\/dev.xstyle.md\\\/wp-content\\\/uploads\\\/2020\\\/06\\\/logoicon.svg\",\"contentUrl\":\"https:\\\/\\\/dev.xstyle.md\\\/wp-content\\\/uploads\\\/2020\\\/06\\\/logoicon.svg\",\"caption\":\"\u041c\u0430\u0433\u0430\u0437\u0438\u043d Xstyle\"},\"image\":{\"@id\":\"https:\\\/\\\/dev.xstyle.md\\\/#\\\/schema\\\/logo\\\/image\\\/\"},\"sameAs\":[\"https:\\\/\\\/www.facebook.com\\\/xstylemd\",\"https:\\\/\\\/www.instagram.com\\\/xstyle_md\\\/\",\"https:\\\/\\\/t.me\\\/xstyle_outdoor\"],\"hasMerchantReturnPolicy\":{\"@type\":\"MerchantReturnPolicy\",\"merchantReturnLink\":\"https:\\\/\\\/dev.xstyle.md\\\/ro\\\/conditions\\\/\"}}]}<\/script>\n<meta property=\"product:price:amount\" content=\"10900.00\" \/>\n<meta property=\"product:price:currency\" content=\"MDL\" \/>\n<meta property=\"og:availability\" content=\"instock\" \/>\n<meta property=\"product:availability\" content=\"instock\" \/>\n<meta property=\"product:retailer_item_id\" content=\"4015704275988\" \/>\n<meta property=\"product:condition\" content=\"new\" \/>\n<!-- \/ Yoast SEO plugin. -->","yoast_head_json":{"title":"Frigider Mobicool MCF40 - Magazin Xstyle","description":"Cump\u0103ra\u021bi un frigider Mobicool MCF40 cu un volum de 38 de litri, dotat cu un compresor puternic. Compact \u0219i eficient, ideal pentru c\u0103l\u0103torii \u0219i activit\u0103\u021bi \u00een aer liber.","robots":{"index":"noindex","follow":"follow","max-snippet":"max-snippet:-1","max-image-preview":"max-image-preview:large","max-video-preview":"max-video-preview:-1"},"og_locale":"ro_RO","og_type":"article","og_title":"\u0425\u043e\u043b\u043e\u0434\u0438\u043b\u044c\u043d\u0438\u043a Mobicool MCF40 - \u041c\u0430\u0433\u0430\u0437\u0438\u043d Xstyle","og_description":"\u041a\u0443\u043f\u0438\u0442\u0435 \u0445\u043e\u043b\u043e\u0434\u0438\u043b\u044c\u043d\u0438\u043a Mobicool MCF40 \u043e\u0431\u044a\u0435\u043c\u043e\u043c 38 \u043b\u0438\u0442\u0440\u043e\u0432 \u0441 \u043c\u043e\u0449\u043d\u044b\u043c \u043a\u043e\u043c\u043f\u0440\u0435\u0441\u0441\u043e\u0440\u043e\u043c. \u041a\u043e\u043c\u043f\u0430\u043a\u0442\u043d\u044b\u0439 \u0438 \u044d\u0444\u0444\u0435\u043a\u0442\u0438\u0432\u043d\u044b\u0439, \u0438\u0434\u0435\u0430\u043b\u044c\u043d\u043e \u043f\u043e\u0434\u0445\u043e\u0434\u0438\u0442 \u0434\u043b\u044f \u043f\u043e\u0435\u0437\u0434\u043e\u043a \u0438 \u0430\u043a\u0442\u0438\u0432\u043d\u043e\u0433\u043e \u043e\u0442\u0434\u044b\u0445\u0430.","og_url":"https:\/\/dev.xstyle.md\/ro\/produs\/holodilnik-mobicool-mcf40\/","og_site_name":"\u041c\u0430\u0433\u0430\u0437\u0438\u043d Xstyle","article_publisher":"https:\/\/www.facebook.com\/xstylemd","article_modified_time":"2026-03-20T16:36:36+00:00","og_image":[{"width":580,"height":580,"url":"https:\/\/dev.xstyle.md\/wp-content\/uploads\/2021\/04\/40.png","type":"image\/png"}],"twitter_card":"summary_large_image","twitter_misc":{"Pre\u021b":"10.900,00&nbsp;MDL","Disponibilitate":"\u00cen stoc"},"schema":{"@context":"https:\/\/schema.org","@graph":[{"@type":"WebPage","@id":"https:\/\/dev.xstyle.md\/product\/holodilnik-mobicool-mcf40\/","url":"https:\/\/dev.xstyle.md\/product\/holodilnik-mobicool-mcf40\/","name":"Frigider Mobicool MCF40 - Magazin Xstyle","isPartOf":{"@id":"https:\/\/dev.xstyle.md\/#website"},"primaryImageOfPage":{"@id":"https:\/\/dev.xstyle.md\/product\/holodilnik-mobicool-mcf40\/#primaryimage"},"image":{"@id":"https:\/\/dev.xstyle.md\/product\/holodilnik-mobicool-mcf40\/#primaryimage"},"thumbnailUrl":"https:\/\/dev.xstyle.md\/wp-content\/uploads\/2021\/04\/40.png","datePublished":"2021-01-11T13:20:45+00:00","dateModified":"2026-03-20T16:36:36+00:00","description":"Cump\u0103ra\u021bi un frigider Mobicool MCF40 cu un volum de 38 de litri, dotat cu un compresor puternic. Compact \u0219i eficient, ideal pentru c\u0103l\u0103torii \u0219i activit\u0103\u021bi \u00een aer liber.","breadcrumb":{"@id":"https:\/\/dev.xstyle.md\/product\/holodilnik-mobicool-mcf40\/#breadcrumb"},"inLanguage":"ro-RO","potentialAction":[{"@type":"ReadAction","target":["https:\/\/dev.xstyle.md\/product\/holodilnik-mobicool-mcf40\/"]}]},{"@type":"ImageObject","inLanguage":"ro-RO","@id":"https:\/\/dev.xstyle.md\/product\/holodilnik-mobicool-mcf40\/#primaryimage","url":"https:\/\/dev.xstyle.md\/wp-content\/uploads\/2021\/04\/40.png","contentUrl":"https:\/\/dev.xstyle.md\/wp-content\/uploads\/2021\/04\/40.png","width":580,"height":580},{"@type":"BreadcrumbList","@id":"https:\/\/dev.xstyle.md\/product\/holodilnik-mobicool-mcf40\/#breadcrumb","itemListElement":[{"@type":"ListItem","position":1,"name":"\u0413\u043b\u0430\u0432\u043d\u0430\u044f \u0441\u0442\u0440\u0430\u043d\u0438\u0446\u0430","item":"https:\/\/dev.xstyle.md\/"},{"@type":"ListItem","position":2,"name":"Shop","item":"https:\/\/dev.xstyle.md\/shop\/"},{"@type":"ListItem","position":3,"name":"\u0425\u043e\u043b\u043e\u0434\u0438\u043b\u044c\u043d\u0438\u043a Mobicool MCF40"}]},{"@type":"WebSite","@id":"https:\/\/dev.xstyle.md\/#website","url":"https:\/\/dev.xstyle.md\/","name":"Magazinul X-Style","description":"Echipamente pentru turism \u0219i sporturi extreme \u00een Moldova. Pre\u021buri, fotografii, caracteristici \u00een Moldova.","publisher":{"@id":"https:\/\/dev.xstyle.md\/#organization"},"alternateName":"X-Style","potentialAction":[{"@type":"SearchAction","target":{"@type":"EntryPoint","urlTemplate":"https:\/\/dev.xstyle.md\/?s={search_term_string}"},"query-input":{"@type":"PropertyValueSpecification","valueRequired":true,"valueName":"search_term_string"}}],"inLanguage":"ro-RO"},{"@type":"Organization","@id":"https:\/\/dev.xstyle.md\/#organization","name":"Magazinul X-Style","alternateName":"x-style","url":"https:\/\/dev.xstyle.md\/","logo":{"@type":"ImageObject","inLanguage":"ro-RO","@id":"https:\/\/dev.xstyle.md\/#\/schema\/logo\/image\/","url":"https:\/\/dev.xstyle.md\/wp-content\/uploads\/2020\/06\/logoicon.svg","contentUrl":"https:\/\/dev.xstyle.md\/wp-content\/uploads\/2020\/06\/logoicon.svg","caption":"\u041c\u0430\u0433\u0430\u0437\u0438\u043d Xstyle"},"image":{"@id":"https:\/\/dev.xstyle.md\/#\/schema\/logo\/image\/"},"sameAs":["https:\/\/www.facebook.com\/xstylemd","https:\/\/www.instagram.com\/xstyle_md\/","https:\/\/t.me\/xstyle_outdoor"],"hasMerchantReturnPolicy":{"@type":"MerchantReturnPolicy","merchantReturnLink":"https:\/\/dev.xstyle.md\/ro\/conditions\/"}}]},"product_price_amount":"10900.00","product_price_currency":"MDL","og_availability":"instock","product_availability":"instock","product_retailer_item_id":"4015704275988","product_condition":"new"},"post_mailing_queue_ids":[],"_links":{"self":[{"href":"https:\/\/dev.xstyle.md\/ro\/wp-json\/wp\/v2\/product\/26953","targetHints":{"allow":["GET"]}}],"collection":[{"href":"https:\/\/dev.xstyle.md\/ro\/wp-json\/wp\/v2\/product"}],"about":[{"href":"https:\/\/dev.xstyle.md\/ro\/wp-json\/wp\/v2\/types\/product"}],"replies":[{"embeddable":true,"href":"https:\/\/dev.xstyle.md\/ro\/wp-json\/wp\/v2\/comments?post=26953"}],"version-history":[{"count":0,"href":"https:\/\/dev.xstyle.md\/ro\/wp-json\/wp\/v2\/product\/26953\/revisions"}],"wp:featuredmedia":[{"embeddable":true,"href":"https:\/\/dev.xstyle.md\/ro\/wp-json\/wp\/v2\/media\/28321"}],"wp:attachment":[{"href":"https:\/\/dev.xstyle.md\/ro\/wp-json\/wp\/v2\/media?parent=26953"}],"wp:term":[{"taxonomy":"product_brand","embeddable":true,"href":"https:\/\/dev.xstyle.md\/ro\/wp-json\/wp\/v2\/product_brand?post=26953"},{"taxonomy":"product_cat","embeddable":true,"href":"https:\/\/dev.xstyle.md\/ro\/wp-json\/wp\/v2\/product_cat?post=26953"},{"taxonomy":"product_tag","embeddable":true,"href":"https:\/\/dev.xstyle.md\/ro\/wp-json\/wp\/v2\/product_tag?post=26953"}],"curies":[{"name":"wp","href":"https:\/\/api.w.org\/{rel}","templated":true}]}}