{"id":23372,"date":"2020-07-20T11:27:55","date_gmt":"2020-07-20T08:27:55","guid":{"rendered":"https:\/\/xstyle.md\/product\/stel-ki-sogrevajuschie-thermopad-disposable-foot-warmer"},"modified":"2024-10-24T22:26:28","modified_gmt":"2024-10-24T19:26:28","slug":"stel-ki-sogrevajuschie-thermopad-disposable-foot-warmer","status":"publish","type":"product","link":"https:\/\/xstyle.md\/ro\/produs\/stel-ki-sogrevajuschie-thermopad-disposable-foot-warmer\/","title":{"rendered":"Bran\u021buri cu \u00eenc\u0103lzire Thermopad Disposable Foot warmer"},"content":{"rendered":"<\/p>\n<p>Bran\u021buri cu \u00eenc\u0103lzire <strong>Thermopad Disposable Foot warmer <\/strong>&#8212; o modalitate simpl\u0103 \u0219i eficient\u0103 de a v\u0103 men\u021bine picioarele calde \u00een timpul c\u0103l\u0103toriilor lungi cu motocicleta pe vreme rece. Incredibil de sub\u021biri, t\u0103lpile reutilizabile con\u021bin un amestec de pulbere metalic\u0103, carbon activ, sare \u0219i vermiculit\u0103. La c\u00e2teva minute de la deschiderea pachetului, t\u0103lpile \u00eencep s\u0103 genereze c\u0103ldur\u0103, re\u021bin\u00e2nd-o timp de p\u00e2n\u0103 la 5 ore. Plasturii Thermopad sunt ideali pentru drume\u021bii, ciclism, activit\u0103\u021bi \u00een aer liber etc.<\/p>\n<h3><strong>Particularit\u0103\u021bi<\/strong><\/h3>\n<ul>\n<li>Non-toxic \u0219i neinflamabil<\/li>\n<li>Nu necesit\u0103 pre\u00eenc\u0103lzire<\/li>\n<li>Produce o c\u0103ldur\u0103 pl\u0103cut\u0103 (p\u00e2n\u0103 la 45\u00b0C) \u00een 5 ore<\/li>\n<li>Foarte delicat \u0219i confortabil.<\/li>\n<\/ul>\n<p><\/p>","protected":false},"excerpt":{"rendered":"<p>Bran\u021buri cu \u00eenc\u0103lzire Thermopad Disposable Foot warmer<\/p>","protected":false},"featured_media":23370,"comment_status":"open","ping_status":"closed","template":"","meta":{"_acf_changed":false,"inline_featured_image":false},"product_brand":[1506],"product_cat":[484],"product_tag":[],"class_list":{"0":"post-23372","1":"product","2":"type-product","3":"status-publish","4":"has-post-thumbnail","6":"product_brand-thermopad","7":"product_cat-shoe-accessories","9":"first","10":"instock","11":"shipping-taxable","12":"purchasable","13":"product-type-simple"},"acf":[],"yoast_head":"<!-- This site is optimized with the Yoast SEO plugin v27.4 - https:\/\/yoast.com\/product\/yoast-seo-wordpress\/ -->\n<title>\u0421\u0442\u0435\u043b\u044c\u043a\u0438 \u0441\u043e\u0433\u0440\u0435\u0432\u0430\u044e\u0449\u0438\u0435 Thermopad Disposable Foot warmer - \u041c\u0430\u0433\u0430\u0437\u0438\u043d Xstyle<\/title>\n<meta name=\"description\" content=\"\u041e\u0442\u043a\u0440\u043e\u0439\u0442\u0435 \u0434\u043b\u044f \u0441\u0435\u0431\u044f \u0441\u043e\u0433\u0440\u0435\u0432\u0430\u044e\u0449\u0438\u0435 \u0441\u0442\u0435\u043b\u044c\u043a\u0438 Thermopad! \u041e\u043d\u0438 \u043b\u0435\u0433\u043a\u0438\u0435, \u044d\u0444\u0444\u0435\u043a\u0442\u0438\u0432\u043d\u044b\u0435 \u0438 \u043e\u0431\u0435\u0441\u043f\u0435\u0447\u0438\u0432\u0430\u044e\u0442 \u0442\u0435\u043f\u043b\u043e \u0434\u043b\u044f \u043d\u043e\u0433 \u0432\u043e \u0432\u0440\u0435\u043c\u044f \u0434\u043b\u0438\u043d\u043d\u044b\u0445 \u043f\u043e\u0435\u0437\u0434\u043e\u043a \u0432 \u0445\u043e\u043b\u043e\u0434\u043d\u0443\u044e \u043f\u043e\u0433\u043e\u0434\u0443.\" \/>\n<meta name=\"robots\" content=\"index, follow, max-snippet:-1, max-image-preview:large, max-video-preview:-1\" \/>\n<link rel=\"canonical\" href=\"https:\/\/xstyle.md\/ro\/produs\/stel-ki-sogrevajuschie-thermopad-disposable-foot-warmer\/\" \/>\n<meta property=\"og:locale\" content=\"ro_RO\" \/>\n<meta property=\"og:type\" content=\"article\" \/>\n<meta property=\"og:title\" content=\"\u0421\u0442\u0435\u043b\u044c\u043a\u0438 \u0441\u043e\u0433\u0440\u0435\u0432\u0430\u044e\u0449\u0438\u0435 Thermopad Disposable Foot warmer - \u041c\u0430\u0433\u0430\u0437\u0438\u043d Xstyle\" \/>\n<meta property=\"og:description\" content=\"\u041e\u0442\u043a\u0440\u043e\u0439\u0442\u0435 \u0434\u043b\u044f \u0441\u0435\u0431\u044f \u0441\u043e\u0433\u0440\u0435\u0432\u0430\u044e\u0449\u0438\u0435 \u0441\u0442\u0435\u043b\u044c\u043a\u0438 Thermopad! \u041e\u043d\u0438 \u043b\u0435\u0433\u043a\u0438\u0435, \u044d\u0444\u0444\u0435\u043a\u0442\u0438\u0432\u043d\u044b\u0435 \u0438 \u043e\u0431\u0435\u0441\u043f\u0435\u0447\u0438\u0432\u0430\u044e\u0442 \u0442\u0435\u043f\u043b\u043e \u0434\u043b\u044f \u043d\u043e\u0433 \u0432\u043e \u0432\u0440\u0435\u043c\u044f \u0434\u043b\u0438\u043d\u043d\u044b\u0445 \u043f\u043e\u0435\u0437\u0434\u043e\u043a \u0432 \u0445\u043e\u043b\u043e\u0434\u043d\u0443\u044e \u043f\u043e\u0433\u043e\u0434\u0443.\" \/>\n<meta property=\"og:url\" content=\"https:\/\/xstyle.md\/ro\/produs\/stel-ki-sogrevajuschie-thermopad-disposable-foot-warmer\/\" \/>\n<meta property=\"og:site_name\" content=\"\u041c\u0430\u0433\u0430\u0437\u0438\u043d Xstyle\" \/>\n<meta property=\"article:publisher\" content=\"https:\/\/www.facebook.com\/xstylemd\" \/>\n<meta property=\"article:modified_time\" content=\"2024-10-24T19:26:28+00:00\" \/>\n<meta property=\"og:image\" content=\"https:\/\/xstyle.md\/wp-content\/uploads\/2020\/07\/thermopad-footwarmer-1.jpg\" \/>\n\t<meta property=\"og:image:width\" content=\"800\" \/>\n\t<meta property=\"og:image:height\" content=\"800\" \/>\n\t<meta property=\"og:image:type\" content=\"image\/jpeg\" \/>\n<meta name=\"twitter:card\" content=\"summary_large_image\" \/>\n<meta name=\"twitter:label1\" content=\"Pre\u021b\" \/>\n\t<meta name=\"twitter:data1\" content=\"85&nbsp;MDL\" \/>\n\t<meta name=\"twitter:label2\" content=\"Disponibilitate\" \/>\n\t<meta name=\"twitter:data2\" content=\"\u00cen stoc\" \/>\n<script type=\"application\/ld+json\" class=\"yoast-schema-graph\">{\"@context\":\"https:\\\/\\\/schema.org\",\"@graph\":[{\"@type\":\"WebPage\",\"@id\":\"https:\\\/\\\/xstyle.md\\\/product\\\/stel-ki-sogrevajuschie-thermopad-disposable-foot-warmer\\\/\",\"url\":\"https:\\\/\\\/xstyle.md\\\/product\\\/stel-ki-sogrevajuschie-thermopad-disposable-foot-warmer\\\/\",\"name\":\"\u0421\u0442\u0435\u043b\u044c\u043a\u0438 \u0441\u043e\u0433\u0440\u0435\u0432\u0430\u044e\u0449\u0438\u0435 Thermopad Disposable Foot warmer - \u041c\u0430\u0433\u0430\u0437\u0438\u043d Xstyle\",\"isPartOf\":{\"@id\":\"https:\\\/\\\/xstyle.md\\\/#website\"},\"primaryImageOfPage\":{\"@id\":\"https:\\\/\\\/xstyle.md\\\/product\\\/stel-ki-sogrevajuschie-thermopad-disposable-foot-warmer\\\/#primaryimage\"},\"image\":{\"@id\":\"https:\\\/\\\/xstyle.md\\\/product\\\/stel-ki-sogrevajuschie-thermopad-disposable-foot-warmer\\\/#primaryimage\"},\"thumbnailUrl\":\"https:\\\/\\\/xstyle.md\\\/wp-content\\\/uploads\\\/2020\\\/07\\\/thermopad-footwarmer-1.jpg\",\"datePublished\":\"2020-07-20T08:27:55+00:00\",\"dateModified\":\"2024-10-24T19:26:28+00:00\",\"description\":\"\u041e\u0442\u043a\u0440\u043e\u0439\u0442\u0435 \u0434\u043b\u044f \u0441\u0435\u0431\u044f \u0441\u043e\u0433\u0440\u0435\u0432\u0430\u044e\u0449\u0438\u0435 \u0441\u0442\u0435\u043b\u044c\u043a\u0438 Thermopad! \u041e\u043d\u0438 \u043b\u0435\u0433\u043a\u0438\u0435, \u044d\u0444\u0444\u0435\u043a\u0442\u0438\u0432\u043d\u044b\u0435 \u0438 \u043e\u0431\u0435\u0441\u043f\u0435\u0447\u0438\u0432\u0430\u044e\u0442 \u0442\u0435\u043f\u043b\u043e \u0434\u043b\u044f \u043d\u043e\u0433 \u0432\u043e \u0432\u0440\u0435\u043c\u044f \u0434\u043b\u0438\u043d\u043d\u044b\u0445 \u043f\u043e\u0435\u0437\u0434\u043e\u043a \u0432 \u0445\u043e\u043b\u043e\u0434\u043d\u0443\u044e \u043f\u043e\u0433\u043e\u0434\u0443.\",\"breadcrumb\":{\"@id\":\"https:\\\/\\\/xstyle.md\\\/product\\\/stel-ki-sogrevajuschie-thermopad-disposable-foot-warmer\\\/#breadcrumb\"},\"inLanguage\":\"ro-RO\",\"potentialAction\":[{\"@type\":\"ReadAction\",\"target\":[\"https:\\\/\\\/xstyle.md\\\/product\\\/stel-ki-sogrevajuschie-thermopad-disposable-foot-warmer\\\/\"]}]},{\"@type\":\"ImageObject\",\"inLanguage\":\"ro-RO\",\"@id\":\"https:\\\/\\\/xstyle.md\\\/product\\\/stel-ki-sogrevajuschie-thermopad-disposable-foot-warmer\\\/#primaryimage\",\"url\":\"https:\\\/\\\/xstyle.md\\\/wp-content\\\/uploads\\\/2020\\\/07\\\/thermopad-footwarmer-1.jpg\",\"contentUrl\":\"https:\\\/\\\/xstyle.md\\\/wp-content\\\/uploads\\\/2020\\\/07\\\/thermopad-footwarmer-1.jpg\",\"width\":800,\"height\":800},{\"@type\":\"BreadcrumbList\",\"@id\":\"https:\\\/\\\/xstyle.md\\\/product\\\/stel-ki-sogrevajuschie-thermopad-disposable-foot-warmer\\\/#breadcrumb\",\"itemListElement\":[{\"@type\":\"ListItem\",\"position\":1,\"name\":\"\u0413\u043b\u0430\u0432\u043d\u0430\u044f \u0441\u0442\u0440\u0430\u043d\u0438\u0446\u0430\",\"item\":\"https:\\\/\\\/xstyle.md\\\/\"},{\"@type\":\"ListItem\",\"position\":2,\"name\":\"\u041c\u0430\u0433\u0430\u0437\u0438\u043d\",\"item\":\"https:\\\/\\\/xstyle.md\\\/shop\\\/\"},{\"@type\":\"ListItem\",\"position\":3,\"name\":\"\u0421\u0442\u0435\u043b\u044c\u043a\u0438 \u0441\u043e\u0433\u0440\u0435\u0432\u0430\u044e\u0449\u0438\u0435 Thermopad Disposable Foot warmer\"}]},{\"@type\":\"WebSite\",\"@id\":\"https:\\\/\\\/xstyle.md\\\/#website\",\"url\":\"https:\\\/\\\/xstyle.md\\\/\",\"name\":\"\u041c\u0430\u0433\u0430\u0437\u0438\u043d Xstyle\",\"description\":\"C\u043d\u0430\u0440\u044f\u0436\u0435\u043d\u0438\u0435 \u0434\u043b\u044f \u0442\u0443\u0440\u0438\u0437\u043c\u0430 \u0438 \u044d\u043a\u0441\u0442\u0440\u0435\u043c\u0430\u043b\u044c\u043d\u044b\u0445 \u0432\u0438\u0434\u043e\u0432 \u0441\u043f\u043e\u0440\u0442\u0430 \u0432 \u041c\u043e\u043b\u0434\u043e\u0432\u0435.. \u0426\u0435\u043d\u044b, \u0444\u043e\u0442\u043e, \u0445\u0430\u0440\u0430\u043a\u0442\u0435\u0440\u0438\u0441\u0442\u0438\u043a\u0438 \u0432 \u041c\u043e\u043b\u0434\u043e\u0432\u0435.\",\"publisher\":{\"@id\":\"https:\\\/\\\/xstyle.md\\\/#organization\"},\"alternateName\":\"X-Style\",\"potentialAction\":[{\"@type\":\"SearchAction\",\"target\":{\"@type\":\"EntryPoint\",\"urlTemplate\":\"https:\\\/\\\/xstyle.md\\\/?s={search_term_string}\"},\"query-input\":{\"@type\":\"PropertyValueSpecification\",\"valueRequired\":true,\"valueName\":\"search_term_string\"}}],\"inLanguage\":\"ro-RO\"},{\"@type\":\"Organization\",\"@id\":\"https:\\\/\\\/xstyle.md\\\/#organization\",\"name\":\"\u041c\u0430\u0433\u0430\u0437\u0438\u043d Xstyle\",\"alternateName\":\"x-style\",\"url\":\"https:\\\/\\\/xstyle.md\\\/\",\"logo\":{\"@type\":\"ImageObject\",\"inLanguage\":\"ro-RO\",\"@id\":\"https:\\\/\\\/xstyle.md\\\/#\\\/schema\\\/logo\\\/image\\\/\",\"url\":\"https:\\\/\\\/xstyle.md\\\/wp-content\\\/uploads\\\/2020\\\/06\\\/logoicon.svg\",\"contentUrl\":\"https:\\\/\\\/xstyle.md\\\/wp-content\\\/uploads\\\/2020\\\/06\\\/logoicon.svg\",\"caption\":\"\u041c\u0430\u0433\u0430\u0437\u0438\u043d Xstyle\"},\"image\":{\"@id\":\"https:\\\/\\\/xstyle.md\\\/#\\\/schema\\\/logo\\\/image\\\/\"},\"sameAs\":[\"https:\\\/\\\/www.facebook.com\\\/xstylemd\",\"https:\\\/\\\/www.instagram.com\\\/xstyle_md\\\/\",\"https:\\\/\\\/t.me\\\/xstyle_outdoor\"],\"hasMerchantReturnPolicy\":{\"@type\":\"MerchantReturnPolicy\",\"merchantReturnLink\":\"https:\\\/\\\/xstyle.md\\\/ro\\\/conditions\\\/\"}}]}<\/script>\n<meta property=\"product:price:amount\" content=\"85.00\" \/>\n<meta property=\"product:price:currency\" content=\"MDL\" \/>\n<meta property=\"og:availability\" content=\"instock\" \/>\n<meta property=\"product:availability\" content=\"instock\" \/>\n<meta property=\"product:retailer_item_id\" content=\"4260150780504\" \/>\n<meta property=\"product:condition\" content=\"new\" \/>\n<!-- \/ Yoast SEO plugin. -->","yoast_head_json":{"title":"Bran\u021buri cu \u00eenc\u0103lzire Thermopad Disposable Foot warmer - Magazin Xstyle","description":"Descoperi\u021bi t\u0103lpile c\u0103lduroase Thermopad! Ele sunt u\u0219oare, eficiente \u0219i ofer\u0103 c\u0103ldur\u0103 pentru picioare \u00een timpul excursiilor lungi \u00een vreme rece.","robots":{"index":"index","follow":"follow","max-snippet":"max-snippet:-1","max-image-preview":"max-image-preview:large","max-video-preview":"max-video-preview:-1"},"canonical":"https:\/\/xstyle.md\/ro\/produs\/stel-ki-sogrevajuschie-thermopad-disposable-foot-warmer\/","og_locale":"ro_RO","og_type":"article","og_title":"\u0421\u0442\u0435\u043b\u044c\u043a\u0438 \u0441\u043e\u0433\u0440\u0435\u0432\u0430\u044e\u0449\u0438\u0435 Thermopad Disposable Foot warmer - \u041c\u0430\u0433\u0430\u0437\u0438\u043d Xstyle","og_description":"\u041e\u0442\u043a\u0440\u043e\u0439\u0442\u0435 \u0434\u043b\u044f \u0441\u0435\u0431\u044f \u0441\u043e\u0433\u0440\u0435\u0432\u0430\u044e\u0449\u0438\u0435 \u0441\u0442\u0435\u043b\u044c\u043a\u0438 Thermopad! \u041e\u043d\u0438 \u043b\u0435\u0433\u043a\u0438\u0435, \u044d\u0444\u0444\u0435\u043a\u0442\u0438\u0432\u043d\u044b\u0435 \u0438 \u043e\u0431\u0435\u0441\u043f\u0435\u0447\u0438\u0432\u0430\u044e\u0442 \u0442\u0435\u043f\u043b\u043e \u0434\u043b\u044f \u043d\u043e\u0433 \u0432\u043e \u0432\u0440\u0435\u043c\u044f \u0434\u043b\u0438\u043d\u043d\u044b\u0445 \u043f\u043e\u0435\u0437\u0434\u043e\u043a \u0432 \u0445\u043e\u043b\u043e\u0434\u043d\u0443\u044e \u043f\u043e\u0433\u043e\u0434\u0443.","og_url":"https:\/\/xstyle.md\/ro\/produs\/stel-ki-sogrevajuschie-thermopad-disposable-foot-warmer\/","og_site_name":"\u041c\u0430\u0433\u0430\u0437\u0438\u043d Xstyle","article_publisher":"https:\/\/www.facebook.com\/xstylemd","article_modified_time":"2024-10-24T19:26:28+00:00","og_image":[{"width":800,"height":800,"url":"https:\/\/xstyle.md\/wp-content\/uploads\/2020\/07\/thermopad-footwarmer-1.jpg","type":"image\/jpeg"}],"twitter_card":"summary_large_image","twitter_misc":{"Pre\u021b":"85&nbsp;MDL","Disponibilitate":"\u00cen stoc"},"schema":{"@context":"https:\/\/schema.org","@graph":[{"@type":"WebPage","@id":"https:\/\/xstyle.md\/product\/stel-ki-sogrevajuschie-thermopad-disposable-foot-warmer\/","url":"https:\/\/xstyle.md\/product\/stel-ki-sogrevajuschie-thermopad-disposable-foot-warmer\/","name":"Bran\u021buri cu \u00eenc\u0103lzire Thermopad Disposable Foot warmer - Magazin Xstyle","isPartOf":{"@id":"https:\/\/xstyle.md\/#website"},"primaryImageOfPage":{"@id":"https:\/\/xstyle.md\/product\/stel-ki-sogrevajuschie-thermopad-disposable-foot-warmer\/#primaryimage"},"image":{"@id":"https:\/\/xstyle.md\/product\/stel-ki-sogrevajuschie-thermopad-disposable-foot-warmer\/#primaryimage"},"thumbnailUrl":"https:\/\/xstyle.md\/wp-content\/uploads\/2020\/07\/thermopad-footwarmer-1.jpg","datePublished":"2020-07-20T08:27:55+00:00","dateModified":"2024-10-24T19:26:28+00:00","description":"Descoperi\u021bi t\u0103lpile c\u0103lduroase Thermopad! Ele sunt u\u0219oare, eficiente \u0219i ofer\u0103 c\u0103ldur\u0103 pentru picioare \u00een timpul excursiilor lungi \u00een vreme rece.","breadcrumb":{"@id":"https:\/\/xstyle.md\/product\/stel-ki-sogrevajuschie-thermopad-disposable-foot-warmer\/#breadcrumb"},"inLanguage":"ro-RO","potentialAction":[{"@type":"ReadAction","target":["https:\/\/xstyle.md\/product\/stel-ki-sogrevajuschie-thermopad-disposable-foot-warmer\/"]}]},{"@type":"ImageObject","inLanguage":"ro-RO","@id":"https:\/\/xstyle.md\/product\/stel-ki-sogrevajuschie-thermopad-disposable-foot-warmer\/#primaryimage","url":"https:\/\/xstyle.md\/wp-content\/uploads\/2020\/07\/thermopad-footwarmer-1.jpg","contentUrl":"https:\/\/xstyle.md\/wp-content\/uploads\/2020\/07\/thermopad-footwarmer-1.jpg","width":800,"height":800},{"@type":"BreadcrumbList","@id":"https:\/\/xstyle.md\/product\/stel-ki-sogrevajuschie-thermopad-disposable-foot-warmer\/#breadcrumb","itemListElement":[{"@type":"ListItem","position":1,"name":"\u0413\u043b\u0430\u0432\u043d\u0430\u044f \u0441\u0442\u0440\u0430\u043d\u0438\u0446\u0430","item":"https:\/\/xstyle.md\/"},{"@type":"ListItem","position":2,"name":"\u041c\u0430\u0433\u0430\u0437\u0438\u043d","item":"https:\/\/xstyle.md\/shop\/"},{"@type":"ListItem","position":3,"name":"\u0421\u0442\u0435\u043b\u044c\u043a\u0438 \u0441\u043e\u0433\u0440\u0435\u0432\u0430\u044e\u0449\u0438\u0435 Thermopad Disposable Foot warmer"}]},{"@type":"WebSite","@id":"https:\/\/xstyle.md\/#website","url":"https:\/\/xstyle.md\/","name":"Magazinul X-Style","description":"Echipamente pentru turism \u0219i sporturi extreme \u00een Moldova. Pre\u021buri, fotografii, caracteristici \u00een Moldova.","publisher":{"@id":"https:\/\/xstyle.md\/#organization"},"alternateName":"X-Style","potentialAction":[{"@type":"SearchAction","target":{"@type":"EntryPoint","urlTemplate":"https:\/\/xstyle.md\/?s={search_term_string}"},"query-input":{"@type":"PropertyValueSpecification","valueRequired":true,"valueName":"search_term_string"}}],"inLanguage":"ro-RO"},{"@type":"Organization","@id":"https:\/\/xstyle.md\/#organization","name":"Magazinul X-Style","alternateName":"x-style","url":"https:\/\/xstyle.md\/","logo":{"@type":"ImageObject","inLanguage":"ro-RO","@id":"https:\/\/xstyle.md\/#\/schema\/logo\/image\/","url":"https:\/\/xstyle.md\/wp-content\/uploads\/2020\/06\/logoicon.svg","contentUrl":"https:\/\/xstyle.md\/wp-content\/uploads\/2020\/06\/logoicon.svg","caption":"\u041c\u0430\u0433\u0430\u0437\u0438\u043d Xstyle"},"image":{"@id":"https:\/\/xstyle.md\/#\/schema\/logo\/image\/"},"sameAs":["https:\/\/www.facebook.com\/xstylemd","https:\/\/www.instagram.com\/xstyle_md\/","https:\/\/t.me\/xstyle_outdoor"],"hasMerchantReturnPolicy":{"@type":"MerchantReturnPolicy","merchantReturnLink":"https:\/\/xstyle.md\/ro\/conditions\/"}}]},"product_price_amount":"85.00","product_price_currency":"MDL","og_availability":"instock","product_availability":"instock","product_retailer_item_id":"4260150780504","product_condition":"new"},"post_mailing_queue_ids":[],"_links":{"self":[{"href":"https:\/\/xstyle.md\/ro\/wp-json\/wp\/v2\/product\/23372","targetHints":{"allow":["GET"]}}],"collection":[{"href":"https:\/\/xstyle.md\/ro\/wp-json\/wp\/v2\/product"}],"about":[{"href":"https:\/\/xstyle.md\/ro\/wp-json\/wp\/v2\/types\/product"}],"replies":[{"embeddable":true,"href":"https:\/\/xstyle.md\/ro\/wp-json\/wp\/v2\/comments?post=23372"}],"wp:featuredmedia":[{"embeddable":true,"href":"https:\/\/xstyle.md\/ro\/wp-json\/wp\/v2\/media\/23370"}],"wp:attachment":[{"href":"https:\/\/xstyle.md\/ro\/wp-json\/wp\/v2\/media?parent=23372"}],"wp:term":[{"taxonomy":"product_brand","embeddable":true,"href":"https:\/\/xstyle.md\/ro\/wp-json\/wp\/v2\/product_brand?post=23372"},{"taxonomy":"product_cat","embeddable":true,"href":"https:\/\/xstyle.md\/ro\/wp-json\/wp\/v2\/product_cat?post=23372"},{"taxonomy":"product_tag","embeddable":true,"href":"https:\/\/xstyle.md\/ro\/wp-json\/wp\/v2\/product_tag?post=23372"}],"curies":[{"name":"wp","href":"https:\/\/api.w.org\/{rel}","templated":true}]}}