{"id":23189,"date":"2020-07-19T16:20:42","date_gmt":"2020-07-19T13:20:42","guid":{"rendered":"https:\/\/xstyle.md\/product\/gamak-amazonas-santana-pink"},"modified":"2026-04-15T12:38:16","modified_gmt":"2026-04-15T09:38:16","slug":"gamak-amazonas-santana-pink","status":"publish","type":"product","link":"https:\/\/dev.xstyle.md\/ro\/produs\/gamak-amazonas-santana-pink\/","title":{"rendered":"Hamac Amazonas Santana Pink"},"content":{"rendered":"<\/p>\n<p><strong>Hamac Amazonas Santana<\/strong> &#8212; va rezista at\u00e2t ploii abundente, c\u00e2t \u0219i soarelui arz\u0103tor datorit\u0103 tehnologiei EllTex\u00ae. Acesta este un amestec special de poliester \u0219i bumbac care ofer\u0103 o rezisten\u021b\u0103 excelent\u0103 la ap\u0103 \u0219i protec\u021bie solar\u0103. \u00cen acela\u0219i timp, \u021bes\u0103tura, r\u0103m\u00e2ne moale \u0219i pl\u0103cut\u0103 la atingere. Colorat manual \u00een Brazilia. Densitatea \u0219i rezisten\u021ba deosebit\u0103 a \u021bes\u0103turii \u00eei permit s\u0103 suporte orice greutate, lungimea \u0219i l\u0103\u021bimea hamacului asigur\u0103 un confort extraordinar.<\/p>\n<p>Simplitatea construc\u021biei cu propriet\u0103\u021bile sale practice excelente arat\u0103 c\u0103 hamacul este o inven\u021bie cu adev\u0103rat ingenioas\u0103. Acesta ajut\u0103 o persoan\u0103 s\u0103 se relaxeze \u0219i s\u0103 simt\u0103 un sentiment de armonie interioar\u0103. Sim\u021bi\u021bi calmul \u0219i confortul unei u\u0219oare leg\u0103n\u0103ri \u00een aer. Oriunde v\u0103 at\u00e2rna\u021bi hamacul, fie c\u0103 este un apartament, o cas\u0103 privat\u0103 sau un birou, fie un col\u021b umbros al unei cabane de var\u0103, malul unui r\u00e2u sau al m\u0103rii, v\u0103 pute\u021bi bucura de minunatul sentiment de fericire de a fi \u00een acest pat miraculos.<\/p>\n<h3>Particularit\u0103\u021bi<\/h3>\n<ul>\n<li>Confortabil la atingere, respirabil \u0219i foarte u\u0219or<\/li>\n<li>Se a\u0219eaz\u0103 cel mai bine \u00een diagonal\u0103 pentru a oferi o sus\u021binere adecvat\u0103 a coloanei vertebrale<\/li>\n<li>Fabricat din: material textil<\/li>\n<li>\u021aes\u0103tura special\u0103 \u00eei permite s\u0103 sus\u021bin\u0103 orice greutate<\/li>\n<\/ul>\n<h3>Caracteristici<\/h3>\n<ul>\n<li>Dimensiuni p\u00e2nz\u0103: 310 x 120 cm<\/li>\n<li>Sarcina maxim\u0103: 150 kg<\/li>\n<li>Lungimea hamacului f\u0103r\u0103 \u0219ireturi: 200 cm<\/li>\n<li>Greutate: 1,3 kg<\/li>\n<\/ul>\n<h3>Marca<\/h3>\n<p>Amazonas sunt unii dintre cei mai importan\u021bi produc\u0103tori de hamace. Ei sunt cunoscu\u021bi \u00een primul r\u00e2nd pentru hamacele lor originale din bumbac brazilian. Ei produc, de asemenea, o gam\u0103 de hamace \u0219i accesorii ultrau\u0219oare pentru c\u0103l\u0103tori, cum ar fi scaune suspendate, corturi \u0219i p\u0103turi pentru relaxare, precum \u0219i o gam\u0103 de produse pentru copii (c\u0103rucioare, hamace, scaune etc.).<\/p>\n<p><\/p>","protected":false},"excerpt":{"rendered":"<p>Hamac Amazonas Santana Pink<\/p>","protected":false},"featured_media":23183,"comment_status":"open","ping_status":"closed","template":"","meta":{"_acf_changed":false,"inline_featured_image":false},"product_brand":[1285],"product_cat":[197],"product_tag":[],"class_list":{"0":"post-23189","1":"product","2":"type-product","3":"status-publish","4":"has-post-thumbnail","6":"product_brand-amazonas","7":"product_cat-camping-hammocks","9":"first","10":"instock","11":"shipping-taxable","12":"purchasable","13":"product-type-simple"},"acf":[],"yoast_head":"<!-- This site is optimized with the Yoast SEO plugin v27.4 - https:\/\/yoast.com\/product\/yoast-seo-wordpress\/ -->\n<title>\u0413\u0430\u043c\u0430\u043a Amazonas Santana Pink - \u041c\u0430\u0433\u0430\u0437\u0438\u043d Xstyle<\/title>\n<meta name=\"description\" content=\"\u0413\u0430\u043c\u0430\u043a Amazonas Santana Pink - \u0438\u0434\u0435\u0430\u043b\u044c\u043d\u044b\u0439 \u0432\u044b\u0431\u043e\u0440 \u0434\u043b\u044f \u043e\u0442\u0434\u044b\u0445\u0430 \u043d\u0430 \u0441\u0432\u0435\u0436\u0435\u043c \u0432\u043e\u0437\u0434\u0443\u0445\u0435! \u0423\u0441\u0442\u043e\u0439\u0447\u0438\u0432 \u043a \u0434\u043e\u0436\u0434\u044e \u0438 \u0441\u043e\u043b\u043d\u0446\u0443, \u043c\u044f\u0433\u043a\u0438\u0439 \u043d\u0430 \u043e\u0449\u0443\u043f\u044c. \u041c\u0430\u043d\u0443\u0444\u0430\u043a\u0442\u0443\u0440\u0430 \u0432 \u0411\u0440\u0430\u0437\u0438\u043b\u0438\u0438.\" \/>\n<meta name=\"robots\" content=\"noindex, follow, max-snippet:-1, max-image-preview:large, max-video-preview:-1\" \/>\n<meta property=\"og:locale\" content=\"ro_RO\" \/>\n<meta property=\"og:type\" content=\"article\" \/>\n<meta property=\"og:title\" content=\"\u0413\u0430\u043c\u0430\u043a Amazonas Santana Pink - \u041c\u0430\u0433\u0430\u0437\u0438\u043d Xstyle\" \/>\n<meta property=\"og:description\" content=\"\u0413\u0430\u043c\u0430\u043a Amazonas Santana Pink - \u0438\u0434\u0435\u0430\u043b\u044c\u043d\u044b\u0439 \u0432\u044b\u0431\u043e\u0440 \u0434\u043b\u044f \u043e\u0442\u0434\u044b\u0445\u0430 \u043d\u0430 \u0441\u0432\u0435\u0436\u0435\u043c \u0432\u043e\u0437\u0434\u0443\u0445\u0435! \u0423\u0441\u0442\u043e\u0439\u0447\u0438\u0432 \u043a \u0434\u043e\u0436\u0434\u044e \u0438 \u0441\u043e\u043b\u043d\u0446\u0443, \u043c\u044f\u0433\u043a\u0438\u0439 \u043d\u0430 \u043e\u0449\u0443\u043f\u044c. \u041c\u0430\u043d\u0443\u0444\u0430\u043a\u0442\u0443\u0440\u0430 \u0432 \u0411\u0440\u0430\u0437\u0438\u043b\u0438\u0438.\" \/>\n<meta property=\"og:url\" content=\"https:\/\/dev.xstyle.md\/ro\/produs\/gamak-amazonas-santana-pink\/\" \/>\n<meta property=\"og:site_name\" content=\"\u041c\u0430\u0433\u0430\u0437\u0438\u043d Xstyle\" \/>\n<meta property=\"article:publisher\" content=\"https:\/\/www.facebook.com\/xstylemd\" \/>\n<meta property=\"article:modified_time\" content=\"2026-04-15T09:38:16+00:00\" \/>\n<meta property=\"og:image\" content=\"https:\/\/dev.xstyle.md\/wp-content\/uploads\/2020\/07\/amazonas-haengematte-santana-pink_2.jpg\" \/>\n\t<meta property=\"og:image:width\" content=\"1200\" \/>\n\t<meta property=\"og:image:height\" content=\"495\" \/>\n\t<meta property=\"og:image:type\" content=\"image\/jpeg\" \/>\n<meta name=\"twitter:card\" content=\"summary_large_image\" \/>\n<meta name=\"twitter:label1\" content=\"Pre\u021b\" \/>\n\t<meta name=\"twitter:data1\" content=\"1.060,00&nbsp;MDL\" \/>\n\t<meta name=\"twitter:label2\" content=\"Disponibilitate\" \/>\n\t<meta name=\"twitter:data2\" content=\"\u00cen stoc\" \/>\n<script type=\"application\/ld+json\" class=\"yoast-schema-graph\">{\"@context\":\"https:\\\/\\\/schema.org\",\"@graph\":[{\"@type\":\"WebPage\",\"@id\":\"https:\\\/\\\/dev.xstyle.md\\\/product\\\/gamak-amazonas-santana-pink\\\/\",\"url\":\"https:\\\/\\\/dev.xstyle.md\\\/product\\\/gamak-amazonas-santana-pink\\\/\",\"name\":\"\u0413\u0430\u043c\u0430\u043a Amazonas Santana Pink - \u041c\u0430\u0433\u0430\u0437\u0438\u043d Xstyle\",\"isPartOf\":{\"@id\":\"https:\\\/\\\/dev.xstyle.md\\\/#website\"},\"primaryImageOfPage\":{\"@id\":\"https:\\\/\\\/dev.xstyle.md\\\/product\\\/gamak-amazonas-santana-pink\\\/#primaryimage\"},\"image\":{\"@id\":\"https:\\\/\\\/dev.xstyle.md\\\/product\\\/gamak-amazonas-santana-pink\\\/#primaryimage\"},\"thumbnailUrl\":\"https:\\\/\\\/dev.xstyle.md\\\/wp-content\\\/uploads\\\/2020\\\/07\\\/amazonas-haengematte-santana-pink_2.jpg\",\"datePublished\":\"2020-07-19T13:20:42+00:00\",\"dateModified\":\"2026-04-15T09:38:16+00:00\",\"description\":\"\u0413\u0430\u043c\u0430\u043a Amazonas Santana Pink - \u0438\u0434\u0435\u0430\u043b\u044c\u043d\u044b\u0439 \u0432\u044b\u0431\u043e\u0440 \u0434\u043b\u044f \u043e\u0442\u0434\u044b\u0445\u0430 \u043d\u0430 \u0441\u0432\u0435\u0436\u0435\u043c \u0432\u043e\u0437\u0434\u0443\u0445\u0435! \u0423\u0441\u0442\u043e\u0439\u0447\u0438\u0432 \u043a \u0434\u043e\u0436\u0434\u044e \u0438 \u0441\u043e\u043b\u043d\u0446\u0443, \u043c\u044f\u0433\u043a\u0438\u0439 \u043d\u0430 \u043e\u0449\u0443\u043f\u044c. \u041c\u0430\u043d\u0443\u0444\u0430\u043a\u0442\u0443\u0440\u0430 \u0432 \u0411\u0440\u0430\u0437\u0438\u043b\u0438\u0438.\",\"breadcrumb\":{\"@id\":\"https:\\\/\\\/dev.xstyle.md\\\/product\\\/gamak-amazonas-santana-pink\\\/#breadcrumb\"},\"inLanguage\":\"ro-RO\",\"potentialAction\":[{\"@type\":\"ReadAction\",\"target\":[\"https:\\\/\\\/dev.xstyle.md\\\/product\\\/gamak-amazonas-santana-pink\\\/\"]}]},{\"@type\":\"ImageObject\",\"inLanguage\":\"ro-RO\",\"@id\":\"https:\\\/\\\/dev.xstyle.md\\\/product\\\/gamak-amazonas-santana-pink\\\/#primaryimage\",\"url\":\"https:\\\/\\\/dev.xstyle.md\\\/wp-content\\\/uploads\\\/2020\\\/07\\\/amazonas-haengematte-santana-pink_2.jpg\",\"contentUrl\":\"https:\\\/\\\/dev.xstyle.md\\\/wp-content\\\/uploads\\\/2020\\\/07\\\/amazonas-haengematte-santana-pink_2.jpg\",\"width\":1200,\"height\":495},{\"@type\":\"BreadcrumbList\",\"@id\":\"https:\\\/\\\/dev.xstyle.md\\\/product\\\/gamak-amazonas-santana-pink\\\/#breadcrumb\",\"itemListElement\":[{\"@type\":\"ListItem\",\"position\":1,\"name\":\"\u0413\u043b\u0430\u0432\u043d\u0430\u044f \u0441\u0442\u0440\u0430\u043d\u0438\u0446\u0430\",\"item\":\"https:\\\/\\\/dev.xstyle.md\\\/\"},{\"@type\":\"ListItem\",\"position\":2,\"name\":\"Shop\",\"item\":\"https:\\\/\\\/dev.xstyle.md\\\/shop\\\/\"},{\"@type\":\"ListItem\",\"position\":3,\"name\":\"\u0413\u0430\u043c\u0430\u043a Amazonas Santana Pink\"}]},{\"@type\":\"WebSite\",\"@id\":\"https:\\\/\\\/dev.xstyle.md\\\/#website\",\"url\":\"https:\\\/\\\/dev.xstyle.md\\\/\",\"name\":\"\u041c\u0430\u0433\u0430\u0437\u0438\u043d Xstyle\",\"description\":\"C\u043d\u0430\u0440\u044f\u0436\u0435\u043d\u0438\u0435 \u0434\u043b\u044f \u0442\u0443\u0440\u0438\u0437\u043c\u0430 \u0438 \u044d\u043a\u0441\u0442\u0440\u0435\u043c\u0430\u043b\u044c\u043d\u044b\u0445 \u0432\u0438\u0434\u043e\u0432 \u0441\u043f\u043e\u0440\u0442\u0430 \u0432 \u041c\u043e\u043b\u0434\u043e\u0432\u0435.. \u0426\u0435\u043d\u044b, \u0444\u043e\u0442\u043e, \u0445\u0430\u0440\u0430\u043a\u0442\u0435\u0440\u0438\u0441\u0442\u0438\u043a\u0438 \u0432 \u041c\u043e\u043b\u0434\u043e\u0432\u0435.\",\"publisher\":{\"@id\":\"https:\\\/\\\/dev.xstyle.md\\\/#organization\"},\"alternateName\":\"X-Style\",\"potentialAction\":[{\"@type\":\"SearchAction\",\"target\":{\"@type\":\"EntryPoint\",\"urlTemplate\":\"https:\\\/\\\/dev.xstyle.md\\\/?s={search_term_string}\"},\"query-input\":{\"@type\":\"PropertyValueSpecification\",\"valueRequired\":true,\"valueName\":\"search_term_string\"}}],\"inLanguage\":\"ro-RO\"},{\"@type\":\"Organization\",\"@id\":\"https:\\\/\\\/dev.xstyle.md\\\/#organization\",\"name\":\"\u041c\u0430\u0433\u0430\u0437\u0438\u043d Xstyle\",\"alternateName\":\"x-style\",\"url\":\"https:\\\/\\\/dev.xstyle.md\\\/\",\"logo\":{\"@type\":\"ImageObject\",\"inLanguage\":\"ro-RO\",\"@id\":\"https:\\\/\\\/dev.xstyle.md\\\/#\\\/schema\\\/logo\\\/image\\\/\",\"url\":\"https:\\\/\\\/dev.xstyle.md\\\/wp-content\\\/uploads\\\/2020\\\/06\\\/logoicon.svg\",\"contentUrl\":\"https:\\\/\\\/dev.xstyle.md\\\/wp-content\\\/uploads\\\/2020\\\/06\\\/logoicon.svg\",\"caption\":\"\u041c\u0430\u0433\u0430\u0437\u0438\u043d Xstyle\"},\"image\":{\"@id\":\"https:\\\/\\\/dev.xstyle.md\\\/#\\\/schema\\\/logo\\\/image\\\/\"},\"sameAs\":[\"https:\\\/\\\/www.facebook.com\\\/xstylemd\",\"https:\\\/\\\/www.instagram.com\\\/xstyle_md\\\/\",\"https:\\\/\\\/t.me\\\/xstyle_outdoor\"],\"hasMerchantReturnPolicy\":{\"@type\":\"MerchantReturnPolicy\",\"merchantReturnLink\":\"https:\\\/\\\/dev.xstyle.md\\\/ro\\\/conditions\\\/\"}}]}<\/script>\n<meta property=\"product:price:amount\" content=\"1060.00\" \/>\n<meta property=\"product:price:currency\" content=\"MDL\" \/>\n<meta property=\"og:availability\" content=\"instock\" \/>\n<meta property=\"product:availability\" content=\"instock\" \/>\n<meta property=\"product:retailer_item_id\" content=\"4030454006873\" \/>\n<meta property=\"product:condition\" content=\"new\" \/>\n<!-- \/ Yoast SEO plugin. -->","yoast_head_json":{"title":"Hamac Amazonas Santana Pink - Magazin Xstyle","description":"Hamac Amazonas Santana Pink - alegerea perfect\u0103 pentru relaxare \u00een aer liber! Rezistent la rain \u0219i soare, moale la atingere. Fabricat \u00een Brazilia.","robots":{"index":"noindex","follow":"follow","max-snippet":"max-snippet:-1","max-image-preview":"max-image-preview:large","max-video-preview":"max-video-preview:-1"},"og_locale":"ro_RO","og_type":"article","og_title":"\u0413\u0430\u043c\u0430\u043a Amazonas Santana Pink - \u041c\u0430\u0433\u0430\u0437\u0438\u043d Xstyle","og_description":"\u0413\u0430\u043c\u0430\u043a Amazonas Santana Pink - \u0438\u0434\u0435\u0430\u043b\u044c\u043d\u044b\u0439 \u0432\u044b\u0431\u043e\u0440 \u0434\u043b\u044f \u043e\u0442\u0434\u044b\u0445\u0430 \u043d\u0430 \u0441\u0432\u0435\u0436\u0435\u043c \u0432\u043e\u0437\u0434\u0443\u0445\u0435! \u0423\u0441\u0442\u043e\u0439\u0447\u0438\u0432 \u043a \u0434\u043e\u0436\u0434\u044e \u0438 \u0441\u043e\u043b\u043d\u0446\u0443, \u043c\u044f\u0433\u043a\u0438\u0439 \u043d\u0430 \u043e\u0449\u0443\u043f\u044c. \u041c\u0430\u043d\u0443\u0444\u0430\u043a\u0442\u0443\u0440\u0430 \u0432 \u0411\u0440\u0430\u0437\u0438\u043b\u0438\u0438.","og_url":"https:\/\/dev.xstyle.md\/ro\/produs\/gamak-amazonas-santana-pink\/","og_site_name":"\u041c\u0430\u0433\u0430\u0437\u0438\u043d Xstyle","article_publisher":"https:\/\/www.facebook.com\/xstylemd","article_modified_time":"2026-04-15T09:38:16+00:00","og_image":[{"width":1200,"height":495,"url":"https:\/\/dev.xstyle.md\/wp-content\/uploads\/2020\/07\/amazonas-haengematte-santana-pink_2.jpg","type":"image\/jpeg"}],"twitter_card":"summary_large_image","twitter_misc":{"Pre\u021b":"1.060,00&nbsp;MDL","Disponibilitate":"\u00cen stoc"},"schema":{"@context":"https:\/\/schema.org","@graph":[{"@type":"WebPage","@id":"https:\/\/dev.xstyle.md\/product\/gamak-amazonas-santana-pink\/","url":"https:\/\/dev.xstyle.md\/product\/gamak-amazonas-santana-pink\/","name":"Hamac Amazonas Santana Pink - Magazin Xstyle","isPartOf":{"@id":"https:\/\/dev.xstyle.md\/#website"},"primaryImageOfPage":{"@id":"https:\/\/dev.xstyle.md\/product\/gamak-amazonas-santana-pink\/#primaryimage"},"image":{"@id":"https:\/\/dev.xstyle.md\/product\/gamak-amazonas-santana-pink\/#primaryimage"},"thumbnailUrl":"https:\/\/dev.xstyle.md\/wp-content\/uploads\/2020\/07\/amazonas-haengematte-santana-pink_2.jpg","datePublished":"2020-07-19T13:20:42+00:00","dateModified":"2026-04-15T09:38:16+00:00","description":"Hamac Amazonas Santana Pink - alegerea perfect\u0103 pentru relaxare \u00een aer liber! Rezistent la rain \u0219i soare, moale la atingere. Fabricat \u00een Brazilia.","breadcrumb":{"@id":"https:\/\/dev.xstyle.md\/product\/gamak-amazonas-santana-pink\/#breadcrumb"},"inLanguage":"ro-RO","potentialAction":[{"@type":"ReadAction","target":["https:\/\/dev.xstyle.md\/product\/gamak-amazonas-santana-pink\/"]}]},{"@type":"ImageObject","inLanguage":"ro-RO","@id":"https:\/\/dev.xstyle.md\/product\/gamak-amazonas-santana-pink\/#primaryimage","url":"https:\/\/dev.xstyle.md\/wp-content\/uploads\/2020\/07\/amazonas-haengematte-santana-pink_2.jpg","contentUrl":"https:\/\/dev.xstyle.md\/wp-content\/uploads\/2020\/07\/amazonas-haengematte-santana-pink_2.jpg","width":1200,"height":495},{"@type":"BreadcrumbList","@id":"https:\/\/dev.xstyle.md\/product\/gamak-amazonas-santana-pink\/#breadcrumb","itemListElement":[{"@type":"ListItem","position":1,"name":"\u0413\u043b\u0430\u0432\u043d\u0430\u044f \u0441\u0442\u0440\u0430\u043d\u0438\u0446\u0430","item":"https:\/\/dev.xstyle.md\/"},{"@type":"ListItem","position":2,"name":"Shop","item":"https:\/\/dev.xstyle.md\/shop\/"},{"@type":"ListItem","position":3,"name":"\u0413\u0430\u043c\u0430\u043a Amazonas Santana Pink"}]},{"@type":"WebSite","@id":"https:\/\/dev.xstyle.md\/#website","url":"https:\/\/dev.xstyle.md\/","name":"Magazinul X-Style","description":"Echipamente pentru turism \u0219i sporturi extreme \u00een Moldova. Pre\u021buri, fotografii, caracteristici \u00een Moldova.","publisher":{"@id":"https:\/\/dev.xstyle.md\/#organization"},"alternateName":"X-Style","potentialAction":[{"@type":"SearchAction","target":{"@type":"EntryPoint","urlTemplate":"https:\/\/dev.xstyle.md\/?s={search_term_string}"},"query-input":{"@type":"PropertyValueSpecification","valueRequired":true,"valueName":"search_term_string"}}],"inLanguage":"ro-RO"},{"@type":"Organization","@id":"https:\/\/dev.xstyle.md\/#organization","name":"Magazinul X-Style","alternateName":"x-style","url":"https:\/\/dev.xstyle.md\/","logo":{"@type":"ImageObject","inLanguage":"ro-RO","@id":"https:\/\/dev.xstyle.md\/#\/schema\/logo\/image\/","url":"https:\/\/dev.xstyle.md\/wp-content\/uploads\/2020\/06\/logoicon.svg","contentUrl":"https:\/\/dev.xstyle.md\/wp-content\/uploads\/2020\/06\/logoicon.svg","caption":"\u041c\u0430\u0433\u0430\u0437\u0438\u043d Xstyle"},"image":{"@id":"https:\/\/dev.xstyle.md\/#\/schema\/logo\/image\/"},"sameAs":["https:\/\/www.facebook.com\/xstylemd","https:\/\/www.instagram.com\/xstyle_md\/","https:\/\/t.me\/xstyle_outdoor"],"hasMerchantReturnPolicy":{"@type":"MerchantReturnPolicy","merchantReturnLink":"https:\/\/dev.xstyle.md\/ro\/conditions\/"}}]},"product_price_amount":"1060.00","product_price_currency":"MDL","og_availability":"instock","product_availability":"instock","product_retailer_item_id":"4030454006873","product_condition":"new"},"post_mailing_queue_ids":[],"_links":{"self":[{"href":"https:\/\/dev.xstyle.md\/ro\/wp-json\/wp\/v2\/product\/23189","targetHints":{"allow":["GET"]}}],"collection":[{"href":"https:\/\/dev.xstyle.md\/ro\/wp-json\/wp\/v2\/product"}],"about":[{"href":"https:\/\/dev.xstyle.md\/ro\/wp-json\/wp\/v2\/types\/product"}],"replies":[{"embeddable":true,"href":"https:\/\/dev.xstyle.md\/ro\/wp-json\/wp\/v2\/comments?post=23189"}],"version-history":[{"count":0,"href":"https:\/\/dev.xstyle.md\/ro\/wp-json\/wp\/v2\/product\/23189\/revisions"}],"wp:featuredmedia":[{"embeddable":true,"href":"https:\/\/dev.xstyle.md\/ro\/wp-json\/wp\/v2\/media\/23183"}],"wp:attachment":[{"href":"https:\/\/dev.xstyle.md\/ro\/wp-json\/wp\/v2\/media?parent=23189"}],"wp:term":[{"taxonomy":"product_brand","embeddable":true,"href":"https:\/\/dev.xstyle.md\/ro\/wp-json\/wp\/v2\/product_brand?post=23189"},{"taxonomy":"product_cat","embeddable":true,"href":"https:\/\/dev.xstyle.md\/ro\/wp-json\/wp\/v2\/product_cat?post=23189"},{"taxonomy":"product_tag","embeddable":true,"href":"https:\/\/dev.xstyle.md\/ro\/wp-json\/wp\/v2\/product_tag?post=23189"}],"curies":[{"name":"wp","href":"https:\/\/api.w.org\/{rel}","templated":true}]}}