{"id":22713,"date":"2020-07-19T15:58:37","date_gmt":"2020-07-19T12:58:37","guid":{"rendered":"https:\/\/xstyle.md\/product\/wingbar-711-opora-753-evo-flush-rail-7106-adapter-black"},"modified":"2024-11-07T12:12:46","modified_gmt":"2024-11-07T09:12:46","slug":"wingbar-711-opora-753-evo-flush-rail-7106-adapter-black","status":"publish","type":"product","link":"https:\/\/dev.xstyle.md\/ro\/produs\/wingbar-711-opora-753-evo-flush-rail-7106-adapter-black\/","title":{"rendered":"Thule WingBar 711 + Evo Flush Rail 7106 + adapter"},"content":{"rendered":"<\/p>\n<p>Acesta este un set complet pentru instalarea barelor transversale aerodinamice pe acoperi\u0219ul unei ma\u0219ini. Folosirea c\u0103rora face posibil\u0103 transportul de accesorii suplimentare pe acoperi\u0219ul ma\u0219inii. Acesta include trei componente principale.<\/p>\n<p><strong>Thule WingBar Evo (711)<\/strong> &#8212; bare de acoperi\u0219 aerodinamice premium pentru o plimbare excep\u021bional de lini\u0219tit\u0103 \u0219i instalare u\u0219oar\u0103 a accesoriilor. Sunt fabricate din aliaj de aluminiu u\u0219or, au o form\u0103 pu\u021bin alungit\u0103 \u0219i rezisten\u021b\u0103 la fluxul de aer care se apropie \u0219i sunt, de asemenea, mai silen\u021bioase dec\u00e2t barele clasice Thule.<\/p>\n<h3>Specifica\u021biile barelor<\/h3>\n<ul>\n<li>Tehnologia WindDiffuser perturb\u0103 fluxul de aer, ceea ce reduce rezisten\u021ba aerului \u0219i nivelurile de zgomot \u0219i ajut\u0103 la economisirea combustibilului<\/li>\n<li>Designul TrailEdge reduce rezisten\u021ba aerodinamic\u0103 pentru un flux mai bun al arcului<\/li>\n<li>SmartSlides reglabile \u00een lungime pentru slotul sub arcuri ac\u021bioneaz\u0103, de asemenea, ca carenaje pentru o instalare rapid\u0103 \u0219i f\u0103r\u0103 probleme<\/li>\n<li>Capace SwingBlade deschise pentru a oferi acces complet la slotul T pentru instalarea u\u0219oar\u0103 a accesoriilor<\/li>\n<li>Barele sub forma unui T \u00eempreun\u0103 cu interfa\u021ba QuickAccess, permit instalarea \u0219i scoaterea rapid\u0103 \u0219i u\u0219oar\u0103 a accesoriilor<\/li>\n<li>Structura intern\u0103 a BoxBeam face baza barelor extrem de puternic\u0103<\/li>\n<\/ul>\n<p><strong>Thule Evo Flush Rail (7106)<\/strong> \u2013 noul sistem de prindere fixeaz\u0103 barele pe ambele p\u0103r\u021bi folosind (kitul Thule) ca \u0219i sistemul Rapid 753, dar \u00eentr-un design mai compact. Datorit\u0103 m\u00e2nerului hexagonal confortabil, barele pentru acoperi\u0219 poate fi reglate \u0219i instalate rapid. Sistemul inedit va \u00een\u0219tiin\u021ba dac\u0103 acestea sunt fixate \u00een siguran\u021b\u0103.<\/p>\n<h3>Caracteristicile suporturilor<\/h3>\n<ul>\n<li>Suporturi pentru bare Thule Evo<\/li>\n<li>Suportul se instaleaz\u0103 u\u0219or pe vehicul cu bare de acoperi\u0219 integrate<\/li>\n<li>Cheia limitatorului ergonomic indic\u0103 dac\u0103 portbagajul este fixat corect \u0219i \u00een siguran\u021b\u0103 de vehiculul dumneavoastr\u0103<\/li>\n<li>Set de \u00eencuietori Thule One-Key (incluse)<\/li>\n<\/ul>\n<p>Kit Thule (adaptor) este un articol de montaj reglabil care conecteaz\u0103 suportul direct pe acoperi\u0219ul vehiculului. Este selectat pentru fiecare ma\u0219in\u0103 individual. Compania produce produse premium, renumite pentru calitatea, siguran\u021ba, u\u0219urin\u021ba \u00een utilizare \u0219i designul elegant de neegalat.<\/p>\n<p>Compania suedez\u0103 Thule produce bare pentru acoperi\u0219 \u0219i alte echipamente auto folosind tehnologii europene avansate. Toate produsele sunt supuse celor mai riguroase test\u0103ri \u00een diferite condi\u021bii pentru a v\u0103 asigura c\u0103 Thule nu v\u0103 va dezam\u0103gi.<\/p>\n<p><em>Garan\u021bia oficial\u0103 a produc\u0103torului se r\u0103sfr\u00e2nge asupra produselor \u0219i componentelor m\u0103rcii comerciale Thule timp de 5 ani. <\/em><\/p>\n<h3>Avantajele utiliz\u0103rii<\/h3>\n<ul>\n<li>Pentru instalarea boxelor aerodinamice<\/li>\n<li>Posibilitatea de a fixa co\u0219uri \u0219i platforme pentru transportarea bagajelor de uz casnic<\/li>\n<li>Pentru montarea suporturilor pentru biciclete pe acoperi\u0219ul unei ma\u0219ini \u0219i transportul suplimentar al bicicletelor<\/li>\n<li>Posibilitatea fix\u0103rii leg\u0103turilor pentru schiuri \u0219i snowboard-uri<\/li>\n<li>Transportul de sc\u0103ri, caiace \u0219i alte m\u0103rfuri supradimensionate<\/li>\n<\/ul>\n<p>Nu stric\u0103 aspectul ma\u0219inii, dimpotriv\u0103, \u00eei confer\u0103 un element de completitudine.<\/p>\n<p>&nbsp;<\/p>\n<p><iframe loading=\"lazy\" title=\"Thule Evo Flush Rail  Mounting Tutorial\" width=\"500\" height=\"281\" src=\"https:\/\/www.youtube.com\/embed\/gtlCDtqoTg0?feature=oembed\" frameborder=\"0\" allow=\"accelerometer; autoplay; clipboard-write; encrypted-media; gyroscope; picture-in-picture; web-share\" referrerpolicy=\"strict-origin-when-cross-origin\" allowfullscreen><\/iframe><\/p>\n<p><\/p>","protected":false},"excerpt":{"rendered":"<p>Thule WingBar 711 + Rapid System 753\/ Evo Flush Rail 7106 + \u0430\u0434\u0430\u043f\u0442\u0435\u0440 (Black)<\/p>","protected":false},"featured_media":86839,"comment_status":"open","ping_status":"closed","template":"","meta":{"_acf_changed":false,"inline_featured_image":false},"product_brand":[1269],"product_cat":[649],"product_tag":[],"class_list":{"0":"post-22713","1":"product","2":"type-product","3":"status-publish","4":"has-post-thumbnail","6":"product_brand-thule","7":"product_cat-flush-roof","9":"first","10":"instock","11":"shipping-taxable","12":"purchasable","13":"product-type-simple"},"acf":[],"yoast_head":"<!-- This site is optimized with the Yoast SEO plugin v27.6 - https:\/\/yoast.com\/product\/yoast-seo-wordpress\/ -->\n<title>Thule WingBar 711 + Evo Flush Rail 7106 + \u0430\u0434\u0430\u043f\u0442\u0435\u0440 (Black) - \u041c\u0430\u0433\u0430\u0437\u0438\u043d Xstyle<\/title>\n<meta name=\"description\" content=\"\u041a\u043e\u043c\u043f\u043b\u0435\u043a\u0442 Thule WingBar 711 \u0438 Evo Flush Rail 7106 (\u0447\u0435\u0440\u043d\u044b\u0439) \u0434\u043b\u044f \u0443\u0441\u0442\u0430\u043d\u043e\u0432\u043a\u0438 \u0430\u044d\u0440\u043e\u0434\u0438\u043d\u0430\u043c\u0438\u0447\u0435\u0441\u043a\u0438\u0445 \u0431\u0430\u0433\u0430\u0436\u043d\u044b\u0445 \u0441\u0438\u0441\u0442\u0435\u043c \u043d\u0430 \u043a\u0440\u044b\u0448\u0435 \u0430\u0432\u0442\u043e\u043c\u043e\u0431\u0438\u043b\u044f. \u0418\u0434\u0435\u0430\u043b\u044c\u043d\u043e \u0434\u043b\u044f \u0442\u0440\u0430\u043d\u0441\u043f\u043e\u0440\u0442\u0438\u0440\u043e\u0432\u043a\u0438 \u0430\u043a\u0441\u0435\u0441\u0441\u0443\u0430\u0440\u043e\u0432!\" \/>\n<meta name=\"robots\" content=\"noindex, follow, max-snippet:-1, max-image-preview:large, max-video-preview:-1\" \/>\n<meta property=\"og:locale\" content=\"ro_RO\" \/>\n<meta property=\"og:type\" content=\"article\" \/>\n<meta property=\"og:title\" content=\"Thule WingBar 711 + Evo Flush Rail 7106 + \u0430\u0434\u0430\u043f\u0442\u0435\u0440 (Black) - \u041c\u0430\u0433\u0430\u0437\u0438\u043d Xstyle\" \/>\n<meta property=\"og:description\" content=\"\u041a\u043e\u043c\u043f\u043b\u0435\u043a\u0442 Thule WingBar 711 \u0438 Evo Flush Rail 7106 (\u0447\u0435\u0440\u043d\u044b\u0439) \u0434\u043b\u044f \u0443\u0441\u0442\u0430\u043d\u043e\u0432\u043a\u0438 \u0430\u044d\u0440\u043e\u0434\u0438\u043d\u0430\u043c\u0438\u0447\u0435\u0441\u043a\u0438\u0445 \u0431\u0430\u0433\u0430\u0436\u043d\u044b\u0445 \u0441\u0438\u0441\u0442\u0435\u043c \u043d\u0430 \u043a\u0440\u044b\u0448\u0435 \u0430\u0432\u0442\u043e\u043c\u043e\u0431\u0438\u043b\u044f. \u0418\u0434\u0435\u0430\u043b\u044c\u043d\u043e \u0434\u043b\u044f \u0442\u0440\u0430\u043d\u0441\u043f\u043e\u0440\u0442\u0438\u0440\u043e\u0432\u043a\u0438 \u0430\u043a\u0441\u0435\u0441\u0441\u0443\u0430\u0440\u043e\u0432!\" \/>\n<meta property=\"og:url\" content=\"https:\/\/dev.xstyle.md\/ro\/produs\/wingbar-711-opora-753-evo-flush-rail-7106-adapter-black\/\" \/>\n<meta property=\"og:site_name\" content=\"\u041c\u0430\u0433\u0430\u0437\u0438\u043d Xstyle\" \/>\n<meta property=\"article:publisher\" content=\"https:\/\/www.facebook.com\/xstylemd\" \/>\n<meta property=\"article:modified_time\" content=\"2024-11-07T09:12:46+00:00\" \/>\n<meta property=\"og:image\" content=\"https:\/\/dev.xstyle.md\/wp-content\/uploads\/2020\/07\/711-7106-black2.jpg\" \/>\n\t<meta property=\"og:image:width\" content=\"1515\" \/>\n\t<meta property=\"og:image:height\" content=\"786\" \/>\n\t<meta property=\"og:image:type\" content=\"image\/jpeg\" \/>\n<meta name=\"twitter:card\" content=\"summary_large_image\" \/>\n<meta name=\"twitter:label1\" content=\"Pre\u021b\" \/>\n\t<meta name=\"twitter:data1\" content=\"7.790,00&nbsp;MDL\" \/>\n\t<meta name=\"twitter:label2\" content=\"Disponibilitate\" \/>\n\t<meta name=\"twitter:data2\" content=\"\u00cen stoc\" \/>\n<script type=\"application\/ld+json\" class=\"yoast-schema-graph\">{\"@context\":\"https:\\\/\\\/schema.org\",\"@graph\":[{\"@type\":\"WebPage\",\"@id\":\"https:\\\/\\\/dev.xstyle.md\\\/product\\\/wingbar-711-opora-753-evo-flush-rail-7106-adapter-black\\\/\",\"url\":\"https:\\\/\\\/dev.xstyle.md\\\/product\\\/wingbar-711-opora-753-evo-flush-rail-7106-adapter-black\\\/\",\"name\":\"Thule WingBar 711 + Evo Flush Rail 7106 + \u0430\u0434\u0430\u043f\u0442\u0435\u0440 (Black) - \u041c\u0430\u0433\u0430\u0437\u0438\u043d Xstyle\",\"isPartOf\":{\"@id\":\"https:\\\/\\\/dev.xstyle.md\\\/#website\"},\"primaryImageOfPage\":{\"@id\":\"https:\\\/\\\/dev.xstyle.md\\\/product\\\/wingbar-711-opora-753-evo-flush-rail-7106-adapter-black\\\/#primaryimage\"},\"image\":{\"@id\":\"https:\\\/\\\/dev.xstyle.md\\\/product\\\/wingbar-711-opora-753-evo-flush-rail-7106-adapter-black\\\/#primaryimage\"},\"thumbnailUrl\":\"https:\\\/\\\/dev.xstyle.md\\\/wp-content\\\/uploads\\\/2020\\\/07\\\/711-7106-black2.jpg\",\"datePublished\":\"2020-07-19T12:58:37+00:00\",\"dateModified\":\"2024-11-07T09:12:46+00:00\",\"description\":\"\u041a\u043e\u043c\u043f\u043b\u0435\u043a\u0442 Thule WingBar 711 \u0438 Evo Flush Rail 7106 (\u0447\u0435\u0440\u043d\u044b\u0439) \u0434\u043b\u044f \u0443\u0441\u0442\u0430\u043d\u043e\u0432\u043a\u0438 \u0430\u044d\u0440\u043e\u0434\u0438\u043d\u0430\u043c\u0438\u0447\u0435\u0441\u043a\u0438\u0445 \u0431\u0430\u0433\u0430\u0436\u043d\u044b\u0445 \u0441\u0438\u0441\u0442\u0435\u043c \u043d\u0430 \u043a\u0440\u044b\u0448\u0435 \u0430\u0432\u0442\u043e\u043c\u043e\u0431\u0438\u043b\u044f. \u0418\u0434\u0435\u0430\u043b\u044c\u043d\u043e \u0434\u043b\u044f \u0442\u0440\u0430\u043d\u0441\u043f\u043e\u0440\u0442\u0438\u0440\u043e\u0432\u043a\u0438 \u0430\u043a\u0441\u0435\u0441\u0441\u0443\u0430\u0440\u043e\u0432!\",\"breadcrumb\":{\"@id\":\"https:\\\/\\\/dev.xstyle.md\\\/product\\\/wingbar-711-opora-753-evo-flush-rail-7106-adapter-black\\\/#breadcrumb\"},\"inLanguage\":\"ro-RO\",\"potentialAction\":[{\"@type\":\"ReadAction\",\"target\":[\"https:\\\/\\\/dev.xstyle.md\\\/product\\\/wingbar-711-opora-753-evo-flush-rail-7106-adapter-black\\\/\"]}]},{\"@type\":\"ImageObject\",\"inLanguage\":\"ro-RO\",\"@id\":\"https:\\\/\\\/dev.xstyle.md\\\/product\\\/wingbar-711-opora-753-evo-flush-rail-7106-adapter-black\\\/#primaryimage\",\"url\":\"https:\\\/\\\/dev.xstyle.md\\\/wp-content\\\/uploads\\\/2020\\\/07\\\/711-7106-black2.jpg\",\"contentUrl\":\"https:\\\/\\\/dev.xstyle.md\\\/wp-content\\\/uploads\\\/2020\\\/07\\\/711-7106-black2.jpg\",\"width\":1515,\"height\":786,\"caption\":\"\u0410\u0434\u0430\u043f\u0442\u0435\u0440 \u0434\u043b\u044f \u0440\u0435\u0439\u043b\u043b\u043e\u0432 Thule WingBar 711 \u0438 Evo 7106 \u0434\u043b\u044f \u0430\u043a\u0442\u0438\u0432\u043d\u043e\u0433\u043e \u043e\u0442\u0434\u044b\u0445\u0430, \u043f\u0443\u0442\u0435\u0448\u0435\u0441\u0442\u0432\u0438\u0439 \u0438 \u0430\u043b\u044c\u043f\u0438\u043d\u0438\u0437\u043c\u0430, \u043e\u0434\u0435\u0436\u0434\u0430 \u0438 \u043e\u0431\u0443\u0432\u044c \u0434\u043b\u044f \u043f\u043e\u0445\u043e\u0434\u043e\u0432 \u0438 \u0442\u0443\u0440\u0438\u0437\u043c\u0430\"},{\"@type\":\"BreadcrumbList\",\"@id\":\"https:\\\/\\\/dev.xstyle.md\\\/product\\\/wingbar-711-opora-753-evo-flush-rail-7106-adapter-black\\\/#breadcrumb\",\"itemListElement\":[{\"@type\":\"ListItem\",\"position\":1,\"name\":\"\u0413\u043b\u0430\u0432\u043d\u0430\u044f \u0441\u0442\u0440\u0430\u043d\u0438\u0446\u0430\",\"item\":\"https:\\\/\\\/dev.xstyle.md\\\/\"},{\"@type\":\"ListItem\",\"position\":2,\"name\":\"Shop\",\"item\":\"https:\\\/\\\/dev.xstyle.md\\\/shop\\\/\"},{\"@type\":\"ListItem\",\"position\":3,\"name\":\"Thule WingBar 711 + Evo Flush Rail 7106 + \u0430\u0434\u0430\u043f\u0442\u0435\u0440 (Black)\"}]},{\"@type\":\"WebSite\",\"@id\":\"https:\\\/\\\/dev.xstyle.md\\\/#website\",\"url\":\"https:\\\/\\\/dev.xstyle.md\\\/\",\"name\":\"\u041c\u0430\u0433\u0430\u0437\u0438\u043d Xstyle\",\"description\":\"C\u043d\u0430\u0440\u044f\u0436\u0435\u043d\u0438\u0435 \u0434\u043b\u044f \u0442\u0443\u0440\u0438\u0437\u043c\u0430 \u0438 \u044d\u043a\u0441\u0442\u0440\u0435\u043c\u0430\u043b\u044c\u043d\u044b\u0445 \u0432\u0438\u0434\u043e\u0432 \u0441\u043f\u043e\u0440\u0442\u0430 \u0432 \u041c\u043e\u043b\u0434\u043e\u0432\u0435.. \u0426\u0435\u043d\u044b, \u0444\u043e\u0442\u043e, \u0445\u0430\u0440\u0430\u043a\u0442\u0435\u0440\u0438\u0441\u0442\u0438\u043a\u0438 \u0432 \u041c\u043e\u043b\u0434\u043e\u0432\u0435.\",\"publisher\":{\"@id\":\"https:\\\/\\\/dev.xstyle.md\\\/#organization\"},\"alternateName\":\"X-Style\",\"potentialAction\":[{\"@type\":\"SearchAction\",\"target\":{\"@type\":\"EntryPoint\",\"urlTemplate\":\"https:\\\/\\\/dev.xstyle.md\\\/?s={search_term_string}\"},\"query-input\":{\"@type\":\"PropertyValueSpecification\",\"valueRequired\":true,\"valueName\":\"search_term_string\"}}],\"inLanguage\":\"ro-RO\"},{\"@type\":\"Organization\",\"@id\":\"https:\\\/\\\/dev.xstyle.md\\\/#organization\",\"name\":\"\u041c\u0430\u0433\u0430\u0437\u0438\u043d Xstyle\",\"alternateName\":\"x-style\",\"url\":\"https:\\\/\\\/dev.xstyle.md\\\/\",\"logo\":{\"@type\":\"ImageObject\",\"inLanguage\":\"ro-RO\",\"@id\":\"https:\\\/\\\/dev.xstyle.md\\\/#\\\/schema\\\/logo\\\/image\\\/\",\"url\":\"https:\\\/\\\/dev.xstyle.md\\\/wp-content\\\/uploads\\\/2020\\\/06\\\/logoicon.svg\",\"contentUrl\":\"https:\\\/\\\/dev.xstyle.md\\\/wp-content\\\/uploads\\\/2020\\\/06\\\/logoicon.svg\",\"caption\":\"\u041c\u0430\u0433\u0430\u0437\u0438\u043d Xstyle\"},\"image\":{\"@id\":\"https:\\\/\\\/dev.xstyle.md\\\/#\\\/schema\\\/logo\\\/image\\\/\"},\"sameAs\":[\"https:\\\/\\\/www.facebook.com\\\/xstylemd\",\"https:\\\/\\\/www.instagram.com\\\/xstyle_md\\\/\",\"https:\\\/\\\/t.me\\\/xstyle_outdoor\"],\"hasMerchantReturnPolicy\":{\"@type\":\"MerchantReturnPolicy\",\"merchantReturnLink\":\"https:\\\/\\\/dev.xstyle.md\\\/ro\\\/conditions\\\/\"}}]}<\/script>\n<meta property=\"product:price:amount\" content=\"7790.00\" \/>\n<meta property=\"product:price:currency\" content=\"MDL\" \/>\n<meta property=\"og:availability\" content=\"instock\" \/>\n<meta property=\"product:availability\" content=\"instock\" \/>\n<meta property=\"product:retailer_item_id\" content=\"711+753\/7106+kit+black\" \/>\n<meta property=\"product:condition\" content=\"new\" \/>\n<!-- \/ Yoast SEO plugin. -->","yoast_head_json":{"title":"Thule WingBar 711 + Evo Flush Rail 7106 + adapter - Magazin Xstyle","description":"Pachetul Thule WingBar 711 \u0219i Evo Flush Rail 7106 (negru) pentru montarea sistemelor aerodinamice de bagaje pe acoperi\u0219ul ma\u0219inii. Ideal pentru transportul accesoriilor!","robots":{"index":"noindex","follow":"follow","max-snippet":"max-snippet:-1","max-image-preview":"max-image-preview:large","max-video-preview":"max-video-preview:-1"},"og_locale":"ro_RO","og_type":"article","og_title":"Thule WingBar 711 + Evo Flush Rail 7106 + \u0430\u0434\u0430\u043f\u0442\u0435\u0440 (Black) - \u041c\u0430\u0433\u0430\u0437\u0438\u043d Xstyle","og_description":"\u041a\u043e\u043c\u043f\u043b\u0435\u043a\u0442 Thule WingBar 711 \u0438 Evo Flush Rail 7106 (\u0447\u0435\u0440\u043d\u044b\u0439) \u0434\u043b\u044f \u0443\u0441\u0442\u0430\u043d\u043e\u0432\u043a\u0438 \u0430\u044d\u0440\u043e\u0434\u0438\u043d\u0430\u043c\u0438\u0447\u0435\u0441\u043a\u0438\u0445 \u0431\u0430\u0433\u0430\u0436\u043d\u044b\u0445 \u0441\u0438\u0441\u0442\u0435\u043c \u043d\u0430 \u043a\u0440\u044b\u0448\u0435 \u0430\u0432\u0442\u043e\u043c\u043e\u0431\u0438\u043b\u044f. \u0418\u0434\u0435\u0430\u043b\u044c\u043d\u043e \u0434\u043b\u044f \u0442\u0440\u0430\u043d\u0441\u043f\u043e\u0440\u0442\u0438\u0440\u043e\u0432\u043a\u0438 \u0430\u043a\u0441\u0435\u0441\u0441\u0443\u0430\u0440\u043e\u0432!","og_url":"https:\/\/dev.xstyle.md\/ro\/produs\/wingbar-711-opora-753-evo-flush-rail-7106-adapter-black\/","og_site_name":"\u041c\u0430\u0433\u0430\u0437\u0438\u043d Xstyle","article_publisher":"https:\/\/www.facebook.com\/xstylemd","article_modified_time":"2024-11-07T09:12:46+00:00","og_image":[{"width":1515,"height":786,"url":"https:\/\/dev.xstyle.md\/wp-content\/uploads\/2020\/07\/711-7106-black2.jpg","type":"image\/jpeg"}],"twitter_card":"summary_large_image","twitter_misc":{"Pre\u021b":"7.790,00&nbsp;MDL","Disponibilitate":"\u00cen stoc"},"schema":{"@context":"https:\/\/schema.org","@graph":[{"@type":"WebPage","@id":"https:\/\/dev.xstyle.md\/product\/wingbar-711-opora-753-evo-flush-rail-7106-adapter-black\/","url":"https:\/\/dev.xstyle.md\/product\/wingbar-711-opora-753-evo-flush-rail-7106-adapter-black\/","name":"Thule WingBar 711 + Evo Flush Rail 7106 + adapter - Magazin Xstyle","isPartOf":{"@id":"https:\/\/dev.xstyle.md\/#website"},"primaryImageOfPage":{"@id":"https:\/\/dev.xstyle.md\/product\/wingbar-711-opora-753-evo-flush-rail-7106-adapter-black\/#primaryimage"},"image":{"@id":"https:\/\/dev.xstyle.md\/product\/wingbar-711-opora-753-evo-flush-rail-7106-adapter-black\/#primaryimage"},"thumbnailUrl":"https:\/\/dev.xstyle.md\/wp-content\/uploads\/2020\/07\/711-7106-black2.jpg","datePublished":"2020-07-19T12:58:37+00:00","dateModified":"2024-11-07T09:12:46+00:00","description":"Pachetul Thule WingBar 711 \u0219i Evo Flush Rail 7106 (negru) pentru montarea sistemelor aerodinamice de bagaje pe acoperi\u0219ul ma\u0219inii. Ideal pentru transportul accesoriilor!","breadcrumb":{"@id":"https:\/\/dev.xstyle.md\/product\/wingbar-711-opora-753-evo-flush-rail-7106-adapter-black\/#breadcrumb"},"inLanguage":"ro-RO","potentialAction":[{"@type":"ReadAction","target":["https:\/\/dev.xstyle.md\/product\/wingbar-711-opora-753-evo-flush-rail-7106-adapter-black\/"]}]},{"@type":"ImageObject","inLanguage":"ro-RO","@id":"https:\/\/dev.xstyle.md\/product\/wingbar-711-opora-753-evo-flush-rail-7106-adapter-black\/#primaryimage","url":"https:\/\/dev.xstyle.md\/wp-content\/uploads\/2020\/07\/711-7106-black2.jpg","contentUrl":"https:\/\/dev.xstyle.md\/wp-content\/uploads\/2020\/07\/711-7106-black2.jpg","width":1515,"height":786,"caption":"\u0410\u0434\u0430\u043f\u0442\u0435\u0440 \u0434\u043b\u044f \u0440\u0435\u0439\u043b\u043b\u043e\u0432 Thule WingBar 711 \u0438 Evo 7106 \u0434\u043b\u044f \u0430\u043a\u0442\u0438\u0432\u043d\u043e\u0433\u043e \u043e\u0442\u0434\u044b\u0445\u0430, \u043f\u0443\u0442\u0435\u0448\u0435\u0441\u0442\u0432\u0438\u0439 \u0438 \u0430\u043b\u044c\u043f\u0438\u043d\u0438\u0437\u043c\u0430, \u043e\u0434\u0435\u0436\u0434\u0430 \u0438 \u043e\u0431\u0443\u0432\u044c \u0434\u043b\u044f \u043f\u043e\u0445\u043e\u0434\u043e\u0432 \u0438 \u0442\u0443\u0440\u0438\u0437\u043c\u0430"},{"@type":"BreadcrumbList","@id":"https:\/\/dev.xstyle.md\/product\/wingbar-711-opora-753-evo-flush-rail-7106-adapter-black\/#breadcrumb","itemListElement":[{"@type":"ListItem","position":1,"name":"\u0413\u043b\u0430\u0432\u043d\u0430\u044f \u0441\u0442\u0440\u0430\u043d\u0438\u0446\u0430","item":"https:\/\/dev.xstyle.md\/"},{"@type":"ListItem","position":2,"name":"Shop","item":"https:\/\/dev.xstyle.md\/shop\/"},{"@type":"ListItem","position":3,"name":"Thule WingBar 711 + Evo Flush Rail 7106 + \u0430\u0434\u0430\u043f\u0442\u0435\u0440 (Black)"}]},{"@type":"WebSite","@id":"https:\/\/dev.xstyle.md\/#website","url":"https:\/\/dev.xstyle.md\/","name":"Magazinul X-Style","description":"Echipamente pentru turism \u0219i sporturi extreme \u00een Moldova. Pre\u021buri, fotografii, caracteristici \u00een Moldova.","publisher":{"@id":"https:\/\/dev.xstyle.md\/#organization"},"alternateName":"X-Style","potentialAction":[{"@type":"SearchAction","target":{"@type":"EntryPoint","urlTemplate":"https:\/\/dev.xstyle.md\/?s={search_term_string}"},"query-input":{"@type":"PropertyValueSpecification","valueRequired":true,"valueName":"search_term_string"}}],"inLanguage":"ro-RO"},{"@type":"Organization","@id":"https:\/\/dev.xstyle.md\/#organization","name":"Magazinul X-Style","alternateName":"x-style","url":"https:\/\/dev.xstyle.md\/","logo":{"@type":"ImageObject","inLanguage":"ro-RO","@id":"https:\/\/dev.xstyle.md\/#\/schema\/logo\/image\/","url":"https:\/\/dev.xstyle.md\/wp-content\/uploads\/2020\/06\/logoicon.svg","contentUrl":"https:\/\/dev.xstyle.md\/wp-content\/uploads\/2020\/06\/logoicon.svg","caption":"\u041c\u0430\u0433\u0430\u0437\u0438\u043d Xstyle"},"image":{"@id":"https:\/\/dev.xstyle.md\/#\/schema\/logo\/image\/"},"sameAs":["https:\/\/www.facebook.com\/xstylemd","https:\/\/www.instagram.com\/xstyle_md\/","https:\/\/t.me\/xstyle_outdoor"],"hasMerchantReturnPolicy":{"@type":"MerchantReturnPolicy","merchantReturnLink":"https:\/\/dev.xstyle.md\/ro\/conditions\/"}}]},"product_price_amount":"7790.00","product_price_currency":"MDL","og_availability":"instock","product_availability":"instock","product_retailer_item_id":"711+753\/7106+kit+black","product_condition":"new"},"post_mailing_queue_ids":[],"_links":{"self":[{"href":"https:\/\/dev.xstyle.md\/ro\/wp-json\/wp\/v2\/product\/22713","targetHints":{"allow":["GET"]}}],"collection":[{"href":"https:\/\/dev.xstyle.md\/ro\/wp-json\/wp\/v2\/product"}],"about":[{"href":"https:\/\/dev.xstyle.md\/ro\/wp-json\/wp\/v2\/types\/product"}],"replies":[{"embeddable":true,"href":"https:\/\/dev.xstyle.md\/ro\/wp-json\/wp\/v2\/comments?post=22713"}],"version-history":[{"count":0,"href":"https:\/\/dev.xstyle.md\/ro\/wp-json\/wp\/v2\/product\/22713\/revisions"}],"wp:featuredmedia":[{"embeddable":true,"href":"https:\/\/dev.xstyle.md\/ro\/wp-json\/wp\/v2\/media\/86839"}],"wp:attachment":[{"href":"https:\/\/dev.xstyle.md\/ro\/wp-json\/wp\/v2\/media?parent=22713"}],"wp:term":[{"taxonomy":"product_brand","embeddable":true,"href":"https:\/\/dev.xstyle.md\/ro\/wp-json\/wp\/v2\/product_brand?post=22713"},{"taxonomy":"product_cat","embeddable":true,"href":"https:\/\/dev.xstyle.md\/ro\/wp-json\/wp\/v2\/product_cat?post=22713"},{"taxonomy":"product_tag","embeddable":true,"href":"https:\/\/dev.xstyle.md\/ro\/wp-json\/wp\/v2\/product_tag?post=22713"}],"curies":[{"name":"wp","href":"https:\/\/api.w.org\/{rel}","templated":true}]}}