{"id":21989,"date":"2020-07-19T15:29:49","date_gmt":"2020-07-19T12:29:49","guid":{"rendered":"https:\/\/xstyle.md\/product\/nozh-victorinox-hunter-0-8573-red"},"modified":"2026-01-09T12:51:27","modified_gmt":"2026-01-09T09:51:27","slug":"nozh-victorinox-hunter-0-8573-red","status":"publish","type":"product","link":"https:\/\/xstyle.md\/ro\/produs\/nozh-victorinox-hunter-0-8573-red\/","title":{"rendered":"Multitool Victorinox Hunter 0.8573 Red"},"content":{"rendered":"<\/p>\n<p><strong>Multitool Victorinox Hunter 0.8573 Red<\/strong> &#8212; un cu\u021bit special pentru v\u00e2n\u0103tori \u0219i pasiona\u021bi de aer liber. Con\u021bine toate func\u021biile de care ai nevoie \u00een fiecare zi. Cu\u021bitul are o form\u0103 curb\u0103 \u0219i v\u00e2rful rotunjit cu o lam\u0103 de t\u0103iere special\u0103. Un asistent indispensabil care con\u021bine un set uria\u0219 de instrumente necesare! Un exemplu excelent al unui cu\u021bit de ofi\u021ber, care denot\u0103 c\u0103 toate instrumentele necesare sunt \u00eentotdeauna la \u00eendem\u00e2n\u0103. Acest cu\u021bit este \u00eentr-adev\u0103r un decor real \u0219i un adev\u0103rat suvenir. Un set \u00eentreg de instrumente multiple \u00eel face unic \u0219i universal.<br \/>\nFabricat din materiale de \u00eenalt\u0103 calitate. M\u00e2nerul lucios este realizat \u00een ro\u0219u aprins. Puternic, fiabil \u0219i durabil. \u00cen acela\u0219i timp, un instrument practic \u0219i frumos. Va fi un ajutor bun \u00een orice repara\u021bie, iar orice c\u0103l\u0103tor sau doar un iubitor al timpului liber activ \u00een natur\u0103 va fi \u00eenc\u00e2ntat de un cadou sub forma unui multitool al acestui model. Datorit\u0103 greut\u0103\u021bii sale u\u0219oare, \u00eel po\u021bi transporta cu u\u0219urin\u021b\u0103 cu tine. Lama ei este la fel de puternic\u0103 \u0219i ascu\u021bit\u0103.<\/p>\n<p>Instrumentul va fi un asistent zilnic excelent. U\u0219or de utilizat \u0219i de transportat.<\/p>\n<p>Calitatea m\u0103rcii renumite mondial Victorinox, care produce cu\u021bite armate elve\u021biene din 1897, este remarcabil\u0103. Cump\u0103r\u00e2nd Victorinox, ve\u021bi ob\u021bine un instrument de prim\u0103 clas\u0103 pe care \u00eel ve\u021bi folosi timp de mai mul\u021bi ani. El va deveni asistentul t\u0103u \u00een via\u021ba de zi cu zi, \u00een natur\u0103 \u0219i chiar \u00een cea mai dificil\u0103 situa\u021bie.<\/p>\n<h3>Include\u021bi<\/h3>\n<ul>\n<li>Lama mare cu blocare (Liner Lock).<\/li>\n<li>Tirbuson.<\/li>\n<li>Pil\u0103 pentru lemn.<\/li>\n<li>Cu\u021bit de rimel.<\/li>\n<li>Deschizator de sticle.<\/li>\n<li>Deschiz\u0103tor de conserve.<\/li>\n<li>\u0218urubelni\u021b\u0103.<\/li>\n<li>Instrument de decapare.<\/li>\n<li>Sul\u0103.<\/li>\n<li>Cheie.<\/li>\n<li>Penset\u0103.<\/li>\n<li>Scobitoare.<\/li>\n<\/ul>\n<h3>Specificatii<\/h3>\n<ul>\n<li>Foarte u\u0219or.<\/li>\n<li>Universal, util acas\u0103, \u00een c\u0103l\u0103torii etc.<\/li>\n<li>Dimensiuni mici, este foarte convenabil \u00een timpul depozit\u0103rii \u0219i func\u021bion\u0103rii.<\/li>\n<li>Aspect elegant, care v\u0103 permite s\u0103 folosi\u021bi produsul ca breloc.<\/li>\n<\/ul>\n<h3>Caracteristici<\/h3>\n<ul>\n<li>Dimensiuni produs: 11,1x 3,2 x 1,85 cm.<\/li>\n<li>Num\u0103rul de func\u021bii: 12.<\/li>\n<li>O\u021bel: inox.<\/li>\n<li>Culoare: ro\u015fu.<\/li>\n<li>Greutate: 125 gr.<\/li>\n<\/ul>\n<p><\/p>","protected":false},"excerpt":{"rendered":"<p>Multitool Victorinox Hunter 0.8573 Red<\/p>","protected":false},"featured_media":21984,"comment_status":"open","ping_status":"closed","template":"","meta":{"_acf_changed":false,"inline_featured_image":false},"product_brand":[1327],"product_cat":[415],"product_tag":[],"class_list":{"0":"post-21989","1":"product","2":"type-product","3":"status-publish","4":"has-post-thumbnail","6":"product_brand-victorinox","7":"product_cat-multitools","9":"first","10":"instock","11":"shipping-taxable","12":"purchasable","13":"product-type-simple"},"acf":[],"yoast_head":"<!-- This site is optimized with the Yoast SEO plugin v27.4 - https:\/\/yoast.com\/product\/yoast-seo-wordpress\/ -->\n<title>\u041c\u0443\u043b\u044c\u0442\u0438\u0442\u0443\u043b Victorinox Hunter 0.8573 red - \u041c\u0430\u0433\u0430\u0437\u0438\u043d Xstyle<\/title>\n<meta name=\"description\" content=\"\u041c\u0443\u043b\u044c\u0442\u0438\u0442\u0443\u043b Victorinox Hunter 0.8573 Red \u2014 \u0438\u0434\u0435\u0430\u043b\u044c\u043d\u044b\u0439 \u0430\u043a\u0441\u0435\u0441\u0441\u0443\u0430\u0440 \u0434\u043b\u044f \u043e\u0445\u043e\u0442\u043d\u0438\u043a\u043e\u0432 \u0438 \u043b\u044e\u0431\u0438\u0442\u0435\u043b\u0435\u0439 \u0442\u0443\u0440\u0438\u0441\u0442\u0438\u0447\u0435\u0441\u043a\u0438\u0445 \u043f\u043e\u0445\u043e\u0434\u043e\u0432. \u0412\u0441\u0435 \u0444\u0443\u043d\u043a\u0446\u0438\u0438 \u0434\u043b\u044f \u0443\u0434\u043e\u0431\u0441\u0442\u0432\u0430 \u043d\u0430 \u043a\u0430\u0436\u0434\u043e\u043c \u0448\u0430\u0433\u0443!\" \/>\n<meta name=\"robots\" content=\"index, follow, max-snippet:-1, max-image-preview:large, max-video-preview:-1\" \/>\n<link rel=\"canonical\" href=\"https:\/\/xstyle.md\/ro\/produs\/nozh-victorinox-hunter-0-8573-red\/\" \/>\n<meta property=\"og:locale\" content=\"ro_RO\" \/>\n<meta property=\"og:type\" content=\"article\" \/>\n<meta property=\"og:title\" content=\"\u041c\u0443\u043b\u044c\u0442\u0438\u0442\u0443\u043b Victorinox Hunter 0.8573 red - \u041c\u0430\u0433\u0430\u0437\u0438\u043d Xstyle\" \/>\n<meta property=\"og:description\" content=\"\u041c\u0443\u043b\u044c\u0442\u0438\u0442\u0443\u043b Victorinox Hunter 0.8573 Red \u2014 \u0438\u0434\u0435\u0430\u043b\u044c\u043d\u044b\u0439 \u0430\u043a\u0441\u0435\u0441\u0441\u0443\u0430\u0440 \u0434\u043b\u044f \u043e\u0445\u043e\u0442\u043d\u0438\u043a\u043e\u0432 \u0438 \u043b\u044e\u0431\u0438\u0442\u0435\u043b\u0435\u0439 \u0442\u0443\u0440\u0438\u0441\u0442\u0438\u0447\u0435\u0441\u043a\u0438\u0445 \u043f\u043e\u0445\u043e\u0434\u043e\u0432. \u0412\u0441\u0435 \u0444\u0443\u043d\u043a\u0446\u0438\u0438 \u0434\u043b\u044f \u0443\u0434\u043e\u0431\u0441\u0442\u0432\u0430 \u043d\u0430 \u043a\u0430\u0436\u0434\u043e\u043c \u0448\u0430\u0433\u0443!\" \/>\n<meta property=\"og:url\" content=\"https:\/\/xstyle.md\/ro\/produs\/nozh-victorinox-hunter-0-8573-red\/\" \/>\n<meta property=\"og:site_name\" content=\"\u041c\u0430\u0433\u0430\u0437\u0438\u043d Xstyle\" \/>\n<meta property=\"article:publisher\" content=\"https:\/\/www.facebook.com\/xstylemd\" \/>\n<meta property=\"article:modified_time\" content=\"2026-01-09T09:51:27+00:00\" \/>\n<meta property=\"og:image\" content=\"https:\/\/xstyle.md\/wp-content\/uploads\/2020\/07\/victorinox_hunter_0.8573_red.jpg\" \/>\n\t<meta property=\"og:image:width\" content=\"640\" \/>\n\t<meta property=\"og:image:height\" content=\"560\" \/>\n\t<meta property=\"og:image:type\" content=\"image\/jpeg\" \/>\n<meta name=\"twitter:card\" content=\"summary_large_image\" \/>\n<meta name=\"twitter:label1\" content=\"Pre\u021b\" \/>\n\t<meta name=\"twitter:data1\" content=\"1.260&nbsp;MDL\" \/>\n\t<meta name=\"twitter:label2\" content=\"Disponibilitate\" \/>\n\t<meta name=\"twitter:data2\" content=\"\u00cen stoc\" \/>\n<script type=\"application\/ld+json\" class=\"yoast-schema-graph\">{\"@context\":\"https:\\\/\\\/schema.org\",\"@graph\":[{\"@type\":\"WebPage\",\"@id\":\"https:\\\/\\\/xstyle.md\\\/product\\\/nozh-victorinox-hunter-0-8573-red\\\/\",\"url\":\"https:\\\/\\\/xstyle.md\\\/product\\\/nozh-victorinox-hunter-0-8573-red\\\/\",\"name\":\"\u041c\u0443\u043b\u044c\u0442\u0438\u0442\u0443\u043b Victorinox Hunter 0.8573 red - \u041c\u0430\u0433\u0430\u0437\u0438\u043d Xstyle\",\"isPartOf\":{\"@id\":\"https:\\\/\\\/xstyle.md\\\/#website\"},\"primaryImageOfPage\":{\"@id\":\"https:\\\/\\\/xstyle.md\\\/product\\\/nozh-victorinox-hunter-0-8573-red\\\/#primaryimage\"},\"image\":{\"@id\":\"https:\\\/\\\/xstyle.md\\\/product\\\/nozh-victorinox-hunter-0-8573-red\\\/#primaryimage\"},\"thumbnailUrl\":\"https:\\\/\\\/xstyle.md\\\/wp-content\\\/uploads\\\/2020\\\/07\\\/victorinox_hunter_0.8573_red.jpg\",\"datePublished\":\"2020-07-19T12:29:49+00:00\",\"dateModified\":\"2026-01-09T09:51:27+00:00\",\"description\":\"\u041c\u0443\u043b\u044c\u0442\u0438\u0442\u0443\u043b Victorinox Hunter 0.8573 Red \u2014 \u0438\u0434\u0435\u0430\u043b\u044c\u043d\u044b\u0439 \u0430\u043a\u0441\u0435\u0441\u0441\u0443\u0430\u0440 \u0434\u043b\u044f \u043e\u0445\u043e\u0442\u043d\u0438\u043a\u043e\u0432 \u0438 \u043b\u044e\u0431\u0438\u0442\u0435\u043b\u0435\u0439 \u0442\u0443\u0440\u0438\u0441\u0442\u0438\u0447\u0435\u0441\u043a\u0438\u0445 \u043f\u043e\u0445\u043e\u0434\u043e\u0432. \u0412\u0441\u0435 \u0444\u0443\u043d\u043a\u0446\u0438\u0438 \u0434\u043b\u044f \u0443\u0434\u043e\u0431\u0441\u0442\u0432\u0430 \u043d\u0430 \u043a\u0430\u0436\u0434\u043e\u043c \u0448\u0430\u0433\u0443!\",\"breadcrumb\":{\"@id\":\"https:\\\/\\\/xstyle.md\\\/product\\\/nozh-victorinox-hunter-0-8573-red\\\/#breadcrumb\"},\"inLanguage\":\"ro-RO\",\"potentialAction\":[{\"@type\":\"ReadAction\",\"target\":[\"https:\\\/\\\/xstyle.md\\\/product\\\/nozh-victorinox-hunter-0-8573-red\\\/\"]}]},{\"@type\":\"ImageObject\",\"inLanguage\":\"ro-RO\",\"@id\":\"https:\\\/\\\/xstyle.md\\\/product\\\/nozh-victorinox-hunter-0-8573-red\\\/#primaryimage\",\"url\":\"https:\\\/\\\/xstyle.md\\\/wp-content\\\/uploads\\\/2020\\\/07\\\/victorinox_hunter_0.8573_red.jpg\",\"contentUrl\":\"https:\\\/\\\/xstyle.md\\\/wp-content\\\/uploads\\\/2020\\\/07\\\/victorinox_hunter_0.8573_red.jpg\",\"width\":640,\"height\":560},{\"@type\":\"BreadcrumbList\",\"@id\":\"https:\\\/\\\/xstyle.md\\\/product\\\/nozh-victorinox-hunter-0-8573-red\\\/#breadcrumb\",\"itemListElement\":[{\"@type\":\"ListItem\",\"position\":1,\"name\":\"\u0413\u043b\u0430\u0432\u043d\u0430\u044f \u0441\u0442\u0440\u0430\u043d\u0438\u0446\u0430\",\"item\":\"https:\\\/\\\/xstyle.md\\\/\"},{\"@type\":\"ListItem\",\"position\":2,\"name\":\"\u041c\u0430\u0433\u0430\u0437\u0438\u043d\",\"item\":\"https:\\\/\\\/xstyle.md\\\/shop\\\/\"},{\"@type\":\"ListItem\",\"position\":3,\"name\":\"\u041c\u0443\u043b\u044c\u0442\u0438\u0442\u0443\u043b Victorinox Hunter 0.8573 red\"}]},{\"@type\":\"WebSite\",\"@id\":\"https:\\\/\\\/xstyle.md\\\/#website\",\"url\":\"https:\\\/\\\/xstyle.md\\\/\",\"name\":\"\u041c\u0430\u0433\u0430\u0437\u0438\u043d Xstyle\",\"description\":\"C\u043d\u0430\u0440\u044f\u0436\u0435\u043d\u0438\u0435 \u0434\u043b\u044f \u0442\u0443\u0440\u0438\u0437\u043c\u0430 \u0438 \u044d\u043a\u0441\u0442\u0440\u0435\u043c\u0430\u043b\u044c\u043d\u044b\u0445 \u0432\u0438\u0434\u043e\u0432 \u0441\u043f\u043e\u0440\u0442\u0430 \u0432 \u041c\u043e\u043b\u0434\u043e\u0432\u0435.. \u0426\u0435\u043d\u044b, \u0444\u043e\u0442\u043e, \u0445\u0430\u0440\u0430\u043a\u0442\u0435\u0440\u0438\u0441\u0442\u0438\u043a\u0438 \u0432 \u041c\u043e\u043b\u0434\u043e\u0432\u0435.\",\"publisher\":{\"@id\":\"https:\\\/\\\/xstyle.md\\\/#organization\"},\"alternateName\":\"X-Style\",\"potentialAction\":[{\"@type\":\"SearchAction\",\"target\":{\"@type\":\"EntryPoint\",\"urlTemplate\":\"https:\\\/\\\/xstyle.md\\\/?s={search_term_string}\"},\"query-input\":{\"@type\":\"PropertyValueSpecification\",\"valueRequired\":true,\"valueName\":\"search_term_string\"}}],\"inLanguage\":\"ro-RO\"},{\"@type\":\"Organization\",\"@id\":\"https:\\\/\\\/xstyle.md\\\/#organization\",\"name\":\"\u041c\u0430\u0433\u0430\u0437\u0438\u043d Xstyle\",\"alternateName\":\"x-style\",\"url\":\"https:\\\/\\\/xstyle.md\\\/\",\"logo\":{\"@type\":\"ImageObject\",\"inLanguage\":\"ro-RO\",\"@id\":\"https:\\\/\\\/xstyle.md\\\/#\\\/schema\\\/logo\\\/image\\\/\",\"url\":\"https:\\\/\\\/xstyle.md\\\/wp-content\\\/uploads\\\/2020\\\/06\\\/logoicon.svg\",\"contentUrl\":\"https:\\\/\\\/xstyle.md\\\/wp-content\\\/uploads\\\/2020\\\/06\\\/logoicon.svg\",\"caption\":\"\u041c\u0430\u0433\u0430\u0437\u0438\u043d Xstyle\"},\"image\":{\"@id\":\"https:\\\/\\\/xstyle.md\\\/#\\\/schema\\\/logo\\\/image\\\/\"},\"sameAs\":[\"https:\\\/\\\/www.facebook.com\\\/xstylemd\",\"https:\\\/\\\/www.instagram.com\\\/xstyle_md\\\/\",\"https:\\\/\\\/t.me\\\/xstyle_outdoor\"],\"hasMerchantReturnPolicy\":{\"@type\":\"MerchantReturnPolicy\",\"merchantReturnLink\":\"https:\\\/\\\/xstyle.md\\\/ro\\\/conditions\\\/\"}}]}<\/script>\n<meta property=\"product:price:amount\" content=\"1260.00\" \/>\n<meta property=\"product:price:currency\" content=\"MDL\" \/>\n<meta property=\"og:availability\" content=\"instock\" \/>\n<meta property=\"product:availability\" content=\"instock\" \/>\n<meta property=\"product:retailer_item_id\" content=\"7611160058393\" \/>\n<meta property=\"product:condition\" content=\"new\" \/>\n<!-- \/ Yoast SEO plugin. -->","yoast_head_json":{"title":"Multitool Victorinox Hunter 0.8573 Red - Magazin Xstyle","description":"Multitool Victorinox Hunter 0.8573 Red \u2014 accesoriul ideal pentru v\u00e2n\u0103tori \u0219i iubitorii de drume\u021bii. Toate func\u021biile pentru confort la fiecare pas!","robots":{"index":"index","follow":"follow","max-snippet":"max-snippet:-1","max-image-preview":"max-image-preview:large","max-video-preview":"max-video-preview:-1"},"canonical":"https:\/\/xstyle.md\/ro\/produs\/nozh-victorinox-hunter-0-8573-red\/","og_locale":"ro_RO","og_type":"article","og_title":"\u041c\u0443\u043b\u044c\u0442\u0438\u0442\u0443\u043b Victorinox Hunter 0.8573 red - \u041c\u0430\u0433\u0430\u0437\u0438\u043d Xstyle","og_description":"\u041c\u0443\u043b\u044c\u0442\u0438\u0442\u0443\u043b Victorinox Hunter 0.8573 Red \u2014 \u0438\u0434\u0435\u0430\u043b\u044c\u043d\u044b\u0439 \u0430\u043a\u0441\u0435\u0441\u0441\u0443\u0430\u0440 \u0434\u043b\u044f \u043e\u0445\u043e\u0442\u043d\u0438\u043a\u043e\u0432 \u0438 \u043b\u044e\u0431\u0438\u0442\u0435\u043b\u0435\u0439 \u0442\u0443\u0440\u0438\u0441\u0442\u0438\u0447\u0435\u0441\u043a\u0438\u0445 \u043f\u043e\u0445\u043e\u0434\u043e\u0432. \u0412\u0441\u0435 \u0444\u0443\u043d\u043a\u0446\u0438\u0438 \u0434\u043b\u044f \u0443\u0434\u043e\u0431\u0441\u0442\u0432\u0430 \u043d\u0430 \u043a\u0430\u0436\u0434\u043e\u043c \u0448\u0430\u0433\u0443!","og_url":"https:\/\/xstyle.md\/ro\/produs\/nozh-victorinox-hunter-0-8573-red\/","og_site_name":"\u041c\u0430\u0433\u0430\u0437\u0438\u043d Xstyle","article_publisher":"https:\/\/www.facebook.com\/xstylemd","article_modified_time":"2026-01-09T09:51:27+00:00","og_image":[{"width":640,"height":560,"url":"https:\/\/xstyle.md\/wp-content\/uploads\/2020\/07\/victorinox_hunter_0.8573_red.jpg","type":"image\/jpeg"}],"twitter_card":"summary_large_image","twitter_misc":{"Pre\u021b":"1.260&nbsp;MDL","Disponibilitate":"\u00cen stoc"},"schema":{"@context":"https:\/\/schema.org","@graph":[{"@type":"WebPage","@id":"https:\/\/xstyle.md\/product\/nozh-victorinox-hunter-0-8573-red\/","url":"https:\/\/xstyle.md\/product\/nozh-victorinox-hunter-0-8573-red\/","name":"Multitool Victorinox Hunter 0.8573 Red - Magazin Xstyle","isPartOf":{"@id":"https:\/\/xstyle.md\/#website"},"primaryImageOfPage":{"@id":"https:\/\/xstyle.md\/product\/nozh-victorinox-hunter-0-8573-red\/#primaryimage"},"image":{"@id":"https:\/\/xstyle.md\/product\/nozh-victorinox-hunter-0-8573-red\/#primaryimage"},"thumbnailUrl":"https:\/\/xstyle.md\/wp-content\/uploads\/2020\/07\/victorinox_hunter_0.8573_red.jpg","datePublished":"2020-07-19T12:29:49+00:00","dateModified":"2026-01-09T09:51:27+00:00","description":"Multitool Victorinox Hunter 0.8573 Red \u2014 accesoriul ideal pentru v\u00e2n\u0103tori \u0219i iubitorii de drume\u021bii. Toate func\u021biile pentru confort la fiecare pas!","breadcrumb":{"@id":"https:\/\/xstyle.md\/product\/nozh-victorinox-hunter-0-8573-red\/#breadcrumb"},"inLanguage":"ro-RO","potentialAction":[{"@type":"ReadAction","target":["https:\/\/xstyle.md\/product\/nozh-victorinox-hunter-0-8573-red\/"]}]},{"@type":"ImageObject","inLanguage":"ro-RO","@id":"https:\/\/xstyle.md\/product\/nozh-victorinox-hunter-0-8573-red\/#primaryimage","url":"https:\/\/xstyle.md\/wp-content\/uploads\/2020\/07\/victorinox_hunter_0.8573_red.jpg","contentUrl":"https:\/\/xstyle.md\/wp-content\/uploads\/2020\/07\/victorinox_hunter_0.8573_red.jpg","width":640,"height":560},{"@type":"BreadcrumbList","@id":"https:\/\/xstyle.md\/product\/nozh-victorinox-hunter-0-8573-red\/#breadcrumb","itemListElement":[{"@type":"ListItem","position":1,"name":"\u0413\u043b\u0430\u0432\u043d\u0430\u044f \u0441\u0442\u0440\u0430\u043d\u0438\u0446\u0430","item":"https:\/\/xstyle.md\/"},{"@type":"ListItem","position":2,"name":"\u041c\u0430\u0433\u0430\u0437\u0438\u043d","item":"https:\/\/xstyle.md\/shop\/"},{"@type":"ListItem","position":3,"name":"\u041c\u0443\u043b\u044c\u0442\u0438\u0442\u0443\u043b Victorinox Hunter 0.8573 red"}]},{"@type":"WebSite","@id":"https:\/\/xstyle.md\/#website","url":"https:\/\/xstyle.md\/","name":"Magazinul X-Style","description":"Echipamente pentru turism \u0219i sporturi extreme \u00een Moldova. Pre\u021buri, fotografii, caracteristici \u00een Moldova.","publisher":{"@id":"https:\/\/xstyle.md\/#organization"},"alternateName":"X-Style","potentialAction":[{"@type":"SearchAction","target":{"@type":"EntryPoint","urlTemplate":"https:\/\/xstyle.md\/?s={search_term_string}"},"query-input":{"@type":"PropertyValueSpecification","valueRequired":true,"valueName":"search_term_string"}}],"inLanguage":"ro-RO"},{"@type":"Organization","@id":"https:\/\/xstyle.md\/#organization","name":"Magazinul X-Style","alternateName":"x-style","url":"https:\/\/xstyle.md\/","logo":{"@type":"ImageObject","inLanguage":"ro-RO","@id":"https:\/\/xstyle.md\/#\/schema\/logo\/image\/","url":"https:\/\/xstyle.md\/wp-content\/uploads\/2020\/06\/logoicon.svg","contentUrl":"https:\/\/xstyle.md\/wp-content\/uploads\/2020\/06\/logoicon.svg","caption":"\u041c\u0430\u0433\u0430\u0437\u0438\u043d Xstyle"},"image":{"@id":"https:\/\/xstyle.md\/#\/schema\/logo\/image\/"},"sameAs":["https:\/\/www.facebook.com\/xstylemd","https:\/\/www.instagram.com\/xstyle_md\/","https:\/\/t.me\/xstyle_outdoor"],"hasMerchantReturnPolicy":{"@type":"MerchantReturnPolicy","merchantReturnLink":"https:\/\/xstyle.md\/ro\/conditions\/"}}]},"product_price_amount":"1260.00","product_price_currency":"MDL","og_availability":"instock","product_availability":"instock","product_retailer_item_id":"7611160058393","product_condition":"new"},"post_mailing_queue_ids":[],"_links":{"self":[{"href":"https:\/\/xstyle.md\/ro\/wp-json\/wp\/v2\/product\/21989","targetHints":{"allow":["GET"]}}],"collection":[{"href":"https:\/\/xstyle.md\/ro\/wp-json\/wp\/v2\/product"}],"about":[{"href":"https:\/\/xstyle.md\/ro\/wp-json\/wp\/v2\/types\/product"}],"replies":[{"embeddable":true,"href":"https:\/\/xstyle.md\/ro\/wp-json\/wp\/v2\/comments?post=21989"}],"wp:featuredmedia":[{"embeddable":true,"href":"https:\/\/xstyle.md\/ro\/wp-json\/wp\/v2\/media\/21984"}],"wp:attachment":[{"href":"https:\/\/xstyle.md\/ro\/wp-json\/wp\/v2\/media?parent=21989"}],"wp:term":[{"taxonomy":"product_brand","embeddable":true,"href":"https:\/\/xstyle.md\/ro\/wp-json\/wp\/v2\/product_brand?post=21989"},{"taxonomy":"product_cat","embeddable":true,"href":"https:\/\/xstyle.md\/ro\/wp-json\/wp\/v2\/product_cat?post=21989"},{"taxonomy":"product_tag","embeddable":true,"href":"https:\/\/xstyle.md\/ro\/wp-json\/wp\/v2\/product_tag?post=21989"}],"curies":[{"name":"wp","href":"https:\/\/api.w.org\/{rel}","templated":true}]}}