{"id":21137,"date":"2020-07-18T18:09:19","date_gmt":"2020-07-18T15:09:19","guid":{"rendered":"https:\/\/xstyle.md\/product\/kurtka-zhenskaja-maier-farnes-rose"},"modified":"2025-12-24T18:50:12","modified_gmt":"2025-12-24T15:50:12","slug":"kurtka-zhenskaja-maier-farnes-rose","status":"publish","type":"product","link":"https:\/\/dev.xstyle.md\/ro\/produs\/kurtka-zhenskaja-maier-farnes-rose\/","title":{"rendered":"Geac\u0103 de schi Maier Farnes Wmn rose"},"content":{"rendered":"<\/p>\n<p><strong>Maier Farnes Rose<\/strong> \u2014\u00a0geac\u0103 de schi confortabil\u0103 pentru femei, care poate rezista la condi\u021bii meteorologice nefavorabile datorit\u0103 membranei mTEX 10.000 rezistente la v\u00e2nt, impermeabile \u0219i respirabile \u0219i izolatului termic mTHERM. Se potrive\u0219te perfect. Protec\u021bie \u00eempotriva z\u0103pezii, man\u0219ete elastice cu g\u0103uri pentru degetul mare \u0219i gulerul \u00eenalt completeaz\u0103 aspectul.<\/p>\n<h3>Particularit\u0103\u021bi<\/h3>\n<ul>\n<li>mTEX 10.000 protec\u021bie \u00eempotriva intemperiilor, impermeabil\u0103, respirabil\u0103;<\/li>\n<li>Protec\u021bie \u00eempotriva z\u0103pezii \u0219i man\u0219ete elastice cu g\u0103uri pentru degetul mare;<\/li>\n<li>Izolant termic mTHERM pentru rezisten\u021b\u0103 la temperaturi \u00eenalte;<\/li>\n<li>Finisaj rezistent la ap\u0103, ecologic f\u0103r\u0103 PFC.<\/li>\n<\/ul>\n<h3>Caracteristici<\/h3>\n<ul>\n<li>Material \u2014 100% Poliester;<\/li>\n<li>Izolant termic \u2014 mTHERM;<\/li>\n<li>Membran\u0103 \u2014 mTEX 10.000;<\/li>\n<li>Permeabilitatea la vapori \u2014 10000 g\/(m\u00b2\u22c5zi);<\/li>\n<li>Model \u2014 pentru femei.<\/li>\n<\/ul>\n<h3>Tehnologie<\/h3>\n<ul>\n<li><strong>mTEX<\/strong> este o membran\u0103 rezistent\u0103 la ap\u0103, respirabil\u0103, fabricat\u0103 dintr-un material rezistent, care permite umezelii s\u0103 se absoarbe \u0219i este u\u0219or de cur\u0103\u021bat de murd\u0103rie.<\/li>\n<li><strong>mTHERM<\/strong> este o c\u0103ptu\u0219eal\u0103 din l\u00e2n\u0103 care impresioneaz\u0103 prin capacitatea sa de a re\u021bine c\u0103ldura \u0219i de a men\u021bine hainele respirabile.<\/li>\n<\/ul>\n<h3>Marca<\/h3>\n<p>Compania MAIER a fost fondat\u0103 \u00een 1938, \u00een Germania, de un grup de oameni cu idei similare. Scopul m\u0103rcii a fost s\u0103 creeze cele mai confortabile haine care s\u0103 se potriveasc\u0103 unei persoane de orice \u00een\u0103l\u021bime. Brandul este specializat \u00een fabricarea \u00eembr\u0103c\u0103mintei \u0219i accesoriilor pentru schi \u0219i alte activit\u0103\u021bi. Brandul se adreseaz\u0103 persoanelor care aleg un stil de via\u021b\u0103 activ. Produc\u021bia difer\u0103 prin comoditate \u0219i calitatea european\u0103. La fabrica\u021bie se iau \u00een considerare caracteristicile figurii umane, datorit\u0103 c\u0103rora hainele se potrivesc perfect, nu exist\u0103 disconfort \u00een timpul utiliz\u0103rii sale.<\/p>\n<p>Brandul folose\u0219te propriile dezvolt\u0103ri \u0219i materiale moderne. Hainele nu las\u0103 umezeala s\u0103 treac\u0103 \u0219i \u00een acela\u0219i timp permit corpului s\u0103 respire. Chiar \u0219i \u00een timpul sportului activ, o persoan\u0103 din astfel de produse nu transpir\u0103 \u0219i nu exist\u0103 riscul de \u00eenghe\u021b. Majoritatea modelelor au o membran\u0103 de diferite grosimi \u0219i densit\u0103\u021bi. Acest lucru v\u0103 permite s\u0103 folosi\u021bi haine \u00een aproape orice perioad\u0103 a anului \u0219i \u00een orice condi\u021bii meteorologice. De asemenea, controlul mediului este \u00een vigoare la toate fabricile acestei m\u0103rcii. \u00cen produc\u021bie sunt utilizate numai materiale inofensive. Compania acord\u0103 aten\u021bie fiec\u0103rui detaliu. Drept urmare, produsele MAIER au fost rapid recunoscute \u00een \u00eentreaga lume.<\/p>\n<p><\/p>","protected":false},"excerpt":{"rendered":"<p>\u041a\u0443\u0440\u0442\u043a\u0430 Maier Farnes rose<\/p>","protected":false},"featured_media":58386,"comment_status":"open","ping_status":"closed","template":"","meta":{"_acf_changed":false,"inline_featured_image":false},"product_brand":[1319],"product_cat":[430],"product_tag":[],"class_list":{"0":"post-21137","1":"product","2":"type-product","3":"status-publish","4":"has-post-thumbnail","6":"product_brand-maier","7":"product_cat-jachete-de-schi-femei","9":"first","10":"instock","11":"sale","12":"shipping-taxable","13":"purchasable","14":"product-type-simple"},"acf":[],"yoast_head":"<!-- This site is optimized with the Yoast SEO plugin v27.5 - https:\/\/yoast.com\/product\/yoast-seo-wordpress\/ -->\n<title>\u041a\u0443\u0440\u0442\u043a\u0430 Maier Farnes Wmn rose - \u041c\u0430\u0433\u0430\u0437\u0438\u043d Xstyle<\/title>\n<meta name=\"description\" content=\"\u041a\u0443\u0440\u0442\u043a\u0430 Maier Farnes Wmn rose: \u043d\u0430\u0434\u0435\u0436\u043d\u0430\u044f \u0437\u0430\u0449\u0438\u0442\u0430 \u043e\u0442 \u043d\u0435\u043f\u043e\u0433\u043e\u0434\u044b \u0441 \u043c\u0435\u043c\u0431\u0440\u0430\u043d\u043e\u0439 mTEX 10000 \u0438 \u0438\u0437\u043e\u043b\u044f\u0446\u0438\u0435\u0439 mTHERM. \u0418\u0434\u0435\u0430\u043b\u044c\u043d\u0430 \u0434\u043b\u044f \u0437\u0438\u043c\u043d\u0438\u0445 \u043f\u0440\u0438\u043a\u043b\u044e\u0447\u0435\u043d\u0438\u0439 \u043d\u0430 \u0441\u043a\u043b\u043e\u043d\u0430\u0445.\" \/>\n<meta name=\"robots\" content=\"noindex, follow, max-snippet:-1, max-image-preview:large, max-video-preview:-1\" \/>\n<meta property=\"og:locale\" content=\"ro_RO\" \/>\n<meta property=\"og:type\" content=\"article\" \/>\n<meta property=\"og:title\" content=\"\u041a\u0443\u0440\u0442\u043a\u0430 Maier Farnes Wmn rose - \u041c\u0430\u0433\u0430\u0437\u0438\u043d Xstyle\" \/>\n<meta property=\"og:description\" content=\"\u041a\u0443\u0440\u0442\u043a\u0430 Maier Farnes Wmn rose: \u043d\u0430\u0434\u0435\u0436\u043d\u0430\u044f \u0437\u0430\u0449\u0438\u0442\u0430 \u043e\u0442 \u043d\u0435\u043f\u043e\u0433\u043e\u0434\u044b \u0441 \u043c\u0435\u043c\u0431\u0440\u0430\u043d\u043e\u0439 mTEX 10000 \u0438 \u0438\u0437\u043e\u043b\u044f\u0446\u0438\u0435\u0439 mTHERM. \u0418\u0434\u0435\u0430\u043b\u044c\u043d\u0430 \u0434\u043b\u044f \u0437\u0438\u043c\u043d\u0438\u0445 \u043f\u0440\u0438\u043a\u043b\u044e\u0447\u0435\u043d\u0438\u0439 \u043d\u0430 \u0441\u043a\u043b\u043e\u043d\u0430\u0445.\" \/>\n<meta property=\"og:url\" content=\"https:\/\/dev.xstyle.md\/ro\/produs\/kurtka-zhenskaja-maier-farnes-rose\/\" \/>\n<meta property=\"og:site_name\" content=\"\u041c\u0430\u0433\u0430\u0437\u0438\u043d Xstyle\" \/>\n<meta property=\"article:publisher\" content=\"https:\/\/www.facebook.com\/xstylemd\" \/>\n<meta property=\"article:modified_time\" content=\"2025-12-24T15:50:12+00:00\" \/>\n<meta property=\"og:image\" content=\"https:\/\/dev.xstyle.md\/wp-content\/uploads\/2020\/07\/maier-farnes-rose.jpg\" \/>\n\t<meta property=\"og:image:width\" content=\"1460\" \/>\n\t<meta property=\"og:image:height\" content=\"1480\" \/>\n\t<meta property=\"og:image:type\" content=\"image\/jpeg\" \/>\n<meta name=\"twitter:card\" content=\"summary_large_image\" \/>\n<meta name=\"twitter:label1\" content=\"Pre\u021b\" \/>\n\t<meta name=\"twitter:data1\" content=\"3.843,00&nbsp;MDL\" \/>\n\t<meta name=\"twitter:label2\" content=\"Disponibilitate\" \/>\n\t<meta name=\"twitter:data2\" content=\"\u00cen stoc\" \/>\n<script type=\"application\/ld+json\" class=\"yoast-schema-graph\">{\"@context\":\"https:\\\/\\\/schema.org\",\"@graph\":[{\"@type\":\"WebPage\",\"@id\":\"https:\\\/\\\/dev.xstyle.md\\\/product\\\/kurtka-zhenskaja-maier-farnes-rose\\\/\",\"url\":\"https:\\\/\\\/dev.xstyle.md\\\/product\\\/kurtka-zhenskaja-maier-farnes-rose\\\/\",\"name\":\"\u041a\u0443\u0440\u0442\u043a\u0430 Maier Farnes Wmn rose - \u041c\u0430\u0433\u0430\u0437\u0438\u043d Xstyle\",\"isPartOf\":{\"@id\":\"https:\\\/\\\/dev.xstyle.md\\\/#website\"},\"primaryImageOfPage\":{\"@id\":\"https:\\\/\\\/dev.xstyle.md\\\/product\\\/kurtka-zhenskaja-maier-farnes-rose\\\/#primaryimage\"},\"image\":{\"@id\":\"https:\\\/\\\/dev.xstyle.md\\\/product\\\/kurtka-zhenskaja-maier-farnes-rose\\\/#primaryimage\"},\"thumbnailUrl\":\"https:\\\/\\\/dev.xstyle.md\\\/wp-content\\\/uploads\\\/2020\\\/07\\\/maier-farnes-rose.jpg\",\"datePublished\":\"2020-07-18T15:09:19+00:00\",\"dateModified\":\"2025-12-24T15:50:12+00:00\",\"description\":\"\u041a\u0443\u0440\u0442\u043a\u0430 Maier Farnes Wmn rose: \u043d\u0430\u0434\u0435\u0436\u043d\u0430\u044f \u0437\u0430\u0449\u0438\u0442\u0430 \u043e\u0442 \u043d\u0435\u043f\u043e\u0433\u043e\u0434\u044b \u0441 \u043c\u0435\u043c\u0431\u0440\u0430\u043d\u043e\u0439 mTEX 10000 \u0438 \u0438\u0437\u043e\u043b\u044f\u0446\u0438\u0435\u0439 mTHERM. \u0418\u0434\u0435\u0430\u043b\u044c\u043d\u0430 \u0434\u043b\u044f \u0437\u0438\u043c\u043d\u0438\u0445 \u043f\u0440\u0438\u043a\u043b\u044e\u0447\u0435\u043d\u0438\u0439 \u043d\u0430 \u0441\u043a\u043b\u043e\u043d\u0430\u0445.\",\"breadcrumb\":{\"@id\":\"https:\\\/\\\/dev.xstyle.md\\\/product\\\/kurtka-zhenskaja-maier-farnes-rose\\\/#breadcrumb\"},\"inLanguage\":\"ro-RO\",\"potentialAction\":[{\"@type\":\"ReadAction\",\"target\":[\"https:\\\/\\\/dev.xstyle.md\\\/product\\\/kurtka-zhenskaja-maier-farnes-rose\\\/\"]}]},{\"@type\":\"ImageObject\",\"inLanguage\":\"ro-RO\",\"@id\":\"https:\\\/\\\/dev.xstyle.md\\\/product\\\/kurtka-zhenskaja-maier-farnes-rose\\\/#primaryimage\",\"url\":\"https:\\\/\\\/dev.xstyle.md\\\/wp-content\\\/uploads\\\/2020\\\/07\\\/maier-farnes-rose.jpg\",\"contentUrl\":\"https:\\\/\\\/dev.xstyle.md\\\/wp-content\\\/uploads\\\/2020\\\/07\\\/maier-farnes-rose.jpg\",\"width\":1460,\"height\":1480,\"caption\":\"\u041a\u0443\u0440\u0442\u043a\u0430 Maier Farnes Wmn \u0440\u043e\u0437\u043e\u0432\u0430\u044f \u0434\u043b\u044f \u0430\u043a\u0442\u0438\u0432\u043d\u043e\u0433\u043e \u043e\u0442\u0434\u044b\u0445\u0430, \u043f\u0443\u0442\u0435\u0448\u0435\u0441\u0442\u0432\u0438\u0439, \u0430\u043b\u044c\u043f\u0438\u043d\u0438\u0437\u043c\u0430, \u043f\u043e\u0445\u043e\u0434\u043e\u0432, \u0441\u043f\u043e\u0440\u0442\u0438\u0432\u043d\u043e\u0439 \u043e\u0434\u0435\u0436\u0434\u044b \u0438 \u043e\u0431\u0443\u0432\u0438 \u0434\u043b\u044f \u0442\u0443\u0440\u0438\u0437\u043c\u0430\"},{\"@type\":\"BreadcrumbList\",\"@id\":\"https:\\\/\\\/dev.xstyle.md\\\/product\\\/kurtka-zhenskaja-maier-farnes-rose\\\/#breadcrumb\",\"itemListElement\":[{\"@type\":\"ListItem\",\"position\":1,\"name\":\"\u0413\u043b\u0430\u0432\u043d\u0430\u044f \u0441\u0442\u0440\u0430\u043d\u0438\u0446\u0430\",\"item\":\"https:\\\/\\\/dev.xstyle.md\\\/\"},{\"@type\":\"ListItem\",\"position\":2,\"name\":\"Shop\",\"item\":\"https:\\\/\\\/dev.xstyle.md\\\/shop\\\/\"},{\"@type\":\"ListItem\",\"position\":3,\"name\":\"\u041a\u0443\u0440\u0442\u043a\u0430 Maier Farnes Wmn rose\"}]},{\"@type\":\"WebSite\",\"@id\":\"https:\\\/\\\/dev.xstyle.md\\\/#website\",\"url\":\"https:\\\/\\\/dev.xstyle.md\\\/\",\"name\":\"\u041c\u0430\u0433\u0430\u0437\u0438\u043d Xstyle\",\"description\":\"C\u043d\u0430\u0440\u044f\u0436\u0435\u043d\u0438\u0435 \u0434\u043b\u044f \u0442\u0443\u0440\u0438\u0437\u043c\u0430 \u0438 \u044d\u043a\u0441\u0442\u0440\u0435\u043c\u0430\u043b\u044c\u043d\u044b\u0445 \u0432\u0438\u0434\u043e\u0432 \u0441\u043f\u043e\u0440\u0442\u0430 \u0432 \u041c\u043e\u043b\u0434\u043e\u0432\u0435.. \u0426\u0435\u043d\u044b, \u0444\u043e\u0442\u043e, \u0445\u0430\u0440\u0430\u043a\u0442\u0435\u0440\u0438\u0441\u0442\u0438\u043a\u0438 \u0432 \u041c\u043e\u043b\u0434\u043e\u0432\u0435.\",\"publisher\":{\"@id\":\"https:\\\/\\\/dev.xstyle.md\\\/#organization\"},\"alternateName\":\"X-Style\",\"potentialAction\":[{\"@type\":\"SearchAction\",\"target\":{\"@type\":\"EntryPoint\",\"urlTemplate\":\"https:\\\/\\\/dev.xstyle.md\\\/?s={search_term_string}\"},\"query-input\":{\"@type\":\"PropertyValueSpecification\",\"valueRequired\":true,\"valueName\":\"search_term_string\"}}],\"inLanguage\":\"ro-RO\"},{\"@type\":\"Organization\",\"@id\":\"https:\\\/\\\/dev.xstyle.md\\\/#organization\",\"name\":\"\u041c\u0430\u0433\u0430\u0437\u0438\u043d Xstyle\",\"alternateName\":\"x-style\",\"url\":\"https:\\\/\\\/dev.xstyle.md\\\/\",\"logo\":{\"@type\":\"ImageObject\",\"inLanguage\":\"ro-RO\",\"@id\":\"https:\\\/\\\/dev.xstyle.md\\\/#\\\/schema\\\/logo\\\/image\\\/\",\"url\":\"https:\\\/\\\/dev.xstyle.md\\\/wp-content\\\/uploads\\\/2020\\\/06\\\/logoicon.svg\",\"contentUrl\":\"https:\\\/\\\/dev.xstyle.md\\\/wp-content\\\/uploads\\\/2020\\\/06\\\/logoicon.svg\",\"caption\":\"\u041c\u0430\u0433\u0430\u0437\u0438\u043d Xstyle\"},\"image\":{\"@id\":\"https:\\\/\\\/dev.xstyle.md\\\/#\\\/schema\\\/logo\\\/image\\\/\"},\"sameAs\":[\"https:\\\/\\\/www.facebook.com\\\/xstylemd\",\"https:\\\/\\\/www.instagram.com\\\/xstyle_md\\\/\",\"https:\\\/\\\/t.me\\\/xstyle_outdoor\"],\"hasMerchantReturnPolicy\":{\"@type\":\"MerchantReturnPolicy\",\"merchantReturnLink\":\"https:\\\/\\\/dev.xstyle.md\\\/ro\\\/conditions\\\/\"}}]}<\/script>\n<meta property=\"product:price:amount\" content=\"3843.00\" \/>\n<meta property=\"product:price:currency\" content=\"MDL\" \/>\n<meta property=\"og:availability\" content=\"instock\" \/>\n<meta property=\"product:availability\" content=\"instock\" \/>\n<meta property=\"product:retailer_item_id\" content=\"4057486415251\" \/>\n<meta property=\"product:condition\" content=\"new\" \/>\n<!-- \/ Yoast SEO plugin. -->","yoast_head_json":{"title":"Geac\u0103 Maier Farnes rose - Magazin Xstyle","description":"Jacket Maier Farnes Wmn rose: protec\u021bie fiabil\u0103 \u00eempotriva vremii nefavorabile cu membrana mTEX 10000 \u0219i izola\u021bia mTHERM. Ideal\u0103 pentru aventuri de iarn\u0103 pe pante.","robots":{"index":"noindex","follow":"follow","max-snippet":"max-snippet:-1","max-image-preview":"max-image-preview:large","max-video-preview":"max-video-preview:-1"},"og_locale":"ro_RO","og_type":"article","og_title":"\u041a\u0443\u0440\u0442\u043a\u0430 Maier Farnes Wmn rose - \u041c\u0430\u0433\u0430\u0437\u0438\u043d Xstyle","og_description":"\u041a\u0443\u0440\u0442\u043a\u0430 Maier Farnes Wmn rose: \u043d\u0430\u0434\u0435\u0436\u043d\u0430\u044f \u0437\u0430\u0449\u0438\u0442\u0430 \u043e\u0442 \u043d\u0435\u043f\u043e\u0433\u043e\u0434\u044b \u0441 \u043c\u0435\u043c\u0431\u0440\u0430\u043d\u043e\u0439 mTEX 10000 \u0438 \u0438\u0437\u043e\u043b\u044f\u0446\u0438\u0435\u0439 mTHERM. \u0418\u0434\u0435\u0430\u043b\u044c\u043d\u0430 \u0434\u043b\u044f \u0437\u0438\u043c\u043d\u0438\u0445 \u043f\u0440\u0438\u043a\u043b\u044e\u0447\u0435\u043d\u0438\u0439 \u043d\u0430 \u0441\u043a\u043b\u043e\u043d\u0430\u0445.","og_url":"https:\/\/dev.xstyle.md\/ro\/produs\/kurtka-zhenskaja-maier-farnes-rose\/","og_site_name":"\u041c\u0430\u0433\u0430\u0437\u0438\u043d Xstyle","article_publisher":"https:\/\/www.facebook.com\/xstylemd","article_modified_time":"2025-12-24T15:50:12+00:00","og_image":[{"width":1460,"height":1480,"url":"https:\/\/dev.xstyle.md\/wp-content\/uploads\/2020\/07\/maier-farnes-rose.jpg","type":"image\/jpeg"}],"twitter_card":"summary_large_image","twitter_misc":{"Pre\u021b":"3.843,00&nbsp;MDL","Disponibilitate":"\u00cen stoc"},"schema":{"@context":"https:\/\/schema.org","@graph":[{"@type":"WebPage","@id":"https:\/\/dev.xstyle.md\/product\/kurtka-zhenskaja-maier-farnes-rose\/","url":"https:\/\/dev.xstyle.md\/product\/kurtka-zhenskaja-maier-farnes-rose\/","name":"Geac\u0103 Maier Farnes rose - Magazin Xstyle","isPartOf":{"@id":"https:\/\/dev.xstyle.md\/#website"},"primaryImageOfPage":{"@id":"https:\/\/dev.xstyle.md\/product\/kurtka-zhenskaja-maier-farnes-rose\/#primaryimage"},"image":{"@id":"https:\/\/dev.xstyle.md\/product\/kurtka-zhenskaja-maier-farnes-rose\/#primaryimage"},"thumbnailUrl":"https:\/\/dev.xstyle.md\/wp-content\/uploads\/2020\/07\/maier-farnes-rose.jpg","datePublished":"2020-07-18T15:09:19+00:00","dateModified":"2025-12-24T15:50:12+00:00","description":"Jacket Maier Farnes Wmn rose: protec\u021bie fiabil\u0103 \u00eempotriva vremii nefavorabile cu membrana mTEX 10000 \u0219i izola\u021bia mTHERM. Ideal\u0103 pentru aventuri de iarn\u0103 pe pante.","breadcrumb":{"@id":"https:\/\/dev.xstyle.md\/product\/kurtka-zhenskaja-maier-farnes-rose\/#breadcrumb"},"inLanguage":"ro-RO","potentialAction":[{"@type":"ReadAction","target":["https:\/\/dev.xstyle.md\/product\/kurtka-zhenskaja-maier-farnes-rose\/"]}]},{"@type":"ImageObject","inLanguage":"ro-RO","@id":"https:\/\/dev.xstyle.md\/product\/kurtka-zhenskaja-maier-farnes-rose\/#primaryimage","url":"https:\/\/dev.xstyle.md\/wp-content\/uploads\/2020\/07\/maier-farnes-rose.jpg","contentUrl":"https:\/\/dev.xstyle.md\/wp-content\/uploads\/2020\/07\/maier-farnes-rose.jpg","width":1460,"height":1480,"caption":"\u041a\u0443\u0440\u0442\u043a\u0430 Maier Farnes Wmn \u0440\u043e\u0437\u043e\u0432\u0430\u044f \u0434\u043b\u044f \u0430\u043a\u0442\u0438\u0432\u043d\u043e\u0433\u043e \u043e\u0442\u0434\u044b\u0445\u0430, \u043f\u0443\u0442\u0435\u0448\u0435\u0441\u0442\u0432\u0438\u0439, \u0430\u043b\u044c\u043f\u0438\u043d\u0438\u0437\u043c\u0430, \u043f\u043e\u0445\u043e\u0434\u043e\u0432, \u0441\u043f\u043e\u0440\u0442\u0438\u0432\u043d\u043e\u0439 \u043e\u0434\u0435\u0436\u0434\u044b \u0438 \u043e\u0431\u0443\u0432\u0438 \u0434\u043b\u044f \u0442\u0443\u0440\u0438\u0437\u043c\u0430"},{"@type":"BreadcrumbList","@id":"https:\/\/dev.xstyle.md\/product\/kurtka-zhenskaja-maier-farnes-rose\/#breadcrumb","itemListElement":[{"@type":"ListItem","position":1,"name":"\u0413\u043b\u0430\u0432\u043d\u0430\u044f \u0441\u0442\u0440\u0430\u043d\u0438\u0446\u0430","item":"https:\/\/dev.xstyle.md\/"},{"@type":"ListItem","position":2,"name":"Shop","item":"https:\/\/dev.xstyle.md\/shop\/"},{"@type":"ListItem","position":3,"name":"\u041a\u0443\u0440\u0442\u043a\u0430 Maier Farnes Wmn rose"}]},{"@type":"WebSite","@id":"https:\/\/dev.xstyle.md\/#website","url":"https:\/\/dev.xstyle.md\/","name":"Magazinul X-Style","description":"Echipamente pentru turism \u0219i sporturi extreme \u00een Moldova. Pre\u021buri, fotografii, caracteristici \u00een Moldova.","publisher":{"@id":"https:\/\/dev.xstyle.md\/#organization"},"alternateName":"X-Style","potentialAction":[{"@type":"SearchAction","target":{"@type":"EntryPoint","urlTemplate":"https:\/\/dev.xstyle.md\/?s={search_term_string}"},"query-input":{"@type":"PropertyValueSpecification","valueRequired":true,"valueName":"search_term_string"}}],"inLanguage":"ro-RO"},{"@type":"Organization","@id":"https:\/\/dev.xstyle.md\/#organization","name":"Magazinul X-Style","alternateName":"x-style","url":"https:\/\/dev.xstyle.md\/","logo":{"@type":"ImageObject","inLanguage":"ro-RO","@id":"https:\/\/dev.xstyle.md\/#\/schema\/logo\/image\/","url":"https:\/\/dev.xstyle.md\/wp-content\/uploads\/2020\/06\/logoicon.svg","contentUrl":"https:\/\/dev.xstyle.md\/wp-content\/uploads\/2020\/06\/logoicon.svg","caption":"\u041c\u0430\u0433\u0430\u0437\u0438\u043d Xstyle"},"image":{"@id":"https:\/\/dev.xstyle.md\/#\/schema\/logo\/image\/"},"sameAs":["https:\/\/www.facebook.com\/xstylemd","https:\/\/www.instagram.com\/xstyle_md\/","https:\/\/t.me\/xstyle_outdoor"],"hasMerchantReturnPolicy":{"@type":"MerchantReturnPolicy","merchantReturnLink":"https:\/\/dev.xstyle.md\/ro\/conditions\/"}}]},"product_price_amount":"3843.00","product_price_currency":"MDL","og_availability":"instock","product_availability":"instock","product_retailer_item_id":"4057486415251","product_condition":"new"},"post_mailing_queue_ids":[],"_links":{"self":[{"href":"https:\/\/dev.xstyle.md\/ro\/wp-json\/wp\/v2\/product\/21137","targetHints":{"allow":["GET"]}}],"collection":[{"href":"https:\/\/dev.xstyle.md\/ro\/wp-json\/wp\/v2\/product"}],"about":[{"href":"https:\/\/dev.xstyle.md\/ro\/wp-json\/wp\/v2\/types\/product"}],"replies":[{"embeddable":true,"href":"https:\/\/dev.xstyle.md\/ro\/wp-json\/wp\/v2\/comments?post=21137"}],"version-history":[{"count":0,"href":"https:\/\/dev.xstyle.md\/ro\/wp-json\/wp\/v2\/product\/21137\/revisions"}],"wp:featuredmedia":[{"embeddable":true,"href":"https:\/\/dev.xstyle.md\/ro\/wp-json\/wp\/v2\/media\/58386"}],"wp:attachment":[{"href":"https:\/\/dev.xstyle.md\/ro\/wp-json\/wp\/v2\/media?parent=21137"}],"wp:term":[{"taxonomy":"product_brand","embeddable":true,"href":"https:\/\/dev.xstyle.md\/ro\/wp-json\/wp\/v2\/product_brand?post=21137"},{"taxonomy":"product_cat","embeddable":true,"href":"https:\/\/dev.xstyle.md\/ro\/wp-json\/wp\/v2\/product_cat?post=21137"},{"taxonomy":"product_tag","embeddable":true,"href":"https:\/\/dev.xstyle.md\/ro\/wp-json\/wp\/v2\/product_tag?post=21137"}],"curies":[{"name":"wp","href":"https:\/\/api.w.org\/{rel}","templated":true}]}}