{"id":21003,"date":"2020-07-18T18:04:14","date_gmt":"2020-07-18T15:04:14","guid":{"rendered":"https:\/\/xstyle.md\/product\/botinki-muzhskie-kamik-cody-dark-brown"},"modified":"2026-03-19T16:38:47","modified_gmt":"2026-03-19T13:38:47","slug":"botinki-muzhskie-kamik-cody-dark-brown","status":"publish","type":"product","link":"https:\/\/dev.xstyle.md\/ro\/produs\/botinki-muzhskie-kamik-cody-dark-brown\/","title":{"rendered":"Bocanci Kamik Cody dark brown"},"content":{"rendered":"<\/p>\n<p>Bocanci <strong>Kamik Cody dark brown <\/strong>pot rezista la cele mai dure condi\u021bii de frig \u0219i umezeal\u0103. Talpa special\u0103 RubberHe v\u0103 men\u021bine picioarele uscate \u0219i calde chiar \u0219i pe timp de viscol. Talp\u0103 antibacterian\u0103. Cus\u0103turi impermeabile complet sigilate. Talpa de cauciuc cu nervuri cre\u0219te aderen\u021ba pe orice suprafa\u021b\u0103. Pe scurt, bocanci pentru toate condi\u021biile de iarn\u0103 &#8212; 40\u00b0 C.<\/p>\n<h3>Particularit\u0103\u021bi<\/h3>\n<ul>\n<li>Partea superioar\u0103 din piele rezistent\u0103 la ap\u0103 cu c\u0103ptu\u0219eal\u0103 din nailon de 1000 denari<\/li>\n<li>Sistem de \u0219iret rapid<\/li>\n<li>C\u0103ptu\u0219eal\u0103 absorbant\u0103 care elimin\u0103 umezeala<\/li>\n<li>Talp\u0103 de 11 mm Zylex\u00ae pentru protec\u021bie \u0219i c\u0103ldur\u0103 suplimentar\u0103<\/li>\n<li>Talp\u0103 exterioar\u0103 din cauciuc sintetic impermeabil \u0219i u\u0219or.<\/li>\n<\/ul>\n<h3>Caracteristici<\/h3>\n<ul>\n<li>Material principal &#8212; piele<\/li>\n<li>C\u0103ptu\u0219eal\u0103 &#8212; 3M\u2122 Thinsulate\u2122<\/li>\n<li>Talp\u0103 din cauciuc<\/li>\n<li>Man\u0219et\u0103 \u00eenalt\u0103 de 32 cm<\/li>\n<li>Zona de confort &#8212; 40\u00b0C<\/li>\n<li>Sezonul &#8212; toamn\u0103\/iarn\u0103.<\/li>\n<\/ul>\n<h3>Tehnologie<\/h3>\n<ul>\n<li><strong>3M\u2122 Thinsulate\u2122<\/strong> Izola\u021bia cald\u0103, deta\u0219abil\u0103, v\u0103 ajut\u0103 s\u0103 v\u0103 men\u021bine\u021bi cald \u0219i las\u0103 umezeala s\u0103 se elimine rapid.<\/li>\n<li><strong>RubberHe <\/strong>&#8212; o talp\u0103 exterioar\u0103 avansat\u0103 care este la fel de u\u0219oar\u0103 ca heliul \u0219i rezistent\u0103 ca fierul. Ofer\u0103 trac\u021biune \u0219i flexibilitate excelenta. Cu 50% mai u\u0219oar\u0103 dec\u00e2t cauciucul natural \u0219i 100% reciclabil\u0103, astfel \u00eenc\u00e2t nu contamineaz\u0103 mediul \u00eenconjur\u0103tor.<\/li>\n<li><strong>Zylextra\u00ae<\/strong> &#8212; C\u0103ptu\u0219eal\u0103 deta\u0219abil\u0103 care elimin\u0103 umezeala, reflect\u0103 aerul rece departe de picior, p\u0103str\u00e2nd \u00een acela\u0219i timp c\u0103ldura.<\/li>\n<\/ul>\n<p>\n<p><img decoding=\"async\" class=\"alignnone\" style=\"width: 100%;\" src=\"https:\/\/dev.xstyle.md\/wp-content\/uploads\/2021\/01\/razmer_kamik.jpg\" alt=\"\" \/><\/p>\n\n<\/p>\n<h3>Marca<\/h3>\n<p>Istoria m\u0103rcii Kamik s-a \u00eenceput \u00een 1898 odat\u0103 cu \u00eenfiin\u021barea cizm\u0103riei \u00een provincia canadian\u0103 Quebec. Afacerea firmei a mers cu diferite grade de succes, p\u00e2n\u0103 c\u00e2nd a fost angajat un manager pe nume William Cook. Acesta a fost cel care a adus afacerea la un nou nivel cu talentul s\u0103u comercial uimitor.<\/p>\n<p>Compania s-a extins, s-a mutat la Montreal \u0219i a devenit oficial The General Footwear Company. Cook a avut o calitate foarte valoroas\u0103 pentru un manager \u2014 el a distins cu acurate\u021be \u0219i a eviden\u021biat noile tehnologii promi\u021b\u0103toare \u00een produc\u021bia de \u00eenc\u0103l\u021b\u0103minte, apoi le-a aplicat cu succes \u00een activit\u0103\u021bile companiei. Drept urmare, Genfoot a c\u00e2\u0219tigat o popularitate imens\u0103, mai \u00eent\u00e2i \u00een Canada \u0219i apoi dincolo.<\/p>\n<p>Marca Kamik \u00een sine a fost dezvoltat\u0103 \u00een 1972 \u0219i a atras imediat aten\u021bia cu tehnologia sa \u00eenalt\u0103 la pre\u021buri foarte accesibile. Ini\u021bial, aceste produse au fost destinate v\u00e2n\u0103torilor, drume\u021bilor \u0219i altor persoane cu preten\u021bii ridicate privind durabilitatea \u0219i rezisten\u021ba la ap\u0103 a pantofilor, dar \u00een timp, calit\u0103\u021bile lor unice au \u00eenceput s\u0103 fie aplicate modelelor de purtare zilnic\u0103.<\/p>\n<p>","protected":false},"excerpt":{"rendered":"<p>Bocanci Kamik Cody dark brown<\/p>","protected":false},"featured_media":21002,"comment_status":"open","ping_status":"closed","template":"","meta":{"_acf_changed":false,"inline_featured_image":false},"product_brand":[1356],"product_cat":[146],"product_tag":[],"class_list":{"0":"post-21003","1":"product","2":"type-product","3":"status-publish","4":"has-post-thumbnail","6":"product_brand-kamik","7":"product_cat-fall-winter","9":"first","10":"instock","11":"shipping-taxable","12":"purchasable","13":"product-type-simple"},"acf":[],"yoast_head":"<!-- This site is optimized with the Yoast SEO plugin v27.4 - https:\/\/yoast.com\/product\/yoast-seo-wordpress\/ -->\n<title>\u0411\u043e\u0442\u0438\u043d\u043a\u0438 Kamik Cody dark brown - \u041c\u0430\u0433\u0430\u0437\u0438\u043d Xstyle<\/title>\n<meta name=\"description\" content=\"\u0411\u043e\u0442\u0438\u043d\u043a\u0438 Kamik Cody \u0442\u0435\u043c\u043d\u043e-\u043a\u043e\u0440\u0438\u0447\u043d\u0435\u0432\u044b\u0435 \u0438\u0434\u0435\u0430\u043b\u044c\u043d\u043e \u043f\u043e\u0434\u0445\u043e\u0434\u044f\u0442 \u0434\u043b\u044f \u0441\u0443\u0440\u043e\u0432\u044b\u0445 \u0443\u0441\u043b\u043e\u0432\u0438\u0439. \u0412\u043e\u0434\u043e\u043d\u0435\u043f\u0440\u043e\u043d\u0438\u0446\u0430\u0435\u043c\u0430\u044f \u043e\u0431\u0443\u0432\u044c \u0441 \u0442\u0435\u043f\u043b\u043e\u0438\u0437\u043e\u043b\u044f\u0446\u0438\u0435\u0439 3M Thinsulate \u0438 \u0430\u043d\u0442\u0438\u0441\u043a\u043e\u043b\u044c\u0437\u044f\u0449\u0435\u0439 \u043f\u043e\u0434\u043e\u0448\u0432\u043e\u0439.\" \/>\n<meta name=\"robots\" content=\"noindex, follow, max-snippet:-1, max-image-preview:large, max-video-preview:-1\" \/>\n<meta property=\"og:locale\" content=\"ro_RO\" \/>\n<meta property=\"og:type\" content=\"article\" \/>\n<meta property=\"og:title\" content=\"\u0411\u043e\u0442\u0438\u043d\u043a\u0438 Kamik Cody dark brown - \u041c\u0430\u0433\u0430\u0437\u0438\u043d Xstyle\" \/>\n<meta property=\"og:description\" content=\"\u0411\u043e\u0442\u0438\u043d\u043a\u0438 Kamik Cody \u0442\u0435\u043c\u043d\u043e-\u043a\u043e\u0440\u0438\u0447\u043d\u0435\u0432\u044b\u0435 \u0438\u0434\u0435\u0430\u043b\u044c\u043d\u043e \u043f\u043e\u0434\u0445\u043e\u0434\u044f\u0442 \u0434\u043b\u044f \u0441\u0443\u0440\u043e\u0432\u044b\u0445 \u0443\u0441\u043b\u043e\u0432\u0438\u0439. \u0412\u043e\u0434\u043e\u043d\u0435\u043f\u0440\u043e\u043d\u0438\u0446\u0430\u0435\u043c\u0430\u044f \u043e\u0431\u0443\u0432\u044c \u0441 \u0442\u0435\u043f\u043b\u043e\u0438\u0437\u043e\u043b\u044f\u0446\u0438\u0435\u0439 3M Thinsulate \u0438 \u0430\u043d\u0442\u0438\u0441\u043a\u043e\u043b\u044c\u0437\u044f\u0449\u0435\u0439 \u043f\u043e\u0434\u043e\u0448\u0432\u043e\u0439.\" \/>\n<meta property=\"og:url\" content=\"https:\/\/dev.xstyle.md\/ro\/produs\/botinki-muzhskie-kamik-cody-dark-brown\/\" \/>\n<meta property=\"og:site_name\" content=\"\u041c\u0430\u0433\u0430\u0437\u0438\u043d Xstyle\" \/>\n<meta property=\"article:publisher\" content=\"https:\/\/www.facebook.com\/xstylemd\" \/>\n<meta property=\"article:modified_time\" content=\"2026-03-19T13:38:47+00:00\" \/>\n<meta property=\"og:image\" content=\"https:\/\/dev.xstyle.md\/wp-content\/uploads\/2020\/07\/kamik-m-cody-18b-kam-wk0570-dark-brown-1.jpg\" \/>\n\t<meta property=\"og:image:width\" content=\"550\" \/>\n\t<meta property=\"og:image:height\" content=\"550\" \/>\n\t<meta property=\"og:image:type\" content=\"image\/jpeg\" \/>\n<meta name=\"twitter:card\" content=\"summary_large_image\" \/>\n<meta name=\"twitter:label1\" content=\"Pre\u021b\" \/>\n\t<meta name=\"twitter:data1\" content=\"4.690,00&nbsp;MDL\" \/>\n\t<meta name=\"twitter:label2\" content=\"Disponibilitate\" \/>\n\t<meta name=\"twitter:data2\" content=\"\u00cen stoc\" \/>\n<script type=\"application\/ld+json\" class=\"yoast-schema-graph\">{\"@context\":\"https:\\\/\\\/schema.org\",\"@graph\":[{\"@type\":\"WebPage\",\"@id\":\"https:\\\/\\\/dev.xstyle.md\\\/product\\\/botinki-muzhskie-kamik-cody-dark-brown\\\/\",\"url\":\"https:\\\/\\\/dev.xstyle.md\\\/product\\\/botinki-muzhskie-kamik-cody-dark-brown\\\/\",\"name\":\"\u0411\u043e\u0442\u0438\u043d\u043a\u0438 Kamik Cody dark brown - \u041c\u0430\u0433\u0430\u0437\u0438\u043d Xstyle\",\"isPartOf\":{\"@id\":\"https:\\\/\\\/dev.xstyle.md\\\/#website\"},\"primaryImageOfPage\":{\"@id\":\"https:\\\/\\\/dev.xstyle.md\\\/product\\\/botinki-muzhskie-kamik-cody-dark-brown\\\/#primaryimage\"},\"image\":{\"@id\":\"https:\\\/\\\/dev.xstyle.md\\\/product\\\/botinki-muzhskie-kamik-cody-dark-brown\\\/#primaryimage\"},\"thumbnailUrl\":\"https:\\\/\\\/dev.xstyle.md\\\/wp-content\\\/uploads\\\/2020\\\/07\\\/kamik-m-cody-18b-kam-wk0570-dark-brown-1.jpg\",\"datePublished\":\"2020-07-18T15:04:14+00:00\",\"dateModified\":\"2026-03-19T13:38:47+00:00\",\"description\":\"\u0411\u043e\u0442\u0438\u043d\u043a\u0438 Kamik Cody \u0442\u0435\u043c\u043d\u043e-\u043a\u043e\u0440\u0438\u0447\u043d\u0435\u0432\u044b\u0435 \u0438\u0434\u0435\u0430\u043b\u044c\u043d\u043e \u043f\u043e\u0434\u0445\u043e\u0434\u044f\u0442 \u0434\u043b\u044f \u0441\u0443\u0440\u043e\u0432\u044b\u0445 \u0443\u0441\u043b\u043e\u0432\u0438\u0439. \u0412\u043e\u0434\u043e\u043d\u0435\u043f\u0440\u043e\u043d\u0438\u0446\u0430\u0435\u043c\u0430\u044f \u043e\u0431\u0443\u0432\u044c \u0441 \u0442\u0435\u043f\u043b\u043e\u0438\u0437\u043e\u043b\u044f\u0446\u0438\u0435\u0439 3M Thinsulate \u0438 \u0430\u043d\u0442\u0438\u0441\u043a\u043e\u043b\u044c\u0437\u044f\u0449\u0435\u0439 \u043f\u043e\u0434\u043e\u0448\u0432\u043e\u0439.\",\"breadcrumb\":{\"@id\":\"https:\\\/\\\/dev.xstyle.md\\\/product\\\/botinki-muzhskie-kamik-cody-dark-brown\\\/#breadcrumb\"},\"inLanguage\":\"ro-RO\",\"potentialAction\":[{\"@type\":\"ReadAction\",\"target\":[\"https:\\\/\\\/dev.xstyle.md\\\/product\\\/botinki-muzhskie-kamik-cody-dark-brown\\\/\"]}]},{\"@type\":\"ImageObject\",\"inLanguage\":\"ro-RO\",\"@id\":\"https:\\\/\\\/dev.xstyle.md\\\/product\\\/botinki-muzhskie-kamik-cody-dark-brown\\\/#primaryimage\",\"url\":\"https:\\\/\\\/dev.xstyle.md\\\/wp-content\\\/uploads\\\/2020\\\/07\\\/kamik-m-cody-18b-kam-wk0570-dark-brown-1.jpg\",\"contentUrl\":\"https:\\\/\\\/dev.xstyle.md\\\/wp-content\\\/uploads\\\/2020\\\/07\\\/kamik-m-cody-18b-kam-wk0570-dark-brown-1.jpg\",\"width\":550,\"height\":550},{\"@type\":\"BreadcrumbList\",\"@id\":\"https:\\\/\\\/dev.xstyle.md\\\/product\\\/botinki-muzhskie-kamik-cody-dark-brown\\\/#breadcrumb\",\"itemListElement\":[{\"@type\":\"ListItem\",\"position\":1,\"name\":\"\u0413\u043b\u0430\u0432\u043d\u0430\u044f \u0441\u0442\u0440\u0430\u043d\u0438\u0446\u0430\",\"item\":\"https:\\\/\\\/dev.xstyle.md\\\/\"},{\"@type\":\"ListItem\",\"position\":2,\"name\":\"Shop\",\"item\":\"https:\\\/\\\/dev.xstyle.md\\\/shop\\\/\"},{\"@type\":\"ListItem\",\"position\":3,\"name\":\"\u0411\u043e\u0442\u0438\u043d\u043a\u0438 Kamik Cody dark brown\"}]},{\"@type\":\"WebSite\",\"@id\":\"https:\\\/\\\/dev.xstyle.md\\\/#website\",\"url\":\"https:\\\/\\\/dev.xstyle.md\\\/\",\"name\":\"\u041c\u0430\u0433\u0430\u0437\u0438\u043d Xstyle\",\"description\":\"C\u043d\u0430\u0440\u044f\u0436\u0435\u043d\u0438\u0435 \u0434\u043b\u044f \u0442\u0443\u0440\u0438\u0437\u043c\u0430 \u0438 \u044d\u043a\u0441\u0442\u0440\u0435\u043c\u0430\u043b\u044c\u043d\u044b\u0445 \u0432\u0438\u0434\u043e\u0432 \u0441\u043f\u043e\u0440\u0442\u0430 \u0432 \u041c\u043e\u043b\u0434\u043e\u0432\u0435.. \u0426\u0435\u043d\u044b, \u0444\u043e\u0442\u043e, \u0445\u0430\u0440\u0430\u043a\u0442\u0435\u0440\u0438\u0441\u0442\u0438\u043a\u0438 \u0432 \u041c\u043e\u043b\u0434\u043e\u0432\u0435.\",\"publisher\":{\"@id\":\"https:\\\/\\\/dev.xstyle.md\\\/#organization\"},\"alternateName\":\"X-Style\",\"potentialAction\":[{\"@type\":\"SearchAction\",\"target\":{\"@type\":\"EntryPoint\",\"urlTemplate\":\"https:\\\/\\\/dev.xstyle.md\\\/?s={search_term_string}\"},\"query-input\":{\"@type\":\"PropertyValueSpecification\",\"valueRequired\":true,\"valueName\":\"search_term_string\"}}],\"inLanguage\":\"ro-RO\"},{\"@type\":\"Organization\",\"@id\":\"https:\\\/\\\/dev.xstyle.md\\\/#organization\",\"name\":\"\u041c\u0430\u0433\u0430\u0437\u0438\u043d Xstyle\",\"alternateName\":\"x-style\",\"url\":\"https:\\\/\\\/dev.xstyle.md\\\/\",\"logo\":{\"@type\":\"ImageObject\",\"inLanguage\":\"ro-RO\",\"@id\":\"https:\\\/\\\/dev.xstyle.md\\\/#\\\/schema\\\/logo\\\/image\\\/\",\"url\":\"https:\\\/\\\/dev.xstyle.md\\\/wp-content\\\/uploads\\\/2020\\\/06\\\/logoicon.svg\",\"contentUrl\":\"https:\\\/\\\/dev.xstyle.md\\\/wp-content\\\/uploads\\\/2020\\\/06\\\/logoicon.svg\",\"caption\":\"\u041c\u0430\u0433\u0430\u0437\u0438\u043d Xstyle\"},\"image\":{\"@id\":\"https:\\\/\\\/dev.xstyle.md\\\/#\\\/schema\\\/logo\\\/image\\\/\"},\"sameAs\":[\"https:\\\/\\\/www.facebook.com\\\/xstylemd\",\"https:\\\/\\\/www.instagram.com\\\/xstyle_md\\\/\",\"https:\\\/\\\/t.me\\\/xstyle_outdoor\"],\"hasMerchantReturnPolicy\":{\"@type\":\"MerchantReturnPolicy\",\"merchantReturnLink\":\"https:\\\/\\\/dev.xstyle.md\\\/ro\\\/conditions\\\/\"}}]}<\/script>\n<meta property=\"product:price:amount\" content=\"4690.00\" \/>\n<meta property=\"product:price:currency\" content=\"MDL\" \/>\n<meta property=\"og:availability\" content=\"instock\" \/>\n<meta property=\"product:availability\" content=\"instock\" \/>\n<meta property=\"product:retailer_item_id\" content=\"56551829980\" \/>\n<meta property=\"product:condition\" content=\"new\" \/>\n<!-- \/ Yoast SEO plugin. -->","yoast_head_json":{"title":"Bocanci Kamik Cody dark brown - Magazin Xstyle","description":"Ghetele Kamik Cody de culoare maro \u00eenchis sunt perfect adaptate pentru condi\u021bii dure. \u00cenc\u0103l\u021b\u0103minte impermeabil\u0103 cu izola\u021bie termic\u0103 3M Thinsulate \u0219i talp\u0103 antiderapant\u0103.","robots":{"index":"noindex","follow":"follow","max-snippet":"max-snippet:-1","max-image-preview":"max-image-preview:large","max-video-preview":"max-video-preview:-1"},"og_locale":"ro_RO","og_type":"article","og_title":"\u0411\u043e\u0442\u0438\u043d\u043a\u0438 Kamik Cody dark brown - \u041c\u0430\u0433\u0430\u0437\u0438\u043d Xstyle","og_description":"\u0411\u043e\u0442\u0438\u043d\u043a\u0438 Kamik Cody \u0442\u0435\u043c\u043d\u043e-\u043a\u043e\u0440\u0438\u0447\u043d\u0435\u0432\u044b\u0435 \u0438\u0434\u0435\u0430\u043b\u044c\u043d\u043e \u043f\u043e\u0434\u0445\u043e\u0434\u044f\u0442 \u0434\u043b\u044f \u0441\u0443\u0440\u043e\u0432\u044b\u0445 \u0443\u0441\u043b\u043e\u0432\u0438\u0439. \u0412\u043e\u0434\u043e\u043d\u0435\u043f\u0440\u043e\u043d\u0438\u0446\u0430\u0435\u043c\u0430\u044f \u043e\u0431\u0443\u0432\u044c \u0441 \u0442\u0435\u043f\u043b\u043e\u0438\u0437\u043e\u043b\u044f\u0446\u0438\u0435\u0439 3M Thinsulate \u0438 \u0430\u043d\u0442\u0438\u0441\u043a\u043e\u043b\u044c\u0437\u044f\u0449\u0435\u0439 \u043f\u043e\u0434\u043e\u0448\u0432\u043e\u0439.","og_url":"https:\/\/dev.xstyle.md\/ro\/produs\/botinki-muzhskie-kamik-cody-dark-brown\/","og_site_name":"\u041c\u0430\u0433\u0430\u0437\u0438\u043d Xstyle","article_publisher":"https:\/\/www.facebook.com\/xstylemd","article_modified_time":"2026-03-19T13:38:47+00:00","og_image":[{"width":550,"height":550,"url":"https:\/\/dev.xstyle.md\/wp-content\/uploads\/2020\/07\/kamik-m-cody-18b-kam-wk0570-dark-brown-1.jpg","type":"image\/jpeg"}],"twitter_card":"summary_large_image","twitter_misc":{"Pre\u021b":"4.690,00&nbsp;MDL","Disponibilitate":"\u00cen stoc"},"schema":{"@context":"https:\/\/schema.org","@graph":[{"@type":"WebPage","@id":"https:\/\/dev.xstyle.md\/product\/botinki-muzhskie-kamik-cody-dark-brown\/","url":"https:\/\/dev.xstyle.md\/product\/botinki-muzhskie-kamik-cody-dark-brown\/","name":"Bocanci Kamik Cody dark brown - Magazin Xstyle","isPartOf":{"@id":"https:\/\/dev.xstyle.md\/#website"},"primaryImageOfPage":{"@id":"https:\/\/dev.xstyle.md\/product\/botinki-muzhskie-kamik-cody-dark-brown\/#primaryimage"},"image":{"@id":"https:\/\/dev.xstyle.md\/product\/botinki-muzhskie-kamik-cody-dark-brown\/#primaryimage"},"thumbnailUrl":"https:\/\/dev.xstyle.md\/wp-content\/uploads\/2020\/07\/kamik-m-cody-18b-kam-wk0570-dark-brown-1.jpg","datePublished":"2020-07-18T15:04:14+00:00","dateModified":"2026-03-19T13:38:47+00:00","description":"Ghetele Kamik Cody de culoare maro \u00eenchis sunt perfect adaptate pentru condi\u021bii dure. \u00cenc\u0103l\u021b\u0103minte impermeabil\u0103 cu izola\u021bie termic\u0103 3M Thinsulate \u0219i talp\u0103 antiderapant\u0103.","breadcrumb":{"@id":"https:\/\/dev.xstyle.md\/product\/botinki-muzhskie-kamik-cody-dark-brown\/#breadcrumb"},"inLanguage":"ro-RO","potentialAction":[{"@type":"ReadAction","target":["https:\/\/dev.xstyle.md\/product\/botinki-muzhskie-kamik-cody-dark-brown\/"]}]},{"@type":"ImageObject","inLanguage":"ro-RO","@id":"https:\/\/dev.xstyle.md\/product\/botinki-muzhskie-kamik-cody-dark-brown\/#primaryimage","url":"https:\/\/dev.xstyle.md\/wp-content\/uploads\/2020\/07\/kamik-m-cody-18b-kam-wk0570-dark-brown-1.jpg","contentUrl":"https:\/\/dev.xstyle.md\/wp-content\/uploads\/2020\/07\/kamik-m-cody-18b-kam-wk0570-dark-brown-1.jpg","width":550,"height":550},{"@type":"BreadcrumbList","@id":"https:\/\/dev.xstyle.md\/product\/botinki-muzhskie-kamik-cody-dark-brown\/#breadcrumb","itemListElement":[{"@type":"ListItem","position":1,"name":"\u0413\u043b\u0430\u0432\u043d\u0430\u044f \u0441\u0442\u0440\u0430\u043d\u0438\u0446\u0430","item":"https:\/\/dev.xstyle.md\/"},{"@type":"ListItem","position":2,"name":"Shop","item":"https:\/\/dev.xstyle.md\/shop\/"},{"@type":"ListItem","position":3,"name":"\u0411\u043e\u0442\u0438\u043d\u043a\u0438 Kamik Cody dark brown"}]},{"@type":"WebSite","@id":"https:\/\/dev.xstyle.md\/#website","url":"https:\/\/dev.xstyle.md\/","name":"Magazinul X-Style","description":"Echipamente pentru turism \u0219i sporturi extreme \u00een Moldova. Pre\u021buri, fotografii, caracteristici \u00een Moldova.","publisher":{"@id":"https:\/\/dev.xstyle.md\/#organization"},"alternateName":"X-Style","potentialAction":[{"@type":"SearchAction","target":{"@type":"EntryPoint","urlTemplate":"https:\/\/dev.xstyle.md\/?s={search_term_string}"},"query-input":{"@type":"PropertyValueSpecification","valueRequired":true,"valueName":"search_term_string"}}],"inLanguage":"ro-RO"},{"@type":"Organization","@id":"https:\/\/dev.xstyle.md\/#organization","name":"Magazinul X-Style","alternateName":"x-style","url":"https:\/\/dev.xstyle.md\/","logo":{"@type":"ImageObject","inLanguage":"ro-RO","@id":"https:\/\/dev.xstyle.md\/#\/schema\/logo\/image\/","url":"https:\/\/dev.xstyle.md\/wp-content\/uploads\/2020\/06\/logoicon.svg","contentUrl":"https:\/\/dev.xstyle.md\/wp-content\/uploads\/2020\/06\/logoicon.svg","caption":"\u041c\u0430\u0433\u0430\u0437\u0438\u043d Xstyle"},"image":{"@id":"https:\/\/dev.xstyle.md\/#\/schema\/logo\/image\/"},"sameAs":["https:\/\/www.facebook.com\/xstylemd","https:\/\/www.instagram.com\/xstyle_md\/","https:\/\/t.me\/xstyle_outdoor"],"hasMerchantReturnPolicy":{"@type":"MerchantReturnPolicy","merchantReturnLink":"https:\/\/dev.xstyle.md\/ro\/conditions\/"}}]},"product_price_amount":"4690.00","product_price_currency":"MDL","og_availability":"instock","product_availability":"instock","product_retailer_item_id":"56551829980","product_condition":"new"},"post_mailing_queue_ids":[],"_links":{"self":[{"href":"https:\/\/dev.xstyle.md\/ro\/wp-json\/wp\/v2\/product\/21003","targetHints":{"allow":["GET"]}}],"collection":[{"href":"https:\/\/dev.xstyle.md\/ro\/wp-json\/wp\/v2\/product"}],"about":[{"href":"https:\/\/dev.xstyle.md\/ro\/wp-json\/wp\/v2\/types\/product"}],"replies":[{"embeddable":true,"href":"https:\/\/dev.xstyle.md\/ro\/wp-json\/wp\/v2\/comments?post=21003"}],"version-history":[{"count":0,"href":"https:\/\/dev.xstyle.md\/ro\/wp-json\/wp\/v2\/product\/21003\/revisions"}],"wp:featuredmedia":[{"embeddable":true,"href":"https:\/\/dev.xstyle.md\/ro\/wp-json\/wp\/v2\/media\/21002"}],"wp:attachment":[{"href":"https:\/\/dev.xstyle.md\/ro\/wp-json\/wp\/v2\/media?parent=21003"}],"wp:term":[{"taxonomy":"product_brand","embeddable":true,"href":"https:\/\/dev.xstyle.md\/ro\/wp-json\/wp\/v2\/product_brand?post=21003"},{"taxonomy":"product_cat","embeddable":true,"href":"https:\/\/dev.xstyle.md\/ro\/wp-json\/wp\/v2\/product_cat?post=21003"},{"taxonomy":"product_tag","embeddable":true,"href":"https:\/\/dev.xstyle.md\/ro\/wp-json\/wp\/v2\/product_tag?post=21003"}],"curies":[{"name":"wp","href":"https:\/\/api.w.org\/{rel}","templated":true}]}}