{"id":20914,"date":"2020-07-18T18:01:40","date_gmt":"2020-07-18T15:01:40","guid":{"rendered":"https:\/\/xstyle.md\/product\/fitnes-butylka-contigo-swish-cobalt-500ml"},"modified":"2025-11-05T18:29:31","modified_gmt":"2025-11-05T15:29:31","slug":"fitnes-butylka-contigo-swish-cobalt-500ml","status":"publish","type":"product","link":"https:\/\/xstyle.md\/ro\/produs\/fitnes-butylka-contigo-swish-cobalt-500ml\/","title":{"rendered":"Sticl\u0103 Contigo Swish 500ml Cobalt"},"content":{"rendered":"<\/p>\n<p><strong>Sticl\u0103-fitnes Contigo Swish Cobalt 500ml\u00a0&#8212;\u00a0<\/strong>din tritan rezistent la impact care nu con\u021bine bisfenol-A (0% BPA). Sticla are un aspect pl\u0103cut \u0219i o form\u0103 confortabil\u0103. Este echipat cu sistem robust AUTOSEAL\u00ae, care asigur\u0103 o etan\u0219are complet\u0103 \u00een orice pozi\u021bie.<\/p>\n<p>Solu\u021bia ideal\u0103 pentru cei care sunt implica\u021bi \u00een sport \u0219i fitness, care duc un stil de via\u021b\u0103 activ \u0219i care \u021bin la regimul de consum al apei.<\/p>\n<h3>Particularit\u0103\u021bi<\/h3>\n<ul>\n<li>Echipat cu o supap\u0103 special\u0103 cu buton<\/li>\n<li>Materiale de \u00eenalt\u0103 calitate<\/li>\n<li>Forma convenabil\u0103 \u0219i dimensiunile mici v\u0103 permit s\u0103 o \u021bine\u021bi cu o singur\u0103 m\u00e2n\u0103.<\/li>\n<\/ul>\n<h3>Caracteristici<\/h3>\n<ul>\n<li>Volum &#8212; 0,5 l<\/li>\n<li>Dimensiune &#8212; 22 x 6 cm<\/li>\n<li>Greutate &#8212; 190 g<\/li>\n<li>Material &#8212; Tritan.<\/li>\n<\/ul>\n<h3>Tehnologie<\/h3>\n<ul>\n<li><strong>AUTOSEAL<\/strong>\u00ae &#8212; tehnologia ofer\u0103 o utilizare comod\u0103 \u0219i u\u0219oar\u0103 a c\u0103nii cu o singur\u0103 m\u00e2n\u0103: nu este nevoie s\u0103 scoate\u021bi capacul, nu este nevoie s\u0103 deschide\u021bi supapa de g\u00e2t. Pur \u0219i simplu ap\u0103sa\u021bi butonul Autoseal\u00ae pentru a lua o \u00eenghi\u021bitur\u0103 \u0219i elibera\u021bi-l pentru a \u00eenchide automat cana.<\/li>\n<li><strong>BPA<\/strong> &#8212; este un compus chimic organic \u0219i este utilizat pentru fabricarea materialelor plastice, a policarbonatului \u0219i a r\u0103\u0219inii epoxidice. De asemenea, este ad\u0103ugat la produsele din plastic \u0219i la conservele alimentare. Principalele propriet\u0103\u021bi ale bisfenolului-A sunt propriet\u0103\u021bile de \u00eent\u0103rire \u0219i antioxidante. BPA este capabil s\u0103 p\u0103trund\u0103 \u00een corpul uman nu numai cu ajutorul alimentelor \u0219i al apei, ci \u0219i prin piele \u0219i pl\u0103m\u00e2ni. Contactul prelungit al lichidelor \u0219i al alimentelor umede cu materiale plastice care con\u021bin bisfenol-A contribuie la eliberarea acestei substan\u021be \u00een alimente. \u00cenc\u0103lzirea unor astfel de recipiente accelereaz\u0103 semnificativ eliberarea de bisfenol-A. Aceast\u0103 sticl\u0103 de ap\u0103 este etichetat\u0103<em> bpa fre\u0435<\/em>, ceea ce indic\u0103 faptul c\u0103 bisfenolul-A nu a fost utilizat la fabricarea acestui recipient.<\/li>\n<\/ul>\n<p><\/p>","protected":false},"excerpt":{"rendered":"<p>Sticl\u0103-fitnes Contigo Swish Cobalt 500ml<\/p>","protected":false},"featured_media":20913,"comment_status":"open","ping_status":"closed","template":"","meta":{"_acf_changed":false,"inline_featured_image":false},"product_brand":[1374],"product_cat":[885],"product_tag":[],"class_list":{"0":"post-20914","1":"product","2":"type-product","3":"status-publish","4":"has-post-thumbnail","6":"product_brand-contigo","7":"product_cat-bottle","9":"first","10":"instock","11":"shipping-taxable","12":"purchasable","13":"product-type-simple"},"acf":[],"yoast_head":"<!-- This site is optimized with the Yoast SEO plugin v27.4 - https:\/\/yoast.com\/product\/yoast-seo-wordpress\/ -->\n<title>\u0424\u0438\u0442\u043d\u0435\u0441-\u0431\u0443\u0442\u044b\u043b\u043a\u0430 Contigo Swish 500ml Cobalt - \u041c\u0430\u0433\u0430\u0437\u0438\u043d Xstyle<\/title>\n<meta name=\"description\" content=\"\u0424\u0438\u0442\u043d\u0435\u0441-\u0431\u0443\u0442\u044b\u043b\u043a\u0430 Contigo Swish Cobalt 500ml \u0431\u0435\u0437 BPA \u0441 \u0441\u0438\u0441\u0442\u0435\u043c\u043e\u0439 AUTOSEAL. \u0418\u0434\u0435\u0430\u043b\u044c\u043d\u0430 \u0434\u043b\u044f \u0441\u043f\u043e\u0440\u0442\u0430 \u0438 \u0430\u043a\u0442\u0438\u0432\u043d\u043e\u0433\u043e \u043e\u0431\u0440\u0430\u0437\u0430 \u0436\u0438\u0437\u043d\u0438. \u0423\u0434\u043e\u0431\u043d\u0430\u044f \u0438 \u043d\u0430\u0434\u0435\u0436\u043d\u0430\u044f!\" \/>\n<meta name=\"robots\" content=\"index, follow, max-snippet:-1, max-image-preview:large, max-video-preview:-1\" \/>\n<link rel=\"canonical\" href=\"https:\/\/xstyle.md\/ro\/produs\/fitnes-butylka-contigo-swish-cobalt-500ml\/\" \/>\n<meta property=\"og:locale\" content=\"ro_RO\" \/>\n<meta property=\"og:type\" content=\"article\" \/>\n<meta property=\"og:title\" content=\"\u0424\u0438\u0442\u043d\u0435\u0441-\u0431\u0443\u0442\u044b\u043b\u043a\u0430 Contigo Swish 500ml Cobalt - \u041c\u0430\u0433\u0430\u0437\u0438\u043d Xstyle\" \/>\n<meta property=\"og:description\" content=\"\u0424\u0438\u0442\u043d\u0435\u0441-\u0431\u0443\u0442\u044b\u043b\u043a\u0430 Contigo Swish Cobalt 500ml \u0431\u0435\u0437 BPA \u0441 \u0441\u0438\u0441\u0442\u0435\u043c\u043e\u0439 AUTOSEAL. \u0418\u0434\u0435\u0430\u043b\u044c\u043d\u0430 \u0434\u043b\u044f \u0441\u043f\u043e\u0440\u0442\u0430 \u0438 \u0430\u043a\u0442\u0438\u0432\u043d\u043e\u0433\u043e \u043e\u0431\u0440\u0430\u0437\u0430 \u0436\u0438\u0437\u043d\u0438. \u0423\u0434\u043e\u0431\u043d\u0430\u044f \u0438 \u043d\u0430\u0434\u0435\u0436\u043d\u0430\u044f!\" \/>\n<meta property=\"og:url\" content=\"https:\/\/xstyle.md\/ro\/produs\/fitnes-butylka-contigo-swish-cobalt-500ml\/\" \/>\n<meta property=\"og:site_name\" content=\"\u041c\u0430\u0433\u0430\u0437\u0438\u043d Xstyle\" \/>\n<meta property=\"article:publisher\" content=\"https:\/\/www.facebook.com\/xstylemd\" \/>\n<meta property=\"article:modified_time\" content=\"2025-11-05T15:29:31+00:00\" \/>\n<meta property=\"og:image\" content=\"https:\/\/xstyle.md\/wp-content\/uploads\/2020\/07\/11091209-6974382214520800.jpg\" \/>\n\t<meta property=\"og:image:width\" content=\"960\" \/>\n\t<meta property=\"og:image:height\" content=\"960\" \/>\n\t<meta property=\"og:image:type\" content=\"image\/jpeg\" \/>\n<meta name=\"twitter:card\" content=\"summary_large_image\" \/>\n<meta name=\"twitter:label1\" content=\"Pre\u021b\" \/>\n\t<meta name=\"twitter:data1\" content=\"375&nbsp;MDL\" \/>\n\t<meta name=\"twitter:label2\" content=\"Disponibilitate\" \/>\n\t<meta name=\"twitter:data2\" content=\"\u00cen stoc\" \/>\n<script type=\"application\/ld+json\" class=\"yoast-schema-graph\">{\"@context\":\"https:\\\/\\\/schema.org\",\"@graph\":[{\"@type\":\"WebPage\",\"@id\":\"https:\\\/\\\/xstyle.md\\\/product\\\/fitnes-butylka-contigo-swish-cobalt-500ml\\\/\",\"url\":\"https:\\\/\\\/xstyle.md\\\/product\\\/fitnes-butylka-contigo-swish-cobalt-500ml\\\/\",\"name\":\"\u0424\u0438\u0442\u043d\u0435\u0441-\u0431\u0443\u0442\u044b\u043b\u043a\u0430 Contigo Swish 500ml Cobalt - \u041c\u0430\u0433\u0430\u0437\u0438\u043d Xstyle\",\"isPartOf\":{\"@id\":\"https:\\\/\\\/xstyle.md\\\/#website\"},\"primaryImageOfPage\":{\"@id\":\"https:\\\/\\\/xstyle.md\\\/product\\\/fitnes-butylka-contigo-swish-cobalt-500ml\\\/#primaryimage\"},\"image\":{\"@id\":\"https:\\\/\\\/xstyle.md\\\/product\\\/fitnes-butylka-contigo-swish-cobalt-500ml\\\/#primaryimage\"},\"thumbnailUrl\":\"https:\\\/\\\/xstyle.md\\\/wp-content\\\/uploads\\\/2020\\\/07\\\/11091209-6974382214520800.jpg\",\"datePublished\":\"2020-07-18T15:01:40+00:00\",\"dateModified\":\"2025-11-05T15:29:31+00:00\",\"description\":\"\u0424\u0438\u0442\u043d\u0435\u0441-\u0431\u0443\u0442\u044b\u043b\u043a\u0430 Contigo Swish Cobalt 500ml \u0431\u0435\u0437 BPA \u0441 \u0441\u0438\u0441\u0442\u0435\u043c\u043e\u0439 AUTOSEAL. \u0418\u0434\u0435\u0430\u043b\u044c\u043d\u0430 \u0434\u043b\u044f \u0441\u043f\u043e\u0440\u0442\u0430 \u0438 \u0430\u043a\u0442\u0438\u0432\u043d\u043e\u0433\u043e \u043e\u0431\u0440\u0430\u0437\u0430 \u0436\u0438\u0437\u043d\u0438. \u0423\u0434\u043e\u0431\u043d\u0430\u044f \u0438 \u043d\u0430\u0434\u0435\u0436\u043d\u0430\u044f!\",\"breadcrumb\":{\"@id\":\"https:\\\/\\\/xstyle.md\\\/product\\\/fitnes-butylka-contigo-swish-cobalt-500ml\\\/#breadcrumb\"},\"inLanguage\":\"ro-RO\",\"potentialAction\":[{\"@type\":\"ReadAction\",\"target\":[\"https:\\\/\\\/xstyle.md\\\/product\\\/fitnes-butylka-contigo-swish-cobalt-500ml\\\/\"]}]},{\"@type\":\"ImageObject\",\"inLanguage\":\"ro-RO\",\"@id\":\"https:\\\/\\\/xstyle.md\\\/product\\\/fitnes-butylka-contigo-swish-cobalt-500ml\\\/#primaryimage\",\"url\":\"https:\\\/\\\/xstyle.md\\\/wp-content\\\/uploads\\\/2020\\\/07\\\/11091209-6974382214520800.jpg\",\"contentUrl\":\"https:\\\/\\\/xstyle.md\\\/wp-content\\\/uploads\\\/2020\\\/07\\\/11091209-6974382214520800.jpg\",\"width\":960,\"height\":960},{\"@type\":\"BreadcrumbList\",\"@id\":\"https:\\\/\\\/xstyle.md\\\/product\\\/fitnes-butylka-contigo-swish-cobalt-500ml\\\/#breadcrumb\",\"itemListElement\":[{\"@type\":\"ListItem\",\"position\":1,\"name\":\"\u0413\u043b\u0430\u0432\u043d\u0430\u044f \u0441\u0442\u0440\u0430\u043d\u0438\u0446\u0430\",\"item\":\"https:\\\/\\\/xstyle.md\\\/\"},{\"@type\":\"ListItem\",\"position\":2,\"name\":\"\u041c\u0430\u0433\u0430\u0437\u0438\u043d\",\"item\":\"https:\\\/\\\/xstyle.md\\\/shop\\\/\"},{\"@type\":\"ListItem\",\"position\":3,\"name\":\"\u0424\u0438\u0442\u043d\u0435\u0441-\u0431\u0443\u0442\u044b\u043b\u043a\u0430 Contigo Swish 500ml Cobalt\"}]},{\"@type\":\"WebSite\",\"@id\":\"https:\\\/\\\/xstyle.md\\\/#website\",\"url\":\"https:\\\/\\\/xstyle.md\\\/\",\"name\":\"\u041c\u0430\u0433\u0430\u0437\u0438\u043d Xstyle\",\"description\":\"C\u043d\u0430\u0440\u044f\u0436\u0435\u043d\u0438\u0435 \u0434\u043b\u044f \u0442\u0443\u0440\u0438\u0437\u043c\u0430 \u0438 \u044d\u043a\u0441\u0442\u0440\u0435\u043c\u0430\u043b\u044c\u043d\u044b\u0445 \u0432\u0438\u0434\u043e\u0432 \u0441\u043f\u043e\u0440\u0442\u0430 \u0432 \u041c\u043e\u043b\u0434\u043e\u0432\u0435.. \u0426\u0435\u043d\u044b, \u0444\u043e\u0442\u043e, \u0445\u0430\u0440\u0430\u043a\u0442\u0435\u0440\u0438\u0441\u0442\u0438\u043a\u0438 \u0432 \u041c\u043e\u043b\u0434\u043e\u0432\u0435.\",\"publisher\":{\"@id\":\"https:\\\/\\\/xstyle.md\\\/#organization\"},\"alternateName\":\"X-Style\",\"potentialAction\":[{\"@type\":\"SearchAction\",\"target\":{\"@type\":\"EntryPoint\",\"urlTemplate\":\"https:\\\/\\\/xstyle.md\\\/?s={search_term_string}\"},\"query-input\":{\"@type\":\"PropertyValueSpecification\",\"valueRequired\":true,\"valueName\":\"search_term_string\"}}],\"inLanguage\":\"ro-RO\"},{\"@type\":\"Organization\",\"@id\":\"https:\\\/\\\/xstyle.md\\\/#organization\",\"name\":\"\u041c\u0430\u0433\u0430\u0437\u0438\u043d Xstyle\",\"alternateName\":\"x-style\",\"url\":\"https:\\\/\\\/xstyle.md\\\/\",\"logo\":{\"@type\":\"ImageObject\",\"inLanguage\":\"ro-RO\",\"@id\":\"https:\\\/\\\/xstyle.md\\\/#\\\/schema\\\/logo\\\/image\\\/\",\"url\":\"https:\\\/\\\/xstyle.md\\\/wp-content\\\/uploads\\\/2020\\\/06\\\/logoicon.svg\",\"contentUrl\":\"https:\\\/\\\/xstyle.md\\\/wp-content\\\/uploads\\\/2020\\\/06\\\/logoicon.svg\",\"caption\":\"\u041c\u0430\u0433\u0430\u0437\u0438\u043d Xstyle\"},\"image\":{\"@id\":\"https:\\\/\\\/xstyle.md\\\/#\\\/schema\\\/logo\\\/image\\\/\"},\"sameAs\":[\"https:\\\/\\\/www.facebook.com\\\/xstylemd\",\"https:\\\/\\\/www.instagram.com\\\/xstyle_md\\\/\",\"https:\\\/\\\/t.me\\\/xstyle_outdoor\"],\"hasMerchantReturnPolicy\":{\"@type\":\"MerchantReturnPolicy\",\"merchantReturnLink\":\"https:\\\/\\\/xstyle.md\\\/ro\\\/conditions\\\/\"}}]}<\/script>\n<meta property=\"product:price:amount\" content=\"375.00\" \/>\n<meta property=\"product:price:currency\" content=\"MDL\" \/>\n<meta property=\"og:availability\" content=\"instock\" \/>\n<meta property=\"product:availability\" content=\"instock\" \/>\n<meta property=\"product:retailer_item_id\" content=\"840276159190\" \/>\n<meta property=\"product:condition\" content=\"new\" \/>\n<!-- \/ Yoast SEO plugin. -->","yoast_head_json":{"title":"\u0424\u0438\u0442\u043d\u0435\u0441-\u0431\u0443\u0442\u044b\u043b\u043a\u0430 Contigo Swish 500ml Cobalt - \u041c\u0430\u0433\u0430\u0437\u0438\u043d Xstyle","description":"Sticla de fitness Contigo Swish Cobalt 500ml f\u0103r\u0103 BPA, cu sistem AUTOSEAL. Ideal\u0103 pentru sport \u0219i un stil de via\u021b\u0103 activ. Confortabil\u0103 \u0219i de \u00eencredere!","robots":{"index":"index","follow":"follow","max-snippet":"max-snippet:-1","max-image-preview":"max-image-preview:large","max-video-preview":"max-video-preview:-1"},"canonical":"https:\/\/xstyle.md\/ro\/produs\/fitnes-butylka-contigo-swish-cobalt-500ml\/","og_locale":"ro_RO","og_type":"article","og_title":"\u0424\u0438\u0442\u043d\u0435\u0441-\u0431\u0443\u0442\u044b\u043b\u043a\u0430 Contigo Swish 500ml Cobalt - \u041c\u0430\u0433\u0430\u0437\u0438\u043d Xstyle","og_description":"\u0424\u0438\u0442\u043d\u0435\u0441-\u0431\u0443\u0442\u044b\u043b\u043a\u0430 Contigo Swish Cobalt 500ml \u0431\u0435\u0437 BPA \u0441 \u0441\u0438\u0441\u0442\u0435\u043c\u043e\u0439 AUTOSEAL. \u0418\u0434\u0435\u0430\u043b\u044c\u043d\u0430 \u0434\u043b\u044f \u0441\u043f\u043e\u0440\u0442\u0430 \u0438 \u0430\u043a\u0442\u0438\u0432\u043d\u043e\u0433\u043e \u043e\u0431\u0440\u0430\u0437\u0430 \u0436\u0438\u0437\u043d\u0438. \u0423\u0434\u043e\u0431\u043d\u0430\u044f \u0438 \u043d\u0430\u0434\u0435\u0436\u043d\u0430\u044f!","og_url":"https:\/\/xstyle.md\/ro\/produs\/fitnes-butylka-contigo-swish-cobalt-500ml\/","og_site_name":"\u041c\u0430\u0433\u0430\u0437\u0438\u043d Xstyle","article_publisher":"https:\/\/www.facebook.com\/xstylemd","article_modified_time":"2025-11-05T15:29:31+00:00","og_image":[{"width":960,"height":960,"url":"https:\/\/xstyle.md\/wp-content\/uploads\/2020\/07\/11091209-6974382214520800.jpg","type":"image\/jpeg"}],"twitter_card":"summary_large_image","twitter_misc":{"Pre\u021b":"375&nbsp;MDL","Disponibilitate":"\u00cen stoc"},"schema":{"@context":"https:\/\/schema.org","@graph":[{"@type":"WebPage","@id":"https:\/\/xstyle.md\/product\/fitnes-butylka-contigo-swish-cobalt-500ml\/","url":"https:\/\/xstyle.md\/product\/fitnes-butylka-contigo-swish-cobalt-500ml\/","name":"\u0424\u0438\u0442\u043d\u0435\u0441-\u0431\u0443\u0442\u044b\u043b\u043a\u0430 Contigo Swish 500ml Cobalt - \u041c\u0430\u0433\u0430\u0437\u0438\u043d Xstyle","isPartOf":{"@id":"https:\/\/xstyle.md\/#website"},"primaryImageOfPage":{"@id":"https:\/\/xstyle.md\/product\/fitnes-butylka-contigo-swish-cobalt-500ml\/#primaryimage"},"image":{"@id":"https:\/\/xstyle.md\/product\/fitnes-butylka-contigo-swish-cobalt-500ml\/#primaryimage"},"thumbnailUrl":"https:\/\/xstyle.md\/wp-content\/uploads\/2020\/07\/11091209-6974382214520800.jpg","datePublished":"2020-07-18T15:01:40+00:00","dateModified":"2025-11-05T15:29:31+00:00","description":"Sticla de fitness Contigo Swish Cobalt 500ml f\u0103r\u0103 BPA, cu sistem AUTOSEAL. Ideal\u0103 pentru sport \u0219i un stil de via\u021b\u0103 activ. Confortabil\u0103 \u0219i de \u00eencredere!","breadcrumb":{"@id":"https:\/\/xstyle.md\/product\/fitnes-butylka-contigo-swish-cobalt-500ml\/#breadcrumb"},"inLanguage":"ro-RO","potentialAction":[{"@type":"ReadAction","target":["https:\/\/xstyle.md\/product\/fitnes-butylka-contigo-swish-cobalt-500ml\/"]}]},{"@type":"ImageObject","inLanguage":"ro-RO","@id":"https:\/\/xstyle.md\/product\/fitnes-butylka-contigo-swish-cobalt-500ml\/#primaryimage","url":"https:\/\/xstyle.md\/wp-content\/uploads\/2020\/07\/11091209-6974382214520800.jpg","contentUrl":"https:\/\/xstyle.md\/wp-content\/uploads\/2020\/07\/11091209-6974382214520800.jpg","width":960,"height":960},{"@type":"BreadcrumbList","@id":"https:\/\/xstyle.md\/product\/fitnes-butylka-contigo-swish-cobalt-500ml\/#breadcrumb","itemListElement":[{"@type":"ListItem","position":1,"name":"\u0413\u043b\u0430\u0432\u043d\u0430\u044f \u0441\u0442\u0440\u0430\u043d\u0438\u0446\u0430","item":"https:\/\/xstyle.md\/"},{"@type":"ListItem","position":2,"name":"\u041c\u0430\u0433\u0430\u0437\u0438\u043d","item":"https:\/\/xstyle.md\/shop\/"},{"@type":"ListItem","position":3,"name":"\u0424\u0438\u0442\u043d\u0435\u0441-\u0431\u0443\u0442\u044b\u043b\u043a\u0430 Contigo Swish 500ml Cobalt"}]},{"@type":"WebSite","@id":"https:\/\/xstyle.md\/#website","url":"https:\/\/xstyle.md\/","name":"Magazinul X-Style","description":"Echipamente pentru turism \u0219i sporturi extreme \u00een Moldova. Pre\u021buri, fotografii, caracteristici \u00een Moldova.","publisher":{"@id":"https:\/\/xstyle.md\/#organization"},"alternateName":"X-Style","potentialAction":[{"@type":"SearchAction","target":{"@type":"EntryPoint","urlTemplate":"https:\/\/xstyle.md\/?s={search_term_string}"},"query-input":{"@type":"PropertyValueSpecification","valueRequired":true,"valueName":"search_term_string"}}],"inLanguage":"ro-RO"},{"@type":"Organization","@id":"https:\/\/xstyle.md\/#organization","name":"Magazinul X-Style","alternateName":"x-style","url":"https:\/\/xstyle.md\/","logo":{"@type":"ImageObject","inLanguage":"ro-RO","@id":"https:\/\/xstyle.md\/#\/schema\/logo\/image\/","url":"https:\/\/xstyle.md\/wp-content\/uploads\/2020\/06\/logoicon.svg","contentUrl":"https:\/\/xstyle.md\/wp-content\/uploads\/2020\/06\/logoicon.svg","caption":"\u041c\u0430\u0433\u0430\u0437\u0438\u043d Xstyle"},"image":{"@id":"https:\/\/xstyle.md\/#\/schema\/logo\/image\/"},"sameAs":["https:\/\/www.facebook.com\/xstylemd","https:\/\/www.instagram.com\/xstyle_md\/","https:\/\/t.me\/xstyle_outdoor"],"hasMerchantReturnPolicy":{"@type":"MerchantReturnPolicy","merchantReturnLink":"https:\/\/xstyle.md\/ro\/conditions\/"}}]},"product_price_amount":"375.00","product_price_currency":"MDL","og_availability":"instock","product_availability":"instock","product_retailer_item_id":"840276159190","product_condition":"new"},"post_mailing_queue_ids":[],"_links":{"self":[{"href":"https:\/\/xstyle.md\/ro\/wp-json\/wp\/v2\/product\/20914","targetHints":{"allow":["GET"]}}],"collection":[{"href":"https:\/\/xstyle.md\/ro\/wp-json\/wp\/v2\/product"}],"about":[{"href":"https:\/\/xstyle.md\/ro\/wp-json\/wp\/v2\/types\/product"}],"replies":[{"embeddable":true,"href":"https:\/\/xstyle.md\/ro\/wp-json\/wp\/v2\/comments?post=20914"}],"wp:featuredmedia":[{"embeddable":true,"href":"https:\/\/xstyle.md\/ro\/wp-json\/wp\/v2\/media\/20913"}],"wp:attachment":[{"href":"https:\/\/xstyle.md\/ro\/wp-json\/wp\/v2\/media?parent=20914"}],"wp:term":[{"taxonomy":"product_brand","embeddable":true,"href":"https:\/\/xstyle.md\/ro\/wp-json\/wp\/v2\/product_brand?post=20914"},{"taxonomy":"product_cat","embeddable":true,"href":"https:\/\/xstyle.md\/ro\/wp-json\/wp\/v2\/product_cat?post=20914"},{"taxonomy":"product_tag","embeddable":true,"href":"https:\/\/xstyle.md\/ro\/wp-json\/wp\/v2\/product_tag?post=20914"}],"curies":[{"name":"wp","href":"https:\/\/api.w.org\/{rel}","templated":true}]}}