{"id":20472,"date":"2020-07-18T17:43:27","date_gmt":"2020-07-18T14:43:27","guid":{"rendered":"https:\/\/xstyle.md\/product\/kurtka-detskaja-reimatec-roxana-raspberry-pink-blue"},"modified":"2026-03-04T12:20:04","modified_gmt":"2026-03-04T09:20:04","slug":"reimatec-roxana-jr-raspberry-pink-blue","status":"publish","type":"product","link":"https:\/\/xstyle.md\/ro\/produs\/reimatec-roxana-jr-raspberry-pink-blue\/","title":{"rendered":"Geac\u0103 de schi Reimatec Roxana JR raspberry pink blue"},"content":{"rendered":"<\/p>\n<p><strong>Reimatec Roxana JR<\/strong> \u2014\u00a0geaca de iarn\u0103 Reimatec complet impermeabil\u0103 \u0219i rezistent\u0103 la v\u00e2nt pentru copii cu multe detalii func\u021bionale. Geaca cu cus\u0103turi lipite este confec\u021bionat\u0103 dintr-un material special, rezistent la ap\u0103, murd\u0103rie \u0219i respirabil. C\u0103ptu\u0219it\u0103 cu poliester neted, aceast\u0103 geac\u0103 este u\u0219or de \u00eembr\u0103cat \u0219i foarte confortabil de purtat, cu un strat intermediar c\u0103lduros.<\/p>\n<p data-reader-unique-id=\"4\">Man\u0219etele \u0219i tivul gecii sunt reglabile, astfel \u00eenc\u00e2t s\u0103 poat\u0103 fi ajustate exact pe siluet\u0103. Fusta de z\u0103pad\u0103 poate fi prins\u0103 pe c\u0103ptu\u0219eal\u0103 atunci c\u00e2nd nu este folosit\u0103. Gluga deta\u0219abil\u0103 \u0219i reglabil\u0103 v\u0103 \u021bine \u00een siguran\u021b\u0103 atunci c\u00e2nd v\u0103 juca\u021bi \u00een aer liber, se poate desprinde cu u\u0219urinta daca se anin\u0103 de ceva.<\/p>\n<p data-reader-unique-id=\"5\">Gluga este prev\u0103zut\u0103 cu anumite elemente care protejeaz\u0103 g\u00e2tul de v\u00e2nt. Fermoare contrastante pe buzunare, un buzunar pentru Ski-pass pe m\u00e2nec\u0103 \u0219i un buzunar pe piept care completeaz\u0103 acest model de iarn\u0103. Aceasta geac\u0103 este foarte u\u0219or de \u00eentre\u021binut \u0219i poate fi uscat\u0103 \u00een ma\u0219ina de sp\u0103lat rufe.<\/p>\n<p data-reader-unique-id=\"6\">Cu multe detalii practice, aceast\u0103 geac\u0103 rezistent\u0103 este conceput\u0103 pentru distrac\u021bie, \u0219i mai ales pentru schiat \u0219i s\u0103niu\u0219!<\/p>\n<h3 class=\"clear\" data-reader-unique-id=\"7\">Particularit\u0103\u021bi<\/h3>\n<ul data-reader-unique-id=\"8\">\n<li data-reader-unique-id=\"9\">Toate cus\u0103turile sunt sigilate \u0219i rezistente la ap\u0103;<\/li>\n<li data-reader-unique-id=\"10\">Impregnare BIONIC-FINISH\u00aeECO f\u0103r\u0103 fluorocarboni, rezistent\u0103 la ap\u0103 \u0219i la murd\u0103rie;<\/li>\n<li data-reader-unique-id=\"11\">Croial\u0103 pentru fete;<\/li>\n<li data-reader-unique-id=\"12\">C\u0103ptu\u0219eal\u0103 neted\u0103 din poliester;<\/li>\n<li data-reader-unique-id=\"13\">Glug\u0103 securizat\u0103, deta\u0219abil\u0103 \u0219i reglabil\u0103;<\/li>\n<li data-reader-unique-id=\"14\">Man\u0219ete ajustabile \u0219i man\u0219ete interioare din lycra;<\/li>\n<li data-reader-unique-id=\"15\">Partea inferioar\u0103 reglabil\u0103, man\u0219ete pentru z\u0103pad\u0103 \u00een talie;<\/li>\n<li data-reader-unique-id=\"16\">Buzunare cu fermoar, buzunar pentru Ski-pass pe m\u00e2nec\u0103;<\/li>\n<li data-reader-unique-id=\"17\">Buzunar pentru ochelari, buzunar interior pe piept \u0219i un nod pentru cablurile c\u0103\u0219tilor;<\/li>\n<li data-reader-unique-id=\"18\">Rezisten\u021b\u0103 la abraziune de cel pu\u021bin 30.000 de cicluri.<\/li>\n<\/ul>\n<h3 class=\"clear\" data-reader-unique-id=\"19\">Caracteristici<\/h3>\n<ul data-reader-unique-id=\"20\">\n<li data-reader-unique-id=\"21\">Material \u2014 100% Poliester;<\/li>\n<li data-reader-unique-id=\"22\">Izolant termic \u2013 Reima Flex;<\/li>\n<li data-reader-unique-id=\"23\">Grad de izolare \u2014 mediu de la 0 p\u00e2n\u0103 la -20 \u00b0C;<\/li>\n<li data-reader-unique-id=\"24\">Rezisten\u021b\u0103 la ap\u0103 \u2014 12 000 mm;<\/li>\n<li data-reader-unique-id=\"25\">Conductibilitatea aerului \u2013 7 000 g\/m2\/24h;<\/li>\n<li data-reader-unique-id=\"26\">Model \u2014 pentru copii.<\/li>\n<\/ul>\n<h3 class=\"clear\" data-reader-unique-id=\"27\">Tehnologie<\/h3>\n<ul data-reader-unique-id=\"28\">\n<li data-reader-unique-id=\"29\"><strong data-reader-unique-id=\"30\">BIONIC-FINISH<\/strong>\u00ae<strong data-reader-unique-id=\"31\">ECO \u2014\u00a0<\/strong>un sistem unic patentat care protejeaz\u0103 textilele \u00eempotriva apei \u0219i a altor influen\u021be. Aceasta ofer\u0103 o protec\u021bie uniform\u0103 a fibrelor, f\u0103c\u00e2nd materialul mai puternic \u0219i mai durabil. \u00cenveli\u0219ul are propriet\u0103\u021bi hidrofuge \u0219i permeabile la aer, protejeaz\u0103 de poluare \u0219i, \u00een plus, este hipoalergenic\u0103. Aceast\u0103 impregnare va permite materialului gecii Dumneavoastr\u0103 s\u0103-\u0219i p\u0103streze propriet\u0103\u021bile \u0219i aspectul original pentru o lung\u0103 perioad\u0103 de timp.<\/li>\n<\/ul>\n<h3 class=\"clear\" data-reader-unique-id=\"32\">Marca<\/h3>\n<p data-reader-unique-id=\"33\">Reima \u2014 lider mondial \u00een produc\u021bia de \u00eembr\u0103c\u0103minte func\u021bional\u0103 \u0219i \u00eenc\u0103l\u021b\u0103minte pentru copii pentru plimb\u0103ri active pe strad\u0103 \u00een orice vreme. Este asociat cu cea mai \u00eenalt\u0103 calitate \u0219i este v\u00e2ndut \u00een multe \u021b\u0103ri din \u00eentreaga lume. Principiile fundamentale ale designului sunt: func\u021bionalitate, siguran\u021b\u0103, fiabilitate \u0219i inova\u021bie. Reima satisface nevoile copiilor activi cu \u00eembr\u0103c\u0103minte exterioar\u0103 u\u0219oar\u0103, respirabil\u0103, cu o membran\u0103 care poate fi asortat\u0103 cu lenjerie termic\u0103 \u0219i lenjerie de corp.<\/p>\n<p data-reader-unique-id=\"34\">Misiunea principal\u0103 a m\u0103rcii este de a \u00eencuraja copiii s\u0103 descopere bucuria mi\u0219c\u0103rii, iar ideea de afaceri este aceea de a oferi copiilor activi cu v\u00e2rsta cuprins\u0103 \u00eentre 0 \u0219i 12 ani o garderob\u0103 cuprinz\u0103toare de calitate pentru orice anotimp.<\/p>\n<p><\/p>","protected":false},"excerpt":{"rendered":"<p>Geac\u0103 de schi Reimatec Roxana JR raspberry pink blue<\/p>","protected":false},"featured_media":20468,"comment_status":"open","ping_status":"closed","template":"","meta":{"_acf_changed":false,"inline_featured_image":false},"product_brand":[1403],"product_cat":[308],"product_tag":[],"class_list":{"0":"post-20472","1":"product","2":"type-product","3":"status-publish","4":"has-post-thumbnail","6":"product_brand-reima","7":"product_cat-kid-jackets","9":"first","10":"instock","11":"shipping-taxable","12":"purchasable","13":"product-type-simple"},"acf":[],"yoast_head":"<!-- This site is optimized with the Yoast SEO plugin v27.4 - https:\/\/yoast.com\/product\/yoast-seo-wordpress\/ -->\n<title>\u041a\u0443\u0440\u0442\u043a\u0430 Reimatec Roxana JR raspberry pink blue - \u041c\u0430\u0433\u0430\u0437\u0438\u043d Xstyle<\/title>\n<meta name=\"description\" content=\"\u041a\u0443\u0440\u0442\u043a\u0430 Reimatec Roxana JR \u0432 \u043c\u0430\u043b\u0438\u043d\u043e\u0432\u043e\u043c \u0446\u0432\u0435\u0442\u0435 \u2013 \u0438\u0434\u0435\u0430\u043b\u044c\u043d\u044b\u0439 \u0432\u044b\u0431\u043e\u0440 \u0434\u043b\u044f \u0434\u0435\u0442\u0435\u0439! \u041f\u043e\u043b\u043d\u043e\u0441\u0442\u044c\u044e \u0432\u043e\u0434\u043e- \u0438 \u0432\u0435\u0442\u0440\u043e\u0437\u0430\u0449\u0438\u0442\u043d\u0430\u044f, \u0434\u044b\u0448\u0430\u0449\u0430\u044f \u0438 \u0444\u0443\u043d\u043a\u0446\u0438\u043e\u043d\u0430\u043b\u044c\u043d\u0430\u044f. \u041f\u043e\u043a\u0443\u043f\u0430\u0439\u0442\u0435 \u0441\u0435\u0439\u0447\u0430\u0441!\" \/>\n<meta name=\"robots\" content=\"index, follow, max-snippet:-1, max-image-preview:large, max-video-preview:-1\" \/>\n<link rel=\"canonical\" href=\"https:\/\/xstyle.md\/ro\/produs\/reimatec-roxana-jr-raspberry-pink-blue\/\" \/>\n<meta property=\"og:locale\" content=\"ro_RO\" \/>\n<meta property=\"og:type\" content=\"article\" \/>\n<meta property=\"og:title\" content=\"\u041a\u0443\u0440\u0442\u043a\u0430 Reimatec Roxana JR raspberry pink blue - \u041c\u0430\u0433\u0430\u0437\u0438\u043d Xstyle\" \/>\n<meta property=\"og:description\" content=\"\u041a\u0443\u0440\u0442\u043a\u0430 Reimatec Roxana JR \u0432 \u043c\u0430\u043b\u0438\u043d\u043e\u0432\u043e\u043c \u0446\u0432\u0435\u0442\u0435 \u2013 \u0438\u0434\u0435\u0430\u043b\u044c\u043d\u044b\u0439 \u0432\u044b\u0431\u043e\u0440 \u0434\u043b\u044f \u0434\u0435\u0442\u0435\u0439! \u041f\u043e\u043b\u043d\u043e\u0441\u0442\u044c\u044e \u0432\u043e\u0434\u043e- \u0438 \u0432\u0435\u0442\u0440\u043e\u0437\u0430\u0449\u0438\u0442\u043d\u0430\u044f, \u0434\u044b\u0448\u0430\u0449\u0430\u044f \u0438 \u0444\u0443\u043d\u043a\u0446\u0438\u043e\u043d\u0430\u043b\u044c\u043d\u0430\u044f. \u041f\u043e\u043a\u0443\u043f\u0430\u0439\u0442\u0435 \u0441\u0435\u0439\u0447\u0430\u0441!\" \/>\n<meta property=\"og:url\" content=\"https:\/\/xstyle.md\/ro\/produs\/reimatec-roxana-jr-raspberry-pink-blue\/\" \/>\n<meta property=\"og:site_name\" content=\"\u041c\u0430\u0433\u0430\u0437\u0438\u043d Xstyle\" \/>\n<meta property=\"article:publisher\" content=\"https:\/\/www.facebook.com\/xstylemd\" \/>\n<meta property=\"article:modified_time\" content=\"2026-03-04T09:20:04+00:00\" \/>\n<meta property=\"og:image\" content=\"https:\/\/xstyle.md\/wp-content\/uploads\/2020\/07\/969c1ed3fdbfa20edb32893f27031d8c.jpg\" \/>\n\t<meta property=\"og:image:width\" content=\"833\" \/>\n\t<meta property=\"og:image:height\" content=\"1200\" \/>\n\t<meta property=\"og:image:type\" content=\"image\/jpeg\" \/>\n<meta name=\"twitter:card\" content=\"summary_large_image\" \/>\n<meta name=\"twitter:label1\" content=\"Pre\u021b\" \/>\n\t<meta name=\"twitter:data1\" content=\"2.870&nbsp;MDL\" \/>\n\t<meta name=\"twitter:label2\" content=\"Disponibilitate\" \/>\n\t<meta name=\"twitter:data2\" content=\"\u00cen stoc\" \/>\n<script type=\"application\/ld+json\" class=\"yoast-schema-graph\">{\"@context\":\"https:\\\/\\\/schema.org\",\"@graph\":[{\"@type\":\"WebPage\",\"@id\":\"https:\\\/\\\/xstyle.md\\\/product\\\/reimatec-roxana-jr-raspberry-pink-blue\\\/\",\"url\":\"https:\\\/\\\/xstyle.md\\\/product\\\/reimatec-roxana-jr-raspberry-pink-blue\\\/\",\"name\":\"\u041a\u0443\u0440\u0442\u043a\u0430 Reimatec Roxana JR raspberry pink blue - \u041c\u0430\u0433\u0430\u0437\u0438\u043d Xstyle\",\"isPartOf\":{\"@id\":\"https:\\\/\\\/xstyle.md\\\/#website\"},\"primaryImageOfPage\":{\"@id\":\"https:\\\/\\\/xstyle.md\\\/product\\\/reimatec-roxana-jr-raspberry-pink-blue\\\/#primaryimage\"},\"image\":{\"@id\":\"https:\\\/\\\/xstyle.md\\\/product\\\/reimatec-roxana-jr-raspberry-pink-blue\\\/#primaryimage\"},\"thumbnailUrl\":\"https:\\\/\\\/xstyle.md\\\/wp-content\\\/uploads\\\/2020\\\/07\\\/969c1ed3fdbfa20edb32893f27031d8c.jpg\",\"datePublished\":\"2020-07-18T14:43:27+00:00\",\"dateModified\":\"2026-03-04T09:20:04+00:00\",\"description\":\"\u041a\u0443\u0440\u0442\u043a\u0430 Reimatec Roxana JR \u0432 \u043c\u0430\u043b\u0438\u043d\u043e\u0432\u043e\u043c \u0446\u0432\u0435\u0442\u0435 \u2013 \u0438\u0434\u0435\u0430\u043b\u044c\u043d\u044b\u0439 \u0432\u044b\u0431\u043e\u0440 \u0434\u043b\u044f \u0434\u0435\u0442\u0435\u0439! \u041f\u043e\u043b\u043d\u043e\u0441\u0442\u044c\u044e \u0432\u043e\u0434\u043e- \u0438 \u0432\u0435\u0442\u0440\u043e\u0437\u0430\u0449\u0438\u0442\u043d\u0430\u044f, \u0434\u044b\u0448\u0430\u0449\u0430\u044f \u0438 \u0444\u0443\u043d\u043a\u0446\u0438\u043e\u043d\u0430\u043b\u044c\u043d\u0430\u044f. \u041f\u043e\u043a\u0443\u043f\u0430\u0439\u0442\u0435 \u0441\u0435\u0439\u0447\u0430\u0441!\",\"breadcrumb\":{\"@id\":\"https:\\\/\\\/xstyle.md\\\/product\\\/reimatec-roxana-jr-raspberry-pink-blue\\\/#breadcrumb\"},\"inLanguage\":\"ro-RO\",\"potentialAction\":[{\"@type\":\"ReadAction\",\"target\":[\"https:\\\/\\\/xstyle.md\\\/product\\\/reimatec-roxana-jr-raspberry-pink-blue\\\/\"]}]},{\"@type\":\"ImageObject\",\"inLanguage\":\"ro-RO\",\"@id\":\"https:\\\/\\\/xstyle.md\\\/product\\\/reimatec-roxana-jr-raspberry-pink-blue\\\/#primaryimage\",\"url\":\"https:\\\/\\\/xstyle.md\\\/wp-content\\\/uploads\\\/2020\\\/07\\\/969c1ed3fdbfa20edb32893f27031d8c.jpg\",\"contentUrl\":\"https:\\\/\\\/xstyle.md\\\/wp-content\\\/uploads\\\/2020\\\/07\\\/969c1ed3fdbfa20edb32893f27031d8c.jpg\",\"width\":833,\"height\":1200},{\"@type\":\"BreadcrumbList\",\"@id\":\"https:\\\/\\\/xstyle.md\\\/product\\\/reimatec-roxana-jr-raspberry-pink-blue\\\/#breadcrumb\",\"itemListElement\":[{\"@type\":\"ListItem\",\"position\":1,\"name\":\"\u0413\u043b\u0430\u0432\u043d\u0430\u044f \u0441\u0442\u0440\u0430\u043d\u0438\u0446\u0430\",\"item\":\"https:\\\/\\\/xstyle.md\\\/\"},{\"@type\":\"ListItem\",\"position\":2,\"name\":\"\u041c\u0430\u0433\u0430\u0437\u0438\u043d\",\"item\":\"https:\\\/\\\/xstyle.md\\\/shop\\\/\"},{\"@type\":\"ListItem\",\"position\":3,\"name\":\"\u041a\u0443\u0440\u0442\u043a\u0430 Reimatec Roxana JR raspberry pink blue\"}]},{\"@type\":\"WebSite\",\"@id\":\"https:\\\/\\\/xstyle.md\\\/#website\",\"url\":\"https:\\\/\\\/xstyle.md\\\/\",\"name\":\"\u041c\u0430\u0433\u0430\u0437\u0438\u043d Xstyle\",\"description\":\"C\u043d\u0430\u0440\u044f\u0436\u0435\u043d\u0438\u0435 \u0434\u043b\u044f \u0442\u0443\u0440\u0438\u0437\u043c\u0430 \u0438 \u044d\u043a\u0441\u0442\u0440\u0435\u043c\u0430\u043b\u044c\u043d\u044b\u0445 \u0432\u0438\u0434\u043e\u0432 \u0441\u043f\u043e\u0440\u0442\u0430 \u0432 \u041c\u043e\u043b\u0434\u043e\u0432\u0435.. \u0426\u0435\u043d\u044b, \u0444\u043e\u0442\u043e, \u0445\u0430\u0440\u0430\u043a\u0442\u0435\u0440\u0438\u0441\u0442\u0438\u043a\u0438 \u0432 \u041c\u043e\u043b\u0434\u043e\u0432\u0435.\",\"publisher\":{\"@id\":\"https:\\\/\\\/xstyle.md\\\/#organization\"},\"alternateName\":\"X-Style\",\"potentialAction\":[{\"@type\":\"SearchAction\",\"target\":{\"@type\":\"EntryPoint\",\"urlTemplate\":\"https:\\\/\\\/xstyle.md\\\/?s={search_term_string}\"},\"query-input\":{\"@type\":\"PropertyValueSpecification\",\"valueRequired\":true,\"valueName\":\"search_term_string\"}}],\"inLanguage\":\"ro-RO\"},{\"@type\":\"Organization\",\"@id\":\"https:\\\/\\\/xstyle.md\\\/#organization\",\"name\":\"\u041c\u0430\u0433\u0430\u0437\u0438\u043d Xstyle\",\"alternateName\":\"x-style\",\"url\":\"https:\\\/\\\/xstyle.md\\\/\",\"logo\":{\"@type\":\"ImageObject\",\"inLanguage\":\"ro-RO\",\"@id\":\"https:\\\/\\\/xstyle.md\\\/#\\\/schema\\\/logo\\\/image\\\/\",\"url\":\"https:\\\/\\\/xstyle.md\\\/wp-content\\\/uploads\\\/2020\\\/06\\\/logoicon.svg\",\"contentUrl\":\"https:\\\/\\\/xstyle.md\\\/wp-content\\\/uploads\\\/2020\\\/06\\\/logoicon.svg\",\"caption\":\"\u041c\u0430\u0433\u0430\u0437\u0438\u043d Xstyle\"},\"image\":{\"@id\":\"https:\\\/\\\/xstyle.md\\\/#\\\/schema\\\/logo\\\/image\\\/\"},\"sameAs\":[\"https:\\\/\\\/www.facebook.com\\\/xstylemd\",\"https:\\\/\\\/www.instagram.com\\\/xstyle_md\\\/\",\"https:\\\/\\\/t.me\\\/xstyle_outdoor\"],\"hasMerchantReturnPolicy\":{\"@type\":\"MerchantReturnPolicy\",\"merchantReturnLink\":\"https:\\\/\\\/xstyle.md\\\/ro\\\/conditions\\\/\"}}]}<\/script>\n<meta property=\"product:price:amount\" content=\"2870.00\" \/>\n<meta property=\"product:price:currency\" content=\"MDL\" \/>\n<meta property=\"og:availability\" content=\"instock\" \/>\n<meta property=\"product:availability\" content=\"instock\" \/>\n<meta property=\"product:retailer_item_id\" content=\"6438429176053\" \/>\n<meta property=\"product:condition\" content=\"new\" \/>\n<!-- \/ Yoast SEO plugin. -->","yoast_head_json":{"title":"Geac\u0103 Reimatec Roxana JR raspberry pink blue - Magazin Xstyle","description":"Jacheta Reimatec Roxana JR \u00een culoare zmeurie \u2013 alegerea perfect\u0103 pentru copii! Complet impermeabil\u0103 \u0219i rezistent\u0103 la v\u00e2nt, respirabil\u0103 \u0219i func\u021bional\u0103. Cump\u0103ra\u021bi acum!","robots":{"index":"index","follow":"follow","max-snippet":"max-snippet:-1","max-image-preview":"max-image-preview:large","max-video-preview":"max-video-preview:-1"},"canonical":"https:\/\/xstyle.md\/ro\/produs\/reimatec-roxana-jr-raspberry-pink-blue\/","og_locale":"ro_RO","og_type":"article","og_title":"\u041a\u0443\u0440\u0442\u043a\u0430 Reimatec Roxana JR raspberry pink blue - \u041c\u0430\u0433\u0430\u0437\u0438\u043d Xstyle","og_description":"\u041a\u0443\u0440\u0442\u043a\u0430 Reimatec Roxana JR \u0432 \u043c\u0430\u043b\u0438\u043d\u043e\u0432\u043e\u043c \u0446\u0432\u0435\u0442\u0435 \u2013 \u0438\u0434\u0435\u0430\u043b\u044c\u043d\u044b\u0439 \u0432\u044b\u0431\u043e\u0440 \u0434\u043b\u044f \u0434\u0435\u0442\u0435\u0439! \u041f\u043e\u043b\u043d\u043e\u0441\u0442\u044c\u044e \u0432\u043e\u0434\u043e- \u0438 \u0432\u0435\u0442\u0440\u043e\u0437\u0430\u0449\u0438\u0442\u043d\u0430\u044f, \u0434\u044b\u0448\u0430\u0449\u0430\u044f \u0438 \u0444\u0443\u043d\u043a\u0446\u0438\u043e\u043d\u0430\u043b\u044c\u043d\u0430\u044f. \u041f\u043e\u043a\u0443\u043f\u0430\u0439\u0442\u0435 \u0441\u0435\u0439\u0447\u0430\u0441!","og_url":"https:\/\/xstyle.md\/ro\/produs\/reimatec-roxana-jr-raspberry-pink-blue\/","og_site_name":"\u041c\u0430\u0433\u0430\u0437\u0438\u043d Xstyle","article_publisher":"https:\/\/www.facebook.com\/xstylemd","article_modified_time":"2026-03-04T09:20:04+00:00","og_image":[{"width":833,"height":1200,"url":"https:\/\/xstyle.md\/wp-content\/uploads\/2020\/07\/969c1ed3fdbfa20edb32893f27031d8c.jpg","type":"image\/jpeg"}],"twitter_card":"summary_large_image","twitter_misc":{"Pre\u021b":"2.870&nbsp;MDL","Disponibilitate":"\u00cen stoc"},"schema":{"@context":"https:\/\/schema.org","@graph":[{"@type":"WebPage","@id":"https:\/\/xstyle.md\/product\/reimatec-roxana-jr-raspberry-pink-blue\/","url":"https:\/\/xstyle.md\/product\/reimatec-roxana-jr-raspberry-pink-blue\/","name":"Geac\u0103 Reimatec Roxana JR raspberry pink blue - Magazin Xstyle","isPartOf":{"@id":"https:\/\/xstyle.md\/#website"},"primaryImageOfPage":{"@id":"https:\/\/xstyle.md\/product\/reimatec-roxana-jr-raspberry-pink-blue\/#primaryimage"},"image":{"@id":"https:\/\/xstyle.md\/product\/reimatec-roxana-jr-raspberry-pink-blue\/#primaryimage"},"thumbnailUrl":"https:\/\/xstyle.md\/wp-content\/uploads\/2020\/07\/969c1ed3fdbfa20edb32893f27031d8c.jpg","datePublished":"2020-07-18T14:43:27+00:00","dateModified":"2026-03-04T09:20:04+00:00","description":"Jacheta Reimatec Roxana JR \u00een culoare zmeurie \u2013 alegerea perfect\u0103 pentru copii! Complet impermeabil\u0103 \u0219i rezistent\u0103 la v\u00e2nt, respirabil\u0103 \u0219i func\u021bional\u0103. Cump\u0103ra\u021bi acum!","breadcrumb":{"@id":"https:\/\/xstyle.md\/product\/reimatec-roxana-jr-raspberry-pink-blue\/#breadcrumb"},"inLanguage":"ro-RO","potentialAction":[{"@type":"ReadAction","target":["https:\/\/xstyle.md\/product\/reimatec-roxana-jr-raspberry-pink-blue\/"]}]},{"@type":"ImageObject","inLanguage":"ro-RO","@id":"https:\/\/xstyle.md\/product\/reimatec-roxana-jr-raspberry-pink-blue\/#primaryimage","url":"https:\/\/xstyle.md\/wp-content\/uploads\/2020\/07\/969c1ed3fdbfa20edb32893f27031d8c.jpg","contentUrl":"https:\/\/xstyle.md\/wp-content\/uploads\/2020\/07\/969c1ed3fdbfa20edb32893f27031d8c.jpg","width":833,"height":1200},{"@type":"BreadcrumbList","@id":"https:\/\/xstyle.md\/product\/reimatec-roxana-jr-raspberry-pink-blue\/#breadcrumb","itemListElement":[{"@type":"ListItem","position":1,"name":"\u0413\u043b\u0430\u0432\u043d\u0430\u044f \u0441\u0442\u0440\u0430\u043d\u0438\u0446\u0430","item":"https:\/\/xstyle.md\/"},{"@type":"ListItem","position":2,"name":"\u041c\u0430\u0433\u0430\u0437\u0438\u043d","item":"https:\/\/xstyle.md\/shop\/"},{"@type":"ListItem","position":3,"name":"\u041a\u0443\u0440\u0442\u043a\u0430 Reimatec Roxana JR raspberry pink blue"}]},{"@type":"WebSite","@id":"https:\/\/xstyle.md\/#website","url":"https:\/\/xstyle.md\/","name":"Magazinul X-Style","description":"Echipamente pentru turism \u0219i sporturi extreme \u00een Moldova. Pre\u021buri, fotografii, caracteristici \u00een Moldova.","publisher":{"@id":"https:\/\/xstyle.md\/#organization"},"alternateName":"X-Style","potentialAction":[{"@type":"SearchAction","target":{"@type":"EntryPoint","urlTemplate":"https:\/\/xstyle.md\/?s={search_term_string}"},"query-input":{"@type":"PropertyValueSpecification","valueRequired":true,"valueName":"search_term_string"}}],"inLanguage":"ro-RO"},{"@type":"Organization","@id":"https:\/\/xstyle.md\/#organization","name":"Magazinul X-Style","alternateName":"x-style","url":"https:\/\/xstyle.md\/","logo":{"@type":"ImageObject","inLanguage":"ro-RO","@id":"https:\/\/xstyle.md\/#\/schema\/logo\/image\/","url":"https:\/\/xstyle.md\/wp-content\/uploads\/2020\/06\/logoicon.svg","contentUrl":"https:\/\/xstyle.md\/wp-content\/uploads\/2020\/06\/logoicon.svg","caption":"\u041c\u0430\u0433\u0430\u0437\u0438\u043d Xstyle"},"image":{"@id":"https:\/\/xstyle.md\/#\/schema\/logo\/image\/"},"sameAs":["https:\/\/www.facebook.com\/xstylemd","https:\/\/www.instagram.com\/xstyle_md\/","https:\/\/t.me\/xstyle_outdoor"],"hasMerchantReturnPolicy":{"@type":"MerchantReturnPolicy","merchantReturnLink":"https:\/\/xstyle.md\/ro\/conditions\/"}}]},"product_price_amount":"2870.00","product_price_currency":"MDL","og_availability":"instock","product_availability":"instock","product_retailer_item_id":"6438429176053","product_condition":"new"},"post_mailing_queue_ids":[],"_links":{"self":[{"href":"https:\/\/xstyle.md\/ro\/wp-json\/wp\/v2\/product\/20472","targetHints":{"allow":["GET"]}}],"collection":[{"href":"https:\/\/xstyle.md\/ro\/wp-json\/wp\/v2\/product"}],"about":[{"href":"https:\/\/xstyle.md\/ro\/wp-json\/wp\/v2\/types\/product"}],"replies":[{"embeddable":true,"href":"https:\/\/xstyle.md\/ro\/wp-json\/wp\/v2\/comments?post=20472"}],"wp:featuredmedia":[{"embeddable":true,"href":"https:\/\/xstyle.md\/ro\/wp-json\/wp\/v2\/media\/20468"}],"wp:attachment":[{"href":"https:\/\/xstyle.md\/ro\/wp-json\/wp\/v2\/media?parent=20472"}],"wp:term":[{"taxonomy":"product_brand","embeddable":true,"href":"https:\/\/xstyle.md\/ro\/wp-json\/wp\/v2\/product_brand?post=20472"},{"taxonomy":"product_cat","embeddable":true,"href":"https:\/\/xstyle.md\/ro\/wp-json\/wp\/v2\/product_cat?post=20472"},{"taxonomy":"product_tag","embeddable":true,"href":"https:\/\/xstyle.md\/ro\/wp-json\/wp\/v2\/product_tag?post=20472"}],"curies":[{"name":"wp","href":"https:\/\/api.w.org\/{rel}","templated":true}]}}