{"id":20141,"date":"2020-07-18T17:28:13","date_gmt":"2020-07-18T14:28:13","guid":{"rendered":"https:\/\/xstyle.md\/product\/gornye-lyzhi-elan-element-black-ls-el-10-0"},"modified":"2026-03-19T16:38:24","modified_gmt":"2026-03-19T13:38:24","slug":"gornye-lyzhi-elan-element-black-ls-el-10-0","status":"publish","type":"product","link":"https:\/\/dev.xstyle.md\/ro\/produs\/gornye-lyzhi-elan-element-black-ls-el-10-0\/","title":{"rendered":"Schiuri Elan Element Black LS EL 10.0"},"content":{"rendered":"<\/p>\n<p><strong>Schiuri Elan Element LS EL 10.0\u00a0<\/strong>&#8212; schiul spore\u0219te \u00eencrederea schiorului pe z\u0103pad\u0103, aduce armonie \u00een experien\u021ba schiului cu un echilibru excelent \u0219i v\u0103 permite s\u0103 zbura\u021bi pe p\u00e2rtii pe tot parcursul zilei. Datorit\u0103 tehnologiei Groove Tech \u00eembun\u0103t\u0103\u021bite din acest an, schiul poate ierta micile gre\u0219eli. Poate fi recomandat nu numai pentru \u00eencep\u0103tori, ci \u0219i pentru schiorii intermediari care doresc s\u0103 \u00ee\u0219i \u00eembun\u0103t\u0103\u021beasc\u0103 abilit\u0103\u021bile.<\/p>\n<h3>Particularit\u0103\u021bi<\/h3>\n<ul>\n<li>Groove Technology &#8212; cea mai bun\u0103 solu\u021bie \u00een materie de echilibru \u0219i control. Forma canelat\u0103 a topsheet-ului, care creeaz\u0103 un profil de flexiune uniform pe toat\u0103 lungimea schiului, asigur\u0103 stabilitate.<\/li>\n<li>Fiberglass &#8212; int\u0103rirea din fibr\u0103 de sticl\u0103 optimizeaz\u0103 distribu\u021bia flexului schiului \u0219i \u00eei cre\u0219te rigiditatea torsional\u0103. Fibrele de Fibr\u0103 de sticl\u0103 sunt amplasate fie pe sau sub miez \u0219i \u00eembun\u0103t\u0103\u021besc integritatea structural\u0103 a acestuia.<\/li>\n<li>Light Shift &#8212; este o &#171;platform\u0103 \u00eentr-o platform\u0103&#187;, un design special care deblocheaz\u0103 \u00eentregul poten\u021bial al schiului f\u0103r\u0103 efort inutil \u0219i este extrem de u\u0219or. Aceast\u0103 platform\u0103 folose\u0219te materiale compozite u\u0219oare \u0219i inser\u021bii de amortizare a vibra\u021biilor pentru a asigura netezimea \u0219i a maximiza transmiterea for\u021bei pentru un control precis.<\/li>\n<li>Power Shell &#8212; fibrele de ranforsare acoper\u0103 miezul de la o muchie la alta, oferind rezisten\u021b\u0103 \u0219i stabilitate pe \u00eentreaga lungime a schiului, f\u0103r\u0103 a ad\u0103uga greutate.<\/li>\n<li>Parabolic Rocker &#8212; acest profil de schi unic este o combina\u021bie \u00eentre o linie lateral\u0103 suficient de ad\u00e2nc\u0103 \u0219i Early Rise Rocker. Rezultatul este o ini\u021biere mai u\u0219oar\u0103 a virajelor cu mai pu\u021bin efort. Acest design este completat de tehnologia Front Side Stabilizer pentru amortizarea vibra\u021biilor, o aderen\u021b\u0103 \u00eembun\u0103t\u0103\u021bit\u0103 a muchiei \u0219i un control mai bun.<\/li>\n<li>Dual Wood Core &#8212; Dual Wood Core utilizeaz\u0103 dou\u0103 \u0219arpante simetrice din lemn plasate de-a lungul marginilor exterioare. Spa\u021biul dintre lonjeroane este umplut cu material compozit. Aceast\u0103 construc\u021bie \u00eembun\u0103t\u0103\u021be\u0219te transmiterea for\u021bei \u0219i aderen\u021ba la muchii, f\u0103c\u00e2nd schiul foarte docil \u00een toate condi\u021biile.<\/li>\n<\/ul>\n<p><img loading=\"lazy\" decoding=\"async\" width=\"480\" height=\"210\" class=\"alignnone size-medium wp-image-98302\" style=\"width: 100%;\" src=\"https:\/\/dev.xstyle.md\/wp-content\/uploads\/2024\/11\/transmitere-a-puterii-imbunatatita-preobrazovano-iz-png-480x210.webp\" srcset=\"https:\/\/dev.xstyle.md\/wp-content\/uploads\/2024\/11\/transmitere-a-puterii-imbunatatita-preobrazovano-iz-png-480x210.webp 480w, https:\/\/dev.xstyle.md\/wp-content\/uploads\/2024\/11\/transmitere-a-puterii-imbunatatita-preobrazovano-iz-png-1440x631.webp 1440w, https:\/\/dev.xstyle.md\/wp-content\/uploads\/2024\/11\/transmitere-a-puterii-imbunatatita-preobrazovano-iz-png-768x337.webp 768w, https:\/\/dev.xstyle.md\/wp-content\/uploads\/2024\/11\/transmitere-a-puterii-imbunatatita-preobrazovano-iz-png-18x8.webp 18w, https:\/\/dev.xstyle.md\/wp-content\/uploads\/2024\/11\/transmitere-a-puterii-imbunatatita-preobrazovano-iz-png-36x16.webp 36w, https:\/\/dev.xstyle.md\/wp-content\/uploads\/2024\/11\/transmitere-a-puterii-imbunatatita-preobrazovano-iz-png-220x96.webp 220w, https:\/\/dev.xstyle.md\/wp-content\/uploads\/2024\/11\/transmitere-a-puterii-imbunatatita-preobrazovano-iz-png-500x219.webp 500w, https:\/\/dev.xstyle.md\/wp-content\/uploads\/2024\/11\/transmitere-a-puterii-imbunatatita-preobrazovano-iz-png-75x33.webp 75w\" sizes=\"auto, (max-width: 480px) 100vw, 480px\" \/><\/p>\n<h3>Caracteristici<\/h3>\n<ul>\n<li>Nivel: progresiv<\/li>\n<li>Deflec\u021bie &#8212; Balansoar parabolic<\/li>\n<li>Geometrie: 127\/76\/102 (160 cm).<\/li>\n<li>Raza: 13,5 metri (160 cm).<\/li>\n<li>Ata\u0219amente: EL 10.0.<\/li>\n<li>Destina\u021bie: p\u00e2rtie.<\/li>\n<\/ul>\n<p>&nbsp;<\/p>\n<ul>\n<li><iframe loading=\"lazy\" title=\"The Ultimate Progression Ski | Element\" width=\"500\" height=\"281\" src=\"https:\/\/www.youtube.com\/embed\/Me3eyV_OLas?feature=oembed\" frameborder=\"0\" allow=\"accelerometer; autoplay; clipboard-write; encrypted-media; gyroscope; picture-in-picture; web-share\" referrerpolicy=\"strict-origin-when-cross-origin\" allowfullscreen><\/iframe><\/li>\n<\/ul>\n<h3>Marca<\/h3>\n<p>Elan Group este un produc\u0103tor \u0219i furnizor de top de echipamente sportive \u0219i de agrement. Compania este prezent\u0103 pe aceast\u0103 pia\u021b\u0103 de mai bine de 60 de ani. Toate activit\u0103\u021bile Elan sunt axate pe dezvoltarea tehnic\u0103 a produselor \u0219i pe tehnologia avansat\u0103 exprimat\u0103 prin design progresiv. Printre activit\u0103\u021bile Grupului Elan se num\u0103r\u0103: schi alpin \u0219i snowboarding, iahturi cu vele \u00een larg \u0219i furnizarea de facilit\u0103\u021bi sportive cu toate echipamentele necesare.<\/p>\n<p><\/p>","protected":false},"excerpt":{"rendered":"<p>Schiuri Elan Element Black LS EL 10.0<\/p>","protected":false},"featured_media":20138,"comment_status":"open","ping_status":"closed","template":"","meta":{"_acf_changed":false,"inline_featured_image":false},"product_brand":[1315],"product_cat":[398],"product_tag":[],"class_list":{"0":"post-20141","1":"product","2":"type-product","3":"status-publish","4":"has-post-thumbnail","6":"product_brand-elan","7":"product_cat-ski","9":"first","10":"instock","11":"shipping-taxable","12":"purchasable","13":"product-type-simple"},"acf":[],"yoast_head":"<!-- This site is optimized with the Yoast SEO plugin v27.6 - https:\/\/yoast.com\/product\/yoast-seo-wordpress\/ -->\n<title>\u0413\u043e\u0440\u043d\u044b\u0435 \u043b\u044b\u0436\u0438 Elan Element Black LS EL 10.0 - \u041c\u0430\u0433\u0430\u0437\u0438\u043d Xstyle<\/title>\n<meta name=\"description\" content=\"\u041e\u0442\u043a\u0440\u043e\u0439\u0442\u0435 \u043d\u043e\u0432\u044b\u0435 \u0432\u0435\u0440\u0448\u0438\u043d\u044b \u0441 \u0433\u043e\u0440\u043d\u044b\u043c\u0438 \u043b\u044b\u0436\u0430\u043c\u0438 Elan Element Black LS EL 10.0! \u0418\u0434\u0435\u0430\u043b\u044c\u043d\u044b\u0439 \u0431\u0430\u043b\u0430\u043d\u0441, \u0442\u0435\u0445\u043d\u043e\u043b\u043e\u0433\u0438\u0438 Groove \u0438 Parabolic Rocker \u0434\u043b\u044f \u043a\u043e\u043c\u0444\u043e\u0440\u0442\u043d\u043e\u0433\u043e \u043a\u0430\u0442\u0430\u043d\u0438\u044f.\" \/>\n<meta name=\"robots\" content=\"noindex, follow, max-snippet:-1, max-image-preview:large, max-video-preview:-1\" \/>\n<meta property=\"og:locale\" content=\"ro_RO\" \/>\n<meta property=\"og:type\" content=\"article\" \/>\n<meta property=\"og:title\" content=\"\u0413\u043e\u0440\u043d\u044b\u0435 \u043b\u044b\u0436\u0438 Elan Element Black LS EL 10.0 - \u041c\u0430\u0433\u0430\u0437\u0438\u043d Xstyle\" \/>\n<meta property=\"og:description\" content=\"\u041e\u0442\u043a\u0440\u043e\u0439\u0442\u0435 \u043d\u043e\u0432\u044b\u0435 \u0432\u0435\u0440\u0448\u0438\u043d\u044b \u0441 \u0433\u043e\u0440\u043d\u044b\u043c\u0438 \u043b\u044b\u0436\u0430\u043c\u0438 Elan Element Black LS EL 10.0! \u0418\u0434\u0435\u0430\u043b\u044c\u043d\u044b\u0439 \u0431\u0430\u043b\u0430\u043d\u0441, \u0442\u0435\u0445\u043d\u043e\u043b\u043e\u0433\u0438\u0438 Groove \u0438 Parabolic Rocker \u0434\u043b\u044f \u043a\u043e\u043c\u0444\u043e\u0440\u0442\u043d\u043e\u0433\u043e \u043a\u0430\u0442\u0430\u043d\u0438\u044f.\" \/>\n<meta property=\"og:url\" content=\"https:\/\/dev.xstyle.md\/ro\/produs\/gornye-lyzhi-elan-element-black-ls-el-10-0\/\" \/>\n<meta property=\"og:site_name\" content=\"\u041c\u0430\u0433\u0430\u0437\u0438\u043d Xstyle\" \/>\n<meta property=\"article:publisher\" content=\"https:\/\/www.facebook.com\/xstylemd\" \/>\n<meta property=\"article:modified_time\" content=\"2026-03-19T13:38:24+00:00\" \/>\n<meta property=\"og:image\" content=\"https:\/\/dev.xstyle.md\/wp-content\/uploads\/2020\/07\/ski_1_3.jpg\" \/>\n\t<meta property=\"og:image:width\" content=\"1265\" \/>\n\t<meta property=\"og:image:height\" content=\"1331\" \/>\n\t<meta property=\"og:image:type\" content=\"image\/jpeg\" \/>\n<meta name=\"twitter:card\" content=\"summary_large_image\" \/>\n<meta name=\"twitter:label1\" content=\"Pre\u021b\" \/>\n\t<meta name=\"twitter:data1\" content=\"6.890,00&nbsp;MDL\" \/>\n\t<meta name=\"twitter:label2\" content=\"Disponibilitate\" \/>\n\t<meta name=\"twitter:data2\" content=\"\u00cen stoc\" \/>\n<script type=\"application\/ld+json\" class=\"yoast-schema-graph\">{\"@context\":\"https:\\\/\\\/schema.org\",\"@graph\":[{\"@type\":\"WebPage\",\"@id\":\"https:\\\/\\\/dev.xstyle.md\\\/product\\\/gornye-lyzhi-elan-element-black-ls-el-10-0\\\/\",\"url\":\"https:\\\/\\\/dev.xstyle.md\\\/product\\\/gornye-lyzhi-elan-element-black-ls-el-10-0\\\/\",\"name\":\"\u0413\u043e\u0440\u043d\u044b\u0435 \u043b\u044b\u0436\u0438 Elan Element Black LS EL 10.0 - \u041c\u0430\u0433\u0430\u0437\u0438\u043d Xstyle\",\"isPartOf\":{\"@id\":\"https:\\\/\\\/dev.xstyle.md\\\/#website\"},\"primaryImageOfPage\":{\"@id\":\"https:\\\/\\\/dev.xstyle.md\\\/product\\\/gornye-lyzhi-elan-element-black-ls-el-10-0\\\/#primaryimage\"},\"image\":{\"@id\":\"https:\\\/\\\/dev.xstyle.md\\\/product\\\/gornye-lyzhi-elan-element-black-ls-el-10-0\\\/#primaryimage\"},\"thumbnailUrl\":\"https:\\\/\\\/dev.xstyle.md\\\/wp-content\\\/uploads\\\/2020\\\/07\\\/ski_1_3.jpg\",\"datePublished\":\"2020-07-18T14:28:13+00:00\",\"dateModified\":\"2026-03-19T13:38:24+00:00\",\"description\":\"\u041e\u0442\u043a\u0440\u043e\u0439\u0442\u0435 \u043d\u043e\u0432\u044b\u0435 \u0432\u0435\u0440\u0448\u0438\u043d\u044b \u0441 \u0433\u043e\u0440\u043d\u044b\u043c\u0438 \u043b\u044b\u0436\u0430\u043c\u0438 Elan Element Black LS EL 10.0! \u0418\u0434\u0435\u0430\u043b\u044c\u043d\u044b\u0439 \u0431\u0430\u043b\u0430\u043d\u0441, \u0442\u0435\u0445\u043d\u043e\u043b\u043e\u0433\u0438\u0438 Groove \u0438 Parabolic Rocker \u0434\u043b\u044f \u043a\u043e\u043c\u0444\u043e\u0440\u0442\u043d\u043e\u0433\u043e \u043a\u0430\u0442\u0430\u043d\u0438\u044f.\",\"breadcrumb\":{\"@id\":\"https:\\\/\\\/dev.xstyle.md\\\/product\\\/gornye-lyzhi-elan-element-black-ls-el-10-0\\\/#breadcrumb\"},\"inLanguage\":\"ro-RO\",\"potentialAction\":[{\"@type\":\"ReadAction\",\"target\":[\"https:\\\/\\\/dev.xstyle.md\\\/product\\\/gornye-lyzhi-elan-element-black-ls-el-10-0\\\/\"]}]},{\"@type\":\"ImageObject\",\"inLanguage\":\"ro-RO\",\"@id\":\"https:\\\/\\\/dev.xstyle.md\\\/product\\\/gornye-lyzhi-elan-element-black-ls-el-10-0\\\/#primaryimage\",\"url\":\"https:\\\/\\\/dev.xstyle.md\\\/wp-content\\\/uploads\\\/2020\\\/07\\\/ski_1_3.jpg\",\"contentUrl\":\"https:\\\/\\\/dev.xstyle.md\\\/wp-content\\\/uploads\\\/2020\\\/07\\\/ski_1_3.jpg\",\"width\":1265,\"height\":1331},{\"@type\":\"BreadcrumbList\",\"@id\":\"https:\\\/\\\/dev.xstyle.md\\\/product\\\/gornye-lyzhi-elan-element-black-ls-el-10-0\\\/#breadcrumb\",\"itemListElement\":[{\"@type\":\"ListItem\",\"position\":1,\"name\":\"\u0413\u043b\u0430\u0432\u043d\u0430\u044f \u0441\u0442\u0440\u0430\u043d\u0438\u0446\u0430\",\"item\":\"https:\\\/\\\/dev.xstyle.md\\\/\"},{\"@type\":\"ListItem\",\"position\":2,\"name\":\"Shop\",\"item\":\"https:\\\/\\\/dev.xstyle.md\\\/shop\\\/\"},{\"@type\":\"ListItem\",\"position\":3,\"name\":\"\u0413\u043e\u0440\u043d\u044b\u0435 \u043b\u044b\u0436\u0438 Elan Element Black LS EL 10.0\"}]},{\"@type\":\"WebSite\",\"@id\":\"https:\\\/\\\/dev.xstyle.md\\\/#website\",\"url\":\"https:\\\/\\\/dev.xstyle.md\\\/\",\"name\":\"\u041c\u0430\u0433\u0430\u0437\u0438\u043d Xstyle\",\"description\":\"C\u043d\u0430\u0440\u044f\u0436\u0435\u043d\u0438\u0435 \u0434\u043b\u044f \u0442\u0443\u0440\u0438\u0437\u043c\u0430 \u0438 \u044d\u043a\u0441\u0442\u0440\u0435\u043c\u0430\u043b\u044c\u043d\u044b\u0445 \u0432\u0438\u0434\u043e\u0432 \u0441\u043f\u043e\u0440\u0442\u0430 \u0432 \u041c\u043e\u043b\u0434\u043e\u0432\u0435.. \u0426\u0435\u043d\u044b, \u0444\u043e\u0442\u043e, \u0445\u0430\u0440\u0430\u043a\u0442\u0435\u0440\u0438\u0441\u0442\u0438\u043a\u0438 \u0432 \u041c\u043e\u043b\u0434\u043e\u0432\u0435.\",\"publisher\":{\"@id\":\"https:\\\/\\\/dev.xstyle.md\\\/#organization\"},\"alternateName\":\"X-Style\",\"potentialAction\":[{\"@type\":\"SearchAction\",\"target\":{\"@type\":\"EntryPoint\",\"urlTemplate\":\"https:\\\/\\\/dev.xstyle.md\\\/?s={search_term_string}\"},\"query-input\":{\"@type\":\"PropertyValueSpecification\",\"valueRequired\":true,\"valueName\":\"search_term_string\"}}],\"inLanguage\":\"ro-RO\"},{\"@type\":\"Organization\",\"@id\":\"https:\\\/\\\/dev.xstyle.md\\\/#organization\",\"name\":\"\u041c\u0430\u0433\u0430\u0437\u0438\u043d Xstyle\",\"alternateName\":\"x-style\",\"url\":\"https:\\\/\\\/dev.xstyle.md\\\/\",\"logo\":{\"@type\":\"ImageObject\",\"inLanguage\":\"ro-RO\",\"@id\":\"https:\\\/\\\/dev.xstyle.md\\\/#\\\/schema\\\/logo\\\/image\\\/\",\"url\":\"https:\\\/\\\/dev.xstyle.md\\\/wp-content\\\/uploads\\\/2020\\\/06\\\/logoicon.svg\",\"contentUrl\":\"https:\\\/\\\/dev.xstyle.md\\\/wp-content\\\/uploads\\\/2020\\\/06\\\/logoicon.svg\",\"caption\":\"\u041c\u0430\u0433\u0430\u0437\u0438\u043d Xstyle\"},\"image\":{\"@id\":\"https:\\\/\\\/dev.xstyle.md\\\/#\\\/schema\\\/logo\\\/image\\\/\"},\"sameAs\":[\"https:\\\/\\\/www.facebook.com\\\/xstylemd\",\"https:\\\/\\\/www.instagram.com\\\/xstyle_md\\\/\",\"https:\\\/\\\/t.me\\\/xstyle_outdoor\"],\"hasMerchantReturnPolicy\":{\"@type\":\"MerchantReturnPolicy\",\"merchantReturnLink\":\"https:\\\/\\\/dev.xstyle.md\\\/ro\\\/conditions\\\/\"}}]}<\/script>\n<meta property=\"product:price:amount\" content=\"6890.00\" \/>\n<meta property=\"product:price:currency\" content=\"MDL\" \/>\n<meta property=\"og:availability\" content=\"instock\" \/>\n<meta property=\"product:availability\" content=\"instock\" \/>\n<meta property=\"product:retailer_item_id\" content=\"3838855697147\" \/>\n<meta property=\"product:condition\" content=\"new\" \/>\n<!-- \/ Yoast SEO plugin. -->","yoast_head_json":{"title":"Schiuri Elan Element Black LS EL 10.0 - Magazin Xstyle","description":"Deschide\u021bi noi culmi cu schiurile de munte Elan Element Black LS EL 10.0! Echilibru perfect, tehnologii Groove \u0219i Parabolic Rocker pentru o experien\u021b\u0103 confortabil\u0103 de schi.","robots":{"index":"noindex","follow":"follow","max-snippet":"max-snippet:-1","max-image-preview":"max-image-preview:large","max-video-preview":"max-video-preview:-1"},"og_locale":"ro_RO","og_type":"article","og_title":"\u0413\u043e\u0440\u043d\u044b\u0435 \u043b\u044b\u0436\u0438 Elan Element Black LS EL 10.0 - \u041c\u0430\u0433\u0430\u0437\u0438\u043d Xstyle","og_description":"\u041e\u0442\u043a\u0440\u043e\u0439\u0442\u0435 \u043d\u043e\u0432\u044b\u0435 \u0432\u0435\u0440\u0448\u0438\u043d\u044b \u0441 \u0433\u043e\u0440\u043d\u044b\u043c\u0438 \u043b\u044b\u0436\u0430\u043c\u0438 Elan Element Black LS EL 10.0! \u0418\u0434\u0435\u0430\u043b\u044c\u043d\u044b\u0439 \u0431\u0430\u043b\u0430\u043d\u0441, \u0442\u0435\u0445\u043d\u043e\u043b\u043e\u0433\u0438\u0438 Groove \u0438 Parabolic Rocker \u0434\u043b\u044f \u043a\u043e\u043c\u0444\u043e\u0440\u0442\u043d\u043e\u0433\u043e \u043a\u0430\u0442\u0430\u043d\u0438\u044f.","og_url":"https:\/\/dev.xstyle.md\/ro\/produs\/gornye-lyzhi-elan-element-black-ls-el-10-0\/","og_site_name":"\u041c\u0430\u0433\u0430\u0437\u0438\u043d Xstyle","article_publisher":"https:\/\/www.facebook.com\/xstylemd","article_modified_time":"2026-03-19T13:38:24+00:00","og_image":[{"width":1265,"height":1331,"url":"https:\/\/dev.xstyle.md\/wp-content\/uploads\/2020\/07\/ski_1_3.jpg","type":"image\/jpeg"}],"twitter_card":"summary_large_image","twitter_misc":{"Pre\u021b":"6.890,00&nbsp;MDL","Disponibilitate":"\u00cen stoc"},"schema":{"@context":"https:\/\/schema.org","@graph":[{"@type":"WebPage","@id":"https:\/\/dev.xstyle.md\/product\/gornye-lyzhi-elan-element-black-ls-el-10-0\/","url":"https:\/\/dev.xstyle.md\/product\/gornye-lyzhi-elan-element-black-ls-el-10-0\/","name":"Schiuri Elan Element Black LS EL 10.0 - Magazin Xstyle","isPartOf":{"@id":"https:\/\/dev.xstyle.md\/#website"},"primaryImageOfPage":{"@id":"https:\/\/dev.xstyle.md\/product\/gornye-lyzhi-elan-element-black-ls-el-10-0\/#primaryimage"},"image":{"@id":"https:\/\/dev.xstyle.md\/product\/gornye-lyzhi-elan-element-black-ls-el-10-0\/#primaryimage"},"thumbnailUrl":"https:\/\/dev.xstyle.md\/wp-content\/uploads\/2020\/07\/ski_1_3.jpg","datePublished":"2020-07-18T14:28:13+00:00","dateModified":"2026-03-19T13:38:24+00:00","description":"Deschide\u021bi noi culmi cu schiurile de munte Elan Element Black LS EL 10.0! Echilibru perfect, tehnologii Groove \u0219i Parabolic Rocker pentru o experien\u021b\u0103 confortabil\u0103 de schi.","breadcrumb":{"@id":"https:\/\/dev.xstyle.md\/product\/gornye-lyzhi-elan-element-black-ls-el-10-0\/#breadcrumb"},"inLanguage":"ro-RO","potentialAction":[{"@type":"ReadAction","target":["https:\/\/dev.xstyle.md\/product\/gornye-lyzhi-elan-element-black-ls-el-10-0\/"]}]},{"@type":"ImageObject","inLanguage":"ro-RO","@id":"https:\/\/dev.xstyle.md\/product\/gornye-lyzhi-elan-element-black-ls-el-10-0\/#primaryimage","url":"https:\/\/dev.xstyle.md\/wp-content\/uploads\/2020\/07\/ski_1_3.jpg","contentUrl":"https:\/\/dev.xstyle.md\/wp-content\/uploads\/2020\/07\/ski_1_3.jpg","width":1265,"height":1331},{"@type":"BreadcrumbList","@id":"https:\/\/dev.xstyle.md\/product\/gornye-lyzhi-elan-element-black-ls-el-10-0\/#breadcrumb","itemListElement":[{"@type":"ListItem","position":1,"name":"\u0413\u043b\u0430\u0432\u043d\u0430\u044f \u0441\u0442\u0440\u0430\u043d\u0438\u0446\u0430","item":"https:\/\/dev.xstyle.md\/"},{"@type":"ListItem","position":2,"name":"Shop","item":"https:\/\/dev.xstyle.md\/shop\/"},{"@type":"ListItem","position":3,"name":"\u0413\u043e\u0440\u043d\u044b\u0435 \u043b\u044b\u0436\u0438 Elan Element Black LS EL 10.0"}]},{"@type":"WebSite","@id":"https:\/\/dev.xstyle.md\/#website","url":"https:\/\/dev.xstyle.md\/","name":"Magazinul X-Style","description":"Echipamente pentru turism \u0219i sporturi extreme \u00een Moldova. Pre\u021buri, fotografii, caracteristici \u00een Moldova.","publisher":{"@id":"https:\/\/dev.xstyle.md\/#organization"},"alternateName":"X-Style","potentialAction":[{"@type":"SearchAction","target":{"@type":"EntryPoint","urlTemplate":"https:\/\/dev.xstyle.md\/?s={search_term_string}"},"query-input":{"@type":"PropertyValueSpecification","valueRequired":true,"valueName":"search_term_string"}}],"inLanguage":"ro-RO"},{"@type":"Organization","@id":"https:\/\/dev.xstyle.md\/#organization","name":"Magazinul X-Style","alternateName":"x-style","url":"https:\/\/dev.xstyle.md\/","logo":{"@type":"ImageObject","inLanguage":"ro-RO","@id":"https:\/\/dev.xstyle.md\/#\/schema\/logo\/image\/","url":"https:\/\/dev.xstyle.md\/wp-content\/uploads\/2020\/06\/logoicon.svg","contentUrl":"https:\/\/dev.xstyle.md\/wp-content\/uploads\/2020\/06\/logoicon.svg","caption":"\u041c\u0430\u0433\u0430\u0437\u0438\u043d Xstyle"},"image":{"@id":"https:\/\/dev.xstyle.md\/#\/schema\/logo\/image\/"},"sameAs":["https:\/\/www.facebook.com\/xstylemd","https:\/\/www.instagram.com\/xstyle_md\/","https:\/\/t.me\/xstyle_outdoor"],"hasMerchantReturnPolicy":{"@type":"MerchantReturnPolicy","merchantReturnLink":"https:\/\/dev.xstyle.md\/ro\/conditions\/"}}]},"product_price_amount":"6890.00","product_price_currency":"MDL","og_availability":"instock","product_availability":"instock","product_retailer_item_id":"3838855697147","product_condition":"new"},"post_mailing_queue_ids":[],"_links":{"self":[{"href":"https:\/\/dev.xstyle.md\/ro\/wp-json\/wp\/v2\/product\/20141","targetHints":{"allow":["GET"]}}],"collection":[{"href":"https:\/\/dev.xstyle.md\/ro\/wp-json\/wp\/v2\/product"}],"about":[{"href":"https:\/\/dev.xstyle.md\/ro\/wp-json\/wp\/v2\/types\/product"}],"replies":[{"embeddable":true,"href":"https:\/\/dev.xstyle.md\/ro\/wp-json\/wp\/v2\/comments?post=20141"}],"version-history":[{"count":1,"href":"https:\/\/dev.xstyle.md\/ro\/wp-json\/wp\/v2\/product\/20141\/revisions"}],"predecessor-version":[{"id":98399,"href":"https:\/\/dev.xstyle.md\/ro\/wp-json\/wp\/v2\/product\/20141\/revisions\/98399"}],"wp:featuredmedia":[{"embeddable":true,"href":"https:\/\/dev.xstyle.md\/ro\/wp-json\/wp\/v2\/media\/20138"}],"wp:attachment":[{"href":"https:\/\/dev.xstyle.md\/ro\/wp-json\/wp\/v2\/media?parent=20141"}],"wp:term":[{"taxonomy":"product_brand","embeddable":true,"href":"https:\/\/dev.xstyle.md\/ro\/wp-json\/wp\/v2\/product_brand?post=20141"},{"taxonomy":"product_cat","embeddable":true,"href":"https:\/\/dev.xstyle.md\/ro\/wp-json\/wp\/v2\/product_cat?post=20141"},{"taxonomy":"product_tag","embeddable":true,"href":"https:\/\/dev.xstyle.md\/ro\/wp-json\/wp\/v2\/product_tag?post=20141"}],"curies":[{"name":"wp","href":"https:\/\/api.w.org\/{rel}","templated":true}]}}