{"id":20130,"date":"2020-07-18T17:27:34","date_gmt":"2020-07-18T14:27:34","guid":{"rendered":"https:\/\/xstyle.md\/product\/gornye-lyzhi-elan-amphibio-10-ti-ps-el-10-0"},"modified":"2026-03-19T16:38:24","modified_gmt":"2026-03-19T13:38:24","slug":"gornye-lyzhi-elan-amphibio-10-ti-ps-el-10-0","status":"publish","type":"product","link":"https:\/\/dev.xstyle.md\/ro\/produs\/gornye-lyzhi-elan-amphibio-10-ti-ps-el-10-0\/","title":{"rendered":"Schiuri Elan Amphibio 10 TI PS EL 10.0"},"content":{"rendered":"<\/p>\n<p><strong>Schiuri Elan Amphibio 10 TI PS EL 10.0 <\/strong>&#8212; un model pentru schiorii avansa\u021bi \u0219i progresivi. Modelul Amphibio 10 este un adev\u0103rat all-rounder pentru toate p\u00e2rtiile. Cu tehnologia inovatoare Amphibio \u0219i o flexibilitate sofisticat\u0103, aceste schiuri sunt preg\u0103tite pentru orice. Versatilitatea lor nelimitat\u0103 este garantat\u0103 de profilul premiat AMPHIBIO, care combin\u0103 flexia greut\u0103\u021bii \u0219i rocker-ul \u00eentr-un singur schi. Acest lucru asigur\u0103 o aderen\u021b\u0103 fiabil\u0103 la muchie \u0219i o mai bun\u0103 capacitate de reac\u021bie.<\/p>\n<h3>Particularit\u0103\u021bi<\/h3>\n<ul>\n<li>AMPHIBIO 4D &#8212; tehnologia patentat\u0103 Elan prezint\u0103 sec\u021biuni convexe \u0219i concave \u00een v\u00e2rful \u0219i c\u0103lc\u00e2iul schiului, \u00een loc de designul tradi\u021bional complet plat, ceea ce, combinat cu profilul Amphibio, ofer\u0103 o combina\u021bie de neegalat de capacitate pe toate pantele, putere \u0219i vitez\u0103.<\/li>\n<li>Profilul AMPHIBIO este un design revolu\u021bionar care combin\u0103 \u00een acela\u0219i timp rocker-ul \u0219i devierea greut\u0103\u021bii &#8212; cu o divizare clar\u0103 \u00eentre schiurile st\u00e2nga \u0219i dreapta.<\/li>\n<li>Designul DST (Dual Sidewall) este o combina\u021bie de pere\u021bi laterali verticali \u0219i construc\u021bie cap-sidewall pe marginile exterioare &#8212; putere \u0219i vitez\u0103 combinate cu o aderen\u021b\u0103 superioar\u0103 la margini.<\/li>\n<li>POWER WOOD CORE &#8212; construc\u021bie puternic\u0103, cu o baz\u0103 de plop combinat\u0103 cu o structur\u0103 compozit\u0103 pentru o rigiditate torsional\u0103 \u0219i o capacitate de reac\u021bie sporite; asigur\u0103 o aderen\u021b\u0103 excelent\u0103 a muchiei \u00een zona v\u00e2rfului \u0219i a c\u0103lc\u00e2iului \u0219i o flexibilitate uniform\u0103 pe \u00eentreaga lungime a schiului.<\/li>\n<li>Mono Ti &#8212; construc\u021bia utilizeaz\u0103 un singur strat de titan peste un miez de lemn &#8212; pentru o mai bun\u0103 reac\u021bie \u0219i performan\u021b\u0103 general\u0103 a schiului.<\/li>\n<li>POWER SHIFT &#8212; &#171;platform\u0103 \u00een platform\u0103&#187;, un design special care permite schiului s\u0103 se flexeze liber sub leg\u0103turi, permi\u021b\u00e2nd schiului s\u0103 \u00ee\u0219i dezvolte pe deplin caracteristicile.<\/li>\n<\/ul>\n<h3>Caracteristici<\/h3>\n<ul>\n<li>Construc\u021bia schiurilor alpine &#8212; construc\u021bie sandwich<\/li>\n<li>\u00cen\u0103l\u021bimea schiurilor conform catalogului &#8212; 152\/160\/168\/176<\/li>\n<li>Geometria schiului &#8212; 125\/76\/104<\/li>\n<li>Talia schiului alpin &#8212; 76<\/li>\n<li>Raza de t\u0103iere lateral\u0103 &#8212; 14,6\/168<\/li>\n<li>Materialul de baz\u0103 al schiului alpin &#8212; Lemn + compozit<\/li>\n<li>Arm\u0103tur\u0103 pentru construc\u021bia schiului &#8212; Titanal<\/li>\n<li>Fixare &#8212; EL 10 GW SHIFT<\/li>\n<li>Nivel &#8212; \u00eencep\u0103tor, progresiv<\/li>\n<li>Scop &#8212; schi pe p\u00e2rtie, teren pu\u021bin ad\u00e2nc.<\/li>\n<\/ul>\n<h3>Marca<\/h3>\n<p>Elan Group este un produc\u0103tor \u0219i furnizor de top de echipamente sportive \u0219i de agrement. Compania este prezent\u0103 pe aceast\u0103 pia\u021b\u0103 de mai bine de 60 de ani. Toate activit\u0103\u021bile Elan sunt axate pe dezvoltarea tehnic\u0103 a produselor \u0219i pe tehnologia avansat\u0103 exprimat\u0103 prin design progresiv. Printre activit\u0103\u021bile Grupului Elan se num\u0103r\u0103: schi alpin \u0219i snowboarding, iahturi cu vele \u00een larg \u0219i furnizarea de facilit\u0103\u021bi sportive cu toate echipamentele necesare.<\/p>\n<p><\/p>","protected":false},"excerpt":{"rendered":"<p>Schiuri Elan Amphibio 10 TI PS EL 10.0<\/p>","protected":false},"featured_media":20128,"comment_status":"open","ping_status":"closed","template":"","meta":{"_acf_changed":false,"inline_featured_image":false},"product_brand":[1315],"product_cat":[398],"product_tag":[],"class_list":{"0":"post-20130","1":"product","2":"type-product","3":"status-publish","4":"has-post-thumbnail","6":"product_brand-elan","7":"product_cat-ski","9":"first","10":"instock","11":"shipping-taxable","12":"purchasable","13":"product-type-simple"},"acf":[],"yoast_head":"<!-- This site is optimized with the Yoast SEO plugin v27.5 - https:\/\/yoast.com\/product\/yoast-seo-wordpress\/ -->\n<title>\u0413\u043e\u0440\u043d\u044b\u0435 \u043b\u044b\u0436\u0438 Elan Amphibio 10 TI PS EL 10.0 - \u041c\u0430\u0433\u0430\u0437\u0438\u043d Xstyle<\/title>\n<meta name=\"description\" content=\"\u0413\u043e\u0440\u043d\u044b\u0435 \u043b\u044b\u0436\u0438 Elan Amphibio 10 TI PS EL 10.0 \u0438\u0434\u0435\u0430\u043b\u044c\u043d\u043e \u043f\u043e\u0434\u0445\u043e\u0434\u044f\u0442 \u0434\u043b\u044f \u043f\u0440\u043e\u0434\u0432\u0438\u043d\u0443\u0442\u044b\u0445 \u0440\u0430\u0439\u0434\u0435\u0440\u043e\u0432. \u0418\u0434\u0435\u0430\u043b\u044c\u043d\u044b\u0439 \u0431\u0430\u043b\u0430\u043d\u0441 \u0442\u0435\u0445\u043d\u043e\u043b\u043e\u0433\u0438\u0439 \u0438 \u043f\u0440\u043e\u0438\u0437\u0432\u043e\u0434\u0438\u0442\u0435\u043b\u044c\u043d\u043e\u0441\u0442\u0438 \u0434\u043b\u044f \u043b\u044e\u0431\u044b\u0445 \u0442\u0440\u0430\u0441\u0441!\" \/>\n<meta name=\"robots\" content=\"noindex, follow, max-snippet:-1, max-image-preview:large, max-video-preview:-1\" \/>\n<meta property=\"og:locale\" content=\"ro_RO\" \/>\n<meta property=\"og:type\" content=\"article\" \/>\n<meta property=\"og:title\" content=\"\u0413\u043e\u0440\u043d\u044b\u0435 \u043b\u044b\u0436\u0438 Elan Amphibio 10 TI PS EL 10.0 - \u041c\u0430\u0433\u0430\u0437\u0438\u043d Xstyle\" \/>\n<meta property=\"og:description\" content=\"\u0413\u043e\u0440\u043d\u044b\u0435 \u043b\u044b\u0436\u0438 Elan Amphibio 10 TI PS EL 10.0 \u0438\u0434\u0435\u0430\u043b\u044c\u043d\u043e \u043f\u043e\u0434\u0445\u043e\u0434\u044f\u0442 \u0434\u043b\u044f \u043f\u0440\u043e\u0434\u0432\u0438\u043d\u0443\u0442\u044b\u0445 \u0440\u0430\u0439\u0434\u0435\u0440\u043e\u0432. \u0418\u0434\u0435\u0430\u043b\u044c\u043d\u044b\u0439 \u0431\u0430\u043b\u0430\u043d\u0441 \u0442\u0435\u0445\u043d\u043e\u043b\u043e\u0433\u0438\u0439 \u0438 \u043f\u0440\u043e\u0438\u0437\u0432\u043e\u0434\u0438\u0442\u0435\u043b\u044c\u043d\u043e\u0441\u0442\u0438 \u0434\u043b\u044f \u043b\u044e\u0431\u044b\u0445 \u0442\u0440\u0430\u0441\u0441!\" \/>\n<meta property=\"og:url\" content=\"https:\/\/dev.xstyle.md\/ro\/produs\/gornye-lyzhi-elan-amphibio-10-ti-ps-el-10-0\/\" \/>\n<meta property=\"og:site_name\" content=\"\u041c\u0430\u0433\u0430\u0437\u0438\u043d Xstyle\" \/>\n<meta property=\"article:publisher\" content=\"https:\/\/www.facebook.com\/xstylemd\" \/>\n<meta property=\"article:modified_time\" content=\"2026-03-19T13:38:24+00:00\" \/>\n<meta property=\"og:image\" content=\"https:\/\/dev.xstyle.md\/wp-content\/uploads\/2020\/07\/ski_1_6.jpg\" \/>\n\t<meta property=\"og:image:width\" content=\"1265\" \/>\n\t<meta property=\"og:image:height\" content=\"1331\" \/>\n\t<meta property=\"og:image:type\" content=\"image\/jpeg\" \/>\n<meta name=\"twitter:card\" content=\"summary_large_image\" \/>\n<meta name=\"twitter:label1\" content=\"Pre\u021b\" \/>\n\t<meta name=\"twitter:data1\" content=\"8.690,00&nbsp;MDL\" \/>\n\t<meta name=\"twitter:label2\" content=\"Disponibilitate\" \/>\n\t<meta name=\"twitter:data2\" content=\"\u00cen stoc\" \/>\n<script type=\"application\/ld+json\" class=\"yoast-schema-graph\">{\"@context\":\"https:\\\/\\\/schema.org\",\"@graph\":[{\"@type\":\"WebPage\",\"@id\":\"https:\\\/\\\/dev.xstyle.md\\\/product\\\/gornye-lyzhi-elan-amphibio-10-ti-ps-el-10-0\\\/\",\"url\":\"https:\\\/\\\/dev.xstyle.md\\\/product\\\/gornye-lyzhi-elan-amphibio-10-ti-ps-el-10-0\\\/\",\"name\":\"\u0413\u043e\u0440\u043d\u044b\u0435 \u043b\u044b\u0436\u0438 Elan Amphibio 10 TI PS EL 10.0 - \u041c\u0430\u0433\u0430\u0437\u0438\u043d Xstyle\",\"isPartOf\":{\"@id\":\"https:\\\/\\\/dev.xstyle.md\\\/#website\"},\"primaryImageOfPage\":{\"@id\":\"https:\\\/\\\/dev.xstyle.md\\\/product\\\/gornye-lyzhi-elan-amphibio-10-ti-ps-el-10-0\\\/#primaryimage\"},\"image\":{\"@id\":\"https:\\\/\\\/dev.xstyle.md\\\/product\\\/gornye-lyzhi-elan-amphibio-10-ti-ps-el-10-0\\\/#primaryimage\"},\"thumbnailUrl\":\"https:\\\/\\\/dev.xstyle.md\\\/wp-content\\\/uploads\\\/2020\\\/07\\\/ski_1_6.jpg\",\"datePublished\":\"2020-07-18T14:27:34+00:00\",\"dateModified\":\"2026-03-19T13:38:24+00:00\",\"description\":\"\u0413\u043e\u0440\u043d\u044b\u0435 \u043b\u044b\u0436\u0438 Elan Amphibio 10 TI PS EL 10.0 \u0438\u0434\u0435\u0430\u043b\u044c\u043d\u043e \u043f\u043e\u0434\u0445\u043e\u0434\u044f\u0442 \u0434\u043b\u044f \u043f\u0440\u043e\u0434\u0432\u0438\u043d\u0443\u0442\u044b\u0445 \u0440\u0430\u0439\u0434\u0435\u0440\u043e\u0432. \u0418\u0434\u0435\u0430\u043b\u044c\u043d\u044b\u0439 \u0431\u0430\u043b\u0430\u043d\u0441 \u0442\u0435\u0445\u043d\u043e\u043b\u043e\u0433\u0438\u0439 \u0438 \u043f\u0440\u043e\u0438\u0437\u0432\u043e\u0434\u0438\u0442\u0435\u043b\u044c\u043d\u043e\u0441\u0442\u0438 \u0434\u043b\u044f \u043b\u044e\u0431\u044b\u0445 \u0442\u0440\u0430\u0441\u0441!\",\"breadcrumb\":{\"@id\":\"https:\\\/\\\/dev.xstyle.md\\\/product\\\/gornye-lyzhi-elan-amphibio-10-ti-ps-el-10-0\\\/#breadcrumb\"},\"inLanguage\":\"ro-RO\",\"potentialAction\":[{\"@type\":\"ReadAction\",\"target\":[\"https:\\\/\\\/dev.xstyle.md\\\/product\\\/gornye-lyzhi-elan-amphibio-10-ti-ps-el-10-0\\\/\"]}]},{\"@type\":\"ImageObject\",\"inLanguage\":\"ro-RO\",\"@id\":\"https:\\\/\\\/dev.xstyle.md\\\/product\\\/gornye-lyzhi-elan-amphibio-10-ti-ps-el-10-0\\\/#primaryimage\",\"url\":\"https:\\\/\\\/dev.xstyle.md\\\/wp-content\\\/uploads\\\/2020\\\/07\\\/ski_1_6.jpg\",\"contentUrl\":\"https:\\\/\\\/dev.xstyle.md\\\/wp-content\\\/uploads\\\/2020\\\/07\\\/ski_1_6.jpg\",\"width\":1265,\"height\":1331},{\"@type\":\"BreadcrumbList\",\"@id\":\"https:\\\/\\\/dev.xstyle.md\\\/product\\\/gornye-lyzhi-elan-amphibio-10-ti-ps-el-10-0\\\/#breadcrumb\",\"itemListElement\":[{\"@type\":\"ListItem\",\"position\":1,\"name\":\"\u0413\u043b\u0430\u0432\u043d\u0430\u044f \u0441\u0442\u0440\u0430\u043d\u0438\u0446\u0430\",\"item\":\"https:\\\/\\\/dev.xstyle.md\\\/\"},{\"@type\":\"ListItem\",\"position\":2,\"name\":\"Shop\",\"item\":\"https:\\\/\\\/dev.xstyle.md\\\/shop\\\/\"},{\"@type\":\"ListItem\",\"position\":3,\"name\":\"\u0413\u043e\u0440\u043d\u044b\u0435 \u043b\u044b\u0436\u0438 Elan Amphibio 10 TI PS EL 10.0\"}]},{\"@type\":\"WebSite\",\"@id\":\"https:\\\/\\\/dev.xstyle.md\\\/#website\",\"url\":\"https:\\\/\\\/dev.xstyle.md\\\/\",\"name\":\"\u041c\u0430\u0433\u0430\u0437\u0438\u043d Xstyle\",\"description\":\"C\u043d\u0430\u0440\u044f\u0436\u0435\u043d\u0438\u0435 \u0434\u043b\u044f \u0442\u0443\u0440\u0438\u0437\u043c\u0430 \u0438 \u044d\u043a\u0441\u0442\u0440\u0435\u043c\u0430\u043b\u044c\u043d\u044b\u0445 \u0432\u0438\u0434\u043e\u0432 \u0441\u043f\u043e\u0440\u0442\u0430 \u0432 \u041c\u043e\u043b\u0434\u043e\u0432\u0435.. \u0426\u0435\u043d\u044b, \u0444\u043e\u0442\u043e, \u0445\u0430\u0440\u0430\u043a\u0442\u0435\u0440\u0438\u0441\u0442\u0438\u043a\u0438 \u0432 \u041c\u043e\u043b\u0434\u043e\u0432\u0435.\",\"publisher\":{\"@id\":\"https:\\\/\\\/dev.xstyle.md\\\/#organization\"},\"alternateName\":\"X-Style\",\"potentialAction\":[{\"@type\":\"SearchAction\",\"target\":{\"@type\":\"EntryPoint\",\"urlTemplate\":\"https:\\\/\\\/dev.xstyle.md\\\/?s={search_term_string}\"},\"query-input\":{\"@type\":\"PropertyValueSpecification\",\"valueRequired\":true,\"valueName\":\"search_term_string\"}}],\"inLanguage\":\"ro-RO\"},{\"@type\":\"Organization\",\"@id\":\"https:\\\/\\\/dev.xstyle.md\\\/#organization\",\"name\":\"\u041c\u0430\u0433\u0430\u0437\u0438\u043d Xstyle\",\"alternateName\":\"x-style\",\"url\":\"https:\\\/\\\/dev.xstyle.md\\\/\",\"logo\":{\"@type\":\"ImageObject\",\"inLanguage\":\"ro-RO\",\"@id\":\"https:\\\/\\\/dev.xstyle.md\\\/#\\\/schema\\\/logo\\\/image\\\/\",\"url\":\"https:\\\/\\\/dev.xstyle.md\\\/wp-content\\\/uploads\\\/2020\\\/06\\\/logoicon.svg\",\"contentUrl\":\"https:\\\/\\\/dev.xstyle.md\\\/wp-content\\\/uploads\\\/2020\\\/06\\\/logoicon.svg\",\"caption\":\"\u041c\u0430\u0433\u0430\u0437\u0438\u043d Xstyle\"},\"image\":{\"@id\":\"https:\\\/\\\/dev.xstyle.md\\\/#\\\/schema\\\/logo\\\/image\\\/\"},\"sameAs\":[\"https:\\\/\\\/www.facebook.com\\\/xstylemd\",\"https:\\\/\\\/www.instagram.com\\\/xstyle_md\\\/\",\"https:\\\/\\\/t.me\\\/xstyle_outdoor\"],\"hasMerchantReturnPolicy\":{\"@type\":\"MerchantReturnPolicy\",\"merchantReturnLink\":\"https:\\\/\\\/dev.xstyle.md\\\/ro\\\/conditions\\\/\"}}]}<\/script>\n<meta property=\"product:price:amount\" content=\"8690.00\" \/>\n<meta property=\"product:price:currency\" content=\"MDL\" \/>\n<meta property=\"og:availability\" content=\"instock\" \/>\n<meta property=\"product:availability\" content=\"instock\" \/>\n<meta property=\"product:retailer_item_id\" content=\"3838855703626\" \/>\n<meta property=\"product:condition\" content=\"new\" \/>\n<!-- \/ Yoast SEO plugin. -->","yoast_head_json":{"title":"Schiuri Elan Amphibio 10 TI PS EL 10.0 - Magazin Xstyle","description":"Schiurile de munte Elan Amphibio 10 TI PS EL 10.0 sunt perfecte pentru schiorii avansa\u021bi. Un echilibru ideal \u00eentre tehnologie \u0219i performan\u021b\u0103 pentru orice p\u00e2rtie!","robots":{"index":"noindex","follow":"follow","max-snippet":"max-snippet:-1","max-image-preview":"max-image-preview:large","max-video-preview":"max-video-preview:-1"},"og_locale":"ro_RO","og_type":"article","og_title":"\u0413\u043e\u0440\u043d\u044b\u0435 \u043b\u044b\u0436\u0438 Elan Amphibio 10 TI PS EL 10.0 - \u041c\u0430\u0433\u0430\u0437\u0438\u043d Xstyle","og_description":"\u0413\u043e\u0440\u043d\u044b\u0435 \u043b\u044b\u0436\u0438 Elan Amphibio 10 TI PS EL 10.0 \u0438\u0434\u0435\u0430\u043b\u044c\u043d\u043e \u043f\u043e\u0434\u0445\u043e\u0434\u044f\u0442 \u0434\u043b\u044f \u043f\u0440\u043e\u0434\u0432\u0438\u043d\u0443\u0442\u044b\u0445 \u0440\u0430\u0439\u0434\u0435\u0440\u043e\u0432. \u0418\u0434\u0435\u0430\u043b\u044c\u043d\u044b\u0439 \u0431\u0430\u043b\u0430\u043d\u0441 \u0442\u0435\u0445\u043d\u043e\u043b\u043e\u0433\u0438\u0439 \u0438 \u043f\u0440\u043e\u0438\u0437\u0432\u043e\u0434\u0438\u0442\u0435\u043b\u044c\u043d\u043e\u0441\u0442\u0438 \u0434\u043b\u044f \u043b\u044e\u0431\u044b\u0445 \u0442\u0440\u0430\u0441\u0441!","og_url":"https:\/\/dev.xstyle.md\/ro\/produs\/gornye-lyzhi-elan-amphibio-10-ti-ps-el-10-0\/","og_site_name":"\u041c\u0430\u0433\u0430\u0437\u0438\u043d Xstyle","article_publisher":"https:\/\/www.facebook.com\/xstylemd","article_modified_time":"2026-03-19T13:38:24+00:00","og_image":[{"width":1265,"height":1331,"url":"https:\/\/dev.xstyle.md\/wp-content\/uploads\/2020\/07\/ski_1_6.jpg","type":"image\/jpeg"}],"twitter_card":"summary_large_image","twitter_misc":{"Pre\u021b":"8.690,00&nbsp;MDL","Disponibilitate":"\u00cen stoc"},"schema":{"@context":"https:\/\/schema.org","@graph":[{"@type":"WebPage","@id":"https:\/\/dev.xstyle.md\/product\/gornye-lyzhi-elan-amphibio-10-ti-ps-el-10-0\/","url":"https:\/\/dev.xstyle.md\/product\/gornye-lyzhi-elan-amphibio-10-ti-ps-el-10-0\/","name":"Schiuri Elan Amphibio 10 TI PS EL 10.0 - Magazin Xstyle","isPartOf":{"@id":"https:\/\/dev.xstyle.md\/#website"},"primaryImageOfPage":{"@id":"https:\/\/dev.xstyle.md\/product\/gornye-lyzhi-elan-amphibio-10-ti-ps-el-10-0\/#primaryimage"},"image":{"@id":"https:\/\/dev.xstyle.md\/product\/gornye-lyzhi-elan-amphibio-10-ti-ps-el-10-0\/#primaryimage"},"thumbnailUrl":"https:\/\/dev.xstyle.md\/wp-content\/uploads\/2020\/07\/ski_1_6.jpg","datePublished":"2020-07-18T14:27:34+00:00","dateModified":"2026-03-19T13:38:24+00:00","description":"Schiurile de munte Elan Amphibio 10 TI PS EL 10.0 sunt perfecte pentru schiorii avansa\u021bi. Un echilibru ideal \u00eentre tehnologie \u0219i performan\u021b\u0103 pentru orice p\u00e2rtie!","breadcrumb":{"@id":"https:\/\/dev.xstyle.md\/product\/gornye-lyzhi-elan-amphibio-10-ti-ps-el-10-0\/#breadcrumb"},"inLanguage":"ro-RO","potentialAction":[{"@type":"ReadAction","target":["https:\/\/dev.xstyle.md\/product\/gornye-lyzhi-elan-amphibio-10-ti-ps-el-10-0\/"]}]},{"@type":"ImageObject","inLanguage":"ro-RO","@id":"https:\/\/dev.xstyle.md\/product\/gornye-lyzhi-elan-amphibio-10-ti-ps-el-10-0\/#primaryimage","url":"https:\/\/dev.xstyle.md\/wp-content\/uploads\/2020\/07\/ski_1_6.jpg","contentUrl":"https:\/\/dev.xstyle.md\/wp-content\/uploads\/2020\/07\/ski_1_6.jpg","width":1265,"height":1331},{"@type":"BreadcrumbList","@id":"https:\/\/dev.xstyle.md\/product\/gornye-lyzhi-elan-amphibio-10-ti-ps-el-10-0\/#breadcrumb","itemListElement":[{"@type":"ListItem","position":1,"name":"\u0413\u043b\u0430\u0432\u043d\u0430\u044f \u0441\u0442\u0440\u0430\u043d\u0438\u0446\u0430","item":"https:\/\/dev.xstyle.md\/"},{"@type":"ListItem","position":2,"name":"Shop","item":"https:\/\/dev.xstyle.md\/shop\/"},{"@type":"ListItem","position":3,"name":"\u0413\u043e\u0440\u043d\u044b\u0435 \u043b\u044b\u0436\u0438 Elan Amphibio 10 TI PS EL 10.0"}]},{"@type":"WebSite","@id":"https:\/\/dev.xstyle.md\/#website","url":"https:\/\/dev.xstyle.md\/","name":"Magazinul X-Style","description":"Echipamente pentru turism \u0219i sporturi extreme \u00een Moldova. Pre\u021buri, fotografii, caracteristici \u00een Moldova.","publisher":{"@id":"https:\/\/dev.xstyle.md\/#organization"},"alternateName":"X-Style","potentialAction":[{"@type":"SearchAction","target":{"@type":"EntryPoint","urlTemplate":"https:\/\/dev.xstyle.md\/?s={search_term_string}"},"query-input":{"@type":"PropertyValueSpecification","valueRequired":true,"valueName":"search_term_string"}}],"inLanguage":"ro-RO"},{"@type":"Organization","@id":"https:\/\/dev.xstyle.md\/#organization","name":"Magazinul X-Style","alternateName":"x-style","url":"https:\/\/dev.xstyle.md\/","logo":{"@type":"ImageObject","inLanguage":"ro-RO","@id":"https:\/\/dev.xstyle.md\/#\/schema\/logo\/image\/","url":"https:\/\/dev.xstyle.md\/wp-content\/uploads\/2020\/06\/logoicon.svg","contentUrl":"https:\/\/dev.xstyle.md\/wp-content\/uploads\/2020\/06\/logoicon.svg","caption":"\u041c\u0430\u0433\u0430\u0437\u0438\u043d Xstyle"},"image":{"@id":"https:\/\/dev.xstyle.md\/#\/schema\/logo\/image\/"},"sameAs":["https:\/\/www.facebook.com\/xstylemd","https:\/\/www.instagram.com\/xstyle_md\/","https:\/\/t.me\/xstyle_outdoor"],"hasMerchantReturnPolicy":{"@type":"MerchantReturnPolicy","merchantReturnLink":"https:\/\/dev.xstyle.md\/ro\/conditions\/"}}]},"product_price_amount":"8690.00","product_price_currency":"MDL","og_availability":"instock","product_availability":"instock","product_retailer_item_id":"3838855703626","product_condition":"new"},"post_mailing_queue_ids":[],"_links":{"self":[{"href":"https:\/\/dev.xstyle.md\/ro\/wp-json\/wp\/v2\/product\/20130","targetHints":{"allow":["GET"]}}],"collection":[{"href":"https:\/\/dev.xstyle.md\/ro\/wp-json\/wp\/v2\/product"}],"about":[{"href":"https:\/\/dev.xstyle.md\/ro\/wp-json\/wp\/v2\/types\/product"}],"replies":[{"embeddable":true,"href":"https:\/\/dev.xstyle.md\/ro\/wp-json\/wp\/v2\/comments?post=20130"}],"version-history":[{"count":0,"href":"https:\/\/dev.xstyle.md\/ro\/wp-json\/wp\/v2\/product\/20130\/revisions"}],"wp:featuredmedia":[{"embeddable":true,"href":"https:\/\/dev.xstyle.md\/ro\/wp-json\/wp\/v2\/media\/20128"}],"wp:attachment":[{"href":"https:\/\/dev.xstyle.md\/ro\/wp-json\/wp\/v2\/media?parent=20130"}],"wp:term":[{"taxonomy":"product_brand","embeddable":true,"href":"https:\/\/dev.xstyle.md\/ro\/wp-json\/wp\/v2\/product_brand?post=20130"},{"taxonomy":"product_cat","embeddable":true,"href":"https:\/\/dev.xstyle.md\/ro\/wp-json\/wp\/v2\/product_cat?post=20130"},{"taxonomy":"product_tag","embeddable":true,"href":"https:\/\/dev.xstyle.md\/ro\/wp-json\/wp\/v2\/product_tag?post=20130"}],"curies":[{"name":"wp","href":"https:\/\/api.w.org\/{rel}","templated":true}]}}