{"id":20105,"date":"2020-07-18T17:26:21","date_gmt":"2020-07-18T14:26:21","guid":{"rendered":"https:\/\/xstyle.md\/product\/detskie-gornolyzhnye-botinki-dalbello-menace-4-0-jr"},"modified":"2026-03-19T16:38:22","modified_gmt":"2026-03-19T13:38:22","slug":"detskie-gornolyzhnye-botinki-dalbello-menace-4-0-jr","status":"publish","type":"product","link":"https:\/\/dev.xstyle.md\/ro\/produs\/detskie-gornolyzhnye-botinki-dalbello-menace-4-0-jr\/","title":{"rendered":"Cl\u0103pari pentru copii Dalbello MENACE 4.0 JR"},"content":{"rendered":"<\/p>\n<p><strong>Cl\u0103pari pentru copii Dalbello MENACE 4.0 JR<\/strong> &#8212; este o cizm\u0103 foarte u\u0219oar\u0103, cu patru crampoane, creat\u0103 special pentru schiorii tineri. \u00cenc\u0103l\u021b\u0103mintea exterioar\u0103 de \u00eenalt\u0103 tehnologie se simte rapid\u0103 \u0219i receptiv\u0103. Gheata interioar\u0103 Supercomfort ofer\u0103 confort pe tot parcursul zilei.<\/p>\n<h3>Caracteristici<\/h3>\n<ul>\n<li>Nivelul schiorului &#8212; \u00eencep\u0103tor<\/li>\n<li>Structur\u0103 &#8212; Gheat\u0103 cu 4 crampoane cu intrare frontal\u0103, plac\u0103 \u00eenalt\u0103 pentru tibie<\/li>\n<li>Caracteristici de construc\u021bie &#8212; 4 cleme ALU Macro, curea de putere, spoiler spate reglabil, talp\u0103 rigid\u0103 monolitic\u0103<\/li>\n<li>\u00cenc\u0103l\u021b\u0103minte interioar\u0103 &#8212; Supercomfort Junior<\/li>\n<li>\u00cenc\u0103l\u021b\u0103minte exterioar\u0103 &#8212; DB HYPERLITE<\/li>\n<li>Fixare &#8212; aluminiu<\/li>\n<li>Talp\u0103 exterioar\u0103 &#8212; ISO 5355<\/li>\n<li>Indice de flexibilitate &#8212; 40<\/li>\n<li>Model &#8212; pentru copii.<\/li>\n<\/ul>\n<h3>Tehnologie<\/h3>\n<ul>\n<li><strong>Design suprapus<\/strong> &#8212; designul clasic al cizmei exterioare, care const\u0103 din dou\u0103 p\u0103r\u021bi suprapuse care se suprapun atunci c\u00e2nd sunt fixate. Acest lucru asigur\u0103 c\u0103 gheata se fixeaz\u0103 cu precizie pe picior \u0219i maximizeaz\u0103 eficien\u021ba transmiterii for\u021bei schiorului.<\/li>\n<li><strong>Polytec Lite<\/strong> &#8212; polimer u\u0219or cu 23% mai u\u0219or dec\u00e2t plasticul conven\u021bional (construc\u021bie u\u0219oar\u0103).<\/li>\n<li><strong>Flex Index<\/strong> &#8212; unul dintre principalii parametri care caracterizeaz\u0103 rigiditatea \u00eenc\u0103l\u021b\u0103mintei. Cu c\u00e2t rigiditatea este mai mic\u0103, cu at\u00e2t antrenamentul este mai confortabil \u0219i mai u\u0219or.<\/li>\n<li><strong>ISO 5355<\/strong> &#8212; talpa standard a cizmelor de schi universale, este complet plat\u0103 \u0219i are o \u00een\u0103l\u021bime de 19\u00b11 mm.<\/li>\n<\/ul>\n<h3>Marca<\/h3>\n<p>Compania italian\u0103 Dalbello este cel mai renumit produc\u0103tor de ghete de schi din lume. Prin urmare, atitudinea fa\u021b\u0103 de afaceri este cea mai serioas\u0103. De c\u00e2nd Dalbello a \u00eenceput s\u0103 produc\u0103 cizme de schi \u00een 1974, ideea principal\u0103 a companiei a fost aceea de a crea cizmele de cea mai bun\u0103 calitate, cele mai performante \u0219i cele mai confortabile din lume. Astfel, numero\u0219i schiori din \u00eentreaga lume au descoperit deja c\u0103 calitatea \u0219i confortul Dalbello vorbesc de la sine. Acest lucru a f\u0103cut ca Dalbello s\u0103 fie \u00een prezent marca de ghete de schi cu cea mai rapid\u0103 cre\u0219tere din lume.<\/p>\n<p><\/p>","protected":false},"excerpt":{"rendered":"<p>Cl\u0103pari pentru copii Dalbello MENACE 4.0 JR<\/p>","protected":false},"featured_media":20104,"comment_status":"open","ping_status":"closed","template":"","meta":{"_acf_changed":false,"inline_featured_image":false},"product_brand":[1311],"product_cat":[353],"product_tag":[],"class_list":{"0":"post-20105","1":"product","2":"type-product","3":"status-publish","4":"has-post-thumbnail","6":"product_brand-dalbello","7":"product_cat-ski-boots","9":"first","10":"instock","11":"shipping-taxable","12":"purchasable","13":"product-type-simple"},"acf":[],"yoast_head":"<!-- This site is optimized with the Yoast SEO plugin v27.5 - https:\/\/yoast.com\/product\/yoast-seo-wordpress\/ -->\n<title>\u0414\u0435\u0442\u0441\u043a\u0438\u0435 \u0433\u043e\u0440\u043d\u043e\u043b\u044b\u0436\u043d\u044b\u0435 \u0431\u043e\u0442\u0438\u043d\u043a\u0438 Dalbello MENACE 4.0 JR - \u041c\u0430\u0433\u0430\u0437\u0438\u043d Xstyle<\/title>\n<meta name=\"description\" content=\"\u0414\u0435\u0442\u0441\u043a\u0438\u0435 \u0433\u043e\u0440\u043d\u043e\u043b\u044b\u0436\u043d\u044b\u0435 \u0431\u043e\u0442\u0438\u043d\u043a\u0438 Dalbello MENACE 4.0 JR \u043e\u0431\u0435\u0441\u043f\u0435\u0447\u0438\u0432\u0430\u044e\u0442 \u043a\u043e\u043c\u0444\u043e\u0440\u0442 \u0438 \u043f\u043e\u0434\u0434\u0435\u0440\u0436\u043a\u0443 \u044e\u043d\u044b\u043c \u043b\u044b\u0436\u043d\u0438\u043a\u0430\u043c. \u041b\u0435\u0433\u043a\u0438\u0435, \u0441 \u043e\u0442\u043b\u0438\u0447\u043d\u043e\u0439 \u043f\u0440\u043e\u0438\u0437\u0432\u043e\u0434\u0438\u0442\u0435\u043b\u044c\u043d\u043e\u0441\u0442\u044c\u044e \u043d\u0430 \u0441\u043a\u043b\u043e\u043d\u0435!\" \/>\n<meta name=\"robots\" content=\"noindex, follow, max-snippet:-1, max-image-preview:large, max-video-preview:-1\" \/>\n<meta property=\"og:locale\" content=\"ro_RO\" \/>\n<meta property=\"og:type\" content=\"article\" \/>\n<meta property=\"og:title\" content=\"\u0414\u0435\u0442\u0441\u043a\u0438\u0435 \u0433\u043e\u0440\u043d\u043e\u043b\u044b\u0436\u043d\u044b\u0435 \u0431\u043e\u0442\u0438\u043d\u043a\u0438 Dalbello MENACE 4.0 JR - \u041c\u0430\u0433\u0430\u0437\u0438\u043d Xstyle\" \/>\n<meta property=\"og:description\" content=\"\u0414\u0435\u0442\u0441\u043a\u0438\u0435 \u0433\u043e\u0440\u043d\u043e\u043b\u044b\u0436\u043d\u044b\u0435 \u0431\u043e\u0442\u0438\u043d\u043a\u0438 Dalbello MENACE 4.0 JR \u043e\u0431\u0435\u0441\u043f\u0435\u0447\u0438\u0432\u0430\u044e\u0442 \u043a\u043e\u043c\u0444\u043e\u0440\u0442 \u0438 \u043f\u043e\u0434\u0434\u0435\u0440\u0436\u043a\u0443 \u044e\u043d\u044b\u043c \u043b\u044b\u0436\u043d\u0438\u043a\u0430\u043c. \u041b\u0435\u0433\u043a\u0438\u0435, \u0441 \u043e\u0442\u043b\u0438\u0447\u043d\u043e\u0439 \u043f\u0440\u043e\u0438\u0437\u0432\u043e\u0434\u0438\u0442\u0435\u043b\u044c\u043d\u043e\u0441\u0442\u044c\u044e \u043d\u0430 \u0441\u043a\u043b\u043e\u043d\u0435!\" \/>\n<meta property=\"og:url\" content=\"https:\/\/dev.xstyle.md\/ro\/produs\/detskie-gornolyzhnye-botinki-dalbello-menace-4-0-jr\/\" \/>\n<meta property=\"og:site_name\" content=\"\u041c\u0430\u0433\u0430\u0437\u0438\u043d Xstyle\" \/>\n<meta property=\"article:publisher\" content=\"https:\/\/www.facebook.com\/xstylemd\" \/>\n<meta property=\"article:modified_time\" content=\"2026-03-19T13:38:22+00:00\" \/>\n<meta property=\"og:image\" content=\"https:\/\/dev.xstyle.md\/wp-content\/uploads\/2020\/07\/menace_4_dme4j7_tb_1388261_1388321.jpg\" \/>\n\t<meta property=\"og:image:width\" content=\"794\" \/>\n\t<meta property=\"og:image:height\" content=\"900\" \/>\n\t<meta property=\"og:image:type\" content=\"image\/jpeg\" \/>\n<meta name=\"twitter:card\" content=\"summary_large_image\" \/>\n<meta name=\"twitter:label1\" content=\"Pre\u021b\" \/>\n\t<meta name=\"twitter:data1\" content=\"2.790,00&nbsp;MDL\" \/>\n\t<meta name=\"twitter:label2\" content=\"Disponibilitate\" \/>\n\t<meta name=\"twitter:data2\" content=\"\u00cen stoc\" \/>\n<script type=\"application\/ld+json\" class=\"yoast-schema-graph\">{\"@context\":\"https:\\\/\\\/schema.org\",\"@graph\":[{\"@type\":\"WebPage\",\"@id\":\"https:\\\/\\\/dev.xstyle.md\\\/product\\\/detskie-gornolyzhnye-botinki-dalbello-menace-4-0-jr\\\/\",\"url\":\"https:\\\/\\\/dev.xstyle.md\\\/product\\\/detskie-gornolyzhnye-botinki-dalbello-menace-4-0-jr\\\/\",\"name\":\"\u0414\u0435\u0442\u0441\u043a\u0438\u0435 \u0433\u043e\u0440\u043d\u043e\u043b\u044b\u0436\u043d\u044b\u0435 \u0431\u043e\u0442\u0438\u043d\u043a\u0438 Dalbello MENACE 4.0 JR - \u041c\u0430\u0433\u0430\u0437\u0438\u043d Xstyle\",\"isPartOf\":{\"@id\":\"https:\\\/\\\/dev.xstyle.md\\\/#website\"},\"primaryImageOfPage\":{\"@id\":\"https:\\\/\\\/dev.xstyle.md\\\/product\\\/detskie-gornolyzhnye-botinki-dalbello-menace-4-0-jr\\\/#primaryimage\"},\"image\":{\"@id\":\"https:\\\/\\\/dev.xstyle.md\\\/product\\\/detskie-gornolyzhnye-botinki-dalbello-menace-4-0-jr\\\/#primaryimage\"},\"thumbnailUrl\":\"https:\\\/\\\/dev.xstyle.md\\\/wp-content\\\/uploads\\\/2020\\\/07\\\/menace_4_dme4j7_tb_1388261_1388321.jpg\",\"datePublished\":\"2020-07-18T14:26:21+00:00\",\"dateModified\":\"2026-03-19T13:38:22+00:00\",\"description\":\"\u0414\u0435\u0442\u0441\u043a\u0438\u0435 \u0433\u043e\u0440\u043d\u043e\u043b\u044b\u0436\u043d\u044b\u0435 \u0431\u043e\u0442\u0438\u043d\u043a\u0438 Dalbello MENACE 4.0 JR \u043e\u0431\u0435\u0441\u043f\u0435\u0447\u0438\u0432\u0430\u044e\u0442 \u043a\u043e\u043c\u0444\u043e\u0440\u0442 \u0438 \u043f\u043e\u0434\u0434\u0435\u0440\u0436\u043a\u0443 \u044e\u043d\u044b\u043c \u043b\u044b\u0436\u043d\u0438\u043a\u0430\u043c. \u041b\u0435\u0433\u043a\u0438\u0435, \u0441 \u043e\u0442\u043b\u0438\u0447\u043d\u043e\u0439 \u043f\u0440\u043e\u0438\u0437\u0432\u043e\u0434\u0438\u0442\u0435\u043b\u044c\u043d\u043e\u0441\u0442\u044c\u044e \u043d\u0430 \u0441\u043a\u043b\u043e\u043d\u0435!\",\"breadcrumb\":{\"@id\":\"https:\\\/\\\/dev.xstyle.md\\\/product\\\/detskie-gornolyzhnye-botinki-dalbello-menace-4-0-jr\\\/#breadcrumb\"},\"inLanguage\":\"ro-RO\",\"potentialAction\":[{\"@type\":\"ReadAction\",\"target\":[\"https:\\\/\\\/dev.xstyle.md\\\/product\\\/detskie-gornolyzhnye-botinki-dalbello-menace-4-0-jr\\\/\"]}]},{\"@type\":\"ImageObject\",\"inLanguage\":\"ro-RO\",\"@id\":\"https:\\\/\\\/dev.xstyle.md\\\/product\\\/detskie-gornolyzhnye-botinki-dalbello-menace-4-0-jr\\\/#primaryimage\",\"url\":\"https:\\\/\\\/dev.xstyle.md\\\/wp-content\\\/uploads\\\/2020\\\/07\\\/menace_4_dme4j7_tb_1388261_1388321.jpg\",\"contentUrl\":\"https:\\\/\\\/dev.xstyle.md\\\/wp-content\\\/uploads\\\/2020\\\/07\\\/menace_4_dme4j7_tb_1388261_1388321.jpg\",\"width\":794,\"height\":900},{\"@type\":\"BreadcrumbList\",\"@id\":\"https:\\\/\\\/dev.xstyle.md\\\/product\\\/detskie-gornolyzhnye-botinki-dalbello-menace-4-0-jr\\\/#breadcrumb\",\"itemListElement\":[{\"@type\":\"ListItem\",\"position\":1,\"name\":\"\u0413\u043b\u0430\u0432\u043d\u0430\u044f \u0441\u0442\u0440\u0430\u043d\u0438\u0446\u0430\",\"item\":\"https:\\\/\\\/dev.xstyle.md\\\/\"},{\"@type\":\"ListItem\",\"position\":2,\"name\":\"Shop\",\"item\":\"https:\\\/\\\/dev.xstyle.md\\\/shop\\\/\"},{\"@type\":\"ListItem\",\"position\":3,\"name\":\"\u0414\u0435\u0442\u0441\u043a\u0438\u0435 \u0433\u043e\u0440\u043d\u043e\u043b\u044b\u0436\u043d\u044b\u0435 \u0431\u043e\u0442\u0438\u043d\u043a\u0438 Dalbello MENACE 4.0 JR\"}]},{\"@type\":\"WebSite\",\"@id\":\"https:\\\/\\\/dev.xstyle.md\\\/#website\",\"url\":\"https:\\\/\\\/dev.xstyle.md\\\/\",\"name\":\"\u041c\u0430\u0433\u0430\u0437\u0438\u043d Xstyle\",\"description\":\"C\u043d\u0430\u0440\u044f\u0436\u0435\u043d\u0438\u0435 \u0434\u043b\u044f \u0442\u0443\u0440\u0438\u0437\u043c\u0430 \u0438 \u044d\u043a\u0441\u0442\u0440\u0435\u043c\u0430\u043b\u044c\u043d\u044b\u0445 \u0432\u0438\u0434\u043e\u0432 \u0441\u043f\u043e\u0440\u0442\u0430 \u0432 \u041c\u043e\u043b\u0434\u043e\u0432\u0435.. \u0426\u0435\u043d\u044b, \u0444\u043e\u0442\u043e, \u0445\u0430\u0440\u0430\u043a\u0442\u0435\u0440\u0438\u0441\u0442\u0438\u043a\u0438 \u0432 \u041c\u043e\u043b\u0434\u043e\u0432\u0435.\",\"publisher\":{\"@id\":\"https:\\\/\\\/dev.xstyle.md\\\/#organization\"},\"alternateName\":\"X-Style\",\"potentialAction\":[{\"@type\":\"SearchAction\",\"target\":{\"@type\":\"EntryPoint\",\"urlTemplate\":\"https:\\\/\\\/dev.xstyle.md\\\/?s={search_term_string}\"},\"query-input\":{\"@type\":\"PropertyValueSpecification\",\"valueRequired\":true,\"valueName\":\"search_term_string\"}}],\"inLanguage\":\"ro-RO\"},{\"@type\":\"Organization\",\"@id\":\"https:\\\/\\\/dev.xstyle.md\\\/#organization\",\"name\":\"\u041c\u0430\u0433\u0430\u0437\u0438\u043d Xstyle\",\"alternateName\":\"x-style\",\"url\":\"https:\\\/\\\/dev.xstyle.md\\\/\",\"logo\":{\"@type\":\"ImageObject\",\"inLanguage\":\"ro-RO\",\"@id\":\"https:\\\/\\\/dev.xstyle.md\\\/#\\\/schema\\\/logo\\\/image\\\/\",\"url\":\"https:\\\/\\\/dev.xstyle.md\\\/wp-content\\\/uploads\\\/2020\\\/06\\\/logoicon.svg\",\"contentUrl\":\"https:\\\/\\\/dev.xstyle.md\\\/wp-content\\\/uploads\\\/2020\\\/06\\\/logoicon.svg\",\"caption\":\"\u041c\u0430\u0433\u0430\u0437\u0438\u043d Xstyle\"},\"image\":{\"@id\":\"https:\\\/\\\/dev.xstyle.md\\\/#\\\/schema\\\/logo\\\/image\\\/\"},\"sameAs\":[\"https:\\\/\\\/www.facebook.com\\\/xstylemd\",\"https:\\\/\\\/www.instagram.com\\\/xstyle_md\\\/\",\"https:\\\/\\\/t.me\\\/xstyle_outdoor\"],\"hasMerchantReturnPolicy\":{\"@type\":\"MerchantReturnPolicy\",\"merchantReturnLink\":\"https:\\\/\\\/dev.xstyle.md\\\/ro\\\/conditions\\\/\"}}]}<\/script>\n<meta property=\"product:price:amount\" content=\"2790.00\" \/>\n<meta property=\"product:price:currency\" content=\"MDL\" \/>\n<meta property=\"og:availability\" content=\"instock\" \/>\n<meta property=\"product:availability\" content=\"instock\" \/>\n<meta property=\"product:retailer_item_id\" content=\"8050440135284\" \/>\n<meta property=\"product:condition\" content=\"new\" \/>\n<!-- \/ Yoast SEO plugin. -->","yoast_head_json":{"title":"Cl\u0103pari pentru copii Dalbello MENACE 4.0 JR - Magazin Xstyle","description":"Bocanci de schi pentru copii Dalbello MENACE 4.0 JR asigur\u0103 confort \u0219i suport tinerilor schiori. U\u0219ori, cu o performan\u021b\u0103 excelent\u0103 pe p\u00e2rtii!","robots":{"index":"noindex","follow":"follow","max-snippet":"max-snippet:-1","max-image-preview":"max-image-preview:large","max-video-preview":"max-video-preview:-1"},"og_locale":"ro_RO","og_type":"article","og_title":"\u0414\u0435\u0442\u0441\u043a\u0438\u0435 \u0433\u043e\u0440\u043d\u043e\u043b\u044b\u0436\u043d\u044b\u0435 \u0431\u043e\u0442\u0438\u043d\u043a\u0438 Dalbello MENACE 4.0 JR - \u041c\u0430\u0433\u0430\u0437\u0438\u043d Xstyle","og_description":"\u0414\u0435\u0442\u0441\u043a\u0438\u0435 \u0433\u043e\u0440\u043d\u043e\u043b\u044b\u0436\u043d\u044b\u0435 \u0431\u043e\u0442\u0438\u043d\u043a\u0438 Dalbello MENACE 4.0 JR \u043e\u0431\u0435\u0441\u043f\u0435\u0447\u0438\u0432\u0430\u044e\u0442 \u043a\u043e\u043c\u0444\u043e\u0440\u0442 \u0438 \u043f\u043e\u0434\u0434\u0435\u0440\u0436\u043a\u0443 \u044e\u043d\u044b\u043c \u043b\u044b\u0436\u043d\u0438\u043a\u0430\u043c. \u041b\u0435\u0433\u043a\u0438\u0435, \u0441 \u043e\u0442\u043b\u0438\u0447\u043d\u043e\u0439 \u043f\u0440\u043e\u0438\u0437\u0432\u043e\u0434\u0438\u0442\u0435\u043b\u044c\u043d\u043e\u0441\u0442\u044c\u044e \u043d\u0430 \u0441\u043a\u043b\u043e\u043d\u0435!","og_url":"https:\/\/dev.xstyle.md\/ro\/produs\/detskie-gornolyzhnye-botinki-dalbello-menace-4-0-jr\/","og_site_name":"\u041c\u0430\u0433\u0430\u0437\u0438\u043d Xstyle","article_publisher":"https:\/\/www.facebook.com\/xstylemd","article_modified_time":"2026-03-19T13:38:22+00:00","og_image":[{"width":794,"height":900,"url":"https:\/\/dev.xstyle.md\/wp-content\/uploads\/2020\/07\/menace_4_dme4j7_tb_1388261_1388321.jpg","type":"image\/jpeg"}],"twitter_card":"summary_large_image","twitter_misc":{"Pre\u021b":"2.790,00&nbsp;MDL","Disponibilitate":"\u00cen stoc"},"schema":{"@context":"https:\/\/schema.org","@graph":[{"@type":"WebPage","@id":"https:\/\/dev.xstyle.md\/product\/detskie-gornolyzhnye-botinki-dalbello-menace-4-0-jr\/","url":"https:\/\/dev.xstyle.md\/product\/detskie-gornolyzhnye-botinki-dalbello-menace-4-0-jr\/","name":"Cl\u0103pari pentru copii Dalbello MENACE 4.0 JR - Magazin Xstyle","isPartOf":{"@id":"https:\/\/dev.xstyle.md\/#website"},"primaryImageOfPage":{"@id":"https:\/\/dev.xstyle.md\/product\/detskie-gornolyzhnye-botinki-dalbello-menace-4-0-jr\/#primaryimage"},"image":{"@id":"https:\/\/dev.xstyle.md\/product\/detskie-gornolyzhnye-botinki-dalbello-menace-4-0-jr\/#primaryimage"},"thumbnailUrl":"https:\/\/dev.xstyle.md\/wp-content\/uploads\/2020\/07\/menace_4_dme4j7_tb_1388261_1388321.jpg","datePublished":"2020-07-18T14:26:21+00:00","dateModified":"2026-03-19T13:38:22+00:00","description":"Bocanci de schi pentru copii Dalbello MENACE 4.0 JR asigur\u0103 confort \u0219i suport tinerilor schiori. U\u0219ori, cu o performan\u021b\u0103 excelent\u0103 pe p\u00e2rtii!","breadcrumb":{"@id":"https:\/\/dev.xstyle.md\/product\/detskie-gornolyzhnye-botinki-dalbello-menace-4-0-jr\/#breadcrumb"},"inLanguage":"ro-RO","potentialAction":[{"@type":"ReadAction","target":["https:\/\/dev.xstyle.md\/product\/detskie-gornolyzhnye-botinki-dalbello-menace-4-0-jr\/"]}]},{"@type":"ImageObject","inLanguage":"ro-RO","@id":"https:\/\/dev.xstyle.md\/product\/detskie-gornolyzhnye-botinki-dalbello-menace-4-0-jr\/#primaryimage","url":"https:\/\/dev.xstyle.md\/wp-content\/uploads\/2020\/07\/menace_4_dme4j7_tb_1388261_1388321.jpg","contentUrl":"https:\/\/dev.xstyle.md\/wp-content\/uploads\/2020\/07\/menace_4_dme4j7_tb_1388261_1388321.jpg","width":794,"height":900},{"@type":"BreadcrumbList","@id":"https:\/\/dev.xstyle.md\/product\/detskie-gornolyzhnye-botinki-dalbello-menace-4-0-jr\/#breadcrumb","itemListElement":[{"@type":"ListItem","position":1,"name":"\u0413\u043b\u0430\u0432\u043d\u0430\u044f \u0441\u0442\u0440\u0430\u043d\u0438\u0446\u0430","item":"https:\/\/dev.xstyle.md\/"},{"@type":"ListItem","position":2,"name":"Shop","item":"https:\/\/dev.xstyle.md\/shop\/"},{"@type":"ListItem","position":3,"name":"\u0414\u0435\u0442\u0441\u043a\u0438\u0435 \u0433\u043e\u0440\u043d\u043e\u043b\u044b\u0436\u043d\u044b\u0435 \u0431\u043e\u0442\u0438\u043d\u043a\u0438 Dalbello MENACE 4.0 JR"}]},{"@type":"WebSite","@id":"https:\/\/dev.xstyle.md\/#website","url":"https:\/\/dev.xstyle.md\/","name":"Magazinul X-Style","description":"Echipamente pentru turism \u0219i sporturi extreme \u00een Moldova. Pre\u021buri, fotografii, caracteristici \u00een Moldova.","publisher":{"@id":"https:\/\/dev.xstyle.md\/#organization"},"alternateName":"X-Style","potentialAction":[{"@type":"SearchAction","target":{"@type":"EntryPoint","urlTemplate":"https:\/\/dev.xstyle.md\/?s={search_term_string}"},"query-input":{"@type":"PropertyValueSpecification","valueRequired":true,"valueName":"search_term_string"}}],"inLanguage":"ro-RO"},{"@type":"Organization","@id":"https:\/\/dev.xstyle.md\/#organization","name":"Magazinul X-Style","alternateName":"x-style","url":"https:\/\/dev.xstyle.md\/","logo":{"@type":"ImageObject","inLanguage":"ro-RO","@id":"https:\/\/dev.xstyle.md\/#\/schema\/logo\/image\/","url":"https:\/\/dev.xstyle.md\/wp-content\/uploads\/2020\/06\/logoicon.svg","contentUrl":"https:\/\/dev.xstyle.md\/wp-content\/uploads\/2020\/06\/logoicon.svg","caption":"\u041c\u0430\u0433\u0430\u0437\u0438\u043d Xstyle"},"image":{"@id":"https:\/\/dev.xstyle.md\/#\/schema\/logo\/image\/"},"sameAs":["https:\/\/www.facebook.com\/xstylemd","https:\/\/www.instagram.com\/xstyle_md\/","https:\/\/t.me\/xstyle_outdoor"],"hasMerchantReturnPolicy":{"@type":"MerchantReturnPolicy","merchantReturnLink":"https:\/\/dev.xstyle.md\/ro\/conditions\/"}}]},"product_price_amount":"2790.00","product_price_currency":"MDL","og_availability":"instock","product_availability":"instock","product_retailer_item_id":"8050440135284","product_condition":"new"},"post_mailing_queue_ids":[],"_links":{"self":[{"href":"https:\/\/dev.xstyle.md\/ro\/wp-json\/wp\/v2\/product\/20105","targetHints":{"allow":["GET"]}}],"collection":[{"href":"https:\/\/dev.xstyle.md\/ro\/wp-json\/wp\/v2\/product"}],"about":[{"href":"https:\/\/dev.xstyle.md\/ro\/wp-json\/wp\/v2\/types\/product"}],"replies":[{"embeddable":true,"href":"https:\/\/dev.xstyle.md\/ro\/wp-json\/wp\/v2\/comments?post=20105"}],"version-history":[{"count":0,"href":"https:\/\/dev.xstyle.md\/ro\/wp-json\/wp\/v2\/product\/20105\/revisions"}],"wp:featuredmedia":[{"embeddable":true,"href":"https:\/\/dev.xstyle.md\/ro\/wp-json\/wp\/v2\/media\/20104"}],"wp:attachment":[{"href":"https:\/\/dev.xstyle.md\/ro\/wp-json\/wp\/v2\/media?parent=20105"}],"wp:term":[{"taxonomy":"product_brand","embeddable":true,"href":"https:\/\/dev.xstyle.md\/ro\/wp-json\/wp\/v2\/product_brand?post=20105"},{"taxonomy":"product_cat","embeddable":true,"href":"https:\/\/dev.xstyle.md\/ro\/wp-json\/wp\/v2\/product_cat?post=20105"},{"taxonomy":"product_tag","embeddable":true,"href":"https:\/\/dev.xstyle.md\/ro\/wp-json\/wp\/v2\/product_tag?post=20105"}],"curies":[{"name":"wp","href":"https:\/\/api.w.org\/{rel}","templated":true}]}}