{"id":19910,"date":"2020-07-18T17:18:50","date_gmt":"2020-07-18T14:18:50","guid":{"rendered":"https:\/\/xstyle.md\/product\/zamok-dlja-bagazha-munkees-tsa-combination-lock-heart-3606"},"modified":"2025-06-18T16:37:30","modified_gmt":"2025-06-18T13:37:30","slug":"zamok-dlja-bagazha-munkees-tsa-combination-lock-heart-3606","status":"publish","type":"product","link":"https:\/\/dev.xstyle.md\/ro\/produs\/zamok-dlja-bagazha-munkees-tsa-combination-lock-heart-3606\/","title":{"rendered":"Lac\u0103t bagaj Munkees TSA Combination Lock Heart 3606"},"content":{"rendered":"<\/p>\n<p><strong>Munkees TSA Combination Lock Heart 3606<\/strong> &#8212;\u00a0\u00eencuietoare compact\u0103 pentru a v\u0103 proteja bagajele. Poate fi deschis cu o combina\u021bie de trei numere pe care le alege\u021bi dumneavoastr\u0103. Marcajul TSA indic\u0103 faptul c\u0103, dac\u0103 este necesar, controlul vamal la aeroport poate fi efectuat f\u0103r\u0103 a deteriora produsul.<\/p>\n<h3>Particularit\u0103\u021bi<\/h3>\n<ul>\n<li>Greutate redus\u0103 \u0219i design \u00een form\u0103 de inim\u0103<\/li>\n<li>\u00cencuietoare mecanic\u0103 cu cod<\/li>\n<li>Se potrive\u0219te cu majoritatea fermoarelor cu \u00eencuietoare de pe bagaje<\/li>\n<li>Fr\u00e2nghie flexibil\u0103 robust\u0103<\/li>\n<li>Etichetarea TSA indic\u0103 faptul c\u0103 poate fi v\u0103muit de vama aeroportului, dac\u0103 este necesar.<\/li>\n<\/ul>\n<h3>Caracteristici<\/h3>\n<ul>\n<li>Greutate &#8212; 50 g<\/li>\n<li>Dimensiuni &#8212; 80 x 37 x 14 mm<\/li>\n<li>Grosimea cablului &#8212; 3 mm<\/li>\n<li>Lungimea buclei &#8212; 50 mm<\/li>\n<\/ul>\n<h3>Tehnologie<\/h3>\n<ul>\n<li><strong>Travel Sentry<\/strong> &#8212; este o companie care dezvolt\u0103 \u0219i acord\u0103 licen\u021be pentru standardele utilizate \u00een domeniul securit\u0103\u021bii c\u0103l\u0103toriilor. Printre acestea se num\u0103r\u0103 un standard pentru dezvoltarea de \u00eencuietori pentru bagaje care pot fi deschise de agen\u021biile de securitate aviatic\u0103, cum ar fi Transportation Security Administration (TSA). O \u00eencuietoare cu logo-ul Travel Sentry \u00eenseamn\u0103 c\u0103 TSA are o cheie universal\u0103 pentru a deschide \u00eencuietoarea, evit\u00e2nd \u00een acela\u0219i timp ca \u00eencuietoarea pentru bagaje s\u0103 fie falsificat\u0103.<\/li>\n<\/ul>\n<h3>Marca<\/h3>\n<p>Produsele Munkees sunt lucruri mici \u0219i utile care sunt \u00eentotdeauna acolo c\u00e2nd ai nevoie de ele. Este talismanul t\u0103u \u0219i \u00eel po\u021bi purta mereu cu tine pe breloc. S\u0103 alegi un cadou \u00eempreun\u0103 cu Munkees este o pl\u0103cere. Cunosc\u00e2nd hobby-urile prietenului t\u0103u (fie c\u0103 este vorba de fotbal, animale etc.), vei putea g\u0103si \u00eentotdeauna brelocul potrivit pentru el! Nu \u0219tii ce s\u0103 \u00eei oferi copilului prietenului t\u0103u? Niciun copil nu va r\u0103m\u00e2ne indiferent la aceste lucruri viu colorate! Aproape fiecare model este disponibil \u00een mai multe culori. Distreaz\u0103-te aleg\u00e2nd un breloc Munkees pentru tine sau pentru un prieten, fie c\u0103 este vorba de un desf\u0103c\u0103tor de sticle amuzant, de carabiniere decorative de diferite forme, de fluiere, de mini-tor\u021be \u0219i multe altele.<\/p>\n<p><\/p>","protected":false},"excerpt":{"rendered":"<p>Lac\u0103t bagaj Munkees TSA Combination Lock Heart 3606<\/p>","protected":false},"featured_media":19909,"comment_status":"open","ping_status":"closed","template":"","meta":{"_acf_changed":false,"inline_featured_image":false},"product_brand":[1287],"product_cat":[338,499],"product_tag":[],"class_list":{"0":"post-19910","1":"product","2":"type-product","3":"status-publish","4":"has-post-thumbnail","6":"product_brand-munkees","7":"product_cat-backpack-accessories","8":"product_cat-lock-for-luggage","10":"first","11":"instock","12":"shipping-taxable","13":"purchasable","14":"product-type-simple"},"acf":[],"yoast_head":"<!-- This site is optimized with the Yoast SEO plugin v27.6 - https:\/\/yoast.com\/product\/yoast-seo-wordpress\/ -->\n<title>\u0417\u0430\u043c\u043e\u043a \u0434\u043b\u044f \u0431\u0430\u0433\u0430\u0436\u0430 Munkees TSA Combination Lock Heart 3606 - \u041c\u0430\u0433\u0430\u0437\u0438\u043d Xstyle<\/title>\n<meta name=\"description\" content=\"\u0417\u0430\u043c\u043e\u043a \u0434\u043b\u044f \u0431\u0430\u0433\u0430\u0436\u0430 Munkees TSA Combination Lock Heart 3606 \u0437\u0430\u0449\u0438\u0449\u0430\u0435\u0442 \u0432\u0430\u0448\u0438 \u0432\u0435\u0449\u0438 \u0441 \u043f\u043e\u043c\u043e\u0449\u044c\u044e \u0438\u043d\u0434\u0438\u0432\u0438\u0434\u0443\u0430\u043b\u044c\u043d\u043e\u0439 \u043a\u043e\u043c\u0431\u0438\u043d\u0430\u0446\u0438\u0438. \u0418\u0434\u0435\u0430\u043b\u0435\u043d \u0434\u043b\u044f \u0431\u0435\u0437\u043e\u043f\u0430\u0441\u043d\u044b\u0445 \u043f\u043e\u0435\u0437\u0434\u043e\u043a!\" \/>\n<meta name=\"robots\" content=\"noindex, follow, max-snippet:-1, max-image-preview:large, max-video-preview:-1\" \/>\n<meta property=\"og:locale\" content=\"ro_RO\" \/>\n<meta property=\"og:type\" content=\"article\" \/>\n<meta property=\"og:title\" content=\"\u0417\u0430\u043c\u043e\u043a \u0434\u043b\u044f \u0431\u0430\u0433\u0430\u0436\u0430 Munkees TSA Combination Lock Heart 3606 - \u041c\u0430\u0433\u0430\u0437\u0438\u043d Xstyle\" \/>\n<meta property=\"og:description\" content=\"\u0417\u0430\u043c\u043e\u043a \u0434\u043b\u044f \u0431\u0430\u0433\u0430\u0436\u0430 Munkees TSA Combination Lock Heart 3606 \u0437\u0430\u0449\u0438\u0449\u0430\u0435\u0442 \u0432\u0430\u0448\u0438 \u0432\u0435\u0449\u0438 \u0441 \u043f\u043e\u043c\u043e\u0449\u044c\u044e \u0438\u043d\u0434\u0438\u0432\u0438\u0434\u0443\u0430\u043b\u044c\u043d\u043e\u0439 \u043a\u043e\u043c\u0431\u0438\u043d\u0430\u0446\u0438\u0438. \u0418\u0434\u0435\u0430\u043b\u0435\u043d \u0434\u043b\u044f \u0431\u0435\u0437\u043e\u043f\u0430\u0441\u043d\u044b\u0445 \u043f\u043e\u0435\u0437\u0434\u043e\u043a!\" \/>\n<meta property=\"og:url\" content=\"https:\/\/dev.xstyle.md\/ro\/produs\/zamok-dlja-bagazha-munkees-tsa-combination-lock-heart-3606\/\" \/>\n<meta property=\"og:site_name\" content=\"\u041c\u0430\u0433\u0430\u0437\u0438\u043d Xstyle\" \/>\n<meta property=\"article:publisher\" content=\"https:\/\/www.facebook.com\/xstylemd\" \/>\n<meta property=\"article:modified_time\" content=\"2025-06-18T13:37:30+00:00\" \/>\n<meta property=\"og:image\" content=\"https:\/\/dev.xstyle.md\/wp-content\/uploads\/2020\/07\/1025263307_1.jpg\" \/>\n\t<meta property=\"og:image:width\" content=\"417\" \/>\n\t<meta property=\"og:image:height\" content=\"900\" \/>\n\t<meta property=\"og:image:type\" content=\"image\/jpeg\" \/>\n<meta name=\"twitter:card\" content=\"summary_large_image\" \/>\n<meta name=\"twitter:label1\" content=\"Pre\u021b\" \/>\n\t<meta name=\"twitter:data1\" content=\"240,00&nbsp;MDL\" \/>\n\t<meta name=\"twitter:label2\" content=\"Disponibilitate\" \/>\n\t<meta name=\"twitter:data2\" content=\"\u00cen stoc\" \/>\n<script type=\"application\/ld+json\" class=\"yoast-schema-graph\">{\"@context\":\"https:\\\/\\\/schema.org\",\"@graph\":[{\"@type\":\"WebPage\",\"@id\":\"https:\\\/\\\/dev.xstyle.md\\\/product\\\/zamok-dlja-bagazha-munkees-tsa-combination-lock-heart-3606\\\/\",\"url\":\"https:\\\/\\\/dev.xstyle.md\\\/product\\\/zamok-dlja-bagazha-munkees-tsa-combination-lock-heart-3606\\\/\",\"name\":\"\u0417\u0430\u043c\u043e\u043a \u0434\u043b\u044f \u0431\u0430\u0433\u0430\u0436\u0430 Munkees TSA Combination Lock Heart 3606 - \u041c\u0430\u0433\u0430\u0437\u0438\u043d Xstyle\",\"isPartOf\":{\"@id\":\"https:\\\/\\\/dev.xstyle.md\\\/#website\"},\"primaryImageOfPage\":{\"@id\":\"https:\\\/\\\/dev.xstyle.md\\\/product\\\/zamok-dlja-bagazha-munkees-tsa-combination-lock-heart-3606\\\/#primaryimage\"},\"image\":{\"@id\":\"https:\\\/\\\/dev.xstyle.md\\\/product\\\/zamok-dlja-bagazha-munkees-tsa-combination-lock-heart-3606\\\/#primaryimage\"},\"thumbnailUrl\":\"https:\\\/\\\/dev.xstyle.md\\\/wp-content\\\/uploads\\\/2020\\\/07\\\/1025263307_1.jpg\",\"datePublished\":\"2020-07-18T14:18:50+00:00\",\"dateModified\":\"2025-06-18T13:37:30+00:00\",\"description\":\"\u0417\u0430\u043c\u043e\u043a \u0434\u043b\u044f \u0431\u0430\u0433\u0430\u0436\u0430 Munkees TSA Combination Lock Heart 3606 \u0437\u0430\u0449\u0438\u0449\u0430\u0435\u0442 \u0432\u0430\u0448\u0438 \u0432\u0435\u0449\u0438 \u0441 \u043f\u043e\u043c\u043e\u0449\u044c\u044e \u0438\u043d\u0434\u0438\u0432\u0438\u0434\u0443\u0430\u043b\u044c\u043d\u043e\u0439 \u043a\u043e\u043c\u0431\u0438\u043d\u0430\u0446\u0438\u0438. \u0418\u0434\u0435\u0430\u043b\u0435\u043d \u0434\u043b\u044f \u0431\u0435\u0437\u043e\u043f\u0430\u0441\u043d\u044b\u0445 \u043f\u043e\u0435\u0437\u0434\u043e\u043a!\",\"breadcrumb\":{\"@id\":\"https:\\\/\\\/dev.xstyle.md\\\/product\\\/zamok-dlja-bagazha-munkees-tsa-combination-lock-heart-3606\\\/#breadcrumb\"},\"inLanguage\":\"ro-RO\",\"potentialAction\":[{\"@type\":\"ReadAction\",\"target\":[\"https:\\\/\\\/dev.xstyle.md\\\/product\\\/zamok-dlja-bagazha-munkees-tsa-combination-lock-heart-3606\\\/\"]}]},{\"@type\":\"ImageObject\",\"inLanguage\":\"ro-RO\",\"@id\":\"https:\\\/\\\/dev.xstyle.md\\\/product\\\/zamok-dlja-bagazha-munkees-tsa-combination-lock-heart-3606\\\/#primaryimage\",\"url\":\"https:\\\/\\\/dev.xstyle.md\\\/wp-content\\\/uploads\\\/2020\\\/07\\\/1025263307_1.jpg\",\"contentUrl\":\"https:\\\/\\\/dev.xstyle.md\\\/wp-content\\\/uploads\\\/2020\\\/07\\\/1025263307_1.jpg\",\"width\":417,\"height\":900},{\"@type\":\"BreadcrumbList\",\"@id\":\"https:\\\/\\\/dev.xstyle.md\\\/product\\\/zamok-dlja-bagazha-munkees-tsa-combination-lock-heart-3606\\\/#breadcrumb\",\"itemListElement\":[{\"@type\":\"ListItem\",\"position\":1,\"name\":\"\u0413\u043b\u0430\u0432\u043d\u0430\u044f \u0441\u0442\u0440\u0430\u043d\u0438\u0446\u0430\",\"item\":\"https:\\\/\\\/dev.xstyle.md\\\/\"},{\"@type\":\"ListItem\",\"position\":2,\"name\":\"Shop\",\"item\":\"https:\\\/\\\/dev.xstyle.md\\\/shop\\\/\"},{\"@type\":\"ListItem\",\"position\":3,\"name\":\"\u0417\u0430\u043c\u043e\u043a \u0434\u043b\u044f \u0431\u0430\u0433\u0430\u0436\u0430 Munkees TSA Combination Lock Heart 3606\"}]},{\"@type\":\"WebSite\",\"@id\":\"https:\\\/\\\/dev.xstyle.md\\\/#website\",\"url\":\"https:\\\/\\\/dev.xstyle.md\\\/\",\"name\":\"\u041c\u0430\u0433\u0430\u0437\u0438\u043d Xstyle\",\"description\":\"C\u043d\u0430\u0440\u044f\u0436\u0435\u043d\u0438\u0435 \u0434\u043b\u044f \u0442\u0443\u0440\u0438\u0437\u043c\u0430 \u0438 \u044d\u043a\u0441\u0442\u0440\u0435\u043c\u0430\u043b\u044c\u043d\u044b\u0445 \u0432\u0438\u0434\u043e\u0432 \u0441\u043f\u043e\u0440\u0442\u0430 \u0432 \u041c\u043e\u043b\u0434\u043e\u0432\u0435.. \u0426\u0435\u043d\u044b, \u0444\u043e\u0442\u043e, \u0445\u0430\u0440\u0430\u043a\u0442\u0435\u0440\u0438\u0441\u0442\u0438\u043a\u0438 \u0432 \u041c\u043e\u043b\u0434\u043e\u0432\u0435.\",\"publisher\":{\"@id\":\"https:\\\/\\\/dev.xstyle.md\\\/#organization\"},\"alternateName\":\"X-Style\",\"potentialAction\":[{\"@type\":\"SearchAction\",\"target\":{\"@type\":\"EntryPoint\",\"urlTemplate\":\"https:\\\/\\\/dev.xstyle.md\\\/?s={search_term_string}\"},\"query-input\":{\"@type\":\"PropertyValueSpecification\",\"valueRequired\":true,\"valueName\":\"search_term_string\"}}],\"inLanguage\":\"ro-RO\"},{\"@type\":\"Organization\",\"@id\":\"https:\\\/\\\/dev.xstyle.md\\\/#organization\",\"name\":\"\u041c\u0430\u0433\u0430\u0437\u0438\u043d Xstyle\",\"alternateName\":\"x-style\",\"url\":\"https:\\\/\\\/dev.xstyle.md\\\/\",\"logo\":{\"@type\":\"ImageObject\",\"inLanguage\":\"ro-RO\",\"@id\":\"https:\\\/\\\/dev.xstyle.md\\\/#\\\/schema\\\/logo\\\/image\\\/\",\"url\":\"https:\\\/\\\/dev.xstyle.md\\\/wp-content\\\/uploads\\\/2020\\\/06\\\/logoicon.svg\",\"contentUrl\":\"https:\\\/\\\/dev.xstyle.md\\\/wp-content\\\/uploads\\\/2020\\\/06\\\/logoicon.svg\",\"caption\":\"\u041c\u0430\u0433\u0430\u0437\u0438\u043d Xstyle\"},\"image\":{\"@id\":\"https:\\\/\\\/dev.xstyle.md\\\/#\\\/schema\\\/logo\\\/image\\\/\"},\"sameAs\":[\"https:\\\/\\\/www.facebook.com\\\/xstylemd\",\"https:\\\/\\\/www.instagram.com\\\/xstyle_md\\\/\",\"https:\\\/\\\/t.me\\\/xstyle_outdoor\"],\"hasMerchantReturnPolicy\":{\"@type\":\"MerchantReturnPolicy\",\"merchantReturnLink\":\"https:\\\/\\\/dev.xstyle.md\\\/ro\\\/conditions\\\/\"}}]}<\/script>\n<meta property=\"product:price:amount\" content=\"240.00\" \/>\n<meta property=\"product:price:currency\" content=\"MDL\" \/>\n<meta property=\"og:availability\" content=\"instock\" \/>\n<meta property=\"product:availability\" content=\"instock\" \/>\n<meta property=\"product:retailer_item_id\" content=\"6932057836063\" \/>\n<meta property=\"product:condition\" content=\"new\" \/>\n<!-- \/ Yoast SEO plugin. -->","yoast_head_json":{"title":"Lac\u0103t bagaj Munkees TSA Combination Lock Heart 3606 - Magazin Xstyle","description":"Cuf\u0103rul pentru bagaje Munkees TSA Combinat Lock Heart 3606 v\u0103 protejeaz\u0103 lucrurile cu o combina\u021bie personalizat\u0103. Ideal pentru c\u0103l\u0103torii \u00een siguran\u021b\u0103!","robots":{"index":"noindex","follow":"follow","max-snippet":"max-snippet:-1","max-image-preview":"max-image-preview:large","max-video-preview":"max-video-preview:-1"},"og_locale":"ro_RO","og_type":"article","og_title":"\u0417\u0430\u043c\u043e\u043a \u0434\u043b\u044f \u0431\u0430\u0433\u0430\u0436\u0430 Munkees TSA Combination Lock Heart 3606 - \u041c\u0430\u0433\u0430\u0437\u0438\u043d Xstyle","og_description":"\u0417\u0430\u043c\u043e\u043a \u0434\u043b\u044f \u0431\u0430\u0433\u0430\u0436\u0430 Munkees TSA Combination Lock Heart 3606 \u0437\u0430\u0449\u0438\u0449\u0430\u0435\u0442 \u0432\u0430\u0448\u0438 \u0432\u0435\u0449\u0438 \u0441 \u043f\u043e\u043c\u043e\u0449\u044c\u044e \u0438\u043d\u0434\u0438\u0432\u0438\u0434\u0443\u0430\u043b\u044c\u043d\u043e\u0439 \u043a\u043e\u043c\u0431\u0438\u043d\u0430\u0446\u0438\u0438. \u0418\u0434\u0435\u0430\u043b\u0435\u043d \u0434\u043b\u044f \u0431\u0435\u0437\u043e\u043f\u0430\u0441\u043d\u044b\u0445 \u043f\u043e\u0435\u0437\u0434\u043e\u043a!","og_url":"https:\/\/dev.xstyle.md\/ro\/produs\/zamok-dlja-bagazha-munkees-tsa-combination-lock-heart-3606\/","og_site_name":"\u041c\u0430\u0433\u0430\u0437\u0438\u043d Xstyle","article_publisher":"https:\/\/www.facebook.com\/xstylemd","article_modified_time":"2025-06-18T13:37:30+00:00","og_image":[{"width":417,"height":900,"url":"https:\/\/dev.xstyle.md\/wp-content\/uploads\/2020\/07\/1025263307_1.jpg","type":"image\/jpeg"}],"twitter_card":"summary_large_image","twitter_misc":{"Pre\u021b":"240,00&nbsp;MDL","Disponibilitate":"\u00cen stoc"},"schema":{"@context":"https:\/\/schema.org","@graph":[{"@type":"WebPage","@id":"https:\/\/dev.xstyle.md\/product\/zamok-dlja-bagazha-munkees-tsa-combination-lock-heart-3606\/","url":"https:\/\/dev.xstyle.md\/product\/zamok-dlja-bagazha-munkees-tsa-combination-lock-heart-3606\/","name":"Lac\u0103t bagaj Munkees TSA Combination Lock Heart 3606 - Magazin Xstyle","isPartOf":{"@id":"https:\/\/dev.xstyle.md\/#website"},"primaryImageOfPage":{"@id":"https:\/\/dev.xstyle.md\/product\/zamok-dlja-bagazha-munkees-tsa-combination-lock-heart-3606\/#primaryimage"},"image":{"@id":"https:\/\/dev.xstyle.md\/product\/zamok-dlja-bagazha-munkees-tsa-combination-lock-heart-3606\/#primaryimage"},"thumbnailUrl":"https:\/\/dev.xstyle.md\/wp-content\/uploads\/2020\/07\/1025263307_1.jpg","datePublished":"2020-07-18T14:18:50+00:00","dateModified":"2025-06-18T13:37:30+00:00","description":"Cuf\u0103rul pentru bagaje Munkees TSA Combinat Lock Heart 3606 v\u0103 protejeaz\u0103 lucrurile cu o combina\u021bie personalizat\u0103. Ideal pentru c\u0103l\u0103torii \u00een siguran\u021b\u0103!","breadcrumb":{"@id":"https:\/\/dev.xstyle.md\/product\/zamok-dlja-bagazha-munkees-tsa-combination-lock-heart-3606\/#breadcrumb"},"inLanguage":"ro-RO","potentialAction":[{"@type":"ReadAction","target":["https:\/\/dev.xstyle.md\/product\/zamok-dlja-bagazha-munkees-tsa-combination-lock-heart-3606\/"]}]},{"@type":"ImageObject","inLanguage":"ro-RO","@id":"https:\/\/dev.xstyle.md\/product\/zamok-dlja-bagazha-munkees-tsa-combination-lock-heart-3606\/#primaryimage","url":"https:\/\/dev.xstyle.md\/wp-content\/uploads\/2020\/07\/1025263307_1.jpg","contentUrl":"https:\/\/dev.xstyle.md\/wp-content\/uploads\/2020\/07\/1025263307_1.jpg","width":417,"height":900},{"@type":"BreadcrumbList","@id":"https:\/\/dev.xstyle.md\/product\/zamok-dlja-bagazha-munkees-tsa-combination-lock-heart-3606\/#breadcrumb","itemListElement":[{"@type":"ListItem","position":1,"name":"\u0413\u043b\u0430\u0432\u043d\u0430\u044f \u0441\u0442\u0440\u0430\u043d\u0438\u0446\u0430","item":"https:\/\/dev.xstyle.md\/"},{"@type":"ListItem","position":2,"name":"Shop","item":"https:\/\/dev.xstyle.md\/shop\/"},{"@type":"ListItem","position":3,"name":"\u0417\u0430\u043c\u043e\u043a \u0434\u043b\u044f \u0431\u0430\u0433\u0430\u0436\u0430 Munkees TSA Combination Lock Heart 3606"}]},{"@type":"WebSite","@id":"https:\/\/dev.xstyle.md\/#website","url":"https:\/\/dev.xstyle.md\/","name":"Magazinul X-Style","description":"Echipamente pentru turism \u0219i sporturi extreme \u00een Moldova. Pre\u021buri, fotografii, caracteristici \u00een Moldova.","publisher":{"@id":"https:\/\/dev.xstyle.md\/#organization"},"alternateName":"X-Style","potentialAction":[{"@type":"SearchAction","target":{"@type":"EntryPoint","urlTemplate":"https:\/\/dev.xstyle.md\/?s={search_term_string}"},"query-input":{"@type":"PropertyValueSpecification","valueRequired":true,"valueName":"search_term_string"}}],"inLanguage":"ro-RO"},{"@type":"Organization","@id":"https:\/\/dev.xstyle.md\/#organization","name":"Magazinul X-Style","alternateName":"x-style","url":"https:\/\/dev.xstyle.md\/","logo":{"@type":"ImageObject","inLanguage":"ro-RO","@id":"https:\/\/dev.xstyle.md\/#\/schema\/logo\/image\/","url":"https:\/\/dev.xstyle.md\/wp-content\/uploads\/2020\/06\/logoicon.svg","contentUrl":"https:\/\/dev.xstyle.md\/wp-content\/uploads\/2020\/06\/logoicon.svg","caption":"\u041c\u0430\u0433\u0430\u0437\u0438\u043d Xstyle"},"image":{"@id":"https:\/\/dev.xstyle.md\/#\/schema\/logo\/image\/"},"sameAs":["https:\/\/www.facebook.com\/xstylemd","https:\/\/www.instagram.com\/xstyle_md\/","https:\/\/t.me\/xstyle_outdoor"],"hasMerchantReturnPolicy":{"@type":"MerchantReturnPolicy","merchantReturnLink":"https:\/\/dev.xstyle.md\/ro\/conditions\/"}}]},"product_price_amount":"240.00","product_price_currency":"MDL","og_availability":"instock","product_availability":"instock","product_retailer_item_id":"6932057836063","product_condition":"new"},"post_mailing_queue_ids":[],"_links":{"self":[{"href":"https:\/\/dev.xstyle.md\/ro\/wp-json\/wp\/v2\/product\/19910","targetHints":{"allow":["GET"]}}],"collection":[{"href":"https:\/\/dev.xstyle.md\/ro\/wp-json\/wp\/v2\/product"}],"about":[{"href":"https:\/\/dev.xstyle.md\/ro\/wp-json\/wp\/v2\/types\/product"}],"replies":[{"embeddable":true,"href":"https:\/\/dev.xstyle.md\/ro\/wp-json\/wp\/v2\/comments?post=19910"}],"version-history":[{"count":0,"href":"https:\/\/dev.xstyle.md\/ro\/wp-json\/wp\/v2\/product\/19910\/revisions"}],"wp:featuredmedia":[{"embeddable":true,"href":"https:\/\/dev.xstyle.md\/ro\/wp-json\/wp\/v2\/media\/19909"}],"wp:attachment":[{"href":"https:\/\/dev.xstyle.md\/ro\/wp-json\/wp\/v2\/media?parent=19910"}],"wp:term":[{"taxonomy":"product_brand","embeddable":true,"href":"https:\/\/dev.xstyle.md\/ro\/wp-json\/wp\/v2\/product_brand?post=19910"},{"taxonomy":"product_cat","embeddable":true,"href":"https:\/\/dev.xstyle.md\/ro\/wp-json\/wp\/v2\/product_cat?post=19910"},{"taxonomy":"product_tag","embeddable":true,"href":"https:\/\/dev.xstyle.md\/ro\/wp-json\/wp\/v2\/product_tag?post=19910"}],"curies":[{"name":"wp","href":"https:\/\/api.w.org\/{rel}","templated":true}]}}