{"id":19831,"date":"2020-07-18T17:16:20","date_gmt":"2020-07-18T14:16:20","guid":{"rendered":"https:\/\/xstyle.md\/product\/kurtka-flisovaja-rab-alpha-flash-beluga"},"modified":"2026-04-05T13:30:47","modified_gmt":"2026-04-05T10:30:47","slug":"rab-alpha-flash-mns-beluga","status":"publish","type":"product","link":"https:\/\/xstyle.md\/ro\/produs\/rab-alpha-flash-mns-beluga\/","title":{"rendered":"Jachet\u0103 Rab Alpha Flash Mns beluga"},"content":{"rendered":"<\/p>\n<p><strong>Rab Alpha Flash Beluga<\/strong> &#8212; este o geac\u0103 fleece inspirat\u0103 de cele mai recente inova\u021bii \u00een tehnologia materialelor care reg\u00e2ndesc radical stratul intermediar tradi\u021bional.<\/p>\n<p>Geaca poate fi folosit\u0103 at\u00e2t pentru expeditii lungi la frig cu resurse limitate, c\u00e2t \u0219i pentru alpinism. Fabricat din material Polartec\u00ae Alpha\u00ae foarte respirabil, materialul absoarbe umezeala \u00eentr-un ritm incredibil, men\u021bin\u00e2ndu-v\u0103 cald \u0219i uscat chiar \u0219i atunci c\u00e2nd v\u0103 afla\u021bi la limitele fizice.<\/p>\n<p>Cu panouri flexibile din fleece pe ambele p\u0103r\u021bi, geaca nu v\u0103 va restric\u021biona mi\u0219c\u0103rile. Extrem de compact\u0103, geaca se m\u00e2ndre\u0219te cu un raport impresionant de c\u0103ldur\u0103-greutate, ceea ce o face un strat intermediar de neegalat pentru alpini\u0219ti pe vreme rece.<\/p>\n<h3>Particularit\u0103\u021bi<\/h3>\n<ul>\n<li>Fermoar frontal YKK\u00ae Vislon<\/li>\n<li>Clapa interioar\u0103 cu fermoar<\/li>\n<li>Ap\u0103r\u0103toare pentru b\u0103rbie<\/li>\n<li>Material exterior Thermic\u2122<\/li>\n<li>Partea din spate mai umflat\u0103<\/li>\n<li>Buzunar la piept cu fermoar<\/li>\n<\/ul>\n<h3>Caracteristici<\/h3>\n<ul>\n<li>Material &#8212; Polartec\u00ae Alpha\u00ae, Polygiene\u00ae<\/li>\n<li>Aplicare &#8212; sporturi active\/alpinism\/trekking<\/li>\n<li>Sezon &#8212; prim\u0103var\u0103\/toamn\u0103<\/li>\n<li>Model &#8212; pentru b\u0103rba\u021bi<\/li>\n<\/ul>\n<h3>Tehnologie<\/h3>\n<ul>\n<li><strong>Polartec\u00ae Alpha\u00ae<\/strong> este o solu\u021bie bun\u0103 pentru \u00eembr\u0103c\u0103mintea relativ cald\u0103 \u0219i rezistent\u0103, care respir\u0103 bine, nu absoarbe umezeala \u0219i \u00ee\u0219i p\u0103streaz\u0103 propriet\u0103\u021bile indiferent de activitatea fizic\u0103.<\/li>\n<li><strong>Thermic\u2122<\/strong> este un material fleece artificial u\u0219or, rezistent, se usuc\u0103 rapid \u0219i p\u0103streaz\u0103 c\u0103ldura.<\/li>\n<li><strong>YKK\u00ae<\/strong> - fermoare de \u00eenalt\u0103 calitate fabricate de compania japonez\u0103 YKK Group, certificate conform standardelor interna\u021bionale. Rezistent la greut\u0103\u021bi \u0219i la coroziune. Fermoarele sunt utilizate \u00een produse cu un rating de fiabilitate foarte ridicat.<\/li>\n<li><strong>Polygiene\u00ae<\/strong> este o tehnologie modern\u0103 de protec\u021bie antibacterian\u0103 a \u00eembr\u0103c\u0103mintei, prin tratarea materialelor cu argint pentru a preveni apari\u021bia bacteriilor care provoac\u0103 un miros nepl\u0103cut, precum \u0219i a diver\u0219ilor microbi, viru\u0219i \u0219i ciuperci. Tehnologia Polygiene\u00ae este recunoscut\u0103 \u00een primul r\u00e2nd ca un agent bacteriostatic sigur \u0219i eficient. Se bazeaz\u0103 pe tratarea unei variet\u0103\u021bi de materiale (\u00een principal textile) cu s\u0103ruri naturale de argint (clorur\u0103 de argint), un agent antimicrobian extrem de eficient.<\/li>\n<\/ul>\n<h3 class=\"clear\" data-reader-unique-id=\"22\">Marca<\/h3>\n<p data-reader-unique-id=\"23\">Rab - este un produc\u0103tor britanic de echipament sportiv \u0219i echipamente pentru alpinism, cu o punctualitate forte \u00eel reprezint\u0103 \u00eel reprezint\u0103 \u00eembr\u0103c\u0103mintea sport tehnic\u0103 sport tehnic\u0103 de \u00eenalt\u0103 calitate \u0219i tehnologic avansat\u0103, izola\u021bia din puf \u0219i p\u0103l\u0103riile. Balaclavele acestui produc\u0103tor, de exemplu, sunt unele dintre cele mai bune exemple de pe pia\u021b\u0103.<\/p>\n<p data-reader-unique-id=\"24\">Compania a fost fondat\u0103 \u00een 1981 de alpinistul Rab Carrington. Baz\u00e2ndu-se pe propria sa experien\u021b\u0103 \u00een expedi\u021bii numeroase, Carrington a conceput ideea unui program ambi\u021bios pentru a asigura confort, protec\u021bie, \u0219 i libertate \u00een muni\u021bie, tobe \u0219 i alpinism.<\/p>\n<p data-reader-unique-id=\"25\">Jachetele, sacii de dormitor \u0219 i Rab Expedition Rab sunt realizate din pufuri de tifon \u0219 i au un certificat Responsible Down. Un tratament hidrofug f\u0103r\u0103 fluorocarbon numit Nikwax este, de asemenea, folosit \u00een \u00eembr\u0103c\u0103minte \u0219i saci de dormit pentru o m\u0103sur\u0103 preventiv\u0103 a lor \u00een ap\u0103. \u00cen plus, folosesc materiale sintetice de \u00eenalt\u0103 calitate. \u00cembr\u0103c\u0103mintea Rab a devenit \"sinonim cu produsele de calitate superioar\u0103 fabricate din puf\".<\/p>\n<p><\/p>","protected":false},"excerpt":{"rendered":"<p>Geac\u0103 Rab Alpha Flash Mns Beluga<\/p>","protected":false},"featured_media":19830,"comment_status":"open","ping_status":"closed","template":"","meta":{"_acf_changed":false,"inline_featured_image":false},"product_brand":[1442],"product_cat":[251],"product_tag":[],"class_list":{"0":"post-19831","1":"product","2":"type-product","3":"status-publish","4":"has-post-thumbnail","6":"product_brand-rab","7":"product_cat-fleece-scurta-barbati","9":"first","10":"instock","11":"shipping-taxable","12":"purchasable","13":"product-type-simple"},"acf":[],"yoast_head":"<!-- This site is optimized with the Yoast SEO plugin v27.4 - https:\/\/yoast.com\/product\/yoast-seo-wordpress\/ -->\n<title>\u0424\u043b\u0438\u0441\u043e\u0432\u0430\u044f \u043a\u0443\u0440\u0442\u043a\u0430 Rab Alpha Flash Mns beluga - \u041c\u0430\u0433\u0430\u0437\u0438\u043d Xstyle<\/title>\n<meta name=\"description\" content=\"\u041a\u0443\u0440\u0442\u043a\u0430 Rab Alpha Flash Mns Beluga \u2014 \u0438\u0434\u0435\u0430\u043b\u044c\u043d\u044b\u0439 \u0432\u044b\u0431\u043e\u0440 \u0434\u043b\u044f \u0430\u043a\u0442\u0438\u0432\u043d\u044b\u0445 \u0437\u0438\u043c\u043d\u0438\u0445 \u044d\u043a\u0441\u043f\u0435\u0434\u0438\u0446\u0438\u0439. \u041b\u0435\u0433\u043a\u0438\u0439 \u0438 \u0442\u0435\u043f\u043b\u044b\u0439 \u0444\u043b\u0438\u0441 \u0441 \u0438\u043d\u043d\u043e\u0432\u0430\u0446\u0438\u043e\u043d\u043d\u044b\u043c\u0438 \u043c\u0430\u0442\u0435\u0440\u0438\u0430\u043b\u0430\u043c\u0438 Polartec Alpha.\" \/>\n<meta name=\"robots\" content=\"index, follow, max-snippet:-1, max-image-preview:large, max-video-preview:-1\" \/>\n<link rel=\"canonical\" href=\"https:\/\/xstyle.md\/ro\/produs\/rab-alpha-flash-mns-beluga\/\" \/>\n<meta property=\"og:locale\" content=\"ro_RO\" \/>\n<meta property=\"og:type\" content=\"article\" \/>\n<meta property=\"og:title\" content=\"\u0424\u043b\u0438\u0441\u043e\u0432\u0430\u044f \u043a\u0443\u0440\u0442\u043a\u0430 Rab Alpha Flash Mns beluga - \u041c\u0430\u0433\u0430\u0437\u0438\u043d Xstyle\" \/>\n<meta property=\"og:description\" content=\"\u041a\u0443\u0440\u0442\u043a\u0430 Rab Alpha Flash Mns Beluga \u2014 \u0438\u0434\u0435\u0430\u043b\u044c\u043d\u044b\u0439 \u0432\u044b\u0431\u043e\u0440 \u0434\u043b\u044f \u0430\u043a\u0442\u0438\u0432\u043d\u044b\u0445 \u0437\u0438\u043c\u043d\u0438\u0445 \u044d\u043a\u0441\u043f\u0435\u0434\u0438\u0446\u0438\u0439. \u041b\u0435\u0433\u043a\u0438\u0439 \u0438 \u0442\u0435\u043f\u043b\u044b\u0439 \u0444\u043b\u0438\u0441 \u0441 \u0438\u043d\u043d\u043e\u0432\u0430\u0446\u0438\u043e\u043d\u043d\u044b\u043c\u0438 \u043c\u0430\u0442\u0435\u0440\u0438\u0430\u043b\u0430\u043c\u0438 Polartec Alpha.\" \/>\n<meta property=\"og:url\" content=\"https:\/\/xstyle.md\/ro\/produs\/rab-alpha-flash-mns-beluga\/\" \/>\n<meta property=\"og:site_name\" content=\"\u041c\u0430\u0433\u0430\u0437\u0438\u043d Xstyle\" \/>\n<meta property=\"article:publisher\" content=\"https:\/\/www.facebook.com\/xstylemd\" \/>\n<meta property=\"article:modified_time\" content=\"2026-04-05T10:30:47+00:00\" \/>\n<meta property=\"og:image\" content=\"https:\/\/xstyle.md\/wp-content\/uploads\/2020\/07\/opplanet-rab-alpha-flash-jacket-mens-beluga-2xl-qio-22-be-xxl-main.jpg\" \/>\n\t<meta property=\"og:image:width\" content=\"463\" \/>\n\t<meta property=\"og:image:height\" content=\"550\" \/>\n\t<meta property=\"og:image:type\" content=\"image\/jpeg\" \/>\n<meta name=\"twitter:card\" content=\"summary_large_image\" \/>\n<meta name=\"twitter:label1\" content=\"Pre\u021b\" \/>\n\t<meta name=\"twitter:data1\" content=\"1.790&nbsp;MDL\" \/>\n\t<meta name=\"twitter:label2\" content=\"Disponibilitate\" \/>\n\t<meta name=\"twitter:data2\" content=\"\u00cen stoc\" \/>\n<script type=\"application\/ld+json\" class=\"yoast-schema-graph\">{\"@context\":\"https:\\\/\\\/schema.org\",\"@graph\":[{\"@type\":\"WebPage\",\"@id\":\"https:\\\/\\\/xstyle.md\\\/product\\\/rab-alpha-flash-mns-beluga\\\/\",\"url\":\"https:\\\/\\\/xstyle.md\\\/product\\\/rab-alpha-flash-mns-beluga\\\/\",\"name\":\"\u0424\u043b\u0438\u0441\u043e\u0432\u0430\u044f \u043a\u0443\u0440\u0442\u043a\u0430 Rab Alpha Flash Mns beluga - \u041c\u0430\u0433\u0430\u0437\u0438\u043d Xstyle\",\"isPartOf\":{\"@id\":\"https:\\\/\\\/xstyle.md\\\/#website\"},\"primaryImageOfPage\":{\"@id\":\"https:\\\/\\\/xstyle.md\\\/product\\\/rab-alpha-flash-mns-beluga\\\/#primaryimage\"},\"image\":{\"@id\":\"https:\\\/\\\/xstyle.md\\\/product\\\/rab-alpha-flash-mns-beluga\\\/#primaryimage\"},\"thumbnailUrl\":\"https:\\\/\\\/xstyle.md\\\/wp-content\\\/uploads\\\/2020\\\/07\\\/opplanet-rab-alpha-flash-jacket-mens-beluga-2xl-qio-22-be-xxl-main.jpg\",\"datePublished\":\"2020-07-18T14:16:20+00:00\",\"dateModified\":\"2026-04-05T10:30:47+00:00\",\"description\":\"\u041a\u0443\u0440\u0442\u043a\u0430 Rab Alpha Flash Mns Beluga \u2014 \u0438\u0434\u0435\u0430\u043b\u044c\u043d\u044b\u0439 \u0432\u044b\u0431\u043e\u0440 \u0434\u043b\u044f \u0430\u043a\u0442\u0438\u0432\u043d\u044b\u0445 \u0437\u0438\u043c\u043d\u0438\u0445 \u044d\u043a\u0441\u043f\u0435\u0434\u0438\u0446\u0438\u0439. \u041b\u0435\u0433\u043a\u0438\u0439 \u0438 \u0442\u0435\u043f\u043b\u044b\u0439 \u0444\u043b\u0438\u0441 \u0441 \u0438\u043d\u043d\u043e\u0432\u0430\u0446\u0438\u043e\u043d\u043d\u044b\u043c\u0438 \u043c\u0430\u0442\u0435\u0440\u0438\u0430\u043b\u0430\u043c\u0438 Polartec Alpha.\",\"breadcrumb\":{\"@id\":\"https:\\\/\\\/xstyle.md\\\/product\\\/rab-alpha-flash-mns-beluga\\\/#breadcrumb\"},\"inLanguage\":\"ro-RO\",\"potentialAction\":[{\"@type\":\"ReadAction\",\"target\":[\"https:\\\/\\\/xstyle.md\\\/product\\\/rab-alpha-flash-mns-beluga\\\/\"]}]},{\"@type\":\"ImageObject\",\"inLanguage\":\"ro-RO\",\"@id\":\"https:\\\/\\\/xstyle.md\\\/product\\\/rab-alpha-flash-mns-beluga\\\/#primaryimage\",\"url\":\"https:\\\/\\\/xstyle.md\\\/wp-content\\\/uploads\\\/2020\\\/07\\\/opplanet-rab-alpha-flash-jacket-mens-beluga-2xl-qio-22-be-xxl-main.jpg\",\"contentUrl\":\"https:\\\/\\\/xstyle.md\\\/wp-content\\\/uploads\\\/2020\\\/07\\\/opplanet-rab-alpha-flash-jacket-mens-beluga-2xl-qio-22-be-xxl-main.jpg\",\"width\":463,\"height\":550},{\"@type\":\"BreadcrumbList\",\"@id\":\"https:\\\/\\\/xstyle.md\\\/product\\\/rab-alpha-flash-mns-beluga\\\/#breadcrumb\",\"itemListElement\":[{\"@type\":\"ListItem\",\"position\":1,\"name\":\"\u0413\u043b\u0430\u0432\u043d\u0430\u044f \u0441\u0442\u0440\u0430\u043d\u0438\u0446\u0430\",\"item\":\"https:\\\/\\\/xstyle.md\\\/\"},{\"@type\":\"ListItem\",\"position\":2,\"name\":\"\u041c\u0430\u0433\u0430\u0437\u0438\u043d\",\"item\":\"https:\\\/\\\/xstyle.md\\\/shop\\\/\"},{\"@type\":\"ListItem\",\"position\":3,\"name\":\"\u0424\u043b\u0438\u0441\u043e\u0432\u0430\u044f \u043a\u0443\u0440\u0442\u043a\u0430 Rab Alpha Flash Mns beluga\"}]},{\"@type\":\"WebSite\",\"@id\":\"https:\\\/\\\/xstyle.md\\\/#website\",\"url\":\"https:\\\/\\\/xstyle.md\\\/\",\"name\":\"\u041c\u0430\u0433\u0430\u0437\u0438\u043d Xstyle\",\"description\":\"C\u043d\u0430\u0440\u044f\u0436\u0435\u043d\u0438\u0435 \u0434\u043b\u044f \u0442\u0443\u0440\u0438\u0437\u043c\u0430 \u0438 \u044d\u043a\u0441\u0442\u0440\u0435\u043c\u0430\u043b\u044c\u043d\u044b\u0445 \u0432\u0438\u0434\u043e\u0432 \u0441\u043f\u043e\u0440\u0442\u0430 \u0432 \u041c\u043e\u043b\u0434\u043e\u0432\u0435.. \u0426\u0435\u043d\u044b, \u0444\u043e\u0442\u043e, \u0445\u0430\u0440\u0430\u043a\u0442\u0435\u0440\u0438\u0441\u0442\u0438\u043a\u0438 \u0432 \u041c\u043e\u043b\u0434\u043e\u0432\u0435.\",\"publisher\":{\"@id\":\"https:\\\/\\\/xstyle.md\\\/#organization\"},\"alternateName\":\"X-Style\",\"potentialAction\":[{\"@type\":\"SearchAction\",\"target\":{\"@type\":\"EntryPoint\",\"urlTemplate\":\"https:\\\/\\\/xstyle.md\\\/?s={search_term_string}\"},\"query-input\":{\"@type\":\"PropertyValueSpecification\",\"valueRequired\":true,\"valueName\":\"search_term_string\"}}],\"inLanguage\":\"ro-RO\"},{\"@type\":\"Organization\",\"@id\":\"https:\\\/\\\/xstyle.md\\\/#organization\",\"name\":\"\u041c\u0430\u0433\u0430\u0437\u0438\u043d Xstyle\",\"alternateName\":\"x-style\",\"url\":\"https:\\\/\\\/xstyle.md\\\/\",\"logo\":{\"@type\":\"ImageObject\",\"inLanguage\":\"ro-RO\",\"@id\":\"https:\\\/\\\/xstyle.md\\\/#\\\/schema\\\/logo\\\/image\\\/\",\"url\":\"https:\\\/\\\/xstyle.md\\\/wp-content\\\/uploads\\\/2020\\\/06\\\/logoicon.svg\",\"contentUrl\":\"https:\\\/\\\/xstyle.md\\\/wp-content\\\/uploads\\\/2020\\\/06\\\/logoicon.svg\",\"caption\":\"\u041c\u0430\u0433\u0430\u0437\u0438\u043d Xstyle\"},\"image\":{\"@id\":\"https:\\\/\\\/xstyle.md\\\/#\\\/schema\\\/logo\\\/image\\\/\"},\"sameAs\":[\"https:\\\/\\\/www.facebook.com\\\/xstylemd\",\"https:\\\/\\\/www.instagram.com\\\/xstyle_md\\\/\",\"https:\\\/\\\/t.me\\\/xstyle_outdoor\"],\"hasMerchantReturnPolicy\":{\"@type\":\"MerchantReturnPolicy\",\"merchantReturnLink\":\"https:\\\/\\\/xstyle.md\\\/ro\\\/conditions\\\/\"}}]}<\/script>\n<meta property=\"product:price:amount\" content=\"1790.00\" \/>\n<meta property=\"product:price:currency\" content=\"MDL\" \/>\n<meta property=\"og:availability\" content=\"instock\" \/>\n<meta property=\"product:availability\" content=\"instock\" \/>\n<meta property=\"product:retailer_item_id\" content=\"821468823273\" \/>\n<meta property=\"product:condition\" content=\"new\" \/>\n<!-- \/ Yoast SEO plugin. -->","yoast_head_json":{"title":"\u0424\u043b\u0438\u0441\u043e\u0432\u0430\u044f \u043a\u0443\u0440\u0442\u043a\u0430 Rab Alpha Flash Mns beluga - \u041c\u0430\u0433\u0430\u0437\u0438\u043d Xstyle","description":"Jacheta Rab Alpha Flash Mns Beluga este alegerea ideal\u0103 pentru expedi\u021bii active de iarn\u0103. Fleece-ul u\u0219or \u0219i cald este realizat din materiale inovatoare Polartec Alpha.","robots":{"index":"index","follow":"follow","max-snippet":"max-snippet:-1","max-image-preview":"max-image-preview:large","max-video-preview":"max-video-preview:-1"},"canonical":"https:\/\/xstyle.md\/ro\/produs\/rab-alpha-flash-mns-beluga\/","og_locale":"ro_RO","og_type":"article","og_title":"\u0424\u043b\u0438\u0441\u043e\u0432\u0430\u044f \u043a\u0443\u0440\u0442\u043a\u0430 Rab Alpha Flash Mns beluga - \u041c\u0430\u0433\u0430\u0437\u0438\u043d Xstyle","og_description":"\u041a\u0443\u0440\u0442\u043a\u0430 Rab Alpha Flash Mns Beluga \u2014 \u0438\u0434\u0435\u0430\u043b\u044c\u043d\u044b\u0439 \u0432\u044b\u0431\u043e\u0440 \u0434\u043b\u044f \u0430\u043a\u0442\u0438\u0432\u043d\u044b\u0445 \u0437\u0438\u043c\u043d\u0438\u0445 \u044d\u043a\u0441\u043f\u0435\u0434\u0438\u0446\u0438\u0439. \u041b\u0435\u0433\u043a\u0438\u0439 \u0438 \u0442\u0435\u043f\u043b\u044b\u0439 \u0444\u043b\u0438\u0441 \u0441 \u0438\u043d\u043d\u043e\u0432\u0430\u0446\u0438\u043e\u043d\u043d\u044b\u043c\u0438 \u043c\u0430\u0442\u0435\u0440\u0438\u0430\u043b\u0430\u043c\u0438 Polartec Alpha.","og_url":"https:\/\/xstyle.md\/ro\/produs\/rab-alpha-flash-mns-beluga\/","og_site_name":"\u041c\u0430\u0433\u0430\u0437\u0438\u043d Xstyle","article_publisher":"https:\/\/www.facebook.com\/xstylemd","article_modified_time":"2026-04-05T10:30:47+00:00","og_image":[{"width":463,"height":550,"url":"https:\/\/xstyle.md\/wp-content\/uploads\/2020\/07\/opplanet-rab-alpha-flash-jacket-mens-beluga-2xl-qio-22-be-xxl-main.jpg","type":"image\/jpeg"}],"twitter_card":"summary_large_image","twitter_misc":{"Pre\u021b":"1.790&nbsp;MDL","Disponibilitate":"\u00cen stoc"},"schema":{"@context":"https:\/\/schema.org","@graph":[{"@type":"WebPage","@id":"https:\/\/xstyle.md\/product\/rab-alpha-flash-mns-beluga\/","url":"https:\/\/xstyle.md\/product\/rab-alpha-flash-mns-beluga\/","name":"\u0424\u043b\u0438\u0441\u043e\u0432\u0430\u044f \u043a\u0443\u0440\u0442\u043a\u0430 Rab Alpha Flash Mns beluga - \u041c\u0430\u0433\u0430\u0437\u0438\u043d Xstyle","isPartOf":{"@id":"https:\/\/xstyle.md\/#website"},"primaryImageOfPage":{"@id":"https:\/\/xstyle.md\/product\/rab-alpha-flash-mns-beluga\/#primaryimage"},"image":{"@id":"https:\/\/xstyle.md\/product\/rab-alpha-flash-mns-beluga\/#primaryimage"},"thumbnailUrl":"https:\/\/xstyle.md\/wp-content\/uploads\/2020\/07\/opplanet-rab-alpha-flash-jacket-mens-beluga-2xl-qio-22-be-xxl-main.jpg","datePublished":"2020-07-18T14:16:20+00:00","dateModified":"2026-04-05T10:30:47+00:00","description":"Jacheta Rab Alpha Flash Mns Beluga este alegerea ideal\u0103 pentru expedi\u021bii active de iarn\u0103. Fleece-ul u\u0219or \u0219i cald este realizat din materiale inovatoare Polartec Alpha.","breadcrumb":{"@id":"https:\/\/xstyle.md\/product\/rab-alpha-flash-mns-beluga\/#breadcrumb"},"inLanguage":"ro-RO","potentialAction":[{"@type":"ReadAction","target":["https:\/\/xstyle.md\/product\/rab-alpha-flash-mns-beluga\/"]}]},{"@type":"ImageObject","inLanguage":"ro-RO","@id":"https:\/\/xstyle.md\/product\/rab-alpha-flash-mns-beluga\/#primaryimage","url":"https:\/\/xstyle.md\/wp-content\/uploads\/2020\/07\/opplanet-rab-alpha-flash-jacket-mens-beluga-2xl-qio-22-be-xxl-main.jpg","contentUrl":"https:\/\/xstyle.md\/wp-content\/uploads\/2020\/07\/opplanet-rab-alpha-flash-jacket-mens-beluga-2xl-qio-22-be-xxl-main.jpg","width":463,"height":550},{"@type":"BreadcrumbList","@id":"https:\/\/xstyle.md\/product\/rab-alpha-flash-mns-beluga\/#breadcrumb","itemListElement":[{"@type":"ListItem","position":1,"name":"\u0413\u043b\u0430\u0432\u043d\u0430\u044f \u0441\u0442\u0440\u0430\u043d\u0438\u0446\u0430","item":"https:\/\/xstyle.md\/"},{"@type":"ListItem","position":2,"name":"\u041c\u0430\u0433\u0430\u0437\u0438\u043d","item":"https:\/\/xstyle.md\/shop\/"},{"@type":"ListItem","position":3,"name":"\u0424\u043b\u0438\u0441\u043e\u0432\u0430\u044f \u043a\u0443\u0440\u0442\u043a\u0430 Rab Alpha Flash Mns beluga"}]},{"@type":"WebSite","@id":"https:\/\/xstyle.md\/#website","url":"https:\/\/xstyle.md\/","name":"Magazinul X-Style","description":"Echipamente pentru turism \u0219i sporturi extreme \u00een Moldova. Pre\u021buri, fotografii, caracteristici \u00een Moldova.","publisher":{"@id":"https:\/\/xstyle.md\/#organization"},"alternateName":"X-Style","potentialAction":[{"@type":"SearchAction","target":{"@type":"EntryPoint","urlTemplate":"https:\/\/xstyle.md\/?s={search_term_string}"},"query-input":{"@type":"PropertyValueSpecification","valueRequired":true,"valueName":"search_term_string"}}],"inLanguage":"ro-RO"},{"@type":"Organization","@id":"https:\/\/xstyle.md\/#organization","name":"Magazinul X-Style","alternateName":"x-style","url":"https:\/\/xstyle.md\/","logo":{"@type":"ImageObject","inLanguage":"ro-RO","@id":"https:\/\/xstyle.md\/#\/schema\/logo\/image\/","url":"https:\/\/xstyle.md\/wp-content\/uploads\/2020\/06\/logoicon.svg","contentUrl":"https:\/\/xstyle.md\/wp-content\/uploads\/2020\/06\/logoicon.svg","caption":"\u041c\u0430\u0433\u0430\u0437\u0438\u043d Xstyle"},"image":{"@id":"https:\/\/xstyle.md\/#\/schema\/logo\/image\/"},"sameAs":["https:\/\/www.facebook.com\/xstylemd","https:\/\/www.instagram.com\/xstyle_md\/","https:\/\/t.me\/xstyle_outdoor"],"hasMerchantReturnPolicy":{"@type":"MerchantReturnPolicy","merchantReturnLink":"https:\/\/xstyle.md\/ro\/conditions\/"}}]},"product_price_amount":"1790.00","product_price_currency":"MDL","og_availability":"instock","product_availability":"instock","product_retailer_item_id":"821468823273","product_condition":"new"},"post_mailing_queue_ids":[],"_links":{"self":[{"href":"https:\/\/xstyle.md\/ro\/wp-json\/wp\/v2\/product\/19831","targetHints":{"allow":["GET"]}}],"collection":[{"href":"https:\/\/xstyle.md\/ro\/wp-json\/wp\/v2\/product"}],"about":[{"href":"https:\/\/xstyle.md\/ro\/wp-json\/wp\/v2\/types\/product"}],"replies":[{"embeddable":true,"href":"https:\/\/xstyle.md\/ro\/wp-json\/wp\/v2\/comments?post=19831"}],"wp:featuredmedia":[{"embeddable":true,"href":"https:\/\/xstyle.md\/ro\/wp-json\/wp\/v2\/media\/19830"}],"wp:attachment":[{"href":"https:\/\/xstyle.md\/ro\/wp-json\/wp\/v2\/media?parent=19831"}],"wp:term":[{"taxonomy":"product_brand","embeddable":true,"href":"https:\/\/xstyle.md\/ro\/wp-json\/wp\/v2\/product_brand?post=19831"},{"taxonomy":"product_cat","embeddable":true,"href":"https:\/\/xstyle.md\/ro\/wp-json\/wp\/v2\/product_cat?post=19831"},{"taxonomy":"product_tag","embeddable":true,"href":"https:\/\/xstyle.md\/ro\/wp-json\/wp\/v2\/product_tag?post=19831"}],"curies":[{"name":"wp","href":"https:\/\/api.w.org\/{rel}","templated":true}]}}