{"id":19612,"date":"2020-07-18T17:08:16","date_gmt":"2020-07-18T14:08:16","guid":{"rendered":"https:\/\/xstyle.md\/product\/nozh-mora-bushcraft-black"},"modified":"2025-10-24T12:55:05","modified_gmt":"2025-10-24T09:55:05","slug":"nozh-mora-bushcraft-black","status":"publish","type":"product","link":"https:\/\/xstyle.md\/ro\/produs\/nozh-mora-bushcraft-black\/","title":{"rendered":"Cu\u0163it Mora Bushcraft Black"},"content":{"rendered":"<\/p>\n<p><strong>Mora Bushcraft Black<\/strong> este un cu\u021bit de prim\u0103 clas\u0103, ideal pentru o mare varietate de sarcini. Este cel mai de \u00eencredere din \u00eentreaga gam\u0103 de cu\u021bite Morakniv. Echipat cu o lam\u0103 neagr\u0103 din o\u021bel inoxidabil de 3,2 mm grosime, ascu\u021bit ca un brici.<\/p>\n<p>M\u00e2nerul din cauciuc moale nu v\u0103 va permite m\u00e2na s\u0103 alunece chiar \u0219i pe vreme umed\u0103.<\/p>\n<p>\u00cenveli\u0219ul cu lame de cu\u021bit Morakniv\u00ae Bushcraft Black \u00eel protejeaz\u0103 de coroziune \u0219i impactul asupra mediului.<\/p>\n<p>Cu\u021bitul este furnizat complet cu o teac\u0103 neagr\u0103, bucla de centur\u0103 are un v\u00e2rf rotativ, astfel \u00eenc\u00e2t s\u0103 \u00eel pute\u021bi pozi\u021biona \u00een cea mai bun\u0103 pozi\u021bie pentru sarcin\u0103. Cu\u021bitele Mora sunt f\u0103cute \u00een Ostnor de mai bine de un secol. Odat\u0103 au fost f\u0103cu\u021bi \u00een fiecare cas\u0103 de me\u0219teri locali care \u0219i-au transmis abilit\u0103\u021bile din genera\u021bie \u00een genera\u021bie. Ast\u0103zi, aceste abilit\u0103\u021bi se afl\u0103 sub un singur acoperi\u0219 \u0219i, indiferent cu cine comunica\u021bi \u00een fabric\u0103, pot spune o poveste familial\u0103 \u00een care fabricarea cu\u021bitelor joac\u0103 un rol central! Acum, ca atunci, au aceea\u0219i abordare a produc\u021biei.<\/p>\n<p>Mora folose\u0219te metode ra\u021bionale pentru a transfera abordarea maestrului c\u0103tre tehnologia modern\u0103. Singura diferen\u021b\u0103 este utilizarea celor mai recente dezvolt\u0103ri tehnice. Achizi\u021bion\u00e2nd un cu\u021bit universal Morakniv\u00ae Bushcraft Black, ob\u021bine\u021bi un asistent de \u00eencredere, care nu v\u0103 va da jos nici \u00een cele mai dificile situa\u021bii.<\/p>\n<h3>Caracteristici<\/h3>\n<ul>\n<li>Tipul de cu\u021bit: fix.<\/li>\n<li>Scornard inclus.<\/li>\n<li>Tipul t\u0103ierii: normal.<\/li>\n<li>Lungime total\u0103: 23,2 cm.<\/li>\n<li>Lungimea lamei: 10,9 cm.<\/li>\n<li>Material m\u00e2ner: cauciucat.<\/li>\n<li>Duritate: 58-60 HRC.<\/li>\n<li>O\u021bel de calitate: o\u021bel carbon de \u00eenalt\u0103 calitate.<\/li>\n<li>Greutate: 163 gr.<\/li>\n<\/ul>\n<p><\/p>","protected":false},"excerpt":{"rendered":"<p>Cu\u0163it Mora Bushcraft Black<\/p>","protected":false},"featured_media":19609,"comment_status":"open","ping_status":"closed","template":"","meta":{"_acf_changed":false,"inline_featured_image":false},"product_brand":[1368],"product_cat":[169],"product_tag":[],"class_list":{"0":"post-19612","1":"product","2":"type-product","3":"status-publish","4":"has-post-thumbnail","6":"product_brand-mora","7":"product_cat-knives","9":"first","10":"instock","11":"shipping-taxable","12":"purchasable","13":"product-type-simple"},"acf":[],"yoast_head":"<!-- This site is optimized with the Yoast SEO plugin v27.4 - https:\/\/yoast.com\/product\/yoast-seo-wordpress\/ -->\n<title>\u041d\u043e\u0436 Mora Bushcraft Black - \u041c\u0430\u0433\u0430\u0437\u0438\u043d Xstyle<\/title>\n<meta name=\"description\" content=\"\u041d\u043e\u0436 Mora Bushcraft Black - \u0438\u0434\u0435\u0430\u043b\u044c\u043d\u044b\u0439 \u0438\u043d\u0441\u0442\u0440\u0443\u043c\u0435\u043d\u0442 \u0434\u043b\u044f \u0430\u043a\u0442\u0438\u0432\u043d\u043e\u0433\u043e \u043e\u0442\u0434\u044b\u0445\u0430. \u041b\u0435\u0433\u043a\u0438\u0439, \u043d\u0430\u0434\u0435\u0436\u043d\u044b\u0439 \u0438 \u0441 \u0430\u043d\u0442\u0438\u0441\u043a\u043e\u043b\u044c\u0437\u044f\u0449\u0438\u043c \u0440\u0443\u043a\u043e\u044f\u0442\u043a\u043e\u0439. \u0417\u0430\u043a\u0430\u0437\u044b\u0432\u0430\u0439\u0442\u0435 \u0441\u0435\u0439\u0447\u0430\u0441 \u0434\u043b\u044f \u043f\u0440\u0438\u043a\u043b\u044e\u0447\u0435\u043d\u0438\u0439!\" \/>\n<meta name=\"robots\" content=\"index, follow, max-snippet:-1, max-image-preview:large, max-video-preview:-1\" \/>\n<link rel=\"canonical\" href=\"https:\/\/xstyle.md\/ro\/produs\/nozh-mora-bushcraft-black\/\" \/>\n<meta property=\"og:locale\" content=\"ro_RO\" \/>\n<meta property=\"og:type\" content=\"article\" \/>\n<meta property=\"og:title\" content=\"\u041d\u043e\u0436 Mora Bushcraft Black - \u041c\u0430\u0433\u0430\u0437\u0438\u043d Xstyle\" \/>\n<meta property=\"og:description\" content=\"\u041d\u043e\u0436 Mora Bushcraft Black - \u0438\u0434\u0435\u0430\u043b\u044c\u043d\u044b\u0439 \u0438\u043d\u0441\u0442\u0440\u0443\u043c\u0435\u043d\u0442 \u0434\u043b\u044f \u0430\u043a\u0442\u0438\u0432\u043d\u043e\u0433\u043e \u043e\u0442\u0434\u044b\u0445\u0430. \u041b\u0435\u0433\u043a\u0438\u0439, \u043d\u0430\u0434\u0435\u0436\u043d\u044b\u0439 \u0438 \u0441 \u0430\u043d\u0442\u0438\u0441\u043a\u043e\u043b\u044c\u0437\u044f\u0449\u0438\u043c \u0440\u0443\u043a\u043e\u044f\u0442\u043a\u043e\u0439. \u0417\u0430\u043a\u0430\u0437\u044b\u0432\u0430\u0439\u0442\u0435 \u0441\u0435\u0439\u0447\u0430\u0441 \u0434\u043b\u044f \u043f\u0440\u0438\u043a\u043b\u044e\u0447\u0435\u043d\u0438\u0439!\" \/>\n<meta property=\"og:url\" content=\"https:\/\/xstyle.md\/ro\/produs\/nozh-mora-bushcraft-black\/\" \/>\n<meta property=\"og:site_name\" content=\"\u041c\u0430\u0433\u0430\u0437\u0438\u043d Xstyle\" \/>\n<meta property=\"article:publisher\" content=\"https:\/\/www.facebook.com\/xstylemd\" \/>\n<meta property=\"article:modified_time\" content=\"2025-10-24T09:55:05+00:00\" \/>\n<meta property=\"og:image\" content=\"https:\/\/xstyle.md\/wp-content\/uploads\/2020\/07\/2306.750x0_2x.jpg\" \/>\n\t<meta property=\"og:image:width\" content=\"900\" \/>\n\t<meta property=\"og:image:height\" content=\"440\" \/>\n\t<meta property=\"og:image:type\" content=\"image\/jpeg\" \/>\n<meta name=\"twitter:card\" content=\"summary_large_image\" \/>\n<meta name=\"twitter:label1\" content=\"Pre\u021b\" \/>\n\t<meta name=\"twitter:data1\" content=\"1.190&nbsp;MDL\" \/>\n\t<meta name=\"twitter:label2\" content=\"Disponibilitate\" \/>\n\t<meta name=\"twitter:data2\" content=\"\u00cen stoc\" \/>\n<script type=\"application\/ld+json\" class=\"yoast-schema-graph\">{\"@context\":\"https:\\\/\\\/schema.org\",\"@graph\":[{\"@type\":\"WebPage\",\"@id\":\"https:\\\/\\\/xstyle.md\\\/product\\\/nozh-mora-bushcraft-black\\\/\",\"url\":\"https:\\\/\\\/xstyle.md\\\/product\\\/nozh-mora-bushcraft-black\\\/\",\"name\":\"\u041d\u043e\u0436 Mora Bushcraft Black - \u041c\u0430\u0433\u0430\u0437\u0438\u043d Xstyle\",\"isPartOf\":{\"@id\":\"https:\\\/\\\/xstyle.md\\\/#website\"},\"primaryImageOfPage\":{\"@id\":\"https:\\\/\\\/xstyle.md\\\/product\\\/nozh-mora-bushcraft-black\\\/#primaryimage\"},\"image\":{\"@id\":\"https:\\\/\\\/xstyle.md\\\/product\\\/nozh-mora-bushcraft-black\\\/#primaryimage\"},\"thumbnailUrl\":\"https:\\\/\\\/xstyle.md\\\/wp-content\\\/uploads\\\/2020\\\/07\\\/2306.750x0_2x.jpg\",\"datePublished\":\"2020-07-18T14:08:16+00:00\",\"dateModified\":\"2025-10-24T09:55:05+00:00\",\"description\":\"\u041d\u043e\u0436 Mora Bushcraft Black - \u0438\u0434\u0435\u0430\u043b\u044c\u043d\u044b\u0439 \u0438\u043d\u0441\u0442\u0440\u0443\u043c\u0435\u043d\u0442 \u0434\u043b\u044f \u0430\u043a\u0442\u0438\u0432\u043d\u043e\u0433\u043e \u043e\u0442\u0434\u044b\u0445\u0430. \u041b\u0435\u0433\u043a\u0438\u0439, \u043d\u0430\u0434\u0435\u0436\u043d\u044b\u0439 \u0438 \u0441 \u0430\u043d\u0442\u0438\u0441\u043a\u043e\u043b\u044c\u0437\u044f\u0449\u0438\u043c \u0440\u0443\u043a\u043e\u044f\u0442\u043a\u043e\u0439. \u0417\u0430\u043a\u0430\u0437\u044b\u0432\u0430\u0439\u0442\u0435 \u0441\u0435\u0439\u0447\u0430\u0441 \u0434\u043b\u044f \u043f\u0440\u0438\u043a\u043b\u044e\u0447\u0435\u043d\u0438\u0439!\",\"breadcrumb\":{\"@id\":\"https:\\\/\\\/xstyle.md\\\/product\\\/nozh-mora-bushcraft-black\\\/#breadcrumb\"},\"inLanguage\":\"ro-RO\",\"potentialAction\":[{\"@type\":\"ReadAction\",\"target\":[\"https:\\\/\\\/xstyle.md\\\/product\\\/nozh-mora-bushcraft-black\\\/\"]}]},{\"@type\":\"ImageObject\",\"inLanguage\":\"ro-RO\",\"@id\":\"https:\\\/\\\/xstyle.md\\\/product\\\/nozh-mora-bushcraft-black\\\/#primaryimage\",\"url\":\"https:\\\/\\\/xstyle.md\\\/wp-content\\\/uploads\\\/2020\\\/07\\\/2306.750x0_2x.jpg\",\"contentUrl\":\"https:\\\/\\\/xstyle.md\\\/wp-content\\\/uploads\\\/2020\\\/07\\\/2306.750x0_2x.jpg\",\"width\":900,\"height\":440},{\"@type\":\"BreadcrumbList\",\"@id\":\"https:\\\/\\\/xstyle.md\\\/product\\\/nozh-mora-bushcraft-black\\\/#breadcrumb\",\"itemListElement\":[{\"@type\":\"ListItem\",\"position\":1,\"name\":\"\u0413\u043b\u0430\u0432\u043d\u0430\u044f \u0441\u0442\u0440\u0430\u043d\u0438\u0446\u0430\",\"item\":\"https:\\\/\\\/xstyle.md\\\/\"},{\"@type\":\"ListItem\",\"position\":2,\"name\":\"\u041c\u0430\u0433\u0430\u0437\u0438\u043d\",\"item\":\"https:\\\/\\\/xstyle.md\\\/shop\\\/\"},{\"@type\":\"ListItem\",\"position\":3,\"name\":\"\u041d\u043e\u0436 Mora Bushcraft Black\"}]},{\"@type\":\"WebSite\",\"@id\":\"https:\\\/\\\/xstyle.md\\\/#website\",\"url\":\"https:\\\/\\\/xstyle.md\\\/\",\"name\":\"\u041c\u0430\u0433\u0430\u0437\u0438\u043d Xstyle\",\"description\":\"C\u043d\u0430\u0440\u044f\u0436\u0435\u043d\u0438\u0435 \u0434\u043b\u044f \u0442\u0443\u0440\u0438\u0437\u043c\u0430 \u0438 \u044d\u043a\u0441\u0442\u0440\u0435\u043c\u0430\u043b\u044c\u043d\u044b\u0445 \u0432\u0438\u0434\u043e\u0432 \u0441\u043f\u043e\u0440\u0442\u0430 \u0432 \u041c\u043e\u043b\u0434\u043e\u0432\u0435.. \u0426\u0435\u043d\u044b, \u0444\u043e\u0442\u043e, \u0445\u0430\u0440\u0430\u043a\u0442\u0435\u0440\u0438\u0441\u0442\u0438\u043a\u0438 \u0432 \u041c\u043e\u043b\u0434\u043e\u0432\u0435.\",\"publisher\":{\"@id\":\"https:\\\/\\\/xstyle.md\\\/#organization\"},\"alternateName\":\"X-Style\",\"potentialAction\":[{\"@type\":\"SearchAction\",\"target\":{\"@type\":\"EntryPoint\",\"urlTemplate\":\"https:\\\/\\\/xstyle.md\\\/?s={search_term_string}\"},\"query-input\":{\"@type\":\"PropertyValueSpecification\",\"valueRequired\":true,\"valueName\":\"search_term_string\"}}],\"inLanguage\":\"ro-RO\"},{\"@type\":\"Organization\",\"@id\":\"https:\\\/\\\/xstyle.md\\\/#organization\",\"name\":\"\u041c\u0430\u0433\u0430\u0437\u0438\u043d Xstyle\",\"alternateName\":\"x-style\",\"url\":\"https:\\\/\\\/xstyle.md\\\/\",\"logo\":{\"@type\":\"ImageObject\",\"inLanguage\":\"ro-RO\",\"@id\":\"https:\\\/\\\/xstyle.md\\\/#\\\/schema\\\/logo\\\/image\\\/\",\"url\":\"https:\\\/\\\/xstyle.md\\\/wp-content\\\/uploads\\\/2020\\\/06\\\/logoicon.svg\",\"contentUrl\":\"https:\\\/\\\/xstyle.md\\\/wp-content\\\/uploads\\\/2020\\\/06\\\/logoicon.svg\",\"caption\":\"\u041c\u0430\u0433\u0430\u0437\u0438\u043d Xstyle\"},\"image\":{\"@id\":\"https:\\\/\\\/xstyle.md\\\/#\\\/schema\\\/logo\\\/image\\\/\"},\"sameAs\":[\"https:\\\/\\\/www.facebook.com\\\/xstylemd\",\"https:\\\/\\\/www.instagram.com\\\/xstyle_md\\\/\",\"https:\\\/\\\/t.me\\\/xstyle_outdoor\"],\"hasMerchantReturnPolicy\":{\"@type\":\"MerchantReturnPolicy\",\"merchantReturnLink\":\"https:\\\/\\\/xstyle.md\\\/ro\\\/conditions\\\/\"}}]}<\/script>\n<meta property=\"product:price:amount\" content=\"1190.00\" \/>\n<meta property=\"product:price:currency\" content=\"MDL\" \/>\n<meta property=\"og:availability\" content=\"instock\" \/>\n<meta property=\"product:availability\" content=\"instock\" \/>\n<meta property=\"product:retailer_item_id\" content=\"7391846013013\" \/>\n<meta property=\"product:condition\" content=\"new\" \/>\n<!-- \/ Yoast SEO plugin. -->","yoast_head_json":{"title":"Cu\u0163it Mora Bushcraft Black - Magazin Xstyle","description":"Cu\u021bitul Mora Bushcraft Black - instrumentul ideal pentru activit\u0103\u021bi \u00een aer liber. U\u0219or, de \u00eencredere \u0219i cu un m\u00e2ner antiderapant. Comanda\u021bi acum pentru aventuri!","robots":{"index":"index","follow":"follow","max-snippet":"max-snippet:-1","max-image-preview":"max-image-preview:large","max-video-preview":"max-video-preview:-1"},"canonical":"https:\/\/xstyle.md\/ro\/produs\/nozh-mora-bushcraft-black\/","og_locale":"ro_RO","og_type":"article","og_title":"\u041d\u043e\u0436 Mora Bushcraft Black - \u041c\u0430\u0433\u0430\u0437\u0438\u043d Xstyle","og_description":"\u041d\u043e\u0436 Mora Bushcraft Black - \u0438\u0434\u0435\u0430\u043b\u044c\u043d\u044b\u0439 \u0438\u043d\u0441\u0442\u0440\u0443\u043c\u0435\u043d\u0442 \u0434\u043b\u044f \u0430\u043a\u0442\u0438\u0432\u043d\u043e\u0433\u043e \u043e\u0442\u0434\u044b\u0445\u0430. \u041b\u0435\u0433\u043a\u0438\u0439, \u043d\u0430\u0434\u0435\u0436\u043d\u044b\u0439 \u0438 \u0441 \u0430\u043d\u0442\u0438\u0441\u043a\u043e\u043b\u044c\u0437\u044f\u0449\u0438\u043c \u0440\u0443\u043a\u043e\u044f\u0442\u043a\u043e\u0439. \u0417\u0430\u043a\u0430\u0437\u044b\u0432\u0430\u0439\u0442\u0435 \u0441\u0435\u0439\u0447\u0430\u0441 \u0434\u043b\u044f \u043f\u0440\u0438\u043a\u043b\u044e\u0447\u0435\u043d\u0438\u0439!","og_url":"https:\/\/xstyle.md\/ro\/produs\/nozh-mora-bushcraft-black\/","og_site_name":"\u041c\u0430\u0433\u0430\u0437\u0438\u043d Xstyle","article_publisher":"https:\/\/www.facebook.com\/xstylemd","article_modified_time":"2025-10-24T09:55:05+00:00","og_image":[{"width":900,"height":440,"url":"https:\/\/xstyle.md\/wp-content\/uploads\/2020\/07\/2306.750x0_2x.jpg","type":"image\/jpeg"}],"twitter_card":"summary_large_image","twitter_misc":{"Pre\u021b":"1.190&nbsp;MDL","Disponibilitate":"\u00cen stoc"},"schema":{"@context":"https:\/\/schema.org","@graph":[{"@type":"WebPage","@id":"https:\/\/xstyle.md\/product\/nozh-mora-bushcraft-black\/","url":"https:\/\/xstyle.md\/product\/nozh-mora-bushcraft-black\/","name":"Cu\u0163it Mora Bushcraft Black - Magazin Xstyle","isPartOf":{"@id":"https:\/\/xstyle.md\/#website"},"primaryImageOfPage":{"@id":"https:\/\/xstyle.md\/product\/nozh-mora-bushcraft-black\/#primaryimage"},"image":{"@id":"https:\/\/xstyle.md\/product\/nozh-mora-bushcraft-black\/#primaryimage"},"thumbnailUrl":"https:\/\/xstyle.md\/wp-content\/uploads\/2020\/07\/2306.750x0_2x.jpg","datePublished":"2020-07-18T14:08:16+00:00","dateModified":"2025-10-24T09:55:05+00:00","description":"Cu\u021bitul Mora Bushcraft Black - instrumentul ideal pentru activit\u0103\u021bi \u00een aer liber. U\u0219or, de \u00eencredere \u0219i cu un m\u00e2ner antiderapant. Comanda\u021bi acum pentru aventuri!","breadcrumb":{"@id":"https:\/\/xstyle.md\/product\/nozh-mora-bushcraft-black\/#breadcrumb"},"inLanguage":"ro-RO","potentialAction":[{"@type":"ReadAction","target":["https:\/\/xstyle.md\/product\/nozh-mora-bushcraft-black\/"]}]},{"@type":"ImageObject","inLanguage":"ro-RO","@id":"https:\/\/xstyle.md\/product\/nozh-mora-bushcraft-black\/#primaryimage","url":"https:\/\/xstyle.md\/wp-content\/uploads\/2020\/07\/2306.750x0_2x.jpg","contentUrl":"https:\/\/xstyle.md\/wp-content\/uploads\/2020\/07\/2306.750x0_2x.jpg","width":900,"height":440},{"@type":"BreadcrumbList","@id":"https:\/\/xstyle.md\/product\/nozh-mora-bushcraft-black\/#breadcrumb","itemListElement":[{"@type":"ListItem","position":1,"name":"\u0413\u043b\u0430\u0432\u043d\u0430\u044f \u0441\u0442\u0440\u0430\u043d\u0438\u0446\u0430","item":"https:\/\/xstyle.md\/"},{"@type":"ListItem","position":2,"name":"\u041c\u0430\u0433\u0430\u0437\u0438\u043d","item":"https:\/\/xstyle.md\/shop\/"},{"@type":"ListItem","position":3,"name":"\u041d\u043e\u0436 Mora Bushcraft Black"}]},{"@type":"WebSite","@id":"https:\/\/xstyle.md\/#website","url":"https:\/\/xstyle.md\/","name":"Magazinul X-Style","description":"Echipamente pentru turism \u0219i sporturi extreme \u00een Moldova. Pre\u021buri, fotografii, caracteristici \u00een Moldova.","publisher":{"@id":"https:\/\/xstyle.md\/#organization"},"alternateName":"X-Style","potentialAction":[{"@type":"SearchAction","target":{"@type":"EntryPoint","urlTemplate":"https:\/\/xstyle.md\/?s={search_term_string}"},"query-input":{"@type":"PropertyValueSpecification","valueRequired":true,"valueName":"search_term_string"}}],"inLanguage":"ro-RO"},{"@type":"Organization","@id":"https:\/\/xstyle.md\/#organization","name":"Magazinul X-Style","alternateName":"x-style","url":"https:\/\/xstyle.md\/","logo":{"@type":"ImageObject","inLanguage":"ro-RO","@id":"https:\/\/xstyle.md\/#\/schema\/logo\/image\/","url":"https:\/\/xstyle.md\/wp-content\/uploads\/2020\/06\/logoicon.svg","contentUrl":"https:\/\/xstyle.md\/wp-content\/uploads\/2020\/06\/logoicon.svg","caption":"\u041c\u0430\u0433\u0430\u0437\u0438\u043d Xstyle"},"image":{"@id":"https:\/\/xstyle.md\/#\/schema\/logo\/image\/"},"sameAs":["https:\/\/www.facebook.com\/xstylemd","https:\/\/www.instagram.com\/xstyle_md\/","https:\/\/t.me\/xstyle_outdoor"],"hasMerchantReturnPolicy":{"@type":"MerchantReturnPolicy","merchantReturnLink":"https:\/\/xstyle.md\/ro\/conditions\/"}}]},"product_price_amount":"1190.00","product_price_currency":"MDL","og_availability":"instock","product_availability":"instock","product_retailer_item_id":"7391846013013","product_condition":"new"},"_links":{"self":[{"href":"https:\/\/xstyle.md\/ro\/wp-json\/wp\/v2\/product\/19612","targetHints":{"allow":["GET"]}}],"collection":[{"href":"https:\/\/xstyle.md\/ro\/wp-json\/wp\/v2\/product"}],"about":[{"href":"https:\/\/xstyle.md\/ro\/wp-json\/wp\/v2\/types\/product"}],"replies":[{"embeddable":true,"href":"https:\/\/xstyle.md\/ro\/wp-json\/wp\/v2\/comments?post=19612"}],"wp:featuredmedia":[{"embeddable":true,"href":"https:\/\/xstyle.md\/ro\/wp-json\/wp\/v2\/media\/19609"}],"wp:attachment":[{"href":"https:\/\/xstyle.md\/ro\/wp-json\/wp\/v2\/media?parent=19612"}],"wp:term":[{"taxonomy":"product_brand","embeddable":true,"href":"https:\/\/xstyle.md\/ro\/wp-json\/wp\/v2\/product_brand?post=19612"},{"taxonomy":"product_cat","embeddable":true,"href":"https:\/\/xstyle.md\/ro\/wp-json\/wp\/v2\/product_cat?post=19612"},{"taxonomy":"product_tag","embeddable":true,"href":"https:\/\/xstyle.md\/ro\/wp-json\/wp\/v2\/product_tag?post=19612"}],"curies":[{"name":"wp","href":"https:\/\/api.w.org\/{rel}","templated":true}]}}