{"id":18974,"date":"2020-07-17T23:30:02","date_gmt":"2020-07-17T20:30:02","guid":{"rendered":"https:\/\/xstyle.md\/?post_type=product&#038;p=18974"},"modified":"2024-10-02T22:23:06","modified_gmt":"2024-10-02T19:23:06","slug":"soedinitel-noe-zveno-petzl-delta-n8-screwlink","status":"publish","type":"product","link":"https:\/\/dev.xstyle.md\/ro\/produs\/soedinitel-noe-zveno-petzl-delta-n8-screwlink\/","title":{"rendered":"Carabinier\u0103 Petzl Delta N8 Screwlink"},"content":{"rendered":"<\/p>\n<p><strong>Petzl Delta N8 Screwlink &#8212;\u00a0<\/strong>triunghiular, cu o clem\u0103.<\/p>\n<h3>Particularit\u0103\u021bi<\/h3>\n<ul>\n<li>Rezisten\u021b\u0103 ridicat\u0103 pe trei axe<\/li>\n<li>Dac\u0103 cuplajul este str\u00e2ns ferm cu o cheie, DELTA poate servi ca inel permanent pe c\u00e2rlig.<\/li>\n<li>Jumper pentru fixarea clemei CROLL.<\/li>\n<\/ul>\n<h3>Caracteristici<\/h3>\n<ul>\n<li>Greutate &#8212; 95 g<\/li>\n<li>Material &#8212; o\u021bel<\/li>\n<li>Rezisten\u021ba axei principale &#8212; 25 kN<\/li>\n<li>Rezisten\u021ba axei transversale &#8212; 10 kN<\/li>\n<li>L\u0103\u021bimea deschiderii &#8212; 10 mm<\/li>\n<li>Certificare &#8212; CE EN 362 tip Q<\/li>\n<\/ul>\n<h3>Marca<\/h3>\n<p>PETZL este un brand de renume mondial care produce echipamente specializate pentru alpinism, speologie, escalad\u0103 \u0219i alpinism industrial. Compania a fost fondat\u0103 de Fernand Petzel, un om pasionat de speologie de o via\u021b\u0103 \u00eentreag\u0103. La mijlocul anilor 1970, pasiunea sa \u0219i afacerea de familie au crescut \u00een ceva mai mult. Fernand a \u00eenceput s\u0103 modifice dispozitivele existente utilizate \u00een speologie \u0219i apoi s\u0103 inventeze unele complet noi.<\/p>\n<p>Gama de produse a companiei s-a extins c\u0103tre iluminat, deoarece \u00een \u00eentunericul pe\u0219terilor acesta este unul dintre cele mai importante echipamente necesare. Dup\u0103 speologie, PETZL creeaz\u0103 echipamente pentru alpini\u0219ti \u0219i alpini\u0219ti, iar apoi pentru lucrul la \u00een\u0103l\u021bime.<\/p>\n<p>Misiunea PETZL este de a crea instrumente inovatoare care s\u0103 le permit\u0103 b\u0103rba\u021bilor \u0219i femeilor s\u0103 ating\u0103 noi \u00een\u0103l\u021bimi pe vertical\u0103 \u0219i s\u0103 lumineze drumul \u00een \u00eentuneric. Compania se afl\u0103 \u00eentr-o c\u0103utare continu\u0103 a celei mai bune solu\u021bii \u00een toate domeniile de activitate. Performan\u021ba, ergonomia, confortul \u0219i, cel mai important, siguran\u021ba sunt cele mai importante criterii \u00een aceast\u0103 c\u0103utare. Accesul la ceea ce este inaccesibil sau &#171;atingerea a ceea ce este de neatins&#187; este motto-ul s\u0103u de lung\u0103 durat\u0103.<\/p>\n<p><\/p>","protected":false},"excerpt":{"rendered":"<p>Carabinier\u0103 Petzl Delta N8 Screwlink<\/p>","protected":false},"featured_media":18973,"comment_status":"open","ping_status":"closed","template":"","meta":{"_acf_changed":false,"inline_featured_image":false},"product_brand":[1270],"product_cat":[158],"product_tag":[],"class_list":{"0":"post-18974","1":"product","2":"type-product","3":"status-publish","4":"has-post-thumbnail","6":"product_brand-petzl","7":"product_cat-connectors","9":"first","10":"instock","11":"shipping-taxable","12":"purchasable","13":"product-type-simple"},"acf":[],"yoast_head":"<!-- This site is optimized with the Yoast SEO plugin v27.5 - https:\/\/yoast.com\/product\/yoast-seo-wordpress\/ -->\n<title>\u0421\u043e\u0435\u0434\u0438\u043d\u0438\u0442\u0435\u043b\u044c\u043d\u043e\u0435 \u0437\u0432\u0435\u043d\u043e Petzl Delta N8 Screwlink - \u041c\u0430\u0433\u0430\u0437\u0438\u043d Xstyle<\/title>\n<meta name=\"description\" content=\"\u0421\u043e\u0435\u0434\u0438\u043d\u0438\u0442\u0435\u043b\u044c\u043d\u043e\u0435 \u0437\u0432\u0435\u043d\u043e Petzl Delta N8 Screwlink - \u043f\u0440\u043e\u0447\u043d\u044b\u0439 \u0442\u0440\u0435\u0443\u0433\u043e\u043b\u044c\u043d\u044b\u0439 \u043a\u0430\u0440\u0430\u0431\u0438\u043d \u0441 \u0432\u0435\u0441\u043e\u043c 95 \u0433 \u0438 \u043d\u0430\u0433\u0440\u0443\u0437\u043a\u043e\u0439 \u0434\u043e 25 \u043a\u041d. \u0418\u0434\u0435\u0430\u043b\u044c\u043d\u043e \u043f\u043e\u0434\u0445\u043e\u0434\u0438\u0442 \u0434\u043b\u044f \u0431\u0435\u0437\u043e\u043f\u0430\u0441\u043d\u043e\u0433\u043e \u043a\u0440\u0435\u043f\u043b\u0435\u043d\u0438\u044f.\" \/>\n<meta name=\"robots\" content=\"noindex, follow, max-snippet:-1, max-image-preview:large, max-video-preview:-1\" \/>\n<meta property=\"og:locale\" content=\"ro_RO\" \/>\n<meta property=\"og:type\" content=\"article\" \/>\n<meta property=\"og:title\" content=\"\u0421\u043e\u0435\u0434\u0438\u043d\u0438\u0442\u0435\u043b\u044c\u043d\u043e\u0435 \u0437\u0432\u0435\u043d\u043e Petzl Delta N8 Screwlink - \u041c\u0430\u0433\u0430\u0437\u0438\u043d Xstyle\" \/>\n<meta property=\"og:description\" content=\"\u0421\u043e\u0435\u0434\u0438\u043d\u0438\u0442\u0435\u043b\u044c\u043d\u043e\u0435 \u0437\u0432\u0435\u043d\u043e Petzl Delta N8 Screwlink - \u043f\u0440\u043e\u0447\u043d\u044b\u0439 \u0442\u0440\u0435\u0443\u0433\u043e\u043b\u044c\u043d\u044b\u0439 \u043a\u0430\u0440\u0430\u0431\u0438\u043d \u0441 \u0432\u0435\u0441\u043e\u043c 95 \u0433 \u0438 \u043d\u0430\u0433\u0440\u0443\u0437\u043a\u043e\u0439 \u0434\u043e 25 \u043a\u041d. \u0418\u0434\u0435\u0430\u043b\u044c\u043d\u043e \u043f\u043e\u0434\u0445\u043e\u0434\u0438\u0442 \u0434\u043b\u044f \u0431\u0435\u0437\u043e\u043f\u0430\u0441\u043d\u043e\u0433\u043e \u043a\u0440\u0435\u043f\u043b\u0435\u043d\u0438\u044f.\" \/>\n<meta property=\"og:url\" content=\"https:\/\/dev.xstyle.md\/ro\/produs\/soedinitel-noe-zveno-petzl-delta-n8-screwlink\/\" \/>\n<meta property=\"og:site_name\" content=\"\u041c\u0430\u0433\u0430\u0437\u0438\u043d Xstyle\" \/>\n<meta property=\"article:publisher\" content=\"https:\/\/www.facebook.com\/xstylemd\" \/>\n<meta property=\"article:modified_time\" content=\"2024-10-02T19:23:06+00:00\" \/>\n<meta property=\"og:image\" content=\"https:\/\/dev.xstyle.md\/wp-content\/uploads\/2020\/07\/1530204670_1.jpeg\" \/>\n\t<meta property=\"og:image:width\" content=\"515\" \/>\n\t<meta property=\"og:image:height\" content=\"600\" \/>\n\t<meta property=\"og:image:type\" content=\"image\/jpeg\" \/>\n<meta name=\"twitter:card\" content=\"summary_large_image\" \/>\n<meta name=\"twitter:label1\" content=\"Pre\u021b\" \/>\n\t<meta name=\"twitter:data1\" content=\"175,00&nbsp;MDL\" \/>\n\t<meta name=\"twitter:label2\" content=\"Disponibilitate\" \/>\n\t<meta name=\"twitter:data2\" content=\"\u00cen stoc\" \/>\n<script type=\"application\/ld+json\" class=\"yoast-schema-graph\">{\"@context\":\"https:\\\/\\\/schema.org\",\"@graph\":[{\"@type\":\"WebPage\",\"@id\":\"https:\\\/\\\/dev.xstyle.md\\\/product\\\/soedinitel-noe-zveno-petzl-delta-n8-screwlink\\\/\",\"url\":\"https:\\\/\\\/dev.xstyle.md\\\/product\\\/soedinitel-noe-zveno-petzl-delta-n8-screwlink\\\/\",\"name\":\"\u0421\u043e\u0435\u0434\u0438\u043d\u0438\u0442\u0435\u043b\u044c\u043d\u043e\u0435 \u0437\u0432\u0435\u043d\u043e Petzl Delta N8 Screwlink - \u041c\u0430\u0433\u0430\u0437\u0438\u043d Xstyle\",\"isPartOf\":{\"@id\":\"https:\\\/\\\/dev.xstyle.md\\\/#website\"},\"primaryImageOfPage\":{\"@id\":\"https:\\\/\\\/dev.xstyle.md\\\/product\\\/soedinitel-noe-zveno-petzl-delta-n8-screwlink\\\/#primaryimage\"},\"image\":{\"@id\":\"https:\\\/\\\/dev.xstyle.md\\\/product\\\/soedinitel-noe-zveno-petzl-delta-n8-screwlink\\\/#primaryimage\"},\"thumbnailUrl\":\"https:\\\/\\\/dev.xstyle.md\\\/wp-content\\\/uploads\\\/2020\\\/07\\\/1530204670_1.jpeg\",\"datePublished\":\"2020-07-17T20:30:02+00:00\",\"dateModified\":\"2024-10-02T19:23:06+00:00\",\"description\":\"\u0421\u043e\u0435\u0434\u0438\u043d\u0438\u0442\u0435\u043b\u044c\u043d\u043e\u0435 \u0437\u0432\u0435\u043d\u043e Petzl Delta N8 Screwlink - \u043f\u0440\u043e\u0447\u043d\u044b\u0439 \u0442\u0440\u0435\u0443\u0433\u043e\u043b\u044c\u043d\u044b\u0439 \u043a\u0430\u0440\u0430\u0431\u0438\u043d \u0441 \u0432\u0435\u0441\u043e\u043c 95 \u0433 \u0438 \u043d\u0430\u0433\u0440\u0443\u0437\u043a\u043e\u0439 \u0434\u043e 25 \u043a\u041d. \u0418\u0434\u0435\u0430\u043b\u044c\u043d\u043e \u043f\u043e\u0434\u0445\u043e\u0434\u0438\u0442 \u0434\u043b\u044f \u0431\u0435\u0437\u043e\u043f\u0430\u0441\u043d\u043e\u0433\u043e \u043a\u0440\u0435\u043f\u043b\u0435\u043d\u0438\u044f.\",\"breadcrumb\":{\"@id\":\"https:\\\/\\\/dev.xstyle.md\\\/product\\\/soedinitel-noe-zveno-petzl-delta-n8-screwlink\\\/#breadcrumb\"},\"inLanguage\":\"ro-RO\",\"potentialAction\":[{\"@type\":\"ReadAction\",\"target\":[\"https:\\\/\\\/dev.xstyle.md\\\/product\\\/soedinitel-noe-zveno-petzl-delta-n8-screwlink\\\/\"]}]},{\"@type\":\"ImageObject\",\"inLanguage\":\"ro-RO\",\"@id\":\"https:\\\/\\\/dev.xstyle.md\\\/product\\\/soedinitel-noe-zveno-petzl-delta-n8-screwlink\\\/#primaryimage\",\"url\":\"https:\\\/\\\/dev.xstyle.md\\\/wp-content\\\/uploads\\\/2020\\\/07\\\/1530204670_1.jpeg\",\"contentUrl\":\"https:\\\/\\\/dev.xstyle.md\\\/wp-content\\\/uploads\\\/2020\\\/07\\\/1530204670_1.jpeg\",\"width\":515,\"height\":600},{\"@type\":\"BreadcrumbList\",\"@id\":\"https:\\\/\\\/dev.xstyle.md\\\/product\\\/soedinitel-noe-zveno-petzl-delta-n8-screwlink\\\/#breadcrumb\",\"itemListElement\":[{\"@type\":\"ListItem\",\"position\":1,\"name\":\"\u0413\u043b\u0430\u0432\u043d\u0430\u044f \u0441\u0442\u0440\u0430\u043d\u0438\u0446\u0430\",\"item\":\"https:\\\/\\\/dev.xstyle.md\\\/\"},{\"@type\":\"ListItem\",\"position\":2,\"name\":\"Shop\",\"item\":\"https:\\\/\\\/dev.xstyle.md\\\/shop\\\/\"},{\"@type\":\"ListItem\",\"position\":3,\"name\":\"\u0421\u043e\u0435\u0434\u0438\u043d\u0438\u0442\u0435\u043b\u044c\u043d\u043e\u0435 \u0437\u0432\u0435\u043d\u043e Petzl Delta N8 Screwlink\"}]},{\"@type\":\"WebSite\",\"@id\":\"https:\\\/\\\/dev.xstyle.md\\\/#website\",\"url\":\"https:\\\/\\\/dev.xstyle.md\\\/\",\"name\":\"\u041c\u0430\u0433\u0430\u0437\u0438\u043d Xstyle\",\"description\":\"C\u043d\u0430\u0440\u044f\u0436\u0435\u043d\u0438\u0435 \u0434\u043b\u044f \u0442\u0443\u0440\u0438\u0437\u043c\u0430 \u0438 \u044d\u043a\u0441\u0442\u0440\u0435\u043c\u0430\u043b\u044c\u043d\u044b\u0445 \u0432\u0438\u0434\u043e\u0432 \u0441\u043f\u043e\u0440\u0442\u0430 \u0432 \u041c\u043e\u043b\u0434\u043e\u0432\u0435.. \u0426\u0435\u043d\u044b, \u0444\u043e\u0442\u043e, \u0445\u0430\u0440\u0430\u043a\u0442\u0435\u0440\u0438\u0441\u0442\u0438\u043a\u0438 \u0432 \u041c\u043e\u043b\u0434\u043e\u0432\u0435.\",\"publisher\":{\"@id\":\"https:\\\/\\\/dev.xstyle.md\\\/#organization\"},\"alternateName\":\"X-Style\",\"potentialAction\":[{\"@type\":\"SearchAction\",\"target\":{\"@type\":\"EntryPoint\",\"urlTemplate\":\"https:\\\/\\\/dev.xstyle.md\\\/?s={search_term_string}\"},\"query-input\":{\"@type\":\"PropertyValueSpecification\",\"valueRequired\":true,\"valueName\":\"search_term_string\"}}],\"inLanguage\":\"ro-RO\"},{\"@type\":\"Organization\",\"@id\":\"https:\\\/\\\/dev.xstyle.md\\\/#organization\",\"name\":\"\u041c\u0430\u0433\u0430\u0437\u0438\u043d Xstyle\",\"alternateName\":\"x-style\",\"url\":\"https:\\\/\\\/dev.xstyle.md\\\/\",\"logo\":{\"@type\":\"ImageObject\",\"inLanguage\":\"ro-RO\",\"@id\":\"https:\\\/\\\/dev.xstyle.md\\\/#\\\/schema\\\/logo\\\/image\\\/\",\"url\":\"https:\\\/\\\/dev.xstyle.md\\\/wp-content\\\/uploads\\\/2020\\\/06\\\/logoicon.svg\",\"contentUrl\":\"https:\\\/\\\/dev.xstyle.md\\\/wp-content\\\/uploads\\\/2020\\\/06\\\/logoicon.svg\",\"caption\":\"\u041c\u0430\u0433\u0430\u0437\u0438\u043d Xstyle\"},\"image\":{\"@id\":\"https:\\\/\\\/dev.xstyle.md\\\/#\\\/schema\\\/logo\\\/image\\\/\"},\"sameAs\":[\"https:\\\/\\\/www.facebook.com\\\/xstylemd\",\"https:\\\/\\\/www.instagram.com\\\/xstyle_md\\\/\",\"https:\\\/\\\/t.me\\\/xstyle_outdoor\"],\"hasMerchantReturnPolicy\":{\"@type\":\"MerchantReturnPolicy\",\"merchantReturnLink\":\"https:\\\/\\\/dev.xstyle.md\\\/ro\\\/conditions\\\/\"}}]}<\/script>\n<meta property=\"product:price:amount\" content=\"175.00\" \/>\n<meta property=\"product:price:currency\" content=\"MDL\" \/>\n<meta property=\"og:availability\" content=\"instock\" \/>\n<meta property=\"product:availability\" content=\"instock\" \/>\n<meta property=\"product:retailer_item_id\" content=\"3342540079434\" \/>\n<meta property=\"product:condition\" content=\"new\" \/>\n<!-- \/ Yoast SEO plugin. -->","yoast_head_json":{"title":"Carabinier\u0103 Petzl Delta N8 Screwlink - Magazin Xstyle","description":"Conectorul Petzl Delta N8 Screwlink - un carabinier triughiular rezistent, cu o greutate de 95 g \u0219i o capacitate de \u00eenc\u0103rcare de p\u00e2n\u0103 la 25 kN. Este perfect pentru prinderea sigur\u0103.","robots":{"index":"noindex","follow":"follow","max-snippet":"max-snippet:-1","max-image-preview":"max-image-preview:large","max-video-preview":"max-video-preview:-1"},"og_locale":"ro_RO","og_type":"article","og_title":"\u0421\u043e\u0435\u0434\u0438\u043d\u0438\u0442\u0435\u043b\u044c\u043d\u043e\u0435 \u0437\u0432\u0435\u043d\u043e Petzl Delta N8 Screwlink - \u041c\u0430\u0433\u0430\u0437\u0438\u043d Xstyle","og_description":"\u0421\u043e\u0435\u0434\u0438\u043d\u0438\u0442\u0435\u043b\u044c\u043d\u043e\u0435 \u0437\u0432\u0435\u043d\u043e Petzl Delta N8 Screwlink - \u043f\u0440\u043e\u0447\u043d\u044b\u0439 \u0442\u0440\u0435\u0443\u0433\u043e\u043b\u044c\u043d\u044b\u0439 \u043a\u0430\u0440\u0430\u0431\u0438\u043d \u0441 \u0432\u0435\u0441\u043e\u043c 95 \u0433 \u0438 \u043d\u0430\u0433\u0440\u0443\u0437\u043a\u043e\u0439 \u0434\u043e 25 \u043a\u041d. \u0418\u0434\u0435\u0430\u043b\u044c\u043d\u043e \u043f\u043e\u0434\u0445\u043e\u0434\u0438\u0442 \u0434\u043b\u044f \u0431\u0435\u0437\u043e\u043f\u0430\u0441\u043d\u043e\u0433\u043e \u043a\u0440\u0435\u043f\u043b\u0435\u043d\u0438\u044f.","og_url":"https:\/\/dev.xstyle.md\/ro\/produs\/soedinitel-noe-zveno-petzl-delta-n8-screwlink\/","og_site_name":"\u041c\u0430\u0433\u0430\u0437\u0438\u043d Xstyle","article_publisher":"https:\/\/www.facebook.com\/xstylemd","article_modified_time":"2024-10-02T19:23:06+00:00","og_image":[{"width":515,"height":600,"url":"https:\/\/dev.xstyle.md\/wp-content\/uploads\/2020\/07\/1530204670_1.jpeg","type":"image\/jpeg"}],"twitter_card":"summary_large_image","twitter_misc":{"Pre\u021b":"175,00&nbsp;MDL","Disponibilitate":"\u00cen stoc"},"schema":{"@context":"https:\/\/schema.org","@graph":[{"@type":"WebPage","@id":"https:\/\/dev.xstyle.md\/product\/soedinitel-noe-zveno-petzl-delta-n8-screwlink\/","url":"https:\/\/dev.xstyle.md\/product\/soedinitel-noe-zveno-petzl-delta-n8-screwlink\/","name":"Carabinier\u0103 Petzl Delta N8 Screwlink - Magazin Xstyle","isPartOf":{"@id":"https:\/\/dev.xstyle.md\/#website"},"primaryImageOfPage":{"@id":"https:\/\/dev.xstyle.md\/product\/soedinitel-noe-zveno-petzl-delta-n8-screwlink\/#primaryimage"},"image":{"@id":"https:\/\/dev.xstyle.md\/product\/soedinitel-noe-zveno-petzl-delta-n8-screwlink\/#primaryimage"},"thumbnailUrl":"https:\/\/dev.xstyle.md\/wp-content\/uploads\/2020\/07\/1530204670_1.jpeg","datePublished":"2020-07-17T20:30:02+00:00","dateModified":"2024-10-02T19:23:06+00:00","description":"Conectorul Petzl Delta N8 Screwlink - un carabinier triughiular rezistent, cu o greutate de 95 g \u0219i o capacitate de \u00eenc\u0103rcare de p\u00e2n\u0103 la 25 kN. Este perfect pentru prinderea sigur\u0103.","breadcrumb":{"@id":"https:\/\/dev.xstyle.md\/product\/soedinitel-noe-zveno-petzl-delta-n8-screwlink\/#breadcrumb"},"inLanguage":"ro-RO","potentialAction":[{"@type":"ReadAction","target":["https:\/\/dev.xstyle.md\/product\/soedinitel-noe-zveno-petzl-delta-n8-screwlink\/"]}]},{"@type":"ImageObject","inLanguage":"ro-RO","@id":"https:\/\/dev.xstyle.md\/product\/soedinitel-noe-zveno-petzl-delta-n8-screwlink\/#primaryimage","url":"https:\/\/dev.xstyle.md\/wp-content\/uploads\/2020\/07\/1530204670_1.jpeg","contentUrl":"https:\/\/dev.xstyle.md\/wp-content\/uploads\/2020\/07\/1530204670_1.jpeg","width":515,"height":600},{"@type":"BreadcrumbList","@id":"https:\/\/dev.xstyle.md\/product\/soedinitel-noe-zveno-petzl-delta-n8-screwlink\/#breadcrumb","itemListElement":[{"@type":"ListItem","position":1,"name":"\u0413\u043b\u0430\u0432\u043d\u0430\u044f \u0441\u0442\u0440\u0430\u043d\u0438\u0446\u0430","item":"https:\/\/dev.xstyle.md\/"},{"@type":"ListItem","position":2,"name":"Shop","item":"https:\/\/dev.xstyle.md\/shop\/"},{"@type":"ListItem","position":3,"name":"\u0421\u043e\u0435\u0434\u0438\u043d\u0438\u0442\u0435\u043b\u044c\u043d\u043e\u0435 \u0437\u0432\u0435\u043d\u043e Petzl Delta N8 Screwlink"}]},{"@type":"WebSite","@id":"https:\/\/dev.xstyle.md\/#website","url":"https:\/\/dev.xstyle.md\/","name":"Magazinul X-Style","description":"Echipamente pentru turism \u0219i sporturi extreme \u00een Moldova. Pre\u021buri, fotografii, caracteristici \u00een Moldova.","publisher":{"@id":"https:\/\/dev.xstyle.md\/#organization"},"alternateName":"X-Style","potentialAction":[{"@type":"SearchAction","target":{"@type":"EntryPoint","urlTemplate":"https:\/\/dev.xstyle.md\/?s={search_term_string}"},"query-input":{"@type":"PropertyValueSpecification","valueRequired":true,"valueName":"search_term_string"}}],"inLanguage":"ro-RO"},{"@type":"Organization","@id":"https:\/\/dev.xstyle.md\/#organization","name":"Magazinul X-Style","alternateName":"x-style","url":"https:\/\/dev.xstyle.md\/","logo":{"@type":"ImageObject","inLanguage":"ro-RO","@id":"https:\/\/dev.xstyle.md\/#\/schema\/logo\/image\/","url":"https:\/\/dev.xstyle.md\/wp-content\/uploads\/2020\/06\/logoicon.svg","contentUrl":"https:\/\/dev.xstyle.md\/wp-content\/uploads\/2020\/06\/logoicon.svg","caption":"\u041c\u0430\u0433\u0430\u0437\u0438\u043d Xstyle"},"image":{"@id":"https:\/\/dev.xstyle.md\/#\/schema\/logo\/image\/"},"sameAs":["https:\/\/www.facebook.com\/xstylemd","https:\/\/www.instagram.com\/xstyle_md\/","https:\/\/t.me\/xstyle_outdoor"],"hasMerchantReturnPolicy":{"@type":"MerchantReturnPolicy","merchantReturnLink":"https:\/\/dev.xstyle.md\/ro\/conditions\/"}}]},"product_price_amount":"175.00","product_price_currency":"MDL","og_availability":"instock","product_availability":"instock","product_retailer_item_id":"3342540079434","product_condition":"new"},"post_mailing_queue_ids":[],"_links":{"self":[{"href":"https:\/\/dev.xstyle.md\/ro\/wp-json\/wp\/v2\/product\/18974","targetHints":{"allow":["GET"]}}],"collection":[{"href":"https:\/\/dev.xstyle.md\/ro\/wp-json\/wp\/v2\/product"}],"about":[{"href":"https:\/\/dev.xstyle.md\/ro\/wp-json\/wp\/v2\/types\/product"}],"replies":[{"embeddable":true,"href":"https:\/\/dev.xstyle.md\/ro\/wp-json\/wp\/v2\/comments?post=18974"}],"version-history":[{"count":0,"href":"https:\/\/dev.xstyle.md\/ro\/wp-json\/wp\/v2\/product\/18974\/revisions"}],"wp:featuredmedia":[{"embeddable":true,"href":"https:\/\/dev.xstyle.md\/ro\/wp-json\/wp\/v2\/media\/18973"}],"wp:attachment":[{"href":"https:\/\/dev.xstyle.md\/ro\/wp-json\/wp\/v2\/media?parent=18974"}],"wp:term":[{"taxonomy":"product_brand","embeddable":true,"href":"https:\/\/dev.xstyle.md\/ro\/wp-json\/wp\/v2\/product_brand?post=18974"},{"taxonomy":"product_cat","embeddable":true,"href":"https:\/\/dev.xstyle.md\/ro\/wp-json\/wp\/v2\/product_cat?post=18974"},{"taxonomy":"product_tag","embeddable":true,"href":"https:\/\/dev.xstyle.md\/ro\/wp-json\/wp\/v2\/product_tag?post=18974"}],"curies":[{"name":"wp","href":"https:\/\/api.w.org\/{rel}","templated":true}]}}