{"id":18268,"date":"2020-07-17T18:52:22","date_gmt":"2020-07-17T15:52:22","guid":{"rendered":"https:\/\/xstyle.md\/product\/perchatki-outdoor-research-alti-mitts"},"modified":"2024-10-19T23:59:38","modified_gmt":"2024-10-19T20:59:38","slug":"perchatki-outdoor-research-alti-mitts","status":"publish","type":"product","link":"https:\/\/xstyle.md\/ro\/produs\/perchatki-outdoor-research-alti-mitts\/","title":{"rendered":"M\u0103nu\u0219i Outdoor Research Alti Mitts"},"content":{"rendered":"<\/p>\n<p><strong>M\u0103nu\u0219i Outdoor Research Alti Mitts\u00a0&#8212;\u00a0<\/strong>concepute pentru v\u00e2rfuri de 8000 de metri \u0219i expedi\u021bii arctice, oferind c\u0103ldur\u0103 \u0219i protec\u021bie maxim\u0103. Fabricate din Gore-Tex respirabil \u0219i impermeabil, fleece Moonlite Pile \u2122, PrimaLoft\u00ae Gold Insulation, un strat deta\u0219abil de c\u0103ptu\u0219eal\u0103 pentru protec\u021bie, iar palmele de piele rezistent\u0103 la ap\u0103 Pittards\u00ae \u0219i cus\u0103turile de kevlar rezist\u0103 unor condi\u021bii dificile alpine.<\/p>\n<p><strong>Caracteristici:<\/strong><\/p>\n<ul>\n<li>Rezistente la ap\u0103 \u0219i respirabile<\/li>\n<li>Rezisten\u021b\u0103 la v\u00e2nt windproof<\/li>\n<li>Asigur\u0103 \u00eendep\u0103rtarea umidit\u0103\u021bii<\/li>\n<li>Cus\u0103turi complet lipite<\/li>\n<li>Palm\u0103 din piele impermeabil\u0103<\/li>\n<li>Fire Kevlar<\/li>\n<li>Carcas\u0103 deta\u0219abil\u0103<\/li>\n<li>Bucl\u0103 pentru carabin\u0103<\/li>\n<li>Inser\u021biile AlpenGrip previn alunecarea<\/li>\n<li>Man\u0219et\u0103 elastic\u0103<\/li>\n<li>SuperCinch Gauntlet \u2122<\/li>\n<li>Material: GORE-TEX 2.5L 100% nylon<\/li>\n<li>Greutate: 364 g<\/li>\n<\/ul>\n<p><\/p>","protected":false},"excerpt":{"rendered":"<p>M\u0103nu\u0219i Outdoor Research Alti Mitts<\/p>","protected":false},"featured_media":18267,"comment_status":"open","ping_status":"closed","template":"","meta":{"_acf_changed":false,"inline_featured_image":false},"product_brand":[1328],"product_cat":[881,889],"product_tag":[],"class_list":{"0":"post-18268","1":"product","2":"type-product","3":"status-publish","4":"has-post-thumbnail","6":"product_brand-outdoor-research","7":"product_cat-ski-gloves-women","8":"product_cat-ski-gloves-men","10":"first","11":"instock","12":"sale","13":"shipping-taxable","14":"purchasable","15":"product-type-simple"},"acf":[],"yoast_head":"<!-- This site is optimized with the Yoast SEO plugin v27.4 - https:\/\/yoast.com\/product\/yoast-seo-wordpress\/ -->\n<title>\u0412\u0430\u0440\u0435\u0436\u043a\u0438 Outdoor Research Alti Mitts - \u041c\u0430\u0433\u0430\u0437\u0438\u043d Xstyle<\/title>\n<meta name=\"description\" content=\"\u0412\u0430\u0440\u0435\u0436\u043a\u0438 Outdoor Research Alti Mitts - \u0438\u0434\u0435\u0430\u043b\u044c\u043d\u044b\u0439 \u0432\u044b\u0431\u043e\u0440 \u0434\u043b\u044f \u044d\u043a\u0441\u0442\u0440\u0435\u043c\u0430\u043b\u044c\u043d\u044b\u0445 \u0443\u0441\u043b\u043e\u0432\u0438\u0439. \u0413\u0438\u0434\u0440\u043e\u0444\u043e\u0431\u043d\u044b\u0435, \u0442\u0435\u043f\u043b\u044b\u0435 \u0438 \u043f\u0440\u043e\u0447\u043d\u044b\u0435, \u0437\u0430\u0449\u0438\u0442\u044f\u0442 \u0432\u0430\u0441 \u043d\u0430 \u0432\u044b\u0441\u043e\u0442\u0435 8000 \u043c!\" \/>\n<meta name=\"robots\" content=\"index, follow, max-snippet:-1, max-image-preview:large, max-video-preview:-1\" \/>\n<link rel=\"canonical\" href=\"https:\/\/xstyle.md\/ro\/produs\/perchatki-outdoor-research-alti-mitts\/\" \/>\n<meta property=\"og:locale\" content=\"ro_RO\" \/>\n<meta property=\"og:type\" content=\"article\" \/>\n<meta property=\"og:title\" content=\"\u0412\u0430\u0440\u0435\u0436\u043a\u0438 Outdoor Research Alti Mitts - \u041c\u0430\u0433\u0430\u0437\u0438\u043d Xstyle\" \/>\n<meta property=\"og:description\" content=\"\u0412\u0430\u0440\u0435\u0436\u043a\u0438 Outdoor Research Alti Mitts - \u0438\u0434\u0435\u0430\u043b\u044c\u043d\u044b\u0439 \u0432\u044b\u0431\u043e\u0440 \u0434\u043b\u044f \u044d\u043a\u0441\u0442\u0440\u0435\u043c\u0430\u043b\u044c\u043d\u044b\u0445 \u0443\u0441\u043b\u043e\u0432\u0438\u0439. \u0413\u0438\u0434\u0440\u043e\u0444\u043e\u0431\u043d\u044b\u0435, \u0442\u0435\u043f\u043b\u044b\u0435 \u0438 \u043f\u0440\u043e\u0447\u043d\u044b\u0435, \u0437\u0430\u0449\u0438\u0442\u044f\u0442 \u0432\u0430\u0441 \u043d\u0430 \u0432\u044b\u0441\u043e\u0442\u0435 8000 \u043c!\" \/>\n<meta property=\"og:url\" content=\"https:\/\/xstyle.md\/ro\/produs\/perchatki-outdoor-research-alti-mitts\/\" \/>\n<meta property=\"og:site_name\" content=\"\u041c\u0430\u0433\u0430\u0437\u0438\u043d Xstyle\" \/>\n<meta property=\"article:publisher\" content=\"https:\/\/www.facebook.com\/xstylemd\" \/>\n<meta property=\"article:modified_time\" content=\"2024-10-19T20:59:38+00:00\" \/>\n<meta property=\"og:image\" content=\"https:\/\/xstyle.md\/wp-content\/uploads\/2020\/07\/2432840001_145326_png_zoom_23.jpg\" \/>\n\t<meta property=\"og:image:width\" content=\"768\" \/>\n\t<meta property=\"og:image:height\" content=\"768\" \/>\n\t<meta property=\"og:image:type\" content=\"image\/jpeg\" \/>\n<meta name=\"twitter:card\" content=\"summary_large_image\" \/>\n<meta name=\"twitter:label1\" content=\"Pre\u021b\" \/>\n\t<meta name=\"twitter:data1\" content=\"3.283&nbsp;MDL\" \/>\n\t<meta name=\"twitter:label2\" content=\"Disponibilitate\" \/>\n\t<meta name=\"twitter:data2\" content=\"\u00cen stoc\" \/>\n<script type=\"application\/ld+json\" class=\"yoast-schema-graph\">{\"@context\":\"https:\\\/\\\/schema.org\",\"@graph\":[{\"@type\":\"WebPage\",\"@id\":\"https:\\\/\\\/xstyle.md\\\/product\\\/perchatki-outdoor-research-alti-mitts\\\/\",\"url\":\"https:\\\/\\\/xstyle.md\\\/product\\\/perchatki-outdoor-research-alti-mitts\\\/\",\"name\":\"\u0412\u0430\u0440\u0435\u0436\u043a\u0438 Outdoor Research Alti Mitts - \u041c\u0430\u0433\u0430\u0437\u0438\u043d Xstyle\",\"isPartOf\":{\"@id\":\"https:\\\/\\\/xstyle.md\\\/#website\"},\"primaryImageOfPage\":{\"@id\":\"https:\\\/\\\/xstyle.md\\\/product\\\/perchatki-outdoor-research-alti-mitts\\\/#primaryimage\"},\"image\":{\"@id\":\"https:\\\/\\\/xstyle.md\\\/product\\\/perchatki-outdoor-research-alti-mitts\\\/#primaryimage\"},\"thumbnailUrl\":\"https:\\\/\\\/xstyle.md\\\/wp-content\\\/uploads\\\/2020\\\/07\\\/2432840001_145326_png_zoom_23.jpg\",\"datePublished\":\"2020-07-17T15:52:22+00:00\",\"dateModified\":\"2024-10-19T20:59:38+00:00\",\"description\":\"\u0412\u0430\u0440\u0435\u0436\u043a\u0438 Outdoor Research Alti Mitts - \u0438\u0434\u0435\u0430\u043b\u044c\u043d\u044b\u0439 \u0432\u044b\u0431\u043e\u0440 \u0434\u043b\u044f \u044d\u043a\u0441\u0442\u0440\u0435\u043c\u0430\u043b\u044c\u043d\u044b\u0445 \u0443\u0441\u043b\u043e\u0432\u0438\u0439. \u0413\u0438\u0434\u0440\u043e\u0444\u043e\u0431\u043d\u044b\u0435, \u0442\u0435\u043f\u043b\u044b\u0435 \u0438 \u043f\u0440\u043e\u0447\u043d\u044b\u0435, \u0437\u0430\u0449\u0438\u0442\u044f\u0442 \u0432\u0430\u0441 \u043d\u0430 \u0432\u044b\u0441\u043e\u0442\u0435 8000 \u043c!\",\"breadcrumb\":{\"@id\":\"https:\\\/\\\/xstyle.md\\\/product\\\/perchatki-outdoor-research-alti-mitts\\\/#breadcrumb\"},\"inLanguage\":\"ro-RO\",\"potentialAction\":[{\"@type\":\"ReadAction\",\"target\":[\"https:\\\/\\\/xstyle.md\\\/product\\\/perchatki-outdoor-research-alti-mitts\\\/\"]}]},{\"@type\":\"ImageObject\",\"inLanguage\":\"ro-RO\",\"@id\":\"https:\\\/\\\/xstyle.md\\\/product\\\/perchatki-outdoor-research-alti-mitts\\\/#primaryimage\",\"url\":\"https:\\\/\\\/xstyle.md\\\/wp-content\\\/uploads\\\/2020\\\/07\\\/2432840001_145326_png_zoom_23.jpg\",\"contentUrl\":\"https:\\\/\\\/xstyle.md\\\/wp-content\\\/uploads\\\/2020\\\/07\\\/2432840001_145326_png_zoom_23.jpg\",\"width\":768,\"height\":768},{\"@type\":\"BreadcrumbList\",\"@id\":\"https:\\\/\\\/xstyle.md\\\/product\\\/perchatki-outdoor-research-alti-mitts\\\/#breadcrumb\",\"itemListElement\":[{\"@type\":\"ListItem\",\"position\":1,\"name\":\"\u0413\u043b\u0430\u0432\u043d\u0430\u044f \u0441\u0442\u0440\u0430\u043d\u0438\u0446\u0430\",\"item\":\"https:\\\/\\\/xstyle.md\\\/\"},{\"@type\":\"ListItem\",\"position\":2,\"name\":\"\u041c\u0430\u0433\u0430\u0437\u0438\u043d\",\"item\":\"https:\\\/\\\/xstyle.md\\\/shop\\\/\"},{\"@type\":\"ListItem\",\"position\":3,\"name\":\"\u0412\u0430\u0440\u0435\u0436\u043a\u0438 Outdoor Research Alti Mitts\"}]},{\"@type\":\"WebSite\",\"@id\":\"https:\\\/\\\/xstyle.md\\\/#website\",\"url\":\"https:\\\/\\\/xstyle.md\\\/\",\"name\":\"\u041c\u0430\u0433\u0430\u0437\u0438\u043d Xstyle\",\"description\":\"C\u043d\u0430\u0440\u044f\u0436\u0435\u043d\u0438\u0435 \u0434\u043b\u044f \u0442\u0443\u0440\u0438\u0437\u043c\u0430 \u0438 \u044d\u043a\u0441\u0442\u0440\u0435\u043c\u0430\u043b\u044c\u043d\u044b\u0445 \u0432\u0438\u0434\u043e\u0432 \u0441\u043f\u043e\u0440\u0442\u0430 \u0432 \u041c\u043e\u043b\u0434\u043e\u0432\u0435.. \u0426\u0435\u043d\u044b, \u0444\u043e\u0442\u043e, \u0445\u0430\u0440\u0430\u043a\u0442\u0435\u0440\u0438\u0441\u0442\u0438\u043a\u0438 \u0432 \u041c\u043e\u043b\u0434\u043e\u0432\u0435.\",\"publisher\":{\"@id\":\"https:\\\/\\\/xstyle.md\\\/#organization\"},\"alternateName\":\"X-Style\",\"potentialAction\":[{\"@type\":\"SearchAction\",\"target\":{\"@type\":\"EntryPoint\",\"urlTemplate\":\"https:\\\/\\\/xstyle.md\\\/?s={search_term_string}\"},\"query-input\":{\"@type\":\"PropertyValueSpecification\",\"valueRequired\":true,\"valueName\":\"search_term_string\"}}],\"inLanguage\":\"ro-RO\"},{\"@type\":\"Organization\",\"@id\":\"https:\\\/\\\/xstyle.md\\\/#organization\",\"name\":\"\u041c\u0430\u0433\u0430\u0437\u0438\u043d Xstyle\",\"alternateName\":\"x-style\",\"url\":\"https:\\\/\\\/xstyle.md\\\/\",\"logo\":{\"@type\":\"ImageObject\",\"inLanguage\":\"ro-RO\",\"@id\":\"https:\\\/\\\/xstyle.md\\\/#\\\/schema\\\/logo\\\/image\\\/\",\"url\":\"https:\\\/\\\/xstyle.md\\\/wp-content\\\/uploads\\\/2020\\\/06\\\/logoicon.svg\",\"contentUrl\":\"https:\\\/\\\/xstyle.md\\\/wp-content\\\/uploads\\\/2020\\\/06\\\/logoicon.svg\",\"caption\":\"\u041c\u0430\u0433\u0430\u0437\u0438\u043d Xstyle\"},\"image\":{\"@id\":\"https:\\\/\\\/xstyle.md\\\/#\\\/schema\\\/logo\\\/image\\\/\"},\"sameAs\":[\"https:\\\/\\\/www.facebook.com\\\/xstylemd\",\"https:\\\/\\\/www.instagram.com\\\/xstyle_md\\\/\",\"https:\\\/\\\/t.me\\\/xstyle_outdoor\"],\"hasMerchantReturnPolicy\":{\"@type\":\"MerchantReturnPolicy\",\"merchantReturnLink\":\"https:\\\/\\\/xstyle.md\\\/ro\\\/conditions\\\/\"}}]}<\/script>\n<meta property=\"product:price:amount\" content=\"3283.00\" \/>\n<meta property=\"product:price:currency\" content=\"MDL\" \/>\n<meta property=\"og:availability\" content=\"instock\" \/>\n<meta property=\"product:availability\" content=\"instock\" \/>\n<meta property=\"product:retailer_item_id\" content=\"727602202662\" \/>\n<meta property=\"product:condition\" content=\"new\" \/>\n<!-- \/ Yoast SEO plugin. -->","yoast_head_json":{"title":"M\u0103nu\u0219i Outdoor Research Alti Mitts - Magazin Xstyle","description":"M\u0103nu\u0219ile Outdoor Research Alti Mitts - alegerea perfect\u0103 pentru condi\u021bii extreme. Hidrofobe, calde \u0219i rezistente, v\u0103 vor proteja la o altitudine de 8000 m!","robots":{"index":"index","follow":"follow","max-snippet":"max-snippet:-1","max-image-preview":"max-image-preview:large","max-video-preview":"max-video-preview:-1"},"canonical":"https:\/\/xstyle.md\/ro\/produs\/perchatki-outdoor-research-alti-mitts\/","og_locale":"ro_RO","og_type":"article","og_title":"\u0412\u0430\u0440\u0435\u0436\u043a\u0438 Outdoor Research Alti Mitts - \u041c\u0430\u0433\u0430\u0437\u0438\u043d Xstyle","og_description":"\u0412\u0430\u0440\u0435\u0436\u043a\u0438 Outdoor Research Alti Mitts - \u0438\u0434\u0435\u0430\u043b\u044c\u043d\u044b\u0439 \u0432\u044b\u0431\u043e\u0440 \u0434\u043b\u044f \u044d\u043a\u0441\u0442\u0440\u0435\u043c\u0430\u043b\u044c\u043d\u044b\u0445 \u0443\u0441\u043b\u043e\u0432\u0438\u0439. \u0413\u0438\u0434\u0440\u043e\u0444\u043e\u0431\u043d\u044b\u0435, \u0442\u0435\u043f\u043b\u044b\u0435 \u0438 \u043f\u0440\u043e\u0447\u043d\u044b\u0435, \u0437\u0430\u0449\u0438\u0442\u044f\u0442 \u0432\u0430\u0441 \u043d\u0430 \u0432\u044b\u0441\u043e\u0442\u0435 8000 \u043c!","og_url":"https:\/\/xstyle.md\/ro\/produs\/perchatki-outdoor-research-alti-mitts\/","og_site_name":"\u041c\u0430\u0433\u0430\u0437\u0438\u043d Xstyle","article_publisher":"https:\/\/www.facebook.com\/xstylemd","article_modified_time":"2024-10-19T20:59:38+00:00","og_image":[{"width":768,"height":768,"url":"https:\/\/xstyle.md\/wp-content\/uploads\/2020\/07\/2432840001_145326_png_zoom_23.jpg","type":"image\/jpeg"}],"twitter_card":"summary_large_image","twitter_misc":{"Pre\u021b":"3.283&nbsp;MDL","Disponibilitate":"\u00cen stoc"},"schema":{"@context":"https:\/\/schema.org","@graph":[{"@type":"WebPage","@id":"https:\/\/xstyle.md\/product\/perchatki-outdoor-research-alti-mitts\/","url":"https:\/\/xstyle.md\/product\/perchatki-outdoor-research-alti-mitts\/","name":"M\u0103nu\u0219i Outdoor Research Alti Mitts - Magazin Xstyle","isPartOf":{"@id":"https:\/\/xstyle.md\/#website"},"primaryImageOfPage":{"@id":"https:\/\/xstyle.md\/product\/perchatki-outdoor-research-alti-mitts\/#primaryimage"},"image":{"@id":"https:\/\/xstyle.md\/product\/perchatki-outdoor-research-alti-mitts\/#primaryimage"},"thumbnailUrl":"https:\/\/xstyle.md\/wp-content\/uploads\/2020\/07\/2432840001_145326_png_zoom_23.jpg","datePublished":"2020-07-17T15:52:22+00:00","dateModified":"2024-10-19T20:59:38+00:00","description":"M\u0103nu\u0219ile Outdoor Research Alti Mitts - alegerea perfect\u0103 pentru condi\u021bii extreme. Hidrofobe, calde \u0219i rezistente, v\u0103 vor proteja la o altitudine de 8000 m!","breadcrumb":{"@id":"https:\/\/xstyle.md\/product\/perchatki-outdoor-research-alti-mitts\/#breadcrumb"},"inLanguage":"ro-RO","potentialAction":[{"@type":"ReadAction","target":["https:\/\/xstyle.md\/product\/perchatki-outdoor-research-alti-mitts\/"]}]},{"@type":"ImageObject","inLanguage":"ro-RO","@id":"https:\/\/xstyle.md\/product\/perchatki-outdoor-research-alti-mitts\/#primaryimage","url":"https:\/\/xstyle.md\/wp-content\/uploads\/2020\/07\/2432840001_145326_png_zoom_23.jpg","contentUrl":"https:\/\/xstyle.md\/wp-content\/uploads\/2020\/07\/2432840001_145326_png_zoom_23.jpg","width":768,"height":768},{"@type":"BreadcrumbList","@id":"https:\/\/xstyle.md\/product\/perchatki-outdoor-research-alti-mitts\/#breadcrumb","itemListElement":[{"@type":"ListItem","position":1,"name":"\u0413\u043b\u0430\u0432\u043d\u0430\u044f \u0441\u0442\u0440\u0430\u043d\u0438\u0446\u0430","item":"https:\/\/xstyle.md\/"},{"@type":"ListItem","position":2,"name":"\u041c\u0430\u0433\u0430\u0437\u0438\u043d","item":"https:\/\/xstyle.md\/shop\/"},{"@type":"ListItem","position":3,"name":"\u0412\u0430\u0440\u0435\u0436\u043a\u0438 Outdoor Research Alti Mitts"}]},{"@type":"WebSite","@id":"https:\/\/xstyle.md\/#website","url":"https:\/\/xstyle.md\/","name":"Magazinul X-Style","description":"Echipamente pentru turism \u0219i sporturi extreme \u00een Moldova. Pre\u021buri, fotografii, caracteristici \u00een Moldova.","publisher":{"@id":"https:\/\/xstyle.md\/#organization"},"alternateName":"X-Style","potentialAction":[{"@type":"SearchAction","target":{"@type":"EntryPoint","urlTemplate":"https:\/\/xstyle.md\/?s={search_term_string}"},"query-input":{"@type":"PropertyValueSpecification","valueRequired":true,"valueName":"search_term_string"}}],"inLanguage":"ro-RO"},{"@type":"Organization","@id":"https:\/\/xstyle.md\/#organization","name":"Magazinul X-Style","alternateName":"x-style","url":"https:\/\/xstyle.md\/","logo":{"@type":"ImageObject","inLanguage":"ro-RO","@id":"https:\/\/xstyle.md\/#\/schema\/logo\/image\/","url":"https:\/\/xstyle.md\/wp-content\/uploads\/2020\/06\/logoicon.svg","contentUrl":"https:\/\/xstyle.md\/wp-content\/uploads\/2020\/06\/logoicon.svg","caption":"\u041c\u0430\u0433\u0430\u0437\u0438\u043d Xstyle"},"image":{"@id":"https:\/\/xstyle.md\/#\/schema\/logo\/image\/"},"sameAs":["https:\/\/www.facebook.com\/xstylemd","https:\/\/www.instagram.com\/xstyle_md\/","https:\/\/t.me\/xstyle_outdoor"],"hasMerchantReturnPolicy":{"@type":"MerchantReturnPolicy","merchantReturnLink":"https:\/\/xstyle.md\/ro\/conditions\/"}}]},"product_price_amount":"3283.00","product_price_currency":"MDL","og_availability":"instock","product_availability":"instock","product_retailer_item_id":"727602202662","product_condition":"new"},"post_mailing_queue_ids":[],"_links":{"self":[{"href":"https:\/\/xstyle.md\/ro\/wp-json\/wp\/v2\/product\/18268","targetHints":{"allow":["GET"]}}],"collection":[{"href":"https:\/\/xstyle.md\/ro\/wp-json\/wp\/v2\/product"}],"about":[{"href":"https:\/\/xstyle.md\/ro\/wp-json\/wp\/v2\/types\/product"}],"replies":[{"embeddable":true,"href":"https:\/\/xstyle.md\/ro\/wp-json\/wp\/v2\/comments?post=18268"}],"wp:featuredmedia":[{"embeddable":true,"href":"https:\/\/xstyle.md\/ro\/wp-json\/wp\/v2\/media\/18267"}],"wp:attachment":[{"href":"https:\/\/xstyle.md\/ro\/wp-json\/wp\/v2\/media?parent=18268"}],"wp:term":[{"taxonomy":"product_brand","embeddable":true,"href":"https:\/\/xstyle.md\/ro\/wp-json\/wp\/v2\/product_brand?post=18268"},{"taxonomy":"product_cat","embeddable":true,"href":"https:\/\/xstyle.md\/ro\/wp-json\/wp\/v2\/product_cat?post=18268"},{"taxonomy":"product_tag","embeddable":true,"href":"https:\/\/xstyle.md\/ro\/wp-json\/wp\/v2\/product_tag?post=18268"}],"curies":[{"name":"wp","href":"https:\/\/api.w.org\/{rel}","templated":true}]}}