{"id":18067,"date":"2020-07-17T18:40:17","date_gmt":"2020-07-17T15:40:17","guid":{"rendered":"https:\/\/xstyle.md\/product\/spal-nyj-meshok-easy-camp-cosmos-junior"},"modified":"2025-10-24T12:59:06","modified_gmt":"2025-10-24T09:59:06","slug":"spal-nyj-meshok-easy-camp-cosmos-junior","status":"publish","type":"product","link":"https:\/\/dev.xstyle.md\/ro\/produs\/spal-nyj-meshok-easy-camp-cosmos-junior\/","title":{"rendered":"Sac de dormit Easy Camp Cosmos Junior"},"content":{"rendered":"<\/p>\n<p><strong>Sac de dormit Easy Camp Cosmos Junior\u00a0&#8212;\u00a0<\/strong>sac de dormit de var\u0103 pentru un turist cu o \u00een\u0103l\u021bime de p\u00e2n\u0103 la 140 cm. Partea exterioar\u0103 \u0219i c\u0103ptu\u0219eala sunt realizate din poliester rezistent. Izola\u021bia este reprezentat\u0103 de un singur strat de material poliesteric.<\/p>\n<p>\u021aes\u0103tura sacului se usuc\u0103 repede, astfel, dup\u0103 o drume\u021bie se poate sp\u0103la \u0219i \u00eentoarce rapid la aspectul s\u0103u original. Forma de tip cocon \u0219i fermoar din dou\u0103 p\u0103r\u021bi faciliteaz\u0103 utilizarea sacului. U\u0219or \u0219i pl\u0103cut pentru somn.<\/p>\n<h3><strong>Caracteristici<\/strong><\/h3>\n<ul>\n<li>Lungime max. &#8212; 140 cm<\/li>\n<li>Greutate max. 700 g<\/li>\n<li>Dimensiunea pachetului &#8212; 32 x 15 cm<\/li>\n<li>Dimensiunile sacului max. &#8212; 170 x 65 x 45 cm (L x L x In)<\/li>\n<li>Material exterior &#8212; 190T 100% poliester<\/li>\n<li>Material interior &#8212; 190T 100% poliester, mat<\/li>\n<li>Umplutur\u0103 &#8212; 1 x 150 g\/m2 fibr\u0103 de poliester<\/li>\n<li>Num\u0103r de straturi &#8212; 1<\/li>\n<li>Poate fi cusut \u00eempreun\u0103 &#8212; da<\/li>\n<li>Caracter sezonier &#8212; var\u0103<\/li>\n<li>Tip &#8212; sac de dormit tip cocon<\/li>\n<li>Gen &#8212; unisex.<\/li>\n<\/ul>\n<h3>Modul de temperatur\u0103<\/h3>\n<ul>\n<li>Temperatura superioar\u0103 de confort: 22 \u00b0C<\/li>\n<li>Temperatura de confort inferioar\u0103: 8 \u00b0C<\/li>\n<li>Temperatura extrem\u0103: -5 \u00b0C.<\/li>\n<\/ul>\n<h3>Marca<\/h3>\n<p>Easy Camp \u2013 este unul dintre cei mai cunoscu\u021bi produc\u0103tori danezi de produse pentru camping, sport \u0219i activit\u0103\u021bi \u00een aer liber. Easy Camp se pozi\u021bioneaz\u0103 ca o marc\u0103 pentru produse de camping, drume\u021bii \u0219i c\u0103l\u0103torii. Printre produsele populare care s-au dovedit pe pia\u021ba european\u0103 \u0219i mondial\u0103 se num\u0103r\u0103: rucsacuri, corturi, mobilier de camping, accesorii de camping, saci de dormit, saltele gonflabile \u0219i multe altele. O bogat\u0103 experien\u021b\u0103 a f\u0103cut ca acest brand s\u0103 fie unul dintre cele mai respectate \u0219i de \u00eencredere. De mai bine de 28 de ani, compania produce produse pentru activit\u0103\u021bi \u00een aer liber.<\/p>\n<p>Credo-ul Easy Camp &#8212; evolu\u021bii \u0219i inova\u021bii moderne pentru a \u00eembun\u0103t\u0103\u021bi calitatea activit\u0103\u021bilor de recreere. Cea mai avansat\u0103 tehnologie permite ob\u021binerea unor rezultate foarte bune. Materialele de ultim\u0103 genera\u021bie \u0219i designul \u00eembun\u0103t\u0103\u021bit \u00eei fac pe drume\u021bi \u0219i c\u0103l\u0103tori s\u0103 se simt\u0103 \u00een largul lor \u0219i s\u0103 se simt\u0103 confortabil \u00een orice situa\u021bie. Easy Camp este sinonim\u0103 cu corturi confortabile \u0219i u\u0219oare, saci de dormit calzi, dar u\u0219ori \u0219i o gam\u0103 larg\u0103 de alte produse.<\/p>\n<p><\/p>","protected":false},"excerpt":{"rendered":"<p>Sac de dormit Easy Camp Cosmos Junior<\/p>","protected":false},"featured_media":78091,"comment_status":"open","ping_status":"closed","template":"","meta":{"_acf_changed":false,"inline_featured_image":false},"product_brand":[1275],"product_cat":[80],"product_tag":[],"class_list":{"0":"post-18067","1":"product","2":"type-product","3":"status-publish","4":"has-post-thumbnail","6":"product_brand-outwell","7":"product_cat-travel","9":"first","10":"instock","11":"shipping-taxable","12":"purchasable","13":"product-type-simple"},"acf":[],"yoast_head":"<!-- This site is optimized with the Yoast SEO plugin v27.4 - https:\/\/yoast.com\/product\/yoast-seo-wordpress\/ -->\n<title>\u0421\u043f\u0430\u043b\u044c\u043d\u044b\u0439 \u043c\u0435\u0448\u043e\u043a Easy Camp Cosmos Junior - \u041c\u0430\u0433\u0430\u0437\u0438\u043d Xstyle<\/title>\n<meta name=\"description\" content=\"\u0421\u043f\u0430\u043b\u044c\u043d\u044b\u0439 \u043c\u0435\u0448\u043e\u043a Easy Camp Cosmos Junior - \u0438\u0434\u0435\u0430\u043b\u044c\u043d\u044b\u0439 \u0432\u044b\u0431\u043e\u0440 \u0434\u043b\u044f \u0434\u0435\u0442\u0435\u0439 \u0434\u043e 140 \u0441\u043c. \u041b\u0435\u0433\u043a\u0438\u0439, \u043f\u0440\u043e\u0447\u043d\u044b\u0439 \u0438 \u0443\u0434\u043e\u0431\u043d\u044b\u0439 \u0434\u043b\u044f \u043b\u0435\u0442\u043d\u0435\u0433\u043e \u043a\u0435\u043c\u043f\u0438\u043d\u0433\u0430. \u0417\u0430\u043a\u0430\u0437\u044b\u0432\u0430\u0439\u0442\u0435 \u043f\u0440\u044f\u043c\u043e \u0441\u0435\u0439\u0447\u0430\u0441!\" \/>\n<meta name=\"robots\" content=\"noindex, follow, max-snippet:-1, max-image-preview:large, max-video-preview:-1\" \/>\n<meta property=\"og:locale\" content=\"ro_RO\" \/>\n<meta property=\"og:type\" content=\"article\" \/>\n<meta property=\"og:title\" content=\"\u0421\u043f\u0430\u043b\u044c\u043d\u044b\u0439 \u043c\u0435\u0448\u043e\u043a Easy Camp Cosmos Junior - \u041c\u0430\u0433\u0430\u0437\u0438\u043d Xstyle\" \/>\n<meta property=\"og:description\" content=\"\u0421\u043f\u0430\u043b\u044c\u043d\u044b\u0439 \u043c\u0435\u0448\u043e\u043a Easy Camp Cosmos Junior - \u0438\u0434\u0435\u0430\u043b\u044c\u043d\u044b\u0439 \u0432\u044b\u0431\u043e\u0440 \u0434\u043b\u044f \u0434\u0435\u0442\u0435\u0439 \u0434\u043e 140 \u0441\u043c. \u041b\u0435\u0433\u043a\u0438\u0439, \u043f\u0440\u043e\u0447\u043d\u044b\u0439 \u0438 \u0443\u0434\u043e\u0431\u043d\u044b\u0439 \u0434\u043b\u044f \u043b\u0435\u0442\u043d\u0435\u0433\u043e \u043a\u0435\u043c\u043f\u0438\u043d\u0433\u0430. \u0417\u0430\u043a\u0430\u0437\u044b\u0432\u0430\u0439\u0442\u0435 \u043f\u0440\u044f\u043c\u043e \u0441\u0435\u0439\u0447\u0430\u0441!\" \/>\n<meta property=\"og:url\" content=\"https:\/\/dev.xstyle.md\/ro\/produs\/spal-nyj-meshok-easy-camp-cosmos-junior\/\" \/>\n<meta property=\"og:site_name\" content=\"\u041c\u0430\u0433\u0430\u0437\u0438\u043d Xstyle\" \/>\n<meta property=\"article:publisher\" content=\"https:\/\/www.facebook.com\/xstylemd\" \/>\n<meta property=\"article:modified_time\" content=\"2025-10-24T09:59:06+00:00\" \/>\n<meta property=\"og:image\" content=\"https:\/\/dev.xstyle.md\/wp-content\/uploads\/2020\/07\/easy-camp-cosmos-junior-blue.jpg\" \/>\n\t<meta property=\"og:image:width\" content=\"1092\" \/>\n\t<meta property=\"og:image:height\" content=\"1135\" \/>\n\t<meta property=\"og:image:type\" content=\"image\/jpeg\" \/>\n<meta name=\"twitter:card\" content=\"summary_large_image\" \/>\n<meta name=\"twitter:label1\" content=\"Pre\u021b\" \/>\n\t<meta name=\"twitter:data1\" content=\"590,00&nbsp;MDL\" \/>\n\t<meta name=\"twitter:label2\" content=\"Disponibilitate\" \/>\n\t<meta name=\"twitter:data2\" content=\"\u00cen stoc\" \/>\n<script type=\"application\/ld+json\" class=\"yoast-schema-graph\">{\"@context\":\"https:\\\/\\\/schema.org\",\"@graph\":[{\"@type\":\"WebPage\",\"@id\":\"https:\\\/\\\/dev.xstyle.md\\\/product\\\/spal-nyj-meshok-easy-camp-cosmos-junior\\\/\",\"url\":\"https:\\\/\\\/dev.xstyle.md\\\/product\\\/spal-nyj-meshok-easy-camp-cosmos-junior\\\/\",\"name\":\"\u0421\u043f\u0430\u043b\u044c\u043d\u044b\u0439 \u043c\u0435\u0448\u043e\u043a Easy Camp Cosmos Junior - \u041c\u0430\u0433\u0430\u0437\u0438\u043d Xstyle\",\"isPartOf\":{\"@id\":\"https:\\\/\\\/dev.xstyle.md\\\/#website\"},\"primaryImageOfPage\":{\"@id\":\"https:\\\/\\\/dev.xstyle.md\\\/product\\\/spal-nyj-meshok-easy-camp-cosmos-junior\\\/#primaryimage\"},\"image\":{\"@id\":\"https:\\\/\\\/dev.xstyle.md\\\/product\\\/spal-nyj-meshok-easy-camp-cosmos-junior\\\/#primaryimage\"},\"thumbnailUrl\":\"https:\\\/\\\/dev.xstyle.md\\\/wp-content\\\/uploads\\\/2020\\\/07\\\/easy-camp-cosmos-junior-blue.jpg\",\"datePublished\":\"2020-07-17T15:40:17+00:00\",\"dateModified\":\"2025-10-24T09:59:06+00:00\",\"description\":\"\u0421\u043f\u0430\u043b\u044c\u043d\u044b\u0439 \u043c\u0435\u0448\u043e\u043a Easy Camp Cosmos Junior - \u0438\u0434\u0435\u0430\u043b\u044c\u043d\u044b\u0439 \u0432\u044b\u0431\u043e\u0440 \u0434\u043b\u044f \u0434\u0435\u0442\u0435\u0439 \u0434\u043e 140 \u0441\u043c. \u041b\u0435\u0433\u043a\u0438\u0439, \u043f\u0440\u043e\u0447\u043d\u044b\u0439 \u0438 \u0443\u0434\u043e\u0431\u043d\u044b\u0439 \u0434\u043b\u044f \u043b\u0435\u0442\u043d\u0435\u0433\u043e \u043a\u0435\u043c\u043f\u0438\u043d\u0433\u0430. \u0417\u0430\u043a\u0430\u0437\u044b\u0432\u0430\u0439\u0442\u0435 \u043f\u0440\u044f\u043c\u043e \u0441\u0435\u0439\u0447\u0430\u0441!\",\"breadcrumb\":{\"@id\":\"https:\\\/\\\/dev.xstyle.md\\\/product\\\/spal-nyj-meshok-easy-camp-cosmos-junior\\\/#breadcrumb\"},\"inLanguage\":\"ro-RO\",\"potentialAction\":[{\"@type\":\"ReadAction\",\"target\":[\"https:\\\/\\\/dev.xstyle.md\\\/product\\\/spal-nyj-meshok-easy-camp-cosmos-junior\\\/\"]}]},{\"@type\":\"ImageObject\",\"inLanguage\":\"ro-RO\",\"@id\":\"https:\\\/\\\/dev.xstyle.md\\\/product\\\/spal-nyj-meshok-easy-camp-cosmos-junior\\\/#primaryimage\",\"url\":\"https:\\\/\\\/dev.xstyle.md\\\/wp-content\\\/uploads\\\/2020\\\/07\\\/easy-camp-cosmos-junior-blue.jpg\",\"contentUrl\":\"https:\\\/\\\/dev.xstyle.md\\\/wp-content\\\/uploads\\\/2020\\\/07\\\/easy-camp-cosmos-junior-blue.jpg\",\"width\":1092,\"height\":1135,\"caption\":\"\u0421\u043f\u0430\u043b\u044c\u043d\u044b\u0439 \u043c\u0435\u0448\u043e\u043a Easy Camp Cosmos Junior \u0434\u043b\u044f \u0430\u043a\u0442\u0438\u0432\u043d\u043e\u0433\u043e \u043e\u0442\u0434\u044b\u0445\u0430, \u043f\u0443\u0442\u0435\u0448\u0435\u0441\u0442\u0432\u0438\u0439, \u043a\u0435\u043c\u043f\u0438\u043d\u0433\u0430, \u043f\u043e\u0445\u043e\u0434\u043e\u0432, \u0445\u0430\u0439\u043a\u0438\u043d\u0433\u0430 \u0438 \u0430\u043b\u044c\u043f\u0438\u043d\u0438\u0437\u043c\u0430 \u043d\u0430 \u043e\u043d\u043b\u0430\u0439\u043d \u043c\u0430\u0433\u0430\u0437\u0438\u043d\u0435 \u0441\u043f\u043e\u0440\u0442\u0438\u0432\u043d\u043e\u0439 \u044d\u043a\u0438\u043f\u0438\u0440\u043e\u0432\u043a\u0438\"},{\"@type\":\"BreadcrumbList\",\"@id\":\"https:\\\/\\\/dev.xstyle.md\\\/product\\\/spal-nyj-meshok-easy-camp-cosmos-junior\\\/#breadcrumb\",\"itemListElement\":[{\"@type\":\"ListItem\",\"position\":1,\"name\":\"\u0413\u043b\u0430\u0432\u043d\u0430\u044f \u0441\u0442\u0440\u0430\u043d\u0438\u0446\u0430\",\"item\":\"https:\\\/\\\/dev.xstyle.md\\\/\"},{\"@type\":\"ListItem\",\"position\":2,\"name\":\"Shop\",\"item\":\"https:\\\/\\\/dev.xstyle.md\\\/shop\\\/\"},{\"@type\":\"ListItem\",\"position\":3,\"name\":\"\u0421\u043f\u0430\u043b\u044c\u043d\u044b\u0439 \u043c\u0435\u0448\u043e\u043a Easy Camp Cosmos Junior\"}]},{\"@type\":\"WebSite\",\"@id\":\"https:\\\/\\\/dev.xstyle.md\\\/#website\",\"url\":\"https:\\\/\\\/dev.xstyle.md\\\/\",\"name\":\"\u041c\u0430\u0433\u0430\u0437\u0438\u043d Xstyle\",\"description\":\"C\u043d\u0430\u0440\u044f\u0436\u0435\u043d\u0438\u0435 \u0434\u043b\u044f \u0442\u0443\u0440\u0438\u0437\u043c\u0430 \u0438 \u044d\u043a\u0441\u0442\u0440\u0435\u043c\u0430\u043b\u044c\u043d\u044b\u0445 \u0432\u0438\u0434\u043e\u0432 \u0441\u043f\u043e\u0440\u0442\u0430 \u0432 \u041c\u043e\u043b\u0434\u043e\u0432\u0435.. \u0426\u0435\u043d\u044b, \u0444\u043e\u0442\u043e, \u0445\u0430\u0440\u0430\u043a\u0442\u0435\u0440\u0438\u0441\u0442\u0438\u043a\u0438 \u0432 \u041c\u043e\u043b\u0434\u043e\u0432\u0435.\",\"publisher\":{\"@id\":\"https:\\\/\\\/dev.xstyle.md\\\/#organization\"},\"alternateName\":\"X-Style\",\"potentialAction\":[{\"@type\":\"SearchAction\",\"target\":{\"@type\":\"EntryPoint\",\"urlTemplate\":\"https:\\\/\\\/dev.xstyle.md\\\/?s={search_term_string}\"},\"query-input\":{\"@type\":\"PropertyValueSpecification\",\"valueRequired\":true,\"valueName\":\"search_term_string\"}}],\"inLanguage\":\"ro-RO\"},{\"@type\":\"Organization\",\"@id\":\"https:\\\/\\\/dev.xstyle.md\\\/#organization\",\"name\":\"\u041c\u0430\u0433\u0430\u0437\u0438\u043d Xstyle\",\"alternateName\":\"x-style\",\"url\":\"https:\\\/\\\/dev.xstyle.md\\\/\",\"logo\":{\"@type\":\"ImageObject\",\"inLanguage\":\"ro-RO\",\"@id\":\"https:\\\/\\\/dev.xstyle.md\\\/#\\\/schema\\\/logo\\\/image\\\/\",\"url\":\"https:\\\/\\\/dev.xstyle.md\\\/wp-content\\\/uploads\\\/2020\\\/06\\\/logoicon.svg\",\"contentUrl\":\"https:\\\/\\\/dev.xstyle.md\\\/wp-content\\\/uploads\\\/2020\\\/06\\\/logoicon.svg\",\"caption\":\"\u041c\u0430\u0433\u0430\u0437\u0438\u043d Xstyle\"},\"image\":{\"@id\":\"https:\\\/\\\/dev.xstyle.md\\\/#\\\/schema\\\/logo\\\/image\\\/\"},\"sameAs\":[\"https:\\\/\\\/www.facebook.com\\\/xstylemd\",\"https:\\\/\\\/www.instagram.com\\\/xstyle_md\\\/\",\"https:\\\/\\\/t.me\\\/xstyle_outdoor\"],\"hasMerchantReturnPolicy\":{\"@type\":\"MerchantReturnPolicy\",\"merchantReturnLink\":\"https:\\\/\\\/dev.xstyle.md\\\/ro\\\/conditions\\\/\"}}]}<\/script>\n<meta property=\"product:price:amount\" content=\"590.00\" \/>\n<meta property=\"product:price:currency\" content=\"MDL\" \/>\n<meta property=\"og:availability\" content=\"instock\" \/>\n<meta property=\"product:availability\" content=\"instock\" \/>\n<meta property=\"product:retailer_item_id\" content=\"5709388055989\" \/>\n<meta property=\"product:condition\" content=\"new\" \/>\n<!-- \/ Yoast SEO plugin. -->","yoast_head_json":{"title":"Sac de dormit Easy Camp Cosmos Junior - Magazin Xstyle","description":"Sac de dormit Easy Camp Cosmos Junior - alegerea ideal\u0103 pentru copii de p\u00e2n\u0103 la 140 cm. U\u0219or, rezistent \u0219i confortabil pentru campingul de var\u0103. Comand\u0103 acum!","robots":{"index":"noindex","follow":"follow","max-snippet":"max-snippet:-1","max-image-preview":"max-image-preview:large","max-video-preview":"max-video-preview:-1"},"og_locale":"ro_RO","og_type":"article","og_title":"\u0421\u043f\u0430\u043b\u044c\u043d\u044b\u0439 \u043c\u0435\u0448\u043e\u043a Easy Camp Cosmos Junior - \u041c\u0430\u0433\u0430\u0437\u0438\u043d Xstyle","og_description":"\u0421\u043f\u0430\u043b\u044c\u043d\u044b\u0439 \u043c\u0435\u0448\u043e\u043a Easy Camp Cosmos Junior - \u0438\u0434\u0435\u0430\u043b\u044c\u043d\u044b\u0439 \u0432\u044b\u0431\u043e\u0440 \u0434\u043b\u044f \u0434\u0435\u0442\u0435\u0439 \u0434\u043e 140 \u0441\u043c. \u041b\u0435\u0433\u043a\u0438\u0439, \u043f\u0440\u043e\u0447\u043d\u044b\u0439 \u0438 \u0443\u0434\u043e\u0431\u043d\u044b\u0439 \u0434\u043b\u044f \u043b\u0435\u0442\u043d\u0435\u0433\u043e \u043a\u0435\u043c\u043f\u0438\u043d\u0433\u0430. \u0417\u0430\u043a\u0430\u0437\u044b\u0432\u0430\u0439\u0442\u0435 \u043f\u0440\u044f\u043c\u043e \u0441\u0435\u0439\u0447\u0430\u0441!","og_url":"https:\/\/dev.xstyle.md\/ro\/produs\/spal-nyj-meshok-easy-camp-cosmos-junior\/","og_site_name":"\u041c\u0430\u0433\u0430\u0437\u0438\u043d Xstyle","article_publisher":"https:\/\/www.facebook.com\/xstylemd","article_modified_time":"2025-10-24T09:59:06+00:00","og_image":[{"width":1092,"height":1135,"url":"https:\/\/dev.xstyle.md\/wp-content\/uploads\/2020\/07\/easy-camp-cosmos-junior-blue.jpg","type":"image\/jpeg"}],"twitter_card":"summary_large_image","twitter_misc":{"Pre\u021b":"590,00&nbsp;MDL","Disponibilitate":"\u00cen stoc"},"schema":{"@context":"https:\/\/schema.org","@graph":[{"@type":"WebPage","@id":"https:\/\/dev.xstyle.md\/product\/spal-nyj-meshok-easy-camp-cosmos-junior\/","url":"https:\/\/dev.xstyle.md\/product\/spal-nyj-meshok-easy-camp-cosmos-junior\/","name":"Sac de dormit Easy Camp Cosmos Junior - Magazin Xstyle","isPartOf":{"@id":"https:\/\/dev.xstyle.md\/#website"},"primaryImageOfPage":{"@id":"https:\/\/dev.xstyle.md\/product\/spal-nyj-meshok-easy-camp-cosmos-junior\/#primaryimage"},"image":{"@id":"https:\/\/dev.xstyle.md\/product\/spal-nyj-meshok-easy-camp-cosmos-junior\/#primaryimage"},"thumbnailUrl":"https:\/\/dev.xstyle.md\/wp-content\/uploads\/2020\/07\/easy-camp-cosmos-junior-blue.jpg","datePublished":"2020-07-17T15:40:17+00:00","dateModified":"2025-10-24T09:59:06+00:00","description":"Sac de dormit Easy Camp Cosmos Junior - alegerea ideal\u0103 pentru copii de p\u00e2n\u0103 la 140 cm. U\u0219or, rezistent \u0219i confortabil pentru campingul de var\u0103. Comand\u0103 acum!","breadcrumb":{"@id":"https:\/\/dev.xstyle.md\/product\/spal-nyj-meshok-easy-camp-cosmos-junior\/#breadcrumb"},"inLanguage":"ro-RO","potentialAction":[{"@type":"ReadAction","target":["https:\/\/dev.xstyle.md\/product\/spal-nyj-meshok-easy-camp-cosmos-junior\/"]}]},{"@type":"ImageObject","inLanguage":"ro-RO","@id":"https:\/\/dev.xstyle.md\/product\/spal-nyj-meshok-easy-camp-cosmos-junior\/#primaryimage","url":"https:\/\/dev.xstyle.md\/wp-content\/uploads\/2020\/07\/easy-camp-cosmos-junior-blue.jpg","contentUrl":"https:\/\/dev.xstyle.md\/wp-content\/uploads\/2020\/07\/easy-camp-cosmos-junior-blue.jpg","width":1092,"height":1135,"caption":"\u0421\u043f\u0430\u043b\u044c\u043d\u044b\u0439 \u043c\u0435\u0448\u043e\u043a Easy Camp Cosmos Junior \u0434\u043b\u044f \u0430\u043a\u0442\u0438\u0432\u043d\u043e\u0433\u043e \u043e\u0442\u0434\u044b\u0445\u0430, \u043f\u0443\u0442\u0435\u0448\u0435\u0441\u0442\u0432\u0438\u0439, \u043a\u0435\u043c\u043f\u0438\u043d\u0433\u0430, \u043f\u043e\u0445\u043e\u0434\u043e\u0432, \u0445\u0430\u0439\u043a\u0438\u043d\u0433\u0430 \u0438 \u0430\u043b\u044c\u043f\u0438\u043d\u0438\u0437\u043c\u0430 \u043d\u0430 \u043e\u043d\u043b\u0430\u0439\u043d \u043c\u0430\u0433\u0430\u0437\u0438\u043d\u0435 \u0441\u043f\u043e\u0440\u0442\u0438\u0432\u043d\u043e\u0439 \u044d\u043a\u0438\u043f\u0438\u0440\u043e\u0432\u043a\u0438"},{"@type":"BreadcrumbList","@id":"https:\/\/dev.xstyle.md\/product\/spal-nyj-meshok-easy-camp-cosmos-junior\/#breadcrumb","itemListElement":[{"@type":"ListItem","position":1,"name":"\u0413\u043b\u0430\u0432\u043d\u0430\u044f \u0441\u0442\u0440\u0430\u043d\u0438\u0446\u0430","item":"https:\/\/dev.xstyle.md\/"},{"@type":"ListItem","position":2,"name":"Shop","item":"https:\/\/dev.xstyle.md\/shop\/"},{"@type":"ListItem","position":3,"name":"\u0421\u043f\u0430\u043b\u044c\u043d\u044b\u0439 \u043c\u0435\u0448\u043e\u043a Easy Camp Cosmos Junior"}]},{"@type":"WebSite","@id":"https:\/\/dev.xstyle.md\/#website","url":"https:\/\/dev.xstyle.md\/","name":"Magazinul X-Style","description":"Echipamente pentru turism \u0219i sporturi extreme \u00een Moldova. Pre\u021buri, fotografii, caracteristici \u00een Moldova.","publisher":{"@id":"https:\/\/dev.xstyle.md\/#organization"},"alternateName":"X-Style","potentialAction":[{"@type":"SearchAction","target":{"@type":"EntryPoint","urlTemplate":"https:\/\/dev.xstyle.md\/?s={search_term_string}"},"query-input":{"@type":"PropertyValueSpecification","valueRequired":true,"valueName":"search_term_string"}}],"inLanguage":"ro-RO"},{"@type":"Organization","@id":"https:\/\/dev.xstyle.md\/#organization","name":"Magazinul X-Style","alternateName":"x-style","url":"https:\/\/dev.xstyle.md\/","logo":{"@type":"ImageObject","inLanguage":"ro-RO","@id":"https:\/\/dev.xstyle.md\/#\/schema\/logo\/image\/","url":"https:\/\/dev.xstyle.md\/wp-content\/uploads\/2020\/06\/logoicon.svg","contentUrl":"https:\/\/dev.xstyle.md\/wp-content\/uploads\/2020\/06\/logoicon.svg","caption":"\u041c\u0430\u0433\u0430\u0437\u0438\u043d Xstyle"},"image":{"@id":"https:\/\/dev.xstyle.md\/#\/schema\/logo\/image\/"},"sameAs":["https:\/\/www.facebook.com\/xstylemd","https:\/\/www.instagram.com\/xstyle_md\/","https:\/\/t.me\/xstyle_outdoor"],"hasMerchantReturnPolicy":{"@type":"MerchantReturnPolicy","merchantReturnLink":"https:\/\/dev.xstyle.md\/ro\/conditions\/"}}]},"product_price_amount":"590.00","product_price_currency":"MDL","og_availability":"instock","product_availability":"instock","product_retailer_item_id":"5709388055989","product_condition":"new"},"post_mailing_queue_ids":[],"_links":{"self":[{"href":"https:\/\/dev.xstyle.md\/ro\/wp-json\/wp\/v2\/product\/18067","targetHints":{"allow":["GET"]}}],"collection":[{"href":"https:\/\/dev.xstyle.md\/ro\/wp-json\/wp\/v2\/product"}],"about":[{"href":"https:\/\/dev.xstyle.md\/ro\/wp-json\/wp\/v2\/types\/product"}],"replies":[{"embeddable":true,"href":"https:\/\/dev.xstyle.md\/ro\/wp-json\/wp\/v2\/comments?post=18067"}],"version-history":[{"count":0,"href":"https:\/\/dev.xstyle.md\/ro\/wp-json\/wp\/v2\/product\/18067\/revisions"}],"wp:featuredmedia":[{"embeddable":true,"href":"https:\/\/dev.xstyle.md\/ro\/wp-json\/wp\/v2\/media\/78091"}],"wp:attachment":[{"href":"https:\/\/dev.xstyle.md\/ro\/wp-json\/wp\/v2\/media?parent=18067"}],"wp:term":[{"taxonomy":"product_brand","embeddable":true,"href":"https:\/\/dev.xstyle.md\/ro\/wp-json\/wp\/v2\/product_brand?post=18067"},{"taxonomy":"product_cat","embeddable":true,"href":"https:\/\/dev.xstyle.md\/ro\/wp-json\/wp\/v2\/product_cat?post=18067"},{"taxonomy":"product_tag","embeddable":true,"href":"https:\/\/dev.xstyle.md\/ro\/wp-json\/wp\/v2\/product_tag?post=18067"}],"curies":[{"name":"wp","href":"https:\/\/api.w.org\/{rel}","templated":true}]}}