{"id":17907,"date":"2020-07-17T18:29:45","date_gmt":"2020-07-17T15:29:45","guid":{"rendered":"https:\/\/xstyle.md\/product\/naduvnoj-matras-outwell-flock-excellent-single"},"modified":"2024-10-21T09:40:31","modified_gmt":"2024-10-21T06:40:31","slug":"naduvnoj-matras-outwell-flock-excellent-single","status":"publish","type":"product","link":"https:\/\/xstyle.md\/ro\/produs\/naduvnoj-matras-outwell-flock-excellent-single\/","title":{"rendered":"Saltea gonflabil\u0103 Outwell Flock Excellent Single"},"content":{"rendered":"<\/p>\n<p><strong>Saltea gonflabil\u0103 Outwell Flock Excellent Single\u00a0&#8212;\u00a0<\/strong>marginile ridicate confer\u0103 fermitate pentru o stabilitate suplimentar\u0103 de-a lungul laturilor, protej\u00e2nd astfel salteaua de rulare \u00een timpul somnului. Materialul din PVC dur are un \u00eenveli\u0219 moale, care creeaz\u0103 o atmosfer\u0103 cald\u0103. Piesele practice includ o supap\u0103 de \u00eenchidere cu etan\u0219are dubl\u0103 \u0219i o pung\u0103 convenabil\u0103 pentru transport.<\/p>\n<h3>Particularit\u0103\u021bi<\/h3>\n<ul>\n<li>Supap\u0103 cu dubl\u0103 etan\u0219are pentru o umflare\/desumflare rapid\u0103<\/li>\n<li>Geant\u0103 de depozitare<\/li>\n<li>Valv\u0103 u\u0219or de utilizat<\/li>\n<\/ul>\n<h3>Caracteristici<\/h3>\n<ul>\n<li>Material &#8212; 100% PVC<\/li>\n<li>Dimensiuni &#8212; 200 x 80 x 30 cm (DxLxA)<\/li>\n<li>Dimensiuni \u00een ambalaj &#8212; 32 x 30 x 10 cm (DxLxA)<\/li>\n<li>Greutate &#8212; 2,9 kg<\/li>\n<\/ul>\n<h3>Marca<\/h3>\n<p>Compania danez\u0103 Outwell a fost \u00eenfiin\u021bat\u0103 \u00een 1984 cu scopul de a crea echipamente \u0219i echipamente pentru activit\u0103\u021bi \u00een aer liber \u0219i turism. \u00cenc\u0103 de la \u00eenfiin\u021bare, compania \u0219i-a dezvoltat produsele \u021bin\u00e2nd cont de nevoile \u00een continu\u0103 cre\u0219tere ale clien\u021bilor s\u0103i, orientate pe cele mai noi tehnologii din domeniul outdoor. Toate produsele m\u0103rcii au c\u00e2\u0219tigat \u00eencrederea \u00een \u00eentreaga lume.<\/p>\n<p>Produsele Outwell pot fi caracterizate prin func\u021bionalitate, ergonomie, durabilitate, accesibilitate \u0219i calitate ridicat\u0103. Iar materiile prime ecologice folosite \u00een produc\u021bie sunt sigure pentru s\u0103n\u0103tatea uman\u0103 \u0219i pentru mediu. Una dintre direc\u021biile principale, \u00een care este angajat brandul, este campingul de familie. Speciali\u0219tii \u0219i designerii companiei sunt siguri c\u0103 nu exist\u0103 nimic mai pl\u0103cut dec\u00e2t recreerea \u00een aer liber. Copiii care sunt dornici s\u0103 exploreze lumea, s\u0103 \u00eenve\u021be ceva nou \u0219i s\u0103-\u0219i l\u0103rgeasc\u0103 orizonturile primesc o pl\u0103cere deosebit\u0103 de la picnicuri \u0219i excursii cu cortul.<\/p>\n<p><\/p>","protected":false},"excerpt":{"rendered":"<p>Saltea gonflabil\u0103 Outwell Flock Excellent Single<\/p>","protected":false},"featured_media":67635,"comment_status":"open","ping_status":"closed","template":"","meta":{"_acf_changed":false,"inline_featured_image":false},"product_brand":[1275],"product_cat":[424],"product_tag":[],"class_list":{"0":"post-17907","1":"product","2":"type-product","3":"status-publish","4":"has-post-thumbnail","6":"product_brand-outwell","7":"product_cat-airbeds","9":"first","10":"instock","11":"shipping-taxable","12":"purchasable","13":"product-type-simple"},"acf":[],"yoast_head":"<!-- This site is optimized with the Yoast SEO plugin v27.4 - https:\/\/yoast.com\/product\/yoast-seo-wordpress\/ -->\n<title>\u041d\u0430\u0434\u0443\u0432\u043d\u043e\u0439 \u043c\u0430\u0442\u0440\u0430\u0441 Outwell Flock Excellent Single - \u041c\u0430\u0433\u0430\u0437\u0438\u043d Xstyle<\/title>\n<meta name=\"description\" content=\"\u041d\u0430\u0445\u043e\u0434\u0438\u0442\u0435 \u0438\u0434\u0435\u0430\u043b\u044c\u043d\u044b\u0439 \u043d\u0430\u0434\u0443\u0432\u043d\u043e\u0439 \u043c\u0430\u0442\u0440\u0430\u0441 Outwell Flock Excellent Single, \u043a\u0440\u0435\u043f\u043a\u0438\u0439 \u0438 \u0443\u0434\u043e\u0431\u043d\u044b\u0439 \u0431\u043b\u0430\u0433\u043e\u0434\u0430\u0440\u044f \u0432\u044b\u0441\u043e\u043a\u0438\u043c \u043a\u0440\u0430\u044f\u043c \u0438 \u043c\u044f\u0433\u043a\u043e\u043c\u0443 \u041f\u0412\u0425. \u041a\u043e\u043c\u0444\u043e\u0440\u0442 \u0438 \u0441\u0442\u0430\u0431\u0438\u043b\u044c\u043d\u043e\u0441\u0442\u044c \u043d\u0430 \u043e\u0442\u0434\u044b\u0445\u0435!\" \/>\n<meta name=\"robots\" content=\"index, follow, max-snippet:-1, max-image-preview:large, max-video-preview:-1\" \/>\n<link rel=\"canonical\" href=\"https:\/\/xstyle.md\/ro\/produs\/naduvnoj-matras-outwell-flock-excellent-single\/\" \/>\n<meta property=\"og:locale\" content=\"ro_RO\" \/>\n<meta property=\"og:type\" content=\"article\" \/>\n<meta property=\"og:title\" content=\"\u041d\u0430\u0434\u0443\u0432\u043d\u043e\u0439 \u043c\u0430\u0442\u0440\u0430\u0441 Outwell Flock Excellent Single - \u041c\u0430\u0433\u0430\u0437\u0438\u043d Xstyle\" \/>\n<meta property=\"og:description\" content=\"\u041d\u0430\u0445\u043e\u0434\u0438\u0442\u0435 \u0438\u0434\u0435\u0430\u043b\u044c\u043d\u044b\u0439 \u043d\u0430\u0434\u0443\u0432\u043d\u043e\u0439 \u043c\u0430\u0442\u0440\u0430\u0441 Outwell Flock Excellent Single, \u043a\u0440\u0435\u043f\u043a\u0438\u0439 \u0438 \u0443\u0434\u043e\u0431\u043d\u044b\u0439 \u0431\u043b\u0430\u0433\u043e\u0434\u0430\u0440\u044f \u0432\u044b\u0441\u043e\u043a\u0438\u043c \u043a\u0440\u0430\u044f\u043c \u0438 \u043c\u044f\u0433\u043a\u043e\u043c\u0443 \u041f\u0412\u0425. \u041a\u043e\u043c\u0444\u043e\u0440\u0442 \u0438 \u0441\u0442\u0430\u0431\u0438\u043b\u044c\u043d\u043e\u0441\u0442\u044c \u043d\u0430 \u043e\u0442\u0434\u044b\u0445\u0435!\" \/>\n<meta property=\"og:url\" content=\"https:\/\/xstyle.md\/ro\/produs\/naduvnoj-matras-outwell-flock-excellent-single\/\" \/>\n<meta property=\"og:site_name\" content=\"\u041c\u0430\u0433\u0430\u0437\u0438\u043d Xstyle\" \/>\n<meta property=\"article:publisher\" content=\"https:\/\/www.facebook.com\/xstylemd\" \/>\n<meta property=\"article:modified_time\" content=\"2024-10-21T06:40:31+00:00\" \/>\n<meta property=\"og:image\" content=\"https:\/\/xstyle.md\/wp-content\/uploads\/2020\/07\/outwell-flock-excellent-single-grey-green.jpg\" \/>\n\t<meta property=\"og:image:width\" content=\"1002\" \/>\n\t<meta property=\"og:image:height\" content=\"820\" \/>\n\t<meta property=\"og:image:type\" content=\"image\/jpeg\" \/>\n<meta name=\"twitter:card\" content=\"summary_large_image\" \/>\n<meta name=\"twitter:label1\" content=\"Pre\u021b\" \/>\n\t<meta name=\"twitter:data1\" content=\"1.390&nbsp;MDL\" \/>\n\t<meta name=\"twitter:label2\" content=\"Disponibilitate\" \/>\n\t<meta name=\"twitter:data2\" content=\"\u00cen stoc\" \/>\n<script type=\"application\/ld+json\" class=\"yoast-schema-graph\">{\"@context\":\"https:\\\/\\\/schema.org\",\"@graph\":[{\"@type\":\"WebPage\",\"@id\":\"https:\\\/\\\/xstyle.md\\\/product\\\/naduvnoj-matras-outwell-flock-excellent-single\\\/\",\"url\":\"https:\\\/\\\/xstyle.md\\\/product\\\/naduvnoj-matras-outwell-flock-excellent-single\\\/\",\"name\":\"\u041d\u0430\u0434\u0443\u0432\u043d\u043e\u0439 \u043c\u0430\u0442\u0440\u0430\u0441 Outwell Flock Excellent Single - \u041c\u0430\u0433\u0430\u0437\u0438\u043d Xstyle\",\"isPartOf\":{\"@id\":\"https:\\\/\\\/xstyle.md\\\/#website\"},\"primaryImageOfPage\":{\"@id\":\"https:\\\/\\\/xstyle.md\\\/product\\\/naduvnoj-matras-outwell-flock-excellent-single\\\/#primaryimage\"},\"image\":{\"@id\":\"https:\\\/\\\/xstyle.md\\\/product\\\/naduvnoj-matras-outwell-flock-excellent-single\\\/#primaryimage\"},\"thumbnailUrl\":\"https:\\\/\\\/xstyle.md\\\/wp-content\\\/uploads\\\/2020\\\/07\\\/outwell-flock-excellent-single-grey-green.jpg\",\"datePublished\":\"2020-07-17T15:29:45+00:00\",\"dateModified\":\"2024-10-21T06:40:31+00:00\",\"description\":\"\u041d\u0430\u0445\u043e\u0434\u0438\u0442\u0435 \u0438\u0434\u0435\u0430\u043b\u044c\u043d\u044b\u0439 \u043d\u0430\u0434\u0443\u0432\u043d\u043e\u0439 \u043c\u0430\u0442\u0440\u0430\u0441 Outwell Flock Excellent Single, \u043a\u0440\u0435\u043f\u043a\u0438\u0439 \u0438 \u0443\u0434\u043e\u0431\u043d\u044b\u0439 \u0431\u043b\u0430\u0433\u043e\u0434\u0430\u0440\u044f \u0432\u044b\u0441\u043e\u043a\u0438\u043c \u043a\u0440\u0430\u044f\u043c \u0438 \u043c\u044f\u0433\u043a\u043e\u043c\u0443 \u041f\u0412\u0425. \u041a\u043e\u043c\u0444\u043e\u0440\u0442 \u0438 \u0441\u0442\u0430\u0431\u0438\u043b\u044c\u043d\u043e\u0441\u0442\u044c \u043d\u0430 \u043e\u0442\u0434\u044b\u0445\u0435!\",\"breadcrumb\":{\"@id\":\"https:\\\/\\\/xstyle.md\\\/product\\\/naduvnoj-matras-outwell-flock-excellent-single\\\/#breadcrumb\"},\"inLanguage\":\"ro-RO\",\"potentialAction\":[{\"@type\":\"ReadAction\",\"target\":[\"https:\\\/\\\/xstyle.md\\\/product\\\/naduvnoj-matras-outwell-flock-excellent-single\\\/\"]}]},{\"@type\":\"ImageObject\",\"inLanguage\":\"ro-RO\",\"@id\":\"https:\\\/\\\/xstyle.md\\\/product\\\/naduvnoj-matras-outwell-flock-excellent-single\\\/#primaryimage\",\"url\":\"https:\\\/\\\/xstyle.md\\\/wp-content\\\/uploads\\\/2020\\\/07\\\/outwell-flock-excellent-single-grey-green.jpg\",\"contentUrl\":\"https:\\\/\\\/xstyle.md\\\/wp-content\\\/uploads\\\/2020\\\/07\\\/outwell-flock-excellent-single-grey-green.jpg\",\"width\":1002,\"height\":820,\"caption\":\"\u041a\u043e\u043c\u043f\u043b\u0435\u043a\u0442 \u0434\u043b\u044f \u0430\u043a\u0442\u0438\u0432\u043d\u043e\u0433\u043e \u043e\u0442\u0434\u044b\u0445\u0430 \u0441 \u043d\u0430\u0434\u0443\u0432\u043d\u044b\u043c \u043c\u0430\u0442\u0440\u0430\u0441\u043e\u043c Outwell Flock Excellent Single \u0434\u043b\u044f \u043a\u0435\u043c\u043f\u0438\u043d\u0433\u0430, \u043f\u0443\u0442\u0435\u0448\u0435\u0441\u0442\u0432\u0438\u0439 \u0438 \u0430\u043b\u044c\u043f\u0438\u043d\u0438\u0437\u043c\u0430, \u043f\u043e\u0434\u0445\u043e\u0434\u044f\u0449\u0438\u0439 \u0434\u043b\u044f \u0442\u0443\u0440\u0438\u0441\u0442\u0438\u0447\u0435\u0441\u043a\u043e\u0439 \u043e\u0434\u0435\u0436\u0434\u044b \u0438 \u043e\u0431\u0443\u0432\u0438.\"},{\"@type\":\"BreadcrumbList\",\"@id\":\"https:\\\/\\\/xstyle.md\\\/product\\\/naduvnoj-matras-outwell-flock-excellent-single\\\/#breadcrumb\",\"itemListElement\":[{\"@type\":\"ListItem\",\"position\":1,\"name\":\"\u0413\u043b\u0430\u0432\u043d\u0430\u044f \u0441\u0442\u0440\u0430\u043d\u0438\u0446\u0430\",\"item\":\"https:\\\/\\\/xstyle.md\\\/\"},{\"@type\":\"ListItem\",\"position\":2,\"name\":\"\u041c\u0430\u0433\u0430\u0437\u0438\u043d\",\"item\":\"https:\\\/\\\/xstyle.md\\\/shop\\\/\"},{\"@type\":\"ListItem\",\"position\":3,\"name\":\"\u041d\u0430\u0434\u0443\u0432\u043d\u043e\u0439 \u043c\u0430\u0442\u0440\u0430\u0441 Outwell Flock Excellent Single\"}]},{\"@type\":\"WebSite\",\"@id\":\"https:\\\/\\\/xstyle.md\\\/#website\",\"url\":\"https:\\\/\\\/xstyle.md\\\/\",\"name\":\"\u041c\u0430\u0433\u0430\u0437\u0438\u043d Xstyle\",\"description\":\"C\u043d\u0430\u0440\u044f\u0436\u0435\u043d\u0438\u0435 \u0434\u043b\u044f \u0442\u0443\u0440\u0438\u0437\u043c\u0430 \u0438 \u044d\u043a\u0441\u0442\u0440\u0435\u043c\u0430\u043b\u044c\u043d\u044b\u0445 \u0432\u0438\u0434\u043e\u0432 \u0441\u043f\u043e\u0440\u0442\u0430 \u0432 \u041c\u043e\u043b\u0434\u043e\u0432\u0435.. \u0426\u0435\u043d\u044b, \u0444\u043e\u0442\u043e, \u0445\u0430\u0440\u0430\u043a\u0442\u0435\u0440\u0438\u0441\u0442\u0438\u043a\u0438 \u0432 \u041c\u043e\u043b\u0434\u043e\u0432\u0435.\",\"publisher\":{\"@id\":\"https:\\\/\\\/xstyle.md\\\/#organization\"},\"alternateName\":\"X-Style\",\"potentialAction\":[{\"@type\":\"SearchAction\",\"target\":{\"@type\":\"EntryPoint\",\"urlTemplate\":\"https:\\\/\\\/xstyle.md\\\/?s={search_term_string}\"},\"query-input\":{\"@type\":\"PropertyValueSpecification\",\"valueRequired\":true,\"valueName\":\"search_term_string\"}}],\"inLanguage\":\"ro-RO\"},{\"@type\":\"Organization\",\"@id\":\"https:\\\/\\\/xstyle.md\\\/#organization\",\"name\":\"\u041c\u0430\u0433\u0430\u0437\u0438\u043d Xstyle\",\"alternateName\":\"x-style\",\"url\":\"https:\\\/\\\/xstyle.md\\\/\",\"logo\":{\"@type\":\"ImageObject\",\"inLanguage\":\"ro-RO\",\"@id\":\"https:\\\/\\\/xstyle.md\\\/#\\\/schema\\\/logo\\\/image\\\/\",\"url\":\"https:\\\/\\\/xstyle.md\\\/wp-content\\\/uploads\\\/2020\\\/06\\\/logoicon.svg\",\"contentUrl\":\"https:\\\/\\\/xstyle.md\\\/wp-content\\\/uploads\\\/2020\\\/06\\\/logoicon.svg\",\"caption\":\"\u041c\u0430\u0433\u0430\u0437\u0438\u043d Xstyle\"},\"image\":{\"@id\":\"https:\\\/\\\/xstyle.md\\\/#\\\/schema\\\/logo\\\/image\\\/\"},\"sameAs\":[\"https:\\\/\\\/www.facebook.com\\\/xstylemd\",\"https:\\\/\\\/www.instagram.com\\\/xstyle_md\\\/\",\"https:\\\/\\\/t.me\\\/xstyle_outdoor\"],\"hasMerchantReturnPolicy\":{\"@type\":\"MerchantReturnPolicy\",\"merchantReturnLink\":\"https:\\\/\\\/xstyle.md\\\/ro\\\/conditions\\\/\"}}]}<\/script>\n<meta property=\"product:price:amount\" content=\"1390.00\" \/>\n<meta property=\"product:price:currency\" content=\"MDL\" \/>\n<meta property=\"og:availability\" content=\"instock\" \/>\n<meta property=\"product:availability\" content=\"instock\" \/>\n<meta property=\"product:retailer_item_id\" content=\"5709388014283\" \/>\n<meta property=\"product:condition\" content=\"new\" \/>\n<!-- \/ Yoast SEO plugin. -->","yoast_head_json":{"title":"Saltea gonflabil\u0103 Outwell Flock Excellent Single - Magazin Xstyle","description":"G\u0103si\u021bi salteaua gonflabil\u0103 perfect\u0103 Outwell Flock Excellent Single, robust\u0103 \u0219i confortabil\u0103 datorit\u0103 marginii \u00eenalte \u0219i PVC-ului moale. Confort \u0219i stabilitate \u00een timpul odihnei!","robots":{"index":"index","follow":"follow","max-snippet":"max-snippet:-1","max-image-preview":"max-image-preview:large","max-video-preview":"max-video-preview:-1"},"canonical":"https:\/\/xstyle.md\/ro\/produs\/naduvnoj-matras-outwell-flock-excellent-single\/","og_locale":"ro_RO","og_type":"article","og_title":"\u041d\u0430\u0434\u0443\u0432\u043d\u043e\u0439 \u043c\u0430\u0442\u0440\u0430\u0441 Outwell Flock Excellent Single - \u041c\u0430\u0433\u0430\u0437\u0438\u043d Xstyle","og_description":"\u041d\u0430\u0445\u043e\u0434\u0438\u0442\u0435 \u0438\u0434\u0435\u0430\u043b\u044c\u043d\u044b\u0439 \u043d\u0430\u0434\u0443\u0432\u043d\u043e\u0439 \u043c\u0430\u0442\u0440\u0430\u0441 Outwell Flock Excellent Single, \u043a\u0440\u0435\u043f\u043a\u0438\u0439 \u0438 \u0443\u0434\u043e\u0431\u043d\u044b\u0439 \u0431\u043b\u0430\u0433\u043e\u0434\u0430\u0440\u044f \u0432\u044b\u0441\u043e\u043a\u0438\u043c \u043a\u0440\u0430\u044f\u043c \u0438 \u043c\u044f\u0433\u043a\u043e\u043c\u0443 \u041f\u0412\u0425. \u041a\u043e\u043c\u0444\u043e\u0440\u0442 \u0438 \u0441\u0442\u0430\u0431\u0438\u043b\u044c\u043d\u043e\u0441\u0442\u044c \u043d\u0430 \u043e\u0442\u0434\u044b\u0445\u0435!","og_url":"https:\/\/xstyle.md\/ro\/produs\/naduvnoj-matras-outwell-flock-excellent-single\/","og_site_name":"\u041c\u0430\u0433\u0430\u0437\u0438\u043d Xstyle","article_publisher":"https:\/\/www.facebook.com\/xstylemd","article_modified_time":"2024-10-21T06:40:31+00:00","og_image":[{"width":1002,"height":820,"url":"https:\/\/xstyle.md\/wp-content\/uploads\/2020\/07\/outwell-flock-excellent-single-grey-green.jpg","type":"image\/jpeg"}],"twitter_card":"summary_large_image","twitter_misc":{"Pre\u021b":"1.390&nbsp;MDL","Disponibilitate":"\u00cen stoc"},"schema":{"@context":"https:\/\/schema.org","@graph":[{"@type":"WebPage","@id":"https:\/\/xstyle.md\/product\/naduvnoj-matras-outwell-flock-excellent-single\/","url":"https:\/\/xstyle.md\/product\/naduvnoj-matras-outwell-flock-excellent-single\/","name":"Saltea gonflabil\u0103 Outwell Flock Excellent Single - Magazin Xstyle","isPartOf":{"@id":"https:\/\/xstyle.md\/#website"},"primaryImageOfPage":{"@id":"https:\/\/xstyle.md\/product\/naduvnoj-matras-outwell-flock-excellent-single\/#primaryimage"},"image":{"@id":"https:\/\/xstyle.md\/product\/naduvnoj-matras-outwell-flock-excellent-single\/#primaryimage"},"thumbnailUrl":"https:\/\/xstyle.md\/wp-content\/uploads\/2020\/07\/outwell-flock-excellent-single-grey-green.jpg","datePublished":"2020-07-17T15:29:45+00:00","dateModified":"2024-10-21T06:40:31+00:00","description":"G\u0103si\u021bi salteaua gonflabil\u0103 perfect\u0103 Outwell Flock Excellent Single, robust\u0103 \u0219i confortabil\u0103 datorit\u0103 marginii \u00eenalte \u0219i PVC-ului moale. Confort \u0219i stabilitate \u00een timpul odihnei!","breadcrumb":{"@id":"https:\/\/xstyle.md\/product\/naduvnoj-matras-outwell-flock-excellent-single\/#breadcrumb"},"inLanguage":"ro-RO","potentialAction":[{"@type":"ReadAction","target":["https:\/\/xstyle.md\/product\/naduvnoj-matras-outwell-flock-excellent-single\/"]}]},{"@type":"ImageObject","inLanguage":"ro-RO","@id":"https:\/\/xstyle.md\/product\/naduvnoj-matras-outwell-flock-excellent-single\/#primaryimage","url":"https:\/\/xstyle.md\/wp-content\/uploads\/2020\/07\/outwell-flock-excellent-single-grey-green.jpg","contentUrl":"https:\/\/xstyle.md\/wp-content\/uploads\/2020\/07\/outwell-flock-excellent-single-grey-green.jpg","width":1002,"height":820,"caption":"\u041a\u043e\u043c\u043f\u043b\u0435\u043a\u0442 \u0434\u043b\u044f \u0430\u043a\u0442\u0438\u0432\u043d\u043e\u0433\u043e \u043e\u0442\u0434\u044b\u0445\u0430 \u0441 \u043d\u0430\u0434\u0443\u0432\u043d\u044b\u043c \u043c\u0430\u0442\u0440\u0430\u0441\u043e\u043c Outwell Flock Excellent Single \u0434\u043b\u044f \u043a\u0435\u043c\u043f\u0438\u043d\u0433\u0430, \u043f\u0443\u0442\u0435\u0448\u0435\u0441\u0442\u0432\u0438\u0439 \u0438 \u0430\u043b\u044c\u043f\u0438\u043d\u0438\u0437\u043c\u0430, \u043f\u043e\u0434\u0445\u043e\u0434\u044f\u0449\u0438\u0439 \u0434\u043b\u044f \u0442\u0443\u0440\u0438\u0441\u0442\u0438\u0447\u0435\u0441\u043a\u043e\u0439 \u043e\u0434\u0435\u0436\u0434\u044b \u0438 \u043e\u0431\u0443\u0432\u0438."},{"@type":"BreadcrumbList","@id":"https:\/\/xstyle.md\/product\/naduvnoj-matras-outwell-flock-excellent-single\/#breadcrumb","itemListElement":[{"@type":"ListItem","position":1,"name":"\u0413\u043b\u0430\u0432\u043d\u0430\u044f \u0441\u0442\u0440\u0430\u043d\u0438\u0446\u0430","item":"https:\/\/xstyle.md\/"},{"@type":"ListItem","position":2,"name":"\u041c\u0430\u0433\u0430\u0437\u0438\u043d","item":"https:\/\/xstyle.md\/shop\/"},{"@type":"ListItem","position":3,"name":"\u041d\u0430\u0434\u0443\u0432\u043d\u043e\u0439 \u043c\u0430\u0442\u0440\u0430\u0441 Outwell Flock Excellent Single"}]},{"@type":"WebSite","@id":"https:\/\/xstyle.md\/#website","url":"https:\/\/xstyle.md\/","name":"Magazinul X-Style","description":"Echipamente pentru turism \u0219i sporturi extreme \u00een Moldova. Pre\u021buri, fotografii, caracteristici \u00een Moldova.","publisher":{"@id":"https:\/\/xstyle.md\/#organization"},"alternateName":"X-Style","potentialAction":[{"@type":"SearchAction","target":{"@type":"EntryPoint","urlTemplate":"https:\/\/xstyle.md\/?s={search_term_string}"},"query-input":{"@type":"PropertyValueSpecification","valueRequired":true,"valueName":"search_term_string"}}],"inLanguage":"ro-RO"},{"@type":"Organization","@id":"https:\/\/xstyle.md\/#organization","name":"Magazinul X-Style","alternateName":"x-style","url":"https:\/\/xstyle.md\/","logo":{"@type":"ImageObject","inLanguage":"ro-RO","@id":"https:\/\/xstyle.md\/#\/schema\/logo\/image\/","url":"https:\/\/xstyle.md\/wp-content\/uploads\/2020\/06\/logoicon.svg","contentUrl":"https:\/\/xstyle.md\/wp-content\/uploads\/2020\/06\/logoicon.svg","caption":"\u041c\u0430\u0433\u0430\u0437\u0438\u043d Xstyle"},"image":{"@id":"https:\/\/xstyle.md\/#\/schema\/logo\/image\/"},"sameAs":["https:\/\/www.facebook.com\/xstylemd","https:\/\/www.instagram.com\/xstyle_md\/","https:\/\/t.me\/xstyle_outdoor"],"hasMerchantReturnPolicy":{"@type":"MerchantReturnPolicy","merchantReturnLink":"https:\/\/xstyle.md\/ro\/conditions\/"}}]},"product_price_amount":"1390.00","product_price_currency":"MDL","og_availability":"instock","product_availability":"instock","product_retailer_item_id":"5709388014283","product_condition":"new"},"post_mailing_queue_ids":[],"_links":{"self":[{"href":"https:\/\/xstyle.md\/ro\/wp-json\/wp\/v2\/product\/17907","targetHints":{"allow":["GET"]}}],"collection":[{"href":"https:\/\/xstyle.md\/ro\/wp-json\/wp\/v2\/product"}],"about":[{"href":"https:\/\/xstyle.md\/ro\/wp-json\/wp\/v2\/types\/product"}],"replies":[{"embeddable":true,"href":"https:\/\/xstyle.md\/ro\/wp-json\/wp\/v2\/comments?post=17907"}],"wp:featuredmedia":[{"embeddable":true,"href":"https:\/\/xstyle.md\/ro\/wp-json\/wp\/v2\/media\/67635"}],"wp:attachment":[{"href":"https:\/\/xstyle.md\/ro\/wp-json\/wp\/v2\/media?parent=17907"}],"wp:term":[{"taxonomy":"product_brand","embeddable":true,"href":"https:\/\/xstyle.md\/ro\/wp-json\/wp\/v2\/product_brand?post=17907"},{"taxonomy":"product_cat","embeddable":true,"href":"https:\/\/xstyle.md\/ro\/wp-json\/wp\/v2\/product_cat?post=17907"},{"taxonomy":"product_tag","embeddable":true,"href":"https:\/\/xstyle.md\/ro\/wp-json\/wp\/v2\/product_tag?post=17907"}],"curies":[{"name":"wp","href":"https:\/\/api.w.org\/{rel}","templated":true}]}}