{"id":15906,"date":"2020-07-17T16:22:50","date_gmt":"2020-07-17T13:22:50","guid":{"rendered":"https:\/\/xstyle.md\/product\/termos-dlja-edy-zojirushi-sl-xe20-2-0l"},"modified":"2025-12-03T14:06:09","modified_gmt":"2025-12-03T11:06:09","slug":"termos-dlja-edy-zojirushi-sl-xe20-2-0l","status":"publish","type":"product","link":"https:\/\/dev.xstyle.md\/ro\/produs\/termos-dlja-edy-zojirushi-sl-xe20-2-0l\/","title":{"rendered":"Termos pentru m\u00e2ncare Zojirushi SL-XE20 2.0L"},"content":{"rendered":"<\/p>\n<p><strong>Termos pentru m&acirc;ncare Zojirushi SL-XE20 2.0L<\/strong>&nbsp;&#8212; con\u021bine trei containere cu un volum de 0,79 l, 0,4 l \u0219i 0,28 l pentru depozitarea alimentelor calde \u0219i reci. Containerele pentru alimente pot fi &icirc;nc\u0103lzite &icirc;n cuptorul cu microunde, componentele lor fiind fabricate dintr-un material special, u\u0219or de sp\u0103lat. Kitul include un penar cu beti\u0219oare chineze\u0219ti. Valoarea pentru termos umplut la temperatura ini\u021bial\u0103 a lichidului din termos 95 &deg; C, \u0219i la temperatura aerului ambiant de 20 &deg; C. dup\u0103 6 h: 71 &deg; C.<\/p>\n<p><strong>Caracteristici:<\/strong><\/p>\n<ul>\n<li>Volum: 2,0 litri.<\/li>\n<li>Acoperire cu teflon care se cur\u0103\u021b\u0103 u\u0219or<\/li>\n<li>Penar cu be\u021bi\u0219oare chineze\u0219ti<\/li>\n<li>&Icirc;nc\u0103lzirea &icirc;n cuptorul cu microunde<\/li>\n<li>Curea de transport deta\u0219abil\u0103<\/li>\n<li>Dimensiuni (l\u0103\u021bime, ad&acirc;ncime, &icirc;n\u0103l\u021bime): 150 &times; 135 &times; 230 mm<\/li>\n<li>Greutate: 1,2 kg.<\/li>\n<\/ul>\n<p><iframe loading=\"lazy\" title=\"How to Use Your Zojirushi Stainless Steel Lunch Jars\" width=\"500\" height=\"375\" src=\"https:\/\/www.youtube.com\/embed\/qDchxnuFzu0?feature=oembed\" frameborder=\"0\" allow=\"accelerometer; autoplay; clipboard-write; encrypted-media; gyroscope; picture-in-picture; web-share\" referrerpolicy=\"strict-origin-when-cross-origin\" allowfullscreen><\/iframe><\/p>\n<p><\/p>","protected":false},"excerpt":{"rendered":"<p>Termos pentru m\u00e2ncare Zojirushi SL-XE20 2.0L<\/p>","protected":false},"featured_media":15905,"comment_status":"open","ping_status":"closed","template":"","meta":{"_acf_changed":false,"inline_featured_image":false},"product_brand":[1377],"product_cat":[856],"product_tag":[],"class_list":{"0":"post-15906","1":"product","2":"type-product","3":"status-publish","4":"has-post-thumbnail","6":"product_brand-zojirushi","7":"product_cat-thermoses-and-food-containers","9":"first","10":"instock","11":"shipping-taxable","12":"purchasable","13":"product-type-simple"},"acf":[],"yoast_head":"<!-- This site is optimized with the Yoast SEO plugin v27.5 - https:\/\/yoast.com\/product\/yoast-seo-wordpress\/ -->\n<title>\u0422\u0435\u0440\u043c\u043e\u0441 \u0434\u043b\u044f \u0435\u0434\u044b Zojirushi SL-XE20 2.0L - \u041c\u0430\u0433\u0430\u0437\u0438\u043d Xstyle<\/title>\n<meta name=\"description\" content=\"\u0422\u0435\u0440\u043c\u043e\u0441 \u0434\u043b\u044f \u0435\u0434\u044b Zojirushi SL-XE20 (2.0L) \u0438\u0434\u0435\u0430\u043b\u044c\u043d\u043e \u043f\u043e\u0434\u0445\u043e\u0434\u0438\u0442 \u0434\u043b\u044f \u0445\u0440\u0430\u043d\u0435\u043d\u0438\u044f \u0433\u043e\u0440\u044f\u0447\u0435\u0439 \u0438 \u0445\u043e\u043b\u043e\u0434\u043d\u043e\u0439 \u043f\u0438\u0449\u0438. \u0412 \u043a\u043e\u043c\u043f\u043b\u0435\u043a\u0442\u0435 3 \u043a\u043e\u043d\u0442\u0435\u0439\u043d\u0435\u0440\u0430 \u0438 \u043d\u0430\u0431\u043e\u0440 \u043f\u0430\u043b\u043e\u0447\u0435\u043a.\" \/>\n<meta name=\"robots\" content=\"noindex, follow, max-snippet:-1, max-image-preview:large, max-video-preview:-1\" \/>\n<meta property=\"og:locale\" content=\"ro_RO\" \/>\n<meta property=\"og:type\" content=\"article\" \/>\n<meta property=\"og:title\" content=\"\u0422\u0435\u0440\u043c\u043e\u0441 \u0434\u043b\u044f \u0435\u0434\u044b Zojirushi SL-XE20 2.0L - \u041c\u0430\u0433\u0430\u0437\u0438\u043d Xstyle\" \/>\n<meta property=\"og:description\" content=\"\u0422\u0435\u0440\u043c\u043e\u0441 \u0434\u043b\u044f \u0435\u0434\u044b Zojirushi SL-XE20 (2.0L) \u0438\u0434\u0435\u0430\u043b\u044c\u043d\u043e \u043f\u043e\u0434\u0445\u043e\u0434\u0438\u0442 \u0434\u043b\u044f \u0445\u0440\u0430\u043d\u0435\u043d\u0438\u044f \u0433\u043e\u0440\u044f\u0447\u0435\u0439 \u0438 \u0445\u043e\u043b\u043e\u0434\u043d\u043e\u0439 \u043f\u0438\u0449\u0438. \u0412 \u043a\u043e\u043c\u043f\u043b\u0435\u043a\u0442\u0435 3 \u043a\u043e\u043d\u0442\u0435\u0439\u043d\u0435\u0440\u0430 \u0438 \u043d\u0430\u0431\u043e\u0440 \u043f\u0430\u043b\u043e\u0447\u0435\u043a.\" \/>\n<meta property=\"og:url\" content=\"https:\/\/dev.xstyle.md\/ro\/produs\/termos-dlja-edy-zojirushi-sl-xe20-2-0l\/\" \/>\n<meta property=\"og:site_name\" content=\"\u041c\u0430\u0433\u0430\u0437\u0438\u043d Xstyle\" \/>\n<meta property=\"article:publisher\" content=\"https:\/\/www.facebook.com\/xstylemd\" \/>\n<meta property=\"article:modified_time\" content=\"2025-12-03T11:06:09+00:00\" \/>\n<meta property=\"og:image\" content=\"https:\/\/dev.xstyle.md\/wp-content\/uploads\/2020\/07\/yamada-denki_3445880015.jpg\" \/>\n\t<meta property=\"og:image:width\" content=\"357\" \/>\n\t<meta property=\"og:image:height\" content=\"305\" \/>\n\t<meta property=\"og:image:type\" content=\"image\/jpeg\" \/>\n<meta name=\"twitter:card\" content=\"summary_large_image\" \/>\n<meta name=\"twitter:label1\" content=\"Pre\u021b\" \/>\n\t<meta name=\"twitter:data1\" content=\"1.390,00&nbsp;MDL\" \/>\n\t<meta name=\"twitter:label2\" content=\"Disponibilitate\" \/>\n\t<meta name=\"twitter:data2\" content=\"\u00cen stoc\" \/>\n<script type=\"application\/ld+json\" class=\"yoast-schema-graph\">{\"@context\":\"https:\\\/\\\/schema.org\",\"@graph\":[{\"@type\":\"WebPage\",\"@id\":\"https:\\\/\\\/dev.xstyle.md\\\/product\\\/termos-dlja-edy-zojirushi-sl-xe20-2-0l\\\/\",\"url\":\"https:\\\/\\\/dev.xstyle.md\\\/product\\\/termos-dlja-edy-zojirushi-sl-xe20-2-0l\\\/\",\"name\":\"\u0422\u0435\u0440\u043c\u043e\u0441 \u0434\u043b\u044f \u0435\u0434\u044b Zojirushi SL-XE20 2.0L - \u041c\u0430\u0433\u0430\u0437\u0438\u043d Xstyle\",\"isPartOf\":{\"@id\":\"https:\\\/\\\/dev.xstyle.md\\\/#website\"},\"primaryImageOfPage\":{\"@id\":\"https:\\\/\\\/dev.xstyle.md\\\/product\\\/termos-dlja-edy-zojirushi-sl-xe20-2-0l\\\/#primaryimage\"},\"image\":{\"@id\":\"https:\\\/\\\/dev.xstyle.md\\\/product\\\/termos-dlja-edy-zojirushi-sl-xe20-2-0l\\\/#primaryimage\"},\"thumbnailUrl\":\"https:\\\/\\\/dev.xstyle.md\\\/wp-content\\\/uploads\\\/2020\\\/07\\\/yamada-denki_3445880015.jpg\",\"datePublished\":\"2020-07-17T13:22:50+00:00\",\"dateModified\":\"2025-12-03T11:06:09+00:00\",\"description\":\"\u0422\u0435\u0440\u043c\u043e\u0441 \u0434\u043b\u044f \u0435\u0434\u044b Zojirushi SL-XE20 (2.0L) \u0438\u0434\u0435\u0430\u043b\u044c\u043d\u043e \u043f\u043e\u0434\u0445\u043e\u0434\u0438\u0442 \u0434\u043b\u044f \u0445\u0440\u0430\u043d\u0435\u043d\u0438\u044f \u0433\u043e\u0440\u044f\u0447\u0435\u0439 \u0438 \u0445\u043e\u043b\u043e\u0434\u043d\u043e\u0439 \u043f\u0438\u0449\u0438. \u0412 \u043a\u043e\u043c\u043f\u043b\u0435\u043a\u0442\u0435 3 \u043a\u043e\u043d\u0442\u0435\u0439\u043d\u0435\u0440\u0430 \u0438 \u043d\u0430\u0431\u043e\u0440 \u043f\u0430\u043b\u043e\u0447\u0435\u043a.\",\"breadcrumb\":{\"@id\":\"https:\\\/\\\/dev.xstyle.md\\\/product\\\/termos-dlja-edy-zojirushi-sl-xe20-2-0l\\\/#breadcrumb\"},\"inLanguage\":\"ro-RO\",\"potentialAction\":[{\"@type\":\"ReadAction\",\"target\":[\"https:\\\/\\\/dev.xstyle.md\\\/product\\\/termos-dlja-edy-zojirushi-sl-xe20-2-0l\\\/\"]}]},{\"@type\":\"ImageObject\",\"inLanguage\":\"ro-RO\",\"@id\":\"https:\\\/\\\/dev.xstyle.md\\\/product\\\/termos-dlja-edy-zojirushi-sl-xe20-2-0l\\\/#primaryimage\",\"url\":\"https:\\\/\\\/dev.xstyle.md\\\/wp-content\\\/uploads\\\/2020\\\/07\\\/yamada-denki_3445880015.jpg\",\"contentUrl\":\"https:\\\/\\\/dev.xstyle.md\\\/wp-content\\\/uploads\\\/2020\\\/07\\\/yamada-denki_3445880015.jpg\",\"width\":357,\"height\":305},{\"@type\":\"BreadcrumbList\",\"@id\":\"https:\\\/\\\/dev.xstyle.md\\\/product\\\/termos-dlja-edy-zojirushi-sl-xe20-2-0l\\\/#breadcrumb\",\"itemListElement\":[{\"@type\":\"ListItem\",\"position\":1,\"name\":\"\u0413\u043b\u0430\u0432\u043d\u0430\u044f \u0441\u0442\u0440\u0430\u043d\u0438\u0446\u0430\",\"item\":\"https:\\\/\\\/dev.xstyle.md\\\/\"},{\"@type\":\"ListItem\",\"position\":2,\"name\":\"Shop\",\"item\":\"https:\\\/\\\/dev.xstyle.md\\\/shop\\\/\"},{\"@type\":\"ListItem\",\"position\":3,\"name\":\"\u0422\u0435\u0440\u043c\u043e\u0441 \u0434\u043b\u044f \u0435\u0434\u044b Zojirushi SL-XE20 2.0L\"}]},{\"@type\":\"WebSite\",\"@id\":\"https:\\\/\\\/dev.xstyle.md\\\/#website\",\"url\":\"https:\\\/\\\/dev.xstyle.md\\\/\",\"name\":\"\u041c\u0430\u0433\u0430\u0437\u0438\u043d Xstyle\",\"description\":\"C\u043d\u0430\u0440\u044f\u0436\u0435\u043d\u0438\u0435 \u0434\u043b\u044f \u0442\u0443\u0440\u0438\u0437\u043c\u0430 \u0438 \u044d\u043a\u0441\u0442\u0440\u0435\u043c\u0430\u043b\u044c\u043d\u044b\u0445 \u0432\u0438\u0434\u043e\u0432 \u0441\u043f\u043e\u0440\u0442\u0430 \u0432 \u041c\u043e\u043b\u0434\u043e\u0432\u0435.. \u0426\u0435\u043d\u044b, \u0444\u043e\u0442\u043e, \u0445\u0430\u0440\u0430\u043a\u0442\u0435\u0440\u0438\u0441\u0442\u0438\u043a\u0438 \u0432 \u041c\u043e\u043b\u0434\u043e\u0432\u0435.\",\"publisher\":{\"@id\":\"https:\\\/\\\/dev.xstyle.md\\\/#organization\"},\"alternateName\":\"X-Style\",\"potentialAction\":[{\"@type\":\"SearchAction\",\"target\":{\"@type\":\"EntryPoint\",\"urlTemplate\":\"https:\\\/\\\/dev.xstyle.md\\\/?s={search_term_string}\"},\"query-input\":{\"@type\":\"PropertyValueSpecification\",\"valueRequired\":true,\"valueName\":\"search_term_string\"}}],\"inLanguage\":\"ro-RO\"},{\"@type\":\"Organization\",\"@id\":\"https:\\\/\\\/dev.xstyle.md\\\/#organization\",\"name\":\"\u041c\u0430\u0433\u0430\u0437\u0438\u043d Xstyle\",\"alternateName\":\"x-style\",\"url\":\"https:\\\/\\\/dev.xstyle.md\\\/\",\"logo\":{\"@type\":\"ImageObject\",\"inLanguage\":\"ro-RO\",\"@id\":\"https:\\\/\\\/dev.xstyle.md\\\/#\\\/schema\\\/logo\\\/image\\\/\",\"url\":\"https:\\\/\\\/dev.xstyle.md\\\/wp-content\\\/uploads\\\/2020\\\/06\\\/logoicon.svg\",\"contentUrl\":\"https:\\\/\\\/dev.xstyle.md\\\/wp-content\\\/uploads\\\/2020\\\/06\\\/logoicon.svg\",\"caption\":\"\u041c\u0430\u0433\u0430\u0437\u0438\u043d Xstyle\"},\"image\":{\"@id\":\"https:\\\/\\\/dev.xstyle.md\\\/#\\\/schema\\\/logo\\\/image\\\/\"},\"sameAs\":[\"https:\\\/\\\/www.facebook.com\\\/xstylemd\",\"https:\\\/\\\/www.instagram.com\\\/xstyle_md\\\/\",\"https:\\\/\\\/t.me\\\/xstyle_outdoor\"],\"hasMerchantReturnPolicy\":{\"@type\":\"MerchantReturnPolicy\",\"merchantReturnLink\":\"https:\\\/\\\/dev.xstyle.md\\\/ro\\\/conditions\\\/\"}}]}<\/script>\n<meta property=\"product:price:amount\" content=\"1390.00\" \/>\n<meta property=\"product:price:currency\" content=\"MDL\" \/>\n<meta property=\"og:availability\" content=\"instock\" \/>\n<meta property=\"product:availability\" content=\"instock\" \/>\n<meta property=\"product:retailer_item_id\" content=\"4974305213266\" \/>\n<meta property=\"product:condition\" content=\"new\" \/>\n<!-- \/ Yoast SEO plugin. -->","yoast_head_json":{"title":"Termos pentru m\u00e2ncare Zojirushi SL-XE20 2.0L - Magazin Xstyle","description":"Termos pentru m\u00e2ncare Zojirushi SL-XE20 (2.0L) este perfect pentru p\u0103strarea alimentelor calde \u0219i reci. \u00cen set sunt incluse 3 containere \u0219i un set de be\u021bi\u0219oare.","robots":{"index":"noindex","follow":"follow","max-snippet":"max-snippet:-1","max-image-preview":"max-image-preview:large","max-video-preview":"max-video-preview:-1"},"og_locale":"ro_RO","og_type":"article","og_title":"\u0422\u0435\u0440\u043c\u043e\u0441 \u0434\u043b\u044f \u0435\u0434\u044b Zojirushi SL-XE20 2.0L - \u041c\u0430\u0433\u0430\u0437\u0438\u043d Xstyle","og_description":"\u0422\u0435\u0440\u043c\u043e\u0441 \u0434\u043b\u044f \u0435\u0434\u044b Zojirushi SL-XE20 (2.0L) \u0438\u0434\u0435\u0430\u043b\u044c\u043d\u043e \u043f\u043e\u0434\u0445\u043e\u0434\u0438\u0442 \u0434\u043b\u044f \u0445\u0440\u0430\u043d\u0435\u043d\u0438\u044f \u0433\u043e\u0440\u044f\u0447\u0435\u0439 \u0438 \u0445\u043e\u043b\u043e\u0434\u043d\u043e\u0439 \u043f\u0438\u0449\u0438. \u0412 \u043a\u043e\u043c\u043f\u043b\u0435\u043a\u0442\u0435 3 \u043a\u043e\u043d\u0442\u0435\u0439\u043d\u0435\u0440\u0430 \u0438 \u043d\u0430\u0431\u043e\u0440 \u043f\u0430\u043b\u043e\u0447\u0435\u043a.","og_url":"https:\/\/dev.xstyle.md\/ro\/produs\/termos-dlja-edy-zojirushi-sl-xe20-2-0l\/","og_site_name":"\u041c\u0430\u0433\u0430\u0437\u0438\u043d Xstyle","article_publisher":"https:\/\/www.facebook.com\/xstylemd","article_modified_time":"2025-12-03T11:06:09+00:00","og_image":[{"width":357,"height":305,"url":"https:\/\/dev.xstyle.md\/wp-content\/uploads\/2020\/07\/yamada-denki_3445880015.jpg","type":"image\/jpeg"}],"twitter_card":"summary_large_image","twitter_misc":{"Pre\u021b":"1.390,00&nbsp;MDL","Disponibilitate":"\u00cen stoc"},"schema":{"@context":"https:\/\/schema.org","@graph":[{"@type":"WebPage","@id":"https:\/\/dev.xstyle.md\/product\/termos-dlja-edy-zojirushi-sl-xe20-2-0l\/","url":"https:\/\/dev.xstyle.md\/product\/termos-dlja-edy-zojirushi-sl-xe20-2-0l\/","name":"Termos pentru m\u00e2ncare Zojirushi SL-XE20 2.0L - Magazin Xstyle","isPartOf":{"@id":"https:\/\/dev.xstyle.md\/#website"},"primaryImageOfPage":{"@id":"https:\/\/dev.xstyle.md\/product\/termos-dlja-edy-zojirushi-sl-xe20-2-0l\/#primaryimage"},"image":{"@id":"https:\/\/dev.xstyle.md\/product\/termos-dlja-edy-zojirushi-sl-xe20-2-0l\/#primaryimage"},"thumbnailUrl":"https:\/\/dev.xstyle.md\/wp-content\/uploads\/2020\/07\/yamada-denki_3445880015.jpg","datePublished":"2020-07-17T13:22:50+00:00","dateModified":"2025-12-03T11:06:09+00:00","description":"Termos pentru m\u00e2ncare Zojirushi SL-XE20 (2.0L) este perfect pentru p\u0103strarea alimentelor calde \u0219i reci. \u00cen set sunt incluse 3 containere \u0219i un set de be\u021bi\u0219oare.","breadcrumb":{"@id":"https:\/\/dev.xstyle.md\/product\/termos-dlja-edy-zojirushi-sl-xe20-2-0l\/#breadcrumb"},"inLanguage":"ro-RO","potentialAction":[{"@type":"ReadAction","target":["https:\/\/dev.xstyle.md\/product\/termos-dlja-edy-zojirushi-sl-xe20-2-0l\/"]}]},{"@type":"ImageObject","inLanguage":"ro-RO","@id":"https:\/\/dev.xstyle.md\/product\/termos-dlja-edy-zojirushi-sl-xe20-2-0l\/#primaryimage","url":"https:\/\/dev.xstyle.md\/wp-content\/uploads\/2020\/07\/yamada-denki_3445880015.jpg","contentUrl":"https:\/\/dev.xstyle.md\/wp-content\/uploads\/2020\/07\/yamada-denki_3445880015.jpg","width":357,"height":305},{"@type":"BreadcrumbList","@id":"https:\/\/dev.xstyle.md\/product\/termos-dlja-edy-zojirushi-sl-xe20-2-0l\/#breadcrumb","itemListElement":[{"@type":"ListItem","position":1,"name":"\u0413\u043b\u0430\u0432\u043d\u0430\u044f \u0441\u0442\u0440\u0430\u043d\u0438\u0446\u0430","item":"https:\/\/dev.xstyle.md\/"},{"@type":"ListItem","position":2,"name":"Shop","item":"https:\/\/dev.xstyle.md\/shop\/"},{"@type":"ListItem","position":3,"name":"\u0422\u0435\u0440\u043c\u043e\u0441 \u0434\u043b\u044f \u0435\u0434\u044b Zojirushi SL-XE20 2.0L"}]},{"@type":"WebSite","@id":"https:\/\/dev.xstyle.md\/#website","url":"https:\/\/dev.xstyle.md\/","name":"Magazinul X-Style","description":"Echipamente pentru turism \u0219i sporturi extreme \u00een Moldova. Pre\u021buri, fotografii, caracteristici \u00een Moldova.","publisher":{"@id":"https:\/\/dev.xstyle.md\/#organization"},"alternateName":"X-Style","potentialAction":[{"@type":"SearchAction","target":{"@type":"EntryPoint","urlTemplate":"https:\/\/dev.xstyle.md\/?s={search_term_string}"},"query-input":{"@type":"PropertyValueSpecification","valueRequired":true,"valueName":"search_term_string"}}],"inLanguage":"ro-RO"},{"@type":"Organization","@id":"https:\/\/dev.xstyle.md\/#organization","name":"Magazinul X-Style","alternateName":"x-style","url":"https:\/\/dev.xstyle.md\/","logo":{"@type":"ImageObject","inLanguage":"ro-RO","@id":"https:\/\/dev.xstyle.md\/#\/schema\/logo\/image\/","url":"https:\/\/dev.xstyle.md\/wp-content\/uploads\/2020\/06\/logoicon.svg","contentUrl":"https:\/\/dev.xstyle.md\/wp-content\/uploads\/2020\/06\/logoicon.svg","caption":"\u041c\u0430\u0433\u0430\u0437\u0438\u043d Xstyle"},"image":{"@id":"https:\/\/dev.xstyle.md\/#\/schema\/logo\/image\/"},"sameAs":["https:\/\/www.facebook.com\/xstylemd","https:\/\/www.instagram.com\/xstyle_md\/","https:\/\/t.me\/xstyle_outdoor"],"hasMerchantReturnPolicy":{"@type":"MerchantReturnPolicy","merchantReturnLink":"https:\/\/dev.xstyle.md\/ro\/conditions\/"}}]},"product_price_amount":"1390.00","product_price_currency":"MDL","og_availability":"instock","product_availability":"instock","product_retailer_item_id":"4974305213266","product_condition":"new"},"post_mailing_queue_ids":[],"_links":{"self":[{"href":"https:\/\/dev.xstyle.md\/ro\/wp-json\/wp\/v2\/product\/15906","targetHints":{"allow":["GET"]}}],"collection":[{"href":"https:\/\/dev.xstyle.md\/ro\/wp-json\/wp\/v2\/product"}],"about":[{"href":"https:\/\/dev.xstyle.md\/ro\/wp-json\/wp\/v2\/types\/product"}],"replies":[{"embeddable":true,"href":"https:\/\/dev.xstyle.md\/ro\/wp-json\/wp\/v2\/comments?post=15906"}],"version-history":[{"count":0,"href":"https:\/\/dev.xstyle.md\/ro\/wp-json\/wp\/v2\/product\/15906\/revisions"}],"wp:featuredmedia":[{"embeddable":true,"href":"https:\/\/dev.xstyle.md\/ro\/wp-json\/wp\/v2\/media\/15905"}],"wp:attachment":[{"href":"https:\/\/dev.xstyle.md\/ro\/wp-json\/wp\/v2\/media?parent=15906"}],"wp:term":[{"taxonomy":"product_brand","embeddable":true,"href":"https:\/\/dev.xstyle.md\/ro\/wp-json\/wp\/v2\/product_brand?post=15906"},{"taxonomy":"product_cat","embeddable":true,"href":"https:\/\/dev.xstyle.md\/ro\/wp-json\/wp\/v2\/product_cat?post=15906"},{"taxonomy":"product_tag","embeddable":true,"href":"https:\/\/dev.xstyle.md\/ro\/wp-json\/wp\/v2\/product_tag?post=15906"}],"curies":[{"name":"wp","href":"https:\/\/api.w.org\/{rel}","templated":true}]}}