{"id":15521,"date":"2020-07-17T14:52:22","date_gmt":"2020-07-17T11:52:22","guid":{"rendered":"https:\/\/xstyle.md\/product\/botinki-dlja-snouborda-elan-rental"},"modified":"2026-03-19T16:36:53","modified_gmt":"2026-03-19T13:36:53","slug":"botinki-dlja-snouborda-elan-rental","status":"publish","type":"product","link":"https:\/\/dev.xstyle.md\/ro\/produs\/botinki-dlja-snouborda-elan-rental\/","title":{"rendered":"Bocanci de snowboard Elan Rental"},"content":{"rendered":"<\/p>\n<p><strong>Elan Rental <\/strong>&#8212; cizme de snowboard care fac snowboardingul distractiv \u0219i u\u0219or. Produsele au o serie de caracteristici care asigur\u0103 c\u0103 snowboarderii de toate nivelurile, de la \u00eencep\u0103tori p\u00e2n\u0103 la avansa\u021bi, au echipamentul potrivit care \u00eei va men\u021bine pe p\u00e2rtii \u0219i le va oferi bucuria de a merge.<\/p>\n<h3>Particularit\u0103\u021bi<\/h3>\n<ul>\n<li>Construc\u021bie \u00eent\u0103rit\u0103 \u0219i materiale durabile<\/li>\n<li>Band\u0103 de cauciuc pentru \u0219ireturi<\/li>\n<li>Indicator de m\u0103rime cu coduri de culoare<\/li>\n<li>C\u0103ptu\u0219eal\u0103 EVA antibacterian\u0103<\/li>\n<li>Tampoane moi + limb\u0103<\/li>\n<li>C\u0103ptu\u0219eal\u0103 + curea de tensionare.<\/li>\n<\/ul>\n<h3>Caracteristici<\/h3>\n<ul>\n<li>Talp\u0103 exterioar\u0103 &#8212; cauciuc<\/li>\n<li>Talp\u0103 interioar\u0103 &#8212; EVA.<\/li>\n<\/ul>\n<h3>Marca<\/h3>\n<p>Elan Group este un produc\u0103tor \u0219i furnizor de top de echipamente sportive \u0219i de agrement. Compania este prezent\u0103 pe aceast\u0103 pia\u021b\u0103 de mai bine de 60 de ani. Toate activit\u0103\u021bile Elan sunt axate pe dezvoltarea tehnic\u0103 a produselor \u0219i pe tehnologia avansat\u0103 exprimat\u0103 prin design progresiv. Printre activit\u0103\u021bile Grupului Elan se num\u0103r\u0103: schi alpin \u0219i snowboarding, iahturi cu vele \u00een larg \u0219i furnizarea de facilit\u0103\u021bi sportive cu toate echipamentele necesare.<\/p>\n<p><\/p>","protected":false},"excerpt":{"rendered":"<p>Bocanci de snowboard Elan Rental<\/p>","protected":false},"featured_media":43420,"comment_status":"open","ping_status":"closed","template":"","meta":{"_acf_changed":false,"inline_featured_image":false},"product_brand":[1315],"product_cat":[376],"product_tag":[],"class_list":{"0":"post-15521","1":"product","2":"type-product","3":"status-publish","4":"has-post-thumbnail","6":"product_brand-elan","7":"product_cat-snowboard-shoes","9":"first","10":"instock","11":"shipping-taxable","12":"purchasable","13":"product-type-simple"},"acf":[],"yoast_head":"<!-- This site is optimized with the Yoast SEO plugin v27.5 - https:\/\/yoast.com\/product\/yoast-seo-wordpress\/ -->\n<title>\u0411\u043e\u0442\u0438\u043d\u043a\u0438 \u0434\u043b\u044f \u0441\u043d\u043e\u0443\u0431\u043e\u0440\u0434\u0430 Elan Rental - \u041c\u0430\u0433\u0430\u0437\u0438\u043d Xstyle<\/title>\n<meta name=\"description\" content=\"\u0411\u043e\u0442\u0438\u043d\u043a\u0438 \u0434\u043b\u044f \u0441\u043d\u043e\u0443\u0431\u043e\u0440\u0434\u0430 Elan Rental - \u0438\u0434\u0435\u0430\u043b\u044c\u043d\u044b \u0434\u043b\u044f \u0432\u0441\u0435\u0445 \u0443\u0440\u043e\u0432\u043d\u0435\u0439. \u041f\u0440\u043e\u0447\u043d\u044b\u0435 \u043c\u0430\u0442\u0435\u0440\u0438\u0430\u043b\u044b \u0438 \u043a\u043e\u043c\u0444\u043e\u0440\u0442\u043d\u0430\u044f \u043a\u043e\u043d\u0441\u0442\u0440\u0443\u043a\u0446\u0438\u044f \u043e\u0431\u0435\u0441\u043f\u0435\u0447\u0438\u0432\u0430\u044e\u0442 \u043b\u0435\u0433\u043a\u043e\u0441\u0442\u044c \u0438 \u043d\u0430\u0441\u043b\u0430\u0436\u0434\u0435\u043d\u0438\u0435 \u043d\u0430 \u0441\u043a\u043b\u043e\u043d\u0430\u0445.\" \/>\n<meta name=\"robots\" content=\"noindex, follow, max-snippet:-1, max-image-preview:large, max-video-preview:-1\" \/>\n<meta property=\"og:locale\" content=\"ro_RO\" \/>\n<meta property=\"og:type\" content=\"article\" \/>\n<meta property=\"og:title\" content=\"\u0411\u043e\u0442\u0438\u043d\u043a\u0438 \u0434\u043b\u044f \u0441\u043d\u043e\u0443\u0431\u043e\u0440\u0434\u0430 Elan Rental - \u041c\u0430\u0433\u0430\u0437\u0438\u043d Xstyle\" \/>\n<meta property=\"og:description\" content=\"\u0411\u043e\u0442\u0438\u043d\u043a\u0438 \u0434\u043b\u044f \u0441\u043d\u043e\u0443\u0431\u043e\u0440\u0434\u0430 Elan Rental - \u0438\u0434\u0435\u0430\u043b\u044c\u043d\u044b \u0434\u043b\u044f \u0432\u0441\u0435\u0445 \u0443\u0440\u043e\u0432\u043d\u0435\u0439. \u041f\u0440\u043e\u0447\u043d\u044b\u0435 \u043c\u0430\u0442\u0435\u0440\u0438\u0430\u043b\u044b \u0438 \u043a\u043e\u043c\u0444\u043e\u0440\u0442\u043d\u0430\u044f \u043a\u043e\u043d\u0441\u0442\u0440\u0443\u043a\u0446\u0438\u044f \u043e\u0431\u0435\u0441\u043f\u0435\u0447\u0438\u0432\u0430\u044e\u0442 \u043b\u0435\u0433\u043a\u043e\u0441\u0442\u044c \u0438 \u043d\u0430\u0441\u043b\u0430\u0436\u0434\u0435\u043d\u0438\u0435 \u043d\u0430 \u0441\u043a\u043b\u043e\u043d\u0430\u0445.\" \/>\n<meta property=\"og:url\" content=\"https:\/\/dev.xstyle.md\/ro\/produs\/botinki-dlja-snouborda-elan-rental\/\" \/>\n<meta property=\"og:site_name\" content=\"\u041c\u0430\u0433\u0430\u0437\u0438\u043d Xstyle\" \/>\n<meta property=\"article:publisher\" content=\"https:\/\/www.facebook.com\/xstylemd\" \/>\n<meta property=\"article:modified_time\" content=\"2026-03-19T13:36:53+00:00\" \/>\n<meta property=\"og:image\" content=\"https:\/\/dev.xstyle.md\/wp-content\/uploads\/2020\/07\/elan-rental.png\" \/>\n\t<meta property=\"og:image:width\" content=\"429\" \/>\n\t<meta property=\"og:image:height\" content=\"394\" \/>\n\t<meta property=\"og:image:type\" content=\"image\/png\" \/>\n<meta name=\"twitter:card\" content=\"summary_large_image\" \/>\n<meta name=\"twitter:label1\" content=\"Pre\u021b\" \/>\n\t<meta name=\"twitter:data1\" content=\"4.790,00&nbsp;MDL\" \/>\n\t<meta name=\"twitter:label2\" content=\"Disponibilitate\" \/>\n\t<meta name=\"twitter:data2\" content=\"\u00cen stoc\" \/>\n<script type=\"application\/ld+json\" class=\"yoast-schema-graph\">{\"@context\":\"https:\\\/\\\/schema.org\",\"@graph\":[{\"@type\":\"WebPage\",\"@id\":\"https:\\\/\\\/dev.xstyle.md\\\/product\\\/botinki-dlja-snouborda-elan-rental\\\/\",\"url\":\"https:\\\/\\\/dev.xstyle.md\\\/product\\\/botinki-dlja-snouborda-elan-rental\\\/\",\"name\":\"\u0411\u043e\u0442\u0438\u043d\u043a\u0438 \u0434\u043b\u044f \u0441\u043d\u043e\u0443\u0431\u043e\u0440\u0434\u0430 Elan Rental - \u041c\u0430\u0433\u0430\u0437\u0438\u043d Xstyle\",\"isPartOf\":{\"@id\":\"https:\\\/\\\/dev.xstyle.md\\\/#website\"},\"primaryImageOfPage\":{\"@id\":\"https:\\\/\\\/dev.xstyle.md\\\/product\\\/botinki-dlja-snouborda-elan-rental\\\/#primaryimage\"},\"image\":{\"@id\":\"https:\\\/\\\/dev.xstyle.md\\\/product\\\/botinki-dlja-snouborda-elan-rental\\\/#primaryimage\"},\"thumbnailUrl\":\"https:\\\/\\\/dev.xstyle.md\\\/wp-content\\\/uploads\\\/2020\\\/07\\\/elan-rental.png\",\"datePublished\":\"2020-07-17T11:52:22+00:00\",\"dateModified\":\"2026-03-19T13:36:53+00:00\",\"description\":\"\u0411\u043e\u0442\u0438\u043d\u043a\u0438 \u0434\u043b\u044f \u0441\u043d\u043e\u0443\u0431\u043e\u0440\u0434\u0430 Elan Rental - \u0438\u0434\u0435\u0430\u043b\u044c\u043d\u044b \u0434\u043b\u044f \u0432\u0441\u0435\u0445 \u0443\u0440\u043e\u0432\u043d\u0435\u0439. \u041f\u0440\u043e\u0447\u043d\u044b\u0435 \u043c\u0430\u0442\u0435\u0440\u0438\u0430\u043b\u044b \u0438 \u043a\u043e\u043c\u0444\u043e\u0440\u0442\u043d\u0430\u044f \u043a\u043e\u043d\u0441\u0442\u0440\u0443\u043a\u0446\u0438\u044f \u043e\u0431\u0435\u0441\u043f\u0435\u0447\u0438\u0432\u0430\u044e\u0442 \u043b\u0435\u0433\u043a\u043e\u0441\u0442\u044c \u0438 \u043d\u0430\u0441\u043b\u0430\u0436\u0434\u0435\u043d\u0438\u0435 \u043d\u0430 \u0441\u043a\u043b\u043e\u043d\u0430\u0445.\",\"breadcrumb\":{\"@id\":\"https:\\\/\\\/dev.xstyle.md\\\/product\\\/botinki-dlja-snouborda-elan-rental\\\/#breadcrumb\"},\"inLanguage\":\"ro-RO\",\"potentialAction\":[{\"@type\":\"ReadAction\",\"target\":[\"https:\\\/\\\/dev.xstyle.md\\\/product\\\/botinki-dlja-snouborda-elan-rental\\\/\"]}]},{\"@type\":\"ImageObject\",\"inLanguage\":\"ro-RO\",\"@id\":\"https:\\\/\\\/dev.xstyle.md\\\/product\\\/botinki-dlja-snouborda-elan-rental\\\/#primaryimage\",\"url\":\"https:\\\/\\\/dev.xstyle.md\\\/wp-content\\\/uploads\\\/2020\\\/07\\\/elan-rental.png\",\"contentUrl\":\"https:\\\/\\\/dev.xstyle.md\\\/wp-content\\\/uploads\\\/2020\\\/07\\\/elan-rental.png\",\"width\":429,\"height\":394,\"caption\":\"\u0422\u0430\u043f\u043a\u0438 \u0434\u043b\u044f \u0441\u043d\u043e\u0443\u0431\u043e\u0440\u0434\u0438\u043d\u0433\u0430 Elan Rental \u0434\u043b\u044f \u0430\u043a\u0442\u0438\u0432\u043d\u043e\u0433\u043e \u043e\u0442\u0434\u044b\u0445\u0430, \u043b\u044b\u0436\u043d\u043e\u0439 \u043e\u0431\u0443\u0432\u0438, \u043f\u043e\u0445\u043e\u0434\u043e\u0432 \u0438 \u043f\u0443\u0442\u0435\u0448\u0435\u0441\u0442\u0432\u0438\u0439 \u0432 \u0438\u043d\u0442\u0435\u0440\u043d\u0435\u0442-\u043c\u0430\u0433\u0430\u0437\u0438\u043d\u0435\"},{\"@type\":\"BreadcrumbList\",\"@id\":\"https:\\\/\\\/dev.xstyle.md\\\/product\\\/botinki-dlja-snouborda-elan-rental\\\/#breadcrumb\",\"itemListElement\":[{\"@type\":\"ListItem\",\"position\":1,\"name\":\"\u0413\u043b\u0430\u0432\u043d\u0430\u044f \u0441\u0442\u0440\u0430\u043d\u0438\u0446\u0430\",\"item\":\"https:\\\/\\\/dev.xstyle.md\\\/\"},{\"@type\":\"ListItem\",\"position\":2,\"name\":\"Shop\",\"item\":\"https:\\\/\\\/dev.xstyle.md\\\/shop\\\/\"},{\"@type\":\"ListItem\",\"position\":3,\"name\":\"\u0411\u043e\u0442\u0438\u043d\u043a\u0438 \u0434\u043b\u044f \u0441\u043d\u043e\u0443\u0431\u043e\u0440\u0434\u0430 Elan Rental\"}]},{\"@type\":\"WebSite\",\"@id\":\"https:\\\/\\\/dev.xstyle.md\\\/#website\",\"url\":\"https:\\\/\\\/dev.xstyle.md\\\/\",\"name\":\"\u041c\u0430\u0433\u0430\u0437\u0438\u043d Xstyle\",\"description\":\"C\u043d\u0430\u0440\u044f\u0436\u0435\u043d\u0438\u0435 \u0434\u043b\u044f \u0442\u0443\u0440\u0438\u0437\u043c\u0430 \u0438 \u044d\u043a\u0441\u0442\u0440\u0435\u043c\u0430\u043b\u044c\u043d\u044b\u0445 \u0432\u0438\u0434\u043e\u0432 \u0441\u043f\u043e\u0440\u0442\u0430 \u0432 \u041c\u043e\u043b\u0434\u043e\u0432\u0435.. \u0426\u0435\u043d\u044b, \u0444\u043e\u0442\u043e, \u0445\u0430\u0440\u0430\u043a\u0442\u0435\u0440\u0438\u0441\u0442\u0438\u043a\u0438 \u0432 \u041c\u043e\u043b\u0434\u043e\u0432\u0435.\",\"publisher\":{\"@id\":\"https:\\\/\\\/dev.xstyle.md\\\/#organization\"},\"alternateName\":\"X-Style\",\"potentialAction\":[{\"@type\":\"SearchAction\",\"target\":{\"@type\":\"EntryPoint\",\"urlTemplate\":\"https:\\\/\\\/dev.xstyle.md\\\/?s={search_term_string}\"},\"query-input\":{\"@type\":\"PropertyValueSpecification\",\"valueRequired\":true,\"valueName\":\"search_term_string\"}}],\"inLanguage\":\"ro-RO\"},{\"@type\":\"Organization\",\"@id\":\"https:\\\/\\\/dev.xstyle.md\\\/#organization\",\"name\":\"\u041c\u0430\u0433\u0430\u0437\u0438\u043d Xstyle\",\"alternateName\":\"x-style\",\"url\":\"https:\\\/\\\/dev.xstyle.md\\\/\",\"logo\":{\"@type\":\"ImageObject\",\"inLanguage\":\"ro-RO\",\"@id\":\"https:\\\/\\\/dev.xstyle.md\\\/#\\\/schema\\\/logo\\\/image\\\/\",\"url\":\"https:\\\/\\\/dev.xstyle.md\\\/wp-content\\\/uploads\\\/2020\\\/06\\\/logoicon.svg\",\"contentUrl\":\"https:\\\/\\\/dev.xstyle.md\\\/wp-content\\\/uploads\\\/2020\\\/06\\\/logoicon.svg\",\"caption\":\"\u041c\u0430\u0433\u0430\u0437\u0438\u043d Xstyle\"},\"image\":{\"@id\":\"https:\\\/\\\/dev.xstyle.md\\\/#\\\/schema\\\/logo\\\/image\\\/\"},\"sameAs\":[\"https:\\\/\\\/www.facebook.com\\\/xstylemd\",\"https:\\\/\\\/www.instagram.com\\\/xstyle_md\\\/\",\"https:\\\/\\\/t.me\\\/xstyle_outdoor\"],\"hasMerchantReturnPolicy\":{\"@type\":\"MerchantReturnPolicy\",\"merchantReturnLink\":\"https:\\\/\\\/dev.xstyle.md\\\/ro\\\/conditions\\\/\"}}]}<\/script>\n<meta property=\"product:price:amount\" content=\"4790.00\" \/>\n<meta property=\"product:price:currency\" content=\"MDL\" \/>\n<meta property=\"og:availability\" content=\"instock\" \/>\n<meta property=\"product:availability\" content=\"instock\" \/>\n<meta property=\"product:retailer_item_id\" content=\"KR965616\" \/>\n<meta property=\"product:condition\" content=\"new\" \/>\n<!-- \/ Yoast SEO plugin. -->","yoast_head_json":{"title":"Bocanci de snowboard Elan Rental - Magazin Xstyle","description":"Botine pentru snowboard Elan Rental - ideale pentru toate nivelurile. Materialele durabile \u0219i construc\u021bia confortabil\u0103 asigur\u0103 u\u0219urin\u021b\u0103 \u0219i pl\u0103cere pe pante.","robots":{"index":"noindex","follow":"follow","max-snippet":"max-snippet:-1","max-image-preview":"max-image-preview:large","max-video-preview":"max-video-preview:-1"},"og_locale":"ro_RO","og_type":"article","og_title":"\u0411\u043e\u0442\u0438\u043d\u043a\u0438 \u0434\u043b\u044f \u0441\u043d\u043e\u0443\u0431\u043e\u0440\u0434\u0430 Elan Rental - \u041c\u0430\u0433\u0430\u0437\u0438\u043d Xstyle","og_description":"\u0411\u043e\u0442\u0438\u043d\u043a\u0438 \u0434\u043b\u044f \u0441\u043d\u043e\u0443\u0431\u043e\u0440\u0434\u0430 Elan Rental - \u0438\u0434\u0435\u0430\u043b\u044c\u043d\u044b \u0434\u043b\u044f \u0432\u0441\u0435\u0445 \u0443\u0440\u043e\u0432\u043d\u0435\u0439. \u041f\u0440\u043e\u0447\u043d\u044b\u0435 \u043c\u0430\u0442\u0435\u0440\u0438\u0430\u043b\u044b \u0438 \u043a\u043e\u043c\u0444\u043e\u0440\u0442\u043d\u0430\u044f \u043a\u043e\u043d\u0441\u0442\u0440\u0443\u043a\u0446\u0438\u044f \u043e\u0431\u0435\u0441\u043f\u0435\u0447\u0438\u0432\u0430\u044e\u0442 \u043b\u0435\u0433\u043a\u043e\u0441\u0442\u044c \u0438 \u043d\u0430\u0441\u043b\u0430\u0436\u0434\u0435\u043d\u0438\u0435 \u043d\u0430 \u0441\u043a\u043b\u043e\u043d\u0430\u0445.","og_url":"https:\/\/dev.xstyle.md\/ro\/produs\/botinki-dlja-snouborda-elan-rental\/","og_site_name":"\u041c\u0430\u0433\u0430\u0437\u0438\u043d Xstyle","article_publisher":"https:\/\/www.facebook.com\/xstylemd","article_modified_time":"2026-03-19T13:36:53+00:00","og_image":[{"width":429,"height":394,"url":"https:\/\/dev.xstyle.md\/wp-content\/uploads\/2020\/07\/elan-rental.png","type":"image\/png"}],"twitter_card":"summary_large_image","twitter_misc":{"Pre\u021b":"4.790,00&nbsp;MDL","Disponibilitate":"\u00cen stoc"},"schema":{"@context":"https:\/\/schema.org","@graph":[{"@type":"WebPage","@id":"https:\/\/dev.xstyle.md\/product\/botinki-dlja-snouborda-elan-rental\/","url":"https:\/\/dev.xstyle.md\/product\/botinki-dlja-snouborda-elan-rental\/","name":"Bocanci de snowboard Elan Rental - Magazin Xstyle","isPartOf":{"@id":"https:\/\/dev.xstyle.md\/#website"},"primaryImageOfPage":{"@id":"https:\/\/dev.xstyle.md\/product\/botinki-dlja-snouborda-elan-rental\/#primaryimage"},"image":{"@id":"https:\/\/dev.xstyle.md\/product\/botinki-dlja-snouborda-elan-rental\/#primaryimage"},"thumbnailUrl":"https:\/\/dev.xstyle.md\/wp-content\/uploads\/2020\/07\/elan-rental.png","datePublished":"2020-07-17T11:52:22+00:00","dateModified":"2026-03-19T13:36:53+00:00","description":"Botine pentru snowboard Elan Rental - ideale pentru toate nivelurile. Materialele durabile \u0219i construc\u021bia confortabil\u0103 asigur\u0103 u\u0219urin\u021b\u0103 \u0219i pl\u0103cere pe pante.","breadcrumb":{"@id":"https:\/\/dev.xstyle.md\/product\/botinki-dlja-snouborda-elan-rental\/#breadcrumb"},"inLanguage":"ro-RO","potentialAction":[{"@type":"ReadAction","target":["https:\/\/dev.xstyle.md\/product\/botinki-dlja-snouborda-elan-rental\/"]}]},{"@type":"ImageObject","inLanguage":"ro-RO","@id":"https:\/\/dev.xstyle.md\/product\/botinki-dlja-snouborda-elan-rental\/#primaryimage","url":"https:\/\/dev.xstyle.md\/wp-content\/uploads\/2020\/07\/elan-rental.png","contentUrl":"https:\/\/dev.xstyle.md\/wp-content\/uploads\/2020\/07\/elan-rental.png","width":429,"height":394,"caption":"\u0422\u0430\u043f\u043a\u0438 \u0434\u043b\u044f \u0441\u043d\u043e\u0443\u0431\u043e\u0440\u0434\u0438\u043d\u0433\u0430 Elan Rental \u0434\u043b\u044f \u0430\u043a\u0442\u0438\u0432\u043d\u043e\u0433\u043e \u043e\u0442\u0434\u044b\u0445\u0430, \u043b\u044b\u0436\u043d\u043e\u0439 \u043e\u0431\u0443\u0432\u0438, \u043f\u043e\u0445\u043e\u0434\u043e\u0432 \u0438 \u043f\u0443\u0442\u0435\u0448\u0435\u0441\u0442\u0432\u0438\u0439 \u0432 \u0438\u043d\u0442\u0435\u0440\u043d\u0435\u0442-\u043c\u0430\u0433\u0430\u0437\u0438\u043d\u0435"},{"@type":"BreadcrumbList","@id":"https:\/\/dev.xstyle.md\/product\/botinki-dlja-snouborda-elan-rental\/#breadcrumb","itemListElement":[{"@type":"ListItem","position":1,"name":"\u0413\u043b\u0430\u0432\u043d\u0430\u044f \u0441\u0442\u0440\u0430\u043d\u0438\u0446\u0430","item":"https:\/\/dev.xstyle.md\/"},{"@type":"ListItem","position":2,"name":"Shop","item":"https:\/\/dev.xstyle.md\/shop\/"},{"@type":"ListItem","position":3,"name":"\u0411\u043e\u0442\u0438\u043d\u043a\u0438 \u0434\u043b\u044f \u0441\u043d\u043e\u0443\u0431\u043e\u0440\u0434\u0430 Elan Rental"}]},{"@type":"WebSite","@id":"https:\/\/dev.xstyle.md\/#website","url":"https:\/\/dev.xstyle.md\/","name":"Magazinul X-Style","description":"Echipamente pentru turism \u0219i sporturi extreme \u00een Moldova. Pre\u021buri, fotografii, caracteristici \u00een Moldova.","publisher":{"@id":"https:\/\/dev.xstyle.md\/#organization"},"alternateName":"X-Style","potentialAction":[{"@type":"SearchAction","target":{"@type":"EntryPoint","urlTemplate":"https:\/\/dev.xstyle.md\/?s={search_term_string}"},"query-input":{"@type":"PropertyValueSpecification","valueRequired":true,"valueName":"search_term_string"}}],"inLanguage":"ro-RO"},{"@type":"Organization","@id":"https:\/\/dev.xstyle.md\/#organization","name":"Magazinul X-Style","alternateName":"x-style","url":"https:\/\/dev.xstyle.md\/","logo":{"@type":"ImageObject","inLanguage":"ro-RO","@id":"https:\/\/dev.xstyle.md\/#\/schema\/logo\/image\/","url":"https:\/\/dev.xstyle.md\/wp-content\/uploads\/2020\/06\/logoicon.svg","contentUrl":"https:\/\/dev.xstyle.md\/wp-content\/uploads\/2020\/06\/logoicon.svg","caption":"\u041c\u0430\u0433\u0430\u0437\u0438\u043d Xstyle"},"image":{"@id":"https:\/\/dev.xstyle.md\/#\/schema\/logo\/image\/"},"sameAs":["https:\/\/www.facebook.com\/xstylemd","https:\/\/www.instagram.com\/xstyle_md\/","https:\/\/t.me\/xstyle_outdoor"],"hasMerchantReturnPolicy":{"@type":"MerchantReturnPolicy","merchantReturnLink":"https:\/\/dev.xstyle.md\/ro\/conditions\/"}}]},"product_price_amount":"4790.00","product_price_currency":"MDL","og_availability":"instock","product_availability":"instock","product_retailer_item_id":"KR965616","product_condition":"new"},"post_mailing_queue_ids":[],"_links":{"self":[{"href":"https:\/\/dev.xstyle.md\/ro\/wp-json\/wp\/v2\/product\/15521","targetHints":{"allow":["GET"]}}],"collection":[{"href":"https:\/\/dev.xstyle.md\/ro\/wp-json\/wp\/v2\/product"}],"about":[{"href":"https:\/\/dev.xstyle.md\/ro\/wp-json\/wp\/v2\/types\/product"}],"replies":[{"embeddable":true,"href":"https:\/\/dev.xstyle.md\/ro\/wp-json\/wp\/v2\/comments?post=15521"}],"version-history":[{"count":0,"href":"https:\/\/dev.xstyle.md\/ro\/wp-json\/wp\/v2\/product\/15521\/revisions"}],"wp:featuredmedia":[{"embeddable":true,"href":"https:\/\/dev.xstyle.md\/ro\/wp-json\/wp\/v2\/media\/43420"}],"wp:attachment":[{"href":"https:\/\/dev.xstyle.md\/ro\/wp-json\/wp\/v2\/media?parent=15521"}],"wp:term":[{"taxonomy":"product_brand","embeddable":true,"href":"https:\/\/dev.xstyle.md\/ro\/wp-json\/wp\/v2\/product_brand?post=15521"},{"taxonomy":"product_cat","embeddable":true,"href":"https:\/\/dev.xstyle.md\/ro\/wp-json\/wp\/v2\/product_cat?post=15521"},{"taxonomy":"product_tag","embeddable":true,"href":"https:\/\/dev.xstyle.md\/ro\/wp-json\/wp\/v2\/product_tag?post=15521"}],"curies":[{"name":"wp","href":"https:\/\/api.w.org\/{rel}","templated":true}]}}