{"id":1493,"date":"2020-07-16T16:24:00","date_gmt":"2020-07-16T13:24:00","guid":{"rendered":"https:\/\/xstyle.md\/product\/raskladnoj-stol-outwell-calgary-l"},"modified":"2026-03-20T19:38:21","modified_gmt":"2026-03-20T16:38:21","slug":"raskladnoj-stol-outwell-calgary-l","status":"publish","type":"product","link":"https:\/\/xstyle.md\/ro\/produs\/raskladnoj-stol-outwell-calgary-l\/","title":{"rendered":"Mas\u0103 pliabil\u0103 Outwell Calgary L"},"content":{"rendered":"<\/p>\n<p><strong>Mas\u0103 pliabil\u0103 Outwell Calgary L &#8212; <\/strong>mas\u0103 pliabil\u0103 elegant\u0103 din bambus. Masa de camping simpl\u0103 \u0219i convenabil\u0103 poate fi rapid desf\u0103\u0219urat\u0103 \u0219i pliat\u0103. C\u00e2nd este pliat, modelul este o cutie plat\u0103. Masa se potrive\u0219te compact \u00een portbagajul ma\u0219inii. Picioarele sunt telescopice convenabile, u\u0219or de asamblat.<\/p>\n<p>Materialul este rezistent la temperaturi sc\u0103zute \u0219i factori externi. Datorit\u0103 designului s\u0103u \u0219i a materialelor durabile, masa poate rezista la sarcini semnificative. Masa este perfect\u0103 pentru vacan\u021be \u00een afara ora\u0219ului, drume\u021bii, pescuit sau camping.<\/p>\n<h3><b>Particularit\u0103\u021bi<\/b><\/h3>\n<ul>\n<li>Material rezistent la temperaturi sc\u0103zute \u0219i factori externi.<\/li>\n<li>Datorit\u0103 designului \u0219i materialelor durabile, masa este capabil\u0103 s\u0103 reziste la sarcini semnificative.<\/li>\n<li>Este perfect pentru relaxare \u00een afara ora\u0219ului, pentru drume\u021bii sau pescuit.<\/li>\n<\/ul>\n<h3><strong>Caracteristici\u00a0<\/strong><\/h3>\n<ul>\n<li>Cadru: o\u021bel, aluminiu<\/li>\n<li>Dimensiune: 120 &#8212; 90 cm<\/li>\n<li>\u00cen\u0103l\u021bime: 68 cm<\/li>\n<li>Dimensiune \u00een form\u0103 pliat\u0103: 60 &#8212; 90 &#8212; 7 cm<\/li>\n<li>Greutate: 8,4 kg.<\/li>\n<\/ul>\n<h3>Marca<\/h3>\n<p>Compania danez\u0103 Outwell a fost \u00eenfiin\u021bat\u0103 \u00een 1984 cu scopul de a crea echipamente \u0219i \u021binute pentru activit\u0103\u021bi \u00een aer liber \u0219i turism. \u00cenc\u0103 de la \u00eenfiin\u021bare, compania \u0219i-a dezvoltat produsele \u021bin\u00e2nd cont de nevoile \u00een continu\u0103 cre\u0219tere ale clien\u021bilor s\u0103i, orientate pe cele mai noi tehnologii din domeniul outdoor. Toate produsele m\u0103rcii au c\u00e2\u0219tigat \u00eencrederea \u00een \u00eentreaga lume.<\/p>\n<p>Produsele Outwell pot fi caracterizate prin func\u021bionalitate, ergonomie, durabilitate, accesibilitate \u0219i calitate ridicat\u0103. Iar materiile prime ecologice utilizate \u00een produc\u021bie sunt sigure pentru s\u0103n\u0103tatea uman\u0103 \u0219i pentru mediu. Una dintre direc\u021biile principale, \u00een care brandul este angajat, este campingul de familie. Speciali\u0219tii \u0219i designerii companiei sunt siguri c\u0103 nu exist\u0103 nimic mai pl\u0103cut dec\u00e2t recreerea \u00een aer liber. Copiii care sunt dornici s\u0103 exploreze lumea, s\u0103 \u00eenve\u021be ceva nou \u0219i s\u0103-\u0219i l\u0103rgeasc\u0103 orizonturile ob\u021bin o pl\u0103cere deosebit\u0103 de la picnicuri \u0219i excursii cu cortul.<\/p>\n<p><\/p>","protected":false},"excerpt":{"rendered":"<p>Mas\u0103 pliabil\u0103 Outwell Calgary L<\/p>","protected":false},"featured_media":1490,"comment_status":"open","ping_status":"closed","template":"","meta":{"_acf_changed":false,"inline_featured_image":false},"product_brand":[1275],"product_cat":[119],"product_tag":[],"class_list":{"0":"post-1493","1":"product","2":"type-product","3":"status-publish","4":"has-post-thumbnail","6":"product_brand-outwell","7":"product_cat-folding-tables","9":"first","10":"instock","11":"shipping-taxable","12":"purchasable","13":"product-type-simple"},"acf":[],"yoast_head":"<!-- This site is optimized with the Yoast SEO plugin v27.4 - https:\/\/yoast.com\/product\/yoast-seo-wordpress\/ -->\n<title>\u0420\u0430\u0441\u043a\u043b\u0430\u0434\u043d\u043e\u0439 \u0441\u0442\u043e\u043b Outwell Calgary L - \u041c\u0430\u0433\u0430\u0437\u0438\u043d Xstyle<\/title>\n<meta name=\"description\" content=\"\u0420\u0430\u0441\u043a\u043b\u0430\u0434\u043d\u043e\u0439 \u0441\u0442\u043e\u043b Outwell Calgary L \u2014 \u044d\u043b\u0435\u0433\u0430\u043d\u0442\u043d\u0430\u044f \u0438 \u043a\u043e\u043c\u043f\u0430\u043a\u0442\u043d\u0430\u044f \u043c\u043e\u0434\u0435\u043b\u044c \u0438\u0437 \u0431\u0430\u043c\u0431\u0443\u043a\u0430. \u041b\u0435\u0433\u043a\u043e \u0440\u0430\u0441\u043a\u043b\u0430\u0434\u044b\u0432\u0430\u0435\u0442\u0441\u044f, \u0443\u0434\u043e\u0431\u0435\u043d \u0434\u043b\u044f \u043a\u0435\u043c\u043f\u0438\u043d\u0433\u0430 \u0438 \u043f\u043e\u043c\u0435\u0449\u0430\u0435\u0442\u0441\u044f \u0432 \u0431\u0430\u0433\u0430\u0436\u043d\u0438\u043a.\" \/>\n<meta name=\"robots\" content=\"index, follow, max-snippet:-1, max-image-preview:large, max-video-preview:-1\" \/>\n<link rel=\"canonical\" href=\"https:\/\/xstyle.md\/ro\/produs\/raskladnoj-stol-outwell-calgary-l\/\" \/>\n<meta property=\"og:locale\" content=\"ro_RO\" \/>\n<meta property=\"og:type\" content=\"article\" \/>\n<meta property=\"og:title\" content=\"\u0420\u0430\u0441\u043a\u043b\u0430\u0434\u043d\u043e\u0439 \u0441\u0442\u043e\u043b Outwell Calgary L - \u041c\u0430\u0433\u0430\u0437\u0438\u043d Xstyle\" \/>\n<meta property=\"og:description\" content=\"\u0420\u0430\u0441\u043a\u043b\u0430\u0434\u043d\u043e\u0439 \u0441\u0442\u043e\u043b Outwell Calgary L \u2014 \u044d\u043b\u0435\u0433\u0430\u043d\u0442\u043d\u0430\u044f \u0438 \u043a\u043e\u043c\u043f\u0430\u043a\u0442\u043d\u0430\u044f \u043c\u043e\u0434\u0435\u043b\u044c \u0438\u0437 \u0431\u0430\u043c\u0431\u0443\u043a\u0430. \u041b\u0435\u0433\u043a\u043e \u0440\u0430\u0441\u043a\u043b\u0430\u0434\u044b\u0432\u0430\u0435\u0442\u0441\u044f, \u0443\u0434\u043e\u0431\u0435\u043d \u0434\u043b\u044f \u043a\u0435\u043c\u043f\u0438\u043d\u0433\u0430 \u0438 \u043f\u043e\u043c\u0435\u0449\u0430\u0435\u0442\u0441\u044f \u0432 \u0431\u0430\u0433\u0430\u0436\u043d\u0438\u043a.\" \/>\n<meta property=\"og:url\" content=\"https:\/\/xstyle.md\/ro\/produs\/raskladnoj-stol-outwell-calgary-l\/\" \/>\n<meta property=\"og:site_name\" content=\"\u041c\u0430\u0433\u0430\u0437\u0438\u043d Xstyle\" \/>\n<meta property=\"article:publisher\" content=\"https:\/\/www.facebook.com\/xstylemd\" \/>\n<meta property=\"article:modified_time\" content=\"2026-03-20T16:38:21+00:00\" \/>\n<meta property=\"og:image\" content=\"https:\/\/xstyle.md\/wp-content\/uploads\/2020\/07\/outwell_calgary_l.jpg\" \/>\n\t<meta property=\"og:image:width\" content=\"985\" \/>\n\t<meta property=\"og:image:height\" content=\"720\" \/>\n\t<meta property=\"og:image:type\" content=\"image\/jpeg\" \/>\n<meta name=\"twitter:card\" content=\"summary_large_image\" \/>\n<meta name=\"twitter:label1\" content=\"Pre\u021b\" \/>\n\t<meta name=\"twitter:data1\" content=\"3.990&nbsp;MDL\" \/>\n\t<meta name=\"twitter:label2\" content=\"Disponibilitate\" \/>\n\t<meta name=\"twitter:data2\" content=\"\u00cen stoc\" \/>\n<script type=\"application\/ld+json\" class=\"yoast-schema-graph\">{\"@context\":\"https:\\\/\\\/schema.org\",\"@graph\":[{\"@type\":\"WebPage\",\"@id\":\"https:\\\/\\\/xstyle.md\\\/product\\\/raskladnoj-stol-outwell-calgary-l\\\/\",\"url\":\"https:\\\/\\\/xstyle.md\\\/product\\\/raskladnoj-stol-outwell-calgary-l\\\/\",\"name\":\"\u0420\u0430\u0441\u043a\u043b\u0430\u0434\u043d\u043e\u0439 \u0441\u0442\u043e\u043b Outwell Calgary L - \u041c\u0430\u0433\u0430\u0437\u0438\u043d Xstyle\",\"isPartOf\":{\"@id\":\"https:\\\/\\\/xstyle.md\\\/#website\"},\"primaryImageOfPage\":{\"@id\":\"https:\\\/\\\/xstyle.md\\\/product\\\/raskladnoj-stol-outwell-calgary-l\\\/#primaryimage\"},\"image\":{\"@id\":\"https:\\\/\\\/xstyle.md\\\/product\\\/raskladnoj-stol-outwell-calgary-l\\\/#primaryimage\"},\"thumbnailUrl\":\"https:\\\/\\\/xstyle.md\\\/wp-content\\\/uploads\\\/2020\\\/07\\\/outwell_calgary_l.jpg\",\"datePublished\":\"2020-07-16T13:24:00+00:00\",\"dateModified\":\"2026-03-20T16:38:21+00:00\",\"description\":\"\u0420\u0430\u0441\u043a\u043b\u0430\u0434\u043d\u043e\u0439 \u0441\u0442\u043e\u043b Outwell Calgary L \u2014 \u044d\u043b\u0435\u0433\u0430\u043d\u0442\u043d\u0430\u044f \u0438 \u043a\u043e\u043c\u043f\u0430\u043a\u0442\u043d\u0430\u044f \u043c\u043e\u0434\u0435\u043b\u044c \u0438\u0437 \u0431\u0430\u043c\u0431\u0443\u043a\u0430. \u041b\u0435\u0433\u043a\u043e \u0440\u0430\u0441\u043a\u043b\u0430\u0434\u044b\u0432\u0430\u0435\u0442\u0441\u044f, \u0443\u0434\u043e\u0431\u0435\u043d \u0434\u043b\u044f \u043a\u0435\u043c\u043f\u0438\u043d\u0433\u0430 \u0438 \u043f\u043e\u043c\u0435\u0449\u0430\u0435\u0442\u0441\u044f \u0432 \u0431\u0430\u0433\u0430\u0436\u043d\u0438\u043a.\",\"breadcrumb\":{\"@id\":\"https:\\\/\\\/xstyle.md\\\/product\\\/raskladnoj-stol-outwell-calgary-l\\\/#breadcrumb\"},\"inLanguage\":\"ro-RO\",\"potentialAction\":[{\"@type\":\"ReadAction\",\"target\":[\"https:\\\/\\\/xstyle.md\\\/product\\\/raskladnoj-stol-outwell-calgary-l\\\/\"]}]},{\"@type\":\"ImageObject\",\"inLanguage\":\"ro-RO\",\"@id\":\"https:\\\/\\\/xstyle.md\\\/product\\\/raskladnoj-stol-outwell-calgary-l\\\/#primaryimage\",\"url\":\"https:\\\/\\\/xstyle.md\\\/wp-content\\\/uploads\\\/2020\\\/07\\\/outwell_calgary_l.jpg\",\"contentUrl\":\"https:\\\/\\\/xstyle.md\\\/wp-content\\\/uploads\\\/2020\\\/07\\\/outwell_calgary_l.jpg\",\"width\":985,\"height\":720},{\"@type\":\"BreadcrumbList\",\"@id\":\"https:\\\/\\\/xstyle.md\\\/product\\\/raskladnoj-stol-outwell-calgary-l\\\/#breadcrumb\",\"itemListElement\":[{\"@type\":\"ListItem\",\"position\":1,\"name\":\"\u0413\u043b\u0430\u0432\u043d\u0430\u044f \u0441\u0442\u0440\u0430\u043d\u0438\u0446\u0430\",\"item\":\"https:\\\/\\\/xstyle.md\\\/\"},{\"@type\":\"ListItem\",\"position\":2,\"name\":\"\u041c\u0430\u0433\u0430\u0437\u0438\u043d\",\"item\":\"https:\\\/\\\/xstyle.md\\\/shop\\\/\"},{\"@type\":\"ListItem\",\"position\":3,\"name\":\"\u0420\u0430\u0441\u043a\u043b\u0430\u0434\u043d\u043e\u0439 \u0441\u0442\u043e\u043b Outwell Calgary L\"}]},{\"@type\":\"WebSite\",\"@id\":\"https:\\\/\\\/xstyle.md\\\/#website\",\"url\":\"https:\\\/\\\/xstyle.md\\\/\",\"name\":\"\u041c\u0430\u0433\u0430\u0437\u0438\u043d Xstyle\",\"description\":\"C\u043d\u0430\u0440\u044f\u0436\u0435\u043d\u0438\u0435 \u0434\u043b\u044f \u0442\u0443\u0440\u0438\u0437\u043c\u0430 \u0438 \u044d\u043a\u0441\u0442\u0440\u0435\u043c\u0430\u043b\u044c\u043d\u044b\u0445 \u0432\u0438\u0434\u043e\u0432 \u0441\u043f\u043e\u0440\u0442\u0430 \u0432 \u041c\u043e\u043b\u0434\u043e\u0432\u0435.. \u0426\u0435\u043d\u044b, \u0444\u043e\u0442\u043e, \u0445\u0430\u0440\u0430\u043a\u0442\u0435\u0440\u0438\u0441\u0442\u0438\u043a\u0438 \u0432 \u041c\u043e\u043b\u0434\u043e\u0432\u0435.\",\"publisher\":{\"@id\":\"https:\\\/\\\/xstyle.md\\\/#organization\"},\"alternateName\":\"X-Style\",\"potentialAction\":[{\"@type\":\"SearchAction\",\"target\":{\"@type\":\"EntryPoint\",\"urlTemplate\":\"https:\\\/\\\/xstyle.md\\\/?s={search_term_string}\"},\"query-input\":{\"@type\":\"PropertyValueSpecification\",\"valueRequired\":true,\"valueName\":\"search_term_string\"}}],\"inLanguage\":\"ro-RO\"},{\"@type\":\"Organization\",\"@id\":\"https:\\\/\\\/xstyle.md\\\/#organization\",\"name\":\"\u041c\u0430\u0433\u0430\u0437\u0438\u043d Xstyle\",\"alternateName\":\"x-style\",\"url\":\"https:\\\/\\\/xstyle.md\\\/\",\"logo\":{\"@type\":\"ImageObject\",\"inLanguage\":\"ro-RO\",\"@id\":\"https:\\\/\\\/xstyle.md\\\/#\\\/schema\\\/logo\\\/image\\\/\",\"url\":\"https:\\\/\\\/xstyle.md\\\/wp-content\\\/uploads\\\/2020\\\/06\\\/logoicon.svg\",\"contentUrl\":\"https:\\\/\\\/xstyle.md\\\/wp-content\\\/uploads\\\/2020\\\/06\\\/logoicon.svg\",\"caption\":\"\u041c\u0430\u0433\u0430\u0437\u0438\u043d Xstyle\"},\"image\":{\"@id\":\"https:\\\/\\\/xstyle.md\\\/#\\\/schema\\\/logo\\\/image\\\/\"},\"sameAs\":[\"https:\\\/\\\/www.facebook.com\\\/xstylemd\",\"https:\\\/\\\/www.instagram.com\\\/xstyle_md\\\/\",\"https:\\\/\\\/t.me\\\/xstyle_outdoor\"],\"hasMerchantReturnPolicy\":{\"@type\":\"MerchantReturnPolicy\",\"merchantReturnLink\":\"https:\\\/\\\/xstyle.md\\\/ro\\\/conditions\\\/\"}}]}<\/script>\n<meta property=\"product:price:amount\" content=\"3990.00\" \/>\n<meta property=\"product:price:currency\" content=\"MDL\" \/>\n<meta property=\"og:availability\" content=\"instock\" \/>\n<meta property=\"product:availability\" content=\"instock\" \/>\n<meta property=\"product:retailer_item_id\" content=\"5709388005533\" \/>\n<meta property=\"product:condition\" content=\"new\" \/>\n<!-- \/ Yoast SEO plugin. -->","yoast_head_json":{"title":"Mas\u0103 pliabil\u0103 Outwell Calgary L - Magazin Xstyle","description":"\u0420\u0430\u0441\u043a\u043b\u0430\u0434\u043d\u043e\u0439 \u0441\u0442\u043e\u043b Outwell Calgary L \u2014 \u044d\u043b\u0435\u0433\u0430\u043d\u0442\u043d\u0430\u044f \u0438 \u043a\u043e\u043c\u043f\u0430\u043a\u0442\u043d\u0430\u044f \u043c\u043e\u0434\u0435\u043b\u044c \u0438\u0437 \u0431\u0430\u043c\u0431\u0443\u043a\u0430. \u041b\u0435\u0433\u043a\u043e \u0440\u0430\u0441\u043a\u043b\u0430\u0434\u044b\u0432\u0430\u0435\u0442\u0441\u044f, \u0443\u0434\u043e\u0431\u0435\u043d \u0434\u043b\u044f \u043a\u0435\u043c\u043f\u0438\u043d\u0433\u0430 \u0438 \u043f\u043e\u043c\u0435\u0449\u0430\u0435\u0442\u0441\u044f \u0432 \u0431\u0430\u0433\u0430\u0436\u043d\u0438\u043a.","robots":{"index":"index","follow":"follow","max-snippet":"max-snippet:-1","max-image-preview":"max-image-preview:large","max-video-preview":"max-video-preview:-1"},"canonical":"https:\/\/xstyle.md\/ro\/produs\/raskladnoj-stol-outwell-calgary-l\/","og_locale":"ro_RO","og_type":"article","og_title":"\u0420\u0430\u0441\u043a\u043b\u0430\u0434\u043d\u043e\u0439 \u0441\u0442\u043e\u043b Outwell Calgary L - \u041c\u0430\u0433\u0430\u0437\u0438\u043d Xstyle","og_description":"\u0420\u0430\u0441\u043a\u043b\u0430\u0434\u043d\u043e\u0439 \u0441\u0442\u043e\u043b Outwell Calgary L \u2014 \u044d\u043b\u0435\u0433\u0430\u043d\u0442\u043d\u0430\u044f \u0438 \u043a\u043e\u043c\u043f\u0430\u043a\u0442\u043d\u0430\u044f \u043c\u043e\u0434\u0435\u043b\u044c \u0438\u0437 \u0431\u0430\u043c\u0431\u0443\u043a\u0430. \u041b\u0435\u0433\u043a\u043e \u0440\u0430\u0441\u043a\u043b\u0430\u0434\u044b\u0432\u0430\u0435\u0442\u0441\u044f, \u0443\u0434\u043e\u0431\u0435\u043d \u0434\u043b\u044f \u043a\u0435\u043c\u043f\u0438\u043d\u0433\u0430 \u0438 \u043f\u043e\u043c\u0435\u0449\u0430\u0435\u0442\u0441\u044f \u0432 \u0431\u0430\u0433\u0430\u0436\u043d\u0438\u043a.","og_url":"https:\/\/xstyle.md\/ro\/produs\/raskladnoj-stol-outwell-calgary-l\/","og_site_name":"\u041c\u0430\u0433\u0430\u0437\u0438\u043d Xstyle","article_publisher":"https:\/\/www.facebook.com\/xstylemd","article_modified_time":"2026-03-20T16:38:21+00:00","og_image":[{"width":985,"height":720,"url":"https:\/\/xstyle.md\/wp-content\/uploads\/2020\/07\/outwell_calgary_l.jpg","type":"image\/jpeg"}],"twitter_card":"summary_large_image","twitter_misc":{"Pre\u021b":"3.990&nbsp;MDL","Disponibilitate":"\u00cen stoc"},"schema":{"@context":"https:\/\/schema.org","@graph":[{"@type":"WebPage","@id":"https:\/\/xstyle.md\/product\/raskladnoj-stol-outwell-calgary-l\/","url":"https:\/\/xstyle.md\/product\/raskladnoj-stol-outwell-calgary-l\/","name":"Mas\u0103 pliabil\u0103 Outwell Calgary L - Magazin Xstyle","isPartOf":{"@id":"https:\/\/xstyle.md\/#website"},"primaryImageOfPage":{"@id":"https:\/\/xstyle.md\/product\/raskladnoj-stol-outwell-calgary-l\/#primaryimage"},"image":{"@id":"https:\/\/xstyle.md\/product\/raskladnoj-stol-outwell-calgary-l\/#primaryimage"},"thumbnailUrl":"https:\/\/xstyle.md\/wp-content\/uploads\/2020\/07\/outwell_calgary_l.jpg","datePublished":"2020-07-16T13:24:00+00:00","dateModified":"2026-03-20T16:38:21+00:00","description":"\u0420\u0430\u0441\u043a\u043b\u0430\u0434\u043d\u043e\u0439 \u0441\u0442\u043e\u043b Outwell Calgary L \u2014 \u044d\u043b\u0435\u0433\u0430\u043d\u0442\u043d\u0430\u044f \u0438 \u043a\u043e\u043c\u043f\u0430\u043a\u0442\u043d\u0430\u044f \u043c\u043e\u0434\u0435\u043b\u044c \u0438\u0437 \u0431\u0430\u043c\u0431\u0443\u043a\u0430. \u041b\u0435\u0433\u043a\u043e \u0440\u0430\u0441\u043a\u043b\u0430\u0434\u044b\u0432\u0430\u0435\u0442\u0441\u044f, \u0443\u0434\u043e\u0431\u0435\u043d \u0434\u043b\u044f \u043a\u0435\u043c\u043f\u0438\u043d\u0433\u0430 \u0438 \u043f\u043e\u043c\u0435\u0449\u0430\u0435\u0442\u0441\u044f \u0432 \u0431\u0430\u0433\u0430\u0436\u043d\u0438\u043a.","breadcrumb":{"@id":"https:\/\/xstyle.md\/product\/raskladnoj-stol-outwell-calgary-l\/#breadcrumb"},"inLanguage":"ro-RO","potentialAction":[{"@type":"ReadAction","target":["https:\/\/xstyle.md\/product\/raskladnoj-stol-outwell-calgary-l\/"]}]},{"@type":"ImageObject","inLanguage":"ro-RO","@id":"https:\/\/xstyle.md\/product\/raskladnoj-stol-outwell-calgary-l\/#primaryimage","url":"https:\/\/xstyle.md\/wp-content\/uploads\/2020\/07\/outwell_calgary_l.jpg","contentUrl":"https:\/\/xstyle.md\/wp-content\/uploads\/2020\/07\/outwell_calgary_l.jpg","width":985,"height":720},{"@type":"BreadcrumbList","@id":"https:\/\/xstyle.md\/product\/raskladnoj-stol-outwell-calgary-l\/#breadcrumb","itemListElement":[{"@type":"ListItem","position":1,"name":"\u0413\u043b\u0430\u0432\u043d\u0430\u044f \u0441\u0442\u0440\u0430\u043d\u0438\u0446\u0430","item":"https:\/\/xstyle.md\/"},{"@type":"ListItem","position":2,"name":"\u041c\u0430\u0433\u0430\u0437\u0438\u043d","item":"https:\/\/xstyle.md\/shop\/"},{"@type":"ListItem","position":3,"name":"\u0420\u0430\u0441\u043a\u043b\u0430\u0434\u043d\u043e\u0439 \u0441\u0442\u043e\u043b Outwell Calgary L"}]},{"@type":"WebSite","@id":"https:\/\/xstyle.md\/#website","url":"https:\/\/xstyle.md\/","name":"Magazinul X-Style","description":"Echipamente pentru turism \u0219i sporturi extreme \u00een Moldova. Pre\u021buri, fotografii, caracteristici \u00een Moldova.","publisher":{"@id":"https:\/\/xstyle.md\/#organization"},"alternateName":"X-Style","potentialAction":[{"@type":"SearchAction","target":{"@type":"EntryPoint","urlTemplate":"https:\/\/xstyle.md\/?s={search_term_string}"},"query-input":{"@type":"PropertyValueSpecification","valueRequired":true,"valueName":"search_term_string"}}],"inLanguage":"ro-RO"},{"@type":"Organization","@id":"https:\/\/xstyle.md\/#organization","name":"Magazinul X-Style","alternateName":"x-style","url":"https:\/\/xstyle.md\/","logo":{"@type":"ImageObject","inLanguage":"ro-RO","@id":"https:\/\/xstyle.md\/#\/schema\/logo\/image\/","url":"https:\/\/xstyle.md\/wp-content\/uploads\/2020\/06\/logoicon.svg","contentUrl":"https:\/\/xstyle.md\/wp-content\/uploads\/2020\/06\/logoicon.svg","caption":"\u041c\u0430\u0433\u0430\u0437\u0438\u043d Xstyle"},"image":{"@id":"https:\/\/xstyle.md\/#\/schema\/logo\/image\/"},"sameAs":["https:\/\/www.facebook.com\/xstylemd","https:\/\/www.instagram.com\/xstyle_md\/","https:\/\/t.me\/xstyle_outdoor"],"hasMerchantReturnPolicy":{"@type":"MerchantReturnPolicy","merchantReturnLink":"https:\/\/xstyle.md\/ro\/conditions\/"}}]},"product_price_amount":"3990.00","product_price_currency":"MDL","og_availability":"instock","product_availability":"instock","product_retailer_item_id":"5709388005533","product_condition":"new"},"_links":{"self":[{"href":"https:\/\/xstyle.md\/ro\/wp-json\/wp\/v2\/product\/1493","targetHints":{"allow":["GET"]}}],"collection":[{"href":"https:\/\/xstyle.md\/ro\/wp-json\/wp\/v2\/product"}],"about":[{"href":"https:\/\/xstyle.md\/ro\/wp-json\/wp\/v2\/types\/product"}],"replies":[{"embeddable":true,"href":"https:\/\/xstyle.md\/ro\/wp-json\/wp\/v2\/comments?post=1493"}],"wp:featuredmedia":[{"embeddable":true,"href":"https:\/\/xstyle.md\/ro\/wp-json\/wp\/v2\/media\/1490"}],"wp:attachment":[{"href":"https:\/\/xstyle.md\/ro\/wp-json\/wp\/v2\/media?parent=1493"}],"wp:term":[{"taxonomy":"product_brand","embeddable":true,"href":"https:\/\/xstyle.md\/ro\/wp-json\/wp\/v2\/product_brand?post=1493"},{"taxonomy":"product_cat","embeddable":true,"href":"https:\/\/xstyle.md\/ro\/wp-json\/wp\/v2\/product_cat?post=1493"},{"taxonomy":"product_tag","embeddable":true,"href":"https:\/\/xstyle.md\/ro\/wp-json\/wp\/v2\/product_tag?post=1493"}],"curies":[{"name":"wp","href":"https:\/\/api.w.org\/{rel}","templated":true}]}}