{"id":14047,"date":"2020-07-17T13:38:08","date_gmt":"2020-07-17T10:38:08","guid":{"rendered":"https:\/\/xstyle.md\/product\/termoshtany-odlo-suw-bottom-pant-performance-men"},"modified":"2025-12-24T18:49:12","modified_gmt":"2025-12-24T15:49:12","slug":"odlo-suw-bottom-pant-performance-mns","status":"publish","type":"product","link":"https:\/\/xstyle.md\/ro\/produs\/odlo-suw-bottom-pant-performance-mns\/","title":{"rendered":"Pantaloni termici Odlo SUW Bottom Pant Performance Mns"},"content":{"rendered":"<\/p>\n<p>Pantalonii termici pentru b\u0103rba\u021bi <strong>Odlo SUW Bottom Pant Performance<\/strong> \u2013 sunt un model de \u00eenalt\u0103 tehnologie, bine g\u00e2ndit\u0103. Concepu\u021bi din \u021bes\u0103tur\u0103 rezistent\u0103 la uzur\u0103, de \u00eenalt\u0103 tehnologie, cu adaos de ioni de argint, pantalonii termice vor oferi o senza\u021bie de prospe\u021bime, c\u0103ldur\u0103 \u0219i confort, indiferent de condi\u021biile meteorologice. Materialul elastic, cu uscare rapid\u0103, nu va absorbi mirosurile nepl\u0103cute de transpira\u021bie \u0219i, dup\u0103 perioade lungi de purtare, bacteriile d\u0103un\u0103toare nu vor cre\u0219te. O centur\u0103 str\u00e2ns\u0103 \u0219i lat\u0103 fixeaz\u0103 \u00een siguran\u021b\u0103 pantalonii termici \u00een talie, \u00eempiedic\u00e2ndu-i s\u0103 alunece sau s\u0103 alunece liber \u00een timpul activit\u0103\u021bii fizice. Un sistem \u00eembun\u0103t\u0103\u021bit de ventila\u021bie a zonei cu inser\u021bii speciale din plas\u0103 integrate \u00een zonele cu schimb de c\u0103ldur\u0103 crescut garanteaz\u0103 schimbul de aer necesar. Cus\u0103turile plate, aproape invizibile, au contact minim cu pielea, elimin\u00e2nd aspectul de irita\u021bie de pe corp.<\/p>\n<p>Pantalonii termici sunt concepu\u021bi pentru vreme rece \u0219i sunt stratul de baz\u0103 pentru echipament de schi sau sport.<\/p>\n<h3>Particularit\u0103\u021bi:<\/h3>\n<ul>\n<li>Nu se electrizeaz\u0103, nu provoac\u0103 alergii;<\/li>\n<li>Materialul elastic, cu uscare rapid\u0103, nu absoarbe mirosurile;<\/li>\n<li>Curea str\u00e2ns\u0103 \u0219i lat\u0103;<\/li>\n<li>Perfor\u0103ri pentru un confort perfect \u00een timpul antrenamentelor;<\/li>\n<li>Cus\u0103turile plate, practic invizibile, elimin\u0103 iritarea pielii.<\/li>\n<\/ul>\n<h3>Caracteristici:<\/h3>\n<ul>\n<li>Sezon &#8212; toamn\u0103\/iarn\u0103;<\/li>\n<li>Compozi\u021bie &#8212; 62% Polyester, 33% Poliamid\u0103, 5% Elastan;<\/li>\n<li>Aplicare &#8212; odihn\u0103 activ\u0103\/turism\/schi alpin;<\/li>\n<li>Model &#8212; pentru b\u0103rba\u021bi.<\/li>\n<\/ul>\n<h3><strong>Tehnologie<\/strong><strong>:<\/strong><\/h3>\n<ul>\n<li><strong>Poliamid\u0103.<\/strong> Lenjeria termic\u0103 din poliamid\u0103 se caracterizeaz\u0103 prin netezime ridicat\u0103 la atingere \u0219i u\u0219urin\u021b\u0103. Aproape toate variantele de lenjerie f\u0103r\u0103 cus\u0103turi sunt fabricate din poliamid\u0103. Acesta este un material durabil \u0219i elastic, care are propriet\u0103\u021bi excelente de respingere a apei. Lenjeria termic\u0103 din poliamid\u0103 este conceput\u0103 pentru a fi purtat\u0103 confortabil \u00een timpul efortului fizic, drume\u021bii \u0219i \u00een aer liber. Lenjeria re\u021bine bine c\u0103ldura \u0219i \u00eendep\u0103rteaz\u0103 excesul de umiditate, \u021bes\u0103tura este pl\u0103cut\u0103 corpului, practic nu se simte \u0219i nu \u00eengr\u0103de\u0219te mi\u0219carea.<\/li>\n<li><strong>Poliester.<\/strong> Acest material are o structur\u0103 de fibre similar\u0103 fibrelor de bumbac. Lucrurile din poliester dureaz\u0103 mult timp, r\u0103m\u00e2n mereu moi, \u00eendep\u0103rteaz\u0103 bine umezeala. Produsele din poliester pot fi uscate pe baterie \u0219i chiar c\u0103lcate.<\/li>\n<li><strong>Elastan.<\/strong> Pentru a cre\u0219te elasticitatea \u0219i rezisten\u021ba la uzur\u0103, cele mai fine fibre de elastan sunt ad\u0103ugate la lenjeria termic\u0103. Cu c\u00e2t mai mult % elastan, cu at\u00e2t lenjeria se \u00eentinde mai bine f\u0103r\u0103 a l\u0103sa urme de \u00eentindere.<\/li>\n<\/ul>\n<p><\/p>","protected":false},"excerpt":{"rendered":"<p>Pantaloni termici Odlo SUW Bottom Pant Performance Mns<\/p>","protected":false},"featured_media":14045,"comment_status":"open","ping_status":"closed","template":"","meta":{"_acf_changed":false,"inline_featured_image":false},"product_brand":[1387],"product_cat":[288],"product_tag":[],"class_list":{"0":"post-14047","1":"product","2":"type-product","3":"status-publish","4":"has-post-thumbnail","6":"product_brand-odlo","7":"product_cat-thermals-barbati","9":"first","10":"instock","11":"sale","12":"shipping-taxable","13":"purchasable","14":"product-type-simple"},"acf":[],"yoast_head":"<!-- This site is optimized with the Yoast SEO plugin v27.4 - https:\/\/yoast.com\/product\/yoast-seo-wordpress\/ -->\n<title>\u0422\u0435\u0440\u043c\u043e\u0448\u0442\u0430\u043d\u044b Odlo SUW Bottom Pant Performance Mns - \u041c\u0430\u0433\u0430\u0437\u0438\u043d Xstyle<\/title>\n<meta name=\"description\" content=\"\u0422\u0435\u0440\u043c\u043e\u0448\u0442\u0430\u043d\u044b Odlo SUW Bottom Pant \u0434\u043b\u044f \u043c\u0443\u0436\u0447\u0438\u043d: \u0432\u044b\u0441\u043e\u043a\u043e\u0442\u0435\u0445\u043d\u043e\u043b\u043e\u0433\u0438\u0447\u043d\u044b\u0435 \u0438 \u043a\u043e\u043c\u0444\u043e\u0440\u0442\u043d\u044b\u0435. \u0418\u0434\u0435\u0430\u043b\u044c\u043d\u044b \u0434\u043b\u044f \u043b\u044e\u0431\u044b\u0445 \u043f\u043e\u0433\u043e\u0434\u043d\u044b\u0445 \u0443\u0441\u043b\u043e\u0432\u0438\u0439. \u041e\u0449\u0443\u0442\u0438\u0442\u0435 \u0442\u0435\u043f\u043b\u043e \u0438 \u0441\u0432\u0435\u0436\u0435\u0441\u0442\u044c!\" \/>\n<meta name=\"robots\" content=\"index, follow, max-snippet:-1, max-image-preview:large, max-video-preview:-1\" \/>\n<link rel=\"canonical\" href=\"https:\/\/xstyle.md\/ro\/produs\/odlo-suw-bottom-pant-performance-mns\/\" \/>\n<meta property=\"og:locale\" content=\"ro_RO\" \/>\n<meta property=\"og:type\" content=\"article\" \/>\n<meta property=\"og:title\" content=\"\u0422\u0435\u0440\u043c\u043e\u0448\u0442\u0430\u043d\u044b Odlo SUW Bottom Pant Performance Mns - \u041c\u0430\u0433\u0430\u0437\u0438\u043d Xstyle\" \/>\n<meta property=\"og:description\" content=\"\u0422\u0435\u0440\u043c\u043e\u0448\u0442\u0430\u043d\u044b Odlo SUW Bottom Pant \u0434\u043b\u044f \u043c\u0443\u0436\u0447\u0438\u043d: \u0432\u044b\u0441\u043e\u043a\u043e\u0442\u0435\u0445\u043d\u043e\u043b\u043e\u0433\u0438\u0447\u043d\u044b\u0435 \u0438 \u043a\u043e\u043c\u0444\u043e\u0440\u0442\u043d\u044b\u0435. \u0418\u0434\u0435\u0430\u043b\u044c\u043d\u044b \u0434\u043b\u044f \u043b\u044e\u0431\u044b\u0445 \u043f\u043e\u0433\u043e\u0434\u043d\u044b\u0445 \u0443\u0441\u043b\u043e\u0432\u0438\u0439. \u041e\u0449\u0443\u0442\u0438\u0442\u0435 \u0442\u0435\u043f\u043b\u043e \u0438 \u0441\u0432\u0435\u0436\u0435\u0441\u0442\u044c!\" \/>\n<meta property=\"og:url\" content=\"https:\/\/xstyle.md\/ro\/produs\/odlo-suw-bottom-pant-performance-mns\/\" \/>\n<meta property=\"og:site_name\" content=\"\u041c\u0430\u0433\u0430\u0437\u0438\u043d Xstyle\" \/>\n<meta property=\"article:publisher\" content=\"https:\/\/www.facebook.com\/xstylemd\" \/>\n<meta property=\"article:modified_time\" content=\"2025-12-24T15:49:12+00:00\" \/>\n<meta property=\"og:image\" content=\"https:\/\/xstyle.md\/wp-content\/uploads\/2020\/07\/177978.jpg\" \/>\n\t<meta property=\"og:image:width\" content=\"570\" \/>\n\t<meta property=\"og:image:height\" content=\"570\" \/>\n\t<meta property=\"og:image:type\" content=\"image\/jpeg\" \/>\n<meta name=\"twitter:card\" content=\"summary_large_image\" \/>\n<meta name=\"twitter:label1\" content=\"Pre\u021b\" \/>\n\t<meta name=\"twitter:data1\" content=\"710&nbsp;MDL\" \/>\n\t<meta name=\"twitter:label2\" content=\"Disponibilitate\" \/>\n\t<meta name=\"twitter:data2\" content=\"\u00cen stoc\" \/>\n<script type=\"application\/ld+json\" class=\"yoast-schema-graph\">{\"@context\":\"https:\\\/\\\/schema.org\",\"@graph\":[{\"@type\":\"WebPage\",\"@id\":\"https:\\\/\\\/xstyle.md\\\/product\\\/odlo-suw-bottom-pant-performance-mns\\\/\",\"url\":\"https:\\\/\\\/xstyle.md\\\/product\\\/odlo-suw-bottom-pant-performance-mns\\\/\",\"name\":\"\u0422\u0435\u0440\u043c\u043e\u0448\u0442\u0430\u043d\u044b Odlo SUW Bottom Pant Performance Mns - \u041c\u0430\u0433\u0430\u0437\u0438\u043d Xstyle\",\"isPartOf\":{\"@id\":\"https:\\\/\\\/xstyle.md\\\/#website\"},\"primaryImageOfPage\":{\"@id\":\"https:\\\/\\\/xstyle.md\\\/product\\\/odlo-suw-bottom-pant-performance-mns\\\/#primaryimage\"},\"image\":{\"@id\":\"https:\\\/\\\/xstyle.md\\\/product\\\/odlo-suw-bottom-pant-performance-mns\\\/#primaryimage\"},\"thumbnailUrl\":\"https:\\\/\\\/xstyle.md\\\/wp-content\\\/uploads\\\/2020\\\/07\\\/177978.jpg\",\"datePublished\":\"2020-07-17T10:38:08+00:00\",\"dateModified\":\"2025-12-24T15:49:12+00:00\",\"description\":\"\u0422\u0435\u0440\u043c\u043e\u0448\u0442\u0430\u043d\u044b Odlo SUW Bottom Pant \u0434\u043b\u044f \u043c\u0443\u0436\u0447\u0438\u043d: \u0432\u044b\u0441\u043e\u043a\u043e\u0442\u0435\u0445\u043d\u043e\u043b\u043e\u0433\u0438\u0447\u043d\u044b\u0435 \u0438 \u043a\u043e\u043c\u0444\u043e\u0440\u0442\u043d\u044b\u0435. \u0418\u0434\u0435\u0430\u043b\u044c\u043d\u044b \u0434\u043b\u044f \u043b\u044e\u0431\u044b\u0445 \u043f\u043e\u0433\u043e\u0434\u043d\u044b\u0445 \u0443\u0441\u043b\u043e\u0432\u0438\u0439. \u041e\u0449\u0443\u0442\u0438\u0442\u0435 \u0442\u0435\u043f\u043b\u043e \u0438 \u0441\u0432\u0435\u0436\u0435\u0441\u0442\u044c!\",\"breadcrumb\":{\"@id\":\"https:\\\/\\\/xstyle.md\\\/product\\\/odlo-suw-bottom-pant-performance-mns\\\/#breadcrumb\"},\"inLanguage\":\"ro-RO\",\"potentialAction\":[{\"@type\":\"ReadAction\",\"target\":[\"https:\\\/\\\/xstyle.md\\\/product\\\/odlo-suw-bottom-pant-performance-mns\\\/\"]}]},{\"@type\":\"ImageObject\",\"inLanguage\":\"ro-RO\",\"@id\":\"https:\\\/\\\/xstyle.md\\\/product\\\/odlo-suw-bottom-pant-performance-mns\\\/#primaryimage\",\"url\":\"https:\\\/\\\/xstyle.md\\\/wp-content\\\/uploads\\\/2020\\\/07\\\/177978.jpg\",\"contentUrl\":\"https:\\\/\\\/xstyle.md\\\/wp-content\\\/uploads\\\/2020\\\/07\\\/177978.jpg\",\"width\":570,\"height\":570},{\"@type\":\"BreadcrumbList\",\"@id\":\"https:\\\/\\\/xstyle.md\\\/product\\\/odlo-suw-bottom-pant-performance-mns\\\/#breadcrumb\",\"itemListElement\":[{\"@type\":\"ListItem\",\"position\":1,\"name\":\"\u0413\u043b\u0430\u0432\u043d\u0430\u044f \u0441\u0442\u0440\u0430\u043d\u0438\u0446\u0430\",\"item\":\"https:\\\/\\\/xstyle.md\\\/\"},{\"@type\":\"ListItem\",\"position\":2,\"name\":\"\u041c\u0430\u0433\u0430\u0437\u0438\u043d\",\"item\":\"https:\\\/\\\/xstyle.md\\\/shop\\\/\"},{\"@type\":\"ListItem\",\"position\":3,\"name\":\"\u0422\u0435\u0440\u043c\u043e\u0448\u0442\u0430\u043d\u044b Odlo SUW Bottom Pant Performance Mns\"}]},{\"@type\":\"WebSite\",\"@id\":\"https:\\\/\\\/xstyle.md\\\/#website\",\"url\":\"https:\\\/\\\/xstyle.md\\\/\",\"name\":\"\u041c\u0430\u0433\u0430\u0437\u0438\u043d Xstyle\",\"description\":\"C\u043d\u0430\u0440\u044f\u0436\u0435\u043d\u0438\u0435 \u0434\u043b\u044f \u0442\u0443\u0440\u0438\u0437\u043c\u0430 \u0438 \u044d\u043a\u0441\u0442\u0440\u0435\u043c\u0430\u043b\u044c\u043d\u044b\u0445 \u0432\u0438\u0434\u043e\u0432 \u0441\u043f\u043e\u0440\u0442\u0430 \u0432 \u041c\u043e\u043b\u0434\u043e\u0432\u0435.. \u0426\u0435\u043d\u044b, \u0444\u043e\u0442\u043e, \u0445\u0430\u0440\u0430\u043a\u0442\u0435\u0440\u0438\u0441\u0442\u0438\u043a\u0438 \u0432 \u041c\u043e\u043b\u0434\u043e\u0432\u0435.\",\"publisher\":{\"@id\":\"https:\\\/\\\/xstyle.md\\\/#organization\"},\"alternateName\":\"X-Style\",\"potentialAction\":[{\"@type\":\"SearchAction\",\"target\":{\"@type\":\"EntryPoint\",\"urlTemplate\":\"https:\\\/\\\/xstyle.md\\\/?s={search_term_string}\"},\"query-input\":{\"@type\":\"PropertyValueSpecification\",\"valueRequired\":true,\"valueName\":\"search_term_string\"}}],\"inLanguage\":\"ro-RO\"},{\"@type\":\"Organization\",\"@id\":\"https:\\\/\\\/xstyle.md\\\/#organization\",\"name\":\"\u041c\u0430\u0433\u0430\u0437\u0438\u043d Xstyle\",\"alternateName\":\"x-style\",\"url\":\"https:\\\/\\\/xstyle.md\\\/\",\"logo\":{\"@type\":\"ImageObject\",\"inLanguage\":\"ro-RO\",\"@id\":\"https:\\\/\\\/xstyle.md\\\/#\\\/schema\\\/logo\\\/image\\\/\",\"url\":\"https:\\\/\\\/xstyle.md\\\/wp-content\\\/uploads\\\/2020\\\/06\\\/logoicon.svg\",\"contentUrl\":\"https:\\\/\\\/xstyle.md\\\/wp-content\\\/uploads\\\/2020\\\/06\\\/logoicon.svg\",\"caption\":\"\u041c\u0430\u0433\u0430\u0437\u0438\u043d Xstyle\"},\"image\":{\"@id\":\"https:\\\/\\\/xstyle.md\\\/#\\\/schema\\\/logo\\\/image\\\/\"},\"sameAs\":[\"https:\\\/\\\/www.facebook.com\\\/xstylemd\",\"https:\\\/\\\/www.instagram.com\\\/xstyle_md\\\/\",\"https:\\\/\\\/t.me\\\/xstyle_outdoor\"],\"hasMerchantReturnPolicy\":{\"@type\":\"MerchantReturnPolicy\",\"merchantReturnLink\":\"https:\\\/\\\/xstyle.md\\\/ro\\\/conditions\\\/\"}}]}<\/script>\n<meta property=\"product:price:amount\" content=\"710.00\" \/>\n<meta property=\"product:price:currency\" content=\"MDL\" \/>\n<meta property=\"og:availability\" content=\"instock\" \/>\n<meta property=\"product:availability\" content=\"instock\" \/>\n<meta property=\"product:retailer_item_id\" content=\"7613361249464\" \/>\n<meta property=\"product:condition\" content=\"new\" \/>\n<!-- \/ Yoast SEO plugin. -->","yoast_head_json":{"title":"Pantaloni termici Odlo SUW Bottom Pant Performance Mns - Magazin Xstyle","description":"Pantalonii termici Odlo SUW Bottom Pant pentru b\u0103rba\u021bi: tehnologici \u0219i confortabili. Ideali pentru orice condi\u021bii meteorologice. Sim\u021bi\u021bi c\u0103ldura \u0219i prospe\u021bimea!","robots":{"index":"index","follow":"follow","max-snippet":"max-snippet:-1","max-image-preview":"max-image-preview:large","max-video-preview":"max-video-preview:-1"},"canonical":"https:\/\/xstyle.md\/ro\/produs\/odlo-suw-bottom-pant-performance-mns\/","og_locale":"ro_RO","og_type":"article","og_title":"\u0422\u0435\u0440\u043c\u043e\u0448\u0442\u0430\u043d\u044b Odlo SUW Bottom Pant Performance Mns - \u041c\u0430\u0433\u0430\u0437\u0438\u043d Xstyle","og_description":"\u0422\u0435\u0440\u043c\u043e\u0448\u0442\u0430\u043d\u044b Odlo SUW Bottom Pant \u0434\u043b\u044f \u043c\u0443\u0436\u0447\u0438\u043d: \u0432\u044b\u0441\u043e\u043a\u043e\u0442\u0435\u0445\u043d\u043e\u043b\u043e\u0433\u0438\u0447\u043d\u044b\u0435 \u0438 \u043a\u043e\u043c\u0444\u043e\u0440\u0442\u043d\u044b\u0435. \u0418\u0434\u0435\u0430\u043b\u044c\u043d\u044b \u0434\u043b\u044f \u043b\u044e\u0431\u044b\u0445 \u043f\u043e\u0433\u043e\u0434\u043d\u044b\u0445 \u0443\u0441\u043b\u043e\u0432\u0438\u0439. \u041e\u0449\u0443\u0442\u0438\u0442\u0435 \u0442\u0435\u043f\u043b\u043e \u0438 \u0441\u0432\u0435\u0436\u0435\u0441\u0442\u044c!","og_url":"https:\/\/xstyle.md\/ro\/produs\/odlo-suw-bottom-pant-performance-mns\/","og_site_name":"\u041c\u0430\u0433\u0430\u0437\u0438\u043d Xstyle","article_publisher":"https:\/\/www.facebook.com\/xstylemd","article_modified_time":"2025-12-24T15:49:12+00:00","og_image":[{"width":570,"height":570,"url":"https:\/\/xstyle.md\/wp-content\/uploads\/2020\/07\/177978.jpg","type":"image\/jpeg"}],"twitter_card":"summary_large_image","twitter_misc":{"Pre\u021b":"710&nbsp;MDL","Disponibilitate":"\u00cen stoc"},"schema":{"@context":"https:\/\/schema.org","@graph":[{"@type":"WebPage","@id":"https:\/\/xstyle.md\/product\/odlo-suw-bottom-pant-performance-mns\/","url":"https:\/\/xstyle.md\/product\/odlo-suw-bottom-pant-performance-mns\/","name":"Pantaloni termici Odlo SUW Bottom Pant Performance Mns - Magazin Xstyle","isPartOf":{"@id":"https:\/\/xstyle.md\/#website"},"primaryImageOfPage":{"@id":"https:\/\/xstyle.md\/product\/odlo-suw-bottom-pant-performance-mns\/#primaryimage"},"image":{"@id":"https:\/\/xstyle.md\/product\/odlo-suw-bottom-pant-performance-mns\/#primaryimage"},"thumbnailUrl":"https:\/\/xstyle.md\/wp-content\/uploads\/2020\/07\/177978.jpg","datePublished":"2020-07-17T10:38:08+00:00","dateModified":"2025-12-24T15:49:12+00:00","description":"Pantalonii termici Odlo SUW Bottom Pant pentru b\u0103rba\u021bi: tehnologici \u0219i confortabili. Ideali pentru orice condi\u021bii meteorologice. Sim\u021bi\u021bi c\u0103ldura \u0219i prospe\u021bimea!","breadcrumb":{"@id":"https:\/\/xstyle.md\/product\/odlo-suw-bottom-pant-performance-mns\/#breadcrumb"},"inLanguage":"ro-RO","potentialAction":[{"@type":"ReadAction","target":["https:\/\/xstyle.md\/product\/odlo-suw-bottom-pant-performance-mns\/"]}]},{"@type":"ImageObject","inLanguage":"ro-RO","@id":"https:\/\/xstyle.md\/product\/odlo-suw-bottom-pant-performance-mns\/#primaryimage","url":"https:\/\/xstyle.md\/wp-content\/uploads\/2020\/07\/177978.jpg","contentUrl":"https:\/\/xstyle.md\/wp-content\/uploads\/2020\/07\/177978.jpg","width":570,"height":570},{"@type":"BreadcrumbList","@id":"https:\/\/xstyle.md\/product\/odlo-suw-bottom-pant-performance-mns\/#breadcrumb","itemListElement":[{"@type":"ListItem","position":1,"name":"\u0413\u043b\u0430\u0432\u043d\u0430\u044f \u0441\u0442\u0440\u0430\u043d\u0438\u0446\u0430","item":"https:\/\/xstyle.md\/"},{"@type":"ListItem","position":2,"name":"\u041c\u0430\u0433\u0430\u0437\u0438\u043d","item":"https:\/\/xstyle.md\/shop\/"},{"@type":"ListItem","position":3,"name":"\u0422\u0435\u0440\u043c\u043e\u0448\u0442\u0430\u043d\u044b Odlo SUW Bottom Pant Performance Mns"}]},{"@type":"WebSite","@id":"https:\/\/xstyle.md\/#website","url":"https:\/\/xstyle.md\/","name":"Magazinul X-Style","description":"Echipamente pentru turism \u0219i sporturi extreme \u00een Moldova. Pre\u021buri, fotografii, caracteristici \u00een Moldova.","publisher":{"@id":"https:\/\/xstyle.md\/#organization"},"alternateName":"X-Style","potentialAction":[{"@type":"SearchAction","target":{"@type":"EntryPoint","urlTemplate":"https:\/\/xstyle.md\/?s={search_term_string}"},"query-input":{"@type":"PropertyValueSpecification","valueRequired":true,"valueName":"search_term_string"}}],"inLanguage":"ro-RO"},{"@type":"Organization","@id":"https:\/\/xstyle.md\/#organization","name":"Magazinul X-Style","alternateName":"x-style","url":"https:\/\/xstyle.md\/","logo":{"@type":"ImageObject","inLanguage":"ro-RO","@id":"https:\/\/xstyle.md\/#\/schema\/logo\/image\/","url":"https:\/\/xstyle.md\/wp-content\/uploads\/2020\/06\/logoicon.svg","contentUrl":"https:\/\/xstyle.md\/wp-content\/uploads\/2020\/06\/logoicon.svg","caption":"\u041c\u0430\u0433\u0430\u0437\u0438\u043d Xstyle"},"image":{"@id":"https:\/\/xstyle.md\/#\/schema\/logo\/image\/"},"sameAs":["https:\/\/www.facebook.com\/xstylemd","https:\/\/www.instagram.com\/xstyle_md\/","https:\/\/t.me\/xstyle_outdoor"],"hasMerchantReturnPolicy":{"@type":"MerchantReturnPolicy","merchantReturnLink":"https:\/\/xstyle.md\/ro\/conditions\/"}}]},"product_price_amount":"710.00","product_price_currency":"MDL","og_availability":"instock","product_availability":"instock","product_retailer_item_id":"7613361249464","product_condition":"new"},"post_mailing_queue_ids":[],"_links":{"self":[{"href":"https:\/\/xstyle.md\/ro\/wp-json\/wp\/v2\/product\/14047","targetHints":{"allow":["GET"]}}],"collection":[{"href":"https:\/\/xstyle.md\/ro\/wp-json\/wp\/v2\/product"}],"about":[{"href":"https:\/\/xstyle.md\/ro\/wp-json\/wp\/v2\/types\/product"}],"replies":[{"embeddable":true,"href":"https:\/\/xstyle.md\/ro\/wp-json\/wp\/v2\/comments?post=14047"}],"wp:featuredmedia":[{"embeddable":true,"href":"https:\/\/xstyle.md\/ro\/wp-json\/wp\/v2\/media\/14045"}],"wp:attachment":[{"href":"https:\/\/xstyle.md\/ro\/wp-json\/wp\/v2\/media?parent=14047"}],"wp:term":[{"taxonomy":"product_brand","embeddable":true,"href":"https:\/\/xstyle.md\/ro\/wp-json\/wp\/v2\/product_brand?post=14047"},{"taxonomy":"product_cat","embeddable":true,"href":"https:\/\/xstyle.md\/ro\/wp-json\/wp\/v2\/product_cat?post=14047"},{"taxonomy":"product_tag","embeddable":true,"href":"https:\/\/xstyle.md\/ro\/wp-json\/wp\/v2\/product_tag?post=14047"}],"curies":[{"name":"wp","href":"https:\/\/api.w.org\/{rel}","templated":true}]}}