{"id":13826,"date":"2020-07-17T13:26:32","date_gmt":"2020-07-17T10:26:32","guid":{"rendered":"https:\/\/xstyle.md\/product\/anker-s-proushinoj-vento-o12mm-nerzhavejka"},"modified":"2024-10-02T21:47:43","modified_gmt":"2024-10-02T18:47:43","slug":"anker-s-proushinoj-vento-o12mm-nerzhavejka","status":"publish","type":"product","link":"https:\/\/dev.xstyle.md\/ro\/produs\/anker-s-proushinoj-vento-o12mm-nerzhavejka\/","title":{"rendered":"Ancor\u0103 cu pl\u0103cu\u021b\u0103 Vento \u00d812mm inox"},"content":{"rendered":"<\/p>\n<p><strong>Ancor\u0103 cu pl\u0103cu\u021b\u0103 Vento \u00d812mm inox<\/strong>\u00a0&#8212; pl\u0103cu\u021ba de 12 mm diametru din o\u021bel inoxidabil este completat\u0103 cu o ancor\u0103 din o\u021bel inoxidabil Fisher de 12 mm diametrul.<\/p>\n<h3>Particularit\u0103\u021bi<\/h3>\n<ul>\n<li>Potrivit pentru echiparea traseelor de st\u00e2nc\u0103 pe teren natural.<\/li>\n<li>Poate fi utilizat \u00een clim\u0103 umed\u0103 \u0219i \u00een aer liber.<\/li>\n<\/ul>\n<h3>Caracteristici<\/h3>\n<ul>\n<li>Greutate &#8212; 114 g<\/li>\n<li>Material - o\u021bel inoxidabil<\/li>\n<\/ul>\n<h3>Marca<\/h3>\n<p>Vento este o companie rus\u0103 fondat\u0103 \u00een 1990, care a fost ini\u021bial angajat\u0103 \u00een dezvoltarea \u0219i produc\u021bia de echipamente pentru recreere activ\u0103 asociat\u0103 cu mun\u021bii: alpinism \u0219i turism montan. \u00cen 2008 a fost format\u0103 o direc\u021bie mare separat\u0103 &#8212; EPI industrial \u00eempotriva c\u0103derilor de la \u00een\u0103l\u021bime. Echipamentul a devenit rapid solicitat \u00een r\u00e2ndul pasiona\u021bilor de alpinism \u0219i escalad\u0103. De asemenea, este utilizat \u00een speologie, ac\u021biuni de salvare, \u00een alpinism industrial. Calitatea ridicat\u0103 \u0219i costul accesibil au f\u0103cut ca echipamentele de protec\u021bie marca Vento s\u0103 fie populare at\u00e2t \u00een r\u00e2ndul cump\u0103r\u0103torilor priva\u021bi, c\u00e2t \u0219i al organiza\u021biilor. Ast\u0103zi, produsele produc\u0103torului rus sunt utilizate de Ministerul Situa\u021biilor de Urgen\u021b\u0103, Ministerul Afacerilor Interne, Ministerul Ap\u0103r\u0103rii, societ\u0103\u021bi turistice \u0219i sportive.<\/p>\n<p><\/p>","protected":false},"excerpt":{"rendered":"<p>Ancor\u0103 cu pl\u0103cu\u021b\u0103 Vento \u00d812mm inox<\/p>","protected":false},"featured_media":13825,"comment_status":"open","ping_status":"closed","template":"","meta":{"_acf_changed":false,"inline_featured_image":false},"product_brand":[1282],"product_cat":[139],"product_tag":[],"class_list":{"0":"post-13826","1":"product","2":"type-product","3":"status-publish","4":"has-post-thumbnail","6":"product_brand-vento","7":"product_cat-anchors","9":"first","10":"instock","11":"shipping-taxable","12":"purchasable","13":"product-type-simple"},"acf":[],"yoast_head":"<!-- This site is optimized with the Yoast SEO plugin v27.4 - https:\/\/yoast.com\/product\/yoast-seo-wordpress\/ -->\n<title>\u0410\u043d\u043a\u0435\u0440 \u0441 \u043f\u0440\u043e\u0443\u0448\u0438\u043d\u043e\u0439 Vento ?12\u043c\u043c \u043d\u0435\u0440\u0436\u0430\u0432\u0435\u0439\u043a\u0430 - \u041c\u0430\u0433\u0430\u0437\u0438\u043d Xstyle<\/title>\n<meta name=\"description\" content=\"\u041a\u0440\u0435\u043f\u043a\u0438\u0439 \u0430\u043d\u043a\u0435\u0440 \u0441 \u043f\u0440\u043e\u0443\u0448\u0438\u043d\u043e\u0439 Vento \u00d812 \u043c\u043c \u0438\u0437 \u043d\u0435\u0440\u0436\u0430\u0432\u0435\u044e\u0449\u0435\u0439 \u0441\u0442\u0430\u043b\u0438. \u0418\u0434\u0435\u0430\u043b\u0435\u043d \u0434\u043b\u044f \u0441\u043a\u0430\u043b\u044c\u043d\u044b\u0445 \u043c\u0430\u0440\u0448\u0440\u0443\u0442\u043e\u0432, \u0443\u0441\u0442\u043e\u0439\u0447\u0438\u0432 \u043a \u0441\u044b\u0440\u043e\u0439 \u043f\u043e\u0433\u043e\u0434\u0435. \u041d\u0430\u0434\u0435\u0436\u043d\u043e\u0441\u0442\u044c \u0438 \u043a\u0430\u0447\u0435\u0441\u0442\u0432\u043e.\" \/>\n<meta name=\"robots\" content=\"noindex, follow, max-snippet:-1, max-image-preview:large, max-video-preview:-1\" \/>\n<meta property=\"og:locale\" content=\"ro_RO\" \/>\n<meta property=\"og:type\" content=\"article\" \/>\n<meta property=\"og:title\" content=\"\u0410\u043d\u043a\u0435\u0440 \u0441 \u043f\u0440\u043e\u0443\u0448\u0438\u043d\u043e\u0439 Vento ?12\u043c\u043c \u043d\u0435\u0440\u0436\u0430\u0432\u0435\u0439\u043a\u0430 - \u041c\u0430\u0433\u0430\u0437\u0438\u043d Xstyle\" \/>\n<meta property=\"og:description\" content=\"\u041a\u0440\u0435\u043f\u043a\u0438\u0439 \u0430\u043d\u043a\u0435\u0440 \u0441 \u043f\u0440\u043e\u0443\u0448\u0438\u043d\u043e\u0439 Vento \u00d812 \u043c\u043c \u0438\u0437 \u043d\u0435\u0440\u0436\u0430\u0432\u0435\u044e\u0449\u0435\u0439 \u0441\u0442\u0430\u043b\u0438. \u0418\u0434\u0435\u0430\u043b\u0435\u043d \u0434\u043b\u044f \u0441\u043a\u0430\u043b\u044c\u043d\u044b\u0445 \u043c\u0430\u0440\u0448\u0440\u0443\u0442\u043e\u0432, \u0443\u0441\u0442\u043e\u0439\u0447\u0438\u0432 \u043a \u0441\u044b\u0440\u043e\u0439 \u043f\u043e\u0433\u043e\u0434\u0435. \u041d\u0430\u0434\u0435\u0436\u043d\u043e\u0441\u0442\u044c \u0438 \u043a\u0430\u0447\u0435\u0441\u0442\u0432\u043e.\" \/>\n<meta property=\"og:url\" content=\"https:\/\/dev.xstyle.md\/ro\/produs\/anker-s-proushinoj-vento-o12mm-nerzhavejka\/\" \/>\n<meta property=\"og:site_name\" content=\"\u041c\u0430\u0433\u0430\u0437\u0438\u043d Xstyle\" \/>\n<meta property=\"article:publisher\" content=\"https:\/\/www.facebook.com\/xstylemd\" \/>\n<meta property=\"article:modified_time\" content=\"2024-10-02T18:47:43+00:00\" \/>\n<meta property=\"og:image\" content=\"https:\/\/dev.xstyle.md\/wp-content\/uploads\/2020\/07\/shlyambur_v_sbore_vento_d_12mm_nerzhaveyka.jpg\" \/>\n\t<meta property=\"og:image:width\" content=\"500\" \/>\n\t<meta property=\"og:image:height\" content=\"500\" \/>\n\t<meta property=\"og:image:type\" content=\"image\/jpeg\" \/>\n<meta name=\"twitter:card\" content=\"summary_large_image\" \/>\n<meta name=\"twitter:label1\" content=\"Pre\u021b\" \/>\n\t<meta name=\"twitter:data1\" content=\"170,00&nbsp;MDL\" \/>\n\t<meta name=\"twitter:label2\" content=\"Disponibilitate\" \/>\n\t<meta name=\"twitter:data2\" content=\"\u00cen stoc\" \/>\n<script type=\"application\/ld+json\" class=\"yoast-schema-graph\">{\"@context\":\"https:\\\/\\\/schema.org\",\"@graph\":[{\"@type\":\"WebPage\",\"@id\":\"https:\\\/\\\/dev.xstyle.md\\\/product\\\/anker-s-proushinoj-vento-o12mm-nerzhavejka\\\/\",\"url\":\"https:\\\/\\\/dev.xstyle.md\\\/product\\\/anker-s-proushinoj-vento-o12mm-nerzhavejka\\\/\",\"name\":\"\u0410\u043d\u043a\u0435\u0440 \u0441 \u043f\u0440\u043e\u0443\u0448\u0438\u043d\u043e\u0439 Vento ?12\u043c\u043c \u043d\u0435\u0440\u0436\u0430\u0432\u0435\u0439\u043a\u0430 - \u041c\u0430\u0433\u0430\u0437\u0438\u043d Xstyle\",\"isPartOf\":{\"@id\":\"https:\\\/\\\/dev.xstyle.md\\\/#website\"},\"primaryImageOfPage\":{\"@id\":\"https:\\\/\\\/dev.xstyle.md\\\/product\\\/anker-s-proushinoj-vento-o12mm-nerzhavejka\\\/#primaryimage\"},\"image\":{\"@id\":\"https:\\\/\\\/dev.xstyle.md\\\/product\\\/anker-s-proushinoj-vento-o12mm-nerzhavejka\\\/#primaryimage\"},\"thumbnailUrl\":\"https:\\\/\\\/dev.xstyle.md\\\/wp-content\\\/uploads\\\/2020\\\/07\\\/shlyambur_v_sbore_vento_d_12mm_nerzhaveyka.jpg\",\"datePublished\":\"2020-07-17T10:26:32+00:00\",\"dateModified\":\"2024-10-02T18:47:43+00:00\",\"description\":\"\u041a\u0440\u0435\u043f\u043a\u0438\u0439 \u0430\u043d\u043a\u0435\u0440 \u0441 \u043f\u0440\u043e\u0443\u0448\u0438\u043d\u043e\u0439 Vento \u00d812 \u043c\u043c \u0438\u0437 \u043d\u0435\u0440\u0436\u0430\u0432\u0435\u044e\u0449\u0435\u0439 \u0441\u0442\u0430\u043b\u0438. \u0418\u0434\u0435\u0430\u043b\u0435\u043d \u0434\u043b\u044f \u0441\u043a\u0430\u043b\u044c\u043d\u044b\u0445 \u043c\u0430\u0440\u0448\u0440\u0443\u0442\u043e\u0432, \u0443\u0441\u0442\u043e\u0439\u0447\u0438\u0432 \u043a \u0441\u044b\u0440\u043e\u0439 \u043f\u043e\u0433\u043e\u0434\u0435. \u041d\u0430\u0434\u0435\u0436\u043d\u043e\u0441\u0442\u044c \u0438 \u043a\u0430\u0447\u0435\u0441\u0442\u0432\u043e.\",\"breadcrumb\":{\"@id\":\"https:\\\/\\\/dev.xstyle.md\\\/product\\\/anker-s-proushinoj-vento-o12mm-nerzhavejka\\\/#breadcrumb\"},\"inLanguage\":\"ro-RO\",\"potentialAction\":[{\"@type\":\"ReadAction\",\"target\":[\"https:\\\/\\\/dev.xstyle.md\\\/product\\\/anker-s-proushinoj-vento-o12mm-nerzhavejka\\\/\"]}]},{\"@type\":\"ImageObject\",\"inLanguage\":\"ro-RO\",\"@id\":\"https:\\\/\\\/dev.xstyle.md\\\/product\\\/anker-s-proushinoj-vento-o12mm-nerzhavejka\\\/#primaryimage\",\"url\":\"https:\\\/\\\/dev.xstyle.md\\\/wp-content\\\/uploads\\\/2020\\\/07\\\/shlyambur_v_sbore_vento_d_12mm_nerzhaveyka.jpg\",\"contentUrl\":\"https:\\\/\\\/dev.xstyle.md\\\/wp-content\\\/uploads\\\/2020\\\/07\\\/shlyambur_v_sbore_vento_d_12mm_nerzhaveyka.jpg\",\"width\":500,\"height\":500},{\"@type\":\"BreadcrumbList\",\"@id\":\"https:\\\/\\\/dev.xstyle.md\\\/product\\\/anker-s-proushinoj-vento-o12mm-nerzhavejka\\\/#breadcrumb\",\"itemListElement\":[{\"@type\":\"ListItem\",\"position\":1,\"name\":\"\u0413\u043b\u0430\u0432\u043d\u0430\u044f \u0441\u0442\u0440\u0430\u043d\u0438\u0446\u0430\",\"item\":\"https:\\\/\\\/dev.xstyle.md\\\/\"},{\"@type\":\"ListItem\",\"position\":2,\"name\":\"Shop\",\"item\":\"https:\\\/\\\/dev.xstyle.md\\\/shop\\\/\"},{\"@type\":\"ListItem\",\"position\":3,\"name\":\"\u0410\u043d\u043a\u0435\u0440 \u0441 \u043f\u0440\u043e\u0443\u0448\u0438\u043d\u043e\u0439 Vento ?12\u043c\u043c \u043d\u0435\u0440\u0436\u0430\u0432\u0435\u0439\u043a\u0430\"}]},{\"@type\":\"WebSite\",\"@id\":\"https:\\\/\\\/dev.xstyle.md\\\/#website\",\"url\":\"https:\\\/\\\/dev.xstyle.md\\\/\",\"name\":\"\u041c\u0430\u0433\u0430\u0437\u0438\u043d Xstyle\",\"description\":\"C\u043d\u0430\u0440\u044f\u0436\u0435\u043d\u0438\u0435 \u0434\u043b\u044f \u0442\u0443\u0440\u0438\u0437\u043c\u0430 \u0438 \u044d\u043a\u0441\u0442\u0440\u0435\u043c\u0430\u043b\u044c\u043d\u044b\u0445 \u0432\u0438\u0434\u043e\u0432 \u0441\u043f\u043e\u0440\u0442\u0430 \u0432 \u041c\u043e\u043b\u0434\u043e\u0432\u0435.. \u0426\u0435\u043d\u044b, \u0444\u043e\u0442\u043e, \u0445\u0430\u0440\u0430\u043a\u0442\u0435\u0440\u0438\u0441\u0442\u0438\u043a\u0438 \u0432 \u041c\u043e\u043b\u0434\u043e\u0432\u0435.\",\"publisher\":{\"@id\":\"https:\\\/\\\/dev.xstyle.md\\\/#organization\"},\"alternateName\":\"X-Style\",\"potentialAction\":[{\"@type\":\"SearchAction\",\"target\":{\"@type\":\"EntryPoint\",\"urlTemplate\":\"https:\\\/\\\/dev.xstyle.md\\\/?s={search_term_string}\"},\"query-input\":{\"@type\":\"PropertyValueSpecification\",\"valueRequired\":true,\"valueName\":\"search_term_string\"}}],\"inLanguage\":\"ro-RO\"},{\"@type\":\"Organization\",\"@id\":\"https:\\\/\\\/dev.xstyle.md\\\/#organization\",\"name\":\"\u041c\u0430\u0433\u0430\u0437\u0438\u043d Xstyle\",\"alternateName\":\"x-style\",\"url\":\"https:\\\/\\\/dev.xstyle.md\\\/\",\"logo\":{\"@type\":\"ImageObject\",\"inLanguage\":\"ro-RO\",\"@id\":\"https:\\\/\\\/dev.xstyle.md\\\/#\\\/schema\\\/logo\\\/image\\\/\",\"url\":\"https:\\\/\\\/dev.xstyle.md\\\/wp-content\\\/uploads\\\/2020\\\/06\\\/logoicon.svg\",\"contentUrl\":\"https:\\\/\\\/dev.xstyle.md\\\/wp-content\\\/uploads\\\/2020\\\/06\\\/logoicon.svg\",\"caption\":\"\u041c\u0430\u0433\u0430\u0437\u0438\u043d Xstyle\"},\"image\":{\"@id\":\"https:\\\/\\\/dev.xstyle.md\\\/#\\\/schema\\\/logo\\\/image\\\/\"},\"sameAs\":[\"https:\\\/\\\/www.facebook.com\\\/xstylemd\",\"https:\\\/\\\/www.instagram.com\\\/xstyle_md\\\/\",\"https:\\\/\\\/t.me\\\/xstyle_outdoor\"],\"hasMerchantReturnPolicy\":{\"@type\":\"MerchantReturnPolicy\",\"merchantReturnLink\":\"https:\\\/\\\/dev.xstyle.md\\\/ro\\\/conditions\\\/\"}}]}<\/script>\n<meta property=\"product:price:amount\" content=\"170.00\" \/>\n<meta property=\"product:price:currency\" content=\"MDL\" \/>\n<meta property=\"og:availability\" content=\"instock\" \/>\n<meta property=\"product:availability\" content=\"instock\" \/>\n<meta property=\"product:retailer_item_id\" content=\"2999001258900\" \/>\n<meta property=\"product:condition\" content=\"new\" \/>\n<!-- \/ Yoast SEO plugin. -->","yoast_head_json":{"title":"Ancor\u0103 cu pl\u0103cu\u021b\u0103 Vento \u00d812mm inox - Magazin Xstyle","description":"Ancor solid cu ureche Vento \u00d812 mm din o\u021bel inoxidabil. Ideal pentru trasee montane, rezistent la vreme umed\u0103. Fiabilitate \u0219i calitate.","robots":{"index":"noindex","follow":"follow","max-snippet":"max-snippet:-1","max-image-preview":"max-image-preview:large","max-video-preview":"max-video-preview:-1"},"og_locale":"ro_RO","og_type":"article","og_title":"\u0410\u043d\u043a\u0435\u0440 \u0441 \u043f\u0440\u043e\u0443\u0448\u0438\u043d\u043e\u0439 Vento ?12\u043c\u043c \u043d\u0435\u0440\u0436\u0430\u0432\u0435\u0439\u043a\u0430 - \u041c\u0430\u0433\u0430\u0437\u0438\u043d Xstyle","og_description":"\u041a\u0440\u0435\u043f\u043a\u0438\u0439 \u0430\u043d\u043a\u0435\u0440 \u0441 \u043f\u0440\u043e\u0443\u0448\u0438\u043d\u043e\u0439 Vento \u00d812 \u043c\u043c \u0438\u0437 \u043d\u0435\u0440\u0436\u0430\u0432\u0435\u044e\u0449\u0435\u0439 \u0441\u0442\u0430\u043b\u0438. \u0418\u0434\u0435\u0430\u043b\u0435\u043d \u0434\u043b\u044f \u0441\u043a\u0430\u043b\u044c\u043d\u044b\u0445 \u043c\u0430\u0440\u0448\u0440\u0443\u0442\u043e\u0432, \u0443\u0441\u0442\u043e\u0439\u0447\u0438\u0432 \u043a \u0441\u044b\u0440\u043e\u0439 \u043f\u043e\u0433\u043e\u0434\u0435. \u041d\u0430\u0434\u0435\u0436\u043d\u043e\u0441\u0442\u044c \u0438 \u043a\u0430\u0447\u0435\u0441\u0442\u0432\u043e.","og_url":"https:\/\/dev.xstyle.md\/ro\/produs\/anker-s-proushinoj-vento-o12mm-nerzhavejka\/","og_site_name":"\u041c\u0430\u0433\u0430\u0437\u0438\u043d Xstyle","article_publisher":"https:\/\/www.facebook.com\/xstylemd","article_modified_time":"2024-10-02T18:47:43+00:00","og_image":[{"width":500,"height":500,"url":"https:\/\/dev.xstyle.md\/wp-content\/uploads\/2020\/07\/shlyambur_v_sbore_vento_d_12mm_nerzhaveyka.jpg","type":"image\/jpeg"}],"twitter_card":"summary_large_image","twitter_misc":{"Pre\u021b":"170,00&nbsp;MDL","Disponibilitate":"\u00cen stoc"},"schema":{"@context":"https:\/\/schema.org","@graph":[{"@type":"WebPage","@id":"https:\/\/dev.xstyle.md\/product\/anker-s-proushinoj-vento-o12mm-nerzhavejka\/","url":"https:\/\/dev.xstyle.md\/product\/anker-s-proushinoj-vento-o12mm-nerzhavejka\/","name":"Ancor\u0103 cu pl\u0103cu\u021b\u0103 Vento \u00d812mm inox - Magazin Xstyle","isPartOf":{"@id":"https:\/\/dev.xstyle.md\/#website"},"primaryImageOfPage":{"@id":"https:\/\/dev.xstyle.md\/product\/anker-s-proushinoj-vento-o12mm-nerzhavejka\/#primaryimage"},"image":{"@id":"https:\/\/dev.xstyle.md\/product\/anker-s-proushinoj-vento-o12mm-nerzhavejka\/#primaryimage"},"thumbnailUrl":"https:\/\/dev.xstyle.md\/wp-content\/uploads\/2020\/07\/shlyambur_v_sbore_vento_d_12mm_nerzhaveyka.jpg","datePublished":"2020-07-17T10:26:32+00:00","dateModified":"2024-10-02T18:47:43+00:00","description":"Ancor solid cu ureche Vento \u00d812 mm din o\u021bel inoxidabil. Ideal pentru trasee montane, rezistent la vreme umed\u0103. Fiabilitate \u0219i calitate.","breadcrumb":{"@id":"https:\/\/dev.xstyle.md\/product\/anker-s-proushinoj-vento-o12mm-nerzhavejka\/#breadcrumb"},"inLanguage":"ro-RO","potentialAction":[{"@type":"ReadAction","target":["https:\/\/dev.xstyle.md\/product\/anker-s-proushinoj-vento-o12mm-nerzhavejka\/"]}]},{"@type":"ImageObject","inLanguage":"ro-RO","@id":"https:\/\/dev.xstyle.md\/product\/anker-s-proushinoj-vento-o12mm-nerzhavejka\/#primaryimage","url":"https:\/\/dev.xstyle.md\/wp-content\/uploads\/2020\/07\/shlyambur_v_sbore_vento_d_12mm_nerzhaveyka.jpg","contentUrl":"https:\/\/dev.xstyle.md\/wp-content\/uploads\/2020\/07\/shlyambur_v_sbore_vento_d_12mm_nerzhaveyka.jpg","width":500,"height":500},{"@type":"BreadcrumbList","@id":"https:\/\/dev.xstyle.md\/product\/anker-s-proushinoj-vento-o12mm-nerzhavejka\/#breadcrumb","itemListElement":[{"@type":"ListItem","position":1,"name":"\u0413\u043b\u0430\u0432\u043d\u0430\u044f \u0441\u0442\u0440\u0430\u043d\u0438\u0446\u0430","item":"https:\/\/dev.xstyle.md\/"},{"@type":"ListItem","position":2,"name":"Shop","item":"https:\/\/dev.xstyle.md\/shop\/"},{"@type":"ListItem","position":3,"name":"\u0410\u043d\u043a\u0435\u0440 \u0441 \u043f\u0440\u043e\u0443\u0448\u0438\u043d\u043e\u0439 Vento ?12\u043c\u043c \u043d\u0435\u0440\u0436\u0430\u0432\u0435\u0439\u043a\u0430"}]},{"@type":"WebSite","@id":"https:\/\/dev.xstyle.md\/#website","url":"https:\/\/dev.xstyle.md\/","name":"Magazinul X-Style","description":"Echipamente pentru turism \u0219i sporturi extreme \u00een Moldova. Pre\u021buri, fotografii, caracteristici \u00een Moldova.","publisher":{"@id":"https:\/\/dev.xstyle.md\/#organization"},"alternateName":"X-Style","potentialAction":[{"@type":"SearchAction","target":{"@type":"EntryPoint","urlTemplate":"https:\/\/dev.xstyle.md\/?s={search_term_string}"},"query-input":{"@type":"PropertyValueSpecification","valueRequired":true,"valueName":"search_term_string"}}],"inLanguage":"ro-RO"},{"@type":"Organization","@id":"https:\/\/dev.xstyle.md\/#organization","name":"Magazinul X-Style","alternateName":"x-style","url":"https:\/\/dev.xstyle.md\/","logo":{"@type":"ImageObject","inLanguage":"ro-RO","@id":"https:\/\/dev.xstyle.md\/#\/schema\/logo\/image\/","url":"https:\/\/dev.xstyle.md\/wp-content\/uploads\/2020\/06\/logoicon.svg","contentUrl":"https:\/\/dev.xstyle.md\/wp-content\/uploads\/2020\/06\/logoicon.svg","caption":"\u041c\u0430\u0433\u0430\u0437\u0438\u043d Xstyle"},"image":{"@id":"https:\/\/dev.xstyle.md\/#\/schema\/logo\/image\/"},"sameAs":["https:\/\/www.facebook.com\/xstylemd","https:\/\/www.instagram.com\/xstyle_md\/","https:\/\/t.me\/xstyle_outdoor"],"hasMerchantReturnPolicy":{"@type":"MerchantReturnPolicy","merchantReturnLink":"https:\/\/dev.xstyle.md\/ro\/conditions\/"}}]},"product_price_amount":"170.00","product_price_currency":"MDL","og_availability":"instock","product_availability":"instock","product_retailer_item_id":"2999001258900","product_condition":"new"},"post_mailing_queue_ids":[],"_links":{"self":[{"href":"https:\/\/dev.xstyle.md\/ro\/wp-json\/wp\/v2\/product\/13826","targetHints":{"allow":["GET"]}}],"collection":[{"href":"https:\/\/dev.xstyle.md\/ro\/wp-json\/wp\/v2\/product"}],"about":[{"href":"https:\/\/dev.xstyle.md\/ro\/wp-json\/wp\/v2\/types\/product"}],"replies":[{"embeddable":true,"href":"https:\/\/dev.xstyle.md\/ro\/wp-json\/wp\/v2\/comments?post=13826"}],"version-history":[{"count":0,"href":"https:\/\/dev.xstyle.md\/ro\/wp-json\/wp\/v2\/product\/13826\/revisions"}],"wp:featuredmedia":[{"embeddable":true,"href":"https:\/\/dev.xstyle.md\/ro\/wp-json\/wp\/v2\/media\/13825"}],"wp:attachment":[{"href":"https:\/\/dev.xstyle.md\/ro\/wp-json\/wp\/v2\/media?parent=13826"}],"wp:term":[{"taxonomy":"product_brand","embeddable":true,"href":"https:\/\/dev.xstyle.md\/ro\/wp-json\/wp\/v2\/product_brand?post=13826"},{"taxonomy":"product_cat","embeddable":true,"href":"https:\/\/dev.xstyle.md\/ro\/wp-json\/wp\/v2\/product_cat?post=13826"},{"taxonomy":"product_tag","embeddable":true,"href":"https:\/\/dev.xstyle.md\/ro\/wp-json\/wp\/v2\/product_tag?post=13826"}],"curies":[{"name":"wp","href":"https:\/\/api.w.org\/{rel}","templated":true}]}}