{"id":13603,"date":"2020-07-17T13:16:25","date_gmt":"2020-07-17T10:16:25","guid":{"rendered":"https:\/\/xstyle.md\/product\/dinamicheskaja-verevka-singing-rock-gym-10-mm-60m"},"modified":"2025-10-24T13:09:01","modified_gmt":"2025-10-24T10:09:01","slug":"dinamicheskaja-verevka-singing-rock-gym-10-mm-60m","status":"publish","type":"product","link":"https:\/\/dev.xstyle.md\/ro\/produs\/dinamicheskaja-verevka-singing-rock-gym-10-mm-60m\/","title":{"rendered":"Coard\u0103 dinamic\u0103 Singing Rock Gym 10 mm, 60m"},"content":{"rendered":"<\/p>\n<p><strong>Coard\u0103 dinamic\u0103 Singing Rock Gym 10 mm, 60m\u00a0&#8212;\u00a0<\/strong>simpl\u0103, special conceput\u0103 pentru escaladare de pere\u021bi, parcurile de aventur\u0103. Cablul a fost proiectat pentru condi\u021bii foarte solicitante, cu o mare aten\u021bie la siguran\u021b\u0103 \u0219i o durabilitate extrem de ridicat\u0103.<\/p>\n<p><strong>Caracteristici:<\/strong><\/p>\n<ul>\n<li>Datorit\u0103 tehnologiei speciale a miezurilor tricotate, coarda are o durat\u0103 lung\u0103 de via\u021b\u0103.<\/li>\n<li>Miezul tricotat \u0219i panglica compact\u0103 minimizeaz\u0103 frecarea \u00eentre fire, \u00eempiedic\u00e2nd astfel \u00eempletirea, \u00een special \u00een timpul c\u0103\u021b\u0103r\u0103rii de-a lungul v\u00e2rfului coardei.<\/li>\n<li>Diametrul sub\u021bire garanteaz\u0103 excelente propriet\u0103\u021bi de manipulare a cablurilor \u00een toate dispozitivele de protec\u021bie de pe pia\u021b\u0103.<\/li>\n<li>Ideal pentru alpinism, centre de fr\u00e2nghie, \u0219coli de alpinism sau parcuri de aventur\u0103.<\/li>\n<\/ul>\n<p><strong>Specifica\u021biile produsului:<\/strong><\/p>\n<ul>\n<li>Diametrul coardei 10,1 mm<\/li>\n<li>Num\u0103rul de c\u0103deri 6<\/li>\n<li>Dinamica 37%<\/li>\n<li>For\u021b\u0103 de impact 7.9 kN<\/li>\n<li>\u00cenc\u0103rc\u0103tur\u0103 static\u0103 7,4%<\/li>\n<li>Lungime 60 m<\/li>\n<li>Greutate 68 g \/ m<\/li>\n<\/ul>\n<p><\/p>","protected":false},"excerpt":{"rendered":"<p>Coard\u0103 dinamic\u0103 Singing Rock Gym 10 mm, 60m<\/p>","protected":false},"featured_media":13602,"comment_status":"open","ping_status":"closed","template":"","meta":{"_acf_changed":false,"inline_featured_image":false},"product_brand":[1276],"product_cat":[368],"product_tag":[],"class_list":{"0":"post-13603","1":"product","2":"type-product","3":"status-publish","4":"has-post-thumbnail","6":"product_brand-singing-rock","7":"product_cat-dynamic-ropes","9":"first","10":"instock","11":"shipping-taxable","12":"purchasable","13":"product-type-simple"},"acf":[],"yoast_head":"<!-- This site is optimized with the Yoast SEO plugin v27.5 - https:\/\/yoast.com\/product\/yoast-seo-wordpress\/ -->\n<title>\u0414\u0438\u043d\u0430\u043c\u0438\u0447\u0435\u0441\u043a\u0430\u044f \u0432\u0435\u0440\u0435\u0432\u043a\u0430 Singing Rock Gym 10 \u043c\u043c, 60\u043c - \u041c\u0430\u0433\u0430\u0437\u0438\u043d Xstyle<\/title>\n<meta name=\"description\" content=\"\u041a\u0443\u043f\u0438\u0442\u0435 \u0434\u0438\u043d\u0430\u043c\u0438\u0447\u0435\u0441\u043a\u0443\u044e \u0432\u0435\u0440\u0435\u0432\u043a\u0443 Singing Rock Gym 10 \u043c\u043c, 60 \u043c \u2013 \u0438\u0434\u0435\u0430\u043b\u044c\u043d\u044b\u0439 \u0432\u044b\u0431\u043e\u0440 \u0434\u043b\u044f \u0441\u043a\u0430\u043b\u043e\u043b\u0430\u0437\u0430\u043d\u0438\u044f! \u0412\u044b\u0441\u043e\u043a\u0430\u044f \u043f\u0440\u043e\u0447\u043d\u043e\u0441\u0442\u044c \u0438 \u043d\u0430\u0434\u0435\u0436\u043d\u043e\u0441\u0442\u044c. \u0417\u0430\u0449\u0438\u0442\u0438\u0442\u0435 \u0441\u0435\u0431\u044f \u0432 \u043f\u0440\u0438\u043a\u043b\u044e\u0447\u0435\u043d\u0438\u044f\u0445!\" \/>\n<meta name=\"robots\" content=\"noindex, follow, max-snippet:-1, max-image-preview:large, max-video-preview:-1\" \/>\n<meta property=\"og:locale\" content=\"ro_RO\" \/>\n<meta property=\"og:type\" content=\"article\" \/>\n<meta property=\"og:title\" content=\"\u0414\u0438\u043d\u0430\u043c\u0438\u0447\u0435\u0441\u043a\u0430\u044f \u0432\u0435\u0440\u0435\u0432\u043a\u0430 Singing Rock Gym 10 \u043c\u043c, 60\u043c - \u041c\u0430\u0433\u0430\u0437\u0438\u043d Xstyle\" \/>\n<meta property=\"og:description\" content=\"\u041a\u0443\u043f\u0438\u0442\u0435 \u0434\u0438\u043d\u0430\u043c\u0438\u0447\u0435\u0441\u043a\u0443\u044e \u0432\u0435\u0440\u0435\u0432\u043a\u0443 Singing Rock Gym 10 \u043c\u043c, 60 \u043c \u2013 \u0438\u0434\u0435\u0430\u043b\u044c\u043d\u044b\u0439 \u0432\u044b\u0431\u043e\u0440 \u0434\u043b\u044f \u0441\u043a\u0430\u043b\u043e\u043b\u0430\u0437\u0430\u043d\u0438\u044f! \u0412\u044b\u0441\u043e\u043a\u0430\u044f \u043f\u0440\u043e\u0447\u043d\u043e\u0441\u0442\u044c \u0438 \u043d\u0430\u0434\u0435\u0436\u043d\u043e\u0441\u0442\u044c. \u0417\u0430\u0449\u0438\u0442\u0438\u0442\u0435 \u0441\u0435\u0431\u044f \u0432 \u043f\u0440\u0438\u043a\u043b\u044e\u0447\u0435\u043d\u0438\u044f\u0445!\" \/>\n<meta property=\"og:url\" content=\"https:\/\/dev.xstyle.md\/ro\/produs\/dinamicheskaja-verevka-singing-rock-gym-10-mm-60m\/\" \/>\n<meta property=\"og:site_name\" content=\"\u041c\u0430\u0433\u0430\u0437\u0438\u043d Xstyle\" \/>\n<meta property=\"article:publisher\" content=\"https:\/\/www.facebook.com\/xstylemd\" \/>\n<meta property=\"article:modified_time\" content=\"2025-10-24T10:09:01+00:00\" \/>\n<meta property=\"og:image\" content=\"https:\/\/dev.xstyle.md\/wp-content\/uploads\/2020\/07\/singing_rock_gym_10_1.jpg\" \/>\n\t<meta property=\"og:image:width\" content=\"700\" \/>\n\t<meta property=\"og:image:height\" content=\"700\" \/>\n\t<meta property=\"og:image:type\" content=\"image\/jpeg\" \/>\n<meta name=\"twitter:card\" content=\"summary_large_image\" \/>\n<meta name=\"twitter:label1\" content=\"Pre\u021b\" \/>\n\t<meta name=\"twitter:data1\" content=\"3.590,00&nbsp;MDL\" \/>\n\t<meta name=\"twitter:label2\" content=\"Disponibilitate\" \/>\n\t<meta name=\"twitter:data2\" content=\"\u00cen stoc\" \/>\n<script type=\"application\/ld+json\" class=\"yoast-schema-graph\">{\"@context\":\"https:\\\/\\\/schema.org\",\"@graph\":[{\"@type\":\"WebPage\",\"@id\":\"https:\\\/\\\/dev.xstyle.md\\\/product\\\/dinamicheskaja-verevka-singing-rock-gym-10-mm-60m\\\/\",\"url\":\"https:\\\/\\\/dev.xstyle.md\\\/product\\\/dinamicheskaja-verevka-singing-rock-gym-10-mm-60m\\\/\",\"name\":\"\u0414\u0438\u043d\u0430\u043c\u0438\u0447\u0435\u0441\u043a\u0430\u044f \u0432\u0435\u0440\u0435\u0432\u043a\u0430 Singing Rock Gym 10 \u043c\u043c, 60\u043c - \u041c\u0430\u0433\u0430\u0437\u0438\u043d Xstyle\",\"isPartOf\":{\"@id\":\"https:\\\/\\\/dev.xstyle.md\\\/#website\"},\"primaryImageOfPage\":{\"@id\":\"https:\\\/\\\/dev.xstyle.md\\\/product\\\/dinamicheskaja-verevka-singing-rock-gym-10-mm-60m\\\/#primaryimage\"},\"image\":{\"@id\":\"https:\\\/\\\/dev.xstyle.md\\\/product\\\/dinamicheskaja-verevka-singing-rock-gym-10-mm-60m\\\/#primaryimage\"},\"thumbnailUrl\":\"https:\\\/\\\/dev.xstyle.md\\\/wp-content\\\/uploads\\\/2020\\\/07\\\/singing_rock_gym_10_1.jpg\",\"datePublished\":\"2020-07-17T10:16:25+00:00\",\"dateModified\":\"2025-10-24T10:09:01+00:00\",\"description\":\"\u041a\u0443\u043f\u0438\u0442\u0435 \u0434\u0438\u043d\u0430\u043c\u0438\u0447\u0435\u0441\u043a\u0443\u044e \u0432\u0435\u0440\u0435\u0432\u043a\u0443 Singing Rock Gym 10 \u043c\u043c, 60 \u043c \u2013 \u0438\u0434\u0435\u0430\u043b\u044c\u043d\u044b\u0439 \u0432\u044b\u0431\u043e\u0440 \u0434\u043b\u044f \u0441\u043a\u0430\u043b\u043e\u043b\u0430\u0437\u0430\u043d\u0438\u044f! \u0412\u044b\u0441\u043e\u043a\u0430\u044f \u043f\u0440\u043e\u0447\u043d\u043e\u0441\u0442\u044c \u0438 \u043d\u0430\u0434\u0435\u0436\u043d\u043e\u0441\u0442\u044c. \u0417\u0430\u0449\u0438\u0442\u0438\u0442\u0435 \u0441\u0435\u0431\u044f \u0432 \u043f\u0440\u0438\u043a\u043b\u044e\u0447\u0435\u043d\u0438\u044f\u0445!\",\"breadcrumb\":{\"@id\":\"https:\\\/\\\/dev.xstyle.md\\\/product\\\/dinamicheskaja-verevka-singing-rock-gym-10-mm-60m\\\/#breadcrumb\"},\"inLanguage\":\"ro-RO\",\"potentialAction\":[{\"@type\":\"ReadAction\",\"target\":[\"https:\\\/\\\/dev.xstyle.md\\\/product\\\/dinamicheskaja-verevka-singing-rock-gym-10-mm-60m\\\/\"]}]},{\"@type\":\"ImageObject\",\"inLanguage\":\"ro-RO\",\"@id\":\"https:\\\/\\\/dev.xstyle.md\\\/product\\\/dinamicheskaja-verevka-singing-rock-gym-10-mm-60m\\\/#primaryimage\",\"url\":\"https:\\\/\\\/dev.xstyle.md\\\/wp-content\\\/uploads\\\/2020\\\/07\\\/singing_rock_gym_10_1.jpg\",\"contentUrl\":\"https:\\\/\\\/dev.xstyle.md\\\/wp-content\\\/uploads\\\/2020\\\/07\\\/singing_rock_gym_10_1.jpg\",\"width\":700,\"height\":700},{\"@type\":\"BreadcrumbList\",\"@id\":\"https:\\\/\\\/dev.xstyle.md\\\/product\\\/dinamicheskaja-verevka-singing-rock-gym-10-mm-60m\\\/#breadcrumb\",\"itemListElement\":[{\"@type\":\"ListItem\",\"position\":1,\"name\":\"\u0413\u043b\u0430\u0432\u043d\u0430\u044f \u0441\u0442\u0440\u0430\u043d\u0438\u0446\u0430\",\"item\":\"https:\\\/\\\/dev.xstyle.md\\\/\"},{\"@type\":\"ListItem\",\"position\":2,\"name\":\"Shop\",\"item\":\"https:\\\/\\\/dev.xstyle.md\\\/shop\\\/\"},{\"@type\":\"ListItem\",\"position\":3,\"name\":\"\u0414\u0438\u043d\u0430\u043c\u0438\u0447\u0435\u0441\u043a\u0430\u044f \u0432\u0435\u0440\u0435\u0432\u043a\u0430 Singing Rock Gym 10 \u043c\u043c, 60\u043c\"}]},{\"@type\":\"WebSite\",\"@id\":\"https:\\\/\\\/dev.xstyle.md\\\/#website\",\"url\":\"https:\\\/\\\/dev.xstyle.md\\\/\",\"name\":\"\u041c\u0430\u0433\u0430\u0437\u0438\u043d Xstyle\",\"description\":\"C\u043d\u0430\u0440\u044f\u0436\u0435\u043d\u0438\u0435 \u0434\u043b\u044f \u0442\u0443\u0440\u0438\u0437\u043c\u0430 \u0438 \u044d\u043a\u0441\u0442\u0440\u0435\u043c\u0430\u043b\u044c\u043d\u044b\u0445 \u0432\u0438\u0434\u043e\u0432 \u0441\u043f\u043e\u0440\u0442\u0430 \u0432 \u041c\u043e\u043b\u0434\u043e\u0432\u0435.. \u0426\u0435\u043d\u044b, \u0444\u043e\u0442\u043e, \u0445\u0430\u0440\u0430\u043a\u0442\u0435\u0440\u0438\u0441\u0442\u0438\u043a\u0438 \u0432 \u041c\u043e\u043b\u0434\u043e\u0432\u0435.\",\"publisher\":{\"@id\":\"https:\\\/\\\/dev.xstyle.md\\\/#organization\"},\"alternateName\":\"X-Style\",\"potentialAction\":[{\"@type\":\"SearchAction\",\"target\":{\"@type\":\"EntryPoint\",\"urlTemplate\":\"https:\\\/\\\/dev.xstyle.md\\\/?s={search_term_string}\"},\"query-input\":{\"@type\":\"PropertyValueSpecification\",\"valueRequired\":true,\"valueName\":\"search_term_string\"}}],\"inLanguage\":\"ro-RO\"},{\"@type\":\"Organization\",\"@id\":\"https:\\\/\\\/dev.xstyle.md\\\/#organization\",\"name\":\"\u041c\u0430\u0433\u0430\u0437\u0438\u043d Xstyle\",\"alternateName\":\"x-style\",\"url\":\"https:\\\/\\\/dev.xstyle.md\\\/\",\"logo\":{\"@type\":\"ImageObject\",\"inLanguage\":\"ro-RO\",\"@id\":\"https:\\\/\\\/dev.xstyle.md\\\/#\\\/schema\\\/logo\\\/image\\\/\",\"url\":\"https:\\\/\\\/dev.xstyle.md\\\/wp-content\\\/uploads\\\/2020\\\/06\\\/logoicon.svg\",\"contentUrl\":\"https:\\\/\\\/dev.xstyle.md\\\/wp-content\\\/uploads\\\/2020\\\/06\\\/logoicon.svg\",\"caption\":\"\u041c\u0430\u0433\u0430\u0437\u0438\u043d Xstyle\"},\"image\":{\"@id\":\"https:\\\/\\\/dev.xstyle.md\\\/#\\\/schema\\\/logo\\\/image\\\/\"},\"sameAs\":[\"https:\\\/\\\/www.facebook.com\\\/xstylemd\",\"https:\\\/\\\/www.instagram.com\\\/xstyle_md\\\/\",\"https:\\\/\\\/t.me\\\/xstyle_outdoor\"],\"hasMerchantReturnPolicy\":{\"@type\":\"MerchantReturnPolicy\",\"merchantReturnLink\":\"https:\\\/\\\/dev.xstyle.md\\\/ro\\\/conditions\\\/\"}}]}<\/script>\n<meta property=\"product:price:amount\" content=\"3590.00\" \/>\n<meta property=\"product:price:currency\" content=\"MDL\" \/>\n<meta property=\"og:availability\" content=\"instock\" \/>\n<meta property=\"product:availability\" content=\"instock\" \/>\n<meta property=\"product:retailer_item_id\" content=\"8595033346499\" \/>\n<meta property=\"product:condition\" content=\"new\" \/>\n<!-- \/ Yoast SEO plugin. -->","yoast_head_json":{"title":"\u0414\u0438\u043d\u0430\u043c\u0438\u0447\u0435\u0441\u043a\u0430\u044f \u0432\u0435\u0440\u0435\u0432\u043a\u0430 Singing Rock Gym 10 \u043c\u043c, 60\u043c - \u041c\u0430\u0433\u0430\u0437\u0438\u043d Xstyle","description":"Cump\u0103ra\u021bi o fr\u00e2nghie dinamic\u0103 Singing Rock Gym de 10 mm, 60 m \u2013 alegerea ideal\u0103 pentru alpinism! Rezisten\u021b\u0103 \u0219i fiabilitate ridicate. Proteja\u021bi-v\u0103 \u00een aventuri!","robots":{"index":"noindex","follow":"follow","max-snippet":"max-snippet:-1","max-image-preview":"max-image-preview:large","max-video-preview":"max-video-preview:-1"},"og_locale":"ro_RO","og_type":"article","og_title":"\u0414\u0438\u043d\u0430\u043c\u0438\u0447\u0435\u0441\u043a\u0430\u044f \u0432\u0435\u0440\u0435\u0432\u043a\u0430 Singing Rock Gym 10 \u043c\u043c, 60\u043c - \u041c\u0430\u0433\u0430\u0437\u0438\u043d Xstyle","og_description":"\u041a\u0443\u043f\u0438\u0442\u0435 \u0434\u0438\u043d\u0430\u043c\u0438\u0447\u0435\u0441\u043a\u0443\u044e \u0432\u0435\u0440\u0435\u0432\u043a\u0443 Singing Rock Gym 10 \u043c\u043c, 60 \u043c \u2013 \u0438\u0434\u0435\u0430\u043b\u044c\u043d\u044b\u0439 \u0432\u044b\u0431\u043e\u0440 \u0434\u043b\u044f \u0441\u043a\u0430\u043b\u043e\u043b\u0430\u0437\u0430\u043d\u0438\u044f! \u0412\u044b\u0441\u043e\u043a\u0430\u044f \u043f\u0440\u043e\u0447\u043d\u043e\u0441\u0442\u044c \u0438 \u043d\u0430\u0434\u0435\u0436\u043d\u043e\u0441\u0442\u044c. \u0417\u0430\u0449\u0438\u0442\u0438\u0442\u0435 \u0441\u0435\u0431\u044f \u0432 \u043f\u0440\u0438\u043a\u043b\u044e\u0447\u0435\u043d\u0438\u044f\u0445!","og_url":"https:\/\/dev.xstyle.md\/ro\/produs\/dinamicheskaja-verevka-singing-rock-gym-10-mm-60m\/","og_site_name":"\u041c\u0430\u0433\u0430\u0437\u0438\u043d Xstyle","article_publisher":"https:\/\/www.facebook.com\/xstylemd","article_modified_time":"2025-10-24T10:09:01+00:00","og_image":[{"width":700,"height":700,"url":"https:\/\/dev.xstyle.md\/wp-content\/uploads\/2020\/07\/singing_rock_gym_10_1.jpg","type":"image\/jpeg"}],"twitter_card":"summary_large_image","twitter_misc":{"Pre\u021b":"3.590,00&nbsp;MDL","Disponibilitate":"\u00cen stoc"},"schema":{"@context":"https:\/\/schema.org","@graph":[{"@type":"WebPage","@id":"https:\/\/dev.xstyle.md\/product\/dinamicheskaja-verevka-singing-rock-gym-10-mm-60m\/","url":"https:\/\/dev.xstyle.md\/product\/dinamicheskaja-verevka-singing-rock-gym-10-mm-60m\/","name":"\u0414\u0438\u043d\u0430\u043c\u0438\u0447\u0435\u0441\u043a\u0430\u044f \u0432\u0435\u0440\u0435\u0432\u043a\u0430 Singing Rock Gym 10 \u043c\u043c, 60\u043c - \u041c\u0430\u0433\u0430\u0437\u0438\u043d Xstyle","isPartOf":{"@id":"https:\/\/dev.xstyle.md\/#website"},"primaryImageOfPage":{"@id":"https:\/\/dev.xstyle.md\/product\/dinamicheskaja-verevka-singing-rock-gym-10-mm-60m\/#primaryimage"},"image":{"@id":"https:\/\/dev.xstyle.md\/product\/dinamicheskaja-verevka-singing-rock-gym-10-mm-60m\/#primaryimage"},"thumbnailUrl":"https:\/\/dev.xstyle.md\/wp-content\/uploads\/2020\/07\/singing_rock_gym_10_1.jpg","datePublished":"2020-07-17T10:16:25+00:00","dateModified":"2025-10-24T10:09:01+00:00","description":"Cump\u0103ra\u021bi o fr\u00e2nghie dinamic\u0103 Singing Rock Gym de 10 mm, 60 m \u2013 alegerea ideal\u0103 pentru alpinism! Rezisten\u021b\u0103 \u0219i fiabilitate ridicate. Proteja\u021bi-v\u0103 \u00een aventuri!","breadcrumb":{"@id":"https:\/\/dev.xstyle.md\/product\/dinamicheskaja-verevka-singing-rock-gym-10-mm-60m\/#breadcrumb"},"inLanguage":"ro-RO","potentialAction":[{"@type":"ReadAction","target":["https:\/\/dev.xstyle.md\/product\/dinamicheskaja-verevka-singing-rock-gym-10-mm-60m\/"]}]},{"@type":"ImageObject","inLanguage":"ro-RO","@id":"https:\/\/dev.xstyle.md\/product\/dinamicheskaja-verevka-singing-rock-gym-10-mm-60m\/#primaryimage","url":"https:\/\/dev.xstyle.md\/wp-content\/uploads\/2020\/07\/singing_rock_gym_10_1.jpg","contentUrl":"https:\/\/dev.xstyle.md\/wp-content\/uploads\/2020\/07\/singing_rock_gym_10_1.jpg","width":700,"height":700},{"@type":"BreadcrumbList","@id":"https:\/\/dev.xstyle.md\/product\/dinamicheskaja-verevka-singing-rock-gym-10-mm-60m\/#breadcrumb","itemListElement":[{"@type":"ListItem","position":1,"name":"\u0413\u043b\u0430\u0432\u043d\u0430\u044f \u0441\u0442\u0440\u0430\u043d\u0438\u0446\u0430","item":"https:\/\/dev.xstyle.md\/"},{"@type":"ListItem","position":2,"name":"Shop","item":"https:\/\/dev.xstyle.md\/shop\/"},{"@type":"ListItem","position":3,"name":"\u0414\u0438\u043d\u0430\u043c\u0438\u0447\u0435\u0441\u043a\u0430\u044f \u0432\u0435\u0440\u0435\u0432\u043a\u0430 Singing Rock Gym 10 \u043c\u043c, 60\u043c"}]},{"@type":"WebSite","@id":"https:\/\/dev.xstyle.md\/#website","url":"https:\/\/dev.xstyle.md\/","name":"Magazinul X-Style","description":"Echipamente pentru turism \u0219i sporturi extreme \u00een Moldova. Pre\u021buri, fotografii, caracteristici \u00een Moldova.","publisher":{"@id":"https:\/\/dev.xstyle.md\/#organization"},"alternateName":"X-Style","potentialAction":[{"@type":"SearchAction","target":{"@type":"EntryPoint","urlTemplate":"https:\/\/dev.xstyle.md\/?s={search_term_string}"},"query-input":{"@type":"PropertyValueSpecification","valueRequired":true,"valueName":"search_term_string"}}],"inLanguage":"ro-RO"},{"@type":"Organization","@id":"https:\/\/dev.xstyle.md\/#organization","name":"Magazinul X-Style","alternateName":"x-style","url":"https:\/\/dev.xstyle.md\/","logo":{"@type":"ImageObject","inLanguage":"ro-RO","@id":"https:\/\/dev.xstyle.md\/#\/schema\/logo\/image\/","url":"https:\/\/dev.xstyle.md\/wp-content\/uploads\/2020\/06\/logoicon.svg","contentUrl":"https:\/\/dev.xstyle.md\/wp-content\/uploads\/2020\/06\/logoicon.svg","caption":"\u041c\u0430\u0433\u0430\u0437\u0438\u043d Xstyle"},"image":{"@id":"https:\/\/dev.xstyle.md\/#\/schema\/logo\/image\/"},"sameAs":["https:\/\/www.facebook.com\/xstylemd","https:\/\/www.instagram.com\/xstyle_md\/","https:\/\/t.me\/xstyle_outdoor"],"hasMerchantReturnPolicy":{"@type":"MerchantReturnPolicy","merchantReturnLink":"https:\/\/dev.xstyle.md\/ro\/conditions\/"}}]},"product_price_amount":"3590.00","product_price_currency":"MDL","og_availability":"instock","product_availability":"instock","product_retailer_item_id":"8595033346499","product_condition":"new"},"post_mailing_queue_ids":[],"_links":{"self":[{"href":"https:\/\/dev.xstyle.md\/ro\/wp-json\/wp\/v2\/product\/13603","targetHints":{"allow":["GET"]}}],"collection":[{"href":"https:\/\/dev.xstyle.md\/ro\/wp-json\/wp\/v2\/product"}],"about":[{"href":"https:\/\/dev.xstyle.md\/ro\/wp-json\/wp\/v2\/types\/product"}],"replies":[{"embeddable":true,"href":"https:\/\/dev.xstyle.md\/ro\/wp-json\/wp\/v2\/comments?post=13603"}],"version-history":[{"count":0,"href":"https:\/\/dev.xstyle.md\/ro\/wp-json\/wp\/v2\/product\/13603\/revisions"}],"wp:featuredmedia":[{"embeddable":true,"href":"https:\/\/dev.xstyle.md\/ro\/wp-json\/wp\/v2\/media\/13602"}],"wp:attachment":[{"href":"https:\/\/dev.xstyle.md\/ro\/wp-json\/wp\/v2\/media?parent=13603"}],"wp:term":[{"taxonomy":"product_brand","embeddable":true,"href":"https:\/\/dev.xstyle.md\/ro\/wp-json\/wp\/v2\/product_brand?post=13603"},{"taxonomy":"product_cat","embeddable":true,"href":"https:\/\/dev.xstyle.md\/ro\/wp-json\/wp\/v2\/product_cat?post=13603"},{"taxonomy":"product_tag","embeddable":true,"href":"https:\/\/dev.xstyle.md\/ro\/wp-json\/wp\/v2\/product_tag?post=13603"}],"curies":[{"name":"wp","href":"https:\/\/api.w.org\/{rel}","templated":true}]}}