{"id":11923,"date":"2020-07-17T11:40:26","date_gmt":"2020-07-17T08:40:26","guid":{"rendered":"https:\/\/xstyle.md\/product\/gibridnaja-bajdarka-neris-smart-pro-standart"},"modified":"2026-03-19T16:35:28","modified_gmt":"2026-03-19T13:35:28","slug":"gibridnaja-bajdarka-neris-smart-pro-standart","status":"publish","type":"product","link":"https:\/\/dev.xstyle.md\/ro\/produs\/gibridnaja-bajdarka-neris-smart-pro-standart\/","title":{"rendered":"\u0411\u0430\u0439\u0434\u0430\u0440\u043a\u0430 \u043a\u0430\u0440\u043a\u0430\u0441\u043d\u043e-\u043d\u0430\u0434\u0443\u0432\u043d\u0430\u044f &#171;NERIS SMART Pro&#187;"},"content":{"rendered":"<\/p>\n<p><strong>Smart Pro<\/strong>, un caiac gonflabil cu carcas\u0103, de mare vitez\u0103, &icirc;nc\u0103p\u0103tor \u0219i de &icirc;ncredere, poate fi utilizat &icirc;n orice c\u0103l\u0103torii &#8212; de la excursii de weekend la c\u0103l\u0103torii lungi autonome &icirc;n regiuni &icirc;ndep\u0103rtate. Caiacul are o form\u0103 de lacrim\u0103 asimetric\u0103 \u0219i un design hibrid care combin\u0103 baloane gonflabile. Prin urmare, modelul Smart Pro se caracterizeaz\u0103 prin vitez\u0103 excep\u021bional\u0103, manevrabilitate bun\u0103, capacitate, stabilitate, asamblare simpl\u0103 \u0219i rapid\u0103.<\/p>\n<p>Dac\u0103 dori\u021bi, pute\u021bi instala un scaun suplimentar pentru un copil &icirc;ntr-un caiac dublu, sau &icirc;l pute\u021bi folosi ca un singur caiac &icirc;n expedi\u021bii lungi.<\/p>\n<p>Caiacul NERIS Smart Pro combin\u0103 cele mai bune calit\u0103\u021bi ale cadrelor gonflabile. Datorit\u0103 scheletului Smart Pro, acesta este dur, &icirc;n\u021bepat \u0219i rapid, al\u0103turi de cele mai bune modele de caiac cu carcas\u0103.<\/p>\n<p>Testele modelului Smart Pro au ar\u0103tat c\u0103 atunci c&acirc;nd unul sau doi cilindri sunt deteriora\u021bi, caiacul r\u0103m&acirc;ne pe linia de plutire \u0219i este capabil s\u0103 men\u021bin\u0103 cursul datorit\u0103 construc\u021biei carcasei. Baloanele gonflabile durabile garanteaz\u0103 siguran\u021ba \u0219i stabilitatea. Pute\u021bi urca &icirc;n caiac direct din ap\u0103, sprijinindu-v\u0103 pe o parte.<\/p>\n<p>Designul perfect face ca caiacul s\u0103 fie u\u0219or \u0219i compact. Smart Pro este asamblat \u0219i dezasamblat &icirc;n 15-20 de minute deja la primul ansamblu, chiar \u0219i &icirc;n absen\u021ba experien\u021bei. Caiacul este transportat cu u\u0219urin\u021b\u0103 de o singur\u0103 persoan\u0103, transportat cu mijloacele de transport &icirc;n comun sau cu ma\u0219ina, ambalat &icirc;ntr-un singur bagaj standard pentru c\u0103l\u0103torii aeriene.<\/p>\n<p>Universalitatea modelului permite utilizarea acestuia &icirc;ntr-o varietate de condi\u021bii: calm sau rapid, r&acirc;uri, lacuri, zone de coast\u0103 ale m\u0103rilor \u0219i oceanelor.<\/p>\n<h3>Specifica\u021bii<\/h3>\n<ul>\n<li>Caiacul are un design simplu \u0219i fiabil, u\u0219or de asamblat, nu are elemente de plastic de scurt\u0103 durat\u0103 ale dispozitivului de fixare a cadrului;<\/li>\n<li>Caiacul are compartimente spa\u021bioase &icirc;n arc \u0219i pupa, un compartiment de marf\u0103 central;<\/li>\n<li>Scaunele gonflabile confortabile sunt reglabile &icirc;n &icirc;n\u0103l\u021bime \u0219i spate;<\/li>\n<li>Caiacul este ambalat &icirc;ntr-un rucsac rezistent \u0219i u\u0219or, cu bretele reglabile \u0219i o curea de \u0219old;<\/li>\n<li>Cadrul ofer\u0103 stabilitate \u0219i calit\u0103\u021bi de vitez\u0103, garanteaz\u0103 securitate suplimentar<\/li>\n<li>Prezen\u021ba bulbourilor face caiacul s\u0103 fie rigid c&acirc;nd se deplaseaz\u0103 de-a lungul valurilor \u0219i al altor valuri pe ap\u0103;<\/li>\n<li>Baloanele gonflabile durabile garanteaz\u0103 siguran\u021ba \u0219i stabilitatea;<\/li>\n<li>&Icirc;nveli\u0219ul este confec\u021bionat dintr-un material german din PVC pentru barc\u0103 rezistent la uzur\u0103, partea inferioar\u0103 este lipit\u0103 de \u0219nururi \u0219i kilson cu o rulare special\u0103;<\/li>\n<li>Posibilitatea de a instala centurile de \u0219old pentru un control mai bun al caiacului pe valuri \u0219i rapide;<\/li>\n<li>M&acirc;nere convenabile pentru transport;<\/li>\n<li>Caiacul poate fi asamblat cu un al treilea scaun pentru copil;<\/li>\n<li>Posibilitatea de a instala un scaun &icirc;n centrul caiacului \u0219i de a folosi Smart Pro ca un singur caiac, caz &icirc;n care kayak-ul poate fi echipat cu un \u0219or\u021b pentru un cockpit din centru;<\/li>\n<li>Velcro larg pe punte pentru instalarea sigur\u0103 a \u0219or\u021bului;<\/li>\n<li>Echipament de naviga\u021bie &bdquo;Gennaker cu catarg &icirc;n form\u0103 de A&rdquo; poate fi instalat pe un caiac<\/li>\n<li>Suport de turnare la pupa pentru direc\u021bie;<\/li>\n<li>Cablaj pe puntea caiacului, inele pe punte \u0219i laturi pentru fixarea echipamentului suplimentar;<\/li>\n<li>Caiacul este echipat cu o pomp\u0103 pentru picioare pentru pomparea buteliilor;<\/li>\n<li>La schimbarea scaunelor, Smart Pro se transform\u0103 &icirc;ntr-o canoe, ceea ce aduce o experien\u021b\u0103 nou\u0103 \u0219i o experien\u021b\u0103 de c\u0103l\u0103torie<\/li>\n<\/ul>\n<h3>&nbsp;Carcasa<\/h3>\n<ul>\n<li>Kayak &bdquo;NERIS SMART Pro&rdquo; are un design simplu \u0219i de &icirc;ncredere;<\/li>\n<li>Barca este u\u0219or de asamblat, nu are elemente de fixare cu cadru de plastic cu durat\u0103 scurt\u0103 de via\u021b\u0103;<\/li>\n<li>Cadru &#8212; \u021beav\u0103 duralumin\u0103 anodizat\u0103;<\/li>\n<li>Feronerie deta\u0219abil\u0103 &#8212; o\u021bel inoxidabil<\/li>\n<\/ul>\n<h3>Materiale<\/h3>\n<ul>\n<li>Teac\u0103 &#8212; material din barc\u0103 german\u0103 PVC (Mehler). Densitatea pe fund este de 900 g \/ m2, buteliile \u0219i puntea sunt de 850 g \/ m2.<\/li>\n<li>Rucsac pentru transport &#8212; Polyester 300D.<\/li>\n<li>Cadre \u0219i balcoane &#8212; \u021beav\u0103 duralumin\u0103 anodizat\u0103 D16T.<\/li>\n<li>Kilson \u0219i pini &#8212; profil ovale din aluminiu anodizat 20&#215;35 mm (DIN 6063).<\/li>\n<li>Feronerie deta\u0219abil\u0103 &#8212; o\u021bel inoxidabil.<\/li>\n<\/ul>\n<h3>Parametri<\/h3>\n<ul>\n<li>Lungime 5,35 m.<\/li>\n<li>L\u0103\u021bime &#8212; 0,86 m.<\/li>\n<li>Greutate &#8212; 23,4 kg.<\/li>\n<li>Dimensiunea pachetului &#8212; 115x55x23 cm<\/li>\n<li>Num\u0103r de locuri &#8212; doi adul\u021bi (plus un copil).<\/li>\n<li>Capacitate de transport &#8212; 250 kg.<\/li>\n<li>Timp de asamblare &#8212; 15 minute.<\/li>\n<\/ul>\n<h3>&nbsp;Setul include<\/h3>\n<ul>\n<li>cadru cu bulioane<\/li>\n<li>carcas\u0103 cu cilindri integra\u021bi<\/li>\n<li>1 loc &bull; rucsac &bull; kit de repara\u021bii<\/li>\n<li>instruc\u021biuni de asamblare<\/li>\n<li>pomp\u0103<\/li>\n<\/ul>\n<p style=\"text-align: center;\">_______________________<\/p>\n<p>Pute\u021bi comanda, de asemenea, echipamente Smart Pro Expedition, unde caiacul este echipat suplimentar cu un \u0219or\u021b pentru trei cockpits, dou\u0103 fuste, o \u0219apc\u0103 \u0219i direc\u021bie. Posibilitatea de a instala un \u0219or\u021b \u0219i o direc\u021bie, fuste &icirc;n kitul expedi\u021bional v\u0103 permite s\u0103 folosi\u021bi Smart Pro &icirc;n condi\u021bii dificile &#8212; sezonul rece, ploaia, &icirc;n mare sau pe apa furtunoas\u0103.<\/p>\n<p><iframe loading=\"lazy\" src=\"https:\/\/player.vimeo.com\/video\/307365964\" frameborder=\"0\" width=\"425\" height=\"350\"><\/iframe><\/p>\n<p>Asamblarea caiacelor gonflabile cu carcas\u0103<\/p>\n<p><iframe loading=\"lazy\" src=\"https:\/\/www.youtube.com\/embed\/EvpWppeAjoE\" frameborder=\"0\" width=\"425\" height=\"350\"><\/iframe><\/p>\n<p><a href=\"https:\/\/neriskayaks.com\/netcat_files\/2863_163.pdf\">Vizualizarea instruc\u0163iei de asamblare a caiacului<\/a><\/p>\n<p>Rafting cu caiacurile Neris pe Nistru<\/p>\n<p><iframe loading=\"lazy\" src=\"https:\/\/www.youtube.com\/embed\/v0FoCeMd7oE\" frameborder=\"0\" width=\"425\" height=\"350\"><\/iframe><\/p>\n<p style=\"text-align: center;\">&#8212;&#8212;&#8212;&#8212;&#8212;&#8212;&#8212;&#8212;&#8212;&#8212;&#8212;&#8212;&#8212;&#8212;&#8212;&#8212;&#8212;&#8212;&#8212;&#8212;<\/p>\n<p><strong>Legisla\u021bia Republicii Moldova oblig\u0103 &icirc;nmatricularea b\u0103rcilor mici, inclusiv a caiacelor, &icirc;n Registrul de stat al navelor al Republicii Moldova. Av&acirc;nd o &icirc;nregistrare, pute\u021bi merge cu u\u0219urin\u021b\u0103 la toate lacurile \u0219i r&acirc;urile moldovene\u0219ti, inclusiv la zonele de frontier\u0103. S\u0103 trece\u021bi controlul vamal atunci c&acirc;nd pleca\u021bi \u0219i intra\u021bi &icirc;n Moldova. Furniz\u0103m &icirc;ntregul pachet de documente necesare pentru &icirc;nregistrare, inclusiv o copie a declara\u021biei de import \u0219i a certificatului de origine al marfei.<\/strong><\/p>\n<p><\/p>","protected":false},"excerpt":{"rendered":"<p>\u0411\u0430\u0439\u0434\u0430\u0440\u043a\u0430 \u043a\u0430\u0440\u043a\u0430\u0441\u043d\u043e-\u043d\u0430\u0434\u0443\u0432\u043d\u0430\u044f &#171;NERIS SMART Pro&#187;<\/p>","protected":false},"featured_media":11914,"comment_status":"open","ping_status":"closed","template":"","meta":{"_acf_changed":false,"inline_featured_image":false},"product_brand":[1288],"product_cat":[1091],"product_tag":[],"class_list":{"0":"post-11923","1":"product","2":"type-product","3":"status-publish","4":"has-post-thumbnail","6":"product_brand-neris","7":"product_cat-neris","9":"first","10":"instock","11":"shipping-taxable","12":"purchasable","13":"product-type-simple"},"acf":[],"yoast_head":"<!-- This site is optimized with the Yoast SEO plugin v27.4 - https:\/\/yoast.com\/product\/yoast-seo-wordpress\/ -->\n<title>\u0411\u0430\u0439\u0434\u0430\u0440\u043a\u0430 \u043a\u0430\u0440\u043a\u0430\u0441\u043d\u043e-\u043d\u0430\u0434\u0443\u0432\u043d\u0430\u044f &quot;NERIS SMART Pro&quot; - \u041c\u0430\u0433\u0430\u0437\u0438\u043d Xstyle<\/title>\n<meta name=\"description\" content=\"\u041a\u0443\u043f\u0438\u0442\u0435 \u043a\u0430\u0440\u043a\u0430\u0441\u043d\u043e-\u043d\u0430\u0434\u0443\u0432\u043d\u0443\u044e \u0431\u0430\u0439\u0434\u0430\u0440\u043a\u0443 &quot;NERIS SMART Pro&quot;. \u0418\u0434\u0435\u0430\u043b\u044c\u043d\u0430 \u0434\u043b\u044f \u044d\u043a\u0441\u043f\u0435\u0434\u0438\u0446\u0438\u0439, \u0432\u044b\u043f\u043e\u043b\u043d\u0435\u043d\u0430 \u0438\u0437 \u043f\u0440\u043e\u0447\u043d\u043e\u0433\u043e \u041f\u0412\u0425, \u0434\u043e\u043b\u0433\u043e\u0432\u0435\u0447\u043d\u0430 \u0438 \u0443\u0434\u043e\u0431\u043d\u0430 \u0434\u043b\u044f \u0438\u0441\u043f\u043e\u043b\u044c\u0437\u043e\u0432\u0430\u043d\u0438\u044f.\" \/>\n<meta name=\"robots\" content=\"noindex, follow, max-snippet:-1, max-image-preview:large, max-video-preview:-1\" \/>\n<meta property=\"og:locale\" content=\"ro_RO\" \/>\n<meta property=\"og:type\" content=\"article\" \/>\n<meta property=\"og:title\" content=\"\u0411\u0430\u0439\u0434\u0430\u0440\u043a\u0430 \u043a\u0430\u0440\u043a\u0430\u0441\u043d\u043e-\u043d\u0430\u0434\u0443\u0432\u043d\u0430\u044f &quot;NERIS SMART Pro&quot; - \u041c\u0430\u0433\u0430\u0437\u0438\u043d Xstyle\" \/>\n<meta property=\"og:description\" content=\"\u041a\u0443\u043f\u0438\u0442\u0435 \u043a\u0430\u0440\u043a\u0430\u0441\u043d\u043e-\u043d\u0430\u0434\u0443\u0432\u043d\u0443\u044e \u0431\u0430\u0439\u0434\u0430\u0440\u043a\u0443 &quot;NERIS SMART Pro&quot;. \u0418\u0434\u0435\u0430\u043b\u044c\u043d\u0430 \u0434\u043b\u044f \u044d\u043a\u0441\u043f\u0435\u0434\u0438\u0446\u0438\u0439, \u0432\u044b\u043f\u043e\u043b\u043d\u0435\u043d\u0430 \u0438\u0437 \u043f\u0440\u043e\u0447\u043d\u043e\u0433\u043e \u041f\u0412\u0425, \u0434\u043e\u043b\u0433\u043e\u0432\u0435\u0447\u043d\u0430 \u0438 \u0443\u0434\u043e\u0431\u043d\u0430 \u0434\u043b\u044f \u0438\u0441\u043f\u043e\u043b\u044c\u0437\u043e\u0432\u0430\u043d\u0438\u044f.\" \/>\n<meta property=\"og:url\" content=\"https:\/\/dev.xstyle.md\/ro\/produs\/gibridnaja-bajdarka-neris-smart-pro-standart\/\" \/>\n<meta property=\"og:site_name\" content=\"\u041c\u0430\u0433\u0430\u0437\u0438\u043d Xstyle\" \/>\n<meta property=\"article:publisher\" content=\"https:\/\/www.facebook.com\/xstylemd\" \/>\n<meta property=\"article:modified_time\" content=\"2026-03-19T13:35:28+00:00\" \/>\n<meta property=\"og:image\" content=\"https:\/\/dev.xstyle.md\/wp-content\/uploads\/2020\/07\/inked1_li.jpg\" \/>\n\t<meta property=\"og:image:width\" content=\"887\" \/>\n\t<meta property=\"og:image:height\" content=\"296\" \/>\n\t<meta property=\"og:image:type\" content=\"image\/jpeg\" \/>\n<meta name=\"twitter:card\" content=\"summary_large_image\" \/>\n<meta name=\"twitter:label1\" content=\"Pre\u021b\" \/>\n\t<meta name=\"twitter:data1\" content=\"28.900,00&nbsp;MDL\" \/>\n\t<meta name=\"twitter:label2\" content=\"Disponibilitate\" \/>\n\t<meta name=\"twitter:data2\" content=\"\u00cen stoc\" \/>\n<script type=\"application\/ld+json\" class=\"yoast-schema-graph\">{\"@context\":\"https:\\\/\\\/schema.org\",\"@graph\":[{\"@type\":\"WebPage\",\"@id\":\"https:\\\/\\\/dev.xstyle.md\\\/product\\\/gibridnaja-bajdarka-neris-smart-pro-standart\\\/\",\"url\":\"https:\\\/\\\/dev.xstyle.md\\\/product\\\/gibridnaja-bajdarka-neris-smart-pro-standart\\\/\",\"name\":\"\u0411\u0430\u0439\u0434\u0430\u0440\u043a\u0430 \u043a\u0430\u0440\u043a\u0430\u0441\u043d\u043e-\u043d\u0430\u0434\u0443\u0432\u043d\u0430\u044f \\\"NERIS SMART Pro\\\" - \u041c\u0430\u0433\u0430\u0437\u0438\u043d Xstyle\",\"isPartOf\":{\"@id\":\"https:\\\/\\\/dev.xstyle.md\\\/#website\"},\"primaryImageOfPage\":{\"@id\":\"https:\\\/\\\/dev.xstyle.md\\\/product\\\/gibridnaja-bajdarka-neris-smart-pro-standart\\\/#primaryimage\"},\"image\":{\"@id\":\"https:\\\/\\\/dev.xstyle.md\\\/product\\\/gibridnaja-bajdarka-neris-smart-pro-standart\\\/#primaryimage\"},\"thumbnailUrl\":\"https:\\\/\\\/dev.xstyle.md\\\/wp-content\\\/uploads\\\/2020\\\/07\\\/inked1_li.jpg\",\"datePublished\":\"2020-07-17T08:40:26+00:00\",\"dateModified\":\"2026-03-19T13:35:28+00:00\",\"description\":\"\u041a\u0443\u043f\u0438\u0442\u0435 \u043a\u0430\u0440\u043a\u0430\u0441\u043d\u043e-\u043d\u0430\u0434\u0443\u0432\u043d\u0443\u044e \u0431\u0430\u0439\u0434\u0430\u0440\u043a\u0443 \\\"NERIS SMART Pro\\\". \u0418\u0434\u0435\u0430\u043b\u044c\u043d\u0430 \u0434\u043b\u044f \u044d\u043a\u0441\u043f\u0435\u0434\u0438\u0446\u0438\u0439, \u0432\u044b\u043f\u043e\u043b\u043d\u0435\u043d\u0430 \u0438\u0437 \u043f\u0440\u043e\u0447\u043d\u043e\u0433\u043e \u041f\u0412\u0425, \u0434\u043e\u043b\u0433\u043e\u0432\u0435\u0447\u043d\u0430 \u0438 \u0443\u0434\u043e\u0431\u043d\u0430 \u0434\u043b\u044f \u0438\u0441\u043f\u043e\u043b\u044c\u0437\u043e\u0432\u0430\u043d\u0438\u044f.\",\"breadcrumb\":{\"@id\":\"https:\\\/\\\/dev.xstyle.md\\\/product\\\/gibridnaja-bajdarka-neris-smart-pro-standart\\\/#breadcrumb\"},\"inLanguage\":\"ro-RO\",\"potentialAction\":[{\"@type\":\"ReadAction\",\"target\":[\"https:\\\/\\\/dev.xstyle.md\\\/product\\\/gibridnaja-bajdarka-neris-smart-pro-standart\\\/\"]}]},{\"@type\":\"ImageObject\",\"inLanguage\":\"ro-RO\",\"@id\":\"https:\\\/\\\/dev.xstyle.md\\\/product\\\/gibridnaja-bajdarka-neris-smart-pro-standart\\\/#primaryimage\",\"url\":\"https:\\\/\\\/dev.xstyle.md\\\/wp-content\\\/uploads\\\/2020\\\/07\\\/inked1_li.jpg\",\"contentUrl\":\"https:\\\/\\\/dev.xstyle.md\\\/wp-content\\\/uploads\\\/2020\\\/07\\\/inked1_li.jpg\",\"width\":887,\"height\":296},{\"@type\":\"BreadcrumbList\",\"@id\":\"https:\\\/\\\/dev.xstyle.md\\\/product\\\/gibridnaja-bajdarka-neris-smart-pro-standart\\\/#breadcrumb\",\"itemListElement\":[{\"@type\":\"ListItem\",\"position\":1,\"name\":\"\u0413\u043b\u0430\u0432\u043d\u0430\u044f \u0441\u0442\u0440\u0430\u043d\u0438\u0446\u0430\",\"item\":\"https:\\\/\\\/dev.xstyle.md\\\/\"},{\"@type\":\"ListItem\",\"position\":2,\"name\":\"Shop\",\"item\":\"https:\\\/\\\/dev.xstyle.md\\\/shop\\\/\"},{\"@type\":\"ListItem\",\"position\":3,\"name\":\"\u0411\u0430\u0439\u0434\u0430\u0440\u043a\u0430 \u043a\u0430\u0440\u043a\u0430\u0441\u043d\u043e-\u043d\u0430\u0434\u0443\u0432\u043d\u0430\u044f &#8220;NERIS SMART Pro&#8221;\"}]},{\"@type\":\"WebSite\",\"@id\":\"https:\\\/\\\/dev.xstyle.md\\\/#website\",\"url\":\"https:\\\/\\\/dev.xstyle.md\\\/\",\"name\":\"\u041c\u0430\u0433\u0430\u0437\u0438\u043d Xstyle\",\"description\":\"C\u043d\u0430\u0440\u044f\u0436\u0435\u043d\u0438\u0435 \u0434\u043b\u044f \u0442\u0443\u0440\u0438\u0437\u043c\u0430 \u0438 \u044d\u043a\u0441\u0442\u0440\u0435\u043c\u0430\u043b\u044c\u043d\u044b\u0445 \u0432\u0438\u0434\u043e\u0432 \u0441\u043f\u043e\u0440\u0442\u0430 \u0432 \u041c\u043e\u043b\u0434\u043e\u0432\u0435.. \u0426\u0435\u043d\u044b, \u0444\u043e\u0442\u043e, \u0445\u0430\u0440\u0430\u043a\u0442\u0435\u0440\u0438\u0441\u0442\u0438\u043a\u0438 \u0432 \u041c\u043e\u043b\u0434\u043e\u0432\u0435.\",\"publisher\":{\"@id\":\"https:\\\/\\\/dev.xstyle.md\\\/#organization\"},\"alternateName\":\"X-Style\",\"potentialAction\":[{\"@type\":\"SearchAction\",\"target\":{\"@type\":\"EntryPoint\",\"urlTemplate\":\"https:\\\/\\\/dev.xstyle.md\\\/?s={search_term_string}\"},\"query-input\":{\"@type\":\"PropertyValueSpecification\",\"valueRequired\":true,\"valueName\":\"search_term_string\"}}],\"inLanguage\":\"ro-RO\"},{\"@type\":\"Organization\",\"@id\":\"https:\\\/\\\/dev.xstyle.md\\\/#organization\",\"name\":\"\u041c\u0430\u0433\u0430\u0437\u0438\u043d Xstyle\",\"alternateName\":\"x-style\",\"url\":\"https:\\\/\\\/dev.xstyle.md\\\/\",\"logo\":{\"@type\":\"ImageObject\",\"inLanguage\":\"ro-RO\",\"@id\":\"https:\\\/\\\/dev.xstyle.md\\\/#\\\/schema\\\/logo\\\/image\\\/\",\"url\":\"https:\\\/\\\/dev.xstyle.md\\\/wp-content\\\/uploads\\\/2020\\\/06\\\/logoicon.svg\",\"contentUrl\":\"https:\\\/\\\/dev.xstyle.md\\\/wp-content\\\/uploads\\\/2020\\\/06\\\/logoicon.svg\",\"caption\":\"\u041c\u0430\u0433\u0430\u0437\u0438\u043d Xstyle\"},\"image\":{\"@id\":\"https:\\\/\\\/dev.xstyle.md\\\/#\\\/schema\\\/logo\\\/image\\\/\"},\"sameAs\":[\"https:\\\/\\\/www.facebook.com\\\/xstylemd\",\"https:\\\/\\\/www.instagram.com\\\/xstyle_md\\\/\",\"https:\\\/\\\/t.me\\\/xstyle_outdoor\"],\"hasMerchantReturnPolicy\":{\"@type\":\"MerchantReturnPolicy\",\"merchantReturnLink\":\"https:\\\/\\\/dev.xstyle.md\\\/ro\\\/conditions\\\/\"}}]}<\/script>\n<meta property=\"product:price:amount\" content=\"28900.00\" \/>\n<meta property=\"product:price:currency\" content=\"MDL\" \/>\n<meta property=\"og:availability\" content=\"instock\" \/>\n<meta property=\"product:availability\" content=\"instock\" \/>\n<meta property=\"product:retailer_item_id\" content=\"N0107\" \/>\n<meta property=\"product:condition\" content=\"new\" \/>\n<!-- \/ Yoast SEO plugin. -->","yoast_head_json":{"title":"\u0411\u0430\u0439\u0434\u0430\u0440\u043a\u0430 \u043a\u0430\u0440\u043a\u0430\u0441\u043d\u043e-\u043d\u0430\u0434\u0443\u0432\u043d\u0430\u044f \"NERIS SMART Pro\" - \u041c\u0430\u0433\u0430\u0437\u0438\u043d Xstyle","description":"\u041a\u0443\u043f\u0438\u0442\u0435 \u043a\u0430\u0440\u043a\u0430\u0441\u043d\u043e-\u043d\u0430\u0434\u0443\u0432\u043d\u0443\u044e \u0431\u0430\u0439\u0434\u0430\u0440\u043a\u0443 \"NERIS SMART Pro\". \u0418\u0434\u0435\u0430\u043b\u044c\u043d\u0430 \u0434\u043b\u044f \u044d\u043a\u0441\u043f\u0435\u0434\u0438\u0446\u0438\u0439, \u0432\u044b\u043f\u043e\u043b\u043d\u0435\u043d\u0430 \u0438\u0437 \u043f\u0440\u043e\u0447\u043d\u043e\u0433\u043e \u041f\u0412\u0425, \u0434\u043e\u043b\u0433\u043e\u0432\u0435\u0447\u043d\u0430 \u0438 \u0443\u0434\u043e\u0431\u043d\u0430 \u0434\u043b\u044f \u0438\u0441\u043f\u043e\u043b\u044c\u0437\u043e\u0432\u0430\u043d\u0438\u044f.","robots":{"index":"noindex","follow":"follow","max-snippet":"max-snippet:-1","max-image-preview":"max-image-preview:large","max-video-preview":"max-video-preview:-1"},"og_locale":"ro_RO","og_type":"article","og_title":"\u0411\u0430\u0439\u0434\u0430\u0440\u043a\u0430 \u043a\u0430\u0440\u043a\u0430\u0441\u043d\u043e-\u043d\u0430\u0434\u0443\u0432\u043d\u0430\u044f \"NERIS SMART Pro\" - \u041c\u0430\u0433\u0430\u0437\u0438\u043d Xstyle","og_description":"\u041a\u0443\u043f\u0438\u0442\u0435 \u043a\u0430\u0440\u043a\u0430\u0441\u043d\u043e-\u043d\u0430\u0434\u0443\u0432\u043d\u0443\u044e \u0431\u0430\u0439\u0434\u0430\u0440\u043a\u0443 \"NERIS SMART Pro\". \u0418\u0434\u0435\u0430\u043b\u044c\u043d\u0430 \u0434\u043b\u044f \u044d\u043a\u0441\u043f\u0435\u0434\u0438\u0446\u0438\u0439, \u0432\u044b\u043f\u043e\u043b\u043d\u0435\u043d\u0430 \u0438\u0437 \u043f\u0440\u043e\u0447\u043d\u043e\u0433\u043e \u041f\u0412\u0425, \u0434\u043e\u043b\u0433\u043e\u0432\u0435\u0447\u043d\u0430 \u0438 \u0443\u0434\u043e\u0431\u043d\u0430 \u0434\u043b\u044f \u0438\u0441\u043f\u043e\u043b\u044c\u0437\u043e\u0432\u0430\u043d\u0438\u044f.","og_url":"https:\/\/dev.xstyle.md\/ro\/produs\/gibridnaja-bajdarka-neris-smart-pro-standart\/","og_site_name":"\u041c\u0430\u0433\u0430\u0437\u0438\u043d Xstyle","article_publisher":"https:\/\/www.facebook.com\/xstylemd","article_modified_time":"2026-03-19T13:35:28+00:00","og_image":[{"width":887,"height":296,"url":"https:\/\/dev.xstyle.md\/wp-content\/uploads\/2020\/07\/inked1_li.jpg","type":"image\/jpeg"}],"twitter_card":"summary_large_image","twitter_misc":{"Pre\u021b":"28.900,00&nbsp;MDL","Disponibilitate":"\u00cen stoc"},"schema":{"@context":"https:\/\/schema.org","@graph":[{"@type":"WebPage","@id":"https:\/\/dev.xstyle.md\/product\/gibridnaja-bajdarka-neris-smart-pro-standart\/","url":"https:\/\/dev.xstyle.md\/product\/gibridnaja-bajdarka-neris-smart-pro-standart\/","name":"\u0411\u0430\u0439\u0434\u0430\u0440\u043a\u0430 \u043a\u0430\u0440\u043a\u0430\u0441\u043d\u043e-\u043d\u0430\u0434\u0443\u0432\u043d\u0430\u044f \"NERIS SMART Pro\" - \u041c\u0430\u0433\u0430\u0437\u0438\u043d Xstyle","isPartOf":{"@id":"https:\/\/dev.xstyle.md\/#website"},"primaryImageOfPage":{"@id":"https:\/\/dev.xstyle.md\/product\/gibridnaja-bajdarka-neris-smart-pro-standart\/#primaryimage"},"image":{"@id":"https:\/\/dev.xstyle.md\/product\/gibridnaja-bajdarka-neris-smart-pro-standart\/#primaryimage"},"thumbnailUrl":"https:\/\/dev.xstyle.md\/wp-content\/uploads\/2020\/07\/inked1_li.jpg","datePublished":"2020-07-17T08:40:26+00:00","dateModified":"2026-03-19T13:35:28+00:00","description":"\u041a\u0443\u043f\u0438\u0442\u0435 \u043a\u0430\u0440\u043a\u0430\u0441\u043d\u043e-\u043d\u0430\u0434\u0443\u0432\u043d\u0443\u044e \u0431\u0430\u0439\u0434\u0430\u0440\u043a\u0443 \"NERIS SMART Pro\". \u0418\u0434\u0435\u0430\u043b\u044c\u043d\u0430 \u0434\u043b\u044f \u044d\u043a\u0441\u043f\u0435\u0434\u0438\u0446\u0438\u0439, \u0432\u044b\u043f\u043e\u043b\u043d\u0435\u043d\u0430 \u0438\u0437 \u043f\u0440\u043e\u0447\u043d\u043e\u0433\u043e \u041f\u0412\u0425, \u0434\u043e\u043b\u0433\u043e\u0432\u0435\u0447\u043d\u0430 \u0438 \u0443\u0434\u043e\u0431\u043d\u0430 \u0434\u043b\u044f \u0438\u0441\u043f\u043e\u043b\u044c\u0437\u043e\u0432\u0430\u043d\u0438\u044f.","breadcrumb":{"@id":"https:\/\/dev.xstyle.md\/product\/gibridnaja-bajdarka-neris-smart-pro-standart\/#breadcrumb"},"inLanguage":"ro-RO","potentialAction":[{"@type":"ReadAction","target":["https:\/\/dev.xstyle.md\/product\/gibridnaja-bajdarka-neris-smart-pro-standart\/"]}]},{"@type":"ImageObject","inLanguage":"ro-RO","@id":"https:\/\/dev.xstyle.md\/product\/gibridnaja-bajdarka-neris-smart-pro-standart\/#primaryimage","url":"https:\/\/dev.xstyle.md\/wp-content\/uploads\/2020\/07\/inked1_li.jpg","contentUrl":"https:\/\/dev.xstyle.md\/wp-content\/uploads\/2020\/07\/inked1_li.jpg","width":887,"height":296},{"@type":"BreadcrumbList","@id":"https:\/\/dev.xstyle.md\/product\/gibridnaja-bajdarka-neris-smart-pro-standart\/#breadcrumb","itemListElement":[{"@type":"ListItem","position":1,"name":"\u0413\u043b\u0430\u0432\u043d\u0430\u044f \u0441\u0442\u0440\u0430\u043d\u0438\u0446\u0430","item":"https:\/\/dev.xstyle.md\/"},{"@type":"ListItem","position":2,"name":"Shop","item":"https:\/\/dev.xstyle.md\/shop\/"},{"@type":"ListItem","position":3,"name":"\u0411\u0430\u0439\u0434\u0430\u0440\u043a\u0430 \u043a\u0430\u0440\u043a\u0430\u0441\u043d\u043e-\u043d\u0430\u0434\u0443\u0432\u043d\u0430\u044f &#8220;NERIS SMART Pro&#8221;"}]},{"@type":"WebSite","@id":"https:\/\/dev.xstyle.md\/#website","url":"https:\/\/dev.xstyle.md\/","name":"Magazinul X-Style","description":"Echipamente pentru turism \u0219i sporturi extreme \u00een Moldova. Pre\u021buri, fotografii, caracteristici \u00een Moldova.","publisher":{"@id":"https:\/\/dev.xstyle.md\/#organization"},"alternateName":"X-Style","potentialAction":[{"@type":"SearchAction","target":{"@type":"EntryPoint","urlTemplate":"https:\/\/dev.xstyle.md\/?s={search_term_string}"},"query-input":{"@type":"PropertyValueSpecification","valueRequired":true,"valueName":"search_term_string"}}],"inLanguage":"ro-RO"},{"@type":"Organization","@id":"https:\/\/dev.xstyle.md\/#organization","name":"Magazinul X-Style","alternateName":"x-style","url":"https:\/\/dev.xstyle.md\/","logo":{"@type":"ImageObject","inLanguage":"ro-RO","@id":"https:\/\/dev.xstyle.md\/#\/schema\/logo\/image\/","url":"https:\/\/dev.xstyle.md\/wp-content\/uploads\/2020\/06\/logoicon.svg","contentUrl":"https:\/\/dev.xstyle.md\/wp-content\/uploads\/2020\/06\/logoicon.svg","caption":"\u041c\u0430\u0433\u0430\u0437\u0438\u043d Xstyle"},"image":{"@id":"https:\/\/dev.xstyle.md\/#\/schema\/logo\/image\/"},"sameAs":["https:\/\/www.facebook.com\/xstylemd","https:\/\/www.instagram.com\/xstyle_md\/","https:\/\/t.me\/xstyle_outdoor"],"hasMerchantReturnPolicy":{"@type":"MerchantReturnPolicy","merchantReturnLink":"https:\/\/dev.xstyle.md\/ro\/conditions\/"}}]},"product_price_amount":"28900.00","product_price_currency":"MDL","og_availability":"instock","product_availability":"instock","product_retailer_item_id":"N0107","product_condition":"new"},"post_mailing_queue_ids":[],"_links":{"self":[{"href":"https:\/\/dev.xstyle.md\/ro\/wp-json\/wp\/v2\/product\/11923","targetHints":{"allow":["GET"]}}],"collection":[{"href":"https:\/\/dev.xstyle.md\/ro\/wp-json\/wp\/v2\/product"}],"about":[{"href":"https:\/\/dev.xstyle.md\/ro\/wp-json\/wp\/v2\/types\/product"}],"replies":[{"embeddable":true,"href":"https:\/\/dev.xstyle.md\/ro\/wp-json\/wp\/v2\/comments?post=11923"}],"version-history":[{"count":0,"href":"https:\/\/dev.xstyle.md\/ro\/wp-json\/wp\/v2\/product\/11923\/revisions"}],"wp:featuredmedia":[{"embeddable":true,"href":"https:\/\/dev.xstyle.md\/ro\/wp-json\/wp\/v2\/media\/11914"}],"wp:attachment":[{"href":"https:\/\/dev.xstyle.md\/ro\/wp-json\/wp\/v2\/media?parent=11923"}],"wp:term":[{"taxonomy":"product_brand","embeddable":true,"href":"https:\/\/dev.xstyle.md\/ro\/wp-json\/wp\/v2\/product_brand?post=11923"},{"taxonomy":"product_cat","embeddable":true,"href":"https:\/\/dev.xstyle.md\/ro\/wp-json\/wp\/v2\/product_cat?post=11923"},{"taxonomy":"product_tag","embeddable":true,"href":"https:\/\/dev.xstyle.md\/ro\/wp-json\/wp\/v2\/product_tag?post=11923"}],"curies":[{"name":"wp","href":"https:\/\/api.w.org\/{rel}","templated":true}]}}