{"id":11351,"date":"2020-07-17T11:12:09","date_gmt":"2020-07-17T08:12:09","guid":{"rendered":"https:\/\/xstyle.md\/product\/trehmestnaja-gibridnaja-bajdarka-neris-smart-3"},"modified":"2024-10-02T21:31:38","modified_gmt":"2024-10-02T18:31:38","slug":"trehmestnaja-gibridnaja-bajdarka-neris-smart-3","status":"publish","type":"product","link":"https:\/\/xstyle.md\/ro\/produs\/trehmestnaja-gibridnaja-bajdarka-neris-smart-3\/","title":{"rendered":"\u0411\u0430\u0439\u0434\u0430\u0440\u043a\u0430 \u043a\u0430\u0440\u043a\u0430\u0441\u043d\u043e-\u043d\u0430\u0434\u0443\u0432\u043d\u0430\u044f &#171;NERIS SMART-3&#187;"},"content":{"rendered":"<\/p>\n<p><strong>Caiacul NERIS Smart-3<\/strong> combin\u0103 cele mai bune calit\u0103\u021bi ale caiacurilor cu carcase gonflabile. Datorit\u0103 carcasei Smart-3 este dur \u0219i rapid, al\u0103turi de caiacul-baidarc\u0103.<\/p>\n<p>Testele modelului Smart au ar\u0103tat c\u0103 &icirc;n cazul &icirc;n care unul sau doi cilindri sunt deteriora\u021bi, caiacul r\u0103m&acirc;ne &icirc;n ap\u0103 \u0219i este capabil s\u0103 se men\u021bin\u0103 bine datorit\u0103 carcasei. Baloanele gonflabile durabile garanteaz\u0103 siguran\u021ba \u0219i stabilitatea. Pute\u021bi urca &icirc;n caiac direct din ap\u0103, sprijinindu-v\u0103 pe o parte.<\/p>\n<p>Canoe gonflabil\u0103 cu carcas\u0103 Smart-3 u\u0219or \u0219i compact poate fi folosit\u0103 &icirc;n orice mediu &#8212; de la excursii de o zi la c\u0103l\u0103torii de lung\u0103 durat\u0103. Designul Smart Caiac combin\u0103 baloane gonflabile cu o baz\u0103 de carcas\u0103. Prin urmare, modelul se remarc\u0103 prin spa\u021biu, stabilitate excep\u021bional\u0103, montaj simplu \u0219i rapid.<\/p>\n<p>Dac\u0103 dori\u021bi, &icirc;n caiac se poate instala un scaun suplimentar pentru al doilea canotor.<\/p>\n<p>Designul perfect face ca caiacul s\u0103 fie u\u0219or \u0219i compact. Smart este montat \u0219i dezasamblat &icirc;n 10-15 minute deja la prima adunare, chiar \u0219i &icirc;n absen\u021ba unei experien\u021be turistice. Caiacul este transportat cu u\u0219urin\u021b\u0103 de o singur\u0103 persoan\u0103, transportat cu mijloacele de transport &icirc;n comun sau orice ma\u0219in\u0103, ambalat &icirc;ntr-un singur bagaj standard pentru c\u0103l\u0103toriile aeriene.<\/p>\n<p>Universalitatea modelului permite utilizarea acestuia &icirc;ntr-o varietate de condi\u021bii: r&acirc;uri calme sau turbulente, lacuri, zone de coast\u0103 ale m\u0103rilor \u0219i oceanelor.<\/p>\n<h3><strong>Specifica\u021bii<\/strong><\/h3>\n<ul>\n<li>Caiacul are un design simplu \u0219i fiabil, u\u0219or de asamblat, nu are elemente de plastic de scurt\u0103 durat\u0103 ale dispozitivului de fixare a cadrului;<\/li>\n<li>Caiacul are compartimente &icirc;nc\u0103rcate &icirc;n arcul \u0219i pupa;<\/li>\n<li>Scaun gonflabil confortabil reglabil pentru &icirc;n\u0103l\u021bime \u0219i sp\u0103tar;<\/li>\n<li>Caiacul este ambalat &icirc;ntr-un rucsac rezistent \u0219i u\u0219or, cu bretele reglabile \u0219i o curea de \u0219old;<\/li>\n<li>Cadrul ofer\u0103 stabilitate \u0219i calit\u0103\u021bi de vitez\u0103, garanteaz\u0103 securitate suplimentar\u0103;<\/li>\n<li>Baloanele gonflabile durabile garanteaz\u0103 siguran\u021ba \u0219i stabilitatea;<\/li>\n<li>&Icirc;nveli\u0219ul este confec\u021bionat dintr-un material din barc\u0103 rezistent la uzur\u0103 din PVC, partea inferioar\u0103 este lipit de \u0219nururi \u0219i kilson cu o banda de rulare special\u0103;<\/li>\n<li>Posibilitatea de a instala centurile de \u0219old pentru un control mai bun al caiacului pe valuri \u0219i rapide;<\/li>\n<li>M&acirc;nere convenabile pentru transport;<\/li>\n<li>Caiacul poate fi adaptat cu un scaun pentru copil;<\/li>\n<li>Velcro larg pe punte pentru instalarea sigur\u0103 a \u0219or\u021bului;<\/li>\n<li>Echipament de naviga\u021bie &bdquo;Gennaker cu catarg &icirc;n form\u0103 de A&rdquo; poate fi instalat pe un caiac;<\/li>\n<li>Suport de schimbare a direc\u021biei la pupa;<\/li>\n<li>Cablaj de siguran\u021b\u0103 pe o punte de caiac, inele pe p\u0103r\u021bile laterale pentru fixarea echipamentelor suplimentare;<\/li>\n<li>Caiacul este echipat cu o pomp\u0103 pentru picioare pentru pomparea buteliilor;<\/li>\n<li>La schimbarea scaunului, Smart se transform\u0103 &icirc;ntr-o canoe, ceea ce aduce o experien\u021b\u0103 nou\u0103 \u0219i o experien\u021b\u0103 de c\u0103l\u0103torie<\/li>\n<\/ul>\n<h3><strong>Materiale<\/strong><\/h3>\n<ul>\n<li>Teac\u0103 &#8212; material din barc\u0103 german\u0103 PVC (Mehler). Densitatea pe fund este de 900 g \/ m2, buteliile \u0219i puntea sunt de 850 g \/ m2.<\/li>\n<li>Rucsac de transport &#8212; Poliester 300D<\/li>\n<li>Cadre &#8212; \u021beav\u0103 duralumin\u0103 anodizat\u0103 D16T.<\/li>\n<li>Kilson \u0219i pini &#8212; profil ovale din aluminiu anodizat 20&#215;35 mm (DIN 6063).<\/li>\n<\/ul>\n<h3><strong>Parametri<\/strong><\/h3>\n<ul>\n<li>Lungime 5,65 m.<\/li>\n<li>L\u0103\u021bime &#8212; 0,94 m.<\/li>\n<li>Greutate &ndash; 24,8 kg.<\/li>\n<li>Dimensiunea pachetului &#8212; 100x55x26 cm<\/li>\n<li>Num\u0103rul de locuri &ndash; trei adul\u021bi sau trei adul\u021bi plus un copil.<\/li>\n<li>Sarcin\u0103 util\u0103 &#8212; 300 kg.<\/li>\n<li>Timp de asamblare &#8212; aproximativ 15 minute.<\/li>\n<\/ul>\n<h3><strong>Setul include<\/strong><\/h3>\n<ul>\n<li>Cadru<\/li>\n<li>Cochilie<\/li>\n<li>Un scaun<\/li>\n<li>Elementele de fixare pentru \u0219or\u021b<\/li>\n<li>Feronerie pentru navigatie<\/li>\n<li>Feronerie de direc\u021bie<\/li>\n<li>Rucsac<\/li>\n<li>Pomp\u0103<\/li>\n<li>Set pentru repara\u021bii<\/li>\n<\/ul>\n<p style=\"text-align: center;\"><span>_______________________<\/span><\/p>\n<p>Pute\u021bi comanda, de asemenea, echipament Smart-3 Expedition, unde caiacul este dotat suplimentar cu un \u0219or\u021b pentru trei&nbsp; cockpit, trei fuste, trei \u0219i o direc\u021bie. Posibilitatea de a instala un \u0219or\u021b \u0219i o direc\u021bie, o fust\u0103 de expedi\u021bie v\u0103 permite s\u0103 folosi\u021bi Smart &icirc;n condi\u021bii dificile &#8212; sezonul rece, ploaie, &icirc;n mare sau pe apa furtunoas\u0103.<\/p>\n<p><iframe loading=\"lazy\" src=\"https:\/\/www.youtube.com\/embed\/31ZUN81xvxM\" frameborder=\"0\" width=\"425\" height=\"350\"><\/iframe><\/p>\n<p>Asamblarea caiacelor gonflabile cu carcas\u0103<\/p>\n<p><iframe loading=\"lazy\" src=\"https:\/\/www.youtube.com\/embed\/EvpWppeAjoE\" frameborder=\"0\" width=\"425\" height=\"350\"><\/iframe><\/p>\n<p><a href=\"https:\/\/neriskayaks.com\/netcat_files\/2863_60.pdf\">Vizualizarea instruc\u0163iei de asamblare a caiacului<\/a><\/p>\n<p>Rafting cu caiacurile Neris pe Nistru<\/p>\n<p><iframe loading=\"lazy\" src=\"https:\/\/www.youtube.com\/embed\/v0FoCeMd7oE\" frameborder=\"0\" width=\"425\" height=\"350\"><\/iframe><\/p>\n<p style=\"text-align: center;\">&#8212;&#8212;&#8212;&#8212;&#8212;&#8212;&#8212;&#8212;&#8212;&#8212;&#8212;&#8212;&#8212;&#8212;&#8212;&#8212;&#8212;&#8212;&#8212;&#8212;<\/p>\n<p><strong>Legisla\u021bia Republicii Moldova oblig\u0103 &icirc;nmatricularea b\u0103rcilor mici, inclusiv a caiacelor, &icirc;n Registrul de stat al navelor al Republicii Moldova. Av&acirc;nd o &icirc;nregistrare, pute\u021bi merge cu u\u0219urin\u021b\u0103 la toate lacurile \u0219i r&acirc;urile moldovene\u0219ti, inclusiv la zonele de frontier\u0103. S\u0103 trece\u021bi controlul vamal atunci c&acirc;nd pleca\u021bi \u0219i intra\u021bi &icirc;n Moldova. Furniz\u0103m &icirc;ntregul pachet de documente necesare pentru &icirc;nregistrare, inclusiv o copie a declara\u021biei de import \u0219i a certificatului de origine al marfei.<\/strong><\/p>\n<p><\/p>","protected":false},"excerpt":{"rendered":"<p>\u0411\u0430\u0439\u0434\u0430\u0440\u043a\u0430 \u043a\u0430\u0440\u043a\u0430\u0441\u043d\u043e-\u043d\u0430\u0434\u0443\u0432\u043d\u0430\u044f &#171;NERIS SMART-3&#187;<\/p>","protected":false},"featured_media":11345,"comment_status":"open","ping_status":"closed","template":"","meta":{"_acf_changed":false,"inline_featured_image":false},"product_brand":[1288],"product_cat":[1091],"product_tag":[],"class_list":{"0":"post-11351","1":"product","2":"type-product","3":"status-publish","4":"has-post-thumbnail","6":"product_brand-neris","7":"product_cat-neris","9":"first","10":"under_request","11":"shipping-taxable","12":"product-type-simple"},"acf":[],"yoast_head":"<!-- This site is optimized with the Yoast SEO plugin v27.4 - https:\/\/yoast.com\/product\/yoast-seo-wordpress\/ -->\n<title>\u0411\u0430\u0439\u0434\u0430\u0440\u043a\u0430 \u043a\u0430\u0440\u043a\u0430\u0441\u043d\u043e-\u043d\u0430\u0434\u0443\u0432\u043d\u0430\u044f &quot;NERIS SMART-3&quot; - \u041c\u0430\u0433\u0430\u0437\u0438\u043d Xstyle<\/title>\n<meta name=\"description\" content=\"\u041f\u043e\u043a\u0443\u043f\u0430\u0439\u0442\u0435 \u0431\u0430\u0439\u0434\u0430\u0440\u043a\u0443 \u043a\u0430\u0440\u043a\u0430\u0441\u043d\u043e-\u043d\u0430\u0434\u0443\u0432\u043d\u0443\u044e &quot;NERIS SMART-3&quot;! \u0418\u0434\u0435\u0430\u043b\u044c\u043d\u0430 \u0434\u043b\u044f \u0435\u043a\u0441\u043f\u0435\u0434\u0438\u0446\u0456\u0439, \u043f\u043e\u0454\u0434\u043d\u0443\u0454 \u0432 \u0441\u043e\u0431\u0456 \u043b\u0435\u0433\u043a\u0456\u0441\u0442\u044c \u0456 \u043d\u0430\u0434\u0456\u0439\u043d\u0456\u0441\u0442\u044c. \u0414\u043e\u0441\u043b\u0456\u0434\u0436\u0443\u0439\u0442\u0435 \u043f\u0440\u0438\u0440\u043e\u0434\u0443 \u0437 \u043a\u043e\u043c\u0444\u043e\u0440\u0442\u043e\u043c!\" \/>\n<meta name=\"robots\" content=\"index, follow, max-snippet:-1, max-image-preview:large, max-video-preview:-1\" \/>\n<link rel=\"canonical\" href=\"https:\/\/xstyle.md\/ro\/produs\/trehmestnaja-gibridnaja-bajdarka-neris-smart-3\/\" \/>\n<meta property=\"og:locale\" content=\"ro_RO\" \/>\n<meta property=\"og:type\" content=\"article\" \/>\n<meta property=\"og:title\" content=\"\u0411\u0430\u0439\u0434\u0430\u0440\u043a\u0430 \u043a\u0430\u0440\u043a\u0430\u0441\u043d\u043e-\u043d\u0430\u0434\u0443\u0432\u043d\u0430\u044f &quot;NERIS SMART-3&quot; - \u041c\u0430\u0433\u0430\u0437\u0438\u043d Xstyle\" \/>\n<meta property=\"og:description\" content=\"\u041f\u043e\u043a\u0443\u043f\u0430\u0439\u0442\u0435 \u0431\u0430\u0439\u0434\u0430\u0440\u043a\u0443 \u043a\u0430\u0440\u043a\u0430\u0441\u043d\u043e-\u043d\u0430\u0434\u0443\u0432\u043d\u0443\u044e &quot;NERIS SMART-3&quot;! \u0418\u0434\u0435\u0430\u043b\u044c\u043d\u0430 \u0434\u043b\u044f \u0435\u043a\u0441\u043f\u0435\u0434\u0438\u0446\u0456\u0439, \u043f\u043e\u0454\u0434\u043d\u0443\u0454 \u0432 \u0441\u043e\u0431\u0456 \u043b\u0435\u0433\u043a\u0456\u0441\u0442\u044c \u0456 \u043d\u0430\u0434\u0456\u0439\u043d\u0456\u0441\u0442\u044c. \u0414\u043e\u0441\u043b\u0456\u0434\u0436\u0443\u0439\u0442\u0435 \u043f\u0440\u0438\u0440\u043e\u0434\u0443 \u0437 \u043a\u043e\u043c\u0444\u043e\u0440\u0442\u043e\u043c!\" \/>\n<meta property=\"og:url\" content=\"https:\/\/xstyle.md\/ro\/produs\/trehmestnaja-gibridnaja-bajdarka-neris-smart-3\/\" \/>\n<meta property=\"og:site_name\" content=\"\u041c\u0430\u0433\u0430\u0437\u0438\u043d Xstyle\" \/>\n<meta property=\"article:publisher\" content=\"https:\/\/www.facebook.com\/xstylemd\" \/>\n<meta property=\"article:modified_time\" content=\"2024-10-02T18:31:38+00:00\" \/>\n<meta property=\"og:image\" content=\"https:\/\/xstyle.md\/wp-content\/uploads\/2020\/07\/1_10_3.jpg\" \/>\n\t<meta property=\"og:image:width\" content=\"860\" \/>\n\t<meta property=\"og:image:height\" content=\"296\" \/>\n\t<meta property=\"og:image:type\" content=\"image\/jpeg\" \/>\n<meta name=\"twitter:card\" content=\"summary_large_image\" \/>\n<meta name=\"twitter:label1\" content=\"Pre\u021b\" \/>\n\t<meta name=\"twitter:data1\" content=\"28.500&nbsp;MDL\" \/>\n\t<meta name=\"twitter:label2\" content=\"Disponibilitate\" \/>\n\t<meta name=\"twitter:data2\" content=\"\u00cen stoc\" \/>\n<script type=\"application\/ld+json\" class=\"yoast-schema-graph\">{\"@context\":\"https:\\\/\\\/schema.org\",\"@graph\":[{\"@type\":\"WebPage\",\"@id\":\"https:\\\/\\\/xstyle.md\\\/product\\\/trehmestnaja-gibridnaja-bajdarka-neris-smart-3\\\/\",\"url\":\"https:\\\/\\\/xstyle.md\\\/product\\\/trehmestnaja-gibridnaja-bajdarka-neris-smart-3\\\/\",\"name\":\"\u0411\u0430\u0439\u0434\u0430\u0440\u043a\u0430 \u043a\u0430\u0440\u043a\u0430\u0441\u043d\u043e-\u043d\u0430\u0434\u0443\u0432\u043d\u0430\u044f \\\"NERIS SMART-3\\\" - \u041c\u0430\u0433\u0430\u0437\u0438\u043d Xstyle\",\"isPartOf\":{\"@id\":\"https:\\\/\\\/xstyle.md\\\/#website\"},\"primaryImageOfPage\":{\"@id\":\"https:\\\/\\\/xstyle.md\\\/product\\\/trehmestnaja-gibridnaja-bajdarka-neris-smart-3\\\/#primaryimage\"},\"image\":{\"@id\":\"https:\\\/\\\/xstyle.md\\\/product\\\/trehmestnaja-gibridnaja-bajdarka-neris-smart-3\\\/#primaryimage\"},\"thumbnailUrl\":\"https:\\\/\\\/xstyle.md\\\/wp-content\\\/uploads\\\/2020\\\/07\\\/1_10_3.jpg\",\"datePublished\":\"2020-07-17T08:12:09+00:00\",\"dateModified\":\"2024-10-02T18:31:38+00:00\",\"description\":\"\u041f\u043e\u043a\u0443\u043f\u0430\u0439\u0442\u0435 \u0431\u0430\u0439\u0434\u0430\u0440\u043a\u0443 \u043a\u0430\u0440\u043a\u0430\u0441\u043d\u043e-\u043d\u0430\u0434\u0443\u0432\u043d\u0443\u044e \\\"NERIS SMART-3\\\"! \u0418\u0434\u0435\u0430\u043b\u044c\u043d\u0430 \u0434\u043b\u044f \u0435\u043a\u0441\u043f\u0435\u0434\u0438\u0446\u0456\u0439, \u043f\u043e\u0454\u0434\u043d\u0443\u0454 \u0432 \u0441\u043e\u0431\u0456 \u043b\u0435\u0433\u043a\u0456\u0441\u0442\u044c \u0456 \u043d\u0430\u0434\u0456\u0439\u043d\u0456\u0441\u0442\u044c. \u0414\u043e\u0441\u043b\u0456\u0434\u0436\u0443\u0439\u0442\u0435 \u043f\u0440\u0438\u0440\u043e\u0434\u0443 \u0437 \u043a\u043e\u043c\u0444\u043e\u0440\u0442\u043e\u043c!\",\"breadcrumb\":{\"@id\":\"https:\\\/\\\/xstyle.md\\\/product\\\/trehmestnaja-gibridnaja-bajdarka-neris-smart-3\\\/#breadcrumb\"},\"inLanguage\":\"ro-RO\",\"potentialAction\":[{\"@type\":\"ReadAction\",\"target\":[\"https:\\\/\\\/xstyle.md\\\/product\\\/trehmestnaja-gibridnaja-bajdarka-neris-smart-3\\\/\"]}]},{\"@type\":\"ImageObject\",\"inLanguage\":\"ro-RO\",\"@id\":\"https:\\\/\\\/xstyle.md\\\/product\\\/trehmestnaja-gibridnaja-bajdarka-neris-smart-3\\\/#primaryimage\",\"url\":\"https:\\\/\\\/xstyle.md\\\/wp-content\\\/uploads\\\/2020\\\/07\\\/1_10_3.jpg\",\"contentUrl\":\"https:\\\/\\\/xstyle.md\\\/wp-content\\\/uploads\\\/2020\\\/07\\\/1_10_3.jpg\",\"width\":860,\"height\":296},{\"@type\":\"BreadcrumbList\",\"@id\":\"https:\\\/\\\/xstyle.md\\\/product\\\/trehmestnaja-gibridnaja-bajdarka-neris-smart-3\\\/#breadcrumb\",\"itemListElement\":[{\"@type\":\"ListItem\",\"position\":1,\"name\":\"\u0413\u043b\u0430\u0432\u043d\u0430\u044f \u0441\u0442\u0440\u0430\u043d\u0438\u0446\u0430\",\"item\":\"https:\\\/\\\/xstyle.md\\\/\"},{\"@type\":\"ListItem\",\"position\":2,\"name\":\"\u041c\u0430\u0433\u0430\u0437\u0438\u043d\",\"item\":\"https:\\\/\\\/xstyle.md\\\/shop\\\/\"},{\"@type\":\"ListItem\",\"position\":3,\"name\":\"\u0411\u0430\u0439\u0434\u0430\u0440\u043a\u0430 \u043a\u0430\u0440\u043a\u0430\u0441\u043d\u043e-\u043d\u0430\u0434\u0443\u0432\u043d\u0430\u044f &#8220;NERIS SMART-3&#8221;\"}]},{\"@type\":\"WebSite\",\"@id\":\"https:\\\/\\\/xstyle.md\\\/#website\",\"url\":\"https:\\\/\\\/xstyle.md\\\/\",\"name\":\"\u041c\u0430\u0433\u0430\u0437\u0438\u043d Xstyle\",\"description\":\"C\u043d\u0430\u0440\u044f\u0436\u0435\u043d\u0438\u0435 \u0434\u043b\u044f \u0442\u0443\u0440\u0438\u0437\u043c\u0430 \u0438 \u044d\u043a\u0441\u0442\u0440\u0435\u043c\u0430\u043b\u044c\u043d\u044b\u0445 \u0432\u0438\u0434\u043e\u0432 \u0441\u043f\u043e\u0440\u0442\u0430 \u0432 \u041c\u043e\u043b\u0434\u043e\u0432\u0435.. \u0426\u0435\u043d\u044b, \u0444\u043e\u0442\u043e, \u0445\u0430\u0440\u0430\u043a\u0442\u0435\u0440\u0438\u0441\u0442\u0438\u043a\u0438 \u0432 \u041c\u043e\u043b\u0434\u043e\u0432\u0435.\",\"publisher\":{\"@id\":\"https:\\\/\\\/xstyle.md\\\/#organization\"},\"alternateName\":\"X-Style\",\"potentialAction\":[{\"@type\":\"SearchAction\",\"target\":{\"@type\":\"EntryPoint\",\"urlTemplate\":\"https:\\\/\\\/xstyle.md\\\/?s={search_term_string}\"},\"query-input\":{\"@type\":\"PropertyValueSpecification\",\"valueRequired\":true,\"valueName\":\"search_term_string\"}}],\"inLanguage\":\"ro-RO\"},{\"@type\":\"Organization\",\"@id\":\"https:\\\/\\\/xstyle.md\\\/#organization\",\"name\":\"\u041c\u0430\u0433\u0430\u0437\u0438\u043d Xstyle\",\"alternateName\":\"x-style\",\"url\":\"https:\\\/\\\/xstyle.md\\\/\",\"logo\":{\"@type\":\"ImageObject\",\"inLanguage\":\"ro-RO\",\"@id\":\"https:\\\/\\\/xstyle.md\\\/#\\\/schema\\\/logo\\\/image\\\/\",\"url\":\"https:\\\/\\\/xstyle.md\\\/wp-content\\\/uploads\\\/2020\\\/06\\\/logoicon.svg\",\"contentUrl\":\"https:\\\/\\\/xstyle.md\\\/wp-content\\\/uploads\\\/2020\\\/06\\\/logoicon.svg\",\"caption\":\"\u041c\u0430\u0433\u0430\u0437\u0438\u043d Xstyle\"},\"image\":{\"@id\":\"https:\\\/\\\/xstyle.md\\\/#\\\/schema\\\/logo\\\/image\\\/\"},\"sameAs\":[\"https:\\\/\\\/www.facebook.com\\\/xstylemd\",\"https:\\\/\\\/www.instagram.com\\\/xstyle_md\\\/\",\"https:\\\/\\\/t.me\\\/xstyle_outdoor\"],\"hasMerchantReturnPolicy\":{\"@type\":\"MerchantReturnPolicy\",\"merchantReturnLink\":\"https:\\\/\\\/xstyle.md\\\/ro\\\/conditions\\\/\"}}]}<\/script>\n<meta property=\"product:price:amount\" content=\"28500.00\" \/>\n<meta property=\"product:price:currency\" content=\"MDL\" \/>\n<meta property=\"og:availability\" content=\"instock\" \/>\n<meta property=\"product:availability\" content=\"instock\" \/>\n<meta property=\"product:retailer_item_id\" content=\"N0105\" \/>\n<meta property=\"product:condition\" content=\"new\" \/>\n<!-- \/ Yoast SEO plugin. -->","yoast_head_json":{"title":"\u0411\u0430\u0439\u0434\u0430\u0440\u043a\u0430 \u043a\u0430\u0440\u043a\u0430\u0441\u043d\u043e-\u043d\u0430\u0434\u0443\u0432\u043d\u0430\u044f \"NERIS SMART-3\" - \u041c\u0430\u0433\u0430\u0437\u0438\u043d Xstyle","description":"\u041f\u043e\u043a\u0443\u043f\u0430\u0439\u0442\u0435 \u0431\u0430\u0439\u0434\u0430\u0440\u043a\u0443 \u043a\u0430\u0440\u043a\u0430\u0441\u043d\u043e-\u043d\u0430\u0434\u0443\u0432\u043d\u0443\u044e \"NERIS SMART-3\"! \u0418\u0434\u0435\u0430\u043b\u044c\u043d\u0430 \u0434\u043b\u044f \u0435\u043a\u0441\u043f\u0435\u0434\u0438\u0446\u0456\u0439, \u043f\u043e\u0454\u0434\u043d\u0443\u0454 \u0432 \u0441\u043e\u0431\u0456 \u043b\u0435\u0433\u043a\u0456\u0441\u0442\u044c \u0456 \u043d\u0430\u0434\u0456\u0439\u043d\u0456\u0441\u0442\u044c. \u0414\u043e\u0441\u043b\u0456\u0434\u0436\u0443\u0439\u0442\u0435 \u043f\u0440\u0438\u0440\u043e\u0434\u0443 \u0437 \u043a\u043e\u043c\u0444\u043e\u0440\u0442\u043e\u043c!","robots":{"index":"index","follow":"follow","max-snippet":"max-snippet:-1","max-image-preview":"max-image-preview:large","max-video-preview":"max-video-preview:-1"},"canonical":"https:\/\/xstyle.md\/ro\/produs\/trehmestnaja-gibridnaja-bajdarka-neris-smart-3\/","og_locale":"ro_RO","og_type":"article","og_title":"\u0411\u0430\u0439\u0434\u0430\u0440\u043a\u0430 \u043a\u0430\u0440\u043a\u0430\u0441\u043d\u043e-\u043d\u0430\u0434\u0443\u0432\u043d\u0430\u044f \"NERIS SMART-3\" - \u041c\u0430\u0433\u0430\u0437\u0438\u043d Xstyle","og_description":"\u041f\u043e\u043a\u0443\u043f\u0430\u0439\u0442\u0435 \u0431\u0430\u0439\u0434\u0430\u0440\u043a\u0443 \u043a\u0430\u0440\u043a\u0430\u0441\u043d\u043e-\u043d\u0430\u0434\u0443\u0432\u043d\u0443\u044e \"NERIS SMART-3\"! \u0418\u0434\u0435\u0430\u043b\u044c\u043d\u0430 \u0434\u043b\u044f \u0435\u043a\u0441\u043f\u0435\u0434\u0438\u0446\u0456\u0439, \u043f\u043e\u0454\u0434\u043d\u0443\u0454 \u0432 \u0441\u043e\u0431\u0456 \u043b\u0435\u0433\u043a\u0456\u0441\u0442\u044c \u0456 \u043d\u0430\u0434\u0456\u0439\u043d\u0456\u0441\u0442\u044c. \u0414\u043e\u0441\u043b\u0456\u0434\u0436\u0443\u0439\u0442\u0435 \u043f\u0440\u0438\u0440\u043e\u0434\u0443 \u0437 \u043a\u043e\u043c\u0444\u043e\u0440\u0442\u043e\u043c!","og_url":"https:\/\/xstyle.md\/ro\/produs\/trehmestnaja-gibridnaja-bajdarka-neris-smart-3\/","og_site_name":"\u041c\u0430\u0433\u0430\u0437\u0438\u043d Xstyle","article_publisher":"https:\/\/www.facebook.com\/xstylemd","article_modified_time":"2024-10-02T18:31:38+00:00","og_image":[{"width":860,"height":296,"url":"https:\/\/xstyle.md\/wp-content\/uploads\/2020\/07\/1_10_3.jpg","type":"image\/jpeg"}],"twitter_card":"summary_large_image","twitter_misc":{"Pre\u021b":"28.500&nbsp;MDL","Disponibilitate":"\u00cen stoc"},"schema":{"@context":"https:\/\/schema.org","@graph":[{"@type":"WebPage","@id":"https:\/\/xstyle.md\/product\/trehmestnaja-gibridnaja-bajdarka-neris-smart-3\/","url":"https:\/\/xstyle.md\/product\/trehmestnaja-gibridnaja-bajdarka-neris-smart-3\/","name":"\u0411\u0430\u0439\u0434\u0430\u0440\u043a\u0430 \u043a\u0430\u0440\u043a\u0430\u0441\u043d\u043e-\u043d\u0430\u0434\u0443\u0432\u043d\u0430\u044f \"NERIS SMART-3\" - \u041c\u0430\u0433\u0430\u0437\u0438\u043d Xstyle","isPartOf":{"@id":"https:\/\/xstyle.md\/#website"},"primaryImageOfPage":{"@id":"https:\/\/xstyle.md\/product\/trehmestnaja-gibridnaja-bajdarka-neris-smart-3\/#primaryimage"},"image":{"@id":"https:\/\/xstyle.md\/product\/trehmestnaja-gibridnaja-bajdarka-neris-smart-3\/#primaryimage"},"thumbnailUrl":"https:\/\/xstyle.md\/wp-content\/uploads\/2020\/07\/1_10_3.jpg","datePublished":"2020-07-17T08:12:09+00:00","dateModified":"2024-10-02T18:31:38+00:00","description":"\u041f\u043e\u043a\u0443\u043f\u0430\u0439\u0442\u0435 \u0431\u0430\u0439\u0434\u0430\u0440\u043a\u0443 \u043a\u0430\u0440\u043a\u0430\u0441\u043d\u043e-\u043d\u0430\u0434\u0443\u0432\u043d\u0443\u044e \"NERIS SMART-3\"! \u0418\u0434\u0435\u0430\u043b\u044c\u043d\u0430 \u0434\u043b\u044f \u0435\u043a\u0441\u043f\u0435\u0434\u0438\u0446\u0456\u0439, \u043f\u043e\u0454\u0434\u043d\u0443\u0454 \u0432 \u0441\u043e\u0431\u0456 \u043b\u0435\u0433\u043a\u0456\u0441\u0442\u044c \u0456 \u043d\u0430\u0434\u0456\u0439\u043d\u0456\u0441\u0442\u044c. \u0414\u043e\u0441\u043b\u0456\u0434\u0436\u0443\u0439\u0442\u0435 \u043f\u0440\u0438\u0440\u043e\u0434\u0443 \u0437 \u043a\u043e\u043c\u0444\u043e\u0440\u0442\u043e\u043c!","breadcrumb":{"@id":"https:\/\/xstyle.md\/product\/trehmestnaja-gibridnaja-bajdarka-neris-smart-3\/#breadcrumb"},"inLanguage":"ro-RO","potentialAction":[{"@type":"ReadAction","target":["https:\/\/xstyle.md\/product\/trehmestnaja-gibridnaja-bajdarka-neris-smart-3\/"]}]},{"@type":"ImageObject","inLanguage":"ro-RO","@id":"https:\/\/xstyle.md\/product\/trehmestnaja-gibridnaja-bajdarka-neris-smart-3\/#primaryimage","url":"https:\/\/xstyle.md\/wp-content\/uploads\/2020\/07\/1_10_3.jpg","contentUrl":"https:\/\/xstyle.md\/wp-content\/uploads\/2020\/07\/1_10_3.jpg","width":860,"height":296},{"@type":"BreadcrumbList","@id":"https:\/\/xstyle.md\/product\/trehmestnaja-gibridnaja-bajdarka-neris-smart-3\/#breadcrumb","itemListElement":[{"@type":"ListItem","position":1,"name":"\u0413\u043b\u0430\u0432\u043d\u0430\u044f \u0441\u0442\u0440\u0430\u043d\u0438\u0446\u0430","item":"https:\/\/xstyle.md\/"},{"@type":"ListItem","position":2,"name":"\u041c\u0430\u0433\u0430\u0437\u0438\u043d","item":"https:\/\/xstyle.md\/shop\/"},{"@type":"ListItem","position":3,"name":"\u0411\u0430\u0439\u0434\u0430\u0440\u043a\u0430 \u043a\u0430\u0440\u043a\u0430\u0441\u043d\u043e-\u043d\u0430\u0434\u0443\u0432\u043d\u0430\u044f &#8220;NERIS SMART-3&#8221;"}]},{"@type":"WebSite","@id":"https:\/\/xstyle.md\/#website","url":"https:\/\/xstyle.md\/","name":"Magazinul X-Style","description":"Echipamente pentru turism \u0219i sporturi extreme \u00een Moldova. Pre\u021buri, fotografii, caracteristici \u00een Moldova.","publisher":{"@id":"https:\/\/xstyle.md\/#organization"},"alternateName":"X-Style","potentialAction":[{"@type":"SearchAction","target":{"@type":"EntryPoint","urlTemplate":"https:\/\/xstyle.md\/?s={search_term_string}"},"query-input":{"@type":"PropertyValueSpecification","valueRequired":true,"valueName":"search_term_string"}}],"inLanguage":"ro-RO"},{"@type":"Organization","@id":"https:\/\/xstyle.md\/#organization","name":"Magazinul X-Style","alternateName":"x-style","url":"https:\/\/xstyle.md\/","logo":{"@type":"ImageObject","inLanguage":"ro-RO","@id":"https:\/\/xstyle.md\/#\/schema\/logo\/image\/","url":"https:\/\/xstyle.md\/wp-content\/uploads\/2020\/06\/logoicon.svg","contentUrl":"https:\/\/xstyle.md\/wp-content\/uploads\/2020\/06\/logoicon.svg","caption":"\u041c\u0430\u0433\u0430\u0437\u0438\u043d Xstyle"},"image":{"@id":"https:\/\/xstyle.md\/#\/schema\/logo\/image\/"},"sameAs":["https:\/\/www.facebook.com\/xstylemd","https:\/\/www.instagram.com\/xstyle_md\/","https:\/\/t.me\/xstyle_outdoor"],"hasMerchantReturnPolicy":{"@type":"MerchantReturnPolicy","merchantReturnLink":"https:\/\/xstyle.md\/ro\/conditions\/"}}]},"product_price_amount":"28500.00","product_price_currency":"MDL","og_availability":"instock","product_availability":"instock","product_retailer_item_id":"N0105","product_condition":"new"},"post_mailing_queue_ids":[],"_links":{"self":[{"href":"https:\/\/xstyle.md\/ro\/wp-json\/wp\/v2\/product\/11351","targetHints":{"allow":["GET"]}}],"collection":[{"href":"https:\/\/xstyle.md\/ro\/wp-json\/wp\/v2\/product"}],"about":[{"href":"https:\/\/xstyle.md\/ro\/wp-json\/wp\/v2\/types\/product"}],"replies":[{"embeddable":true,"href":"https:\/\/xstyle.md\/ro\/wp-json\/wp\/v2\/comments?post=11351"}],"wp:featuredmedia":[{"embeddable":true,"href":"https:\/\/xstyle.md\/ro\/wp-json\/wp\/v2\/media\/11345"}],"wp:attachment":[{"href":"https:\/\/xstyle.md\/ro\/wp-json\/wp\/v2\/media?parent=11351"}],"wp:term":[{"taxonomy":"product_brand","embeddable":true,"href":"https:\/\/xstyle.md\/ro\/wp-json\/wp\/v2\/product_brand?post=11351"},{"taxonomy":"product_cat","embeddable":true,"href":"https:\/\/xstyle.md\/ro\/wp-json\/wp\/v2\/product_cat?post=11351"},{"taxonomy":"product_tag","embeddable":true,"href":"https:\/\/xstyle.md\/ro\/wp-json\/wp\/v2\/product_tag?post=11351"}],"curies":[{"name":"wp","href":"https:\/\/api.w.org\/{rel}","templated":true}]}}