{"id":11279,"date":"2020-07-17T11:07:51","date_gmt":"2020-07-17T08:07:51","guid":{"rendered":"https:\/\/xstyle.md\/product\/gazovyj-ballon-primus-power-gas-230g"},"modified":"2025-06-03T22:37:33","modified_gmt":"2025-06-03T19:37:33","slug":"gazovyj-ballon-primus-power-gas-230g","status":"publish","type":"product","link":"https:\/\/xstyle.md\/ro\/produs\/gazovyj-ballon-primus-power-gas-230g\/","title":{"rendered":"Butelie cu gaz Primus Power Gas 230g"},"content":{"rendered":"<\/p>\n<p><strong>Butelie cu gaz Primus Power Gas 230g<\/strong> &#8212; pentru turism, alpinism \u0219i activit\u0103\u021bi \u00een aer liber. Cartu\u0219 de \u00eenlocuire cu 230 de grame de gaz lichefiat pentru arz\u0103toarele portabile, turistice, cu racord filetat.<\/p>\n<p>Buteliile con\u021bin un amestec de gaz universal de \u00eenalt\u0103 calitate pentru 4 sezoane. Buteliile sunt recomandate pentru cei care nu \u0219tiu dinainte exact ce condi\u021bii de temperatur\u0103 \u00eei a\u0219teapt\u0103. Amestecul este ecologic \u0219i genereaz\u0103 o cantitate mare de c\u0103ldur\u0103 \u00een timpul arderii.<\/p>\n<p>Proiectat pentru intervalul de temperatur\u0103: -15\u00b0 C &#8212; +25\u00b0 C<\/p>\n<h3>Particularit\u0103\u021bi<\/h3>\n<ul>\n<li>Greutate redus\u0103, dimensiuni compacte, ceea ce \u00eel face u\u0219or de luat cu dvs.<\/li>\n<li>Designul sigur asigur\u0103 o utilizare confortabil\u0103 \u0219i \u00eencrez\u0103toare<\/li>\n<li>Compatibil cu majoritatea arz\u0103toarelor<\/li>\n<li>Con\u021bine o cantitate de gaz echivalent\u0103 cu aproximativ 1 litru de alcool etilic, suficient\u0103 pentru a fierbe aproximativ 40 de litri de ap\u0103.<\/li>\n<\/ul>\n<h3>Caracteristici<\/h3>\n<ul>\n<li>Temperatura de utilizare (p\u00e2n\u0103 la) &#8212; 15 C\u00b0.<\/li>\n<li>Greutatea gazului &#8212; 230 g<\/li>\n<li>Greutate (plin) &#8212; 390 gr<\/li>\n<li>Dimensiuni &#8212; 108 x 85 mm<\/li>\n<li>Tip de butelie &#8212; butelie filetat\u0103 epi-gas<\/li>\n<li>Compozi\u021bia gazului &#8212; izobutan 80%, propan 20%.<\/li>\n<\/ul>\n<h3>Marca<\/h3>\n<p>Primus este o companie suedez\u0103 al c\u0103rei fondator este mecanicul F.W. Lindqvist, care a inventat primul arz\u0103tor de parafin\u0103, care nu avea fitil, iar designul sem\u0103na cu cel al unei tor\u021be, f\u0103r\u0103 funingine \u0219i murd\u0103rie la utilizare. Ini\u021bial, a fost conceput pentru a facilita g\u0103titul acas\u0103, dar, de-a lungul timpului, arz\u0103torul \u0219i-a schimbat scopul, devenind un instrument indispensabil, care face via\u021ba mai u\u0219oar\u0103 \u00een campingul amatorilor, \u00een taberele de baz\u0103 pentru alpinism \u0219i \u00een sta\u021biile mobile ale expedi\u021biilor de cercetare. Ast\u0103zi, legendara companie Primus produce o gam\u0103 larg\u0103 de produse pentru g\u0103titul \u0219i conservarea alimentelor: arz\u0103toare cu gaz \u0219i combustibil lichid, seturi de vase de buc\u0103t\u0103rie de c\u0103l\u0103torie, termosuri, wok-uri, butelii de gaz. Toate produsele sub sigla acestei companii sunt fiabile \u0219i durabile.<\/p>\n<p><\/p>","protected":false},"excerpt":{"rendered":"<p>Butelie cu gaz Primus Power Gas 230g<\/p>","protected":false},"featured_media":11278,"comment_status":"open","ping_status":"closed","template":"","meta":{"_acf_changed":false,"inline_featured_image":false},"product_brand":[1272],"product_cat":[147],"product_tag":[],"class_list":{"0":"post-11279","1":"product","2":"type-product","3":"status-publish","4":"has-post-thumbnail","6":"product_brand-primus","7":"product_cat-gas-bottles","9":"first","10":"instock","11":"shipping-taxable","12":"purchasable","13":"product-type-simple"},"acf":[],"yoast_head":"<!-- This site is optimized with the Yoast SEO plugin v27.4 - https:\/\/yoast.com\/product\/yoast-seo-wordpress\/ -->\n<title>\u0413\u0430\u0437\u043e\u0432\u044b\u0439 \u0431\u0430\u043b\u043b\u043e\u043d Primus Power Gas 230g - \u041c\u0430\u0433\u0430\u0437\u0438\u043d Xstyle<\/title>\n<meta name=\"description\" content=\"\u041a\u0430\u0440\u0442\u0440\u0438\u0434\u0436 \u0433\u0430\u0437\u043e\u0432\u044b\u0439 Primus Power Gas 230g \u2014 \u0438\u0434\u0435\u0430\u043b\u0435\u043d \u0434\u043b\u044f \u0442\u0443\u0440\u0438\u0437\u043c\u0430 \u0438 \u0430\u043a\u0442\u0438\u0432\u043d\u043e\u0433\u043e \u043e\u0442\u0434\u044b\u0445\u0430. \u041e\u0431\u0435\u0441\u043f\u0435\u0447\u0438\u0432\u0430\u0435\u0442 \u043d\u0430\u0434\u0435\u0436\u043d\u043e\u0435 \u043f\u0438\u0442\u0430\u043d\u0438\u0435 \u0434\u043b\u044f \u0432\u0430\u0448\u0438\u0445 \u043f\u043e\u0440\u0442\u0430\u0442\u0438\u0432\u043d\u044b\u0445 \u0433\u043e\u0440\u0435\u043b\u043e\u043a \u0432 \u043b\u044e\u0431\u043e\u0435 \u0432\u0440\u0435\u043c\u044f \u0433\u043e\u0434\u0430.\" \/>\n<meta name=\"robots\" content=\"index, follow, max-snippet:-1, max-image-preview:large, max-video-preview:-1\" \/>\n<link rel=\"canonical\" href=\"https:\/\/xstyle.md\/ro\/produs\/gazovyj-ballon-primus-power-gas-230g\/\" \/>\n<meta property=\"og:locale\" content=\"ro_RO\" \/>\n<meta property=\"og:type\" content=\"article\" \/>\n<meta property=\"og:title\" content=\"\u0413\u0430\u0437\u043e\u0432\u044b\u0439 \u0431\u0430\u043b\u043b\u043e\u043d Primus Power Gas 230g - \u041c\u0430\u0433\u0430\u0437\u0438\u043d Xstyle\" \/>\n<meta property=\"og:description\" content=\"\u041a\u0430\u0440\u0442\u0440\u0438\u0434\u0436 \u0433\u0430\u0437\u043e\u0432\u044b\u0439 Primus Power Gas 230g \u2014 \u0438\u0434\u0435\u0430\u043b\u0435\u043d \u0434\u043b\u044f \u0442\u0443\u0440\u0438\u0437\u043c\u0430 \u0438 \u0430\u043a\u0442\u0438\u0432\u043d\u043e\u0433\u043e \u043e\u0442\u0434\u044b\u0445\u0430. \u041e\u0431\u0435\u0441\u043f\u0435\u0447\u0438\u0432\u0430\u0435\u0442 \u043d\u0430\u0434\u0435\u0436\u043d\u043e\u0435 \u043f\u0438\u0442\u0430\u043d\u0438\u0435 \u0434\u043b\u044f \u0432\u0430\u0448\u0438\u0445 \u043f\u043e\u0440\u0442\u0430\u0442\u0438\u0432\u043d\u044b\u0445 \u0433\u043e\u0440\u0435\u043b\u043e\u043a \u0432 \u043b\u044e\u0431\u043e\u0435 \u0432\u0440\u0435\u043c\u044f \u0433\u043e\u0434\u0430.\" \/>\n<meta property=\"og:url\" content=\"https:\/\/xstyle.md\/ro\/produs\/gazovyj-ballon-primus-power-gas-230g\/\" \/>\n<meta property=\"og:site_name\" content=\"\u041c\u0430\u0433\u0430\u0437\u0438\u043d Xstyle\" \/>\n<meta property=\"article:publisher\" content=\"https:\/\/www.facebook.com\/xstylemd\" \/>\n<meta property=\"article:modified_time\" content=\"2025-06-03T19:37:33+00:00\" \/>\n<meta property=\"og:image\" content=\"https:\/\/xstyle.md\/wp-content\/uploads\/2020\/07\/primus_power_gas_230g.jpg\" \/>\n\t<meta property=\"og:image:width\" content=\"400\" \/>\n\t<meta property=\"og:image:height\" content=\"400\" \/>\n\t<meta property=\"og:image:type\" content=\"image\/jpeg\" \/>\n<meta name=\"twitter:card\" content=\"summary_large_image\" \/>\n<meta name=\"twitter:label1\" content=\"Pre\u021b\" \/>\n\t<meta name=\"twitter:data1\" content=\"140&nbsp;MDL\" \/>\n\t<meta name=\"twitter:label2\" content=\"Disponibilitate\" \/>\n\t<meta name=\"twitter:data2\" content=\"\u00cen stoc\" \/>\n<script type=\"application\/ld+json\" class=\"yoast-schema-graph\">{\"@context\":\"https:\\\/\\\/schema.org\",\"@graph\":[{\"@type\":\"WebPage\",\"@id\":\"https:\\\/\\\/xstyle.md\\\/product\\\/gazovyj-ballon-primus-power-gas-230g\\\/\",\"url\":\"https:\\\/\\\/xstyle.md\\\/product\\\/gazovyj-ballon-primus-power-gas-230g\\\/\",\"name\":\"\u0413\u0430\u0437\u043e\u0432\u044b\u0439 \u0431\u0430\u043b\u043b\u043e\u043d Primus Power Gas 230g - \u041c\u0430\u0433\u0430\u0437\u0438\u043d Xstyle\",\"isPartOf\":{\"@id\":\"https:\\\/\\\/xstyle.md\\\/#website\"},\"primaryImageOfPage\":{\"@id\":\"https:\\\/\\\/xstyle.md\\\/product\\\/gazovyj-ballon-primus-power-gas-230g\\\/#primaryimage\"},\"image\":{\"@id\":\"https:\\\/\\\/xstyle.md\\\/product\\\/gazovyj-ballon-primus-power-gas-230g\\\/#primaryimage\"},\"thumbnailUrl\":\"https:\\\/\\\/xstyle.md\\\/wp-content\\\/uploads\\\/2020\\\/07\\\/primus_power_gas_230g.jpg\",\"datePublished\":\"2020-07-17T08:07:51+00:00\",\"dateModified\":\"2025-06-03T19:37:33+00:00\",\"description\":\"\u041a\u0430\u0440\u0442\u0440\u0438\u0434\u0436 \u0433\u0430\u0437\u043e\u0432\u044b\u0439 Primus Power Gas 230g \u2014 \u0438\u0434\u0435\u0430\u043b\u0435\u043d \u0434\u043b\u044f \u0442\u0443\u0440\u0438\u0437\u043c\u0430 \u0438 \u0430\u043a\u0442\u0438\u0432\u043d\u043e\u0433\u043e \u043e\u0442\u0434\u044b\u0445\u0430. \u041e\u0431\u0435\u0441\u043f\u0435\u0447\u0438\u0432\u0430\u0435\u0442 \u043d\u0430\u0434\u0435\u0436\u043d\u043e\u0435 \u043f\u0438\u0442\u0430\u043d\u0438\u0435 \u0434\u043b\u044f \u0432\u0430\u0448\u0438\u0445 \u043f\u043e\u0440\u0442\u0430\u0442\u0438\u0432\u043d\u044b\u0445 \u0433\u043e\u0440\u0435\u043b\u043e\u043a \u0432 \u043b\u044e\u0431\u043e\u0435 \u0432\u0440\u0435\u043c\u044f \u0433\u043e\u0434\u0430.\",\"breadcrumb\":{\"@id\":\"https:\\\/\\\/xstyle.md\\\/product\\\/gazovyj-ballon-primus-power-gas-230g\\\/#breadcrumb\"},\"inLanguage\":\"ro-RO\",\"potentialAction\":[{\"@type\":\"ReadAction\",\"target\":[\"https:\\\/\\\/xstyle.md\\\/product\\\/gazovyj-ballon-primus-power-gas-230g\\\/\"]}]},{\"@type\":\"ImageObject\",\"inLanguage\":\"ro-RO\",\"@id\":\"https:\\\/\\\/xstyle.md\\\/product\\\/gazovyj-ballon-primus-power-gas-230g\\\/#primaryimage\",\"url\":\"https:\\\/\\\/xstyle.md\\\/wp-content\\\/uploads\\\/2020\\\/07\\\/primus_power_gas_230g.jpg\",\"contentUrl\":\"https:\\\/\\\/xstyle.md\\\/wp-content\\\/uploads\\\/2020\\\/07\\\/primus_power_gas_230g.jpg\",\"width\":400,\"height\":400},{\"@type\":\"BreadcrumbList\",\"@id\":\"https:\\\/\\\/xstyle.md\\\/product\\\/gazovyj-ballon-primus-power-gas-230g\\\/#breadcrumb\",\"itemListElement\":[{\"@type\":\"ListItem\",\"position\":1,\"name\":\"\u0413\u043b\u0430\u0432\u043d\u0430\u044f \u0441\u0442\u0440\u0430\u043d\u0438\u0446\u0430\",\"item\":\"https:\\\/\\\/xstyle.md\\\/\"},{\"@type\":\"ListItem\",\"position\":2,\"name\":\"\u041c\u0430\u0433\u0430\u0437\u0438\u043d\",\"item\":\"https:\\\/\\\/xstyle.md\\\/shop\\\/\"},{\"@type\":\"ListItem\",\"position\":3,\"name\":\"\u0413\u0430\u0437\u043e\u0432\u044b\u0439 \u0431\u0430\u043b\u043b\u043e\u043d Primus Power Gas 230g\"}]},{\"@type\":\"WebSite\",\"@id\":\"https:\\\/\\\/xstyle.md\\\/#website\",\"url\":\"https:\\\/\\\/xstyle.md\\\/\",\"name\":\"\u041c\u0430\u0433\u0430\u0437\u0438\u043d Xstyle\",\"description\":\"C\u043d\u0430\u0440\u044f\u0436\u0435\u043d\u0438\u0435 \u0434\u043b\u044f \u0442\u0443\u0440\u0438\u0437\u043c\u0430 \u0438 \u044d\u043a\u0441\u0442\u0440\u0435\u043c\u0430\u043b\u044c\u043d\u044b\u0445 \u0432\u0438\u0434\u043e\u0432 \u0441\u043f\u043e\u0440\u0442\u0430 \u0432 \u041c\u043e\u043b\u0434\u043e\u0432\u0435.. \u0426\u0435\u043d\u044b, \u0444\u043e\u0442\u043e, \u0445\u0430\u0440\u0430\u043a\u0442\u0435\u0440\u0438\u0441\u0442\u0438\u043a\u0438 \u0432 \u041c\u043e\u043b\u0434\u043e\u0432\u0435.\",\"publisher\":{\"@id\":\"https:\\\/\\\/xstyle.md\\\/#organization\"},\"alternateName\":\"X-Style\",\"potentialAction\":[{\"@type\":\"SearchAction\",\"target\":{\"@type\":\"EntryPoint\",\"urlTemplate\":\"https:\\\/\\\/xstyle.md\\\/?s={search_term_string}\"},\"query-input\":{\"@type\":\"PropertyValueSpecification\",\"valueRequired\":true,\"valueName\":\"search_term_string\"}}],\"inLanguage\":\"ro-RO\"},{\"@type\":\"Organization\",\"@id\":\"https:\\\/\\\/xstyle.md\\\/#organization\",\"name\":\"\u041c\u0430\u0433\u0430\u0437\u0438\u043d Xstyle\",\"alternateName\":\"x-style\",\"url\":\"https:\\\/\\\/xstyle.md\\\/\",\"logo\":{\"@type\":\"ImageObject\",\"inLanguage\":\"ro-RO\",\"@id\":\"https:\\\/\\\/xstyle.md\\\/#\\\/schema\\\/logo\\\/image\\\/\",\"url\":\"https:\\\/\\\/xstyle.md\\\/wp-content\\\/uploads\\\/2020\\\/06\\\/logoicon.svg\",\"contentUrl\":\"https:\\\/\\\/xstyle.md\\\/wp-content\\\/uploads\\\/2020\\\/06\\\/logoicon.svg\",\"caption\":\"\u041c\u0430\u0433\u0430\u0437\u0438\u043d Xstyle\"},\"image\":{\"@id\":\"https:\\\/\\\/xstyle.md\\\/#\\\/schema\\\/logo\\\/image\\\/\"},\"sameAs\":[\"https:\\\/\\\/www.facebook.com\\\/xstylemd\",\"https:\\\/\\\/www.instagram.com\\\/xstyle_md\\\/\",\"https:\\\/\\\/t.me\\\/xstyle_outdoor\"],\"hasMerchantReturnPolicy\":{\"@type\":\"MerchantReturnPolicy\",\"merchantReturnLink\":\"https:\\\/\\\/xstyle.md\\\/ro\\\/conditions\\\/\"}}]}<\/script>\n<meta property=\"product:price:amount\" content=\"140.00\" \/>\n<meta property=\"product:price:currency\" content=\"MDL\" \/>\n<meta property=\"og:availability\" content=\"instock\" \/>\n<meta property=\"product:availability\" content=\"instock\" \/>\n<meta property=\"product:retailer_item_id\" content=\"7330033900095\" \/>\n<meta property=\"product:condition\" content=\"new\" \/>\n<!-- \/ Yoast SEO plugin. -->","yoast_head_json":{"title":"Butelie cu gaz Primus Power Gas 230g - Magazin Xstyle","description":"Cartu\u0219ul cu gaz Primus Power Gas 230g este ideal pentru turism \u0219i recreere activ\u0103. Asigur\u0103 o surs\u0103 de energie fiabil\u0103 pentru arz\u0103toarele dumneavoastr\u0103 portabile \u00een orice anotimp.","robots":{"index":"index","follow":"follow","max-snippet":"max-snippet:-1","max-image-preview":"max-image-preview:large","max-video-preview":"max-video-preview:-1"},"canonical":"https:\/\/xstyle.md\/ro\/produs\/gazovyj-ballon-primus-power-gas-230g\/","og_locale":"ro_RO","og_type":"article","og_title":"\u0413\u0430\u0437\u043e\u0432\u044b\u0439 \u0431\u0430\u043b\u043b\u043e\u043d Primus Power Gas 230g - \u041c\u0430\u0433\u0430\u0437\u0438\u043d Xstyle","og_description":"\u041a\u0430\u0440\u0442\u0440\u0438\u0434\u0436 \u0433\u0430\u0437\u043e\u0432\u044b\u0439 Primus Power Gas 230g \u2014 \u0438\u0434\u0435\u0430\u043b\u0435\u043d \u0434\u043b\u044f \u0442\u0443\u0440\u0438\u0437\u043c\u0430 \u0438 \u0430\u043a\u0442\u0438\u0432\u043d\u043e\u0433\u043e \u043e\u0442\u0434\u044b\u0445\u0430. \u041e\u0431\u0435\u0441\u043f\u0435\u0447\u0438\u0432\u0430\u0435\u0442 \u043d\u0430\u0434\u0435\u0436\u043d\u043e\u0435 \u043f\u0438\u0442\u0430\u043d\u0438\u0435 \u0434\u043b\u044f \u0432\u0430\u0448\u0438\u0445 \u043f\u043e\u0440\u0442\u0430\u0442\u0438\u0432\u043d\u044b\u0445 \u0433\u043e\u0440\u0435\u043b\u043e\u043a \u0432 \u043b\u044e\u0431\u043e\u0435 \u0432\u0440\u0435\u043c\u044f \u0433\u043e\u0434\u0430.","og_url":"https:\/\/xstyle.md\/ro\/produs\/gazovyj-ballon-primus-power-gas-230g\/","og_site_name":"\u041c\u0430\u0433\u0430\u0437\u0438\u043d Xstyle","article_publisher":"https:\/\/www.facebook.com\/xstylemd","article_modified_time":"2025-06-03T19:37:33+00:00","og_image":[{"width":400,"height":400,"url":"https:\/\/xstyle.md\/wp-content\/uploads\/2020\/07\/primus_power_gas_230g.jpg","type":"image\/jpeg"}],"twitter_card":"summary_large_image","twitter_misc":{"Pre\u021b":"140&nbsp;MDL","Disponibilitate":"\u00cen stoc"},"schema":{"@context":"https:\/\/schema.org","@graph":[{"@type":"WebPage","@id":"https:\/\/xstyle.md\/product\/gazovyj-ballon-primus-power-gas-230g\/","url":"https:\/\/xstyle.md\/product\/gazovyj-ballon-primus-power-gas-230g\/","name":"Butelie cu gaz Primus Power Gas 230g - Magazin Xstyle","isPartOf":{"@id":"https:\/\/xstyle.md\/#website"},"primaryImageOfPage":{"@id":"https:\/\/xstyle.md\/product\/gazovyj-ballon-primus-power-gas-230g\/#primaryimage"},"image":{"@id":"https:\/\/xstyle.md\/product\/gazovyj-ballon-primus-power-gas-230g\/#primaryimage"},"thumbnailUrl":"https:\/\/xstyle.md\/wp-content\/uploads\/2020\/07\/primus_power_gas_230g.jpg","datePublished":"2020-07-17T08:07:51+00:00","dateModified":"2025-06-03T19:37:33+00:00","description":"Cartu\u0219ul cu gaz Primus Power Gas 230g este ideal pentru turism \u0219i recreere activ\u0103. Asigur\u0103 o surs\u0103 de energie fiabil\u0103 pentru arz\u0103toarele dumneavoastr\u0103 portabile \u00een orice anotimp.","breadcrumb":{"@id":"https:\/\/xstyle.md\/product\/gazovyj-ballon-primus-power-gas-230g\/#breadcrumb"},"inLanguage":"ro-RO","potentialAction":[{"@type":"ReadAction","target":["https:\/\/xstyle.md\/product\/gazovyj-ballon-primus-power-gas-230g\/"]}]},{"@type":"ImageObject","inLanguage":"ro-RO","@id":"https:\/\/xstyle.md\/product\/gazovyj-ballon-primus-power-gas-230g\/#primaryimage","url":"https:\/\/xstyle.md\/wp-content\/uploads\/2020\/07\/primus_power_gas_230g.jpg","contentUrl":"https:\/\/xstyle.md\/wp-content\/uploads\/2020\/07\/primus_power_gas_230g.jpg","width":400,"height":400},{"@type":"BreadcrumbList","@id":"https:\/\/xstyle.md\/product\/gazovyj-ballon-primus-power-gas-230g\/#breadcrumb","itemListElement":[{"@type":"ListItem","position":1,"name":"\u0413\u043b\u0430\u0432\u043d\u0430\u044f \u0441\u0442\u0440\u0430\u043d\u0438\u0446\u0430","item":"https:\/\/xstyle.md\/"},{"@type":"ListItem","position":2,"name":"\u041c\u0430\u0433\u0430\u0437\u0438\u043d","item":"https:\/\/xstyle.md\/shop\/"},{"@type":"ListItem","position":3,"name":"\u0413\u0430\u0437\u043e\u0432\u044b\u0439 \u0431\u0430\u043b\u043b\u043e\u043d Primus Power Gas 230g"}]},{"@type":"WebSite","@id":"https:\/\/xstyle.md\/#website","url":"https:\/\/xstyle.md\/","name":"Magazinul X-Style","description":"Echipamente pentru turism \u0219i sporturi extreme \u00een Moldova. Pre\u021buri, fotografii, caracteristici \u00een Moldova.","publisher":{"@id":"https:\/\/xstyle.md\/#organization"},"alternateName":"X-Style","potentialAction":[{"@type":"SearchAction","target":{"@type":"EntryPoint","urlTemplate":"https:\/\/xstyle.md\/?s={search_term_string}"},"query-input":{"@type":"PropertyValueSpecification","valueRequired":true,"valueName":"search_term_string"}}],"inLanguage":"ro-RO"},{"@type":"Organization","@id":"https:\/\/xstyle.md\/#organization","name":"Magazinul X-Style","alternateName":"x-style","url":"https:\/\/xstyle.md\/","logo":{"@type":"ImageObject","inLanguage":"ro-RO","@id":"https:\/\/xstyle.md\/#\/schema\/logo\/image\/","url":"https:\/\/xstyle.md\/wp-content\/uploads\/2020\/06\/logoicon.svg","contentUrl":"https:\/\/xstyle.md\/wp-content\/uploads\/2020\/06\/logoicon.svg","caption":"\u041c\u0430\u0433\u0430\u0437\u0438\u043d Xstyle"},"image":{"@id":"https:\/\/xstyle.md\/#\/schema\/logo\/image\/"},"sameAs":["https:\/\/www.facebook.com\/xstylemd","https:\/\/www.instagram.com\/xstyle_md\/","https:\/\/t.me\/xstyle_outdoor"],"hasMerchantReturnPolicy":{"@type":"MerchantReturnPolicy","merchantReturnLink":"https:\/\/xstyle.md\/ro\/conditions\/"}}]},"product_price_amount":"140.00","product_price_currency":"MDL","og_availability":"instock","product_availability":"instock","product_retailer_item_id":"7330033900095","product_condition":"new"},"post_mailing_queue_ids":[],"_links":{"self":[{"href":"https:\/\/xstyle.md\/ro\/wp-json\/wp\/v2\/product\/11279","targetHints":{"allow":["GET"]}}],"collection":[{"href":"https:\/\/xstyle.md\/ro\/wp-json\/wp\/v2\/product"}],"about":[{"href":"https:\/\/xstyle.md\/ro\/wp-json\/wp\/v2\/types\/product"}],"replies":[{"embeddable":true,"href":"https:\/\/xstyle.md\/ro\/wp-json\/wp\/v2\/comments?post=11279"}],"wp:featuredmedia":[{"embeddable":true,"href":"https:\/\/xstyle.md\/ro\/wp-json\/wp\/v2\/media\/11278"}],"wp:attachment":[{"href":"https:\/\/xstyle.md\/ro\/wp-json\/wp\/v2\/media?parent=11279"}],"wp:term":[{"taxonomy":"product_brand","embeddable":true,"href":"https:\/\/xstyle.md\/ro\/wp-json\/wp\/v2\/product_brand?post=11279"},{"taxonomy":"product_cat","embeddable":true,"href":"https:\/\/xstyle.md\/ro\/wp-json\/wp\/v2\/product_cat?post=11279"},{"taxonomy":"product_tag","embeddable":true,"href":"https:\/\/xstyle.md\/ro\/wp-json\/wp\/v2\/product_tag?post=11279"}],"curies":[{"name":"wp","href":"https:\/\/api.w.org\/{rel}","templated":true}]}}