{"id":11076,"date":"2020-07-17T10:57:52","date_gmt":"2020-07-17T07:57:52","guid":{"rendered":"https:\/\/xstyle.md\/product\/botinki-zhenskie-asolo-finder-gv-ml"},"modified":"2026-03-19T16:35:16","modified_gmt":"2026-03-19T13:35:16","slug":"botinki-zhenskie-asolo-finder-gv-ml","status":"publish","type":"product","link":"https:\/\/dev.xstyle.md\/ro\/produs\/botinki-zhenskie-asolo-finder-gv-ml\/","title":{"rendered":"Bocanci pentru femei Asolo Finder GV ML"},"content":{"rendered":"<\/p>\n<p><strong>Asolo Finder GV ML <\/strong>bocanci confortabili pentru femei, concepute pentru hicking &#8212; drume\u021bii u\u0219oare, nivelate, f\u0103r\u0103 trasee st\u00e2ncoase. Membrana GORE-TEX\u00ae integrat\u0103 ofer\u0103 o respirabilitate excelent\u0103, astfel \u00eenc\u00e2t aceste bocanci sunt op\u021biunea perfect\u0103 pentru drume\u021bii pe vreme moderata sau c\u0103ld\u0103. Sistemul multistrat al t\u0103lpii exterioare ofer\u0103 confort pentru picior \u0219i amortizare fiabil\u0103, \u00een timp ce Vibram\u00ae Megagrip ofer\u0103 o trac\u021biune bun\u0103 chiar \u0219i pe suprafe\u021be umede. V\u00e2rful cauciucat asigur\u0103 o protec\u021bie suplimentar\u0103 \u00eempotriva deterior\u0103rilor mecanice. V\u0103 vor proteja picioarele \u00een orice situa\u021bie. Rezistente la ap\u0103, pentru pasiona\u021bii de activit\u0103\u021bi \u00een aer liber. Ace\u0219ti bocanci de calitate sunt performan\u021bi \u00een orice condi\u021bii. Ei combin\u0103 rezisten\u021ba \u0219i durabilitatea.<\/p>\n<h3>Particularit\u0103\u021bi<\/h3>\n<ul>\n<li>Talpa Megagrip dens\u0103 ofer\u0103 o trac\u021biune buna cu suprafetele<\/li>\n<li>Membrana Gore-Tex asigur\u0103 respirabilitate \u0219i rezisten\u021b\u0103 la ap\u0103<\/li>\n<li>Aderen\u021b\u0103 bun\u0103 pe picior, bine ventilat\u0103<\/li>\n<li>Amortizare bun\u0103<\/li>\n<li>\u00cenchiderea cu \u0219ireturi, care \u00eencepe aproape de v\u00e2rful cizmei, ofer\u0103 cea mai bun\u0103 stabilitate posibil\u0103 a piciorului \u0219i gleznei<\/li>\n<li>V\u00e2rful cauciucat asigur\u0103 o protec\u021bie suplimentar\u0103 \u00eempotriva impactului.<\/li>\n<li>Ideal\u0103 pentru drume\u021bii pe vreme cald\u0103.<\/li>\n<\/ul>\n<h3>Caracteristici<\/h3>\n<ul>\n<li>Material superior &#8212; piele intoarsa rezistent\u0103 la ap\u0103 + Cordura<\/li>\n<li>Membrana c\u0103ptu\u0219it\u0103 &#8212; GORE-TEX\u00ae Extended Comfort<\/li>\n<li>Talp\u0103 exterioar\u0103 &#8212; Vibram\u00ae Megagrip, Duo Radiant<\/li>\n<li>Talp\u0103 anatomic\u0103 &#8212; Lite 2<\/li>\n<li>Utilizare &#8212; drume\u021bii, trekking<\/li>\n<li>Sezonul - demi-sezon<\/li>\n<li>Greutate &#8212; 546 g.<\/li>\n<\/ul>\n<h3>Tehnologie<\/h3>\n<ul>\n<li><strong>Gore-Tex\u00ae Extended Comfort<\/strong> este o membran\u0103 care ofer\u0103 protec\u021bie impermeabil\u0103 \u0219i are o respirabilitate excelent\u0103 \u00een condi\u021bii de vreme moderat\u0103 p\u00e2n\u0103 la cald\u0103 \u0219i niveluri ridicate de activitate. Excelent\u0103 atunci cand reten\u021bia de c\u0103ldur\u0103 \u00een interiorul incaltamintei trebuie s\u0103 fie redus\u0103 la minimum.<\/li>\n<li><strong>Vibram\u00ae <\/strong>&#8212; liderul mondial \u00een produc\u021bia de t\u0103lpi pentru \u00eenc\u0103l\u021b\u0103minte de alpinism \u0219i trekking. Talpa este fabricat\u0103 dintr-un cauciuc foarte rezistent \u0219i are o aderen\u021b\u0103 excelent\u0103 la suprafa\u021b\u0103. Garanteaz\u0103 o sus\u021binere a piciorului \u0219i siguranta maxim\u0103.<\/li>\n<\/ul>\n<p>\n\n<\/p>\n<h3>Marca<\/h3>\n<p>ASOLO este unul dintre principalii produc\u0103tori de incaltaminate pentru trekking, altitudine, urban \u0219i multisport. Compania italian\u0103 ASOLO exist\u0103 din 1975 \u0219i, la momentul lans\u0103rii sale, nu a fost \u00een m\u0103sur\u0103 s\u0103 dezvolte lumea industriei sportive cu un num\u0103r mare de v\u00e2nz\u0103ri inovatoare.<\/p>\n<p>ASOLO realizeaz\u0103 o gam\u0103 larg\u0103 de tehnologii \u0219i materiale de ultim\u0103 genera\u021bie, care pot fi utilizate \u00eentr-o gam\u0103 larg\u0103 de aplica\u021bii. \u00cen ASOLO cald\u0103, u\u0219oar\u0103, confortabil\u0103 \u0219i fiabil\u0103 se folose\u0219te t\u0103lpile VIBRAM. Poate fi utilizat ca dispozitiv de stabilizare pentru a preveni utilizarea unui num\u0103r mare de cobor\u00e2ri abrupte.<\/p>\n<p>Croirea excelenta si performan\u021ba sunt punctele forte ale marcii ASOLO.<\/p>\n<p>","protected":false},"excerpt":{"rendered":"<p>Bocanci pentru femei Asolo Finder GV ML<\/p>","protected":false},"featured_media":11069,"comment_status":"open","ping_status":"closed","template":"","meta":{"_acf_changed":false,"inline_featured_image":false},"product_brand":[1277],"product_cat":[143],"product_tag":[],"class_list":{"0":"post-11076","1":"product","2":"type-product","3":"status-publish","4":"has-post-thumbnail","6":"product_brand-asolo","7":"product_cat-trekking","9":"first","10":"instock","11":"shipping-taxable","12":"purchasable","13":"product-type-simple"},"acf":[],"yoast_head":"<!-- This site is optimized with the Yoast SEO plugin v27.5 - https:\/\/yoast.com\/product\/yoast-seo-wordpress\/ -->\n<title>\u0411\u043e\u0442\u0438\u043d\u043a\u0438 \u0436\u0435\u043d\u0441\u043a\u0438\u0435 Asolo Finder GV ML - \u041c\u0430\u0433\u0430\u0437\u0438\u043d Xstyle<\/title>\n<meta name=\"description\" content=\"\u041e\u0442\u043a\u0440\u043e\u0439\u0442\u0435 \u0434\u043b\u044f \u0441\u0435\u0431\u044f \u0436\u0435\u043d\u0441\u043a\u0438\u0435 \u0431\u043e\u0442\u0438\u043d\u043a\u0438 Asolo Finder GV ML \u0441 \u043c\u0435\u043c\u0431\u0440\u0430\u043d\u043e\u0439 GORETEX \u0438 \u043f\u043e\u0434\u043e\u0448\u0432\u043e\u0439 Vibram Megagrip. \u0418\u0434\u0435\u0430\u043b\u044c\u043d\u044b \u0434\u043b\u044f \u043b\u0435\u0433\u043a\u0438\u0445 \u043f\u043e\u0445\u043e\u0434\u043e\u0432 \u0438 \u043e\u0442\u043b\u0438\u0447\u043d\u043e\u0439 \u0432\u0435\u043d\u0442\u0438\u043b\u044f\u0446\u0438\u0438.\" \/>\n<meta name=\"robots\" content=\"noindex, follow, max-snippet:-1, max-image-preview:large, max-video-preview:-1\" \/>\n<meta property=\"og:locale\" content=\"ro_RO\" \/>\n<meta property=\"og:type\" content=\"article\" \/>\n<meta property=\"og:title\" content=\"\u0411\u043e\u0442\u0438\u043d\u043a\u0438 \u0436\u0435\u043d\u0441\u043a\u0438\u0435 Asolo Finder GV ML - \u041c\u0430\u0433\u0430\u0437\u0438\u043d Xstyle\" \/>\n<meta property=\"og:description\" content=\"\u041e\u0442\u043a\u0440\u043e\u0439\u0442\u0435 \u0434\u043b\u044f \u0441\u0435\u0431\u044f \u0436\u0435\u043d\u0441\u043a\u0438\u0435 \u0431\u043e\u0442\u0438\u043d\u043a\u0438 Asolo Finder GV ML \u0441 \u043c\u0435\u043c\u0431\u0440\u0430\u043d\u043e\u0439 GORETEX \u0438 \u043f\u043e\u0434\u043e\u0448\u0432\u043e\u0439 Vibram Megagrip. \u0418\u0434\u0435\u0430\u043b\u044c\u043d\u044b \u0434\u043b\u044f \u043b\u0435\u0433\u043a\u0438\u0445 \u043f\u043e\u0445\u043e\u0434\u043e\u0432 \u0438 \u043e\u0442\u043b\u0438\u0447\u043d\u043e\u0439 \u0432\u0435\u043d\u0442\u0438\u043b\u044f\u0446\u0438\u0438.\" \/>\n<meta property=\"og:url\" content=\"https:\/\/dev.xstyle.md\/ro\/produs\/botinki-zhenskie-asolo-finder-gv-ml\/\" \/>\n<meta property=\"og:site_name\" content=\"\u041c\u0430\u0433\u0430\u0437\u0438\u043d Xstyle\" \/>\n<meta property=\"article:publisher\" content=\"https:\/\/www.facebook.com\/xstylemd\" \/>\n<meta property=\"article:modified_time\" content=\"2026-03-19T13:35:16+00:00\" \/>\n<meta property=\"og:image\" content=\"https:\/\/dev.xstyle.md\/wp-content\/uploads\/2020\/07\/asolo.jpg\" \/>\n\t<meta property=\"og:image:width\" content=\"1222\" \/>\n\t<meta property=\"og:image:height\" content=\"1080\" \/>\n\t<meta property=\"og:image:type\" content=\"image\/jpeg\" \/>\n<meta name=\"twitter:card\" content=\"summary_large_image\" \/>\n<meta name=\"twitter:label1\" content=\"Pre\u021b\" \/>\n\t<meta name=\"twitter:data1\" content=\"4.350,00&nbsp;MDL\" \/>\n\t<meta name=\"twitter:label2\" content=\"Disponibilitate\" \/>\n\t<meta name=\"twitter:data2\" content=\"\u00cen stoc\" \/>\n<script type=\"application\/ld+json\" class=\"yoast-schema-graph\">{\"@context\":\"https:\\\/\\\/schema.org\",\"@graph\":[{\"@type\":\"WebPage\",\"@id\":\"https:\\\/\\\/dev.xstyle.md\\\/product\\\/botinki-zhenskie-asolo-finder-gv-ml\\\/\",\"url\":\"https:\\\/\\\/dev.xstyle.md\\\/product\\\/botinki-zhenskie-asolo-finder-gv-ml\\\/\",\"name\":\"\u0411\u043e\u0442\u0438\u043d\u043a\u0438 \u0436\u0435\u043d\u0441\u043a\u0438\u0435 Asolo Finder GV ML - \u041c\u0430\u0433\u0430\u0437\u0438\u043d Xstyle\",\"isPartOf\":{\"@id\":\"https:\\\/\\\/dev.xstyle.md\\\/#website\"},\"primaryImageOfPage\":{\"@id\":\"https:\\\/\\\/dev.xstyle.md\\\/product\\\/botinki-zhenskie-asolo-finder-gv-ml\\\/#primaryimage\"},\"image\":{\"@id\":\"https:\\\/\\\/dev.xstyle.md\\\/product\\\/botinki-zhenskie-asolo-finder-gv-ml\\\/#primaryimage\"},\"thumbnailUrl\":\"https:\\\/\\\/dev.xstyle.md\\\/wp-content\\\/uploads\\\/2020\\\/07\\\/asolo.jpg\",\"datePublished\":\"2020-07-17T07:57:52+00:00\",\"dateModified\":\"2026-03-19T13:35:16+00:00\",\"description\":\"\u041e\u0442\u043a\u0440\u043e\u0439\u0442\u0435 \u0434\u043b\u044f \u0441\u0435\u0431\u044f \u0436\u0435\u043d\u0441\u043a\u0438\u0435 \u0431\u043e\u0442\u0438\u043d\u043a\u0438 Asolo Finder GV ML \u0441 \u043c\u0435\u043c\u0431\u0440\u0430\u043d\u043e\u0439 GORETEX \u0438 \u043f\u043e\u0434\u043e\u0448\u0432\u043e\u0439 Vibram Megagrip. \u0418\u0434\u0435\u0430\u043b\u044c\u043d\u044b \u0434\u043b\u044f \u043b\u0435\u0433\u043a\u0438\u0445 \u043f\u043e\u0445\u043e\u0434\u043e\u0432 \u0438 \u043e\u0442\u043b\u0438\u0447\u043d\u043e\u0439 \u0432\u0435\u043d\u0442\u0438\u043b\u044f\u0446\u0438\u0438.\",\"breadcrumb\":{\"@id\":\"https:\\\/\\\/dev.xstyle.md\\\/product\\\/botinki-zhenskie-asolo-finder-gv-ml\\\/#breadcrumb\"},\"inLanguage\":\"ro-RO\",\"potentialAction\":[{\"@type\":\"ReadAction\",\"target\":[\"https:\\\/\\\/dev.xstyle.md\\\/product\\\/botinki-zhenskie-asolo-finder-gv-ml\\\/\"]}]},{\"@type\":\"ImageObject\",\"inLanguage\":\"ro-RO\",\"@id\":\"https:\\\/\\\/dev.xstyle.md\\\/product\\\/botinki-zhenskie-asolo-finder-gv-ml\\\/#primaryimage\",\"url\":\"https:\\\/\\\/dev.xstyle.md\\\/wp-content\\\/uploads\\\/2020\\\/07\\\/asolo.jpg\",\"contentUrl\":\"https:\\\/\\\/dev.xstyle.md\\\/wp-content\\\/uploads\\\/2020\\\/07\\\/asolo.jpg\",\"width\":1222,\"height\":1080},{\"@type\":\"BreadcrumbList\",\"@id\":\"https:\\\/\\\/dev.xstyle.md\\\/product\\\/botinki-zhenskie-asolo-finder-gv-ml\\\/#breadcrumb\",\"itemListElement\":[{\"@type\":\"ListItem\",\"position\":1,\"name\":\"\u0413\u043b\u0430\u0432\u043d\u0430\u044f \u0441\u0442\u0440\u0430\u043d\u0438\u0446\u0430\",\"item\":\"https:\\\/\\\/dev.xstyle.md\\\/\"},{\"@type\":\"ListItem\",\"position\":2,\"name\":\"Shop\",\"item\":\"https:\\\/\\\/dev.xstyle.md\\\/shop\\\/\"},{\"@type\":\"ListItem\",\"position\":3,\"name\":\"\u0411\u043e\u0442\u0438\u043d\u043a\u0438 \u0436\u0435\u043d\u0441\u043a\u0438\u0435 Asolo Finder GV ML\"}]},{\"@type\":\"WebSite\",\"@id\":\"https:\\\/\\\/dev.xstyle.md\\\/#website\",\"url\":\"https:\\\/\\\/dev.xstyle.md\\\/\",\"name\":\"\u041c\u0430\u0433\u0430\u0437\u0438\u043d Xstyle\",\"description\":\"C\u043d\u0430\u0440\u044f\u0436\u0435\u043d\u0438\u0435 \u0434\u043b\u044f \u0442\u0443\u0440\u0438\u0437\u043c\u0430 \u0438 \u044d\u043a\u0441\u0442\u0440\u0435\u043c\u0430\u043b\u044c\u043d\u044b\u0445 \u0432\u0438\u0434\u043e\u0432 \u0441\u043f\u043e\u0440\u0442\u0430 \u0432 \u041c\u043e\u043b\u0434\u043e\u0432\u0435.. \u0426\u0435\u043d\u044b, \u0444\u043e\u0442\u043e, \u0445\u0430\u0440\u0430\u043a\u0442\u0435\u0440\u0438\u0441\u0442\u0438\u043a\u0438 \u0432 \u041c\u043e\u043b\u0434\u043e\u0432\u0435.\",\"publisher\":{\"@id\":\"https:\\\/\\\/dev.xstyle.md\\\/#organization\"},\"alternateName\":\"X-Style\",\"potentialAction\":[{\"@type\":\"SearchAction\",\"target\":{\"@type\":\"EntryPoint\",\"urlTemplate\":\"https:\\\/\\\/dev.xstyle.md\\\/?s={search_term_string}\"},\"query-input\":{\"@type\":\"PropertyValueSpecification\",\"valueRequired\":true,\"valueName\":\"search_term_string\"}}],\"inLanguage\":\"ro-RO\"},{\"@type\":\"Organization\",\"@id\":\"https:\\\/\\\/dev.xstyle.md\\\/#organization\",\"name\":\"\u041c\u0430\u0433\u0430\u0437\u0438\u043d Xstyle\",\"alternateName\":\"x-style\",\"url\":\"https:\\\/\\\/dev.xstyle.md\\\/\",\"logo\":{\"@type\":\"ImageObject\",\"inLanguage\":\"ro-RO\",\"@id\":\"https:\\\/\\\/dev.xstyle.md\\\/#\\\/schema\\\/logo\\\/image\\\/\",\"url\":\"https:\\\/\\\/dev.xstyle.md\\\/wp-content\\\/uploads\\\/2020\\\/06\\\/logoicon.svg\",\"contentUrl\":\"https:\\\/\\\/dev.xstyle.md\\\/wp-content\\\/uploads\\\/2020\\\/06\\\/logoicon.svg\",\"caption\":\"\u041c\u0430\u0433\u0430\u0437\u0438\u043d Xstyle\"},\"image\":{\"@id\":\"https:\\\/\\\/dev.xstyle.md\\\/#\\\/schema\\\/logo\\\/image\\\/\"},\"sameAs\":[\"https:\\\/\\\/www.facebook.com\\\/xstylemd\",\"https:\\\/\\\/www.instagram.com\\\/xstyle_md\\\/\",\"https:\\\/\\\/t.me\\\/xstyle_outdoor\"],\"hasMerchantReturnPolicy\":{\"@type\":\"MerchantReturnPolicy\",\"merchantReturnLink\":\"https:\\\/\\\/dev.xstyle.md\\\/ro\\\/conditions\\\/\"}}]}<\/script>\n<meta property=\"product:price:amount\" content=\"4350.00\" \/>\n<meta property=\"product:price:currency\" content=\"MDL\" \/>\n<meta property=\"og:availability\" content=\"instock\" \/>\n<meta property=\"product:availability\" content=\"instock\" \/>\n<meta property=\"product:retailer_item_id\" content=\"8026948889929\" \/>\n<meta property=\"product:condition\" content=\"new\" \/>\n<!-- \/ Yoast SEO plugin. -->","yoast_head_json":{"title":"Bocanci pentru femei Asolo Finder GV ML - Magazin Xstyle","description":"Descoperi\u021bi ghetele pentru femei Asolo Finder GV ML cu membran\u0103 GORETEX \u0219i talp\u0103 Vibram Megagrip. Sunt ideale pentru drume\u021bii u\u0219oare \u0219i ofer\u0103 o ventila\u021bie excelent\u0103.","robots":{"index":"noindex","follow":"follow","max-snippet":"max-snippet:-1","max-image-preview":"max-image-preview:large","max-video-preview":"max-video-preview:-1"},"og_locale":"ro_RO","og_type":"article","og_title":"\u0411\u043e\u0442\u0438\u043d\u043a\u0438 \u0436\u0435\u043d\u0441\u043a\u0438\u0435 Asolo Finder GV ML - \u041c\u0430\u0433\u0430\u0437\u0438\u043d Xstyle","og_description":"\u041e\u0442\u043a\u0440\u043e\u0439\u0442\u0435 \u0434\u043b\u044f \u0441\u0435\u0431\u044f \u0436\u0435\u043d\u0441\u043a\u0438\u0435 \u0431\u043e\u0442\u0438\u043d\u043a\u0438 Asolo Finder GV ML \u0441 \u043c\u0435\u043c\u0431\u0440\u0430\u043d\u043e\u0439 GORETEX \u0438 \u043f\u043e\u0434\u043e\u0448\u0432\u043e\u0439 Vibram Megagrip. \u0418\u0434\u0435\u0430\u043b\u044c\u043d\u044b \u0434\u043b\u044f \u043b\u0435\u0433\u043a\u0438\u0445 \u043f\u043e\u0445\u043e\u0434\u043e\u0432 \u0438 \u043e\u0442\u043b\u0438\u0447\u043d\u043e\u0439 \u0432\u0435\u043d\u0442\u0438\u043b\u044f\u0446\u0438\u0438.","og_url":"https:\/\/dev.xstyle.md\/ro\/produs\/botinki-zhenskie-asolo-finder-gv-ml\/","og_site_name":"\u041c\u0430\u0433\u0430\u0437\u0438\u043d Xstyle","article_publisher":"https:\/\/www.facebook.com\/xstylemd","article_modified_time":"2026-03-19T13:35:16+00:00","og_image":[{"width":1222,"height":1080,"url":"https:\/\/dev.xstyle.md\/wp-content\/uploads\/2020\/07\/asolo.jpg","type":"image\/jpeg"}],"twitter_card":"summary_large_image","twitter_misc":{"Pre\u021b":"4.350,00&nbsp;MDL","Disponibilitate":"\u00cen stoc"},"schema":{"@context":"https:\/\/schema.org","@graph":[{"@type":"WebPage","@id":"https:\/\/dev.xstyle.md\/product\/botinki-zhenskie-asolo-finder-gv-ml\/","url":"https:\/\/dev.xstyle.md\/product\/botinki-zhenskie-asolo-finder-gv-ml\/","name":"Bocanci pentru femei Asolo Finder GV ML - Magazin Xstyle","isPartOf":{"@id":"https:\/\/dev.xstyle.md\/#website"},"primaryImageOfPage":{"@id":"https:\/\/dev.xstyle.md\/product\/botinki-zhenskie-asolo-finder-gv-ml\/#primaryimage"},"image":{"@id":"https:\/\/dev.xstyle.md\/product\/botinki-zhenskie-asolo-finder-gv-ml\/#primaryimage"},"thumbnailUrl":"https:\/\/dev.xstyle.md\/wp-content\/uploads\/2020\/07\/asolo.jpg","datePublished":"2020-07-17T07:57:52+00:00","dateModified":"2026-03-19T13:35:16+00:00","description":"Descoperi\u021bi ghetele pentru femei Asolo Finder GV ML cu membran\u0103 GORETEX \u0219i talp\u0103 Vibram Megagrip. Sunt ideale pentru drume\u021bii u\u0219oare \u0219i ofer\u0103 o ventila\u021bie excelent\u0103.","breadcrumb":{"@id":"https:\/\/dev.xstyle.md\/product\/botinki-zhenskie-asolo-finder-gv-ml\/#breadcrumb"},"inLanguage":"ro-RO","potentialAction":[{"@type":"ReadAction","target":["https:\/\/dev.xstyle.md\/product\/botinki-zhenskie-asolo-finder-gv-ml\/"]}]},{"@type":"ImageObject","inLanguage":"ro-RO","@id":"https:\/\/dev.xstyle.md\/product\/botinki-zhenskie-asolo-finder-gv-ml\/#primaryimage","url":"https:\/\/dev.xstyle.md\/wp-content\/uploads\/2020\/07\/asolo.jpg","contentUrl":"https:\/\/dev.xstyle.md\/wp-content\/uploads\/2020\/07\/asolo.jpg","width":1222,"height":1080},{"@type":"BreadcrumbList","@id":"https:\/\/dev.xstyle.md\/product\/botinki-zhenskie-asolo-finder-gv-ml\/#breadcrumb","itemListElement":[{"@type":"ListItem","position":1,"name":"\u0413\u043b\u0430\u0432\u043d\u0430\u044f \u0441\u0442\u0440\u0430\u043d\u0438\u0446\u0430","item":"https:\/\/dev.xstyle.md\/"},{"@type":"ListItem","position":2,"name":"Shop","item":"https:\/\/dev.xstyle.md\/shop\/"},{"@type":"ListItem","position":3,"name":"\u0411\u043e\u0442\u0438\u043d\u043a\u0438 \u0436\u0435\u043d\u0441\u043a\u0438\u0435 Asolo Finder GV ML"}]},{"@type":"WebSite","@id":"https:\/\/dev.xstyle.md\/#website","url":"https:\/\/dev.xstyle.md\/","name":"Magazinul X-Style","description":"Echipamente pentru turism \u0219i sporturi extreme \u00een Moldova. Pre\u021buri, fotografii, caracteristici \u00een Moldova.","publisher":{"@id":"https:\/\/dev.xstyle.md\/#organization"},"alternateName":"X-Style","potentialAction":[{"@type":"SearchAction","target":{"@type":"EntryPoint","urlTemplate":"https:\/\/dev.xstyle.md\/?s={search_term_string}"},"query-input":{"@type":"PropertyValueSpecification","valueRequired":true,"valueName":"search_term_string"}}],"inLanguage":"ro-RO"},{"@type":"Organization","@id":"https:\/\/dev.xstyle.md\/#organization","name":"Magazinul X-Style","alternateName":"x-style","url":"https:\/\/dev.xstyle.md\/","logo":{"@type":"ImageObject","inLanguage":"ro-RO","@id":"https:\/\/dev.xstyle.md\/#\/schema\/logo\/image\/","url":"https:\/\/dev.xstyle.md\/wp-content\/uploads\/2020\/06\/logoicon.svg","contentUrl":"https:\/\/dev.xstyle.md\/wp-content\/uploads\/2020\/06\/logoicon.svg","caption":"\u041c\u0430\u0433\u0430\u0437\u0438\u043d Xstyle"},"image":{"@id":"https:\/\/dev.xstyle.md\/#\/schema\/logo\/image\/"},"sameAs":["https:\/\/www.facebook.com\/xstylemd","https:\/\/www.instagram.com\/xstyle_md\/","https:\/\/t.me\/xstyle_outdoor"],"hasMerchantReturnPolicy":{"@type":"MerchantReturnPolicy","merchantReturnLink":"https:\/\/dev.xstyle.md\/ro\/conditions\/"}}]},"product_price_amount":"4350.00","product_price_currency":"MDL","og_availability":"instock","product_availability":"instock","product_retailer_item_id":"8026948889929","product_condition":"new"},"post_mailing_queue_ids":[],"_links":{"self":[{"href":"https:\/\/dev.xstyle.md\/ro\/wp-json\/wp\/v2\/product\/11076","targetHints":{"allow":["GET"]}}],"collection":[{"href":"https:\/\/dev.xstyle.md\/ro\/wp-json\/wp\/v2\/product"}],"about":[{"href":"https:\/\/dev.xstyle.md\/ro\/wp-json\/wp\/v2\/types\/product"}],"replies":[{"embeddable":true,"href":"https:\/\/dev.xstyle.md\/ro\/wp-json\/wp\/v2\/comments?post=11076"}],"version-history":[{"count":0,"href":"https:\/\/dev.xstyle.md\/ro\/wp-json\/wp\/v2\/product\/11076\/revisions"}],"wp:featuredmedia":[{"embeddable":true,"href":"https:\/\/dev.xstyle.md\/ro\/wp-json\/wp\/v2\/media\/11069"}],"wp:attachment":[{"href":"https:\/\/dev.xstyle.md\/ro\/wp-json\/wp\/v2\/media?parent=11076"}],"wp:term":[{"taxonomy":"product_brand","embeddable":true,"href":"https:\/\/dev.xstyle.md\/ro\/wp-json\/wp\/v2\/product_brand?post=11076"},{"taxonomy":"product_cat","embeddable":true,"href":"https:\/\/dev.xstyle.md\/ro\/wp-json\/wp\/v2\/product_cat?post=11076"},{"taxonomy":"product_tag","embeddable":true,"href":"https:\/\/dev.xstyle.md\/ro\/wp-json\/wp\/v2\/product_tag?post=11076"}],"curies":[{"name":"wp","href":"https:\/\/api.w.org\/{rel}","templated":true}]}}