{"id":11008,"date":"2020-07-17T10:53:11","date_gmt":"2020-07-17T07:53:11","guid":{"rendered":"https:\/\/xstyle.md\/product\/brjuki-detskie-ziener-arwen"},"modified":"2026-01-30T12:41:36","modified_gmt":"2026-01-30T09:41:36","slug":"ziener-arwen-jr-bleu-sea","status":"publish","type":"product","link":"https:\/\/xstyle.md\/ro\/produs\/ziener-arwen-jr-bleu-sea\/","title":{"rendered":"Pantaloni schi Ziener Arwen JR blue sea"},"content":{"rendered":"<\/p>\n<p><strong>Ziener Arwen<\/strong> \u2014 Pantaloni pentru adolescen\u021bi, calitativi \u0219i func\u021bionali, concepu\u021bi pentru sporturile de iarn\u0103.<br \/>\nAce\u0219tia sunt fabrica\u021bi dintr-un material cu membran\u0103, caracterizat prin indici ridica\u021bi de impermeabilitate \u0219i evacuare a umidit\u0103\u021bii, oferind protec\u021bie fiabil\u0103 \u0219i condi\u021bii confortabile chiar \u0219i \u00een timpul ninsorilor umede sau al ploii. Datorit\u0103 elasticit\u0103\u021bii materialului, mi\u0219c\u0103rile copilului \u00een timp ce schiaz\u0103 sau folose\u0219te snowboard-ul nu sunt restric\u021bionate. Pantalonii sunt prev\u0103zu\u021bi cu bretele elastice pentru sus\u021binere pe umeri, iar talia este reglabil\u0103 cu ajutorul benzilor cu arici (velcro). Modelul dispune de c\u00e2te dou\u0103 buzunare \u00een fa\u021b\u0103 \u0219i \u00een spate, iar fermoarele de la baza cracului sunt dotate cu o rezerv\u0103 de material, facilit\u00e2nd \u00eenc\u0103l\u021barea \u0219i desc\u0103l\u021barea cl\u0103parilor.<\/p>\n<h3>Particularit\u0103\u021bi<\/h3>\n<ul>\n<li>Membrana Aquashield\u00ae &#8212; cu cus\u0103turi termosudate, protejeaz\u0103 eficient \u00eempotriva umezelii \u0219i garanteaz\u0103 un microclimat optim.<\/li>\n<li>Indicii de impermeabilitate \u0219i respirabilitate sunt de 10.000 mm \/ 10.000 g\/m\u00b2\/24h.<\/li>\n<li>Designul cu genunchi preforma\u021bi (articula\u021bi) nu limiteaz\u0103 libertatea de mi\u0219care.<\/li>\n<li>Paraz\u0103pezi speciale pentru izolare termic\u0103 suplimentar\u0103 \u0219i protec\u021bie \u00eempotriva p\u0103trunderii z\u0103pezii.<\/li>\n<li>Talie reglabil\u0103 \u0219i bretele pentru o fixare c\u00e2t mai confortabil\u0103 pe corp.<\/li>\n<li>Inclusiv un buzunar pozi\u021bionat pe picior pentru acces rapid.<\/li>\n<\/ul>\n<h3>Caracteristici<\/h3>\n<ul>\n<li>Material &#8212; 100% poliester, 100% poliamid\u0103<\/li>\n<li>Membran\u0103 &#8212; Aquashield\u00ae<\/li>\n<li>Impermeabilitate &#8212; 10.000 mm<\/li>\n<li>Respirabilitate &#8212; 10.000 g\/m\u00b2\/24h<\/li>\n<li>Model: Copii<\/li>\n<\/ul>\n<h3>Tehnologii<\/h3>\n<p><strong>Aquashield<\/strong>\u00ae &#8212; utilizeaz\u0103 o membran\u0103 performant\u0103, care este at\u00e2t impermeabil\u0103, c\u00e2t \u0219i rezistent\u0103 la v\u00e2nt, fiind special conceput\u0103 pentru a corpul cald \u0219i uscat \u00een condi\u021bii meteo extreme. Aceasta asigur\u0103 un echilibru optim \u00eentre protec\u021bia exterioar\u0103 \u0219i respirabilitatea interioar\u0103, evacu\u00e2nd eficient umiditatea pentru un confort termic de durat\u0103 pe p\u00e2rtie.<br \/>\n<\/p>\n<h3>Marca<\/h3>\n<p>Ziener - este o marc\u0103 german\u0103 care produce m\u0103nu\u0219i \u0219i \u00eembr\u0103c\u0103minte de schi. Istoria companiei a \u00eenceput \u00een 1946 cu un atelier care producea m\u0103nu\u0219i pentru uz zilnic. Ulterior, compania a \u00eenceput s\u0103 produc\u0103 m\u0103nu\u0219i de schi de \u00eenalt\u0103 calitate, realizate manual.<\/p>\n<p>\u00cembr\u0103c\u0103mintea de schi Ziener se caracterizeaz\u0103 prin utilizarea de noi tehnologii \u0219i detalii func\u021bionale de marc\u0103. Fiecare colec\u021bie de \u00eembr\u0103c\u0103minte de schi Ziener prezint\u0103 culori moderne \u0219i o combina\u021bie neobi\u0219nuit\u0103 de \u021bes\u0103turi \u0219i imprimeuri. Tehnologia Thermoshield este folosit\u0103 pentru a p\u0103stra c\u0103ldura \u00een interiorul \u00eembr\u0103c\u0103mintei de schi. Partenerii companiei sunt: Gore-Tex, NANOtex \u0219i Primaloft.<\/p>\n<p>\u00cen prezent, brandul Ziener este unul dintre liderii pie\u021bei europene de m\u0103nu\u0219i pentru sporturile de iarn\u0103. Produsele companiei sunt prezente \u00een numeroase \u021b\u0103ri din \u00eentreaga lume.<\/p>","protected":false},"excerpt":{"rendered":"<p>Pantaloni schi Ziener Arwen JR blue sea<\/p>","protected":false},"featured_media":73147,"comment_status":"open","ping_status":"closed","template":"","meta":{"_acf_changed":false,"inline_featured_image":false},"product_brand":[1313],"product_cat":[281],"product_tag":[],"class_list":{"0":"post-11008","1":"product","2":"type-product","3":"status-publish","4":"has-post-thumbnail","6":"product_brand-ziener","7":"product_cat-kid-trousers","9":"first","10":"instock","11":"sale","12":"shipping-taxable","13":"purchasable","14":"product-type-simple"},"acf":[],"yoast_head":"<!-- This site is optimized with the Yoast SEO plugin v27.4 - https:\/\/yoast.com\/product\/yoast-seo-wordpress\/ -->\n<title>\u0411\u0440\u044e\u043a\u0438 Ziener Arwen JR blue sea - \u041c\u0430\u0433\u0430\u0437\u0438\u043d Xstyle<\/title>\n<meta name=\"description\" content=\"\u0411\u0440\u044e\u043a\u0438 Ziener Arwen JR blue sea: \u0444\u0443\u043d\u043a\u0446\u0438\u043e\u043d\u0430\u043b\u044c\u043d\u0430\u044f \u043c\u043e\u0434\u0435\u043b\u044c \u0434\u043b\u044f \u0434\u0435\u0442\u0435\u0439 \u0441 \u043c\u0435\u043c\u0431\u0440\u0430\u043d\u043e\u0439 Aquashield, \u043e\u0431\u0435\u0441\u043f\u0435\u0447\u0438\u0432\u0430\u044e\u0449\u0435\u0439 \u0437\u0430\u0449\u0438\u0442\u0443 \u043e\u0442 \u0432\u043e\u0434\u044b \u0438 \u0432\u0435\u0442\u0440\u0430. \u0418\u0434\u0435\u0430\u043b\u044c\u043d\u044b \u0434\u043b\u044f \u0430\u043a\u0442\u0438\u0432\u043d\u043e\u0433\u043e \u043e\u0442\u0434\u044b\u0445\u0430!\" \/>\n<meta name=\"robots\" content=\"index, follow, max-snippet:-1, max-image-preview:large, max-video-preview:-1\" \/>\n<link rel=\"canonical\" href=\"https:\/\/xstyle.md\/ro\/produs\/ziener-arwen-jr-bleu-sea\/\" \/>\n<meta property=\"og:locale\" content=\"ro_RO\" \/>\n<meta property=\"og:type\" content=\"article\" \/>\n<meta property=\"og:title\" content=\"\u0411\u0440\u044e\u043a\u0438 Ziener Arwen JR blue sea - \u041c\u0430\u0433\u0430\u0437\u0438\u043d Xstyle\" \/>\n<meta property=\"og:description\" content=\"\u0411\u0440\u044e\u043a\u0438 Ziener Arwen JR blue sea: \u0444\u0443\u043d\u043a\u0446\u0438\u043e\u043d\u0430\u043b\u044c\u043d\u0430\u044f \u043c\u043e\u0434\u0435\u043b\u044c \u0434\u043b\u044f \u0434\u0435\u0442\u0435\u0439 \u0441 \u043c\u0435\u043c\u0431\u0440\u0430\u043d\u043e\u0439 Aquashield, \u043e\u0431\u0435\u0441\u043f\u0435\u0447\u0438\u0432\u0430\u044e\u0449\u0435\u0439 \u0437\u0430\u0449\u0438\u0442\u0443 \u043e\u0442 \u0432\u043e\u0434\u044b \u0438 \u0432\u0435\u0442\u0440\u0430. \u0418\u0434\u0435\u0430\u043b\u044c\u043d\u044b \u0434\u043b\u044f \u0430\u043a\u0442\u0438\u0432\u043d\u043e\u0433\u043e \u043e\u0442\u0434\u044b\u0445\u0430!\" \/>\n<meta property=\"og:url\" content=\"https:\/\/xstyle.md\/ro\/produs\/ziener-arwen-jr-bleu-sea\/\" \/>\n<meta property=\"og:site_name\" content=\"\u041c\u0430\u0433\u0430\u0437\u0438\u043d Xstyle\" \/>\n<meta property=\"article:publisher\" content=\"https:\/\/www.facebook.com\/xstylemd\" \/>\n<meta property=\"article:modified_time\" content=\"2026-01-30T09:41:36+00:00\" \/>\n<meta property=\"og:image\" content=\"https:\/\/xstyle.md\/wp-content\/uploads\/2020\/07\/ziener-arwen-jr-blue-sea.jpg\" \/>\n\t<meta property=\"og:image:width\" content=\"770\" \/>\n\t<meta property=\"og:image:height\" content=\"790\" \/>\n\t<meta property=\"og:image:type\" content=\"image\/jpeg\" \/>\n<meta name=\"twitter:card\" content=\"summary_large_image\" \/>\n<meta name=\"twitter:label1\" content=\"Pre\u021b\" \/>\n\t<meta name=\"twitter:data1\" content=\"1.253&nbsp;MDL\" \/>\n\t<meta name=\"twitter:label2\" content=\"Disponibilitate\" \/>\n\t<meta name=\"twitter:data2\" content=\"\u00cen stoc\" \/>\n<script type=\"application\/ld+json\" class=\"yoast-schema-graph\">{\"@context\":\"https:\\\/\\\/schema.org\",\"@graph\":[{\"@type\":\"WebPage\",\"@id\":\"https:\\\/\\\/xstyle.md\\\/product\\\/ziener-arwen-jr-bleu-sea\\\/\",\"url\":\"https:\\\/\\\/xstyle.md\\\/product\\\/ziener-arwen-jr-bleu-sea\\\/\",\"name\":\"\u0411\u0440\u044e\u043a\u0438 Ziener Arwen JR blue sea - \u041c\u0430\u0433\u0430\u0437\u0438\u043d Xstyle\",\"isPartOf\":{\"@id\":\"https:\\\/\\\/xstyle.md\\\/#website\"},\"primaryImageOfPage\":{\"@id\":\"https:\\\/\\\/xstyle.md\\\/product\\\/ziener-arwen-jr-bleu-sea\\\/#primaryimage\"},\"image\":{\"@id\":\"https:\\\/\\\/xstyle.md\\\/product\\\/ziener-arwen-jr-bleu-sea\\\/#primaryimage\"},\"thumbnailUrl\":\"https:\\\/\\\/xstyle.md\\\/wp-content\\\/uploads\\\/2020\\\/07\\\/ziener-arwen-jr-blue-sea.jpg\",\"datePublished\":\"2020-07-17T07:53:11+00:00\",\"dateModified\":\"2026-01-30T09:41:36+00:00\",\"description\":\"\u0411\u0440\u044e\u043a\u0438 Ziener Arwen JR blue sea: \u0444\u0443\u043d\u043a\u0446\u0438\u043e\u043d\u0430\u043b\u044c\u043d\u0430\u044f \u043c\u043e\u0434\u0435\u043b\u044c \u0434\u043b\u044f \u0434\u0435\u0442\u0435\u0439 \u0441 \u043c\u0435\u043c\u0431\u0440\u0430\u043d\u043e\u0439 Aquashield, \u043e\u0431\u0435\u0441\u043f\u0435\u0447\u0438\u0432\u0430\u044e\u0449\u0435\u0439 \u0437\u0430\u0449\u0438\u0442\u0443 \u043e\u0442 \u0432\u043e\u0434\u044b \u0438 \u0432\u0435\u0442\u0440\u0430. \u0418\u0434\u0435\u0430\u043b\u044c\u043d\u044b \u0434\u043b\u044f \u0430\u043a\u0442\u0438\u0432\u043d\u043e\u0433\u043e \u043e\u0442\u0434\u044b\u0445\u0430!\",\"breadcrumb\":{\"@id\":\"https:\\\/\\\/xstyle.md\\\/product\\\/ziener-arwen-jr-bleu-sea\\\/#breadcrumb\"},\"inLanguage\":\"ro-RO\",\"potentialAction\":[{\"@type\":\"ReadAction\",\"target\":[\"https:\\\/\\\/xstyle.md\\\/product\\\/ziener-arwen-jr-bleu-sea\\\/\"]}]},{\"@type\":\"ImageObject\",\"inLanguage\":\"ro-RO\",\"@id\":\"https:\\\/\\\/xstyle.md\\\/product\\\/ziener-arwen-jr-bleu-sea\\\/#primaryimage\",\"url\":\"https:\\\/\\\/xstyle.md\\\/wp-content\\\/uploads\\\/2020\\\/07\\\/ziener-arwen-jr-blue-sea.jpg\",\"contentUrl\":\"https:\\\/\\\/xstyle.md\\\/wp-content\\\/uploads\\\/2020\\\/07\\\/ziener-arwen-jr-blue-sea.jpg\",\"width\":770,\"height\":790,\"caption\":\"\u0411\u0440\u044e\u043a\u0438 Ziener Arwen JR \u0434\u043b\u044f \u0430\u043a\u0442\u0438\u0432\u043d\u043e\u0433\u043e \u043e\u0442\u0434\u044b\u0445\u0430, \u0441\u043f\u043e\u0440\u0442\u0438\u0432\u043d\u043e\u0439 \u043e\u0434\u0435\u0436\u0434\u044b \u0438 \u043e\u0431\u0443\u0432\u0438 \u0434\u043b\u044f \u043f\u043e\u0445\u043e\u0434\u043e\u0432, \u0430\u043b\u044c\u043f\u0438\u043d\u0438\u0437\u043c\u0430 \u0438 \u043f\u0443\u0442\u0435\u0448\u0435\u0441\u0442\u0432\u0438\u0439 \u043d\u0430 \u043c\u0430\u0448\u0438\u043d\u0435 \u043f\u043e \u0442\u0435\u043c\u0435 \u0441\u043f\u043e\u0440\u0442\u0438\u0432\u043d\u043e\u0439 \u043e\u0434\u0435\u0436\u0434\u044b \u0438 \u043e\u0431\u0443\u0432\u0438 \u0434\u043b\u044f \u0430\u043a\u0442\u0438\u0432\u043d\u044b\u0445 \u043f\u0443\u0442\u0435\u0448\u0435\u0441\u0442\u0432\u0438\u0439\"},{\"@type\":\"BreadcrumbList\",\"@id\":\"https:\\\/\\\/xstyle.md\\\/product\\\/ziener-arwen-jr-bleu-sea\\\/#breadcrumb\",\"itemListElement\":[{\"@type\":\"ListItem\",\"position\":1,\"name\":\"\u0413\u043b\u0430\u0432\u043d\u0430\u044f \u0441\u0442\u0440\u0430\u043d\u0438\u0446\u0430\",\"item\":\"https:\\\/\\\/xstyle.md\\\/\"},{\"@type\":\"ListItem\",\"position\":2,\"name\":\"\u041c\u0430\u0433\u0430\u0437\u0438\u043d\",\"item\":\"https:\\\/\\\/xstyle.md\\\/shop\\\/\"},{\"@type\":\"ListItem\",\"position\":3,\"name\":\"\u0411\u0440\u044e\u043a\u0438 Ziener Arwen JR blue sea\"}]},{\"@type\":\"WebSite\",\"@id\":\"https:\\\/\\\/xstyle.md\\\/#website\",\"url\":\"https:\\\/\\\/xstyle.md\\\/\",\"name\":\"\u041c\u0430\u0433\u0430\u0437\u0438\u043d Xstyle\",\"description\":\"C\u043d\u0430\u0440\u044f\u0436\u0435\u043d\u0438\u0435 \u0434\u043b\u044f \u0442\u0443\u0440\u0438\u0437\u043c\u0430 \u0438 \u044d\u043a\u0441\u0442\u0440\u0435\u043c\u0430\u043b\u044c\u043d\u044b\u0445 \u0432\u0438\u0434\u043e\u0432 \u0441\u043f\u043e\u0440\u0442\u0430 \u0432 \u041c\u043e\u043b\u0434\u043e\u0432\u0435.. \u0426\u0435\u043d\u044b, \u0444\u043e\u0442\u043e, \u0445\u0430\u0440\u0430\u043a\u0442\u0435\u0440\u0438\u0441\u0442\u0438\u043a\u0438 \u0432 \u041c\u043e\u043b\u0434\u043e\u0432\u0435.\",\"publisher\":{\"@id\":\"https:\\\/\\\/xstyle.md\\\/#organization\"},\"alternateName\":\"X-Style\",\"potentialAction\":[{\"@type\":\"SearchAction\",\"target\":{\"@type\":\"EntryPoint\",\"urlTemplate\":\"https:\\\/\\\/xstyle.md\\\/?s={search_term_string}\"},\"query-input\":{\"@type\":\"PropertyValueSpecification\",\"valueRequired\":true,\"valueName\":\"search_term_string\"}}],\"inLanguage\":\"ro-RO\"},{\"@type\":\"Organization\",\"@id\":\"https:\\\/\\\/xstyle.md\\\/#organization\",\"name\":\"\u041c\u0430\u0433\u0430\u0437\u0438\u043d Xstyle\",\"alternateName\":\"x-style\",\"url\":\"https:\\\/\\\/xstyle.md\\\/\",\"logo\":{\"@type\":\"ImageObject\",\"inLanguage\":\"ro-RO\",\"@id\":\"https:\\\/\\\/xstyle.md\\\/#\\\/schema\\\/logo\\\/image\\\/\",\"url\":\"https:\\\/\\\/xstyle.md\\\/wp-content\\\/uploads\\\/2020\\\/06\\\/logoicon.svg\",\"contentUrl\":\"https:\\\/\\\/xstyle.md\\\/wp-content\\\/uploads\\\/2020\\\/06\\\/logoicon.svg\",\"caption\":\"\u041c\u0430\u0433\u0430\u0437\u0438\u043d Xstyle\"},\"image\":{\"@id\":\"https:\\\/\\\/xstyle.md\\\/#\\\/schema\\\/logo\\\/image\\\/\"},\"sameAs\":[\"https:\\\/\\\/www.facebook.com\\\/xstylemd\",\"https:\\\/\\\/www.instagram.com\\\/xstyle_md\\\/\",\"https:\\\/\\\/t.me\\\/xstyle_outdoor\"],\"hasMerchantReturnPolicy\":{\"@type\":\"MerchantReturnPolicy\",\"merchantReturnLink\":\"https:\\\/\\\/xstyle.md\\\/ro\\\/conditions\\\/\"}}]}<\/script>\n<meta property=\"product:price:amount\" content=\"1253.00\" \/>\n<meta property=\"product:price:currency\" content=\"MDL\" \/>\n<meta property=\"og:availability\" content=\"instock\" \/>\n<meta property=\"product:availability\" content=\"instock\" \/>\n<meta property=\"product:retailer_item_id\" content=\"4059749001539\" \/>\n<meta property=\"product:condition\" content=\"new\" \/>\n<!-- \/ Yoast SEO plugin. -->","yoast_head_json":{"title":"Pantaloni pentru copii Ziener Arwen - Magazin Xstyle","description":"Pantaloni Ziener Arwen JR blue sea: model func\u021bional pentru copii cu membran\u0103 Aquashield, care asigur\u0103 protec\u021bie \u00eempotriva apei \u0219i v\u00e2ntului. Ideali pentru activit\u0103\u021bi \u00een aer liber!","robots":{"index":"index","follow":"follow","max-snippet":"max-snippet:-1","max-image-preview":"max-image-preview:large","max-video-preview":"max-video-preview:-1"},"canonical":"https:\/\/xstyle.md\/ro\/produs\/ziener-arwen-jr-bleu-sea\/","og_locale":"ro_RO","og_type":"article","og_title":"\u0411\u0440\u044e\u043a\u0438 Ziener Arwen JR blue sea - \u041c\u0430\u0433\u0430\u0437\u0438\u043d Xstyle","og_description":"\u0411\u0440\u044e\u043a\u0438 Ziener Arwen JR blue sea: \u0444\u0443\u043d\u043a\u0446\u0438\u043e\u043d\u0430\u043b\u044c\u043d\u0430\u044f \u043c\u043e\u0434\u0435\u043b\u044c \u0434\u043b\u044f \u0434\u0435\u0442\u0435\u0439 \u0441 \u043c\u0435\u043c\u0431\u0440\u0430\u043d\u043e\u0439 Aquashield, \u043e\u0431\u0435\u0441\u043f\u0435\u0447\u0438\u0432\u0430\u044e\u0449\u0435\u0439 \u0437\u0430\u0449\u0438\u0442\u0443 \u043e\u0442 \u0432\u043e\u0434\u044b \u0438 \u0432\u0435\u0442\u0440\u0430. \u0418\u0434\u0435\u0430\u043b\u044c\u043d\u044b \u0434\u043b\u044f \u0430\u043a\u0442\u0438\u0432\u043d\u043e\u0433\u043e \u043e\u0442\u0434\u044b\u0445\u0430!","og_url":"https:\/\/xstyle.md\/ro\/produs\/ziener-arwen-jr-bleu-sea\/","og_site_name":"\u041c\u0430\u0433\u0430\u0437\u0438\u043d Xstyle","article_publisher":"https:\/\/www.facebook.com\/xstylemd","article_modified_time":"2026-01-30T09:41:36+00:00","og_image":[{"width":770,"height":790,"url":"https:\/\/xstyle.md\/wp-content\/uploads\/2020\/07\/ziener-arwen-jr-blue-sea.jpg","type":"image\/jpeg"}],"twitter_card":"summary_large_image","twitter_misc":{"Pre\u021b":"1.253&nbsp;MDL","Disponibilitate":"\u00cen stoc"},"schema":{"@context":"https:\/\/schema.org","@graph":[{"@type":"WebPage","@id":"https:\/\/xstyle.md\/product\/ziener-arwen-jr-bleu-sea\/","url":"https:\/\/xstyle.md\/product\/ziener-arwen-jr-bleu-sea\/","name":"Pantaloni pentru copii Ziener Arwen - Magazin Xstyle","isPartOf":{"@id":"https:\/\/xstyle.md\/#website"},"primaryImageOfPage":{"@id":"https:\/\/xstyle.md\/product\/ziener-arwen-jr-bleu-sea\/#primaryimage"},"image":{"@id":"https:\/\/xstyle.md\/product\/ziener-arwen-jr-bleu-sea\/#primaryimage"},"thumbnailUrl":"https:\/\/xstyle.md\/wp-content\/uploads\/2020\/07\/ziener-arwen-jr-blue-sea.jpg","datePublished":"2020-07-17T07:53:11+00:00","dateModified":"2026-01-30T09:41:36+00:00","description":"Pantaloni Ziener Arwen JR blue sea: model func\u021bional pentru copii cu membran\u0103 Aquashield, care asigur\u0103 protec\u021bie \u00eempotriva apei \u0219i v\u00e2ntului. Ideali pentru activit\u0103\u021bi \u00een aer liber!","breadcrumb":{"@id":"https:\/\/xstyle.md\/product\/ziener-arwen-jr-bleu-sea\/#breadcrumb"},"inLanguage":"ro-RO","potentialAction":[{"@type":"ReadAction","target":["https:\/\/xstyle.md\/product\/ziener-arwen-jr-bleu-sea\/"]}]},{"@type":"ImageObject","inLanguage":"ro-RO","@id":"https:\/\/xstyle.md\/product\/ziener-arwen-jr-bleu-sea\/#primaryimage","url":"https:\/\/xstyle.md\/wp-content\/uploads\/2020\/07\/ziener-arwen-jr-blue-sea.jpg","contentUrl":"https:\/\/xstyle.md\/wp-content\/uploads\/2020\/07\/ziener-arwen-jr-blue-sea.jpg","width":770,"height":790,"caption":"\u0411\u0440\u044e\u043a\u0438 Ziener Arwen JR \u0434\u043b\u044f \u0430\u043a\u0442\u0438\u0432\u043d\u043e\u0433\u043e \u043e\u0442\u0434\u044b\u0445\u0430, \u0441\u043f\u043e\u0440\u0442\u0438\u0432\u043d\u043e\u0439 \u043e\u0434\u0435\u0436\u0434\u044b \u0438 \u043e\u0431\u0443\u0432\u0438 \u0434\u043b\u044f \u043f\u043e\u0445\u043e\u0434\u043e\u0432, \u0430\u043b\u044c\u043f\u0438\u043d\u0438\u0437\u043c\u0430 \u0438 \u043f\u0443\u0442\u0435\u0448\u0435\u0441\u0442\u0432\u0438\u0439 \u043d\u0430 \u043c\u0430\u0448\u0438\u043d\u0435 \u043f\u043e \u0442\u0435\u043c\u0435 \u0441\u043f\u043e\u0440\u0442\u0438\u0432\u043d\u043e\u0439 \u043e\u0434\u0435\u0436\u0434\u044b \u0438 \u043e\u0431\u0443\u0432\u0438 \u0434\u043b\u044f \u0430\u043a\u0442\u0438\u0432\u043d\u044b\u0445 \u043f\u0443\u0442\u0435\u0448\u0435\u0441\u0442\u0432\u0438\u0439"},{"@type":"BreadcrumbList","@id":"https:\/\/xstyle.md\/product\/ziener-arwen-jr-bleu-sea\/#breadcrumb","itemListElement":[{"@type":"ListItem","position":1,"name":"\u0413\u043b\u0430\u0432\u043d\u0430\u044f \u0441\u0442\u0440\u0430\u043d\u0438\u0446\u0430","item":"https:\/\/xstyle.md\/"},{"@type":"ListItem","position":2,"name":"\u041c\u0430\u0433\u0430\u0437\u0438\u043d","item":"https:\/\/xstyle.md\/shop\/"},{"@type":"ListItem","position":3,"name":"\u0411\u0440\u044e\u043a\u0438 Ziener Arwen JR blue sea"}]},{"@type":"WebSite","@id":"https:\/\/xstyle.md\/#website","url":"https:\/\/xstyle.md\/","name":"Magazinul X-Style","description":"Echipamente pentru turism \u0219i sporturi extreme \u00een Moldova. Pre\u021buri, fotografii, caracteristici \u00een Moldova.","publisher":{"@id":"https:\/\/xstyle.md\/#organization"},"alternateName":"X-Style","potentialAction":[{"@type":"SearchAction","target":{"@type":"EntryPoint","urlTemplate":"https:\/\/xstyle.md\/?s={search_term_string}"},"query-input":{"@type":"PropertyValueSpecification","valueRequired":true,"valueName":"search_term_string"}}],"inLanguage":"ro-RO"},{"@type":"Organization","@id":"https:\/\/xstyle.md\/#organization","name":"Magazinul X-Style","alternateName":"x-style","url":"https:\/\/xstyle.md\/","logo":{"@type":"ImageObject","inLanguage":"ro-RO","@id":"https:\/\/xstyle.md\/#\/schema\/logo\/image\/","url":"https:\/\/xstyle.md\/wp-content\/uploads\/2020\/06\/logoicon.svg","contentUrl":"https:\/\/xstyle.md\/wp-content\/uploads\/2020\/06\/logoicon.svg","caption":"\u041c\u0430\u0433\u0430\u0437\u0438\u043d Xstyle"},"image":{"@id":"https:\/\/xstyle.md\/#\/schema\/logo\/image\/"},"sameAs":["https:\/\/www.facebook.com\/xstylemd","https:\/\/www.instagram.com\/xstyle_md\/","https:\/\/t.me\/xstyle_outdoor"],"hasMerchantReturnPolicy":{"@type":"MerchantReturnPolicy","merchantReturnLink":"https:\/\/xstyle.md\/ro\/conditions\/"}}]},"product_price_amount":"1253.00","product_price_currency":"MDL","og_availability":"instock","product_availability":"instock","product_retailer_item_id":"4059749001539","product_condition":"new"},"_links":{"self":[{"href":"https:\/\/xstyle.md\/ro\/wp-json\/wp\/v2\/product\/11008","targetHints":{"allow":["GET"]}}],"collection":[{"href":"https:\/\/xstyle.md\/ro\/wp-json\/wp\/v2\/product"}],"about":[{"href":"https:\/\/xstyle.md\/ro\/wp-json\/wp\/v2\/types\/product"}],"replies":[{"embeddable":true,"href":"https:\/\/xstyle.md\/ro\/wp-json\/wp\/v2\/comments?post=11008"}],"wp:featuredmedia":[{"embeddable":true,"href":"https:\/\/xstyle.md\/ro\/wp-json\/wp\/v2\/media\/73147"}],"wp:attachment":[{"href":"https:\/\/xstyle.md\/ro\/wp-json\/wp\/v2\/media?parent=11008"}],"wp:term":[{"taxonomy":"product_brand","embeddable":true,"href":"https:\/\/xstyle.md\/ro\/wp-json\/wp\/v2\/product_brand?post=11008"},{"taxonomy":"product_cat","embeddable":true,"href":"https:\/\/xstyle.md\/ro\/wp-json\/wp\/v2\/product_cat?post=11008"},{"taxonomy":"product_tag","embeddable":true,"href":"https:\/\/xstyle.md\/ro\/wp-json\/wp\/v2\/product_tag?post=11008"}],"curies":[{"name":"wp","href":"https:\/\/api.w.org\/{rel}","templated":true}]}}