{"id":10811,"date":"2020-07-17T10:43:04","date_gmt":"2020-07-17T07:43:04","guid":{"rendered":"https:\/\/xstyle.md\/product\/zhumar-fa-ropewalker"},"modified":"2025-03-01T15:56:34","modified_gmt":"2025-03-01T12:56:34","slug":"zhumar-fa-ropewalker","status":"publish","type":"product","link":"https:\/\/xstyle.md\/ro\/produs\/zhumar-fa-ropewalker\/","title":{"rendered":"Blocator FA Ropewalker"},"content":{"rendered":"<\/p>\n<p>Blocator <strong>FA Ropewalker<\/strong> ofer\u0103 confort, eficien\u021b\u0103 \u0219i u\u0219urin\u021b\u0103 de utilizare cu fr\u00e2nghii de 8-13 mm. Corpul este fabricat din aluminiu pentru greutate redus\u0103, rezisten\u021b\u0103 \u0219i durabilitate. Exist\u0103 numeroase puncte de fixare pentru diferite moduri de utilizare: ata\u0219area de autoprotectoare, pedale, organizarea sistemelor de c\u0103\u021b\u0103rare. Jinarul are un strat special colorat pentru a oferi protec\u021bie \u00eempotriva coroziunii \u0219i o identificare rapid\u0103.<\/p>\n<h3>Particularit\u0103\u021bi<\/h3>\n<ul>\n<li>M\u00e2nerul cauciucat cu form\u0103 ergonomic\u0103 \u00eempiedic\u0103 alunecarea m\u00e2inii pe jumar atunci c\u00e2nd v\u0103 sprijini\u021bi pe el<\/li>\n<li>Cam\u0103 din o\u021bel cu din\u021bi \u00eenclina\u021bi \u0219i o fant\u0103 pentru \u00eendep\u0103rtarea murd\u0103riei \u0219i a apei &#8212; datorit\u0103 acestui lucru, jumar se \u021bine cu \u00eencredere pe fr\u00e2nghia umed\u0103 sau murdar\u0103.<\/li>\n<li>Corp din aluminiu, u\u0219or, rezistent \u0219i durabil<\/li>\n<li>Numeroase puncte de prindere pentru diverse utiliz\u0103ri (ata\u0219area de autoprotectoare, pedale, organizarea sistemelor de c\u0103\u021b\u0103rare etc.).<\/li>\n<li>Corpul este acoperit \u00een culori: protec\u021bie \u00eempotriva coroziunii<\/li>\n<\/ul>\n<h3>Caracteristici<\/h3>\n<ul>\n<li>Greutate &#8212; 190 g<\/li>\n<li>Sarcina maxim\u0103 &#8212; 4 kN<\/li>\n<li>Standard &#8212; EN 567<\/li>\n<\/ul>\n<p><\/p>","protected":false},"excerpt":{"rendered":"<p>Blocator FA Ropewalker<\/p>","protected":false},"featured_media":10809,"comment_status":"open","ping_status":"closed","template":"","meta":{"_acf_changed":false,"inline_featured_image":false},"product_brand":[1349],"product_cat":[100,101],"product_tag":[],"class_list":{"0":"post-10811","1":"product","2":"type-product","3":"status-publish","4":"has-post-thumbnail","6":"product_brand-first-ascent","7":"product_cat-clips","8":"product_cat-clamps","10":"first","11":"instock","12":"shipping-taxable","13":"purchasable","14":"product-type-simple"},"acf":[],"yoast_head":"<!-- This site is optimized with the Yoast SEO plugin v27.4 - https:\/\/yoast.com\/product\/yoast-seo-wordpress\/ -->\n<title>\u0416\u0443\u043c\u0430\u0440 FA Ropewalker - \u041c\u0430\u0433\u0430\u0437\u0438\u043d Xstyle<\/title>\n<meta name=\"description\" content=\"\u0416\u0443\u043c\u0430\u0440 FA Ropewalker 813 \u2014 \u043b\u0435\u0433\u043a\u0438\u0439 \u0438 \u043f\u0440\u043e\u0447\u043d\u044b\u0439, \u0438\u0437 \u0430\u043b\u044e\u043c\u0438\u043d\u0438\u044f, \u0441 \u043c\u043d\u043e\u0436\u0435\u0441\u0442\u0432\u043e\u043c \u0442\u043e\u0447\u0435\u043a \u043a\u0440\u0435\u043f\u043b\u0435\u043d\u0438\u044f. \u0418\u0434\u0435\u0430\u043b\u0435\u043d \u0434\u043b\u044f \u043a\u043e\u043c\u0444\u043e\u0440\u0442\u043d\u043e\u0433\u043e \u0438 \u044d\u0444\u0444\u0435\u043a\u0442\u0438\u0432\u043d\u043e\u0433\u043e \u0432\u043e\u0441\u0445\u043e\u0436\u0434\u0435\u043d\u0438\u044f.\" \/>\n<meta name=\"robots\" content=\"index, follow, max-snippet:-1, max-image-preview:large, max-video-preview:-1\" \/>\n<link rel=\"canonical\" href=\"https:\/\/xstyle.md\/ro\/produs\/zhumar-fa-ropewalker\/\" \/>\n<meta property=\"og:locale\" content=\"ro_RO\" \/>\n<meta property=\"og:type\" content=\"article\" \/>\n<meta property=\"og:title\" content=\"\u0416\u0443\u043c\u0430\u0440 FA Ropewalker - \u041c\u0430\u0433\u0430\u0437\u0438\u043d Xstyle\" \/>\n<meta property=\"og:description\" content=\"\u0416\u0443\u043c\u0430\u0440 FA Ropewalker 813 \u2014 \u043b\u0435\u0433\u043a\u0438\u0439 \u0438 \u043f\u0440\u043e\u0447\u043d\u044b\u0439, \u0438\u0437 \u0430\u043b\u044e\u043c\u0438\u043d\u0438\u044f, \u0441 \u043c\u043d\u043e\u0436\u0435\u0441\u0442\u0432\u043e\u043c \u0442\u043e\u0447\u0435\u043a \u043a\u0440\u0435\u043f\u043b\u0435\u043d\u0438\u044f. \u0418\u0434\u0435\u0430\u043b\u0435\u043d \u0434\u043b\u044f \u043a\u043e\u043c\u0444\u043e\u0440\u0442\u043d\u043e\u0433\u043e \u0438 \u044d\u0444\u0444\u0435\u043a\u0442\u0438\u0432\u043d\u043e\u0433\u043e \u0432\u043e\u0441\u0445\u043e\u0436\u0434\u0435\u043d\u0438\u044f.\" \/>\n<meta property=\"og:url\" content=\"https:\/\/xstyle.md\/ro\/produs\/zhumar-fa-ropewalker\/\" \/>\n<meta property=\"og:site_name\" content=\"\u041c\u0430\u0433\u0430\u0437\u0438\u043d Xstyle\" \/>\n<meta property=\"article:publisher\" content=\"https:\/\/www.facebook.com\/xstylemd\" \/>\n<meta property=\"article:modified_time\" content=\"2025-03-01T12:56:34+00:00\" \/>\n<meta property=\"og:image\" content=\"https:\/\/xstyle.md\/wp-content\/uploads\/2020\/07\/fa_ropewalker_blue_right_15-1000x1000-1.jpg\" \/>\n\t<meta property=\"og:image:width\" content=\"1000\" \/>\n\t<meta property=\"og:image:height\" content=\"1000\" \/>\n\t<meta property=\"og:image:type\" content=\"image\/jpeg\" \/>\n<meta name=\"twitter:card\" content=\"summary_large_image\" \/>\n<meta name=\"twitter:label1\" content=\"Pre\u021b\" \/>\n\t<meta name=\"twitter:data1\" content=\"995&nbsp;MDL\" \/>\n\t<meta name=\"twitter:label2\" content=\"Disponibilitate\" \/>\n\t<meta name=\"twitter:data2\" content=\"\u00cen stoc\" \/>\n<script type=\"application\/ld+json\" class=\"yoast-schema-graph\">{\"@context\":\"https:\\\/\\\/schema.org\",\"@graph\":[{\"@type\":\"WebPage\",\"@id\":\"https:\\\/\\\/xstyle.md\\\/product\\\/zhumar-fa-ropewalker\\\/\",\"url\":\"https:\\\/\\\/xstyle.md\\\/product\\\/zhumar-fa-ropewalker\\\/\",\"name\":\"\u0416\u0443\u043c\u0430\u0440 FA Ropewalker - \u041c\u0430\u0433\u0430\u0437\u0438\u043d Xstyle\",\"isPartOf\":{\"@id\":\"https:\\\/\\\/xstyle.md\\\/#website\"},\"primaryImageOfPage\":{\"@id\":\"https:\\\/\\\/xstyle.md\\\/product\\\/zhumar-fa-ropewalker\\\/#primaryimage\"},\"image\":{\"@id\":\"https:\\\/\\\/xstyle.md\\\/product\\\/zhumar-fa-ropewalker\\\/#primaryimage\"},\"thumbnailUrl\":\"https:\\\/\\\/xstyle.md\\\/wp-content\\\/uploads\\\/2020\\\/07\\\/fa_ropewalker_blue_right_15-1000x1000-1.jpg\",\"datePublished\":\"2020-07-17T07:43:04+00:00\",\"dateModified\":\"2025-03-01T12:56:34+00:00\",\"description\":\"\u0416\u0443\u043c\u0430\u0440 FA Ropewalker 813 \u2014 \u043b\u0435\u0433\u043a\u0438\u0439 \u0438 \u043f\u0440\u043e\u0447\u043d\u044b\u0439, \u0438\u0437 \u0430\u043b\u044e\u043c\u0438\u043d\u0438\u044f, \u0441 \u043c\u043d\u043e\u0436\u0435\u0441\u0442\u0432\u043e\u043c \u0442\u043e\u0447\u0435\u043a \u043a\u0440\u0435\u043f\u043b\u0435\u043d\u0438\u044f. \u0418\u0434\u0435\u0430\u043b\u0435\u043d \u0434\u043b\u044f \u043a\u043e\u043c\u0444\u043e\u0440\u0442\u043d\u043e\u0433\u043e \u0438 \u044d\u0444\u0444\u0435\u043a\u0442\u0438\u0432\u043d\u043e\u0433\u043e \u0432\u043e\u0441\u0445\u043e\u0436\u0434\u0435\u043d\u0438\u044f.\",\"breadcrumb\":{\"@id\":\"https:\\\/\\\/xstyle.md\\\/product\\\/zhumar-fa-ropewalker\\\/#breadcrumb\"},\"inLanguage\":\"ro-RO\",\"potentialAction\":[{\"@type\":\"ReadAction\",\"target\":[\"https:\\\/\\\/xstyle.md\\\/product\\\/zhumar-fa-ropewalker\\\/\"]}]},{\"@type\":\"ImageObject\",\"inLanguage\":\"ro-RO\",\"@id\":\"https:\\\/\\\/xstyle.md\\\/product\\\/zhumar-fa-ropewalker\\\/#primaryimage\",\"url\":\"https:\\\/\\\/xstyle.md\\\/wp-content\\\/uploads\\\/2020\\\/07\\\/fa_ropewalker_blue_right_15-1000x1000-1.jpg\",\"contentUrl\":\"https:\\\/\\\/xstyle.md\\\/wp-content\\\/uploads\\\/2020\\\/07\\\/fa_ropewalker_blue_right_15-1000x1000-1.jpg\",\"width\":1000,\"height\":1000},{\"@type\":\"BreadcrumbList\",\"@id\":\"https:\\\/\\\/xstyle.md\\\/product\\\/zhumar-fa-ropewalker\\\/#breadcrumb\",\"itemListElement\":[{\"@type\":\"ListItem\",\"position\":1,\"name\":\"\u0413\u043b\u0430\u0432\u043d\u0430\u044f \u0441\u0442\u0440\u0430\u043d\u0438\u0446\u0430\",\"item\":\"https:\\\/\\\/xstyle.md\\\/\"},{\"@type\":\"ListItem\",\"position\":2,\"name\":\"\u041c\u0430\u0433\u0430\u0437\u0438\u043d\",\"item\":\"https:\\\/\\\/xstyle.md\\\/shop\\\/\"},{\"@type\":\"ListItem\",\"position\":3,\"name\":\"\u0416\u0443\u043c\u0430\u0440 FA Ropewalker\"}]},{\"@type\":\"WebSite\",\"@id\":\"https:\\\/\\\/xstyle.md\\\/#website\",\"url\":\"https:\\\/\\\/xstyle.md\\\/\",\"name\":\"\u041c\u0430\u0433\u0430\u0437\u0438\u043d Xstyle\",\"description\":\"C\u043d\u0430\u0440\u044f\u0436\u0435\u043d\u0438\u0435 \u0434\u043b\u044f \u0442\u0443\u0440\u0438\u0437\u043c\u0430 \u0438 \u044d\u043a\u0441\u0442\u0440\u0435\u043c\u0430\u043b\u044c\u043d\u044b\u0445 \u0432\u0438\u0434\u043e\u0432 \u0441\u043f\u043e\u0440\u0442\u0430 \u0432 \u041c\u043e\u043b\u0434\u043e\u0432\u0435.. \u0426\u0435\u043d\u044b, \u0444\u043e\u0442\u043e, \u0445\u0430\u0440\u0430\u043a\u0442\u0435\u0440\u0438\u0441\u0442\u0438\u043a\u0438 \u0432 \u041c\u043e\u043b\u0434\u043e\u0432\u0435.\",\"publisher\":{\"@id\":\"https:\\\/\\\/xstyle.md\\\/#organization\"},\"alternateName\":\"X-Style\",\"potentialAction\":[{\"@type\":\"SearchAction\",\"target\":{\"@type\":\"EntryPoint\",\"urlTemplate\":\"https:\\\/\\\/xstyle.md\\\/?s={search_term_string}\"},\"query-input\":{\"@type\":\"PropertyValueSpecification\",\"valueRequired\":true,\"valueName\":\"search_term_string\"}}],\"inLanguage\":\"ro-RO\"},{\"@type\":\"Organization\",\"@id\":\"https:\\\/\\\/xstyle.md\\\/#organization\",\"name\":\"\u041c\u0430\u0433\u0430\u0437\u0438\u043d Xstyle\",\"alternateName\":\"x-style\",\"url\":\"https:\\\/\\\/xstyle.md\\\/\",\"logo\":{\"@type\":\"ImageObject\",\"inLanguage\":\"ro-RO\",\"@id\":\"https:\\\/\\\/xstyle.md\\\/#\\\/schema\\\/logo\\\/image\\\/\",\"url\":\"https:\\\/\\\/xstyle.md\\\/wp-content\\\/uploads\\\/2020\\\/06\\\/logoicon.svg\",\"contentUrl\":\"https:\\\/\\\/xstyle.md\\\/wp-content\\\/uploads\\\/2020\\\/06\\\/logoicon.svg\",\"caption\":\"\u041c\u0430\u0433\u0430\u0437\u0438\u043d Xstyle\"},\"image\":{\"@id\":\"https:\\\/\\\/xstyle.md\\\/#\\\/schema\\\/logo\\\/image\\\/\"},\"sameAs\":[\"https:\\\/\\\/www.facebook.com\\\/xstylemd\",\"https:\\\/\\\/www.instagram.com\\\/xstyle_md\\\/\",\"https:\\\/\\\/t.me\\\/xstyle_outdoor\"],\"hasMerchantReturnPolicy\":{\"@type\":\"MerchantReturnPolicy\",\"merchantReturnLink\":\"https:\\\/\\\/xstyle.md\\\/ro\\\/conditions\\\/\"}}]}<\/script>\n<meta property=\"product:price:amount\" content=\"995.00\" \/>\n<meta property=\"product:price:currency\" content=\"MDL\" \/>\n<meta property=\"og:availability\" content=\"instock\" \/>\n<meta property=\"product:availability\" content=\"instock\" \/>\n<meta property=\"product:retailer_item_id\" content=\"2003333331146\" \/>\n<meta property=\"product:condition\" content=\"new\" \/>\n<!-- \/ Yoast SEO plugin. -->","yoast_head_json":{"title":"Blocator FA Ropewalker - Magazin Xstyle","description":"\u0416\u0443\u043c\u0430\u0440 FA Ropewalker 813 \u2014 u\u0219or \u0219i rezistent, din aluminiu, cu numeroase puncte de prindere. Ideal pentru o ascensiune confortabil\u0103 \u0219i eficient\u0103.","robots":{"index":"index","follow":"follow","max-snippet":"max-snippet:-1","max-image-preview":"max-image-preview:large","max-video-preview":"max-video-preview:-1"},"canonical":"https:\/\/xstyle.md\/ro\/produs\/zhumar-fa-ropewalker\/","og_locale":"ro_RO","og_type":"article","og_title":"\u0416\u0443\u043c\u0430\u0440 FA Ropewalker - \u041c\u0430\u0433\u0430\u0437\u0438\u043d Xstyle","og_description":"\u0416\u0443\u043c\u0430\u0440 FA Ropewalker 813 \u2014 \u043b\u0435\u0433\u043a\u0438\u0439 \u0438 \u043f\u0440\u043e\u0447\u043d\u044b\u0439, \u0438\u0437 \u0430\u043b\u044e\u043c\u0438\u043d\u0438\u044f, \u0441 \u043c\u043d\u043e\u0436\u0435\u0441\u0442\u0432\u043e\u043c \u0442\u043e\u0447\u0435\u043a \u043a\u0440\u0435\u043f\u043b\u0435\u043d\u0438\u044f. \u0418\u0434\u0435\u0430\u043b\u0435\u043d \u0434\u043b\u044f \u043a\u043e\u043c\u0444\u043e\u0440\u0442\u043d\u043e\u0433\u043e \u0438 \u044d\u0444\u0444\u0435\u043a\u0442\u0438\u0432\u043d\u043e\u0433\u043e \u0432\u043e\u0441\u0445\u043e\u0436\u0434\u0435\u043d\u0438\u044f.","og_url":"https:\/\/xstyle.md\/ro\/produs\/zhumar-fa-ropewalker\/","og_site_name":"\u041c\u0430\u0433\u0430\u0437\u0438\u043d Xstyle","article_publisher":"https:\/\/www.facebook.com\/xstylemd","article_modified_time":"2025-03-01T12:56:34+00:00","og_image":[{"width":1000,"height":1000,"url":"https:\/\/xstyle.md\/wp-content\/uploads\/2020\/07\/fa_ropewalker_blue_right_15-1000x1000-1.jpg","type":"image\/jpeg"}],"twitter_card":"summary_large_image","twitter_misc":{"Pre\u021b":"995&nbsp;MDL","Disponibilitate":"\u00cen stoc"},"schema":{"@context":"https:\/\/schema.org","@graph":[{"@type":"WebPage","@id":"https:\/\/xstyle.md\/product\/zhumar-fa-ropewalker\/","url":"https:\/\/xstyle.md\/product\/zhumar-fa-ropewalker\/","name":"Blocator FA Ropewalker - Magazin Xstyle","isPartOf":{"@id":"https:\/\/xstyle.md\/#website"},"primaryImageOfPage":{"@id":"https:\/\/xstyle.md\/product\/zhumar-fa-ropewalker\/#primaryimage"},"image":{"@id":"https:\/\/xstyle.md\/product\/zhumar-fa-ropewalker\/#primaryimage"},"thumbnailUrl":"https:\/\/xstyle.md\/wp-content\/uploads\/2020\/07\/fa_ropewalker_blue_right_15-1000x1000-1.jpg","datePublished":"2020-07-17T07:43:04+00:00","dateModified":"2025-03-01T12:56:34+00:00","description":"\u0416\u0443\u043c\u0430\u0440 FA Ropewalker 813 \u2014 u\u0219or \u0219i rezistent, din aluminiu, cu numeroase puncte de prindere. Ideal pentru o ascensiune confortabil\u0103 \u0219i eficient\u0103.","breadcrumb":{"@id":"https:\/\/xstyle.md\/product\/zhumar-fa-ropewalker\/#breadcrumb"},"inLanguage":"ro-RO","potentialAction":[{"@type":"ReadAction","target":["https:\/\/xstyle.md\/product\/zhumar-fa-ropewalker\/"]}]},{"@type":"ImageObject","inLanguage":"ro-RO","@id":"https:\/\/xstyle.md\/product\/zhumar-fa-ropewalker\/#primaryimage","url":"https:\/\/xstyle.md\/wp-content\/uploads\/2020\/07\/fa_ropewalker_blue_right_15-1000x1000-1.jpg","contentUrl":"https:\/\/xstyle.md\/wp-content\/uploads\/2020\/07\/fa_ropewalker_blue_right_15-1000x1000-1.jpg","width":1000,"height":1000},{"@type":"BreadcrumbList","@id":"https:\/\/xstyle.md\/product\/zhumar-fa-ropewalker\/#breadcrumb","itemListElement":[{"@type":"ListItem","position":1,"name":"\u0413\u043b\u0430\u0432\u043d\u0430\u044f \u0441\u0442\u0440\u0430\u043d\u0438\u0446\u0430","item":"https:\/\/xstyle.md\/"},{"@type":"ListItem","position":2,"name":"\u041c\u0430\u0433\u0430\u0437\u0438\u043d","item":"https:\/\/xstyle.md\/shop\/"},{"@type":"ListItem","position":3,"name":"\u0416\u0443\u043c\u0430\u0440 FA Ropewalker"}]},{"@type":"WebSite","@id":"https:\/\/xstyle.md\/#website","url":"https:\/\/xstyle.md\/","name":"Magazinul X-Style","description":"Echipamente pentru turism \u0219i sporturi extreme \u00een Moldova. Pre\u021buri, fotografii, caracteristici \u00een Moldova.","publisher":{"@id":"https:\/\/xstyle.md\/#organization"},"alternateName":"X-Style","potentialAction":[{"@type":"SearchAction","target":{"@type":"EntryPoint","urlTemplate":"https:\/\/xstyle.md\/?s={search_term_string}"},"query-input":{"@type":"PropertyValueSpecification","valueRequired":true,"valueName":"search_term_string"}}],"inLanguage":"ro-RO"},{"@type":"Organization","@id":"https:\/\/xstyle.md\/#organization","name":"Magazinul X-Style","alternateName":"x-style","url":"https:\/\/xstyle.md\/","logo":{"@type":"ImageObject","inLanguage":"ro-RO","@id":"https:\/\/xstyle.md\/#\/schema\/logo\/image\/","url":"https:\/\/xstyle.md\/wp-content\/uploads\/2020\/06\/logoicon.svg","contentUrl":"https:\/\/xstyle.md\/wp-content\/uploads\/2020\/06\/logoicon.svg","caption":"\u041c\u0430\u0433\u0430\u0437\u0438\u043d Xstyle"},"image":{"@id":"https:\/\/xstyle.md\/#\/schema\/logo\/image\/"},"sameAs":["https:\/\/www.facebook.com\/xstylemd","https:\/\/www.instagram.com\/xstyle_md\/","https:\/\/t.me\/xstyle_outdoor"],"hasMerchantReturnPolicy":{"@type":"MerchantReturnPolicy","merchantReturnLink":"https:\/\/xstyle.md\/ro\/conditions\/"}}]},"product_price_amount":"995.00","product_price_currency":"MDL","og_availability":"instock","product_availability":"instock","product_retailer_item_id":"2003333331146","product_condition":"new"},"_links":{"self":[{"href":"https:\/\/xstyle.md\/ro\/wp-json\/wp\/v2\/product\/10811","targetHints":{"allow":["GET"]}}],"collection":[{"href":"https:\/\/xstyle.md\/ro\/wp-json\/wp\/v2\/product"}],"about":[{"href":"https:\/\/xstyle.md\/ro\/wp-json\/wp\/v2\/types\/product"}],"replies":[{"embeddable":true,"href":"https:\/\/xstyle.md\/ro\/wp-json\/wp\/v2\/comments?post=10811"}],"wp:featuredmedia":[{"embeddable":true,"href":"https:\/\/xstyle.md\/ro\/wp-json\/wp\/v2\/media\/10809"}],"wp:attachment":[{"href":"https:\/\/xstyle.md\/ro\/wp-json\/wp\/v2\/media?parent=10811"}],"wp:term":[{"taxonomy":"product_brand","embeddable":true,"href":"https:\/\/xstyle.md\/ro\/wp-json\/wp\/v2\/product_brand?post=10811"},{"taxonomy":"product_cat","embeddable":true,"href":"https:\/\/xstyle.md\/ro\/wp-json\/wp\/v2\/product_cat?post=10811"},{"taxonomy":"product_tag","embeddable":true,"href":"https:\/\/xstyle.md\/ro\/wp-json\/wp\/v2\/product_tag?post=10811"}],"curies":[{"name":"wp","href":"https:\/\/api.w.org\/{rel}","templated":true}]}}