{"id":10652,"date":"2020-07-17T10:34:30","date_gmt":"2020-07-17T07:34:30","guid":{"rendered":"https:\/\/xstyle.md\/product\/kurtka-detskaja-dare2b-obscure"},"modified":"2026-03-19T16:35:07","modified_gmt":"2026-03-19T13:35:07","slug":"dare2b-obscure-jr-ultviol-elec","status":"publish","type":"product","link":"https:\/\/xstyle.md\/ro\/produs\/dare2b-obscure-jr-ultviol-elec\/","title":{"rendered":"Geac\u0103 Dare2B Obscure JR ultviol\/elec"},"content":{"rendered":"<\/p>\n<p><strong>Dare2b Obscure JR<\/strong> &#8212; geac\u0103 de schi pentru copii cu design aprins \u0219i materiale tehnologice. Materialul superior Ared 5000 este un material cu membran\u0103 impermeabil\u0103 \u0219i respirabil\u0103, care va asigura o izolare termic\u0103 ridicat\u0103.<\/p>\n<p>O glug\u0103 \u00eencorporat\u0103, extensibil\u0103 \u0219i pliabil\u0103 este util\u0103 pe p\u00e2rtii pe vreme r\u0103coroas\u0103 \u0219i c\u00e2nd este v\u00e2nt. Man\u0219etele sunt reglabile \u00een l\u0103\u021bime pe lipiciuri. Fusta de z\u0103pad\u0103 va \u00eempiedica p\u0103trunderea z\u0103pezii. Buzunar pentru Ski-pass, buzunare laterale \u0219i interioare pentru depozitarea \u00een siguran\u021b\u0103 a lucrurilor esen\u021biale. Detaliile reflectorizante care v\u0103 vor men\u021bine copilul \u00een siguran\u021b\u0103 pe parcursul \u00eentregii nop\u021bi.<\/p>\n<h3>Particularit\u0103\u021bi<\/h3>\n<ul>\n<li>Siluet\u0103 dreapt\u0103, cu m\u00e2neci \u00eenserate;<\/li>\n<li>Glug\u0103 elastic\u0103 pliabil\u0103;<\/li>\n<li>Buzunar interior pentru Ski-pass;<\/li>\n<li>Dou\u0103 buzunare laterale cu fermoar;<\/li>\n<li>Man\u0219ete pe lipici;<\/li>\n<li>Reflectori pentru o vizibilitate mai bun\u0103;<\/li>\n<li>Fust\u0103 pentru z\u0103pad\u0103.<\/li>\n<\/ul>\n<h3 class=\"clear\" data-reader-unique-id=\"13\">Caracteristici<\/h3>\n<ul data-reader-unique-id=\"14\">\n<li data-reader-unique-id=\"15\">Material \u2014 poliester;<\/li>\n<li data-reader-unique-id=\"16\">Izola\u021bie \u2014 High Loft Poliester;<\/li>\n<li data-reader-unique-id=\"17\">Membran\u0103 \u2013 Ared 5000;<\/li>\n<li data-reader-unique-id=\"18\">Rezisten\u021b\u0103 la ap\u0103 \u2014 5 000 mm;<\/li>\n<li data-reader-unique-id=\"19\">Conductivitate aer \u2014 10 000 g\/m2\/24h;<\/li>\n<li data-reader-unique-id=\"20\">Model \u2014 pentru copii.<\/li>\n<\/ul>\n<h3 class=\"clear\" data-reader-unique-id=\"21\">Tehnologie<\/h3>\n<ul data-reader-unique-id=\"22\">\n<li data-reader-unique-id=\"21\"><strong data-reader-unique-id=\"22\">Ared 5000 Strech Technology \u2014\u00a0<\/strong>membran\u0103 de \u00eenalt\u0103 tehnologie cu propriet\u0103\u021bi rezistente la v\u00e2nt \u0219i respirabil care elimin\u0103 umezeala de pe suprafa\u021ba corpului, regl\u00e2nd astfel temperatura \u0219i protej\u00e2nd \u00eempotriva frigului. De asemenea, materialul este prelucrat cu un agent hidrofug, care asigur\u0103 c\u0103 apa curge de pe suprafa\u021ba produsului, protej\u00e2ndu-l de umiditate, ploaie \u0219i z\u0103pad\u0103.<\/li>\n<li data-reader-unique-id=\"25\"><strong data-reader-unique-id=\"26\">High Loft Polyester<\/strong>\u00a0 \u2014 izola\u021bie eficient\u0103 din poliester de \u00eenalt\u0103 calitate, care protejeaz\u0103 \u00eempotriva v\u00e2ntului chiar \u0219i atunci c\u00e2nd este umed \u0219i asigur\u0103 o bun\u0103 respirabilitate \u0219i reglare a c\u0103ldurii. Materialul se usuc\u0103 rapid \u0219i este u\u0219or de cur\u0103\u021bat.<\/li>\n<\/ul>\n<h3 class=\"clear\" data-reader-unique-id=\"27\">Marca<\/h3>\n<p data-reader-unique-id=\"28\">Marca englez\u0103 Dare2b este popular\u0103 \u00een \u00eentreaga lume \u0219i este specializat\u0103 \u00een produc\u021bia de \u00eembr\u0103c\u0103minte pentru snowboarderi profesioni\u0219ti, schiori, alpini\u0219ti.<\/p>\n<p data-reader-unique-id=\"29\">Produsele marca Dare2b se disting prin culori str\u0103lucitoare, bogate \u0219i design original, precum \u0219i prin caracterul practic, confortul \u0219i calitatea \u00eenalt\u0103 a produsului, astfel \u00eenc\u00e2t fiecare s\u0103 g\u0103seasc\u0103 ceva potrivit pentru sine. \u00centruc\u00e2t aceast\u0103 \u00eembr\u0103c\u0103minte este sportiv\u0103, speciali\u0219tii lucreaz\u0103 la ea de mult timp, g\u00e2ndindu-se din timp la tot felul de detalii, elemente. Designerii \u00eencearc\u0103 s\u0103 combine un stil unic, tendin\u021bele m\u0103rcii, cea mai recent\u0103 tehnologie, care desigur afecteaz\u0103 pre\u021bul \u0219i \u00eembun\u0103t\u0103\u021be\u0219te calitatea produsului. De exemplu, pentru c\u0103ptu\u0219eli sau izola\u021bie, se folose\u0219te un material special care v\u0103 permite s\u0103 nu \u00eenghe\u021ba\u021bi la temperaturi sc\u0103zute.<\/p>\n<p data-reader-unique-id=\"30\">Compania Dare2b \u2014 este un gigant de \u00eembr\u0103c\u0103minte pentru sporturi de iarn\u0103, cu un num\u0103r din ce \u00een ce mai mare de clien\u021bi. Acest lucru este posibil datorit\u0103 serviciilor rapide \u0219i de \u00eenalt\u0103 calitate, rezisten\u021bei lucrurilor, abord\u0103rii non-standard \u0219i unei game largi de echipamente sportive care pot satisface chiar \u0219i cel mai capricios client.<\/p>\n<p><\/p>","protected":false},"excerpt":{"rendered":"<p>Geac\u0103 Dare2B Obscure JR ultviol\/elec<\/p>","protected":false},"featured_media":10651,"comment_status":"open","ping_status":"closed","template":"","meta":{"_acf_changed":false,"inline_featured_image":false},"product_brand":[1318],"product_cat":[308],"product_tag":[],"class_list":{"0":"post-10652","1":"product","2":"type-product","3":"status-publish","4":"has-post-thumbnail","6":"product_brand-dare2b","7":"product_cat-kid-jackets","9":"first","10":"instock","11":"shipping-taxable","12":"purchasable","13":"product-type-simple"},"acf":[],"yoast_head":"<!-- This site is optimized with the Yoast SEO plugin v27.4 - https:\/\/yoast.com\/product\/yoast-seo-wordpress\/ -->\n<title>\u041a\u0443\u0440\u0442\u043a\u0430 Dare2B Obscure JR ultviol\/elec - \u041c\u0430\u0433\u0430\u0437\u0438\u043d Xstyle<\/title>\n<meta name=\"description\" content=\"\u041a\u0443\u0440\u0442\u043a\u0430 Dare2B Obscure JR \u0434\u043b\u044f \u0434\u0435\u0442\u0435\u0439: \u0441\u0442\u0438\u043b\u044c\u043d\u044b\u0439 \u0434\u0438\u0437\u0430\u0439\u043d, \u0432\u044b\u0441\u043e\u043a\u0438\u0435 \u0442\u0435\u0445\u043d\u043e\u043b\u043e\u0433\u0438\u0438, \u043c\u0435\u043c\u0431\u0440\u0430\u043d\u0430 Ared 5000, \u043e\u0442\u043b\u0438\u0447\u043d\u0430\u044f \u0437\u0430\u0449\u0438\u0442\u0430 \u043e\u0442 \u0445\u043e\u043b\u043e\u0434\u0430 \u0438 \u0432\u043b\u0430\u0433\u0438. \u0418\u0434\u0435\u0430\u043b\u044c\u043d\u043e \u0434\u043b\u044f \u0437\u0438\u043c\u044b!\" \/>\n<meta name=\"robots\" content=\"index, follow, max-snippet:-1, max-image-preview:large, max-video-preview:-1\" \/>\n<link rel=\"canonical\" href=\"https:\/\/xstyle.md\/ro\/produs\/dare2b-obscure-jr-ultviol-elec\/\" \/>\n<meta property=\"og:locale\" content=\"ro_RO\" \/>\n<meta property=\"og:type\" content=\"article\" \/>\n<meta property=\"og:title\" content=\"\u041a\u0443\u0440\u0442\u043a\u0430 Dare2B Obscure JR ultviol\/elec - \u041c\u0430\u0433\u0430\u0437\u0438\u043d Xstyle\" \/>\n<meta property=\"og:description\" content=\"\u041a\u0443\u0440\u0442\u043a\u0430 Dare2B Obscure JR \u0434\u043b\u044f \u0434\u0435\u0442\u0435\u0439: \u0441\u0442\u0438\u043b\u044c\u043d\u044b\u0439 \u0434\u0438\u0437\u0430\u0439\u043d, \u0432\u044b\u0441\u043e\u043a\u0438\u0435 \u0442\u0435\u0445\u043d\u043e\u043b\u043e\u0433\u0438\u0438, \u043c\u0435\u043c\u0431\u0440\u0430\u043d\u0430 Ared 5000, \u043e\u0442\u043b\u0438\u0447\u043d\u0430\u044f \u0437\u0430\u0449\u0438\u0442\u0430 \u043e\u0442 \u0445\u043e\u043b\u043e\u0434\u0430 \u0438 \u0432\u043b\u0430\u0433\u0438. \u0418\u0434\u0435\u0430\u043b\u044c\u043d\u043e \u0434\u043b\u044f \u0437\u0438\u043c\u044b!\" \/>\n<meta property=\"og:url\" content=\"https:\/\/xstyle.md\/ro\/produs\/dare2b-obscure-jr-ultviol-elec\/\" \/>\n<meta property=\"og:site_name\" content=\"\u041c\u0430\u0433\u0430\u0437\u0438\u043d Xstyle\" \/>\n<meta property=\"article:publisher\" content=\"https:\/\/www.facebook.com\/xstylemd\" \/>\n<meta property=\"article:modified_time\" content=\"2026-03-19T13:35:07+00:00\" \/>\n<meta property=\"og:image\" content=\"https:\/\/xstyle.md\/wp-content\/uploads\/2020\/07\/obscure.jpg\" \/>\n\t<meta property=\"og:image:width\" content=\"163\" \/>\n\t<meta property=\"og:image:height\" content=\"289\" \/>\n\t<meta property=\"og:image:type\" content=\"image\/jpeg\" \/>\n<meta name=\"twitter:card\" content=\"summary_large_image\" \/>\n<meta name=\"twitter:label1\" content=\"Pre\u021b\" \/>\n\t<meta name=\"twitter:data1\" content=\"1.790&nbsp;MDL\" \/>\n\t<meta name=\"twitter:label2\" content=\"Disponibilitate\" \/>\n\t<meta name=\"twitter:data2\" content=\"\u00cen stoc\" \/>\n<script type=\"application\/ld+json\" class=\"yoast-schema-graph\">{\"@context\":\"https:\\\/\\\/schema.org\",\"@graph\":[{\"@type\":\"WebPage\",\"@id\":\"https:\\\/\\\/xstyle.md\\\/product\\\/dare2b-obscure-jr-ultviol-elec\\\/\",\"url\":\"https:\\\/\\\/xstyle.md\\\/product\\\/dare2b-obscure-jr-ultviol-elec\\\/\",\"name\":\"\u041a\u0443\u0440\u0442\u043a\u0430 Dare2B Obscure JR ultviol\\\/elec - \u041c\u0430\u0433\u0430\u0437\u0438\u043d Xstyle\",\"isPartOf\":{\"@id\":\"https:\\\/\\\/xstyle.md\\\/#website\"},\"primaryImageOfPage\":{\"@id\":\"https:\\\/\\\/xstyle.md\\\/product\\\/dare2b-obscure-jr-ultviol-elec\\\/#primaryimage\"},\"image\":{\"@id\":\"https:\\\/\\\/xstyle.md\\\/product\\\/dare2b-obscure-jr-ultviol-elec\\\/#primaryimage\"},\"thumbnailUrl\":\"https:\\\/\\\/xstyle.md\\\/wp-content\\\/uploads\\\/2020\\\/07\\\/obscure.jpg\",\"datePublished\":\"2020-07-17T07:34:30+00:00\",\"dateModified\":\"2026-03-19T13:35:07+00:00\",\"description\":\"\u041a\u0443\u0440\u0442\u043a\u0430 Dare2B Obscure JR \u0434\u043b\u044f \u0434\u0435\u0442\u0435\u0439: \u0441\u0442\u0438\u043b\u044c\u043d\u044b\u0439 \u0434\u0438\u0437\u0430\u0439\u043d, \u0432\u044b\u0441\u043e\u043a\u0438\u0435 \u0442\u0435\u0445\u043d\u043e\u043b\u043e\u0433\u0438\u0438, \u043c\u0435\u043c\u0431\u0440\u0430\u043d\u0430 Ared 5000, \u043e\u0442\u043b\u0438\u0447\u043d\u0430\u044f \u0437\u0430\u0449\u0438\u0442\u0430 \u043e\u0442 \u0445\u043e\u043b\u043e\u0434\u0430 \u0438 \u0432\u043b\u0430\u0433\u0438. \u0418\u0434\u0435\u0430\u043b\u044c\u043d\u043e \u0434\u043b\u044f \u0437\u0438\u043c\u044b!\",\"breadcrumb\":{\"@id\":\"https:\\\/\\\/xstyle.md\\\/product\\\/dare2b-obscure-jr-ultviol-elec\\\/#breadcrumb\"},\"inLanguage\":\"ro-RO\",\"potentialAction\":[{\"@type\":\"ReadAction\",\"target\":[\"https:\\\/\\\/xstyle.md\\\/product\\\/dare2b-obscure-jr-ultviol-elec\\\/\"]}]},{\"@type\":\"ImageObject\",\"inLanguage\":\"ro-RO\",\"@id\":\"https:\\\/\\\/xstyle.md\\\/product\\\/dare2b-obscure-jr-ultviol-elec\\\/#primaryimage\",\"url\":\"https:\\\/\\\/xstyle.md\\\/wp-content\\\/uploads\\\/2020\\\/07\\\/obscure.jpg\",\"contentUrl\":\"https:\\\/\\\/xstyle.md\\\/wp-content\\\/uploads\\\/2020\\\/07\\\/obscure.jpg\",\"width\":163,\"height\":289},{\"@type\":\"BreadcrumbList\",\"@id\":\"https:\\\/\\\/xstyle.md\\\/product\\\/dare2b-obscure-jr-ultviol-elec\\\/#breadcrumb\",\"itemListElement\":[{\"@type\":\"ListItem\",\"position\":1,\"name\":\"\u0413\u043b\u0430\u0432\u043d\u0430\u044f \u0441\u0442\u0440\u0430\u043d\u0438\u0446\u0430\",\"item\":\"https:\\\/\\\/xstyle.md\\\/\"},{\"@type\":\"ListItem\",\"position\":2,\"name\":\"\u041c\u0430\u0433\u0430\u0437\u0438\u043d\",\"item\":\"https:\\\/\\\/xstyle.md\\\/shop\\\/\"},{\"@type\":\"ListItem\",\"position\":3,\"name\":\"\u041a\u0443\u0440\u0442\u043a\u0430 Dare2B Obscure JR ultviol\\\/elec\"}]},{\"@type\":\"WebSite\",\"@id\":\"https:\\\/\\\/xstyle.md\\\/#website\",\"url\":\"https:\\\/\\\/xstyle.md\\\/\",\"name\":\"\u041c\u0430\u0433\u0430\u0437\u0438\u043d Xstyle\",\"description\":\"C\u043d\u0430\u0440\u044f\u0436\u0435\u043d\u0438\u0435 \u0434\u043b\u044f \u0442\u0443\u0440\u0438\u0437\u043c\u0430 \u0438 \u044d\u043a\u0441\u0442\u0440\u0435\u043c\u0430\u043b\u044c\u043d\u044b\u0445 \u0432\u0438\u0434\u043e\u0432 \u0441\u043f\u043e\u0440\u0442\u0430 \u0432 \u041c\u043e\u043b\u0434\u043e\u0432\u0435.. \u0426\u0435\u043d\u044b, \u0444\u043e\u0442\u043e, \u0445\u0430\u0440\u0430\u043a\u0442\u0435\u0440\u0438\u0441\u0442\u0438\u043a\u0438 \u0432 \u041c\u043e\u043b\u0434\u043e\u0432\u0435.\",\"publisher\":{\"@id\":\"https:\\\/\\\/xstyle.md\\\/#organization\"},\"alternateName\":\"X-Style\",\"potentialAction\":[{\"@type\":\"SearchAction\",\"target\":{\"@type\":\"EntryPoint\",\"urlTemplate\":\"https:\\\/\\\/xstyle.md\\\/?s={search_term_string}\"},\"query-input\":{\"@type\":\"PropertyValueSpecification\",\"valueRequired\":true,\"valueName\":\"search_term_string\"}}],\"inLanguage\":\"ro-RO\"},{\"@type\":\"Organization\",\"@id\":\"https:\\\/\\\/xstyle.md\\\/#organization\",\"name\":\"\u041c\u0430\u0433\u0430\u0437\u0438\u043d Xstyle\",\"alternateName\":\"x-style\",\"url\":\"https:\\\/\\\/xstyle.md\\\/\",\"logo\":{\"@type\":\"ImageObject\",\"inLanguage\":\"ro-RO\",\"@id\":\"https:\\\/\\\/xstyle.md\\\/#\\\/schema\\\/logo\\\/image\\\/\",\"url\":\"https:\\\/\\\/xstyle.md\\\/wp-content\\\/uploads\\\/2020\\\/06\\\/logoicon.svg\",\"contentUrl\":\"https:\\\/\\\/xstyle.md\\\/wp-content\\\/uploads\\\/2020\\\/06\\\/logoicon.svg\",\"caption\":\"\u041c\u0430\u0433\u0430\u0437\u0438\u043d Xstyle\"},\"image\":{\"@id\":\"https:\\\/\\\/xstyle.md\\\/#\\\/schema\\\/logo\\\/image\\\/\"},\"sameAs\":[\"https:\\\/\\\/www.facebook.com\\\/xstylemd\",\"https:\\\/\\\/www.instagram.com\\\/xstyle_md\\\/\",\"https:\\\/\\\/t.me\\\/xstyle_outdoor\"],\"hasMerchantReturnPolicy\":{\"@type\":\"MerchantReturnPolicy\",\"merchantReturnLink\":\"https:\\\/\\\/xstyle.md\\\/ro\\\/conditions\\\/\"}}]}<\/script>\n<meta property=\"product:price:amount\" content=\"1790.00\" \/>\n<meta property=\"product:price:currency\" content=\"MDL\" \/>\n<meta property=\"og:availability\" content=\"instock\" \/>\n<meta property=\"product:availability\" content=\"instock\" \/>\n<meta property=\"product:retailer_item_id\" content=\"5051522686017\" \/>\n<meta property=\"product:condition\" content=\"new\" \/>\n<!-- \/ Yoast SEO plugin. -->","yoast_head_json":{"title":"Geac\u0103 Dare2B Obscure JR ultviol\/elec - Magazin Xstyle","description":"Jacheta Dare2B Obscure JR pentru copii: design stylish, tehnologii avansate, membran\u0103 Ared 5000, protec\u021bie excelent\u0103 \u00eempotriva frigului \u0219i umidit\u0103\u021bii. Ideal\u0103 pentru iarn\u0103!","robots":{"index":"index","follow":"follow","max-snippet":"max-snippet:-1","max-image-preview":"max-image-preview:large","max-video-preview":"max-video-preview:-1"},"canonical":"https:\/\/xstyle.md\/ro\/produs\/dare2b-obscure-jr-ultviol-elec\/","og_locale":"ro_RO","og_type":"article","og_title":"\u041a\u0443\u0440\u0442\u043a\u0430 Dare2B Obscure JR ultviol\/elec - \u041c\u0430\u0433\u0430\u0437\u0438\u043d Xstyle","og_description":"\u041a\u0443\u0440\u0442\u043a\u0430 Dare2B Obscure JR \u0434\u043b\u044f \u0434\u0435\u0442\u0435\u0439: \u0441\u0442\u0438\u043b\u044c\u043d\u044b\u0439 \u0434\u0438\u0437\u0430\u0439\u043d, \u0432\u044b\u0441\u043e\u043a\u0438\u0435 \u0442\u0435\u0445\u043d\u043e\u043b\u043e\u0433\u0438\u0438, \u043c\u0435\u043c\u0431\u0440\u0430\u043d\u0430 Ared 5000, \u043e\u0442\u043b\u0438\u0447\u043d\u0430\u044f \u0437\u0430\u0449\u0438\u0442\u0430 \u043e\u0442 \u0445\u043e\u043b\u043e\u0434\u0430 \u0438 \u0432\u043b\u0430\u0433\u0438. \u0418\u0434\u0435\u0430\u043b\u044c\u043d\u043e \u0434\u043b\u044f \u0437\u0438\u043c\u044b!","og_url":"https:\/\/xstyle.md\/ro\/produs\/dare2b-obscure-jr-ultviol-elec\/","og_site_name":"\u041c\u0430\u0433\u0430\u0437\u0438\u043d Xstyle","article_publisher":"https:\/\/www.facebook.com\/xstylemd","article_modified_time":"2026-03-19T13:35:07+00:00","og_image":[{"width":163,"height":289,"url":"https:\/\/xstyle.md\/wp-content\/uploads\/2020\/07\/obscure.jpg","type":"image\/jpeg"}],"twitter_card":"summary_large_image","twitter_misc":{"Pre\u021b":"1.790&nbsp;MDL","Disponibilitate":"\u00cen stoc"},"schema":{"@context":"https:\/\/schema.org","@graph":[{"@type":"WebPage","@id":"https:\/\/xstyle.md\/product\/dare2b-obscure-jr-ultviol-elec\/","url":"https:\/\/xstyle.md\/product\/dare2b-obscure-jr-ultviol-elec\/","name":"Geac\u0103 Dare2B Obscure JR ultviol\/elec - Magazin Xstyle","isPartOf":{"@id":"https:\/\/xstyle.md\/#website"},"primaryImageOfPage":{"@id":"https:\/\/xstyle.md\/product\/dare2b-obscure-jr-ultviol-elec\/#primaryimage"},"image":{"@id":"https:\/\/xstyle.md\/product\/dare2b-obscure-jr-ultviol-elec\/#primaryimage"},"thumbnailUrl":"https:\/\/xstyle.md\/wp-content\/uploads\/2020\/07\/obscure.jpg","datePublished":"2020-07-17T07:34:30+00:00","dateModified":"2026-03-19T13:35:07+00:00","description":"Jacheta Dare2B Obscure JR pentru copii: design stylish, tehnologii avansate, membran\u0103 Ared 5000, protec\u021bie excelent\u0103 \u00eempotriva frigului \u0219i umidit\u0103\u021bii. Ideal\u0103 pentru iarn\u0103!","breadcrumb":{"@id":"https:\/\/xstyle.md\/product\/dare2b-obscure-jr-ultviol-elec\/#breadcrumb"},"inLanguage":"ro-RO","potentialAction":[{"@type":"ReadAction","target":["https:\/\/xstyle.md\/product\/dare2b-obscure-jr-ultviol-elec\/"]}]},{"@type":"ImageObject","inLanguage":"ro-RO","@id":"https:\/\/xstyle.md\/product\/dare2b-obscure-jr-ultviol-elec\/#primaryimage","url":"https:\/\/xstyle.md\/wp-content\/uploads\/2020\/07\/obscure.jpg","contentUrl":"https:\/\/xstyle.md\/wp-content\/uploads\/2020\/07\/obscure.jpg","width":163,"height":289},{"@type":"BreadcrumbList","@id":"https:\/\/xstyle.md\/product\/dare2b-obscure-jr-ultviol-elec\/#breadcrumb","itemListElement":[{"@type":"ListItem","position":1,"name":"\u0413\u043b\u0430\u0432\u043d\u0430\u044f \u0441\u0442\u0440\u0430\u043d\u0438\u0446\u0430","item":"https:\/\/xstyle.md\/"},{"@type":"ListItem","position":2,"name":"\u041c\u0430\u0433\u0430\u0437\u0438\u043d","item":"https:\/\/xstyle.md\/shop\/"},{"@type":"ListItem","position":3,"name":"\u041a\u0443\u0440\u0442\u043a\u0430 Dare2B Obscure JR ultviol\/elec"}]},{"@type":"WebSite","@id":"https:\/\/xstyle.md\/#website","url":"https:\/\/xstyle.md\/","name":"Magazinul X-Style","description":"Echipamente pentru turism \u0219i sporturi extreme \u00een Moldova. Pre\u021buri, fotografii, caracteristici \u00een Moldova.","publisher":{"@id":"https:\/\/xstyle.md\/#organization"},"alternateName":"X-Style","potentialAction":[{"@type":"SearchAction","target":{"@type":"EntryPoint","urlTemplate":"https:\/\/xstyle.md\/?s={search_term_string}"},"query-input":{"@type":"PropertyValueSpecification","valueRequired":true,"valueName":"search_term_string"}}],"inLanguage":"ro-RO"},{"@type":"Organization","@id":"https:\/\/xstyle.md\/#organization","name":"Magazinul X-Style","alternateName":"x-style","url":"https:\/\/xstyle.md\/","logo":{"@type":"ImageObject","inLanguage":"ro-RO","@id":"https:\/\/xstyle.md\/#\/schema\/logo\/image\/","url":"https:\/\/xstyle.md\/wp-content\/uploads\/2020\/06\/logoicon.svg","contentUrl":"https:\/\/xstyle.md\/wp-content\/uploads\/2020\/06\/logoicon.svg","caption":"\u041c\u0430\u0433\u0430\u0437\u0438\u043d Xstyle"},"image":{"@id":"https:\/\/xstyle.md\/#\/schema\/logo\/image\/"},"sameAs":["https:\/\/www.facebook.com\/xstylemd","https:\/\/www.instagram.com\/xstyle_md\/","https:\/\/t.me\/xstyle_outdoor"],"hasMerchantReturnPolicy":{"@type":"MerchantReturnPolicy","merchantReturnLink":"https:\/\/xstyle.md\/ro\/conditions\/"}}]},"product_price_amount":"1790.00","product_price_currency":"MDL","og_availability":"instock","product_availability":"instock","product_retailer_item_id":"5051522686017","product_condition":"new"},"_links":{"self":[{"href":"https:\/\/xstyle.md\/ro\/wp-json\/wp\/v2\/product\/10652","targetHints":{"allow":["GET"]}}],"collection":[{"href":"https:\/\/xstyle.md\/ro\/wp-json\/wp\/v2\/product"}],"about":[{"href":"https:\/\/xstyle.md\/ro\/wp-json\/wp\/v2\/types\/product"}],"replies":[{"embeddable":true,"href":"https:\/\/xstyle.md\/ro\/wp-json\/wp\/v2\/comments?post=10652"}],"wp:featuredmedia":[{"embeddable":true,"href":"https:\/\/xstyle.md\/ro\/wp-json\/wp\/v2\/media\/10651"}],"wp:attachment":[{"href":"https:\/\/xstyle.md\/ro\/wp-json\/wp\/v2\/media?parent=10652"}],"wp:term":[{"taxonomy":"product_brand","embeddable":true,"href":"https:\/\/xstyle.md\/ro\/wp-json\/wp\/v2\/product_brand?post=10652"},{"taxonomy":"product_cat","embeddable":true,"href":"https:\/\/xstyle.md\/ro\/wp-json\/wp\/v2\/product_cat?post=10652"},{"taxonomy":"product_tag","embeddable":true,"href":"https:\/\/xstyle.md\/ro\/wp-json\/wp\/v2\/product_tag?post=10652"}],"curies":[{"name":"wp","href":"https:\/\/api.w.org\/{rel}","templated":true}]}}