{"id":105143,"date":"2026-04-08T13:20:26","date_gmt":"2026-04-08T10:20:26","guid":{"rendered":"https:\/\/xstyle.md\/?post_type=product&#038;p=105143"},"modified":"2026-04-15T12:58:30","modified_gmt":"2026-04-15T09:58:30","slug":"kruzhka-sea-to-summit-detour-stainless-steel-collapsible-475-ml-beluga-grey","status":"publish","type":"product","link":"https:\/\/dev.xstyle.md\/ro\/produs\/kruzhka-sea-to-summit-detour-stainless-steel-collapsible-475-ml-beluga-grey\/","title":{"rendered":"Can\u0103  Sea To Summit Detour Stainless Steel Collapsible 475 ml beluga grey"},"content":{"rendered":"<\/p>\n<p><strong>Sea To Summit Detour Stainless Steel Collapsible 475 ml beluga grey<\/strong> &#8212; este o can\u0103 pliabil\u0103 inovatoare care stabile\u0219te un nou standard pentru vesela de camping. Combin\u00e2nd durabilitatea o\u021belului inoxidabil cu compactitatea siliconului flexibil, aceasta este ideal\u0103 pentru cei care apreciaz\u0103 func\u021bionalitatea \u0219i economisirea spa\u021biului \u00een rucsac. Datorit\u0103 designului bine g\u00e2ndit, cana ocup\u0103 un spa\u021biu minim atunci c\u00e2nd este pliat\u0103, \u00een timp ce \u00een stare depliat\u0103 este extrem de stabil\u0103 \u0219i confortabil\u0103 \u00een utilizare.<\/p>\n<h3>Particularit\u0103\u021bi<\/h3>\n<ul>\n<li>Construc\u021bie pliabil\u0103 &#8212; se reduce la o \u00een\u0103l\u021bime de 31 mm pentru o depozitare \u0219i un transport facil<\/li>\n<li>O\u021bel inoxidabil alimentar &#8212; fundul \u0219i marginea sunt fabricate din o\u021bel de \u00eenalt\u0103 calitate pentru durabilitate \u0219i igien\u0103<\/li>\n<li>Silicon alimentar rezistent la c\u0103ldur\u0103 &#8212; pere\u021bii laterali permit plierea u\u0219oar\u0103 a c\u0103nii \u0219i rezist\u0103 la temperaturi ridicate<\/li>\n<li>Design ergonomic &#8212; forma c\u0103nii este proiectat\u0103 pentru o prindere confortabil\u0103 \u0219i stabilitate pe suprafe\u021be neregulate<\/li>\n<li>BPA-free &#8212; materiale complet sigure, care nu con\u021bin impurit\u0103\u021bi d\u0103un\u0103toare<\/li>\n<li>Compatibilitate &#8212; se potrive\u0219te perfect \u00een interiorul altor articole din seria Detour pentru a crea un sistem de vesel\u0103 compact<\/li>\n<\/ul>\n<h3>Caracteristici<\/h3>\n<ul>\n<li>Material &#8212; o\u021bel inoxidabil \u0219i silicon<\/li>\n<li>Volum &#8212; 475 ml<\/li>\n<li>Greutate &#8212; 125 g<\/li>\n<li>Ad\u00e2ncime &#8212; 98 mm<\/li>\n<li>\u00cen\u0103l\u021bime pliat\u0103 &#8212; 31 mm<\/li>\n<li>Diametru &#8212; 98 mm<\/li>\n<\/ul>\n<p><\/p>\n<h3>Marca<\/h3>\n<p>Sea to Summit este un brand fondat \u00een anul 1990 \u00een Australia. Sortimentul s\u0103u cuprinde echipamente unice \u0219i utile pentru turism \u0219i c\u0103l\u0103torii: huse impermeabile, prosoape din microfibr\u0103, vesel\u0103 pliabil\u0103 din silicon, gen\u021bi, rucsacuri, corturi \u0219i saci de dormit. Fiecare obiect dezvoltat de companie este conceput pentru a avea o greutate minim\u0103 \u0219i o func\u021bionalitate maxim\u0103.<\/p>","protected":false},"excerpt":{"rendered":"<p>\u0411\u0440\u0435\u043d\u0434 Sea to Summit \u2013 \u0431\u0440\u0435\u043d\u0434, \u043e\u0441\u043d\u043e\u0432\u0430\u043d\u043d\u044b\u0439 \u0432 1990 \u0433\u043e\u0434\u0443 \u0432 \u0410\u0432\u0441\u0442\u0440\u0430\u043b\u0438\u0438. \u0412 \u0435\u0433\u043e \u0430\u0441\u0441\u043e\u0440\u0442\u0438\u043c\u0435\u043d\u0442\u0435 \u0443\u043d\u0438\u043a\u0430\u043b\u044c\u043d\u043e\u0435 \u0438 \u043f\u043e\u043b\u0435\u0437\u043d\u043e\u0435 \u0441\u043d\u0430\u0440\u044f\u0436\u0435\u043d\u0438\u0435 \u0434\u043b\u044f<\/p>","protected":false},"featured_media":105630,"comment_status":"open","ping_status":"closed","template":"","meta":{"_acf_changed":false,"inline_featured_image":false},"product_brand":[1281],"product_cat":[151],"product_tag":[],"class_list":{"0":"post-105143","1":"product","2":"type-product","3":"status-publish","4":"has-post-thumbnail","6":"product_brand-sea-to-summit","7":"product_cat-bowls-and-mugs","9":"first","10":"instock","11":"shipping-taxable","12":"purchasable","13":"product-type-simple"},"acf":[],"yoast_head":"<!-- This site is optimized with the Yoast SEO plugin v27.4 - https:\/\/yoast.com\/product\/yoast-seo-wordpress\/ -->\n<title>\u041a\u0440\u0443\u0436\u043a\u0430 Sea To Summit Detour Stainless Steel Collapsible 475 ml beluga grey - \u041c\u0430\u0433\u0430\u0437\u0438\u043d Xstyle<\/title>\n<meta name=\"robots\" content=\"noindex, follow, max-snippet:-1, max-image-preview:large, max-video-preview:-1\" \/>\n<meta property=\"og:locale\" content=\"ro_RO\" \/>\n<meta property=\"og:type\" content=\"article\" \/>\n<meta property=\"og:title\" content=\"\u041a\u0440\u0443\u0436\u043a\u0430 Sea To Summit Detour Stainless Steel Collapsible 475 ml beluga grey - \u041c\u0430\u0433\u0430\u0437\u0438\u043d Xstyle\" \/>\n<meta property=\"og:description\" content=\"\u0411\u0440\u0435\u043d\u0434 Sea to Summit \u2013 \u0431\u0440\u0435\u043d\u0434, \u043e\u0441\u043d\u043e\u0432\u0430\u043d\u043d\u044b\u0439 \u0432 1990 \u0433\u043e\u0434\u0443 \u0432 \u0410\u0432\u0441\u0442\u0440\u0430\u043b\u0438\u0438. \u0412 \u0435\u0433\u043e \u0430\u0441\u0441\u043e\u0440\u0442\u0438\u043c\u0435\u043d\u0442\u0435 \u0443\u043d\u0438\u043a\u0430\u043b\u044c\u043d\u043e\u0435 \u0438 \u043f\u043e\u043b\u0435\u0437\u043d\u043e\u0435 \u0441\u043d\u0430\u0440\u044f\u0436\u0435\u043d\u0438\u0435 \u0434\u043b\u044f\" \/>\n<meta property=\"og:url\" content=\"https:\/\/dev.xstyle.md\/ro\/produs\/kruzhka-sea-to-summit-detour-stainless-steel-collapsible-475-ml-beluga-grey\/\" \/>\n<meta property=\"og:site_name\" content=\"\u041c\u0430\u0433\u0430\u0437\u0438\u043d Xstyle\" \/>\n<meta property=\"article:publisher\" content=\"https:\/\/www.facebook.com\/xstylemd\" \/>\n<meta property=\"article:modified_time\" content=\"2026-04-15T09:58:30+00:00\" \/>\n<meta property=\"og:image\" content=\"https:\/\/xstyle.md\/wp-content\/uploads\/2026\/04\/sea-to-summit-detour-stainless-steel-collapsible-475-ml-beluga-grey.webp\" \/>\n\t<meta property=\"og:image:width\" content=\"1200\" \/>\n\t<meta property=\"og:image:height\" content=\"1200\" \/>\n\t<meta property=\"og:image:type\" content=\"image\/webp\" \/>\n<meta name=\"twitter:card\" content=\"summary_large_image\" \/>\n<meta name=\"twitter:label1\" content=\"Pre\u021b\" \/>\n\t<meta name=\"twitter:data1\" content=\"470,00&nbsp;MDL\" \/>\n\t<meta name=\"twitter:label2\" content=\"Disponibilitate\" \/>\n\t<meta name=\"twitter:data2\" content=\"\u00cen stoc\" \/>\n<script type=\"application\/ld+json\" class=\"yoast-schema-graph\">{\"@context\":\"https:\\\/\\\/schema.org\",\"@graph\":[{\"@type\":\"WebPage\",\"@id\":\"https:\\\/\\\/dev.xstyle.md\\\/product\\\/kruzhka-sea-to-summit-detour-stainless-steel-collapsible-475-ml-beluga-grey\\\/\",\"url\":\"https:\\\/\\\/dev.xstyle.md\\\/product\\\/kruzhka-sea-to-summit-detour-stainless-steel-collapsible-475-ml-beluga-grey\\\/\",\"name\":\"\u041a\u0440\u0443\u0436\u043a\u0430 Sea To Summit Detour Stainless Steel Collapsible 475 ml beluga grey - \u041c\u0430\u0433\u0430\u0437\u0438\u043d Xstyle\",\"isPartOf\":{\"@id\":\"https:\\\/\\\/dev.xstyle.md\\\/#website\"},\"primaryImageOfPage\":{\"@id\":\"https:\\\/\\\/dev.xstyle.md\\\/product\\\/kruzhka-sea-to-summit-detour-stainless-steel-collapsible-475-ml-beluga-grey\\\/#primaryimage\"},\"image\":{\"@id\":\"https:\\\/\\\/dev.xstyle.md\\\/product\\\/kruzhka-sea-to-summit-detour-stainless-steel-collapsible-475-ml-beluga-grey\\\/#primaryimage\"},\"thumbnailUrl\":\"https:\\\/\\\/dev.xstyle.md\\\/wp-content\\\/uploads\\\/2026\\\/04\\\/sea-to-summit-detour-stainless-steel-collapsible-475-ml-beluga-grey.webp\",\"datePublished\":\"2026-04-08T10:20:26+00:00\",\"dateModified\":\"2026-04-15T09:58:30+00:00\",\"breadcrumb\":{\"@id\":\"https:\\\/\\\/dev.xstyle.md\\\/product\\\/kruzhka-sea-to-summit-detour-stainless-steel-collapsible-475-ml-beluga-grey\\\/#breadcrumb\"},\"inLanguage\":\"ro-RO\",\"potentialAction\":[{\"@type\":\"ReadAction\",\"target\":[\"https:\\\/\\\/dev.xstyle.md\\\/product\\\/kruzhka-sea-to-summit-detour-stainless-steel-collapsible-475-ml-beluga-grey\\\/\"]}]},{\"@type\":\"ImageObject\",\"inLanguage\":\"ro-RO\",\"@id\":\"https:\\\/\\\/dev.xstyle.md\\\/product\\\/kruzhka-sea-to-summit-detour-stainless-steel-collapsible-475-ml-beluga-grey\\\/#primaryimage\",\"url\":\"https:\\\/\\\/dev.xstyle.md\\\/wp-content\\\/uploads\\\/2026\\\/04\\\/sea-to-summit-detour-stainless-steel-collapsible-475-ml-beluga-grey.webp\",\"contentUrl\":\"https:\\\/\\\/dev.xstyle.md\\\/wp-content\\\/uploads\\\/2026\\\/04\\\/sea-to-summit-detour-stainless-steel-collapsible-475-ml-beluga-grey.webp\",\"width\":1200,\"height\":1200},{\"@type\":\"BreadcrumbList\",\"@id\":\"https:\\\/\\\/dev.xstyle.md\\\/product\\\/kruzhka-sea-to-summit-detour-stainless-steel-collapsible-475-ml-beluga-grey\\\/#breadcrumb\",\"itemListElement\":[{\"@type\":\"ListItem\",\"position\":1,\"name\":\"\u0413\u043b\u0430\u0432\u043d\u0430\u044f \u0441\u0442\u0440\u0430\u043d\u0438\u0446\u0430\",\"item\":\"https:\\\/\\\/dev.xstyle.md\\\/\"},{\"@type\":\"ListItem\",\"position\":2,\"name\":\"Shop\",\"item\":\"https:\\\/\\\/dev.xstyle.md\\\/shop\\\/\"},{\"@type\":\"ListItem\",\"position\":3,\"name\":\"\u041a\u0440\u0443\u0436\u043a\u0430 Sea To Summit Detour Stainless Steel Collapsible 475 ml beluga grey\"}]},{\"@type\":\"WebSite\",\"@id\":\"https:\\\/\\\/dev.xstyle.md\\\/#website\",\"url\":\"https:\\\/\\\/dev.xstyle.md\\\/\",\"name\":\"\u041c\u0430\u0433\u0430\u0437\u0438\u043d Xstyle\",\"description\":\"C\u043d\u0430\u0440\u044f\u0436\u0435\u043d\u0438\u0435 \u0434\u043b\u044f \u0442\u0443\u0440\u0438\u0437\u043c\u0430 \u0438 \u044d\u043a\u0441\u0442\u0440\u0435\u043c\u0430\u043b\u044c\u043d\u044b\u0445 \u0432\u0438\u0434\u043e\u0432 \u0441\u043f\u043e\u0440\u0442\u0430 \u0432 \u041c\u043e\u043b\u0434\u043e\u0432\u0435.. \u0426\u0435\u043d\u044b, \u0444\u043e\u0442\u043e, \u0445\u0430\u0440\u0430\u043a\u0442\u0435\u0440\u0438\u0441\u0442\u0438\u043a\u0438 \u0432 \u041c\u043e\u043b\u0434\u043e\u0432\u0435.\",\"publisher\":{\"@id\":\"https:\\\/\\\/dev.xstyle.md\\\/#organization\"},\"alternateName\":\"X-Style\",\"potentialAction\":[{\"@type\":\"SearchAction\",\"target\":{\"@type\":\"EntryPoint\",\"urlTemplate\":\"https:\\\/\\\/dev.xstyle.md\\\/?s={search_term_string}\"},\"query-input\":{\"@type\":\"PropertyValueSpecification\",\"valueRequired\":true,\"valueName\":\"search_term_string\"}}],\"inLanguage\":\"ro-RO\"},{\"@type\":\"Organization\",\"@id\":\"https:\\\/\\\/dev.xstyle.md\\\/#organization\",\"name\":\"\u041c\u0430\u0433\u0430\u0437\u0438\u043d Xstyle\",\"alternateName\":\"x-style\",\"url\":\"https:\\\/\\\/dev.xstyle.md\\\/\",\"logo\":{\"@type\":\"ImageObject\",\"inLanguage\":\"ro-RO\",\"@id\":\"https:\\\/\\\/dev.xstyle.md\\\/#\\\/schema\\\/logo\\\/image\\\/\",\"url\":\"https:\\\/\\\/dev.xstyle.md\\\/wp-content\\\/uploads\\\/2020\\\/06\\\/logoicon.svg\",\"contentUrl\":\"https:\\\/\\\/dev.xstyle.md\\\/wp-content\\\/uploads\\\/2020\\\/06\\\/logoicon.svg\",\"caption\":\"\u041c\u0430\u0433\u0430\u0437\u0438\u043d Xstyle\"},\"image\":{\"@id\":\"https:\\\/\\\/dev.xstyle.md\\\/#\\\/schema\\\/logo\\\/image\\\/\"},\"sameAs\":[\"https:\\\/\\\/www.facebook.com\\\/xstylemd\",\"https:\\\/\\\/www.instagram.com\\\/xstyle_md\\\/\",\"https:\\\/\\\/t.me\\\/xstyle_outdoor\"],\"hasMerchantReturnPolicy\":{\"@type\":\"MerchantReturnPolicy\",\"merchantReturnLink\":\"https:\\\/\\\/dev.xstyle.md\\\/ro\\\/conditions\\\/\"}}]}<\/script>\n<meta property=\"product:price:amount\" content=\"470.00\" \/>\n<meta property=\"product:price:currency\" content=\"MDL\" \/>\n<meta property=\"og:availability\" content=\"instock\" \/>\n<meta property=\"product:availability\" content=\"instock\" \/>\n<meta property=\"product:retailer_item_id\" content=\"9327868160655\" \/>\n<meta property=\"product:condition\" content=\"new\" \/>\n<!-- \/ Yoast SEO plugin. -->","yoast_head_json":{"title":"\u041a\u0440\u0443\u0436\u043a\u0430 Sea To Summit Detour Stainless Steel Collapsible 475 ml beluga grey - \u041c\u0430\u0433\u0430\u0437\u0438\u043d Xstyle","robots":{"index":"noindex","follow":"follow","max-snippet":"max-snippet:-1","max-image-preview":"max-image-preview:large","max-video-preview":"max-video-preview:-1"},"og_locale":"ro_RO","og_type":"article","og_title":"\u041a\u0440\u0443\u0436\u043a\u0430 Sea To Summit Detour Stainless Steel Collapsible 475 ml beluga grey - \u041c\u0430\u0433\u0430\u0437\u0438\u043d Xstyle","og_description":"\u0411\u0440\u0435\u043d\u0434 Sea to Summit \u2013 \u0431\u0440\u0435\u043d\u0434, \u043e\u0441\u043d\u043e\u0432\u0430\u043d\u043d\u044b\u0439 \u0432 1990 \u0433\u043e\u0434\u0443 \u0432 \u0410\u0432\u0441\u0442\u0440\u0430\u043b\u0438\u0438. \u0412 \u0435\u0433\u043e \u0430\u0441\u0441\u043e\u0440\u0442\u0438\u043c\u0435\u043d\u0442\u0435 \u0443\u043d\u0438\u043a\u0430\u043b\u044c\u043d\u043e\u0435 \u0438 \u043f\u043e\u043b\u0435\u0437\u043d\u043e\u0435 \u0441\u043d\u0430\u0440\u044f\u0436\u0435\u043d\u0438\u0435 \u0434\u043b\u044f","og_url":"https:\/\/dev.xstyle.md\/ro\/produs\/kruzhka-sea-to-summit-detour-stainless-steel-collapsible-475-ml-beluga-grey\/","og_site_name":"\u041c\u0430\u0433\u0430\u0437\u0438\u043d Xstyle","article_publisher":"https:\/\/www.facebook.com\/xstylemd","article_modified_time":"2026-04-15T09:58:30+00:00","og_image":[{"width":1200,"height":1200,"url":"https:\/\/xstyle.md\/wp-content\/uploads\/2026\/04\/sea-to-summit-detour-stainless-steel-collapsible-475-ml-beluga-grey.webp","type":"image\/webp"}],"twitter_card":"summary_large_image","twitter_misc":{"Pre\u021b":"470,00&nbsp;MDL","Disponibilitate":"\u00cen stoc"},"schema":{"@context":"https:\/\/schema.org","@graph":[{"@type":"WebPage","@id":"https:\/\/dev.xstyle.md\/product\/kruzhka-sea-to-summit-detour-stainless-steel-collapsible-475-ml-beluga-grey\/","url":"https:\/\/dev.xstyle.md\/product\/kruzhka-sea-to-summit-detour-stainless-steel-collapsible-475-ml-beluga-grey\/","name":"\u041a\u0440\u0443\u0436\u043a\u0430 Sea To Summit Detour Stainless Steel Collapsible 475 ml beluga grey - \u041c\u0430\u0433\u0430\u0437\u0438\u043d Xstyle","isPartOf":{"@id":"https:\/\/dev.xstyle.md\/#website"},"primaryImageOfPage":{"@id":"https:\/\/dev.xstyle.md\/product\/kruzhka-sea-to-summit-detour-stainless-steel-collapsible-475-ml-beluga-grey\/#primaryimage"},"image":{"@id":"https:\/\/dev.xstyle.md\/product\/kruzhka-sea-to-summit-detour-stainless-steel-collapsible-475-ml-beluga-grey\/#primaryimage"},"thumbnailUrl":"https:\/\/dev.xstyle.md\/wp-content\/uploads\/2026\/04\/sea-to-summit-detour-stainless-steel-collapsible-475-ml-beluga-grey.webp","datePublished":"2026-04-08T10:20:26+00:00","dateModified":"2026-04-15T09:58:30+00:00","breadcrumb":{"@id":"https:\/\/dev.xstyle.md\/product\/kruzhka-sea-to-summit-detour-stainless-steel-collapsible-475-ml-beluga-grey\/#breadcrumb"},"inLanguage":"ro-RO","potentialAction":[{"@type":"ReadAction","target":["https:\/\/dev.xstyle.md\/product\/kruzhka-sea-to-summit-detour-stainless-steel-collapsible-475-ml-beluga-grey\/"]}]},{"@type":"ImageObject","inLanguage":"ro-RO","@id":"https:\/\/dev.xstyle.md\/product\/kruzhka-sea-to-summit-detour-stainless-steel-collapsible-475-ml-beluga-grey\/#primaryimage","url":"https:\/\/dev.xstyle.md\/wp-content\/uploads\/2026\/04\/sea-to-summit-detour-stainless-steel-collapsible-475-ml-beluga-grey.webp","contentUrl":"https:\/\/dev.xstyle.md\/wp-content\/uploads\/2026\/04\/sea-to-summit-detour-stainless-steel-collapsible-475-ml-beluga-grey.webp","width":1200,"height":1200},{"@type":"BreadcrumbList","@id":"https:\/\/dev.xstyle.md\/product\/kruzhka-sea-to-summit-detour-stainless-steel-collapsible-475-ml-beluga-grey\/#breadcrumb","itemListElement":[{"@type":"ListItem","position":1,"name":"\u0413\u043b\u0430\u0432\u043d\u0430\u044f \u0441\u0442\u0440\u0430\u043d\u0438\u0446\u0430","item":"https:\/\/dev.xstyle.md\/"},{"@type":"ListItem","position":2,"name":"Shop","item":"https:\/\/dev.xstyle.md\/shop\/"},{"@type":"ListItem","position":3,"name":"\u041a\u0440\u0443\u0436\u043a\u0430 Sea To Summit Detour Stainless Steel Collapsible 475 ml beluga grey"}]},{"@type":"WebSite","@id":"https:\/\/dev.xstyle.md\/#website","url":"https:\/\/dev.xstyle.md\/","name":"Magazinul X-Style","description":"Echipamente pentru turism \u0219i sporturi extreme \u00een Moldova. Pre\u021buri, fotografii, caracteristici \u00een Moldova.","publisher":{"@id":"https:\/\/dev.xstyle.md\/#organization"},"alternateName":"X-Style","potentialAction":[{"@type":"SearchAction","target":{"@type":"EntryPoint","urlTemplate":"https:\/\/dev.xstyle.md\/?s={search_term_string}"},"query-input":{"@type":"PropertyValueSpecification","valueRequired":true,"valueName":"search_term_string"}}],"inLanguage":"ro-RO"},{"@type":"Organization","@id":"https:\/\/dev.xstyle.md\/#organization","name":"Magazinul X-Style","alternateName":"x-style","url":"https:\/\/dev.xstyle.md\/","logo":{"@type":"ImageObject","inLanguage":"ro-RO","@id":"https:\/\/dev.xstyle.md\/#\/schema\/logo\/image\/","url":"https:\/\/dev.xstyle.md\/wp-content\/uploads\/2020\/06\/logoicon.svg","contentUrl":"https:\/\/dev.xstyle.md\/wp-content\/uploads\/2020\/06\/logoicon.svg","caption":"\u041c\u0430\u0433\u0430\u0437\u0438\u043d Xstyle"},"image":{"@id":"https:\/\/dev.xstyle.md\/#\/schema\/logo\/image\/"},"sameAs":["https:\/\/www.facebook.com\/xstylemd","https:\/\/www.instagram.com\/xstyle_md\/","https:\/\/t.me\/xstyle_outdoor"],"hasMerchantReturnPolicy":{"@type":"MerchantReturnPolicy","merchantReturnLink":"https:\/\/dev.xstyle.md\/ro\/conditions\/"}}]},"product_price_amount":"470.00","product_price_currency":"MDL","og_availability":"instock","product_availability":"instock","product_retailer_item_id":"9327868160655","product_condition":"new"},"post_mailing_queue_ids":[],"_links":{"self":[{"href":"https:\/\/dev.xstyle.md\/ro\/wp-json\/wp\/v2\/product\/105143","targetHints":{"allow":["GET"]}}],"collection":[{"href":"https:\/\/dev.xstyle.md\/ro\/wp-json\/wp\/v2\/product"}],"about":[{"href":"https:\/\/dev.xstyle.md\/ro\/wp-json\/wp\/v2\/types\/product"}],"replies":[{"embeddable":true,"href":"https:\/\/dev.xstyle.md\/ro\/wp-json\/wp\/v2\/comments?post=105143"}],"version-history":[{"count":1,"href":"https:\/\/dev.xstyle.md\/ro\/wp-json\/wp\/v2\/product\/105143\/revisions"}],"predecessor-version":[{"id":105632,"href":"https:\/\/dev.xstyle.md\/ro\/wp-json\/wp\/v2\/product\/105143\/revisions\/105632"}],"wp:featuredmedia":[{"embeddable":true,"href":"https:\/\/dev.xstyle.md\/ro\/wp-json\/wp\/v2\/media\/105630"}],"wp:attachment":[{"href":"https:\/\/dev.xstyle.md\/ro\/wp-json\/wp\/v2\/media?parent=105143"}],"wp:term":[{"taxonomy":"product_brand","embeddable":true,"href":"https:\/\/dev.xstyle.md\/ro\/wp-json\/wp\/v2\/product_brand?post=105143"},{"taxonomy":"product_cat","embeddable":true,"href":"https:\/\/dev.xstyle.md\/ro\/wp-json\/wp\/v2\/product_cat?post=105143"},{"taxonomy":"product_tag","embeddable":true,"href":"https:\/\/dev.xstyle.md\/ro\/wp-json\/wp\/v2\/product_tag?post=105143"}],"curies":[{"name":"wp","href":"https:\/\/api.w.org\/{rel}","templated":true}]}}