{"id":105103,"date":"2026-04-08T13:20:22","date_gmt":"2026-04-08T10:20:22","guid":{"rendered":"https:\/\/xstyle.md\/?post_type=product&#038;p=105103"},"modified":"2026-04-14T11:36:40","modified_gmt":"2026-04-14T08:36:40","slug":"skladnaya-lozhka-vilka-pinguin-spork-steel","status":"publish","type":"product","link":"https:\/\/dev.xstyle.md\/ro\/produs\/skladnaya-lozhka-vilka-pinguin-spork-steel\/","title":{"rendered":"Lingur\u0103 - furculi\u021b\u0103 Pliabil\u0103 Pinguin Spork Steel"},"content":{"rendered":"<\/p>\n<p><strong>Pinguin Spork Steel<\/strong> &#8212; este un tac\u00e2m combinat practic \u0219i durabil (o combina\u021bie \u00eentre lingur\u0103 \u0219i furculi\u021b\u0103), fabricat din o\u021bel inoxidabil de \u00eenalt\u0103 calitate. Este solu\u021bia ideal\u0103 pentru cei care doresc s\u0103 minimizeze greutatea \u0219i volumul echipamentului de drume\u021bie, f\u0103r\u0103 a sacrifica confortul \u00een timpul mesei. Datorit\u0103 utiliz\u0103rii o\u021belului, acest accesoriu este rezistent la temperaturi ridicate, nu absoarbe mirosurile \u0219i ofer\u0103 o durabilitate mult mai mare \u00een compara\u021bie cu variantele din plastic.<\/p>\n<h3>Particularit\u0103\u021bi<\/h3>\n<ul>\n<li>Versatilitate 2-\u00een-1 \u2014 un singur obiect \u00eenlocuie\u0219te lingura \u0219i furculi\u021ba, simplific\u00e2nd organizarea buc\u0103t\u0103riei de campanie<\/li>\n<li>Material Stainless Steel \u2014 o\u021belul inoxidabil alimentar garanteaz\u0103 longevitate, rezisten\u021b\u0103 la coroziune \u0219i igien\u0103<\/li>\n<li>Finisaj mat \u2014 tratamentul special al o\u021belului face tac\u00e2mul pl\u0103cut la atingere \u0219i previne alunecarea din m\u00e2n\u0103<\/li>\n<li>Compactitate \u0219i u\u0219urin\u021b\u0103 \u2014 profilul plat permite depozitarea facil\u0103 \u00een buzunarul rucsacului sau \u00een interiorul vaselor de g\u0103tit<\/li>\n<li>Orificiu \u00een m\u00e2ner \u2014 permite ag\u0103\u021barea instrumentului pe o carabinier\u0103 sau legarea acestuia de restul echipamentului pentru a preveni pierderea<\/li>\n<\/ul>\n<h3>Caracteristici<\/h3>\n<ul>\n<li>Material \u2014 O\u021bel inoxidabil 18\/8<\/li>\n<li>Lungime \u2014 165 mm<\/li>\n<li>Greutate \u2014 32 g<\/li>\n<\/ul>\n<p><\/p>\n<h3>Marca<\/h3>\n<p>Pinguin - este cea mai experimentat\u0103 companie ceh\u0103 produc\u0103toare de echipamente outdoor, de c\u00e2nd primele produse au ap\u0103rut pe pia\u021b\u0103 \u00eenc\u0103 \u00een 1989. Echipamentul Pinguin a fost folosit de alpini\u0219ti \u0219i c\u0103l\u0103tori celebri \u00een cucerirea celor mai \u00eenalte v\u00e2rfuri muntoase din lume.<\/p>\n<p>Compania a fost numit\u0103 \u00een cinstea unei p\u0103s\u0103ri care tr\u0103ie\u0219te \u00een Antarctica, deoarece este specializat\u0103 \u00een echipamente pentru drume\u021bii care vor oferi tuturor pasiona\u021bilor odihnei active confort \u0219i c\u0103ldur\u0103 \u00een condi\u021biile reci de iarn\u0103 sau pe v\u00e2rfurile muntoase acoperite cu ghea\u021b\u0103.<\/p>","protected":false},"excerpt":{"rendered":"<p>\u0411\u0440\u0435\u043d\u0434 Pinguin \u2013 \u0441\u0430\u043c\u0430\u044f \u043e\u043f\u044b\u0442\u043d\u0430\u044f \u0447\u0435\u0448\u0441\u043a\u0430\u044f \u043a\u043e\u043c\u043f\u0430\u043d\u0438\u044f \u043f\u0440\u043e\u0438\u0437\u0432\u043e\u0434\u044f\u0449\u0430\u044f outdoor \u044d\u043a\u0438\u043f\u0438\u0440\u043e\u0432\u043a\u0443, \u0442\u0430\u043a \u043a\u0430\u043a \u043f\u0435\u0440\u0432\u0430\u044f \u043f\u0440\u043e\u0434\u0443\u043a\u0446\u0438\u044f \u0432\u043e\u0437\u043d\u0438\u043a\u043b\u0430 \u043d\u0430 \u0440\u044b\u043d\u043a\u0435 \u0435\u0449\u0435 \u0432 1989<\/p>","protected":false},"featured_media":105525,"comment_status":"open","ping_status":"closed","template":"","meta":{"_acf_changed":false,"inline_featured_image":false},"product_brand":[1263],"product_cat":[152],"product_tag":[],"class_list":{"0":"post-105103","1":"product","2":"type-product","3":"status-publish","4":"has-post-thumbnail","6":"product_brand-pinguin","7":"product_cat-spoons-and-forks","9":"first","10":"instock","11":"shipping-taxable","12":"purchasable","13":"product-type-simple"},"acf":[],"yoast_head":"<!-- This site is optimized with the Yoast SEO plugin v27.4 - https:\/\/yoast.com\/product\/yoast-seo-wordpress\/ -->\n<title>\u0421\u043a\u043b\u0430\u0434\u043d\u0430\u044f \u043b\u043e\u0436\u043a\u0430-\u0432\u0438\u043b\u043a\u0430 Pinguin Spork Steel - \u041c\u0430\u0433\u0430\u0437\u0438\u043d Xstyle<\/title>\n<meta name=\"robots\" content=\"noindex, follow, max-snippet:-1, max-image-preview:large, max-video-preview:-1\" \/>\n<meta property=\"og:locale\" content=\"ro_RO\" \/>\n<meta property=\"og:type\" content=\"article\" \/>\n<meta property=\"og:title\" content=\"\u0421\u043a\u043b\u0430\u0434\u043d\u0430\u044f \u043b\u043e\u0436\u043a\u0430-\u0432\u0438\u043b\u043a\u0430 Pinguin Spork Steel - \u041c\u0430\u0433\u0430\u0437\u0438\u043d Xstyle\" \/>\n<meta property=\"og:description\" content=\"\u0411\u0440\u0435\u043d\u0434 Pinguin \u2013 \u0441\u0430\u043c\u0430\u044f \u043e\u043f\u044b\u0442\u043d\u0430\u044f \u0447\u0435\u0448\u0441\u043a\u0430\u044f \u043a\u043e\u043c\u043f\u0430\u043d\u0438\u044f \u043f\u0440\u043e\u0438\u0437\u0432\u043e\u0434\u044f\u0449\u0430\u044f outdoor \u044d\u043a\u0438\u043f\u0438\u0440\u043e\u0432\u043a\u0443, \u0442\u0430\u043a \u043a\u0430\u043a \u043f\u0435\u0440\u0432\u0430\u044f \u043f\u0440\u043e\u0434\u0443\u043a\u0446\u0438\u044f \u0432\u043e\u0437\u043d\u0438\u043a\u043b\u0430 \u043d\u0430 \u0440\u044b\u043d\u043a\u0435 \u0435\u0449\u0435 \u0432 1989\" \/>\n<meta property=\"og:url\" content=\"https:\/\/dev.xstyle.md\/ro\/produs\/skladnaya-lozhka-vilka-pinguin-spork-steel\/\" \/>\n<meta property=\"og:site_name\" content=\"\u041c\u0430\u0433\u0430\u0437\u0438\u043d Xstyle\" \/>\n<meta property=\"article:publisher\" content=\"https:\/\/www.facebook.com\/xstylemd\" \/>\n<meta property=\"article:modified_time\" content=\"2026-04-14T08:36:40+00:00\" \/>\n<meta property=\"og:image\" content=\"https:\/\/dev.xstyle.md\/wp-content\/uploads\/2026\/04\/pinguin-spork-steel-1.webp\" \/>\n\t<meta property=\"og:image:width\" content=\"1200\" \/>\n\t<meta property=\"og:image:height\" content=\"1200\" \/>\n\t<meta property=\"og:image:type\" content=\"image\/webp\" \/>\n<meta name=\"twitter:card\" content=\"summary_large_image\" \/>\n<meta name=\"twitter:label1\" content=\"Pre\u021b\" \/>\n\t<meta name=\"twitter:data1\" content=\"145,00&nbsp;MDL\" \/>\n\t<meta name=\"twitter:label2\" content=\"Disponibilitate\" \/>\n\t<meta name=\"twitter:data2\" content=\"\u00cen stoc\" \/>\n<script type=\"application\/ld+json\" class=\"yoast-schema-graph\">{\"@context\":\"https:\\\/\\\/schema.org\",\"@graph\":[{\"@type\":\"WebPage\",\"@id\":\"https:\\\/\\\/dev.xstyle.md\\\/product\\\/skladnaya-lozhka-vilka-pinguin-spork-steel\\\/\",\"url\":\"https:\\\/\\\/dev.xstyle.md\\\/product\\\/skladnaya-lozhka-vilka-pinguin-spork-steel\\\/\",\"name\":\"\u0421\u043a\u043b\u0430\u0434\u043d\u0430\u044f \u043b\u043e\u0436\u043a\u0430-\u0432\u0438\u043b\u043a\u0430 Pinguin Spork Steel - \u041c\u0430\u0433\u0430\u0437\u0438\u043d Xstyle\",\"isPartOf\":{\"@id\":\"https:\\\/\\\/dev.xstyle.md\\\/#website\"},\"primaryImageOfPage\":{\"@id\":\"https:\\\/\\\/dev.xstyle.md\\\/product\\\/skladnaya-lozhka-vilka-pinguin-spork-steel\\\/#primaryimage\"},\"image\":{\"@id\":\"https:\\\/\\\/dev.xstyle.md\\\/product\\\/skladnaya-lozhka-vilka-pinguin-spork-steel\\\/#primaryimage\"},\"thumbnailUrl\":\"https:\\\/\\\/dev.xstyle.md\\\/wp-content\\\/uploads\\\/2026\\\/04\\\/pinguin-spork-steel-1.webp\",\"datePublished\":\"2026-04-08T10:20:22+00:00\",\"dateModified\":\"2026-04-14T08:36:40+00:00\",\"breadcrumb\":{\"@id\":\"https:\\\/\\\/dev.xstyle.md\\\/product\\\/skladnaya-lozhka-vilka-pinguin-spork-steel\\\/#breadcrumb\"},\"inLanguage\":\"ro-RO\",\"potentialAction\":[{\"@type\":\"ReadAction\",\"target\":[\"https:\\\/\\\/dev.xstyle.md\\\/product\\\/skladnaya-lozhka-vilka-pinguin-spork-steel\\\/\"]}]},{\"@type\":\"ImageObject\",\"inLanguage\":\"ro-RO\",\"@id\":\"https:\\\/\\\/dev.xstyle.md\\\/product\\\/skladnaya-lozhka-vilka-pinguin-spork-steel\\\/#primaryimage\",\"url\":\"https:\\\/\\\/dev.xstyle.md\\\/wp-content\\\/uploads\\\/2026\\\/04\\\/pinguin-spork-steel-1.webp\",\"contentUrl\":\"https:\\\/\\\/dev.xstyle.md\\\/wp-content\\\/uploads\\\/2026\\\/04\\\/pinguin-spork-steel-1.webp\",\"width\":1200,\"height\":1200},{\"@type\":\"BreadcrumbList\",\"@id\":\"https:\\\/\\\/dev.xstyle.md\\\/product\\\/skladnaya-lozhka-vilka-pinguin-spork-steel\\\/#breadcrumb\",\"itemListElement\":[{\"@type\":\"ListItem\",\"position\":1,\"name\":\"\u0413\u043b\u0430\u0432\u043d\u0430\u044f \u0441\u0442\u0440\u0430\u043d\u0438\u0446\u0430\",\"item\":\"https:\\\/\\\/dev.xstyle.md\\\/\"},{\"@type\":\"ListItem\",\"position\":2,\"name\":\"Shop\",\"item\":\"https:\\\/\\\/dev.xstyle.md\\\/shop\\\/\"},{\"@type\":\"ListItem\",\"position\":3,\"name\":\"\u0421\u043a\u043b\u0430\u0434\u043d\u0430\u044f \u043b\u043e\u0436\u043a\u0430-\u0432\u0438\u043b\u043a\u0430 Pinguin Spork Steel\"}]},{\"@type\":\"WebSite\",\"@id\":\"https:\\\/\\\/dev.xstyle.md\\\/#website\",\"url\":\"https:\\\/\\\/dev.xstyle.md\\\/\",\"name\":\"\u041c\u0430\u0433\u0430\u0437\u0438\u043d Xstyle\",\"description\":\"C\u043d\u0430\u0440\u044f\u0436\u0435\u043d\u0438\u0435 \u0434\u043b\u044f \u0442\u0443\u0440\u0438\u0437\u043c\u0430 \u0438 \u044d\u043a\u0441\u0442\u0440\u0435\u043c\u0430\u043b\u044c\u043d\u044b\u0445 \u0432\u0438\u0434\u043e\u0432 \u0441\u043f\u043e\u0440\u0442\u0430 \u0432 \u041c\u043e\u043b\u0434\u043e\u0432\u0435.. \u0426\u0435\u043d\u044b, \u0444\u043e\u0442\u043e, \u0445\u0430\u0440\u0430\u043a\u0442\u0435\u0440\u0438\u0441\u0442\u0438\u043a\u0438 \u0432 \u041c\u043e\u043b\u0434\u043e\u0432\u0435.\",\"publisher\":{\"@id\":\"https:\\\/\\\/dev.xstyle.md\\\/#organization\"},\"alternateName\":\"X-Style\",\"potentialAction\":[{\"@type\":\"SearchAction\",\"target\":{\"@type\":\"EntryPoint\",\"urlTemplate\":\"https:\\\/\\\/dev.xstyle.md\\\/?s={search_term_string}\"},\"query-input\":{\"@type\":\"PropertyValueSpecification\",\"valueRequired\":true,\"valueName\":\"search_term_string\"}}],\"inLanguage\":\"ro-RO\"},{\"@type\":\"Organization\",\"@id\":\"https:\\\/\\\/dev.xstyle.md\\\/#organization\",\"name\":\"\u041c\u0430\u0433\u0430\u0437\u0438\u043d Xstyle\",\"alternateName\":\"x-style\",\"url\":\"https:\\\/\\\/dev.xstyle.md\\\/\",\"logo\":{\"@type\":\"ImageObject\",\"inLanguage\":\"ro-RO\",\"@id\":\"https:\\\/\\\/dev.xstyle.md\\\/#\\\/schema\\\/logo\\\/image\\\/\",\"url\":\"https:\\\/\\\/dev.xstyle.md\\\/wp-content\\\/uploads\\\/2020\\\/06\\\/logoicon.svg\",\"contentUrl\":\"https:\\\/\\\/dev.xstyle.md\\\/wp-content\\\/uploads\\\/2020\\\/06\\\/logoicon.svg\",\"caption\":\"\u041c\u0430\u0433\u0430\u0437\u0438\u043d Xstyle\"},\"image\":{\"@id\":\"https:\\\/\\\/dev.xstyle.md\\\/#\\\/schema\\\/logo\\\/image\\\/\"},\"sameAs\":[\"https:\\\/\\\/www.facebook.com\\\/xstylemd\",\"https:\\\/\\\/www.instagram.com\\\/xstyle_md\\\/\",\"https:\\\/\\\/t.me\\\/xstyle_outdoor\"],\"hasMerchantReturnPolicy\":{\"@type\":\"MerchantReturnPolicy\",\"merchantReturnLink\":\"https:\\\/\\\/dev.xstyle.md\\\/ro\\\/conditions\\\/\"}}]}<\/script>\n<meta property=\"product:price:amount\" content=\"145.00\" \/>\n<meta property=\"product:price:currency\" content=\"MDL\" \/>\n<meta property=\"og:availability\" content=\"instock\" \/>\n<meta property=\"product:availability\" content=\"instock\" \/>\n<meta property=\"product:retailer_item_id\" content=\"8592638607000\" \/>\n<meta property=\"product:condition\" content=\"new\" \/>\n<!-- \/ Yoast SEO plugin. -->","yoast_head_json":{"title":"\u0421\u043a\u043b\u0430\u0434\u043d\u0430\u044f \u043b\u043e\u0436\u043a\u0430-\u0432\u0438\u043b\u043a\u0430 Pinguin Spork Steel - \u041c\u0430\u0433\u0430\u0437\u0438\u043d Xstyle","robots":{"index":"noindex","follow":"follow","max-snippet":"max-snippet:-1","max-image-preview":"max-image-preview:large","max-video-preview":"max-video-preview:-1"},"og_locale":"ro_RO","og_type":"article","og_title":"\u0421\u043a\u043b\u0430\u0434\u043d\u0430\u044f \u043b\u043e\u0436\u043a\u0430-\u0432\u0438\u043b\u043a\u0430 Pinguin Spork Steel - \u041c\u0430\u0433\u0430\u0437\u0438\u043d Xstyle","og_description":"\u0411\u0440\u0435\u043d\u0434 Pinguin \u2013 \u0441\u0430\u043c\u0430\u044f \u043e\u043f\u044b\u0442\u043d\u0430\u044f \u0447\u0435\u0448\u0441\u043a\u0430\u044f \u043a\u043e\u043c\u043f\u0430\u043d\u0438\u044f \u043f\u0440\u043e\u0438\u0437\u0432\u043e\u0434\u044f\u0449\u0430\u044f outdoor \u044d\u043a\u0438\u043f\u0438\u0440\u043e\u0432\u043a\u0443, \u0442\u0430\u043a \u043a\u0430\u043a \u043f\u0435\u0440\u0432\u0430\u044f \u043f\u0440\u043e\u0434\u0443\u043a\u0446\u0438\u044f \u0432\u043e\u0437\u043d\u0438\u043a\u043b\u0430 \u043d\u0430 \u0440\u044b\u043d\u043a\u0435 \u0435\u0449\u0435 \u0432 1989","og_url":"https:\/\/dev.xstyle.md\/ro\/produs\/skladnaya-lozhka-vilka-pinguin-spork-steel\/","og_site_name":"\u041c\u0430\u0433\u0430\u0437\u0438\u043d Xstyle","article_publisher":"https:\/\/www.facebook.com\/xstylemd","article_modified_time":"2026-04-14T08:36:40+00:00","og_image":[{"width":1200,"height":1200,"url":"https:\/\/dev.xstyle.md\/wp-content\/uploads\/2026\/04\/pinguin-spork-steel-1.webp","type":"image\/webp"}],"twitter_card":"summary_large_image","twitter_misc":{"Pre\u021b":"145,00&nbsp;MDL","Disponibilitate":"\u00cen stoc"},"schema":{"@context":"https:\/\/schema.org","@graph":[{"@type":"WebPage","@id":"https:\/\/dev.xstyle.md\/product\/skladnaya-lozhka-vilka-pinguin-spork-steel\/","url":"https:\/\/dev.xstyle.md\/product\/skladnaya-lozhka-vilka-pinguin-spork-steel\/","name":"\u0421\u043a\u043b\u0430\u0434\u043d\u0430\u044f \u043b\u043e\u0436\u043a\u0430-\u0432\u0438\u043b\u043a\u0430 Pinguin Spork Steel - \u041c\u0430\u0433\u0430\u0437\u0438\u043d Xstyle","isPartOf":{"@id":"https:\/\/dev.xstyle.md\/#website"},"primaryImageOfPage":{"@id":"https:\/\/dev.xstyle.md\/product\/skladnaya-lozhka-vilka-pinguin-spork-steel\/#primaryimage"},"image":{"@id":"https:\/\/dev.xstyle.md\/product\/skladnaya-lozhka-vilka-pinguin-spork-steel\/#primaryimage"},"thumbnailUrl":"https:\/\/dev.xstyle.md\/wp-content\/uploads\/2026\/04\/pinguin-spork-steel-1.webp","datePublished":"2026-04-08T10:20:22+00:00","dateModified":"2026-04-14T08:36:40+00:00","breadcrumb":{"@id":"https:\/\/dev.xstyle.md\/product\/skladnaya-lozhka-vilka-pinguin-spork-steel\/#breadcrumb"},"inLanguage":"ro-RO","potentialAction":[{"@type":"ReadAction","target":["https:\/\/dev.xstyle.md\/product\/skladnaya-lozhka-vilka-pinguin-spork-steel\/"]}]},{"@type":"ImageObject","inLanguage":"ro-RO","@id":"https:\/\/dev.xstyle.md\/product\/skladnaya-lozhka-vilka-pinguin-spork-steel\/#primaryimage","url":"https:\/\/dev.xstyle.md\/wp-content\/uploads\/2026\/04\/pinguin-spork-steel-1.webp","contentUrl":"https:\/\/dev.xstyle.md\/wp-content\/uploads\/2026\/04\/pinguin-spork-steel-1.webp","width":1200,"height":1200},{"@type":"BreadcrumbList","@id":"https:\/\/dev.xstyle.md\/product\/skladnaya-lozhka-vilka-pinguin-spork-steel\/#breadcrumb","itemListElement":[{"@type":"ListItem","position":1,"name":"\u0413\u043b\u0430\u0432\u043d\u0430\u044f \u0441\u0442\u0440\u0430\u043d\u0438\u0446\u0430","item":"https:\/\/dev.xstyle.md\/"},{"@type":"ListItem","position":2,"name":"Shop","item":"https:\/\/dev.xstyle.md\/shop\/"},{"@type":"ListItem","position":3,"name":"\u0421\u043a\u043b\u0430\u0434\u043d\u0430\u044f \u043b\u043e\u0436\u043a\u0430-\u0432\u0438\u043b\u043a\u0430 Pinguin Spork Steel"}]},{"@type":"WebSite","@id":"https:\/\/dev.xstyle.md\/#website","url":"https:\/\/dev.xstyle.md\/","name":"Magazinul X-Style","description":"Echipamente pentru turism \u0219i sporturi extreme \u00een Moldova. Pre\u021buri, fotografii, caracteristici \u00een Moldova.","publisher":{"@id":"https:\/\/dev.xstyle.md\/#organization"},"alternateName":"X-Style","potentialAction":[{"@type":"SearchAction","target":{"@type":"EntryPoint","urlTemplate":"https:\/\/dev.xstyle.md\/?s={search_term_string}"},"query-input":{"@type":"PropertyValueSpecification","valueRequired":true,"valueName":"search_term_string"}}],"inLanguage":"ro-RO"},{"@type":"Organization","@id":"https:\/\/dev.xstyle.md\/#organization","name":"Magazinul X-Style","alternateName":"x-style","url":"https:\/\/dev.xstyle.md\/","logo":{"@type":"ImageObject","inLanguage":"ro-RO","@id":"https:\/\/dev.xstyle.md\/#\/schema\/logo\/image\/","url":"https:\/\/dev.xstyle.md\/wp-content\/uploads\/2020\/06\/logoicon.svg","contentUrl":"https:\/\/dev.xstyle.md\/wp-content\/uploads\/2020\/06\/logoicon.svg","caption":"\u041c\u0430\u0433\u0430\u0437\u0438\u043d Xstyle"},"image":{"@id":"https:\/\/dev.xstyle.md\/#\/schema\/logo\/image\/"},"sameAs":["https:\/\/www.facebook.com\/xstylemd","https:\/\/www.instagram.com\/xstyle_md\/","https:\/\/t.me\/xstyle_outdoor"],"hasMerchantReturnPolicy":{"@type":"MerchantReturnPolicy","merchantReturnLink":"https:\/\/dev.xstyle.md\/ro\/conditions\/"}}]},"product_price_amount":"145.00","product_price_currency":"MDL","og_availability":"instock","product_availability":"instock","product_retailer_item_id":"8592638607000","product_condition":"new"},"post_mailing_queue_ids":[],"_links":{"self":[{"href":"https:\/\/dev.xstyle.md\/ro\/wp-json\/wp\/v2\/product\/105103","targetHints":{"allow":["GET"]}}],"collection":[{"href":"https:\/\/dev.xstyle.md\/ro\/wp-json\/wp\/v2\/product"}],"about":[{"href":"https:\/\/dev.xstyle.md\/ro\/wp-json\/wp\/v2\/types\/product"}],"replies":[{"embeddable":true,"href":"https:\/\/dev.xstyle.md\/ro\/wp-json\/wp\/v2\/comments?post=105103"}],"version-history":[{"count":1,"href":"https:\/\/dev.xstyle.md\/ro\/wp-json\/wp\/v2\/product\/105103\/revisions"}],"predecessor-version":[{"id":105527,"href":"https:\/\/dev.xstyle.md\/ro\/wp-json\/wp\/v2\/product\/105103\/revisions\/105527"}],"wp:featuredmedia":[{"embeddable":true,"href":"https:\/\/dev.xstyle.md\/ro\/wp-json\/wp\/v2\/media\/105525"}],"wp:attachment":[{"href":"https:\/\/dev.xstyle.md\/ro\/wp-json\/wp\/v2\/media?parent=105103"}],"wp:term":[{"taxonomy":"product_brand","embeddable":true,"href":"https:\/\/dev.xstyle.md\/ro\/wp-json\/wp\/v2\/product_brand?post=105103"},{"taxonomy":"product_cat","embeddable":true,"href":"https:\/\/dev.xstyle.md\/ro\/wp-json\/wp\/v2\/product_cat?post=105103"},{"taxonomy":"product_tag","embeddable":true,"href":"https:\/\/dev.xstyle.md\/ro\/wp-json\/wp\/v2\/product_tag?post=105103"}],"curies":[{"name":"wp","href":"https:\/\/api.w.org\/{rel}","templated":true}]}}